{"id":552,"date":"2017-04-19T10:16:13","date_gmt":"2017-04-19T08:16:13","guid":{"rendered":"http:\/\/laserins.fr\/?product=laser-de-canalisation-zeta-125"},"modified":"2020-11-18T15:39:05","modified_gmt":"2020-11-18T14:39:05","slug":"laser-de-canalisation-zeta-125","status":"publish","type":"product","link":"https:\/\/laserelectronique.com\/?product=laser-de-canalisation-zeta-125","title":{"rendered":"Laser de canalisation Zeta 125"},"content":{"rendered":"<p><b>Laser de canalisation Zeta 125<\/b><\/p>\n<p><strong>Gr\u00e2ce \u00e0 son laser de canalisation fin et int\u00e9gr\u00e9, le Zeta 125 est compatible avec des coudes serr\u00e9s et des trous d\u2019homme \u00e9troits. Il convient aux conduites d\u2019un diam\u00e8tre de 125 mm (5\u201d) et son faible encombrement s\u2019adapte au panel de situations le plus \u00e9tendu.<\/strong><\/p>\n<p><strong>Productivit\u00e9 optimale<\/strong><br \/>\n<strong>\u2022 Nivellement automatique rapide<\/strong><br \/>\n<strong>\u2022 Alignement automatique sur <\/strong><strong>la cible<\/strong><br \/>\n<strong>\u2022 Compensation d\u2019axe transversal<\/strong><\/p>\n<p><strong>Robustesse optimale<\/strong><br \/>\n<strong>\u2022 Protection IP68<\/strong><br \/>\n<strong>\u2022 Bo\u00eetier int\u00e9gralement <\/strong><strong>m\u00e9tallique<\/strong><br \/>\n<strong>\u2022 Construite pour durer<\/strong><\/p>\n<p><strong>Flexibilit\u00e9 maximale<\/strong><br \/>\n<strong>\u2022 Large gamme d\u2019accessoires<\/strong><br \/>\n<strong>\u2022 T\u00e9l\u00e9commande longue distance<\/strong><br \/>\n<strong>\u2022 Options de charge s\u00fbres et<\/strong><br \/>\n<strong>polyvalentes<\/strong><\/p>\n<h3><strong>Fiche Technique :<\/strong><\/h3>\n<ul>\n<li><a href=\"http:\/\/laserins.fr\/wp-content\/uploads\/2017\/04\/GeoMax-Zeta125.pdf\">GeoMax Zeta125<\/a><\/li>\n<\/ul>\n","protected":false},"excerpt":{"rendered":"<p>Laser de canalisation Zeta 125 Gr\u00e2ce \u00e0 son laser de canalisation fin et int\u00e9gr\u00e9, le Zeta 125 est compatible avec des coudes serr\u00e9s et des trous d\u2019homme \u00e9troits. Il convient&hellip;<\/p>\n","protected":false},"featured_media":1188,"comment_status":"closed","ping_status":"closed","template":"","meta":[],"product_cat":[33],"product_tag":[],"class_list":{"0":"post-552","1":"product","2":"type-product","3":"status-publish","4":"has-post-thumbnail","6":"product_cat-laser-de-canalisation","7":"","9":"first","10":"instock","11":"taxable","12":"shipping-taxable","13":"product-type-simple"},"yoast_head":"<!-- This site is optimized with the Yoast SEO plugin v24.7 - https:\/\/yoast.com\/wordpress\/plugins\/seo\/ -->\n<title>Laser de canalisation Zeta 125 - LASER ELECTRONIQUE TP<\/title>\n<meta name=\"robots\" content=\"index, follow, max-snippet:-1, max-image-preview:large, max-video-preview:-1\" \/>\n<link rel=\"canonical\" href=\"https:\/\/laserelectronique.com\/?product=laser-de-canalisation-zeta-125\" \/>\n<meta property=\"og:locale\" content=\"fr_FR\" \/>\n<meta property=\"og:type\" content=\"article\" \/>\n<meta property=\"og:title\" content=\"Laser de canalisation Zeta 125 - LASER ELECTRONIQUE TP\" \/>\n<meta property=\"og:description\" content=\"Laser de canalisation Zeta 125 Gr\u00e2ce \u00e0 son laser de canalisation fin et int\u00e9gr\u00e9, le Zeta 125 est compatible avec des coudes serr\u00e9s et des trous d\u2019homme \u00e9troits. Il convient&hellip;\" \/>\n<meta property=\"og:url\" content=\"https:\/\/laserelectronique.com\/?product=laser-de-canalisation-zeta-125\" \/>\n<meta property=\"og:site_name\" content=\"LASER ELECTRONIQUE TP\" \/>\n<meta property=\"article:modified_time\" content=\"2020-11-18T14:39:05+00:00\" \/>\n<meta property=\"og:image\" content=\"https:\/\/laserelectronique.com\/wp-content\/uploads\/2017\/12\/zeta125.jpg\" \/>\n\t<meta property=\"og:image:width\" content=\"225\" \/>\n\t<meta property=\"og:image:height\" content=\"225\" \/>\n\t<meta property=\"og:image:type\" content=\"image\/jpeg\" \/>\n<meta name=\"twitter:card\" content=\"summary_large_image\" \/>\n<meta name=\"twitter:label1\" content=\"Dur\u00e9e de lecture estim\u00e9e\" \/>\n\t<meta name=\"twitter:data1\" content=\"1 minute\" \/>\n<script type=\"application\/ld+json\" class=\"yoast-schema-graph\">{\"@context\":\"https:\/\/schema.org\",\"@graph\":[{\"@type\":\"WebPage\",\"@id\":\"https:\/\/laserelectronique.com\/?product=laser-de-canalisation-zeta-125\",\"url\":\"https:\/\/laserelectronique.com\/?product=laser-de-canalisation-zeta-125\",\"name\":\"Laser de canalisation Zeta 125 - LASER ELECTRONIQUE TP\",\"isPartOf\":{\"@id\":\"https:\/\/laserelectronique.com\/#website\"},\"primaryImageOfPage\":{\"@id\":\"https:\/\/laserelectronique.com\/?product=laser-de-canalisation-zeta-125#primaryimage\"},\"image\":{\"@id\":\"https:\/\/laserelectronique.com\/?product=laser-de-canalisation-zeta-125#primaryimage\"},\"thumbnailUrl\":\"https:\/\/laserelectronique.com\/wp-content\/uploads\/2017\/12\/zeta125.jpg\",\"datePublished\":\"2017-04-19T08:16:13+00:00\",\"dateModified\":\"2020-11-18T14:39:05+00:00\",\"breadcrumb\":{\"@id\":\"https:\/\/laserelectronique.com\/?product=laser-de-canalisation-zeta-125#breadcrumb\"},\"inLanguage\":\"fr-FR\",\"potentialAction\":[{\"@type\":\"ReadAction\",\"target\":[\"https:\/\/laserelectronique.com\/?product=laser-de-canalisation-zeta-125\"]}]},{\"@type\":\"ImageObject\",\"inLanguage\":\"fr-FR\",\"@id\":\"https:\/\/laserelectronique.com\/?product=laser-de-canalisation-zeta-125#primaryimage\",\"url\":\"https:\/\/laserelectronique.com\/wp-content\/uploads\/2017\/12\/zeta125.jpg\",\"contentUrl\":\"https:\/\/laserelectronique.com\/wp-content\/uploads\/2017\/12\/zeta125.jpg\",\"width\":225,\"height\":225},{\"@type\":\"BreadcrumbList\",\"@id\":\"https:\/\/laserelectronique.com\/?product=laser-de-canalisation-zeta-125#breadcrumb\",\"itemListElement\":[{\"@type\":\"ListItem\",\"position\":1,\"name\":\"Accueil\",\"item\":\"https:\/\/laserelectronique.com\/\"},{\"@type\":\"ListItem\",\"position\":2,\"name\":\"Boutique\",\"item\":\"https:\/\/laserelectronique.com\/?page_id=7\"},{\"@type\":\"ListItem\",\"position\":3,\"name\":\"Laser de canalisation Zeta 125\"}]},{\"@type\":\"WebSite\",\"@id\":\"https:\/\/laserelectronique.com\/#website\",\"url\":\"https:\/\/laserelectronique.com\/\",\"name\":\"LASER ELECTRONIQUE TP\",\"description\":\"VOTRE PARTENAIRE EN GUIDAGE D&#039;ENGINS, TOPOGRAPHIE ET SERVICES\",\"potentialAction\":[{\"@type\":\"SearchAction\",\"target\":{\"@type\":\"EntryPoint\",\"urlTemplate\":\"https:\/\/laserelectronique.com\/?s={search_term_string}\"},\"query-input\":{\"@type\":\"PropertyValueSpecification\",\"valueRequired\":true,\"valueName\":\"search_term_string\"}}],\"inLanguage\":\"fr-FR\"}]}<\/script>\n<!-- \/ Yoast SEO plugin. -->","yoast_head_json":{"title":"Laser de canalisation Zeta 125 - LASER ELECTRONIQUE TP","robots":{"index":"index","follow":"follow","max-snippet":"max-snippet:-1","max-image-preview":"max-image-preview:large","max-video-preview":"max-video-preview:-1"},"canonical":"https:\/\/laserelectronique.com\/?product=laser-de-canalisation-zeta-125","og_locale":"fr_FR","og_type":"article","og_title":"Laser de canalisation Zeta 125 - LASER ELECTRONIQUE TP","og_description":"Laser de canalisation Zeta 125 Gr\u00e2ce \u00e0 son laser de canalisation fin et int\u00e9gr\u00e9, le Zeta 125 est compatible avec des coudes serr\u00e9s et des trous d\u2019homme \u00e9troits. Il convient&hellip;","og_url":"https:\/\/laserelectronique.com\/?product=laser-de-canalisation-zeta-125","og_site_name":"LASER ELECTRONIQUE TP","article_modified_time":"2020-11-18T14:39:05+00:00","og_image":[{"width":225,"height":225,"url":"https:\/\/laserelectronique.com\/wp-content\/uploads\/2017\/12\/zeta125.jpg","type":"image\/jpeg"}],"twitter_card":"summary_large_image","twitter_misc":{"Dur\u00e9e de lecture estim\u00e9e":"1 minute"},"schema":{"@context":"https:\/\/schema.org","@graph":[{"@type":"WebPage","@id":"https:\/\/laserelectronique.com\/?product=laser-de-canalisation-zeta-125","url":"https:\/\/laserelectronique.com\/?product=laser-de-canalisation-zeta-125","name":"Laser de canalisation Zeta 125 - LASER ELECTRONIQUE TP","isPartOf":{"@id":"https:\/\/laserelectronique.com\/#website"},"primaryImageOfPage":{"@id":"https:\/\/laserelectronique.com\/?product=laser-de-canalisation-zeta-125#primaryimage"},"image":{"@id":"https:\/\/laserelectronique.com\/?product=laser-de-canalisation-zeta-125#primaryimage"},"thumbnailUrl":"https:\/\/laserelectronique.com\/wp-content\/uploads\/2017\/12\/zeta125.jpg","datePublished":"2017-04-19T08:16:13+00:00","dateModified":"2020-11-18T14:39:05+00:00","breadcrumb":{"@id":"https:\/\/laserelectronique.com\/?product=laser-de-canalisation-zeta-125#breadcrumb"},"inLanguage":"fr-FR","potentialAction":[{"@type":"ReadAction","target":["https:\/\/laserelectronique.com\/?product=laser-de-canalisation-zeta-125"]}]},{"@type":"ImageObject","inLanguage":"fr-FR","@id":"https:\/\/laserelectronique.com\/?product=laser-de-canalisation-zeta-125#primaryimage","url":"https:\/\/laserelectronique.com\/wp-content\/uploads\/2017\/12\/zeta125.jpg","contentUrl":"https:\/\/laserelectronique.com\/wp-content\/uploads\/2017\/12\/zeta125.jpg","width":225,"height":225},{"@type":"BreadcrumbList","@id":"https:\/\/laserelectronique.com\/?product=laser-de-canalisation-zeta-125#breadcrumb","itemListElement":[{"@type":"ListItem","position":1,"name":"Accueil","item":"https:\/\/laserelectronique.com\/"},{"@type":"ListItem","position":2,"name":"Boutique","item":"https:\/\/laserelectronique.com\/?page_id=7"},{"@type":"ListItem","position":3,"name":"Laser de canalisation Zeta 125"}]},{"@type":"WebSite","@id":"https:\/\/laserelectronique.com\/#website","url":"https:\/\/laserelectronique.com\/","name":"LASER ELECTRONIQUE TP","description":"VOTRE PARTENAIRE EN GUIDAGE D&#039;ENGINS, TOPOGRAPHIE ET SERVICES","potentialAction":[{"@type":"SearchAction","target":{"@type":"EntryPoint","urlTemplate":"https:\/\/laserelectronique.com\/?s={search_term_string}"},"query-input":{"@type":"PropertyValueSpecification","valueRequired":true,"valueName":"search_term_string"}}],"inLanguage":"fr-FR"}]}},"_links":{"self":[{"href":"https:\/\/laserelectronique.com\/index.php?rest_route=\/wp\/v2\/product\/552","targetHints":{"allow":["GET"]}}],"collection":[{"href":"https:\/\/laserelectronique.com\/index.php?rest_route=\/wp\/v2\/product"}],"about":[{"href":"https:\/\/laserelectronique.com\/index.php?rest_route=\/wp\/v2\/types\/product"}],"replies":[{"embeddable":true,"href":"https:\/\/laserelectronique.com\/index.php?rest_route=%2Fwp%2Fv2%2Fcomments&post=552"}],"wp:featuredmedia":[{"embeddable":true,"href":"https:\/\/laserelectronique.com\/index.php?rest_route=\/wp\/v2\/media\/1188"}],"wp:attachment":[{"href":"https:\/\/laserelectronique.com\/index.php?rest_route=%2Fwp%2Fv2%2Fmedia&parent=552"}],"wp:term":[{"taxonomy":"product_cat","embeddable":true,"href":"https:\/\/laserelectronique.com\/index.php?rest_route=%2Fwp%2Fv2%2Fproduct_cat&post=552"},{"taxonomy":"product_tag","embeddable":true,"href":"https:\/\/laserelectronique.com\/index.php?rest_route=%2Fwp%2Fv2%2Fproduct_tag&post=552"}],"curies":[{"name":"wp","href":"https:\/\/api.w.org\/{rel}","templated":true}]}}