{"id":546,"date":"2017-04-19T10:07:38","date_gmt":"2017-04-19T08:07:38","guid":{"rendered":"http:\/\/laserins.fr\/?product=laser-rotatif-a-pente-double"},"modified":"2021-01-01T16:27:09","modified_gmt":"2021-01-01T15:27:09","slug":"laser-rotatif-a-pente-double","status":"publish","type":"product","link":"https:\/\/laserelectronique.com\/?product=laser-rotatif-a-pente-double","title":{"rendered":"Laser Double Pente Geomax Zone80DG"},"content":{"rendered":"<div class=\"text-group info-content\">\n<h3><strong>La gamme de lasers rotatifs GeoMax Zone <\/strong><\/h3>\n<p><strong>ultraperformante regroupe les bons outils de construction adapt\u00e9s \u00e0 tous les m\u00e9tiers et \u00e0 toutes les applications. Que vous d\u00e9butiez dans l\u2019industrie avec les principes de base ou que vous soyez un professionnel chevronn\u00e9 dans les applications complexes, les lasers rotatifs GeoMax sont efficaces quand il faut.<\/strong><\/p>\n<p><strong>Choisissez le laser adapt\u00e9 \u00e0 vos besoins de nivellement ou d\u2019alignement parmi la gamme de lasers rotatifs la plus performante du march\u00e9.<\/strong><\/p>\n<p><strong>Robustes et fiables dans n\u2019importe quel \u00e9l\u00e9ment, ces lasers assurent une longue dur\u00e9e de vie gr\u00e2ce \u00e0 de multiples options de chargement et offrent des accessoires interchangeables.<\/strong><\/p>\n<p><strong>Le Zone80\u00a0DG est le laser rotatif de choix lorsqu\u2019il s\u2019agit de t\u00e2ches de nivellement des sols &#8211; non seulement dans la construction, mais aussi dans l\u2019agriculture. Il est essentiel pour les applications \u00e0 longue distance ainsi que pour le guidage d\u2019engins, car il fonctionne \u00e0 diff\u00e9rentes vitesses de t\u00eate, y compris 20\u00a0rps (rotation par seconde). La Zone80 DG fournit cette vitesse de rotation permettant une lecture sans d\u00e9faut des valeurs par le r\u00e9cepteur qui est mont\u00e9 sur la machine. La meilleure chose \u2013 le laser rotatif offre toutes ces fonctionnalit\u00e9s \u00e0 un co\u00fbt abordable.<\/strong><\/p>\n<\/div>\n<div class=\"row equal-height\">\n<div class=\"col-lg-6 equal-height-inner\">\n<div class=\"inner-container no-border\">\n<div class=\"caption baseFont\">\n<div class=\"text\">\n<h3>Capture et surveillance du faisceau<\/h3>\n<p><strong>En utilisant le r\u00e9cepteur\u00a0ZRD105B, on peut incliner le faisceau laser \u00e0 la pente souhait\u00e9e gr\u00e2ce \u00e0 sa fonctionnalit\u00e9 de capture de faisceau. Gr\u00e2ce \u00e0 la fonction de verrouillage du faisceau, votre laser est surveill\u00e9 et vous avertit d\u00e8s qu\u2019il a \u00e9t\u00e9 d\u00e9plac\u00e9.<\/strong><\/p>\n<\/div>\n<\/div>\n<\/div>\n<\/div>\n<div class=\"col-lg-6 equal-height-inner\">\n<div class=\"inner-container no-border\">\n<div class=\"caption baseFont\">\n<div class=\"text\">\n<h3>Enti\u00e8rement automatique dans les deux axes<\/h3>\n<p><strong>Le laser rotatif fonctionne de mani\u00e8re enti\u00e8rement automatique et vous permet d\u2019effectuer vos travaux de nivellement facilement et avec pr\u00e9cision. Pour une utilisation optimale du sol, le Zone80\u00a0DG fournit des r\u00e9f\u00e9rences pour les plans horizontaux ainsi que pour les pentes dans les deux axes jusqu\u2019\u00e0 15\u00a0%<\/strong>.<\/p>\n<\/div>\n<\/div>\n<\/div>\n<\/div>\n<\/div>\n<div><\/div>\n<p><a href=\"https:\/\/geomax-positioning.com\/-\/media\/files\/geomax\/downloads\/products\/laser%20rotators\/zone%20series\/geomax%20laser%20rotators%20bro%20843968%200119_2%20fr%20lr.ashx?la=fr-fr&amp;hash=07E85A7A2412D6C549DD95211FB27591\">VISUALISEZ LA GAMME LASER GEOMAX<\/a><\/p>\n","protected":false},"excerpt":{"rendered":"<p>&nbsp;<\/p>\n<p>&nbsp;<\/p>\n<p>&nbsp;<\/p>\n","protected":false},"featured_media":3303,"comment_status":"closed","ping_status":"closed","template":"","meta":[],"product_cat":[31,32,25],"product_tag":[],"class_list":{"0":"post-546","1":"product","2":"type-product","3":"status-publish","4":"has-post-thumbnail","6":"product_cat-lasers","7":"product_cat-lasers-rotatifs","8":"product_cat-topographie","9":"","11":"first","12":"instock","13":"taxable","14":"shipping-taxable","15":"product-type-simple"},"yoast_head":"<!-- This site is optimized with the Yoast SEO plugin v24.7 - https:\/\/yoast.com\/wordpress\/plugins\/seo\/ -->\n<title>Laser Double Pente Geomax Zone80DG - LASER ELECTRONIQUE TP<\/title>\n<meta name=\"robots\" content=\"index, follow, max-snippet:-1, max-image-preview:large, max-video-preview:-1\" \/>\n<link rel=\"canonical\" href=\"https:\/\/laserelectronique.com\/?product=laser-rotatif-a-pente-double\" \/>\n<meta property=\"og:locale\" content=\"fr_FR\" \/>\n<meta property=\"og:type\" content=\"article\" \/>\n<meta property=\"og:title\" content=\"Laser Double Pente Geomax Zone80DG - LASER ELECTRONIQUE TP\" \/>\n<meta property=\"og:description\" content=\"&nbsp;  &nbsp;  &nbsp;\" \/>\n<meta property=\"og:url\" content=\"https:\/\/laserelectronique.com\/?product=laser-rotatif-a-pente-double\" \/>\n<meta property=\"og:site_name\" content=\"LASER ELECTRONIQUE TP\" \/>\n<meta property=\"article:modified_time\" content=\"2021-01-01T15:27:09+00:00\" \/>\n<meta property=\"og:image\" content=\"https:\/\/laserelectronique.com\/wp-content\/uploads\/2017\/04\/geomax-zone-80dg.png\" \/>\n\t<meta property=\"og:image:width\" content=\"1200\" \/>\n\t<meta property=\"og:image:height\" content=\"1200\" \/>\n\t<meta property=\"og:image:type\" content=\"image\/png\" \/>\n<meta name=\"twitter:card\" content=\"summary_large_image\" \/>\n<meta name=\"twitter:label1\" content=\"Dur\u00e9e de lecture estim\u00e9e\" \/>\n\t<meta name=\"twitter:data1\" content=\"2 minutes\" \/>\n<script type=\"application\/ld+json\" class=\"yoast-schema-graph\">{\"@context\":\"https:\/\/schema.org\",\"@graph\":[{\"@type\":\"WebPage\",\"@id\":\"https:\/\/laserelectronique.com\/?product=laser-rotatif-a-pente-double\",\"url\":\"https:\/\/laserelectronique.com\/?product=laser-rotatif-a-pente-double\",\"name\":\"Laser Double Pente Geomax Zone80DG - LASER ELECTRONIQUE TP\",\"isPartOf\":{\"@id\":\"https:\/\/laserelectronique.com\/#website\"},\"primaryImageOfPage\":{\"@id\":\"https:\/\/laserelectronique.com\/?product=laser-rotatif-a-pente-double#primaryimage\"},\"image\":{\"@id\":\"https:\/\/laserelectronique.com\/?product=laser-rotatif-a-pente-double#primaryimage\"},\"thumbnailUrl\":\"https:\/\/laserelectronique.com\/wp-content\/uploads\/2017\/04\/geomax-zone-80dg.png\",\"datePublished\":\"2017-04-19T08:07:38+00:00\",\"dateModified\":\"2021-01-01T15:27:09+00:00\",\"breadcrumb\":{\"@id\":\"https:\/\/laserelectronique.com\/?product=laser-rotatif-a-pente-double#breadcrumb\"},\"inLanguage\":\"fr-FR\",\"potentialAction\":[{\"@type\":\"ReadAction\",\"target\":[\"https:\/\/laserelectronique.com\/?product=laser-rotatif-a-pente-double\"]}]},{\"@type\":\"ImageObject\",\"inLanguage\":\"fr-FR\",\"@id\":\"https:\/\/laserelectronique.com\/?product=laser-rotatif-a-pente-double#primaryimage\",\"url\":\"https:\/\/laserelectronique.com\/wp-content\/uploads\/2017\/04\/geomax-zone-80dg.png\",\"contentUrl\":\"https:\/\/laserelectronique.com\/wp-content\/uploads\/2017\/04\/geomax-zone-80dg.png\",\"width\":1200,\"height\":1200},{\"@type\":\"BreadcrumbList\",\"@id\":\"https:\/\/laserelectronique.com\/?product=laser-rotatif-a-pente-double#breadcrumb\",\"itemListElement\":[{\"@type\":\"ListItem\",\"position\":1,\"name\":\"Accueil\",\"item\":\"https:\/\/laserelectronique.com\/\"},{\"@type\":\"ListItem\",\"position\":2,\"name\":\"Boutique\",\"item\":\"https:\/\/laserelectronique.com\/?page_id=7\"},{\"@type\":\"ListItem\",\"position\":3,\"name\":\"Laser Double Pente Geomax Zone80DG\"}]},{\"@type\":\"WebSite\",\"@id\":\"https:\/\/laserelectronique.com\/#website\",\"url\":\"https:\/\/laserelectronique.com\/\",\"name\":\"LASER ELECTRONIQUE TP\",\"description\":\"VOTRE PARTENAIRE EN GUIDAGE D&#039;ENGINS, TOPOGRAPHIE ET SERVICES\",\"potentialAction\":[{\"@type\":\"SearchAction\",\"target\":{\"@type\":\"EntryPoint\",\"urlTemplate\":\"https:\/\/laserelectronique.com\/?s={search_term_string}\"},\"query-input\":{\"@type\":\"PropertyValueSpecification\",\"valueRequired\":true,\"valueName\":\"search_term_string\"}}],\"inLanguage\":\"fr-FR\"}]}<\/script>\n<!-- \/ Yoast SEO plugin. -->","yoast_head_json":{"title":"Laser Double Pente Geomax Zone80DG - LASER ELECTRONIQUE TP","robots":{"index":"index","follow":"follow","max-snippet":"max-snippet:-1","max-image-preview":"max-image-preview:large","max-video-preview":"max-video-preview:-1"},"canonical":"https:\/\/laserelectronique.com\/?product=laser-rotatif-a-pente-double","og_locale":"fr_FR","og_type":"article","og_title":"Laser Double Pente Geomax Zone80DG - LASER ELECTRONIQUE TP","og_description":"&nbsp;  &nbsp;  &nbsp;","og_url":"https:\/\/laserelectronique.com\/?product=laser-rotatif-a-pente-double","og_site_name":"LASER ELECTRONIQUE TP","article_modified_time":"2021-01-01T15:27:09+00:00","og_image":[{"width":1200,"height":1200,"url":"https:\/\/laserelectronique.com\/wp-content\/uploads\/2017\/04\/geomax-zone-80dg.png","type":"image\/png"}],"twitter_card":"summary_large_image","twitter_misc":{"Dur\u00e9e de lecture estim\u00e9e":"2 minutes"},"schema":{"@context":"https:\/\/schema.org","@graph":[{"@type":"WebPage","@id":"https:\/\/laserelectronique.com\/?product=laser-rotatif-a-pente-double","url":"https:\/\/laserelectronique.com\/?product=laser-rotatif-a-pente-double","name":"Laser Double Pente Geomax Zone80DG - LASER ELECTRONIQUE TP","isPartOf":{"@id":"https:\/\/laserelectronique.com\/#website"},"primaryImageOfPage":{"@id":"https:\/\/laserelectronique.com\/?product=laser-rotatif-a-pente-double#primaryimage"},"image":{"@id":"https:\/\/laserelectronique.com\/?product=laser-rotatif-a-pente-double#primaryimage"},"thumbnailUrl":"https:\/\/laserelectronique.com\/wp-content\/uploads\/2017\/04\/geomax-zone-80dg.png","datePublished":"2017-04-19T08:07:38+00:00","dateModified":"2021-01-01T15:27:09+00:00","breadcrumb":{"@id":"https:\/\/laserelectronique.com\/?product=laser-rotatif-a-pente-double#breadcrumb"},"inLanguage":"fr-FR","potentialAction":[{"@type":"ReadAction","target":["https:\/\/laserelectronique.com\/?product=laser-rotatif-a-pente-double"]}]},{"@type":"ImageObject","inLanguage":"fr-FR","@id":"https:\/\/laserelectronique.com\/?product=laser-rotatif-a-pente-double#primaryimage","url":"https:\/\/laserelectronique.com\/wp-content\/uploads\/2017\/04\/geomax-zone-80dg.png","contentUrl":"https:\/\/laserelectronique.com\/wp-content\/uploads\/2017\/04\/geomax-zone-80dg.png","width":1200,"height":1200},{"@type":"BreadcrumbList","@id":"https:\/\/laserelectronique.com\/?product=laser-rotatif-a-pente-double#breadcrumb","itemListElement":[{"@type":"ListItem","position":1,"name":"Accueil","item":"https:\/\/laserelectronique.com\/"},{"@type":"ListItem","position":2,"name":"Boutique","item":"https:\/\/laserelectronique.com\/?page_id=7"},{"@type":"ListItem","position":3,"name":"Laser Double Pente Geomax Zone80DG"}]},{"@type":"WebSite","@id":"https:\/\/laserelectronique.com\/#website","url":"https:\/\/laserelectronique.com\/","name":"LASER ELECTRONIQUE TP","description":"VOTRE PARTENAIRE EN GUIDAGE D&#039;ENGINS, TOPOGRAPHIE ET SERVICES","potentialAction":[{"@type":"SearchAction","target":{"@type":"EntryPoint","urlTemplate":"https:\/\/laserelectronique.com\/?s={search_term_string}"},"query-input":{"@type":"PropertyValueSpecification","valueRequired":true,"valueName":"search_term_string"}}],"inLanguage":"fr-FR"}]}},"_links":{"self":[{"href":"https:\/\/laserelectronique.com\/index.php?rest_route=\/wp\/v2\/product\/546","targetHints":{"allow":["GET"]}}],"collection":[{"href":"https:\/\/laserelectronique.com\/index.php?rest_route=\/wp\/v2\/product"}],"about":[{"href":"https:\/\/laserelectronique.com\/index.php?rest_route=\/wp\/v2\/types\/product"}],"replies":[{"embeddable":true,"href":"https:\/\/laserelectronique.com\/index.php?rest_route=%2Fwp%2Fv2%2Fcomments&post=546"}],"wp:featuredmedia":[{"embeddable":true,"href":"https:\/\/laserelectronique.com\/index.php?rest_route=\/wp\/v2\/media\/3303"}],"wp:attachment":[{"href":"https:\/\/laserelectronique.com\/index.php?rest_route=%2Fwp%2Fv2%2Fmedia&parent=546"}],"wp:term":[{"taxonomy":"product_cat","embeddable":true,"href":"https:\/\/laserelectronique.com\/index.php?rest_route=%2Fwp%2Fv2%2Fproduct_cat&post=546"},{"taxonomy":"product_tag","embeddable":true,"href":"https:\/\/laserelectronique.com\/index.php?rest_route=%2Fwp%2Fv2%2Fproduct_tag&post=546"}],"curies":[{"name":"wp","href":"https:\/\/api.w.org\/{rel}","templated":true}]}}