{"id":542,"date":"2017-04-18T17:55:16","date_gmt":"2017-04-18T15:55:16","guid":{"rendered":"http:\/\/laserins.fr\/?product=theodolite-zipp-02"},"modified":"2020-11-18T15:39:06","modified_gmt":"2020-11-18T14:39:06","slug":"theodolite-zipp-02","status":"publish","type":"product","link":"https:\/\/laserelectronique.com\/?product=theodolite-zipp-02","title":{"rendered":"Th\u00e9odolite Zipp 02"},"content":{"rendered":"<p><b>Th\u00e9odolite Zipp 02<\/b><\/p>\n<p><strong>Avec sa compensation verticale et sa pr\u00e9cision de 2\u201d, le Zipp02 vous fournit la pr\u00e9cision requise pour la plupart des t\u00e2ches exigeantes, et ce, pour un prix abordable, sans complexit\u00e9 superflue. Les diff\u00e9rents modes d&rsquo;affichage, la fonction de blocage et de d\u00e9finition du z\u00e9ro pour l&rsquo;angle horizontal, diverses unit\u00e9s de mesure, la fonction de mesure de distance simple via les traits stadim\u00e9triques rendent l&#8217;emploi facile, avec seulement 6 boutons.<\/strong><\/p>\n<p><strong>Le plomb laser visible permet d&rsquo;atteindre un nouveau sommet de rapidit\u00e9 et de convivialit\u00e9 dans la mise en station au-dessus d&rsquo;un point. Le Zipp02 est l&rsquo;outil id\u00e9al pour tous les travaux exigeant un contr\u00f4le d&rsquo;angles, d&rsquo;alignements, de travaux en pente et de nivellements sur de courtes distances.<\/strong><\/p>\n<p>&nbsp;<\/p>\n<p><strong>Fiche Technique :<\/strong><\/p>\n<ul>\n<li><a href=\"http:\/\/laserins.fr\/wp-content\/uploads\/2017\/04\/GeoMax-Zipp02.pdf\">GeoMax Zipp02<\/a><\/li>\n<\/ul>\n","protected":false},"excerpt":{"rendered":"<p>Th\u00e9odolite Zipp 02 Avec sa compensation verticale et sa pr\u00e9cision de 2\u201d, le Zipp02 vous fournit la pr\u00e9cision requise pour la plupart des t\u00e2ches exigeantes, et ce, pour un prix&hellip;<\/p>\n","protected":false},"featured_media":1191,"comment_status":"closed","ping_status":"closed","template":"","meta":[],"product_cat":[30],"product_tag":[],"class_list":{"0":"post-542","1":"product","2":"type-product","3":"status-publish","4":"has-post-thumbnail","6":"product_cat-theodolites-niveaux","7":"","9":"first","10":"instock","11":"taxable","12":"shipping-taxable","13":"product-type-simple"},"yoast_head":"<!-- This site is optimized with the Yoast SEO plugin v24.7 - https:\/\/yoast.com\/wordpress\/plugins\/seo\/ -->\n<title>Th\u00e9odolite Zipp 02 - LASER ELECTRONIQUE TP<\/title>\n<meta name=\"robots\" content=\"index, follow, max-snippet:-1, max-image-preview:large, max-video-preview:-1\" \/>\n<link rel=\"canonical\" href=\"https:\/\/laserelectronique.com\/?product=theodolite-zipp-02\" \/>\n<meta property=\"og:locale\" content=\"fr_FR\" \/>\n<meta property=\"og:type\" content=\"article\" \/>\n<meta property=\"og:title\" content=\"Th\u00e9odolite Zipp 02 - LASER ELECTRONIQUE TP\" \/>\n<meta property=\"og:description\" content=\"Th\u00e9odolite Zipp 02 Avec sa compensation verticale et sa pr\u00e9cision de 2\u201d, le Zipp02 vous fournit la pr\u00e9cision requise pour la plupart des t\u00e2ches exigeantes, et ce, pour un prix&hellip;\" \/>\n<meta property=\"og:url\" content=\"https:\/\/laserelectronique.com\/?product=theodolite-zipp-02\" \/>\n<meta property=\"og:site_name\" content=\"LASER ELECTRONIQUE TP\" \/>\n<meta property=\"article:modified_time\" content=\"2020-11-18T14:39:06+00:00\" \/>\n<meta property=\"og:image\" content=\"https:\/\/laserelectronique.com\/wp-content\/uploads\/2017\/12\/zipp02theodolite.jpg\" \/>\n\t<meta property=\"og:image:width\" content=\"240\" \/>\n\t<meta property=\"og:image:height\" content=\"240\" \/>\n\t<meta property=\"og:image:type\" content=\"image\/jpeg\" \/>\n<meta name=\"twitter:card\" content=\"summary_large_image\" \/>\n<meta name=\"twitter:label1\" content=\"Dur\u00e9e de lecture estim\u00e9e\" \/>\n\t<meta name=\"twitter:data1\" content=\"1 minute\" \/>\n<script type=\"application\/ld+json\" class=\"yoast-schema-graph\">{\"@context\":\"https:\/\/schema.org\",\"@graph\":[{\"@type\":\"WebPage\",\"@id\":\"https:\/\/laserelectronique.com\/?product=theodolite-zipp-02\",\"url\":\"https:\/\/laserelectronique.com\/?product=theodolite-zipp-02\",\"name\":\"Th\u00e9odolite Zipp 02 - LASER ELECTRONIQUE TP\",\"isPartOf\":{\"@id\":\"https:\/\/laserelectronique.com\/#website\"},\"primaryImageOfPage\":{\"@id\":\"https:\/\/laserelectronique.com\/?product=theodolite-zipp-02#primaryimage\"},\"image\":{\"@id\":\"https:\/\/laserelectronique.com\/?product=theodolite-zipp-02#primaryimage\"},\"thumbnailUrl\":\"https:\/\/laserelectronique.com\/wp-content\/uploads\/2017\/12\/zipp02theodolite.jpg\",\"datePublished\":\"2017-04-18T15:55:16+00:00\",\"dateModified\":\"2020-11-18T14:39:06+00:00\",\"breadcrumb\":{\"@id\":\"https:\/\/laserelectronique.com\/?product=theodolite-zipp-02#breadcrumb\"},\"inLanguage\":\"fr-FR\",\"potentialAction\":[{\"@type\":\"ReadAction\",\"target\":[\"https:\/\/laserelectronique.com\/?product=theodolite-zipp-02\"]}]},{\"@type\":\"ImageObject\",\"inLanguage\":\"fr-FR\",\"@id\":\"https:\/\/laserelectronique.com\/?product=theodolite-zipp-02#primaryimage\",\"url\":\"https:\/\/laserelectronique.com\/wp-content\/uploads\/2017\/12\/zipp02theodolite.jpg\",\"contentUrl\":\"https:\/\/laserelectronique.com\/wp-content\/uploads\/2017\/12\/zipp02theodolite.jpg\",\"width\":240,\"height\":240},{\"@type\":\"BreadcrumbList\",\"@id\":\"https:\/\/laserelectronique.com\/?product=theodolite-zipp-02#breadcrumb\",\"itemListElement\":[{\"@type\":\"ListItem\",\"position\":1,\"name\":\"Accueil\",\"item\":\"https:\/\/laserelectronique.com\/\"},{\"@type\":\"ListItem\",\"position\":2,\"name\":\"Boutique\",\"item\":\"https:\/\/laserelectronique.com\/?page_id=7\"},{\"@type\":\"ListItem\",\"position\":3,\"name\":\"Th\u00e9odolite Zipp 02\"}]},{\"@type\":\"WebSite\",\"@id\":\"https:\/\/laserelectronique.com\/#website\",\"url\":\"https:\/\/laserelectronique.com\/\",\"name\":\"LASER ELECTRONIQUE TP\",\"description\":\"VOTRE PARTENAIRE EN GUIDAGE D&#039;ENGINS, TOPOGRAPHIE ET SERVICES\",\"potentialAction\":[{\"@type\":\"SearchAction\",\"target\":{\"@type\":\"EntryPoint\",\"urlTemplate\":\"https:\/\/laserelectronique.com\/?s={search_term_string}\"},\"query-input\":{\"@type\":\"PropertyValueSpecification\",\"valueRequired\":true,\"valueName\":\"search_term_string\"}}],\"inLanguage\":\"fr-FR\"}]}<\/script>\n<!-- \/ Yoast SEO plugin. -->","yoast_head_json":{"title":"Th\u00e9odolite Zipp 02 - LASER ELECTRONIQUE TP","robots":{"index":"index","follow":"follow","max-snippet":"max-snippet:-1","max-image-preview":"max-image-preview:large","max-video-preview":"max-video-preview:-1"},"canonical":"https:\/\/laserelectronique.com\/?product=theodolite-zipp-02","og_locale":"fr_FR","og_type":"article","og_title":"Th\u00e9odolite Zipp 02 - LASER ELECTRONIQUE TP","og_description":"Th\u00e9odolite Zipp 02 Avec sa compensation verticale et sa pr\u00e9cision de 2\u201d, le Zipp02 vous fournit la pr\u00e9cision requise pour la plupart des t\u00e2ches exigeantes, et ce, pour un prix&hellip;","og_url":"https:\/\/laserelectronique.com\/?product=theodolite-zipp-02","og_site_name":"LASER ELECTRONIQUE TP","article_modified_time":"2020-11-18T14:39:06+00:00","og_image":[{"width":240,"height":240,"url":"https:\/\/laserelectronique.com\/wp-content\/uploads\/2017\/12\/zipp02theodolite.jpg","type":"image\/jpeg"}],"twitter_card":"summary_large_image","twitter_misc":{"Dur\u00e9e de lecture estim\u00e9e":"1 minute"},"schema":{"@context":"https:\/\/schema.org","@graph":[{"@type":"WebPage","@id":"https:\/\/laserelectronique.com\/?product=theodolite-zipp-02","url":"https:\/\/laserelectronique.com\/?product=theodolite-zipp-02","name":"Th\u00e9odolite Zipp 02 - LASER ELECTRONIQUE TP","isPartOf":{"@id":"https:\/\/laserelectronique.com\/#website"},"primaryImageOfPage":{"@id":"https:\/\/laserelectronique.com\/?product=theodolite-zipp-02#primaryimage"},"image":{"@id":"https:\/\/laserelectronique.com\/?product=theodolite-zipp-02#primaryimage"},"thumbnailUrl":"https:\/\/laserelectronique.com\/wp-content\/uploads\/2017\/12\/zipp02theodolite.jpg","datePublished":"2017-04-18T15:55:16+00:00","dateModified":"2020-11-18T14:39:06+00:00","breadcrumb":{"@id":"https:\/\/laserelectronique.com\/?product=theodolite-zipp-02#breadcrumb"},"inLanguage":"fr-FR","potentialAction":[{"@type":"ReadAction","target":["https:\/\/laserelectronique.com\/?product=theodolite-zipp-02"]}]},{"@type":"ImageObject","inLanguage":"fr-FR","@id":"https:\/\/laserelectronique.com\/?product=theodolite-zipp-02#primaryimage","url":"https:\/\/laserelectronique.com\/wp-content\/uploads\/2017\/12\/zipp02theodolite.jpg","contentUrl":"https:\/\/laserelectronique.com\/wp-content\/uploads\/2017\/12\/zipp02theodolite.jpg","width":240,"height":240},{"@type":"BreadcrumbList","@id":"https:\/\/laserelectronique.com\/?product=theodolite-zipp-02#breadcrumb","itemListElement":[{"@type":"ListItem","position":1,"name":"Accueil","item":"https:\/\/laserelectronique.com\/"},{"@type":"ListItem","position":2,"name":"Boutique","item":"https:\/\/laserelectronique.com\/?page_id=7"},{"@type":"ListItem","position":3,"name":"Th\u00e9odolite Zipp 02"}]},{"@type":"WebSite","@id":"https:\/\/laserelectronique.com\/#website","url":"https:\/\/laserelectronique.com\/","name":"LASER ELECTRONIQUE TP","description":"VOTRE PARTENAIRE EN GUIDAGE D&#039;ENGINS, TOPOGRAPHIE ET SERVICES","potentialAction":[{"@type":"SearchAction","target":{"@type":"EntryPoint","urlTemplate":"https:\/\/laserelectronique.com\/?s={search_term_string}"},"query-input":{"@type":"PropertyValueSpecification","valueRequired":true,"valueName":"search_term_string"}}],"inLanguage":"fr-FR"}]}},"_links":{"self":[{"href":"https:\/\/laserelectronique.com\/index.php?rest_route=\/wp\/v2\/product\/542","targetHints":{"allow":["GET"]}}],"collection":[{"href":"https:\/\/laserelectronique.com\/index.php?rest_route=\/wp\/v2\/product"}],"about":[{"href":"https:\/\/laserelectronique.com\/index.php?rest_route=\/wp\/v2\/types\/product"}],"replies":[{"embeddable":true,"href":"https:\/\/laserelectronique.com\/index.php?rest_route=%2Fwp%2Fv2%2Fcomments&post=542"}],"wp:featuredmedia":[{"embeddable":true,"href":"https:\/\/laserelectronique.com\/index.php?rest_route=\/wp\/v2\/media\/1191"}],"wp:attachment":[{"href":"https:\/\/laserelectronique.com\/index.php?rest_route=%2Fwp%2Fv2%2Fmedia&parent=542"}],"wp:term":[{"taxonomy":"product_cat","embeddable":true,"href":"https:\/\/laserelectronique.com\/index.php?rest_route=%2Fwp%2Fv2%2Fproduct_cat&post=542"},{"taxonomy":"product_tag","embeddable":true,"href":"https:\/\/laserelectronique.com\/index.php?rest_route=%2Fwp%2Fv2%2Fproduct_tag&post=542"}],"curies":[{"name":"wp","href":"https:\/\/api.w.org\/{rel}","templated":true}]}}