{"id":540,"date":"2017-04-18T17:27:36","date_gmt":"2017-04-18T15:27:36","guid":{"rendered":"http:\/\/laserins.fr\/?product=tablette-fz-m1-fz-b2"},"modified":"2020-11-18T15:39:06","modified_gmt":"2020-11-18T14:39:06","slug":"tablette-fz-m1-fz-b2","status":"publish","type":"product","link":"https:\/\/laserelectronique.com\/?product=tablette-fz-m1-fz-b2","title":{"rendered":"Tablette FZ-M1 \/ FZ-B2"},"content":{"rendered":"<p><b>Tablette FZ-M1 et FZ-B2<\/b><\/p>\n<p><strong>Une tablette sp\u00e9cifiquement con\u00e7ue pour les professionnels de terrain, enti\u00e8rement robuste pour pouvoir supporter les conditions m\u00e9t\u00e9orologiques les plus s\u00e9v\u00e8res, et \u00e9quip\u00e9e d&rsquo;un puissant processeur, de WindowsTM 8.1 et de Bluetooth\u00ae. La tablette FZ-M1 boostera vos performances, quels que soient vos d\u00e9fis.<\/strong><\/p>\n<p>&nbsp;<\/p>\n<p><strong>Fiche Technique :<\/strong><\/p>\n<ul>\n<li><a href=\"http:\/\/laserins.fr\/wp-content\/uploads\/2017\/04\/GeoMax-FZ-M1.pdf\">GeoMax FZ-M1<\/a><\/li>\n<\/ul>\n","protected":false},"excerpt":{"rendered":"<p>Tablette FZ-M1 et FZ-B2 Une tablette sp\u00e9cifiquement con\u00e7ue pour les professionnels de terrain, enti\u00e8rement robuste pour pouvoir supporter les conditions m\u00e9t\u00e9orologiques les plus s\u00e9v\u00e8res, et \u00e9quip\u00e9e d&rsquo;un puissant processeur, de&hellip;<\/p>\n","protected":false},"featured_media":1911,"comment_status":"closed","ping_status":"closed","template":"","meta":[],"product_cat":[29,27],"product_tag":[],"class_list":{"0":"post-540","1":"product","2":"type-product","3":"status-publish","4":"has-post-thumbnail","6":"product_cat-recepteurs-gnss","7":"product_cat-stations-totales-automatiques","8":"","10":"first","11":"instock","12":"taxable","13":"shipping-taxable","14":"product-type-simple"},"yoast_head":"<!-- This site is optimized with the Yoast SEO plugin v24.7 - https:\/\/yoast.com\/wordpress\/plugins\/seo\/ -->\n<title>Tablette FZ-M1 \/ FZ-B2 - LASER ELECTRONIQUE TP<\/title>\n<meta name=\"robots\" content=\"index, follow, max-snippet:-1, max-image-preview:large, max-video-preview:-1\" \/>\n<link rel=\"canonical\" href=\"https:\/\/laserelectronique.com\/?product=tablette-fz-m1-fz-b2\" \/>\n<meta property=\"og:locale\" content=\"fr_FR\" \/>\n<meta property=\"og:type\" content=\"article\" \/>\n<meta property=\"og:title\" content=\"Tablette FZ-M1 \/ FZ-B2 - LASER ELECTRONIQUE TP\" \/>\n<meta property=\"og:description\" content=\"Tablette FZ-M1 et FZ-B2 Une tablette sp\u00e9cifiquement con\u00e7ue pour les professionnels de terrain, enti\u00e8rement robuste pour pouvoir supporter les conditions m\u00e9t\u00e9orologiques les plus s\u00e9v\u00e8res, et \u00e9quip\u00e9e d&rsquo;un puissant processeur, de&hellip;\" \/>\n<meta property=\"og:url\" content=\"https:\/\/laserelectronique.com\/?product=tablette-fz-m1-fz-b2\" \/>\n<meta property=\"og:site_name\" content=\"LASER ELECTRONIQUE TP\" \/>\n<meta property=\"article:modified_time\" content=\"2020-11-18T14:39:06+00:00\" \/>\n<meta property=\"og:image\" content=\"https:\/\/laserelectronique.com\/wp-content\/uploads\/2018\/02\/geomax-fz-b2.png\" \/>\n\t<meta property=\"og:image:width\" content=\"605\" \/>\n\t<meta property=\"og:image:height\" content=\"605\" \/>\n\t<meta property=\"og:image:type\" content=\"image\/png\" \/>\n<meta name=\"twitter:card\" content=\"summary_large_image\" \/>\n<script type=\"application\/ld+json\" class=\"yoast-schema-graph\">{\"@context\":\"https:\/\/schema.org\",\"@graph\":[{\"@type\":\"WebPage\",\"@id\":\"https:\/\/laserelectronique.com\/?product=tablette-fz-m1-fz-b2\",\"url\":\"https:\/\/laserelectronique.com\/?product=tablette-fz-m1-fz-b2\",\"name\":\"Tablette FZ-M1 \/ FZ-B2 - LASER ELECTRONIQUE TP\",\"isPartOf\":{\"@id\":\"https:\/\/laserelectronique.com\/#website\"},\"primaryImageOfPage\":{\"@id\":\"https:\/\/laserelectronique.com\/?product=tablette-fz-m1-fz-b2#primaryimage\"},\"image\":{\"@id\":\"https:\/\/laserelectronique.com\/?product=tablette-fz-m1-fz-b2#primaryimage\"},\"thumbnailUrl\":\"https:\/\/laserelectronique.com\/wp-content\/uploads\/2018\/02\/geomax-fz-b2.png\",\"datePublished\":\"2017-04-18T15:27:36+00:00\",\"dateModified\":\"2020-11-18T14:39:06+00:00\",\"breadcrumb\":{\"@id\":\"https:\/\/laserelectronique.com\/?product=tablette-fz-m1-fz-b2#breadcrumb\"},\"inLanguage\":\"fr-FR\",\"potentialAction\":[{\"@type\":\"ReadAction\",\"target\":[\"https:\/\/laserelectronique.com\/?product=tablette-fz-m1-fz-b2\"]}]},{\"@type\":\"ImageObject\",\"inLanguage\":\"fr-FR\",\"@id\":\"https:\/\/laserelectronique.com\/?product=tablette-fz-m1-fz-b2#primaryimage\",\"url\":\"https:\/\/laserelectronique.com\/wp-content\/uploads\/2018\/02\/geomax-fz-b2.png\",\"contentUrl\":\"https:\/\/laserelectronique.com\/wp-content\/uploads\/2018\/02\/geomax-fz-b2.png\",\"width\":605,\"height\":605},{\"@type\":\"BreadcrumbList\",\"@id\":\"https:\/\/laserelectronique.com\/?product=tablette-fz-m1-fz-b2#breadcrumb\",\"itemListElement\":[{\"@type\":\"ListItem\",\"position\":1,\"name\":\"Accueil\",\"item\":\"https:\/\/laserelectronique.com\/\"},{\"@type\":\"ListItem\",\"position\":2,\"name\":\"Boutique\",\"item\":\"https:\/\/laserelectronique.com\/?page_id=7\"},{\"@type\":\"ListItem\",\"position\":3,\"name\":\"Tablette FZ-M1 \/ FZ-B2\"}]},{\"@type\":\"WebSite\",\"@id\":\"https:\/\/laserelectronique.com\/#website\",\"url\":\"https:\/\/laserelectronique.com\/\",\"name\":\"LASER ELECTRONIQUE TP\",\"description\":\"VOTRE PARTENAIRE EN GUIDAGE D&#039;ENGINS, TOPOGRAPHIE ET SERVICES\",\"potentialAction\":[{\"@type\":\"SearchAction\",\"target\":{\"@type\":\"EntryPoint\",\"urlTemplate\":\"https:\/\/laserelectronique.com\/?s={search_term_string}\"},\"query-input\":{\"@type\":\"PropertyValueSpecification\",\"valueRequired\":true,\"valueName\":\"search_term_string\"}}],\"inLanguage\":\"fr-FR\"}]}<\/script>\n<!-- \/ Yoast SEO plugin. -->","yoast_head_json":{"title":"Tablette FZ-M1 \/ FZ-B2 - LASER ELECTRONIQUE TP","robots":{"index":"index","follow":"follow","max-snippet":"max-snippet:-1","max-image-preview":"max-image-preview:large","max-video-preview":"max-video-preview:-1"},"canonical":"https:\/\/laserelectronique.com\/?product=tablette-fz-m1-fz-b2","og_locale":"fr_FR","og_type":"article","og_title":"Tablette FZ-M1 \/ FZ-B2 - LASER ELECTRONIQUE TP","og_description":"Tablette FZ-M1 et FZ-B2 Une tablette sp\u00e9cifiquement con\u00e7ue pour les professionnels de terrain, enti\u00e8rement robuste pour pouvoir supporter les conditions m\u00e9t\u00e9orologiques les plus s\u00e9v\u00e8res, et \u00e9quip\u00e9e d&rsquo;un puissant processeur, de&hellip;","og_url":"https:\/\/laserelectronique.com\/?product=tablette-fz-m1-fz-b2","og_site_name":"LASER ELECTRONIQUE TP","article_modified_time":"2020-11-18T14:39:06+00:00","og_image":[{"width":605,"height":605,"url":"https:\/\/laserelectronique.com\/wp-content\/uploads\/2018\/02\/geomax-fz-b2.png","type":"image\/png"}],"twitter_card":"summary_large_image","schema":{"@context":"https:\/\/schema.org","@graph":[{"@type":"WebPage","@id":"https:\/\/laserelectronique.com\/?product=tablette-fz-m1-fz-b2","url":"https:\/\/laserelectronique.com\/?product=tablette-fz-m1-fz-b2","name":"Tablette FZ-M1 \/ FZ-B2 - LASER ELECTRONIQUE TP","isPartOf":{"@id":"https:\/\/laserelectronique.com\/#website"},"primaryImageOfPage":{"@id":"https:\/\/laserelectronique.com\/?product=tablette-fz-m1-fz-b2#primaryimage"},"image":{"@id":"https:\/\/laserelectronique.com\/?product=tablette-fz-m1-fz-b2#primaryimage"},"thumbnailUrl":"https:\/\/laserelectronique.com\/wp-content\/uploads\/2018\/02\/geomax-fz-b2.png","datePublished":"2017-04-18T15:27:36+00:00","dateModified":"2020-11-18T14:39:06+00:00","breadcrumb":{"@id":"https:\/\/laserelectronique.com\/?product=tablette-fz-m1-fz-b2#breadcrumb"},"inLanguage":"fr-FR","potentialAction":[{"@type":"ReadAction","target":["https:\/\/laserelectronique.com\/?product=tablette-fz-m1-fz-b2"]}]},{"@type":"ImageObject","inLanguage":"fr-FR","@id":"https:\/\/laserelectronique.com\/?product=tablette-fz-m1-fz-b2#primaryimage","url":"https:\/\/laserelectronique.com\/wp-content\/uploads\/2018\/02\/geomax-fz-b2.png","contentUrl":"https:\/\/laserelectronique.com\/wp-content\/uploads\/2018\/02\/geomax-fz-b2.png","width":605,"height":605},{"@type":"BreadcrumbList","@id":"https:\/\/laserelectronique.com\/?product=tablette-fz-m1-fz-b2#breadcrumb","itemListElement":[{"@type":"ListItem","position":1,"name":"Accueil","item":"https:\/\/laserelectronique.com\/"},{"@type":"ListItem","position":2,"name":"Boutique","item":"https:\/\/laserelectronique.com\/?page_id=7"},{"@type":"ListItem","position":3,"name":"Tablette FZ-M1 \/ FZ-B2"}]},{"@type":"WebSite","@id":"https:\/\/laserelectronique.com\/#website","url":"https:\/\/laserelectronique.com\/","name":"LASER ELECTRONIQUE TP","description":"VOTRE PARTENAIRE EN GUIDAGE D&#039;ENGINS, TOPOGRAPHIE ET SERVICES","potentialAction":[{"@type":"SearchAction","target":{"@type":"EntryPoint","urlTemplate":"https:\/\/laserelectronique.com\/?s={search_term_string}"},"query-input":{"@type":"PropertyValueSpecification","valueRequired":true,"valueName":"search_term_string"}}],"inLanguage":"fr-FR"}]}},"_links":{"self":[{"href":"https:\/\/laserelectronique.com\/index.php?rest_route=\/wp\/v2\/product\/540","targetHints":{"allow":["GET"]}}],"collection":[{"href":"https:\/\/laserelectronique.com\/index.php?rest_route=\/wp\/v2\/product"}],"about":[{"href":"https:\/\/laserelectronique.com\/index.php?rest_route=\/wp\/v2\/types\/product"}],"replies":[{"embeddable":true,"href":"https:\/\/laserelectronique.com\/index.php?rest_route=%2Fwp%2Fv2%2Fcomments&post=540"}],"wp:featuredmedia":[{"embeddable":true,"href":"https:\/\/laserelectronique.com\/index.php?rest_route=\/wp\/v2\/media\/1911"}],"wp:attachment":[{"href":"https:\/\/laserelectronique.com\/index.php?rest_route=%2Fwp%2Fv2%2Fmedia&parent=540"}],"wp:term":[{"taxonomy":"product_cat","embeddable":true,"href":"https:\/\/laserelectronique.com\/index.php?rest_route=%2Fwp%2Fv2%2Fproduct_cat&post=540"},{"taxonomy":"product_tag","embeddable":true,"href":"https:\/\/laserelectronique.com\/index.php?rest_route=%2Fwp%2Fv2%2Fproduct_tag&post=540"}],"curies":[{"name":"wp","href":"https:\/\/api.w.org\/{rel}","templated":true}]}}