{"id":528,"date":"2017-04-13T10:07:13","date_gmt":"2017-04-13T08:07:13","guid":{"rendered":"http:\/\/laserins.fr\/?product=gnss-zenith-35-pro"},"modified":"2020-11-18T15:39:07","modified_gmt":"2020-11-18T14:39:07","slug":"gnss-zenith-35-pro","status":"publish","type":"product","link":"https:\/\/laserelectronique.com\/?product=gnss-zenith-35-pro","title":{"rendered":"GNSS Zenith 35 Pro"},"content":{"rendered":"<p><b>GNSS Zenith 35 Pro<\/b><\/p>\n<p><strong>Un spectre complet de signaux satellites, une connectivit\u00e9 illimit\u00e9e et la fonctionnalit\u00e9 Tilt &amp; Go exclusive, le tout dans un syst\u00e8me GNSS compact, font de la s\u00e9rie Zenith35 Pro un GNSS aussi performant que vous.<\/strong><\/p>\n<p>&nbsp;<\/p>\n<p><strong>Fiche Technique :<\/strong><\/p>\n<ul>\n<li><a href=\"http:\/\/laserins.fr\/wp-content\/uploads\/2017\/04\/GeoMax-Zenith35-PRO.pdf\">GeoMax Zenith35 PRO<\/a><\/li>\n<\/ul>\n","protected":false},"excerpt":{"rendered":"<p>GNSS Zenith 35 Pro Un spectre complet de signaux satellites, une connectivit\u00e9 illimit\u00e9e et la fonctionnalit\u00e9 Tilt &amp; Go exclusive, le tout dans un syst\u00e8me GNSS compact, font de la&hellip;<\/p>\n","protected":false},"featured_media":530,"comment_status":"closed","ping_status":"closed","template":"","meta":[],"product_cat":[29,27],"product_tag":[],"class_list":{"0":"post-528","1":"product","2":"type-product","3":"status-publish","4":"has-post-thumbnail","6":"product_cat-recepteurs-gnss","7":"product_cat-stations-totales-automatiques","8":"","10":"first","11":"instock","12":"taxable","13":"shipping-taxable","14":"product-type-simple"},"yoast_head":"<!-- This site is optimized with the Yoast SEO plugin v24.7 - https:\/\/yoast.com\/wordpress\/plugins\/seo\/ -->\n<title>GNSS Zenith 35 Pro - LASER ELECTRONIQUE TP<\/title>\n<meta name=\"robots\" content=\"index, follow, max-snippet:-1, max-image-preview:large, max-video-preview:-1\" \/>\n<link rel=\"canonical\" href=\"https:\/\/laserelectronique.com\/?product=gnss-zenith-35-pro\" \/>\n<meta property=\"og:locale\" content=\"fr_FR\" \/>\n<meta property=\"og:type\" content=\"article\" \/>\n<meta property=\"og:title\" content=\"GNSS Zenith 35 Pro - LASER ELECTRONIQUE TP\" \/>\n<meta property=\"og:description\" content=\"GNSS Zenith 35 Pro Un spectre complet de signaux satellites, une connectivit\u00e9 illimit\u00e9e et la fonctionnalit\u00e9 Tilt &amp; Go exclusive, le tout dans un syst\u00e8me GNSS compact, font de la&hellip;\" \/>\n<meta property=\"og:url\" content=\"https:\/\/laserelectronique.com\/?product=gnss-zenith-35-pro\" \/>\n<meta property=\"og:site_name\" content=\"LASER ELECTRONIQUE TP\" \/>\n<meta property=\"article:modified_time\" content=\"2020-11-18T14:39:07+00:00\" \/>\n<meta property=\"og:image\" content=\"https:\/\/laserelectronique.com\/wp-content\/uploads\/2017\/04\/Zenith35-S.jpg\" \/>\n\t<meta property=\"og:image:width\" content=\"1100\" \/>\n\t<meta property=\"og:image:height\" content=\"1856\" \/>\n\t<meta property=\"og:image:type\" content=\"image\/jpeg\" \/>\n<meta name=\"twitter:card\" content=\"summary_large_image\" \/>\n<script type=\"application\/ld+json\" class=\"yoast-schema-graph\">{\"@context\":\"https:\/\/schema.org\",\"@graph\":[{\"@type\":\"WebPage\",\"@id\":\"https:\/\/laserelectronique.com\/?product=gnss-zenith-35-pro\",\"url\":\"https:\/\/laserelectronique.com\/?product=gnss-zenith-35-pro\",\"name\":\"GNSS Zenith 35 Pro - LASER ELECTRONIQUE TP\",\"isPartOf\":{\"@id\":\"https:\/\/laserelectronique.com\/#website\"},\"primaryImageOfPage\":{\"@id\":\"https:\/\/laserelectronique.com\/?product=gnss-zenith-35-pro#primaryimage\"},\"image\":{\"@id\":\"https:\/\/laserelectronique.com\/?product=gnss-zenith-35-pro#primaryimage\"},\"thumbnailUrl\":\"https:\/\/laserelectronique.com\/wp-content\/uploads\/2017\/04\/Zenith35-S.jpg\",\"datePublished\":\"2017-04-13T08:07:13+00:00\",\"dateModified\":\"2020-11-18T14:39:07+00:00\",\"breadcrumb\":{\"@id\":\"https:\/\/laserelectronique.com\/?product=gnss-zenith-35-pro#breadcrumb\"},\"inLanguage\":\"fr-FR\",\"potentialAction\":[{\"@type\":\"ReadAction\",\"target\":[\"https:\/\/laserelectronique.com\/?product=gnss-zenith-35-pro\"]}]},{\"@type\":\"ImageObject\",\"inLanguage\":\"fr-FR\",\"@id\":\"https:\/\/laserelectronique.com\/?product=gnss-zenith-35-pro#primaryimage\",\"url\":\"https:\/\/laserelectronique.com\/wp-content\/uploads\/2017\/04\/Zenith35-S.jpg\",\"contentUrl\":\"https:\/\/laserelectronique.com\/wp-content\/uploads\/2017\/04\/Zenith35-S.jpg\",\"width\":1100,\"height\":1856},{\"@type\":\"BreadcrumbList\",\"@id\":\"https:\/\/laserelectronique.com\/?product=gnss-zenith-35-pro#breadcrumb\",\"itemListElement\":[{\"@type\":\"ListItem\",\"position\":1,\"name\":\"Accueil\",\"item\":\"https:\/\/laserelectronique.com\/\"},{\"@type\":\"ListItem\",\"position\":2,\"name\":\"Boutique\",\"item\":\"https:\/\/laserelectronique.com\/?page_id=7\"},{\"@type\":\"ListItem\",\"position\":3,\"name\":\"GNSS Zenith 35 Pro\"}]},{\"@type\":\"WebSite\",\"@id\":\"https:\/\/laserelectronique.com\/#website\",\"url\":\"https:\/\/laserelectronique.com\/\",\"name\":\"LASER ELECTRONIQUE TP\",\"description\":\"VOTRE PARTENAIRE EN GUIDAGE D&#039;ENGINS, TOPOGRAPHIE ET SERVICES\",\"potentialAction\":[{\"@type\":\"SearchAction\",\"target\":{\"@type\":\"EntryPoint\",\"urlTemplate\":\"https:\/\/laserelectronique.com\/?s={search_term_string}\"},\"query-input\":{\"@type\":\"PropertyValueSpecification\",\"valueRequired\":true,\"valueName\":\"search_term_string\"}}],\"inLanguage\":\"fr-FR\"}]}<\/script>\n<!-- \/ Yoast SEO plugin. -->","yoast_head_json":{"title":"GNSS Zenith 35 Pro - LASER ELECTRONIQUE TP","robots":{"index":"index","follow":"follow","max-snippet":"max-snippet:-1","max-image-preview":"max-image-preview:large","max-video-preview":"max-video-preview:-1"},"canonical":"https:\/\/laserelectronique.com\/?product=gnss-zenith-35-pro","og_locale":"fr_FR","og_type":"article","og_title":"GNSS Zenith 35 Pro - LASER ELECTRONIQUE TP","og_description":"GNSS Zenith 35 Pro Un spectre complet de signaux satellites, une connectivit\u00e9 illimit\u00e9e et la fonctionnalit\u00e9 Tilt &amp; Go exclusive, le tout dans un syst\u00e8me GNSS compact, font de la&hellip;","og_url":"https:\/\/laserelectronique.com\/?product=gnss-zenith-35-pro","og_site_name":"LASER ELECTRONIQUE TP","article_modified_time":"2020-11-18T14:39:07+00:00","og_image":[{"width":1100,"height":1856,"url":"https:\/\/laserelectronique.com\/wp-content\/uploads\/2017\/04\/Zenith35-S.jpg","type":"image\/jpeg"}],"twitter_card":"summary_large_image","schema":{"@context":"https:\/\/schema.org","@graph":[{"@type":"WebPage","@id":"https:\/\/laserelectronique.com\/?product=gnss-zenith-35-pro","url":"https:\/\/laserelectronique.com\/?product=gnss-zenith-35-pro","name":"GNSS Zenith 35 Pro - LASER ELECTRONIQUE TP","isPartOf":{"@id":"https:\/\/laserelectronique.com\/#website"},"primaryImageOfPage":{"@id":"https:\/\/laserelectronique.com\/?product=gnss-zenith-35-pro#primaryimage"},"image":{"@id":"https:\/\/laserelectronique.com\/?product=gnss-zenith-35-pro#primaryimage"},"thumbnailUrl":"https:\/\/laserelectronique.com\/wp-content\/uploads\/2017\/04\/Zenith35-S.jpg","datePublished":"2017-04-13T08:07:13+00:00","dateModified":"2020-11-18T14:39:07+00:00","breadcrumb":{"@id":"https:\/\/laserelectronique.com\/?product=gnss-zenith-35-pro#breadcrumb"},"inLanguage":"fr-FR","potentialAction":[{"@type":"ReadAction","target":["https:\/\/laserelectronique.com\/?product=gnss-zenith-35-pro"]}]},{"@type":"ImageObject","inLanguage":"fr-FR","@id":"https:\/\/laserelectronique.com\/?product=gnss-zenith-35-pro#primaryimage","url":"https:\/\/laserelectronique.com\/wp-content\/uploads\/2017\/04\/Zenith35-S.jpg","contentUrl":"https:\/\/laserelectronique.com\/wp-content\/uploads\/2017\/04\/Zenith35-S.jpg","width":1100,"height":1856},{"@type":"BreadcrumbList","@id":"https:\/\/laserelectronique.com\/?product=gnss-zenith-35-pro#breadcrumb","itemListElement":[{"@type":"ListItem","position":1,"name":"Accueil","item":"https:\/\/laserelectronique.com\/"},{"@type":"ListItem","position":2,"name":"Boutique","item":"https:\/\/laserelectronique.com\/?page_id=7"},{"@type":"ListItem","position":3,"name":"GNSS Zenith 35 Pro"}]},{"@type":"WebSite","@id":"https:\/\/laserelectronique.com\/#website","url":"https:\/\/laserelectronique.com\/","name":"LASER ELECTRONIQUE TP","description":"VOTRE PARTENAIRE EN GUIDAGE D&#039;ENGINS, TOPOGRAPHIE ET SERVICES","potentialAction":[{"@type":"SearchAction","target":{"@type":"EntryPoint","urlTemplate":"https:\/\/laserelectronique.com\/?s={search_term_string}"},"query-input":{"@type":"PropertyValueSpecification","valueRequired":true,"valueName":"search_term_string"}}],"inLanguage":"fr-FR"}]}},"_links":{"self":[{"href":"https:\/\/laserelectronique.com\/index.php?rest_route=\/wp\/v2\/product\/528","targetHints":{"allow":["GET"]}}],"collection":[{"href":"https:\/\/laserelectronique.com\/index.php?rest_route=\/wp\/v2\/product"}],"about":[{"href":"https:\/\/laserelectronique.com\/index.php?rest_route=\/wp\/v2\/types\/product"}],"replies":[{"embeddable":true,"href":"https:\/\/laserelectronique.com\/index.php?rest_route=%2Fwp%2Fv2%2Fcomments&post=528"}],"wp:featuredmedia":[{"embeddable":true,"href":"https:\/\/laserelectronique.com\/index.php?rest_route=\/wp\/v2\/media\/530"}],"wp:attachment":[{"href":"https:\/\/laserelectronique.com\/index.php?rest_route=%2Fwp%2Fv2%2Fmedia&parent=528"}],"wp:term":[{"taxonomy":"product_cat","embeddable":true,"href":"https:\/\/laserelectronique.com\/index.php?rest_route=%2Fwp%2Fv2%2Fproduct_cat&post=528"},{"taxonomy":"product_tag","embeddable":true,"href":"https:\/\/laserelectronique.com\/index.php?rest_route=%2Fwp%2Fv2%2Fproduct_tag&post=528"}],"curies":[{"name":"wp","href":"https:\/\/api.w.org\/{rel}","templated":true}]}}