{"id":511,"date":"2017-04-12T16:03:18","date_gmt":"2017-04-12T14:03:18","guid":{"rendered":"http:\/\/laserins.fr\/?product=station-manuelle-zipp-20"},"modified":"2020-11-18T15:39:08","modified_gmt":"2020-11-18T14:39:08","slug":"station-manuelle-zipp-20","status":"publish","type":"product","link":"https:\/\/laserelectronique.com\/?product=station-manuelle-zipp-20","title":{"rendered":"Station manuelle Zipp 20"},"content":{"rendered":"<p><b>Station totale manuelle Zipp 20<\/b><\/p>\n<p><strong>Prenant en charge GeoMax FieldGenius, X\u00b7Pad, Carlson SurvCE ou tout logiciel de terrain localis\u00e9, l\u2019instrument Zipp20 vous permet de travailler de la mani\u00e8re qui convient le mieux \u00e0 vos besoins.<\/strong><br \/>\n<strong>La fonction Bluetooth\u00ae int\u00e9gr\u00e9e et la possibilit\u00e9 de connecter toute tablette ou contr\u00f4leur, l\u2019instrument Zipp20 vous permet une flexibilit\u00e9 optimale.<\/strong><br \/>\n<strong>Toutes ces fonctions propos\u00e9es au sein d\u2019un syst\u00e8me avec \u00e9cran tactile couleur et mesure longue port\u00e9e sans prisme et toutes vos applications Windows\u00ae CE favorites permettent \u00e0 l\u2019instrument Zipp20 d\u2019\u00eatre la station totale qui est \u00ab efficace quand il faut \u00bb.<\/strong><\/p>\n<p>&nbsp;<\/p>\n<p><strong>Fiche Technique :<\/strong><\/p>\n<ul>\n<li><a href=\"http:\/\/laserins.fr\/wp-content\/uploads\/2017\/04\/GeoMax-Zipp20-1.pdf\">GeoMax Zipp20 &#8211; 1<\/a><\/li>\n<li><a href=\"http:\/\/laserins.fr\/wp-content\/uploads\/2017\/04\/GeoMax-Zipp20-2.pdf\">GeoMax Zipp20 &#8211; 2<\/a><\/li>\n<\/ul>\n","protected":false},"excerpt":{"rendered":"<p>Station totale manuelle Zipp 20 Prenant en charge GeoMax FieldGenius, X\u00b7Pad, Carlson SurvCE ou tout logiciel de terrain localis\u00e9, l\u2019instrument Zipp20 vous permet de travailler de la mani\u00e8re qui convient&hellip;<\/p>\n","protected":false},"featured_media":515,"comment_status":"closed","ping_status":"closed","template":"","meta":[],"product_cat":[28],"product_tag":[],"class_list":{"0":"post-511","1":"product","2":"type-product","3":"status-publish","4":"has-post-thumbnail","6":"product_cat-stations-totales-manuelles","7":"","9":"first","10":"instock","11":"taxable","12":"shipping-taxable","13":"product-type-simple"},"yoast_head":"<!-- This site is optimized with the Yoast SEO plugin v24.7 - https:\/\/yoast.com\/wordpress\/plugins\/seo\/ -->\n<title>Station manuelle Zipp 20 - LASER ELECTRONIQUE TP<\/title>\n<meta name=\"robots\" content=\"index, follow, max-snippet:-1, max-image-preview:large, max-video-preview:-1\" \/>\n<link rel=\"canonical\" href=\"https:\/\/laserelectronique.com\/?product=station-manuelle-zipp-20\" \/>\n<meta property=\"og:locale\" content=\"fr_FR\" \/>\n<meta property=\"og:type\" content=\"article\" \/>\n<meta property=\"og:title\" content=\"Station manuelle Zipp 20 - LASER ELECTRONIQUE TP\" \/>\n<meta property=\"og:description\" content=\"Station totale manuelle Zipp 20 Prenant en charge GeoMax FieldGenius, X\u00b7Pad, Carlson SurvCE ou tout logiciel de terrain localis\u00e9, l\u2019instrument Zipp20 vous permet de travailler de la mani\u00e8re qui convient&hellip;\" \/>\n<meta property=\"og:url\" content=\"https:\/\/laserelectronique.com\/?product=station-manuelle-zipp-20\" \/>\n<meta property=\"og:site_name\" content=\"LASER ELECTRONIQUE TP\" \/>\n<meta property=\"article:modified_time\" content=\"2020-11-18T14:39:08+00:00\" \/>\n<meta property=\"og:image\" content=\"https:\/\/laserelectronique.com\/wp-content\/uploads\/2017\/04\/Zipp20_50-scaled.jpg\" \/>\n\t<meta property=\"og:image:width\" content=\"1502\" \/>\n\t<meta property=\"og:image:height\" content=\"2560\" \/>\n\t<meta property=\"og:image:type\" content=\"image\/jpeg\" \/>\n<meta name=\"twitter:card\" content=\"summary_large_image\" \/>\n<meta name=\"twitter:label1\" content=\"Dur\u00e9e de lecture estim\u00e9e\" \/>\n\t<meta name=\"twitter:data1\" content=\"1 minute\" \/>\n<script type=\"application\/ld+json\" class=\"yoast-schema-graph\">{\"@context\":\"https:\/\/schema.org\",\"@graph\":[{\"@type\":\"WebPage\",\"@id\":\"https:\/\/laserelectronique.com\/?product=station-manuelle-zipp-20\",\"url\":\"https:\/\/laserelectronique.com\/?product=station-manuelle-zipp-20\",\"name\":\"Station manuelle Zipp 20 - LASER ELECTRONIQUE TP\",\"isPartOf\":{\"@id\":\"https:\/\/laserelectronique.com\/#website\"},\"primaryImageOfPage\":{\"@id\":\"https:\/\/laserelectronique.com\/?product=station-manuelle-zipp-20#primaryimage\"},\"image\":{\"@id\":\"https:\/\/laserelectronique.com\/?product=station-manuelle-zipp-20#primaryimage\"},\"thumbnailUrl\":\"https:\/\/laserelectronique.com\/wp-content\/uploads\/2017\/04\/Zipp20_50-scaled.jpg\",\"datePublished\":\"2017-04-12T14:03:18+00:00\",\"dateModified\":\"2020-11-18T14:39:08+00:00\",\"breadcrumb\":{\"@id\":\"https:\/\/laserelectronique.com\/?product=station-manuelle-zipp-20#breadcrumb\"},\"inLanguage\":\"fr-FR\",\"potentialAction\":[{\"@type\":\"ReadAction\",\"target\":[\"https:\/\/laserelectronique.com\/?product=station-manuelle-zipp-20\"]}]},{\"@type\":\"ImageObject\",\"inLanguage\":\"fr-FR\",\"@id\":\"https:\/\/laserelectronique.com\/?product=station-manuelle-zipp-20#primaryimage\",\"url\":\"https:\/\/laserelectronique.com\/wp-content\/uploads\/2017\/04\/Zipp20_50-scaled.jpg\",\"contentUrl\":\"https:\/\/laserelectronique.com\/wp-content\/uploads\/2017\/04\/Zipp20_50-scaled.jpg\",\"width\":1502,\"height\":2560},{\"@type\":\"BreadcrumbList\",\"@id\":\"https:\/\/laserelectronique.com\/?product=station-manuelle-zipp-20#breadcrumb\",\"itemListElement\":[{\"@type\":\"ListItem\",\"position\":1,\"name\":\"Accueil\",\"item\":\"https:\/\/laserelectronique.com\/\"},{\"@type\":\"ListItem\",\"position\":2,\"name\":\"Boutique\",\"item\":\"https:\/\/laserelectronique.com\/?page_id=7\"},{\"@type\":\"ListItem\",\"position\":3,\"name\":\"Station manuelle Zipp 20\"}]},{\"@type\":\"WebSite\",\"@id\":\"https:\/\/laserelectronique.com\/#website\",\"url\":\"https:\/\/laserelectronique.com\/\",\"name\":\"LASER ELECTRONIQUE TP\",\"description\":\"VOTRE PARTENAIRE EN GUIDAGE D&#039;ENGINS, TOPOGRAPHIE ET SERVICES\",\"potentialAction\":[{\"@type\":\"SearchAction\",\"target\":{\"@type\":\"EntryPoint\",\"urlTemplate\":\"https:\/\/laserelectronique.com\/?s={search_term_string}\"},\"query-input\":{\"@type\":\"PropertyValueSpecification\",\"valueRequired\":true,\"valueName\":\"search_term_string\"}}],\"inLanguage\":\"fr-FR\"}]}<\/script>\n<!-- \/ Yoast SEO plugin. -->","yoast_head_json":{"title":"Station manuelle Zipp 20 - LASER ELECTRONIQUE TP","robots":{"index":"index","follow":"follow","max-snippet":"max-snippet:-1","max-image-preview":"max-image-preview:large","max-video-preview":"max-video-preview:-1"},"canonical":"https:\/\/laserelectronique.com\/?product=station-manuelle-zipp-20","og_locale":"fr_FR","og_type":"article","og_title":"Station manuelle Zipp 20 - LASER ELECTRONIQUE TP","og_description":"Station totale manuelle Zipp 20 Prenant en charge GeoMax FieldGenius, X\u00b7Pad, Carlson SurvCE ou tout logiciel de terrain localis\u00e9, l\u2019instrument Zipp20 vous permet de travailler de la mani\u00e8re qui convient&hellip;","og_url":"https:\/\/laserelectronique.com\/?product=station-manuelle-zipp-20","og_site_name":"LASER ELECTRONIQUE TP","article_modified_time":"2020-11-18T14:39:08+00:00","og_image":[{"width":1502,"height":2560,"url":"https:\/\/laserelectronique.com\/wp-content\/uploads\/2017\/04\/Zipp20_50-scaled.jpg","type":"image\/jpeg"}],"twitter_card":"summary_large_image","twitter_misc":{"Dur\u00e9e de lecture estim\u00e9e":"1 minute"},"schema":{"@context":"https:\/\/schema.org","@graph":[{"@type":"WebPage","@id":"https:\/\/laserelectronique.com\/?product=station-manuelle-zipp-20","url":"https:\/\/laserelectronique.com\/?product=station-manuelle-zipp-20","name":"Station manuelle Zipp 20 - LASER ELECTRONIQUE TP","isPartOf":{"@id":"https:\/\/laserelectronique.com\/#website"},"primaryImageOfPage":{"@id":"https:\/\/laserelectronique.com\/?product=station-manuelle-zipp-20#primaryimage"},"image":{"@id":"https:\/\/laserelectronique.com\/?product=station-manuelle-zipp-20#primaryimage"},"thumbnailUrl":"https:\/\/laserelectronique.com\/wp-content\/uploads\/2017\/04\/Zipp20_50-scaled.jpg","datePublished":"2017-04-12T14:03:18+00:00","dateModified":"2020-11-18T14:39:08+00:00","breadcrumb":{"@id":"https:\/\/laserelectronique.com\/?product=station-manuelle-zipp-20#breadcrumb"},"inLanguage":"fr-FR","potentialAction":[{"@type":"ReadAction","target":["https:\/\/laserelectronique.com\/?product=station-manuelle-zipp-20"]}]},{"@type":"ImageObject","inLanguage":"fr-FR","@id":"https:\/\/laserelectronique.com\/?product=station-manuelle-zipp-20#primaryimage","url":"https:\/\/laserelectronique.com\/wp-content\/uploads\/2017\/04\/Zipp20_50-scaled.jpg","contentUrl":"https:\/\/laserelectronique.com\/wp-content\/uploads\/2017\/04\/Zipp20_50-scaled.jpg","width":1502,"height":2560},{"@type":"BreadcrumbList","@id":"https:\/\/laserelectronique.com\/?product=station-manuelle-zipp-20#breadcrumb","itemListElement":[{"@type":"ListItem","position":1,"name":"Accueil","item":"https:\/\/laserelectronique.com\/"},{"@type":"ListItem","position":2,"name":"Boutique","item":"https:\/\/laserelectronique.com\/?page_id=7"},{"@type":"ListItem","position":3,"name":"Station manuelle Zipp 20"}]},{"@type":"WebSite","@id":"https:\/\/laserelectronique.com\/#website","url":"https:\/\/laserelectronique.com\/","name":"LASER ELECTRONIQUE TP","description":"VOTRE PARTENAIRE EN GUIDAGE D&#039;ENGINS, TOPOGRAPHIE ET SERVICES","potentialAction":[{"@type":"SearchAction","target":{"@type":"EntryPoint","urlTemplate":"https:\/\/laserelectronique.com\/?s={search_term_string}"},"query-input":{"@type":"PropertyValueSpecification","valueRequired":true,"valueName":"search_term_string"}}],"inLanguage":"fr-FR"}]}},"_links":{"self":[{"href":"https:\/\/laserelectronique.com\/index.php?rest_route=\/wp\/v2\/product\/511","targetHints":{"allow":["GET"]}}],"collection":[{"href":"https:\/\/laserelectronique.com\/index.php?rest_route=\/wp\/v2\/product"}],"about":[{"href":"https:\/\/laserelectronique.com\/index.php?rest_route=\/wp\/v2\/types\/product"}],"replies":[{"embeddable":true,"href":"https:\/\/laserelectronique.com\/index.php?rest_route=%2Fwp%2Fv2%2Fcomments&post=511"}],"wp:featuredmedia":[{"embeddable":true,"href":"https:\/\/laserelectronique.com\/index.php?rest_route=\/wp\/v2\/media\/515"}],"wp:attachment":[{"href":"https:\/\/laserelectronique.com\/index.php?rest_route=%2Fwp%2Fv2%2Fmedia&parent=511"}],"wp:term":[{"taxonomy":"product_cat","embeddable":true,"href":"https:\/\/laserelectronique.com\/index.php?rest_route=%2Fwp%2Fv2%2Fproduct_cat&post=511"},{"taxonomy":"product_tag","embeddable":true,"href":"https:\/\/laserelectronique.com\/index.php?rest_route=%2Fwp%2Fv2%2Fproduct_tag&post=511"}],"curies":[{"name":"wp","href":"https:\/\/api.w.org\/{rel}","templated":true}]}}