{"id":50,"date":"2017-03-25T15:45:24","date_gmt":"2017-03-25T14:45:24","guid":{"rendered":"http:\/\/laserins.fr\/?post_type=product&#038;p=50"},"modified":"2020-11-18T15:42:16","modified_gmt":"2020-11-18T14:42:16","slug":"surpatins-pour-pelle","status":"publish","type":"product","link":"https:\/\/laserelectronique.com\/?product=surpatins-pour-pelle","title":{"rendered":"Surpatins pour pelles"},"content":{"rendered":"<p><strong>SURPATIN CAOUTCHOUC\u00a0<\/strong><strong>POUR TOUTE MACHINE SUR CHENILLE<\/strong><\/p>\n<p><strong>Ce surpatin est sp\u00e9cialement con\u00e7u pour permettre l\u2019utilisation d\u2019engins \u00e0 chenilles et tuiles m\u00e9talliques sur enrob\u00e9, b\u00e9ton ou autre rev\u00eatement.La rapidit\u00e9 de son montage le rend utile m\u00eame pour de courtes dur\u00e9es en \u00e9vitant d\u2019endommager le sol.<\/strong><\/p>\n<p><strong>Documentation produit:<\/strong><\/p>\n<ul>\n<li><a href=\"http:\/\/laserins.fr\/wp-content\/uploads\/2018\/01\/SURPATIN-PELLE.pdf\">SURPATIN PELLE<\/a><\/li>\n<li><a href=\"http:\/\/laserins.fr\/wp-content\/uploads\/2018\/04\/PLAN-tuiles.pdf\">PLAN tuiles<\/a>\u00a0<strong>\u00e0 compl\u00e9ter<\/strong><\/li>\n<\/ul>\n","protected":false},"excerpt":{"rendered":"<p>SURPATIN CAOUTCHOUC\u00a0POUR TOUTE MACHINE SUR CHENILLE Ce surpatin est sp\u00e9cialement con\u00e7u pour permettre l\u2019utilisation d\u2019engins \u00e0 chenilles et tuiles m\u00e9talliques sur enrob\u00e9, b\u00e9ton ou autre rev\u00eatement.La rapidit\u00e9 de son montage&hellip;<\/p>\n","protected":false},"featured_media":994,"comment_status":"closed","ping_status":"closed","template":"","meta":[],"product_cat":[9],"product_tag":[63,61,62],"class_list":{"0":"post-50","1":"product","2":"type-product","3":"status-publish","4":"has-post-thumbnail","6":"product_cat-patins-caoutchouc-polyurethane","7":"product_tag-chenille-finisseur","8":"product_tag-patin-pour-finisseur","9":"product_tag-patin-finisseur","10":"","12":"first","13":"instock","14":"taxable","15":"shipping-taxable","16":"product-type-simple"},"yoast_head":"<!-- This site is optimized with the Yoast SEO plugin v24.7 - https:\/\/yoast.com\/wordpress\/plugins\/seo\/ -->\n<title>Surpatins pour pelles - LASER ELECTRONIQUE TP<\/title>\n<meta name=\"robots\" content=\"index, follow, max-snippet:-1, max-image-preview:large, max-video-preview:-1\" \/>\n<link rel=\"canonical\" href=\"https:\/\/laserelectronique.com\/?product=surpatins-pour-pelle\" \/>\n<meta property=\"og:locale\" content=\"fr_FR\" \/>\n<meta property=\"og:type\" content=\"article\" \/>\n<meta property=\"og:title\" content=\"Surpatins pour pelles - LASER ELECTRONIQUE TP\" \/>\n<meta property=\"og:description\" content=\"SURPATIN CAOUTCHOUC\u00a0POUR TOUTE MACHINE SUR CHENILLE Ce surpatin est sp\u00e9cialement con\u00e7u pour permettre l\u2019utilisation d\u2019engins \u00e0 chenilles et tuiles m\u00e9talliques sur enrob\u00e9, b\u00e9ton ou autre rev\u00eatement.La rapidit\u00e9 de son montage&hellip;\" \/>\n<meta property=\"og:url\" content=\"https:\/\/laserelectronique.com\/?product=surpatins-pour-pelle\" \/>\n<meta property=\"og:site_name\" content=\"LASER ELECTRONIQUE TP\" \/>\n<meta property=\"article:modified_time\" content=\"2020-11-18T14:42:16+00:00\" \/>\n<meta property=\"og:image\" content=\"https:\/\/laserelectronique.com\/wp-content\/uploads\/2017\/11\/SURPATINpelle.jpg\" \/>\n\t<meta property=\"og:image:width\" content=\"1693\" \/>\n\t<meta property=\"og:image:height\" content=\"1693\" \/>\n\t<meta property=\"og:image:type\" content=\"image\/jpeg\" \/>\n<meta name=\"twitter:card\" content=\"summary_large_image\" \/>\n<script type=\"application\/ld+json\" class=\"yoast-schema-graph\">{\"@context\":\"https:\/\/schema.org\",\"@graph\":[{\"@type\":\"WebPage\",\"@id\":\"https:\/\/laserelectronique.com\/?product=surpatins-pour-pelle\",\"url\":\"https:\/\/laserelectronique.com\/?product=surpatins-pour-pelle\",\"name\":\"Surpatins pour pelles - LASER ELECTRONIQUE TP\",\"isPartOf\":{\"@id\":\"https:\/\/laserelectronique.com\/#website\"},\"primaryImageOfPage\":{\"@id\":\"https:\/\/laserelectronique.com\/?product=surpatins-pour-pelle#primaryimage\"},\"image\":{\"@id\":\"https:\/\/laserelectronique.com\/?product=surpatins-pour-pelle#primaryimage\"},\"thumbnailUrl\":\"https:\/\/laserelectronique.com\/wp-content\/uploads\/2017\/11\/SURPATINpelle.jpg\",\"datePublished\":\"2017-03-25T14:45:24+00:00\",\"dateModified\":\"2020-11-18T14:42:16+00:00\",\"breadcrumb\":{\"@id\":\"https:\/\/laserelectronique.com\/?product=surpatins-pour-pelle#breadcrumb\"},\"inLanguage\":\"fr-FR\",\"potentialAction\":[{\"@type\":\"ReadAction\",\"target\":[\"https:\/\/laserelectronique.com\/?product=surpatins-pour-pelle\"]}]},{\"@type\":\"ImageObject\",\"inLanguage\":\"fr-FR\",\"@id\":\"https:\/\/laserelectronique.com\/?product=surpatins-pour-pelle#primaryimage\",\"url\":\"https:\/\/laserelectronique.com\/wp-content\/uploads\/2017\/11\/SURPATINpelle.jpg\",\"contentUrl\":\"https:\/\/laserelectronique.com\/wp-content\/uploads\/2017\/11\/SURPATINpelle.jpg\",\"width\":1693,\"height\":1693},{\"@type\":\"BreadcrumbList\",\"@id\":\"https:\/\/laserelectronique.com\/?product=surpatins-pour-pelle#breadcrumb\",\"itemListElement\":[{\"@type\":\"ListItem\",\"position\":1,\"name\":\"Accueil\",\"item\":\"https:\/\/laserelectronique.com\/\"},{\"@type\":\"ListItem\",\"position\":2,\"name\":\"Boutique\",\"item\":\"https:\/\/laserelectronique.com\/?page_id=7\"},{\"@type\":\"ListItem\",\"position\":3,\"name\":\"Surpatins pour pelles\"}]},{\"@type\":\"WebSite\",\"@id\":\"https:\/\/laserelectronique.com\/#website\",\"url\":\"https:\/\/laserelectronique.com\/\",\"name\":\"LASER ELECTRONIQUE TP\",\"description\":\"VOTRE PARTENAIRE EN GUIDAGE D&#039;ENGINS, TOPOGRAPHIE ET SERVICES\",\"potentialAction\":[{\"@type\":\"SearchAction\",\"target\":{\"@type\":\"EntryPoint\",\"urlTemplate\":\"https:\/\/laserelectronique.com\/?s={search_term_string}\"},\"query-input\":{\"@type\":\"PropertyValueSpecification\",\"valueRequired\":true,\"valueName\":\"search_term_string\"}}],\"inLanguage\":\"fr-FR\"}]}<\/script>\n<!-- \/ Yoast SEO plugin. -->","yoast_head_json":{"title":"Surpatins pour pelles - LASER ELECTRONIQUE TP","robots":{"index":"index","follow":"follow","max-snippet":"max-snippet:-1","max-image-preview":"max-image-preview:large","max-video-preview":"max-video-preview:-1"},"canonical":"https:\/\/laserelectronique.com\/?product=surpatins-pour-pelle","og_locale":"fr_FR","og_type":"article","og_title":"Surpatins pour pelles - LASER ELECTRONIQUE TP","og_description":"SURPATIN CAOUTCHOUC\u00a0POUR TOUTE MACHINE SUR CHENILLE Ce surpatin est sp\u00e9cialement con\u00e7u pour permettre l\u2019utilisation d\u2019engins \u00e0 chenilles et tuiles m\u00e9talliques sur enrob\u00e9, b\u00e9ton ou autre rev\u00eatement.La rapidit\u00e9 de son montage&hellip;","og_url":"https:\/\/laserelectronique.com\/?product=surpatins-pour-pelle","og_site_name":"LASER ELECTRONIQUE TP","article_modified_time":"2020-11-18T14:42:16+00:00","og_image":[{"width":1693,"height":1693,"url":"https:\/\/laserelectronique.com\/wp-content\/uploads\/2017\/11\/SURPATINpelle.jpg","type":"image\/jpeg"}],"twitter_card":"summary_large_image","schema":{"@context":"https:\/\/schema.org","@graph":[{"@type":"WebPage","@id":"https:\/\/laserelectronique.com\/?product=surpatins-pour-pelle","url":"https:\/\/laserelectronique.com\/?product=surpatins-pour-pelle","name":"Surpatins pour pelles - LASER ELECTRONIQUE TP","isPartOf":{"@id":"https:\/\/laserelectronique.com\/#website"},"primaryImageOfPage":{"@id":"https:\/\/laserelectronique.com\/?product=surpatins-pour-pelle#primaryimage"},"image":{"@id":"https:\/\/laserelectronique.com\/?product=surpatins-pour-pelle#primaryimage"},"thumbnailUrl":"https:\/\/laserelectronique.com\/wp-content\/uploads\/2017\/11\/SURPATINpelle.jpg","datePublished":"2017-03-25T14:45:24+00:00","dateModified":"2020-11-18T14:42:16+00:00","breadcrumb":{"@id":"https:\/\/laserelectronique.com\/?product=surpatins-pour-pelle#breadcrumb"},"inLanguage":"fr-FR","potentialAction":[{"@type":"ReadAction","target":["https:\/\/laserelectronique.com\/?product=surpatins-pour-pelle"]}]},{"@type":"ImageObject","inLanguage":"fr-FR","@id":"https:\/\/laserelectronique.com\/?product=surpatins-pour-pelle#primaryimage","url":"https:\/\/laserelectronique.com\/wp-content\/uploads\/2017\/11\/SURPATINpelle.jpg","contentUrl":"https:\/\/laserelectronique.com\/wp-content\/uploads\/2017\/11\/SURPATINpelle.jpg","width":1693,"height":1693},{"@type":"BreadcrumbList","@id":"https:\/\/laserelectronique.com\/?product=surpatins-pour-pelle#breadcrumb","itemListElement":[{"@type":"ListItem","position":1,"name":"Accueil","item":"https:\/\/laserelectronique.com\/"},{"@type":"ListItem","position":2,"name":"Boutique","item":"https:\/\/laserelectronique.com\/?page_id=7"},{"@type":"ListItem","position":3,"name":"Surpatins pour pelles"}]},{"@type":"WebSite","@id":"https:\/\/laserelectronique.com\/#website","url":"https:\/\/laserelectronique.com\/","name":"LASER ELECTRONIQUE TP","description":"VOTRE PARTENAIRE EN GUIDAGE D&#039;ENGINS, TOPOGRAPHIE ET SERVICES","potentialAction":[{"@type":"SearchAction","target":{"@type":"EntryPoint","urlTemplate":"https:\/\/laserelectronique.com\/?s={search_term_string}"},"query-input":{"@type":"PropertyValueSpecification","valueRequired":true,"valueName":"search_term_string"}}],"inLanguage":"fr-FR"}]}},"_links":{"self":[{"href":"https:\/\/laserelectronique.com\/index.php?rest_route=\/wp\/v2\/product\/50","targetHints":{"allow":["GET"]}}],"collection":[{"href":"https:\/\/laserelectronique.com\/index.php?rest_route=\/wp\/v2\/product"}],"about":[{"href":"https:\/\/laserelectronique.com\/index.php?rest_route=\/wp\/v2\/types\/product"}],"replies":[{"embeddable":true,"href":"https:\/\/laserelectronique.com\/index.php?rest_route=%2Fwp%2Fv2%2Fcomments&post=50"}],"wp:featuredmedia":[{"embeddable":true,"href":"https:\/\/laserelectronique.com\/index.php?rest_route=\/wp\/v2\/media\/994"}],"wp:attachment":[{"href":"https:\/\/laserelectronique.com\/index.php?rest_route=%2Fwp%2Fv2%2Fmedia&parent=50"}],"wp:term":[{"taxonomy":"product_cat","embeddable":true,"href":"https:\/\/laserelectronique.com\/index.php?rest_route=%2Fwp%2Fv2%2Fproduct_cat&post=50"},{"taxonomy":"product_tag","embeddable":true,"href":"https:\/\/laserelectronique.com\/index.php?rest_route=%2Fwp%2Fv2%2Fproduct_tag&post=50"}],"curies":[{"name":"wp","href":"https:\/\/api.w.org\/{rel}","templated":true}]}}