{"id":490,"date":"2017-04-11T15:35:18","date_gmt":"2017-04-11T13:35:18","guid":{"rendered":"http:\/\/laserins.fr\/?product=station-robotise-zoom-90"},"modified":"2020-11-18T15:39:09","modified_gmt":"2020-11-18T14:39:09","slug":"station-robotise-zoom-90","status":"publish","type":"product","link":"https:\/\/laserelectronique.com\/?product=station-robotise-zoom-90","title":{"rendered":"Station robotis\u00e9e Zoom 90"},"content":{"rendered":"<h3><b>Station totale robotis\u00e9e Zoom 90<\/b><\/h3>\n<p><strong>R\u00e9duisez consid\u00e9rablement la dur\u00e9e des \u00e9tudes et am\u00e9liorez vos\u00a0<\/strong><strong>performances et votre pr\u00e9cision de mani\u00e8re optimale.<\/strong><\/p>\n<p><strong>Le Zoom90\u00a0<\/strong><strong>est un syst\u00e8me monocontr\u00f4le ultime offrant jusqu&rsquo;\u00e0 20 % de\u00a0<\/strong><strong>performances automatis\u00e9es en plus, des capacit\u00e9s de mesure sans\u00a0<\/strong><strong>r\u00e9flecteur \u00e9tendues, STReAM360, les technologies accXess et la\u00a0<\/strong><strong>connectivit\u00e9 ouverte de Windows CE.<\/strong><\/p>\n<h3>Compl\u00e8tement robotis\u00e9e<\/h3>\n<p><strong>GeoTRAil\u00a0:\u00a0La prise en charge de cette nouvelle fonctionnalit\u00e9 de logiciel de terrain permet \u00e0 la Zoom90 de capturer votre prisme en fonction de la position GNSS transf\u00e9r\u00e9e de votre contr\u00f4leur. En raison de son int\u00e9gration transparente avec diverses solutions logiciel\u00a0les de terrain, il est simple et facile \u00e0 utiliser.\u00a0<\/strong><\/p>\n<p><strong>Scout\u00a0:\u00a0En plus de GeoTRAil, la Zoom90 int\u00e8gre la technologie Scout o\u00f9 un ventilateu\u00a0r laser vertical est \u00e9mis de l\u2019instrument rotatif. D\u00e8s que des r\u00e9flexions d\u2019un prisme sont re\u00e7ues, la Zoom90 pointe pr\u00e9cis\u00e9ment\u00a0 sur ce prisme.\u00a0<\/strong><\/p>\n<p><strong>TRack\u00a0:\u00a0Un autre \u00e9l\u00e9ment du STReaM360 est la fonctionnalit\u00e9 de poursuite de la cible\u00a0; la\u00a0Zoom90 poursuit continuellement la cible. Une fois verrouill\u00e9 sur celle-ci, l\u2019instrument reste pr\u00e9cis\u00e9ment point\u00e9 m\u00eame sur les cibles en mouvement rapide.\u00a0<\/strong><\/p>\n<p><strong>AiM\u00a0:\u00a0La Zoom90 vise avec pr\u00e9cision tout prisme sans qu\u2019il soit n\u00e9cessaire de regarder \u00e0 travers la lunette. Des mesures hautement fiables sont ex\u00e9cut\u00e9es automatiquement et sont toujours reproductibles.<\/strong><\/p>\n<p><strong>Fiche Technique :<\/strong><\/p>\n<ul>\n<li><a href=\"http:\/\/laserins.fr\/wp-content\/uploads\/2017\/04\/Brochure.pdf\">Brochure Zoom90<\/a><\/li>\n<li><a href=\"https:\/\/geomax-positioning.com\/fr-fr\/products\/total-stations\/zoom90-series#\">Page Geomax<\/a><\/li>\n<\/ul>\n","protected":false},"excerpt":{"rendered":"<p>Station totale robotis\u00e9e Zoom 90 R\u00e9duisez consid\u00e9rablement la dur\u00e9e des \u00e9tudes et am\u00e9liorez vos\u00a0performances et votre pr\u00e9cision de mani\u00e8re optimale. Le Zoom90\u00a0est un syst\u00e8me monocontr\u00f4le ultime offrant jusqu&rsquo;\u00e0 20 %&hellip;<\/p>\n","protected":false},"featured_media":492,"comment_status":"closed","ping_status":"closed","template":"","meta":[],"product_cat":[26,27,25],"product_tag":[],"class_list":{"0":"post-490","1":"product","2":"type-product","3":"status-publish","4":"has-post-thumbnail","6":"product_cat-stations-totales","7":"product_cat-stations-totales-automatiques","8":"product_cat-topographie","9":"","11":"first","12":"instock","13":"taxable","14":"shipping-taxable","15":"product-type-simple"},"yoast_head":"<!-- This site is optimized with the Yoast SEO plugin v24.7 - https:\/\/yoast.com\/wordpress\/plugins\/seo\/ -->\n<title>Station robotis\u00e9e Zoom 90 - LASER ELECTRONIQUE TP<\/title>\n<meta name=\"robots\" content=\"index, follow, max-snippet:-1, max-image-preview:large, max-video-preview:-1\" \/>\n<link rel=\"canonical\" href=\"https:\/\/laserelectronique.com\/?product=station-robotise-zoom-90\" \/>\n<meta property=\"og:locale\" content=\"fr_FR\" \/>\n<meta property=\"og:type\" content=\"article\" \/>\n<meta property=\"og:title\" content=\"Station robotis\u00e9e Zoom 90 - LASER ELECTRONIQUE TP\" \/>\n<meta property=\"og:description\" content=\"Station totale robotis\u00e9e Zoom 90 R\u00e9duisez consid\u00e9rablement la dur\u00e9e des \u00e9tudes et am\u00e9liorez vos\u00a0performances et votre pr\u00e9cision de mani\u00e8re optimale. Le Zoom90\u00a0est un syst\u00e8me monocontr\u00f4le ultime offrant jusqu&rsquo;\u00e0 20 %&hellip;\" \/>\n<meta property=\"og:url\" content=\"https:\/\/laserelectronique.com\/?product=station-robotise-zoom-90\" \/>\n<meta property=\"og:site_name\" content=\"LASER ELECTRONIQUE TP\" \/>\n<meta property=\"article:modified_time\" content=\"2020-11-18T14:39:09+00:00\" \/>\n<meta property=\"og:image\" content=\"https:\/\/laserelectronique.com\/wp-content\/uploads\/2017\/04\/Zoom90-135degrees-S-scaled.jpg\" \/>\n\t<meta property=\"og:image:width\" content=\"1748\" \/>\n\t<meta property=\"og:image:height\" content=\"2560\" \/>\n\t<meta property=\"og:image:type\" content=\"image\/jpeg\" \/>\n<meta name=\"twitter:card\" content=\"summary_large_image\" \/>\n<meta name=\"twitter:label1\" content=\"Dur\u00e9e de lecture estim\u00e9e\" \/>\n\t<meta name=\"twitter:data1\" content=\"1 minute\" \/>\n<script type=\"application\/ld+json\" class=\"yoast-schema-graph\">{\"@context\":\"https:\/\/schema.org\",\"@graph\":[{\"@type\":\"WebPage\",\"@id\":\"https:\/\/laserelectronique.com\/?product=station-robotise-zoom-90\",\"url\":\"https:\/\/laserelectronique.com\/?product=station-robotise-zoom-90\",\"name\":\"Station robotis\u00e9e Zoom 90 - LASER ELECTRONIQUE TP\",\"isPartOf\":{\"@id\":\"https:\/\/laserelectronique.com\/#website\"},\"primaryImageOfPage\":{\"@id\":\"https:\/\/laserelectronique.com\/?product=station-robotise-zoom-90#primaryimage\"},\"image\":{\"@id\":\"https:\/\/laserelectronique.com\/?product=station-robotise-zoom-90#primaryimage\"},\"thumbnailUrl\":\"https:\/\/laserelectronique.com\/wp-content\/uploads\/2017\/04\/Zoom90-135degrees-S-scaled.jpg\",\"datePublished\":\"2017-04-11T13:35:18+00:00\",\"dateModified\":\"2020-11-18T14:39:09+00:00\",\"breadcrumb\":{\"@id\":\"https:\/\/laserelectronique.com\/?product=station-robotise-zoom-90#breadcrumb\"},\"inLanguage\":\"fr-FR\",\"potentialAction\":[{\"@type\":\"ReadAction\",\"target\":[\"https:\/\/laserelectronique.com\/?product=station-robotise-zoom-90\"]}]},{\"@type\":\"ImageObject\",\"inLanguage\":\"fr-FR\",\"@id\":\"https:\/\/laserelectronique.com\/?product=station-robotise-zoom-90#primaryimage\",\"url\":\"https:\/\/laserelectronique.com\/wp-content\/uploads\/2017\/04\/Zoom90-135degrees-S-scaled.jpg\",\"contentUrl\":\"https:\/\/laserelectronique.com\/wp-content\/uploads\/2017\/04\/Zoom90-135degrees-S-scaled.jpg\",\"width\":1748,\"height\":2560},{\"@type\":\"BreadcrumbList\",\"@id\":\"https:\/\/laserelectronique.com\/?product=station-robotise-zoom-90#breadcrumb\",\"itemListElement\":[{\"@type\":\"ListItem\",\"position\":1,\"name\":\"Accueil\",\"item\":\"https:\/\/laserelectronique.com\/\"},{\"@type\":\"ListItem\",\"position\":2,\"name\":\"Boutique\",\"item\":\"https:\/\/laserelectronique.com\/?page_id=7\"},{\"@type\":\"ListItem\",\"position\":3,\"name\":\"Station robotis\u00e9e Zoom 90\"}]},{\"@type\":\"WebSite\",\"@id\":\"https:\/\/laserelectronique.com\/#website\",\"url\":\"https:\/\/laserelectronique.com\/\",\"name\":\"LASER ELECTRONIQUE TP\",\"description\":\"VOTRE PARTENAIRE EN GUIDAGE D&#039;ENGINS, TOPOGRAPHIE ET SERVICES\",\"potentialAction\":[{\"@type\":\"SearchAction\",\"target\":{\"@type\":\"EntryPoint\",\"urlTemplate\":\"https:\/\/laserelectronique.com\/?s={search_term_string}\"},\"query-input\":{\"@type\":\"PropertyValueSpecification\",\"valueRequired\":true,\"valueName\":\"search_term_string\"}}],\"inLanguage\":\"fr-FR\"}]}<\/script>\n<!-- \/ Yoast SEO plugin. -->","yoast_head_json":{"title":"Station robotis\u00e9e Zoom 90 - LASER ELECTRONIQUE TP","robots":{"index":"index","follow":"follow","max-snippet":"max-snippet:-1","max-image-preview":"max-image-preview:large","max-video-preview":"max-video-preview:-1"},"canonical":"https:\/\/laserelectronique.com\/?product=station-robotise-zoom-90","og_locale":"fr_FR","og_type":"article","og_title":"Station robotis\u00e9e Zoom 90 - LASER ELECTRONIQUE TP","og_description":"Station totale robotis\u00e9e Zoom 90 R\u00e9duisez consid\u00e9rablement la dur\u00e9e des \u00e9tudes et am\u00e9liorez vos\u00a0performances et votre pr\u00e9cision de mani\u00e8re optimale. Le Zoom90\u00a0est un syst\u00e8me monocontr\u00f4le ultime offrant jusqu&rsquo;\u00e0 20 %&hellip;","og_url":"https:\/\/laserelectronique.com\/?product=station-robotise-zoom-90","og_site_name":"LASER ELECTRONIQUE TP","article_modified_time":"2020-11-18T14:39:09+00:00","og_image":[{"width":1748,"height":2560,"url":"https:\/\/laserelectronique.com\/wp-content\/uploads\/2017\/04\/Zoom90-135degrees-S-scaled.jpg","type":"image\/jpeg"}],"twitter_card":"summary_large_image","twitter_misc":{"Dur\u00e9e de lecture estim\u00e9e":"1 minute"},"schema":{"@context":"https:\/\/schema.org","@graph":[{"@type":"WebPage","@id":"https:\/\/laserelectronique.com\/?product=station-robotise-zoom-90","url":"https:\/\/laserelectronique.com\/?product=station-robotise-zoom-90","name":"Station robotis\u00e9e Zoom 90 - LASER ELECTRONIQUE TP","isPartOf":{"@id":"https:\/\/laserelectronique.com\/#website"},"primaryImageOfPage":{"@id":"https:\/\/laserelectronique.com\/?product=station-robotise-zoom-90#primaryimage"},"image":{"@id":"https:\/\/laserelectronique.com\/?product=station-robotise-zoom-90#primaryimage"},"thumbnailUrl":"https:\/\/laserelectronique.com\/wp-content\/uploads\/2017\/04\/Zoom90-135degrees-S-scaled.jpg","datePublished":"2017-04-11T13:35:18+00:00","dateModified":"2020-11-18T14:39:09+00:00","breadcrumb":{"@id":"https:\/\/laserelectronique.com\/?product=station-robotise-zoom-90#breadcrumb"},"inLanguage":"fr-FR","potentialAction":[{"@type":"ReadAction","target":["https:\/\/laserelectronique.com\/?product=station-robotise-zoom-90"]}]},{"@type":"ImageObject","inLanguage":"fr-FR","@id":"https:\/\/laserelectronique.com\/?product=station-robotise-zoom-90#primaryimage","url":"https:\/\/laserelectronique.com\/wp-content\/uploads\/2017\/04\/Zoom90-135degrees-S-scaled.jpg","contentUrl":"https:\/\/laserelectronique.com\/wp-content\/uploads\/2017\/04\/Zoom90-135degrees-S-scaled.jpg","width":1748,"height":2560},{"@type":"BreadcrumbList","@id":"https:\/\/laserelectronique.com\/?product=station-robotise-zoom-90#breadcrumb","itemListElement":[{"@type":"ListItem","position":1,"name":"Accueil","item":"https:\/\/laserelectronique.com\/"},{"@type":"ListItem","position":2,"name":"Boutique","item":"https:\/\/laserelectronique.com\/?page_id=7"},{"@type":"ListItem","position":3,"name":"Station robotis\u00e9e Zoom 90"}]},{"@type":"WebSite","@id":"https:\/\/laserelectronique.com\/#website","url":"https:\/\/laserelectronique.com\/","name":"LASER ELECTRONIQUE TP","description":"VOTRE PARTENAIRE EN GUIDAGE D&#039;ENGINS, TOPOGRAPHIE ET SERVICES","potentialAction":[{"@type":"SearchAction","target":{"@type":"EntryPoint","urlTemplate":"https:\/\/laserelectronique.com\/?s={search_term_string}"},"query-input":{"@type":"PropertyValueSpecification","valueRequired":true,"valueName":"search_term_string"}}],"inLanguage":"fr-FR"}]}},"_links":{"self":[{"href":"https:\/\/laserelectronique.com\/index.php?rest_route=\/wp\/v2\/product\/490","targetHints":{"allow":["GET"]}}],"collection":[{"href":"https:\/\/laserelectronique.com\/index.php?rest_route=\/wp\/v2\/product"}],"about":[{"href":"https:\/\/laserelectronique.com\/index.php?rest_route=\/wp\/v2\/types\/product"}],"replies":[{"embeddable":true,"href":"https:\/\/laserelectronique.com\/index.php?rest_route=%2Fwp%2Fv2%2Fcomments&post=490"}],"wp:featuredmedia":[{"embeddable":true,"href":"https:\/\/laserelectronique.com\/index.php?rest_route=\/wp\/v2\/media\/492"}],"wp:attachment":[{"href":"https:\/\/laserelectronique.com\/index.php?rest_route=%2Fwp%2Fv2%2Fmedia&parent=490"}],"wp:term":[{"taxonomy":"product_cat","embeddable":true,"href":"https:\/\/laserelectronique.com\/index.php?rest_route=%2Fwp%2Fv2%2Fproduct_cat&post=490"},{"taxonomy":"product_tag","embeddable":true,"href":"https:\/\/laserelectronique.com\/index.php?rest_route=%2Fwp%2Fv2%2Fproduct_tag&post=490"}],"curies":[{"name":"wp","href":"https:\/\/api.w.org\/{rel}","templated":true}]}}