{"id":459,"date":"2017-04-06T16:05:29","date_gmt":"2017-04-06T14:05:29","guid":{"rendered":"http:\/\/laserins.fr\/?product=ski-sonic-pour-finisseurs-vogele"},"modified":"2024-09-19T19:31:19","modified_gmt":"2024-09-19T17:31:19","slug":"ski-sonic-pour-finisseurs-vogele","status":"publish","type":"product","link":"https:\/\/laserelectronique.com\/?product=ski-sonic-pour-finisseurs-vogele","title":{"rendered":"Ski sonic pour finisseurs Vog\u00eble"},"content":{"rendered":"<p><strong>Ski sonic\u00a0 adaptable pour les finisseurs <\/strong><strong>Vog\u00eble &#8211; Wirtgen.<\/strong><\/p>\n<div class=\"product--description\">\n<p><strong>D\u00e9tection sans contact depuis le sol, une corde ou une bordure pour le contr\u00f4le de pente.\u00a0Cela signifie une flexibilit\u00e9 maximale en utilisant diff\u00e9rentes r\u00e9f\u00e9rences, aucune usure m\u00e9canique, aucune encrassement du capteur.\u00a0Le\u00a0capteur\u00a0Sonic-Ski\u00a0<sup>\u00ae<\/sup>\u00a0plus est le premier appareil de ce type \u00e9quip\u00e9 de plusieurs oscillateurs \u00e0 ultrasons.\u00a0Cinq capteurs d\u00e9terminent la distance au point de r\u00e9f\u00e9rence, tandis qu&rsquo;un sixi\u00e8me est utilis\u00e9 pour la compensation de temp\u00e9rature en temps r\u00e9el.<\/strong><\/p>\n<p><strong> IP67<\/strong><\/p>\n<\/div>\n<div class=\"product--description\"><strong>Vitesse de transmission: 125 kBit \/ sec\u00a0<\/strong><br \/>\n<strong>Connecteurs:\u00a0Ba\u00efonnette\u00a0CA 7 p\u00f4les, m\u00e2le (CAN): ISO 11898, 24 V, 125 kBit \/ s, ba\u00efonnette 8 p\u00f4les, m\u00e2le: Analogique PWM<\/strong><\/div>\n<p><strong>Nous consulter pour des produits sp\u00e9cifiques hors catalogue.<\/strong><\/p>\n<p><strong>Devis gratuit.<\/strong><\/p>\n<p>&nbsp;<\/p>\n<h3><strong>Document produit:<\/strong><\/h3>\n<ul>\n<li><a href=\"http:\/\/laserins.fr\/wp-content\/uploads\/2017\/04\/DOC-Electronique-Pupitre.pdf\">Electronique &#8211; Pupitre<\/a><\/li>\n<\/ul>\n","protected":false},"excerpt":{"rendered":"<p>Ski sonic\u00a0 adaptable pour les finisseurs Vog\u00eble &#8211; Wirtgen. D\u00e9tection sans contact depuis le sol, une corde ou une bordure pour le contr\u00f4le de pente.\u00a0Cela signifie une flexibilit\u00e9 maximale en&hellip;<\/p>\n","protected":false},"featured_media":3464,"comment_status":"closed","ping_status":"closed","template":"","meta":[],"product_cat":[24],"product_tag":[],"class_list":{"0":"post-459","1":"product","2":"type-product","3":"status-publish","4":"has-post-thumbnail","6":"product_cat-finisseur","7":"","9":"first","10":"instock","11":"taxable","12":"shipping-taxable","13":"product-type-simple"},"yoast_head":"<!-- This site is optimized with the Yoast SEO plugin v24.7 - https:\/\/yoast.com\/wordpress\/plugins\/seo\/ -->\n<title>Ski sonic pour finisseurs Vog\u00eble - LASER ELECTRONIQUE TP<\/title>\n<meta name=\"robots\" content=\"index, follow, max-snippet:-1, max-image-preview:large, max-video-preview:-1\" \/>\n<link rel=\"canonical\" href=\"https:\/\/laserelectronique.com\/?product=ski-sonic-pour-finisseurs-vogele\" \/>\n<meta property=\"og:locale\" content=\"fr_FR\" \/>\n<meta property=\"og:type\" content=\"article\" \/>\n<meta property=\"og:title\" content=\"Ski sonic pour finisseurs Vog\u00eble - LASER ELECTRONIQUE TP\" \/>\n<meta property=\"og:description\" content=\"Ski sonic\u00a0 adaptable pour les finisseurs Vog\u00eble &#8211; Wirtgen. D\u00e9tection sans contact depuis le sol, une corde ou une bordure pour le contr\u00f4le de pente.\u00a0Cela signifie une flexibilit\u00e9 maximale en&hellip;\" \/>\n<meta property=\"og:url\" content=\"https:\/\/laserelectronique.com\/?product=ski-sonic-pour-finisseurs-vogele\" \/>\n<meta property=\"og:site_name\" content=\"LASER ELECTRONIQUE TP\" \/>\n<meta property=\"article:modified_time\" content=\"2024-09-19T17:31:19+00:00\" \/>\n<meta property=\"og:image\" content=\"https:\/\/laserelectronique.com\/wp-content\/uploads\/2017\/04\/Voegele_Ski_Voegele-1024x1024.png\" \/>\n\t<meta property=\"og:image:width\" content=\"1024\" \/>\n\t<meta property=\"og:image:height\" content=\"1024\" \/>\n\t<meta property=\"og:image:type\" content=\"image\/png\" \/>\n<meta name=\"twitter:card\" content=\"summary_large_image\" \/>\n<meta name=\"twitter:label1\" content=\"Dur\u00e9e de lecture estim\u00e9e\" \/>\n\t<meta name=\"twitter:data1\" content=\"1 minute\" \/>\n<script type=\"application\/ld+json\" class=\"yoast-schema-graph\">{\"@context\":\"https:\/\/schema.org\",\"@graph\":[{\"@type\":\"WebPage\",\"@id\":\"https:\/\/laserelectronique.com\/?product=ski-sonic-pour-finisseurs-vogele\",\"url\":\"https:\/\/laserelectronique.com\/?product=ski-sonic-pour-finisseurs-vogele\",\"name\":\"Ski sonic pour finisseurs Vog\u00eble - LASER ELECTRONIQUE TP\",\"isPartOf\":{\"@id\":\"https:\/\/laserelectronique.com\/#website\"},\"primaryImageOfPage\":{\"@id\":\"https:\/\/laserelectronique.com\/?product=ski-sonic-pour-finisseurs-vogele#primaryimage\"},\"image\":{\"@id\":\"https:\/\/laserelectronique.com\/?product=ski-sonic-pour-finisseurs-vogele#primaryimage\"},\"thumbnailUrl\":\"https:\/\/laserelectronique.com\/wp-content\/uploads\/2017\/04\/Voegele_Ski_Voegele.png\",\"datePublished\":\"2017-04-06T14:05:29+00:00\",\"dateModified\":\"2024-09-19T17:31:19+00:00\",\"breadcrumb\":{\"@id\":\"https:\/\/laserelectronique.com\/?product=ski-sonic-pour-finisseurs-vogele#breadcrumb\"},\"inLanguage\":\"fr-FR\",\"potentialAction\":[{\"@type\":\"ReadAction\",\"target\":[\"https:\/\/laserelectronique.com\/?product=ski-sonic-pour-finisseurs-vogele\"]}]},{\"@type\":\"ImageObject\",\"inLanguage\":\"fr-FR\",\"@id\":\"https:\/\/laserelectronique.com\/?product=ski-sonic-pour-finisseurs-vogele#primaryimage\",\"url\":\"https:\/\/laserelectronique.com\/wp-content\/uploads\/2017\/04\/Voegele_Ski_Voegele.png\",\"contentUrl\":\"https:\/\/laserelectronique.com\/wp-content\/uploads\/2017\/04\/Voegele_Ski_Voegele.png\",\"width\":4000,\"height\":4000},{\"@type\":\"BreadcrumbList\",\"@id\":\"https:\/\/laserelectronique.com\/?product=ski-sonic-pour-finisseurs-vogele#breadcrumb\",\"itemListElement\":[{\"@type\":\"ListItem\",\"position\":1,\"name\":\"Accueil\",\"item\":\"https:\/\/laserelectronique.com\/\"},{\"@type\":\"ListItem\",\"position\":2,\"name\":\"Boutique\",\"item\":\"https:\/\/laserelectronique.com\/?page_id=7\"},{\"@type\":\"ListItem\",\"position\":3,\"name\":\"Ski sonic pour finisseurs Vog\u00eble\"}]},{\"@type\":\"WebSite\",\"@id\":\"https:\/\/laserelectronique.com\/#website\",\"url\":\"https:\/\/laserelectronique.com\/\",\"name\":\"LASER ELECTRONIQUE TP\",\"description\":\"VOTRE PARTENAIRE EN GUIDAGE D&#039;ENGINS, TOPOGRAPHIE ET SERVICES\",\"potentialAction\":[{\"@type\":\"SearchAction\",\"target\":{\"@type\":\"EntryPoint\",\"urlTemplate\":\"https:\/\/laserelectronique.com\/?s={search_term_string}\"},\"query-input\":{\"@type\":\"PropertyValueSpecification\",\"valueRequired\":true,\"valueName\":\"search_term_string\"}}],\"inLanguage\":\"fr-FR\"}]}<\/script>\n<!-- \/ Yoast SEO plugin. -->","yoast_head_json":{"title":"Ski sonic pour finisseurs Vog\u00eble - LASER ELECTRONIQUE TP","robots":{"index":"index","follow":"follow","max-snippet":"max-snippet:-1","max-image-preview":"max-image-preview:large","max-video-preview":"max-video-preview:-1"},"canonical":"https:\/\/laserelectronique.com\/?product=ski-sonic-pour-finisseurs-vogele","og_locale":"fr_FR","og_type":"article","og_title":"Ski sonic pour finisseurs Vog\u00eble - LASER ELECTRONIQUE TP","og_description":"Ski sonic\u00a0 adaptable pour les finisseurs Vog\u00eble &#8211; Wirtgen. D\u00e9tection sans contact depuis le sol, une corde ou une bordure pour le contr\u00f4le de pente.\u00a0Cela signifie une flexibilit\u00e9 maximale en&hellip;","og_url":"https:\/\/laserelectronique.com\/?product=ski-sonic-pour-finisseurs-vogele","og_site_name":"LASER ELECTRONIQUE TP","article_modified_time":"2024-09-19T17:31:19+00:00","og_image":[{"width":1024,"height":1024,"url":"https:\/\/laserelectronique.com\/wp-content\/uploads\/2017\/04\/Voegele_Ski_Voegele-1024x1024.png","type":"image\/png"}],"twitter_card":"summary_large_image","twitter_misc":{"Dur\u00e9e de lecture estim\u00e9e":"1 minute"},"schema":{"@context":"https:\/\/schema.org","@graph":[{"@type":"WebPage","@id":"https:\/\/laserelectronique.com\/?product=ski-sonic-pour-finisseurs-vogele","url":"https:\/\/laserelectronique.com\/?product=ski-sonic-pour-finisseurs-vogele","name":"Ski sonic pour finisseurs Vog\u00eble - LASER ELECTRONIQUE TP","isPartOf":{"@id":"https:\/\/laserelectronique.com\/#website"},"primaryImageOfPage":{"@id":"https:\/\/laserelectronique.com\/?product=ski-sonic-pour-finisseurs-vogele#primaryimage"},"image":{"@id":"https:\/\/laserelectronique.com\/?product=ski-sonic-pour-finisseurs-vogele#primaryimage"},"thumbnailUrl":"https:\/\/laserelectronique.com\/wp-content\/uploads\/2017\/04\/Voegele_Ski_Voegele.png","datePublished":"2017-04-06T14:05:29+00:00","dateModified":"2024-09-19T17:31:19+00:00","breadcrumb":{"@id":"https:\/\/laserelectronique.com\/?product=ski-sonic-pour-finisseurs-vogele#breadcrumb"},"inLanguage":"fr-FR","potentialAction":[{"@type":"ReadAction","target":["https:\/\/laserelectronique.com\/?product=ski-sonic-pour-finisseurs-vogele"]}]},{"@type":"ImageObject","inLanguage":"fr-FR","@id":"https:\/\/laserelectronique.com\/?product=ski-sonic-pour-finisseurs-vogele#primaryimage","url":"https:\/\/laserelectronique.com\/wp-content\/uploads\/2017\/04\/Voegele_Ski_Voegele.png","contentUrl":"https:\/\/laserelectronique.com\/wp-content\/uploads\/2017\/04\/Voegele_Ski_Voegele.png","width":4000,"height":4000},{"@type":"BreadcrumbList","@id":"https:\/\/laserelectronique.com\/?product=ski-sonic-pour-finisseurs-vogele#breadcrumb","itemListElement":[{"@type":"ListItem","position":1,"name":"Accueil","item":"https:\/\/laserelectronique.com\/"},{"@type":"ListItem","position":2,"name":"Boutique","item":"https:\/\/laserelectronique.com\/?page_id=7"},{"@type":"ListItem","position":3,"name":"Ski sonic pour finisseurs Vog\u00eble"}]},{"@type":"WebSite","@id":"https:\/\/laserelectronique.com\/#website","url":"https:\/\/laserelectronique.com\/","name":"LASER ELECTRONIQUE TP","description":"VOTRE PARTENAIRE EN GUIDAGE D&#039;ENGINS, TOPOGRAPHIE ET SERVICES","potentialAction":[{"@type":"SearchAction","target":{"@type":"EntryPoint","urlTemplate":"https:\/\/laserelectronique.com\/?s={search_term_string}"},"query-input":{"@type":"PropertyValueSpecification","valueRequired":true,"valueName":"search_term_string"}}],"inLanguage":"fr-FR"}]}},"_links":{"self":[{"href":"https:\/\/laserelectronique.com\/index.php?rest_route=\/wp\/v2\/product\/459","targetHints":{"allow":["GET"]}}],"collection":[{"href":"https:\/\/laserelectronique.com\/index.php?rest_route=\/wp\/v2\/product"}],"about":[{"href":"https:\/\/laserelectronique.com\/index.php?rest_route=\/wp\/v2\/types\/product"}],"replies":[{"embeddable":true,"href":"https:\/\/laserelectronique.com\/index.php?rest_route=%2Fwp%2Fv2%2Fcomments&post=459"}],"wp:featuredmedia":[{"embeddable":true,"href":"https:\/\/laserelectronique.com\/index.php?rest_route=\/wp\/v2\/media\/3464"}],"wp:attachment":[{"href":"https:\/\/laserelectronique.com\/index.php?rest_route=%2Fwp%2Fv2%2Fmedia&parent=459"}],"wp:term":[{"taxonomy":"product_cat","embeddable":true,"href":"https:\/\/laserelectronique.com\/index.php?rest_route=%2Fwp%2Fv2%2Fproduct_cat&post=459"},{"taxonomy":"product_tag","embeddable":true,"href":"https:\/\/laserelectronique.com\/index.php?rest_route=%2Fwp%2Fv2%2Fproduct_tag&post=459"}],"curies":[{"name":"wp","href":"https:\/\/api.w.org\/{rel}","templated":true}]}}