{"id":3466,"date":"2024-09-19T20:14:41","date_gmt":"2024-09-19T18:14:41","guid":{"rendered":"https:\/\/laserelectronique.com\/?post_type=product&#038;p=3466"},"modified":"2024-09-19T20:17:50","modified_gmt":"2024-09-19T18:17:50","slug":"ski-sonic-pour-finisseurs-vogele-2","status":"publish","type":"product","link":"https:\/\/laserelectronique.com\/?product=ski-sonic-pour-finisseurs-vogele-2","title":{"rendered":"Ski sonic pour finisseurs Vog\u00eble"},"content":{"rendered":"<h3><strong>Ski sonic\u00a0 adaptable pour les finisseurs <\/strong><strong>Vog\u00eble s\u00e9rie 3\u00a0<\/strong><\/h3>\n<div class=\"product--description\">\n<p><strong>D\u00e9tection sans contact depuis le sol, une corde ou une bordure pour le contr\u00f4le de pente. Cela signifie une flexibilit\u00e9 maximale en utilisant diff\u00e9rentes r\u00e9f\u00e9rences, aucune usure m\u00e9canique, aucune encrassement du capteur<\/strong><\/p>\n<\/div>\n<div class=\"product--description\"><\/div>\n<p><strong>Nous consulter pour des produits sp\u00e9cifiques hors catalogue.<\/strong><\/p>\n<p><strong>Devis gratuit.<\/strong><\/p>\n<p>&nbsp;<\/p>\n<h3><strong>Document produit:<\/strong><\/h3>\n<ul>\n<li><a href=\"http:\/\/laserins.fr\/wp-content\/uploads\/2017\/04\/DOC-Electronique-Pupitre.pdf\">Electronique &#8211; Pupitre<\/a><\/li>\n<\/ul>\n","protected":false},"excerpt":{"rendered":"<p>Ski sonic\u00a0 adaptable pour les finisseurs Vog\u00eble s\u00e9rie 3\u00a0 D\u00e9tection sans contact depuis le sol, une corde ou une bordure pour le contr\u00f4le de pente. Cela signifie une flexibilit\u00e9 maximale&hellip;<\/p>\n","protected":false},"featured_media":3467,"comment_status":"closed","ping_status":"closed","template":"","meta":[],"product_cat":[24],"product_tag":[],"class_list":{"0":"post-3466","1":"product","2":"type-product","3":"status-publish","4":"has-post-thumbnail","6":"product_cat-finisseur","7":"","9":"first","10":"instock","11":"taxable","12":"shipping-taxable","13":"product-type-simple"},"yoast_head":"<!-- This site is optimized with the Yoast SEO plugin v24.7 - https:\/\/yoast.com\/wordpress\/plugins\/seo\/ -->\n<title>Ski sonic pour finisseurs Vog\u00eble - LASER ELECTRONIQUE TP<\/title>\n<meta name=\"robots\" content=\"index, follow, max-snippet:-1, max-image-preview:large, max-video-preview:-1\" \/>\n<link rel=\"canonical\" href=\"https:\/\/laserelectronique.com\/?product=ski-sonic-pour-finisseurs-vogele-2\" \/>\n<meta property=\"og:locale\" content=\"fr_FR\" \/>\n<meta property=\"og:type\" content=\"article\" \/>\n<meta property=\"og:title\" content=\"Ski sonic pour finisseurs Vog\u00eble - LASER ELECTRONIQUE TP\" \/>\n<meta property=\"og:description\" content=\"Ski sonic\u00a0 adaptable pour les finisseurs Vog\u00eble s\u00e9rie 3\u00a0 D\u00e9tection sans contact depuis le sol, une corde ou une bordure pour le contr\u00f4le de pente. Cela signifie une flexibilit\u00e9 maximale&hellip;\" \/>\n<meta property=\"og:url\" content=\"https:\/\/laserelectronique.com\/?product=ski-sonic-pour-finisseurs-vogele-2\" \/>\n<meta property=\"og:site_name\" content=\"LASER ELECTRONIQUE TP\" \/>\n<meta property=\"article:modified_time\" content=\"2024-09-19T18:17:50+00:00\" \/>\n<meta property=\"og:image\" content=\"https:\/\/laserelectronique.com\/wp-content\/uploads\/2024\/09\/2431211.png\" \/>\n\t<meta property=\"og:image:width\" content=\"1700\" \/>\n\t<meta property=\"og:image:height\" content=\"1700\" \/>\n\t<meta property=\"og:image:type\" content=\"image\/png\" \/>\n<meta name=\"twitter:card\" content=\"summary_large_image\" \/>\n<script type=\"application\/ld+json\" class=\"yoast-schema-graph\">{\"@context\":\"https:\/\/schema.org\",\"@graph\":[{\"@type\":\"WebPage\",\"@id\":\"https:\/\/laserelectronique.com\/?product=ski-sonic-pour-finisseurs-vogele-2\",\"url\":\"https:\/\/laserelectronique.com\/?product=ski-sonic-pour-finisseurs-vogele-2\",\"name\":\"Ski sonic pour finisseurs Vog\u00eble - LASER ELECTRONIQUE TP\",\"isPartOf\":{\"@id\":\"https:\/\/laserelectronique.com\/#website\"},\"primaryImageOfPage\":{\"@id\":\"https:\/\/laserelectronique.com\/?product=ski-sonic-pour-finisseurs-vogele-2#primaryimage\"},\"image\":{\"@id\":\"https:\/\/laserelectronique.com\/?product=ski-sonic-pour-finisseurs-vogele-2#primaryimage\"},\"thumbnailUrl\":\"https:\/\/laserelectronique.com\/wp-content\/uploads\/2024\/09\/2431211.png\",\"datePublished\":\"2024-09-19T18:14:41+00:00\",\"dateModified\":\"2024-09-19T18:17:50+00:00\",\"breadcrumb\":{\"@id\":\"https:\/\/laserelectronique.com\/?product=ski-sonic-pour-finisseurs-vogele-2#breadcrumb\"},\"inLanguage\":\"fr-FR\",\"potentialAction\":[{\"@type\":\"ReadAction\",\"target\":[\"https:\/\/laserelectronique.com\/?product=ski-sonic-pour-finisseurs-vogele-2\"]}]},{\"@type\":\"ImageObject\",\"inLanguage\":\"fr-FR\",\"@id\":\"https:\/\/laserelectronique.com\/?product=ski-sonic-pour-finisseurs-vogele-2#primaryimage\",\"url\":\"https:\/\/laserelectronique.com\/wp-content\/uploads\/2024\/09\/2431211.png\",\"contentUrl\":\"https:\/\/laserelectronique.com\/wp-content\/uploads\/2024\/09\/2431211.png\",\"width\":1700,\"height\":1700},{\"@type\":\"BreadcrumbList\",\"@id\":\"https:\/\/laserelectronique.com\/?product=ski-sonic-pour-finisseurs-vogele-2#breadcrumb\",\"itemListElement\":[{\"@type\":\"ListItem\",\"position\":1,\"name\":\"Accueil\",\"item\":\"https:\/\/laserelectronique.com\/\"},{\"@type\":\"ListItem\",\"position\":2,\"name\":\"Boutique\",\"item\":\"https:\/\/laserelectronique.com\/?page_id=7\"},{\"@type\":\"ListItem\",\"position\":3,\"name\":\"Ski sonic pour finisseurs Vog\u00eble\"}]},{\"@type\":\"WebSite\",\"@id\":\"https:\/\/laserelectronique.com\/#website\",\"url\":\"https:\/\/laserelectronique.com\/\",\"name\":\"LASER ELECTRONIQUE TP\",\"description\":\"VOTRE PARTENAIRE EN GUIDAGE D&#039;ENGINS, TOPOGRAPHIE ET SERVICES\",\"potentialAction\":[{\"@type\":\"SearchAction\",\"target\":{\"@type\":\"EntryPoint\",\"urlTemplate\":\"https:\/\/laserelectronique.com\/?s={search_term_string}\"},\"query-input\":{\"@type\":\"PropertyValueSpecification\",\"valueRequired\":true,\"valueName\":\"search_term_string\"}}],\"inLanguage\":\"fr-FR\"}]}<\/script>\n<!-- \/ Yoast SEO plugin. -->","yoast_head_json":{"title":"Ski sonic pour finisseurs Vog\u00eble - LASER ELECTRONIQUE TP","robots":{"index":"index","follow":"follow","max-snippet":"max-snippet:-1","max-image-preview":"max-image-preview:large","max-video-preview":"max-video-preview:-1"},"canonical":"https:\/\/laserelectronique.com\/?product=ski-sonic-pour-finisseurs-vogele-2","og_locale":"fr_FR","og_type":"article","og_title":"Ski sonic pour finisseurs Vog\u00eble - LASER ELECTRONIQUE TP","og_description":"Ski sonic\u00a0 adaptable pour les finisseurs Vog\u00eble s\u00e9rie 3\u00a0 D\u00e9tection sans contact depuis le sol, une corde ou une bordure pour le contr\u00f4le de pente. Cela signifie une flexibilit\u00e9 maximale&hellip;","og_url":"https:\/\/laserelectronique.com\/?product=ski-sonic-pour-finisseurs-vogele-2","og_site_name":"LASER ELECTRONIQUE TP","article_modified_time":"2024-09-19T18:17:50+00:00","og_image":[{"width":1700,"height":1700,"url":"https:\/\/laserelectronique.com\/wp-content\/uploads\/2024\/09\/2431211.png","type":"image\/png"}],"twitter_card":"summary_large_image","schema":{"@context":"https:\/\/schema.org","@graph":[{"@type":"WebPage","@id":"https:\/\/laserelectronique.com\/?product=ski-sonic-pour-finisseurs-vogele-2","url":"https:\/\/laserelectronique.com\/?product=ski-sonic-pour-finisseurs-vogele-2","name":"Ski sonic pour finisseurs Vog\u00eble - LASER ELECTRONIQUE TP","isPartOf":{"@id":"https:\/\/laserelectronique.com\/#website"},"primaryImageOfPage":{"@id":"https:\/\/laserelectronique.com\/?product=ski-sonic-pour-finisseurs-vogele-2#primaryimage"},"image":{"@id":"https:\/\/laserelectronique.com\/?product=ski-sonic-pour-finisseurs-vogele-2#primaryimage"},"thumbnailUrl":"https:\/\/laserelectronique.com\/wp-content\/uploads\/2024\/09\/2431211.png","datePublished":"2024-09-19T18:14:41+00:00","dateModified":"2024-09-19T18:17:50+00:00","breadcrumb":{"@id":"https:\/\/laserelectronique.com\/?product=ski-sonic-pour-finisseurs-vogele-2#breadcrumb"},"inLanguage":"fr-FR","potentialAction":[{"@type":"ReadAction","target":["https:\/\/laserelectronique.com\/?product=ski-sonic-pour-finisseurs-vogele-2"]}]},{"@type":"ImageObject","inLanguage":"fr-FR","@id":"https:\/\/laserelectronique.com\/?product=ski-sonic-pour-finisseurs-vogele-2#primaryimage","url":"https:\/\/laserelectronique.com\/wp-content\/uploads\/2024\/09\/2431211.png","contentUrl":"https:\/\/laserelectronique.com\/wp-content\/uploads\/2024\/09\/2431211.png","width":1700,"height":1700},{"@type":"BreadcrumbList","@id":"https:\/\/laserelectronique.com\/?product=ski-sonic-pour-finisseurs-vogele-2#breadcrumb","itemListElement":[{"@type":"ListItem","position":1,"name":"Accueil","item":"https:\/\/laserelectronique.com\/"},{"@type":"ListItem","position":2,"name":"Boutique","item":"https:\/\/laserelectronique.com\/?page_id=7"},{"@type":"ListItem","position":3,"name":"Ski sonic pour finisseurs Vog\u00eble"}]},{"@type":"WebSite","@id":"https:\/\/laserelectronique.com\/#website","url":"https:\/\/laserelectronique.com\/","name":"LASER ELECTRONIQUE TP","description":"VOTRE PARTENAIRE EN GUIDAGE D&#039;ENGINS, TOPOGRAPHIE ET SERVICES","potentialAction":[{"@type":"SearchAction","target":{"@type":"EntryPoint","urlTemplate":"https:\/\/laserelectronique.com\/?s={search_term_string}"},"query-input":{"@type":"PropertyValueSpecification","valueRequired":true,"valueName":"search_term_string"}}],"inLanguage":"fr-FR"}]}},"_links":{"self":[{"href":"https:\/\/laserelectronique.com\/index.php?rest_route=\/wp\/v2\/product\/3466","targetHints":{"allow":["GET"]}}],"collection":[{"href":"https:\/\/laserelectronique.com\/index.php?rest_route=\/wp\/v2\/product"}],"about":[{"href":"https:\/\/laserelectronique.com\/index.php?rest_route=\/wp\/v2\/types\/product"}],"replies":[{"embeddable":true,"href":"https:\/\/laserelectronique.com\/index.php?rest_route=%2Fwp%2Fv2%2Fcomments&post=3466"}],"wp:featuredmedia":[{"embeddable":true,"href":"https:\/\/laserelectronique.com\/index.php?rest_route=\/wp\/v2\/media\/3467"}],"wp:attachment":[{"href":"https:\/\/laserelectronique.com\/index.php?rest_route=%2Fwp%2Fv2%2Fmedia&parent=3466"}],"wp:term":[{"taxonomy":"product_cat","embeddable":true,"href":"https:\/\/laserelectronique.com\/index.php?rest_route=%2Fwp%2Fv2%2Fproduct_cat&post=3466"},{"taxonomy":"product_tag","embeddable":true,"href":"https:\/\/laserelectronique.com\/index.php?rest_route=%2Fwp%2Fv2%2Fproduct_tag&post=3466"}],"curies":[{"name":"wp","href":"https:\/\/api.w.org\/{rel}","templated":true}]}}