{"id":3445,"date":"2024-05-02T11:23:06","date_gmt":"2024-05-02T09:23:06","guid":{"rendered":"https:\/\/laserelectronique.com\/?post_type=product&#038;p=3445"},"modified":"2024-10-26T15:21:18","modified_gmt":"2024-10-26T13:21:18","slug":"thermometre-a-enrobes-pl120","status":"publish","type":"product","link":"https:\/\/laserelectronique.com\/?product=thermometre-a-enrobes-pl120","title":{"rendered":"Thermom\u00e8tre \u00e0 enrob\u00e9s PL120"},"content":{"rendered":"<p><strong>Thermom\u00e8tre -200 \u00e0 1300\u00b0C pr\u00e9cision 0.1\u00b0C<\/strong><\/p>\n<p><strong>ajustage d&rsquo;usine sans certificat<\/strong><\/p>\n<p><strong>fourni avec piles, mode d&#8217;emploi, sonde p\u00e9n\u00e9trante et sacoche de transport<\/strong><\/p>\n<p><strong><img loading=\"lazy\" decoding=\"async\" class=\"alignnone wp-image-3313\" src=\"https:\/\/laserins.fr\/wp-content\/uploads\/2020\/03\/SONDEK.png\" alt=\"\" width=\"349\" height=\"218\" \/><img loading=\"lazy\" decoding=\"async\" class=\" wp-image-3480 alignright\" src=\"https:\/\/laserelectronique.com\/wp-content\/uploads\/2024\/05\/S290X100X50.png\" alt=\"\" width=\"330\" height=\"330\" srcset=\"https:\/\/laserelectronique.com\/wp-content\/uploads\/2024\/05\/S290X100X50.png 550w, https:\/\/laserelectronique.com\/wp-content\/uploads\/2024\/05\/S290X100X50-300x300.png 300w, https:\/\/laserelectronique.com\/wp-content\/uploads\/2024\/05\/S290X100X50-150x150.png 150w, https:\/\/laserelectronique.com\/wp-content\/uploads\/2024\/05\/S290X100X50-75x75.png 75w, https:\/\/laserelectronique.com\/wp-content\/uploads\/2024\/05\/S290X100X50-80x80.png 80w, https:\/\/laserelectronique.com\/wp-content\/uploads\/2024\/05\/S290X100X50-100x100.png 100w\" sizes=\"auto, (max-width: 330px) 100vw, 330px\" \/><\/strong><\/p>\n<p><strong>Documents:<\/strong><\/p>\n<p><a href=\"https:\/\/laserins.fr\/wp-content\/uploads\/2024\/10\/30-PL120.pdf\">doc produit 30-PL120.pdf<\/a><\/p>\n<p><a href=\"https:\/\/laserins.fr\/wp-content\/uploads\/2024\/04\/PL120-mode-demploi.pdf\">mode d&#8217;emploi<\/a><\/p>\n","protected":false},"excerpt":{"rendered":"<p>Thermom\u00e8tre -200 \u00e0 1300\u00b0C pr\u00e9cision 0.1\u00b0C ajustage d&rsquo;usine sans certificat fourni avec piles, mode d&#8217;emploi, sonde p\u00e9n\u00e9trante et sacoche de transport Documents: doc produit 30-PL120.pdf mode d&#8217;emploi<\/p>\n","protected":false},"featured_media":3443,"comment_status":"closed","ping_status":"closed","template":"","meta":[],"product_cat":[57],"product_tag":[],"class_list":{"0":"post-3445","1":"product","2":"type-product","3":"status-publish","4":"has-post-thumbnail","6":"product_cat-securite-et-mesures","7":"","9":"first","10":"instock","11":"taxable","12":"shipping-taxable","13":"purchasable","14":"product-type-simple"},"yoast_head":"<!-- This site is optimized with the Yoast SEO plugin v24.7 - https:\/\/yoast.com\/wordpress\/plugins\/seo\/ -->\n<title>Thermom\u00e8tre \u00e0 enrob\u00e9s PL120 - LASER ELECTRONIQUE TP<\/title>\n<meta name=\"robots\" content=\"index, follow, max-snippet:-1, max-image-preview:large, max-video-preview:-1\" \/>\n<link rel=\"canonical\" href=\"https:\/\/laserelectronique.com\/?product=thermometre-a-enrobes-pl120\" \/>\n<meta property=\"og:locale\" content=\"fr_FR\" \/>\n<meta property=\"og:type\" content=\"article\" \/>\n<meta property=\"og:title\" content=\"Thermom\u00e8tre \u00e0 enrob\u00e9s PL120 - LASER ELECTRONIQUE TP\" \/>\n<meta property=\"og:description\" content=\"Thermom\u00e8tre -200 \u00e0 1300\u00b0C pr\u00e9cision 0.1\u00b0C ajustage d&rsquo;usine sans certificat fourni avec piles, mode d&#8217;emploi, sonde p\u00e9n\u00e9trante et sacoche de transport Documents: doc produit 30-PL120.pdf mode d&#8217;emploi\" \/>\n<meta property=\"og:url\" content=\"https:\/\/laserelectronique.com\/?product=thermometre-a-enrobes-pl120\" \/>\n<meta property=\"og:site_name\" content=\"LASER ELECTRONIQUE TP\" \/>\n<meta property=\"article:modified_time\" content=\"2024-10-26T13:21:18+00:00\" \/>\n<meta property=\"og:image\" content=\"https:\/\/laserelectronique.com\/wp-content\/uploads\/2024\/05\/PL120T1-1024x1024.png\" \/>\n\t<meta property=\"og:image:width\" content=\"1024\" \/>\n\t<meta property=\"og:image:height\" content=\"1024\" \/>\n\t<meta property=\"og:image:type\" content=\"image\/png\" \/>\n<meta name=\"twitter:card\" content=\"summary_large_image\" \/>\n<script type=\"application\/ld+json\" class=\"yoast-schema-graph\">{\"@context\":\"https:\/\/schema.org\",\"@graph\":[{\"@type\":\"WebPage\",\"@id\":\"https:\/\/laserelectronique.com\/?product=thermometre-a-enrobes-pl120\",\"url\":\"https:\/\/laserelectronique.com\/?product=thermometre-a-enrobes-pl120\",\"name\":\"Thermom\u00e8tre \u00e0 enrob\u00e9s PL120 - LASER ELECTRONIQUE TP\",\"isPartOf\":{\"@id\":\"https:\/\/laserelectronique.com\/#website\"},\"primaryImageOfPage\":{\"@id\":\"https:\/\/laserelectronique.com\/?product=thermometre-a-enrobes-pl120#primaryimage\"},\"image\":{\"@id\":\"https:\/\/laserelectronique.com\/?product=thermometre-a-enrobes-pl120#primaryimage\"},\"thumbnailUrl\":\"https:\/\/laserelectronique.com\/wp-content\/uploads\/2024\/05\/PL120T1.png\",\"datePublished\":\"2024-05-02T09:23:06+00:00\",\"dateModified\":\"2024-10-26T13:21:18+00:00\",\"breadcrumb\":{\"@id\":\"https:\/\/laserelectronique.com\/?product=thermometre-a-enrobes-pl120#breadcrumb\"},\"inLanguage\":\"fr-FR\",\"potentialAction\":[{\"@type\":\"ReadAction\",\"target\":[\"https:\/\/laserelectronique.com\/?product=thermometre-a-enrobes-pl120\"]}]},{\"@type\":\"ImageObject\",\"inLanguage\":\"fr-FR\",\"@id\":\"https:\/\/laserelectronique.com\/?product=thermometre-a-enrobes-pl120#primaryimage\",\"url\":\"https:\/\/laserelectronique.com\/wp-content\/uploads\/2024\/05\/PL120T1.png\",\"contentUrl\":\"https:\/\/laserelectronique.com\/wp-content\/uploads\/2024\/05\/PL120T1.png\",\"width\":3600,\"height\":3600},{\"@type\":\"BreadcrumbList\",\"@id\":\"https:\/\/laserelectronique.com\/?product=thermometre-a-enrobes-pl120#breadcrumb\",\"itemListElement\":[{\"@type\":\"ListItem\",\"position\":1,\"name\":\"Accueil\",\"item\":\"https:\/\/laserelectronique.com\/\"},{\"@type\":\"ListItem\",\"position\":2,\"name\":\"Boutique\",\"item\":\"https:\/\/laserelectronique.com\/?page_id=7\"},{\"@type\":\"ListItem\",\"position\":3,\"name\":\"Thermom\u00e8tre \u00e0 enrob\u00e9s PL120\"}]},{\"@type\":\"WebSite\",\"@id\":\"https:\/\/laserelectronique.com\/#website\",\"url\":\"https:\/\/laserelectronique.com\/\",\"name\":\"LASER ELECTRONIQUE TP\",\"description\":\"VOTRE PARTENAIRE EN GUIDAGE D&#039;ENGINS, TOPOGRAPHIE ET SERVICES\",\"potentialAction\":[{\"@type\":\"SearchAction\",\"target\":{\"@type\":\"EntryPoint\",\"urlTemplate\":\"https:\/\/laserelectronique.com\/?s={search_term_string}\"},\"query-input\":{\"@type\":\"PropertyValueSpecification\",\"valueRequired\":true,\"valueName\":\"search_term_string\"}}],\"inLanguage\":\"fr-FR\"}]}<\/script>\n<!-- \/ Yoast SEO plugin. -->","yoast_head_json":{"title":"Thermom\u00e8tre \u00e0 enrob\u00e9s PL120 - LASER ELECTRONIQUE TP","robots":{"index":"index","follow":"follow","max-snippet":"max-snippet:-1","max-image-preview":"max-image-preview:large","max-video-preview":"max-video-preview:-1"},"canonical":"https:\/\/laserelectronique.com\/?product=thermometre-a-enrobes-pl120","og_locale":"fr_FR","og_type":"article","og_title":"Thermom\u00e8tre \u00e0 enrob\u00e9s PL120 - LASER ELECTRONIQUE TP","og_description":"Thermom\u00e8tre -200 \u00e0 1300\u00b0C pr\u00e9cision 0.1\u00b0C ajustage d&rsquo;usine sans certificat fourni avec piles, mode d&#8217;emploi, sonde p\u00e9n\u00e9trante et sacoche de transport Documents: doc produit 30-PL120.pdf mode d&#8217;emploi","og_url":"https:\/\/laserelectronique.com\/?product=thermometre-a-enrobes-pl120","og_site_name":"LASER ELECTRONIQUE TP","article_modified_time":"2024-10-26T13:21:18+00:00","og_image":[{"width":1024,"height":1024,"url":"https:\/\/laserelectronique.com\/wp-content\/uploads\/2024\/05\/PL120T1-1024x1024.png","type":"image\/png"}],"twitter_card":"summary_large_image","schema":{"@context":"https:\/\/schema.org","@graph":[{"@type":"WebPage","@id":"https:\/\/laserelectronique.com\/?product=thermometre-a-enrobes-pl120","url":"https:\/\/laserelectronique.com\/?product=thermometre-a-enrobes-pl120","name":"Thermom\u00e8tre \u00e0 enrob\u00e9s PL120 - LASER ELECTRONIQUE TP","isPartOf":{"@id":"https:\/\/laserelectronique.com\/#website"},"primaryImageOfPage":{"@id":"https:\/\/laserelectronique.com\/?product=thermometre-a-enrobes-pl120#primaryimage"},"image":{"@id":"https:\/\/laserelectronique.com\/?product=thermometre-a-enrobes-pl120#primaryimage"},"thumbnailUrl":"https:\/\/laserelectronique.com\/wp-content\/uploads\/2024\/05\/PL120T1.png","datePublished":"2024-05-02T09:23:06+00:00","dateModified":"2024-10-26T13:21:18+00:00","breadcrumb":{"@id":"https:\/\/laserelectronique.com\/?product=thermometre-a-enrobes-pl120#breadcrumb"},"inLanguage":"fr-FR","potentialAction":[{"@type":"ReadAction","target":["https:\/\/laserelectronique.com\/?product=thermometre-a-enrobes-pl120"]}]},{"@type":"ImageObject","inLanguage":"fr-FR","@id":"https:\/\/laserelectronique.com\/?product=thermometre-a-enrobes-pl120#primaryimage","url":"https:\/\/laserelectronique.com\/wp-content\/uploads\/2024\/05\/PL120T1.png","contentUrl":"https:\/\/laserelectronique.com\/wp-content\/uploads\/2024\/05\/PL120T1.png","width":3600,"height":3600},{"@type":"BreadcrumbList","@id":"https:\/\/laserelectronique.com\/?product=thermometre-a-enrobes-pl120#breadcrumb","itemListElement":[{"@type":"ListItem","position":1,"name":"Accueil","item":"https:\/\/laserelectronique.com\/"},{"@type":"ListItem","position":2,"name":"Boutique","item":"https:\/\/laserelectronique.com\/?page_id=7"},{"@type":"ListItem","position":3,"name":"Thermom\u00e8tre \u00e0 enrob\u00e9s PL120"}]},{"@type":"WebSite","@id":"https:\/\/laserelectronique.com\/#website","url":"https:\/\/laserelectronique.com\/","name":"LASER ELECTRONIQUE TP","description":"VOTRE PARTENAIRE EN GUIDAGE D&#039;ENGINS, TOPOGRAPHIE ET SERVICES","potentialAction":[{"@type":"SearchAction","target":{"@type":"EntryPoint","urlTemplate":"https:\/\/laserelectronique.com\/?s={search_term_string}"},"query-input":{"@type":"PropertyValueSpecification","valueRequired":true,"valueName":"search_term_string"}}],"inLanguage":"fr-FR"}]}},"_links":{"self":[{"href":"https:\/\/laserelectronique.com\/index.php?rest_route=\/wp\/v2\/product\/3445","targetHints":{"allow":["GET"]}}],"collection":[{"href":"https:\/\/laserelectronique.com\/index.php?rest_route=\/wp\/v2\/product"}],"about":[{"href":"https:\/\/laserelectronique.com\/index.php?rest_route=\/wp\/v2\/types\/product"}],"replies":[{"embeddable":true,"href":"https:\/\/laserelectronique.com\/index.php?rest_route=%2Fwp%2Fv2%2Fcomments&post=3445"}],"wp:featuredmedia":[{"embeddable":true,"href":"https:\/\/laserelectronique.com\/index.php?rest_route=\/wp\/v2\/media\/3443"}],"wp:attachment":[{"href":"https:\/\/laserelectronique.com\/index.php?rest_route=%2Fwp%2Fv2%2Fmedia&parent=3445"}],"wp:term":[{"taxonomy":"product_cat","embeddable":true,"href":"https:\/\/laserelectronique.com\/index.php?rest_route=%2Fwp%2Fv2%2Fproduct_cat&post=3445"},{"taxonomy":"product_tag","embeddable":true,"href":"https:\/\/laserelectronique.com\/index.php?rest_route=%2Fwp%2Fv2%2Fproduct_tag&post=3445"}],"curies":[{"name":"wp","href":"https:\/\/api.w.org\/{rel}","templated":true}]}}