{"id":3434,"date":"2024-03-07T10:25:11","date_gmt":"2024-03-07T09:25:11","guid":{"rendered":"https:\/\/laserelectronique.com\/?post_type=product&#038;p=3434"},"modified":"2024-03-07T11:11:51","modified_gmt":"2024-03-07T10:11:51","slug":"station-robotisee-ln150-topcon","status":"publish","type":"product","link":"https:\/\/laserelectronique.com\/?product=station-robotisee-ln150-topcon","title":{"rendered":"Station robotis\u00e9e LN150 Topcon"},"content":{"rendered":"<h3>Implantation r\u00e9invent\u00e9e<\/h3>\n<p><strong>Le LN-150 vous permet de basculer vos plans et mesures sur papier vers des flux de travail num\u00e9riques de v\u00e9rification de l&rsquo;implantation et de la construction. Facile \u00e0 prendre en main et \u00e0 utiliser, cet outil vous permet d&rsquo;automatiser et d&rsquo;ex\u00e9cuter les processus de v\u00e9rification de l&rsquo;implantation et de la construction afin d&rsquo;accro\u00eetre la productivit\u00e9, la pr\u00e9cision et le\u00a0rendement.<\/strong><\/p>\n<ul>\n<li><strong>Mise \u00e0 niveau simple du guidage de la machine<\/strong><\/li>\n<li><strong>Configuration de l&rsquo;auto-nivellement facile \u00e0 l&rsquo;aide d&rsquo;un seul bouton<\/strong><\/li>\n<li><strong>Options de communication Wi-Fi et Bluetooth\u00ae \u00e0 longue port\u00e9e avec l&rsquo;instrument<\/strong><\/li>\n<li><strong>Flux de travail transparents connect\u00e9s au cloud avec Autodesk, Bentley et MAGNET<\/strong><\/li>\n<li><strong>Facile \u00e0 utiliser avec les logiciels MAGNET ou Pocket3D<\/strong><\/li>\n<li><strong>Utilisez l&rsquo;application mobile MAGNET Construct sur votre t\u00e9l\u00e9phone ou votre tablette.<\/strong><\/li>\n<\/ul>\n<p><iframe loading=\"lazy\" title=\"Topcon | LN-150 : Contr\u00f4le de couche de forme. Cas pratique avec Nicolas Greiller, Eiffage Route.\" width=\"840\" height=\"473\" src=\"https:\/\/www.youtube.com\/embed\/36t3boi6_x0?feature=oembed\" frameborder=\"0\" allow=\"accelerometer; autoplay; clipboard-write; encrypted-media; gyroscope; picture-in-picture; web-share\" allowfullscreen><\/iframe><\/p>\n<p>&nbsp;<\/p>\n<p><strong>Brochure LN150<\/strong><\/p>\n<p>&nbsp;<\/p>\n","protected":false},"excerpt":{"rendered":"<p>Implantation r\u00e9invent\u00e9e Le LN-150 vous permet de basculer vos plans et mesures sur papier vers des flux de travail num\u00e9riques de v\u00e9rification de l&rsquo;implantation et de la construction. Facile \u00e0&hellip;<\/p>\n","protected":false},"featured_media":3435,"comment_status":"closed","ping_status":"closed","template":"","meta":[],"product_cat":[26,27,25],"product_tag":[],"class_list":{"0":"post-3434","1":"product","2":"type-product","3":"status-publish","4":"has-post-thumbnail","6":"product_cat-stations-totales","7":"product_cat-stations-totales-automatiques","8":"product_cat-topographie","9":"","11":"first","12":"instock","13":"taxable","14":"shipping-taxable","15":"product-type-simple"},"yoast_head":"<!-- This site is optimized with the Yoast SEO plugin v24.7 - https:\/\/yoast.com\/wordpress\/plugins\/seo\/ -->\n<title>Station robotis\u00e9e LN150 Topcon - LASER ELECTRONIQUE TP<\/title>\n<meta name=\"robots\" content=\"index, follow, max-snippet:-1, max-image-preview:large, max-video-preview:-1\" \/>\n<link rel=\"canonical\" href=\"https:\/\/laserelectronique.com\/?product=station-robotisee-ln150-topcon\" \/>\n<meta property=\"og:locale\" content=\"fr_FR\" \/>\n<meta property=\"og:type\" content=\"article\" \/>\n<meta property=\"og:title\" content=\"Station robotis\u00e9e LN150 Topcon - LASER ELECTRONIQUE TP\" \/>\n<meta property=\"og:description\" content=\"Implantation r\u00e9invent\u00e9e Le LN-150 vous permet de basculer vos plans et mesures sur papier vers des flux de travail num\u00e9riques de v\u00e9rification de l&rsquo;implantation et de la construction. Facile \u00e0&hellip;\" \/>\n<meta property=\"og:url\" content=\"https:\/\/laserelectronique.com\/?product=station-robotisee-ln150-topcon\" \/>\n<meta property=\"og:site_name\" content=\"LASER ELECTRONIQUE TP\" \/>\n<meta property=\"article:modified_time\" content=\"2024-03-07T10:11:51+00:00\" \/>\n<meta property=\"og:image\" content=\"https:\/\/laserelectronique.com\/wp-content\/uploads\/2024\/03\/LN150.png\" \/>\n\t<meta property=\"og:image:width\" content=\"408\" \/>\n\t<meta property=\"og:image:height\" content=\"408\" \/>\n\t<meta property=\"og:image:type\" content=\"image\/png\" \/>\n<meta name=\"twitter:card\" content=\"summary_large_image\" \/>\n<meta name=\"twitter:label1\" content=\"Dur\u00e9e de lecture estim\u00e9e\" \/>\n\t<meta name=\"twitter:data1\" content=\"1 minute\" \/>\n<script type=\"application\/ld+json\" class=\"yoast-schema-graph\">{\"@context\":\"https:\/\/schema.org\",\"@graph\":[{\"@type\":\"WebPage\",\"@id\":\"https:\/\/laserelectronique.com\/?product=station-robotisee-ln150-topcon\",\"url\":\"https:\/\/laserelectronique.com\/?product=station-robotisee-ln150-topcon\",\"name\":\"Station robotis\u00e9e LN150 Topcon - LASER ELECTRONIQUE TP\",\"isPartOf\":{\"@id\":\"https:\/\/laserelectronique.com\/#website\"},\"primaryImageOfPage\":{\"@id\":\"https:\/\/laserelectronique.com\/?product=station-robotisee-ln150-topcon#primaryimage\"},\"image\":{\"@id\":\"https:\/\/laserelectronique.com\/?product=station-robotisee-ln150-topcon#primaryimage\"},\"thumbnailUrl\":\"https:\/\/laserelectronique.com\/wp-content\/uploads\/2024\/03\/LN150.png\",\"datePublished\":\"2024-03-07T09:25:11+00:00\",\"dateModified\":\"2024-03-07T10:11:51+00:00\",\"breadcrumb\":{\"@id\":\"https:\/\/laserelectronique.com\/?product=station-robotisee-ln150-topcon#breadcrumb\"},\"inLanguage\":\"fr-FR\",\"potentialAction\":[{\"@type\":\"ReadAction\",\"target\":[\"https:\/\/laserelectronique.com\/?product=station-robotisee-ln150-topcon\"]}]},{\"@type\":\"ImageObject\",\"inLanguage\":\"fr-FR\",\"@id\":\"https:\/\/laserelectronique.com\/?product=station-robotisee-ln150-topcon#primaryimage\",\"url\":\"https:\/\/laserelectronique.com\/wp-content\/uploads\/2024\/03\/LN150.png\",\"contentUrl\":\"https:\/\/laserelectronique.com\/wp-content\/uploads\/2024\/03\/LN150.png\",\"width\":408,\"height\":408},{\"@type\":\"BreadcrumbList\",\"@id\":\"https:\/\/laserelectronique.com\/?product=station-robotisee-ln150-topcon#breadcrumb\",\"itemListElement\":[{\"@type\":\"ListItem\",\"position\":1,\"name\":\"Accueil\",\"item\":\"https:\/\/laserelectronique.com\/\"},{\"@type\":\"ListItem\",\"position\":2,\"name\":\"Boutique\",\"item\":\"https:\/\/laserelectronique.com\/?page_id=7\"},{\"@type\":\"ListItem\",\"position\":3,\"name\":\"Station robotis\u00e9e LN150 Topcon\"}]},{\"@type\":\"WebSite\",\"@id\":\"https:\/\/laserelectronique.com\/#website\",\"url\":\"https:\/\/laserelectronique.com\/\",\"name\":\"LASER ELECTRONIQUE TP\",\"description\":\"VOTRE PARTENAIRE EN GUIDAGE D&#039;ENGINS, TOPOGRAPHIE ET SERVICES\",\"potentialAction\":[{\"@type\":\"SearchAction\",\"target\":{\"@type\":\"EntryPoint\",\"urlTemplate\":\"https:\/\/laserelectronique.com\/?s={search_term_string}\"},\"query-input\":{\"@type\":\"PropertyValueSpecification\",\"valueRequired\":true,\"valueName\":\"search_term_string\"}}],\"inLanguage\":\"fr-FR\"}]}<\/script>\n<!-- \/ Yoast SEO plugin. -->","yoast_head_json":{"title":"Station robotis\u00e9e LN150 Topcon - LASER ELECTRONIQUE TP","robots":{"index":"index","follow":"follow","max-snippet":"max-snippet:-1","max-image-preview":"max-image-preview:large","max-video-preview":"max-video-preview:-1"},"canonical":"https:\/\/laserelectronique.com\/?product=station-robotisee-ln150-topcon","og_locale":"fr_FR","og_type":"article","og_title":"Station robotis\u00e9e LN150 Topcon - LASER ELECTRONIQUE TP","og_description":"Implantation r\u00e9invent\u00e9e Le LN-150 vous permet de basculer vos plans et mesures sur papier vers des flux de travail num\u00e9riques de v\u00e9rification de l&rsquo;implantation et de la construction. Facile \u00e0&hellip;","og_url":"https:\/\/laserelectronique.com\/?product=station-robotisee-ln150-topcon","og_site_name":"LASER ELECTRONIQUE TP","article_modified_time":"2024-03-07T10:11:51+00:00","og_image":[{"width":408,"height":408,"url":"https:\/\/laserelectronique.com\/wp-content\/uploads\/2024\/03\/LN150.png","type":"image\/png"}],"twitter_card":"summary_large_image","twitter_misc":{"Dur\u00e9e de lecture estim\u00e9e":"1 minute"},"schema":{"@context":"https:\/\/schema.org","@graph":[{"@type":"WebPage","@id":"https:\/\/laserelectronique.com\/?product=station-robotisee-ln150-topcon","url":"https:\/\/laserelectronique.com\/?product=station-robotisee-ln150-topcon","name":"Station robotis\u00e9e LN150 Topcon - LASER ELECTRONIQUE TP","isPartOf":{"@id":"https:\/\/laserelectronique.com\/#website"},"primaryImageOfPage":{"@id":"https:\/\/laserelectronique.com\/?product=station-robotisee-ln150-topcon#primaryimage"},"image":{"@id":"https:\/\/laserelectronique.com\/?product=station-robotisee-ln150-topcon#primaryimage"},"thumbnailUrl":"https:\/\/laserelectronique.com\/wp-content\/uploads\/2024\/03\/LN150.png","datePublished":"2024-03-07T09:25:11+00:00","dateModified":"2024-03-07T10:11:51+00:00","breadcrumb":{"@id":"https:\/\/laserelectronique.com\/?product=station-robotisee-ln150-topcon#breadcrumb"},"inLanguage":"fr-FR","potentialAction":[{"@type":"ReadAction","target":["https:\/\/laserelectronique.com\/?product=station-robotisee-ln150-topcon"]}]},{"@type":"ImageObject","inLanguage":"fr-FR","@id":"https:\/\/laserelectronique.com\/?product=station-robotisee-ln150-topcon#primaryimage","url":"https:\/\/laserelectronique.com\/wp-content\/uploads\/2024\/03\/LN150.png","contentUrl":"https:\/\/laserelectronique.com\/wp-content\/uploads\/2024\/03\/LN150.png","width":408,"height":408},{"@type":"BreadcrumbList","@id":"https:\/\/laserelectronique.com\/?product=station-robotisee-ln150-topcon#breadcrumb","itemListElement":[{"@type":"ListItem","position":1,"name":"Accueil","item":"https:\/\/laserelectronique.com\/"},{"@type":"ListItem","position":2,"name":"Boutique","item":"https:\/\/laserelectronique.com\/?page_id=7"},{"@type":"ListItem","position":3,"name":"Station robotis\u00e9e LN150 Topcon"}]},{"@type":"WebSite","@id":"https:\/\/laserelectronique.com\/#website","url":"https:\/\/laserelectronique.com\/","name":"LASER ELECTRONIQUE TP","description":"VOTRE PARTENAIRE EN GUIDAGE D&#039;ENGINS, TOPOGRAPHIE ET SERVICES","potentialAction":[{"@type":"SearchAction","target":{"@type":"EntryPoint","urlTemplate":"https:\/\/laserelectronique.com\/?s={search_term_string}"},"query-input":{"@type":"PropertyValueSpecification","valueRequired":true,"valueName":"search_term_string"}}],"inLanguage":"fr-FR"}]}},"_links":{"self":[{"href":"https:\/\/laserelectronique.com\/index.php?rest_route=\/wp\/v2\/product\/3434","targetHints":{"allow":["GET"]}}],"collection":[{"href":"https:\/\/laserelectronique.com\/index.php?rest_route=\/wp\/v2\/product"}],"about":[{"href":"https:\/\/laserelectronique.com\/index.php?rest_route=\/wp\/v2\/types\/product"}],"replies":[{"embeddable":true,"href":"https:\/\/laserelectronique.com\/index.php?rest_route=%2Fwp%2Fv2%2Fcomments&post=3434"}],"wp:featuredmedia":[{"embeddable":true,"href":"https:\/\/laserelectronique.com\/index.php?rest_route=\/wp\/v2\/media\/3435"}],"wp:attachment":[{"href":"https:\/\/laserelectronique.com\/index.php?rest_route=%2Fwp%2Fv2%2Fmedia&parent=3434"}],"wp:term":[{"taxonomy":"product_cat","embeddable":true,"href":"https:\/\/laserelectronique.com\/index.php?rest_route=%2Fwp%2Fv2%2Fproduct_cat&post=3434"},{"taxonomy":"product_tag","embeddable":true,"href":"https:\/\/laserelectronique.com\/index.php?rest_route=%2Fwp%2Fv2%2Fproduct_tag&post=3434"}],"curies":[{"name":"wp","href":"https:\/\/api.w.org\/{rel}","templated":true}]}}