{"id":3300,"date":"2020-12-30T17:12:27","date_gmt":"2020-12-30T16:12:27","guid":{"rendered":"http:\/\/laserelectronique.com\/?post_type=product&#038;p=3300"},"modified":"2022-07-27T10:56:31","modified_gmt":"2022-07-27T08:56:31","slug":"laser-rotatif-primus2-h1n-long-range-nedo","status":"publish","type":"product","link":"https:\/\/laserelectronique.com\/?product=laser-rotatif-primus2-h1n-long-range-nedo","title":{"rendered":"Laser rotatif PRIMUS2\u00a0H1N+ Long Range Nedo"},"content":{"rendered":"<div class=\"STYLE_20\" align=\"LEFT\"><strong>Laser rotatif PRIMUS<sup>2<\/sup>\u00a0H1N+ Long Range<img decoding=\"async\" class=\"alignright\" src=\"https:\/\/www.nedo.com\/img\/products\/laser\/Primus2_h1n+_detail_1.gif\" \/><\/strong><\/div>\n<div align=\"LEFT\"><\/div>\n<div class=\"STYLE_14\" align=\"LEFT\"><strong>Le laser simple pente enti\u00e8rement automatique avec contr\u00f4le d\u2019inclinaison et<br \/>\nremise \u00e0 niveau automatique en mode pente. Tr\u00e8s grande plage de travail pour<br \/>\nune utilisation avec des guidages d\u2019engins.<\/strong><\/div>\n<div class=\"STYLE_9\" align=\"LEFT\"><strong><a name=\"Marker_3_Primus2_h1n+\"><\/a><img loading=\"lazy\" decoding=\"async\" src=\"https:\/\/www.nedo.com\/img\/trans.gif\" alt=\"\" width=\"1\" height=\"1\" border=\"0\" hspace=\"0\" vspace=\"0\" \/><\/strong><\/div>\n<div class=\"STYLE_9\" align=\"center\"><\/div>\n<div class=\"STYLE_12\" align=\"LEFT\"><strong>Particularit\u00e9s :<\/strong><\/div>\n<div class=\"STYLE_12\" align=\"LEFT\">\n<ul type=\"square\">\n<li><strong>Laser simple pente automatique<\/strong><\/li>\n<li><strong>Syst\u00e8me de calage motoris\u00e9 robuste<\/strong><strong style=\"text-align: -webkit-center;\"><img decoding=\"async\" class=\"alignright\" src=\"https:\/\/www.nedo.com\/img\/products\/laser\/472025_icon.gif\" alt=\"\" align=\"TOP\" border=\"0\" hspace=\"0\" vspace=\"0\" \/><\/strong><\/li>\n<li><strong>Pente selon un axe avec entr\u00e9e ais\u00e9e en % pour l\u2019axe Y<\/strong><\/li>\n<li><strong>Les valeurs de pente entr\u00e9es sont sauvegard\u00e9es \u00e0 la mise<\/strong><br \/>\n<strong>hors service<\/strong><\/li>\n<li><strong>Contr\u00f4le d&rsquo;inclinaison : la position du laser est contr\u00f4l\u00e9e en<\/strong><br \/>\n<strong>permanence et ajust\u00e9e si n\u00e9cessaire,<\/strong><br \/>\n<strong>m\u00eame en mode inclin\u00e9.<\/strong><\/li>\n<li><strong>La surveillance de hauteur automatique arr\u00eate le laser en<\/strong><br \/>\n<strong>cas de fortes secousses, ce qui \u00e9vite des erreurs de<\/strong><br \/>\n<strong>nivellement<\/strong><\/li>\n<li><strong>Grand \u00e9cran clairement agenc\u00e9 pour afficher la pente, la<\/strong><br \/>\n<strong>vitesse de rotation, la charge des piles, etc.<\/strong><\/li>\n<li><strong>Classe de laser 3R<\/strong><\/li>\n<li><strong>En alternative, disponible avec classe de laser 2 et Bright<\/strong><br \/>\n<strong>Beam TechnologyTM<\/strong><\/li>\n<li><strong>Protection en verre tr\u00e8s robuste du rotor<\/strong><\/li>\n<li><strong>Haute pr\u00e9cision dans toutes les conditions de mise en oeuvre<\/strong><\/li>\n<li><strong>Sur demande, disponibles avec une vitesse de rotation de<\/strong><br \/>\n<strong>750\/900 tr\/min, parfaite pour le guidage d\u2019engins<\/strong><\/li>\n<\/ul>\n<\/div>\n<div class=\"STYLE_9\" align=\"LEFT\"><strong><a name=\"Marker_9_Primus2_h\"><\/a><img loading=\"lazy\" decoding=\"async\" src=\"https:\/\/www.nedo.com\/img\/trans.gif\" alt=\"\" width=\"1\" height=\"1\" border=\"0\" hspace=\"0\" vspace=\"0\" \/><\/strong><\/div>\n<div class=\"STYLE_9\" align=\"center\"><\/div>\n<div class=\"STYLE_9\" align=\"center\"><strong><img decoding=\"async\" class=\"alignright\" src=\"https:\/\/www.nedo.com\/img\/products\/laser\/399602.gif\" alt=\"\" align=\"TOP\" border=\"0\" hspace=\"0\" vspace=\"0\" \/><\/strong><\/div>\n<div class=\"STYLE_12\" align=\"LEFT\"><strong>Le mod\u00e8le PRIMUS\u00a0<sup>2<\/sup>\u00a0H1N+ Long Range est \u00e9galement<\/strong><br \/>\n<strong>disponible en 750 tr\/min ou 900 tr\/min.<\/strong><br \/>\n<strong>Parfait pour le guidage d\u2019engins.<\/strong><strong>R\u00e9f. 399 604 (750 tr.\/min)<br \/>\nR\u00e9f. 399 602 (900 tr.\/min)<\/strong><\/div>\n<div class=\"STYLE_9\" align=\"LEFT\"><strong><a name=\"Marker_4c_Primus2_h1n+\"><\/a><img loading=\"lazy\" decoding=\"async\" src=\"https:\/\/www.nedo.com\/img\/trans.gif\" alt=\"\" width=\"1\" height=\"1\" border=\"0\" hspace=\"0\" vspace=\"0\" \/><\/strong><\/div>\n<div class=\"STYLE_12\" align=\"LEFT\"><strong>Domaine d&rsquo;utilisation :<\/strong><br \/>\n<strong>Nivellement normal et de pr\u00e9cision, fouilles<\/strong><br \/>\n<strong>sur chantiers, guidage d&rsquo;engins, coulage<\/strong><br \/>\n<strong>de dalles en b\u00e9ton ou de fondations, travaux<\/strong><br \/>\n<strong>de ma\u00e7onnerie, lignes de r\u00e9f\u00e9rences m\u00e9triques,<\/strong><br \/>\n<strong>pose de chapes, horticulture et am\u00e9nagement<\/strong><br \/>\n<strong>paysager<\/strong><\/div>\n<p><strong style=\"text-align: -webkit-center;\"><img decoding=\"async\" class=\"alignright\" src=\"https:\/\/www.nedo.com\/img\/products\/laser\/Primus2_h1n+_aw_2.gif\" alt=\"\" align=\"TOP\" border=\"0\" hspace=\"0\" vspace=\"0\" \/><\/strong><\/p>\n<div class=\"STYLE_9\" align=\"LEFT\"><strong><a name=\"Marker_4b_Primus2_h1n+\"><\/a><img loading=\"lazy\" decoding=\"async\" src=\"https:\/\/www.nedo.com\/img\/trans.gif\" alt=\"\" width=\"1\" height=\"1\" border=\"0\" hspace=\"0\" vspace=\"0\" \/><\/strong><\/div>\n<div class=\"STYLE_9\" align=\"center\"><\/div>\n<div class=\"STYLE_16\" align=\"LEFT\"><strong>Fonction simple pente<\/strong><br \/>\n<strong>Pour une utilisation horizontale<\/strong><br \/>\n<strong>et des inclinaisons sur l\u2019axe Y<\/strong><\/div>\n<div class=\"STYLE_9\" align=\"LEFT\"><strong><a name=\"Marker_5_Primus2_h1n+\"><\/a><img loading=\"lazy\" decoding=\"async\" src=\"https:\/\/www.nedo.com\/img\/trans.gif\" alt=\"\" width=\"1\" height=\"1\" border=\"0\" hspace=\"0\" vspace=\"0\" \/><\/strong><\/div>\n<div class=\"STYLE_12\" align=\"Left\"><strong>Caract\u00e9ristiques techniques du laser PRIMUS<sup>2<\/sup>\u00a0H1N+ Long Range:<\/strong><\/div>\n<div class=\"STYLE_12\" align=\"LEFT\">\n<table border=\"0\" cellspacing=\"0\" cellpadding=\"2\">\n<tbody>\n<tr>\n<td class=\"TabelleZeile1\" align=\"LEFT\" valign=\"TOP\" width=\"300\"><strong>Pr\u00e9cision<\/strong><\/td>\n<td class=\"TabelleZeile1\" align=\"LEFT\" valign=\"TOP\" width=\"300\"><strong>\u00b1 0,5 mm\/10 m<\/strong><\/td>\n<\/tr>\n<tr>\n<td class=\"TabelleZeile2\" align=\"LEFT\" valign=\"TOP\" width=\"300\"><strong>Plage d\u2019auto-ajustement<\/strong><\/td>\n<td class=\"TabelleZeile2\" align=\"LEFT\" valign=\"TOP\" width=\"300\"><strong>\u00b1 5\u00b0 motoris\u00e9 avec surveillance<\/strong><br \/>\n<strong>automatique<\/strong><\/td>\n<\/tr>\n<tr>\n<td class=\"TabelleZeile3\" align=\"LEFT\" valign=\"TOP\" width=\"300\"><strong>Fonction inclinaison<\/strong><\/td>\n<td class=\"TabelleZeile3\" align=\"LEFT\" valign=\"TOP\" width=\"300\"><strong>\u00b1 10%<\/strong><\/td>\n<\/tr>\n<tr>\n<td class=\"TabelleZeile2\" align=\"LEFT\" valign=\"TOP\" width=\"300\"><strong>Pr\u00e9cision de la fonction d&rsquo;inclinaison<\/strong><\/td>\n<td class=\"TabelleZeile2\" align=\"LEFT\" valign=\"TOP\" width=\"300\"><strong>mieux que \u00b1 0,015%<\/strong><\/td>\n<\/tr>\n<tr>\n<td class=\"TabelleZeile3\" align=\"LEFT\" valign=\"TOP\" width=\"300\"><strong>Port\u00e9e maxi \u00d8<\/strong><\/td>\n<td class=\"TabelleZeile3\" align=\"LEFT\" valign=\"TOP\" width=\"300\"><strong>env. 1000 m avec r\u00e9cepteur de pelle<\/strong><\/td>\n<\/tr>\n<tr>\n<td class=\"TabelleZeile2\" align=\"LEFT\" valign=\"TOP\" width=\"300\"><strong>Laser<\/strong><\/td>\n<td class=\"TabelleZeile2\" align=\"LEFT\" valign=\"TOP\" width=\"300\"><strong>&lt; 5 mW, classe 3R, 635 nm ou ou<\/strong><br \/>\n<strong>&lt; 1mW, classe 2, 635 nm<\/strong><\/td>\n<\/tr>\n<tr>\n<td class=\"TabelleZeile3\" align=\"LEFT\" valign=\"TOP\" width=\"300\"><strong>Vitesse de rotation<\/strong><\/td>\n<td class=\"TabelleZeile3\" align=\"LEFT\" valign=\"TOP\" width=\"300\"><strong>600 tours\/min, 750 tours\/min ou 900 tours\/min<\/strong><\/td>\n<\/tr>\n<tr>\n<td class=\"TabelleZeile2\" align=\"LEFT\" valign=\"TOP\" width=\"300\"><strong>Etanch\u00e9it\u00e9<\/strong><\/td>\n<td class=\"TabelleZeile2\" align=\"LEFT\" valign=\"TOP\" width=\"300\"><strong>IP 66<\/strong><\/td>\n<\/tr>\n<tr>\n<td class=\"TabelleZeile3\" align=\"LEFT\" valign=\"TOP\" width=\"300\"><strong>Alimentation<\/strong><\/td>\n<td class=\"TabelleZeile3\" align=\"LEFT\" valign=\"TOP\" width=\"300\"><strong>jeu d\u2019accus NiMH 4,8 V, 8500 mAh<\/strong><\/td>\n<\/tr>\n<tr>\n<td class=\"TabelleZeile2\" align=\"LEFT\" valign=\"TOP\" width=\"300\"><strong>Autonomie<\/strong><\/td>\n<td class=\"TabelleZeile2\" align=\"LEFT\" valign=\"TOP\" width=\"300\"><strong>env. 100 h<\/strong><\/td>\n<\/tr>\n<tr>\n<td class=\"TabelleZeile3\" align=\"LEFT\" valign=\"TOP\" width=\"300\"><strong>Raccord filet\u00e9<\/strong><\/td>\n<td class=\"TabelleZeile3\" align=\"LEFT\" valign=\"TOP\" width=\"300\"><strong>5\/8\u00a0\u00bb<\/strong><\/td>\n<\/tr>\n<tr>\n<td class=\"TabelleZeile2\" align=\"LEFT\" valign=\"TOP\" width=\"300\"><strong>Poids<\/strong><\/td>\n<td class=\"TabelleZeile2\" align=\"LEFT\" valign=\"TOP\" width=\"300\"><strong>4,0 kg<\/strong><\/td>\n<\/tr>\n<tr>\n<td class=\"TabelleZeile3\" align=\"LEFT\" valign=\"TOP\" width=\"300\"><strong>Temp\u00e9rature de travail<\/strong><\/td>\n<td class=\"TabelleZeile3\" align=\"LEFT\" valign=\"TOP\" width=\"300\"><strong>-20C \u00e0 + 50\u00b0C<\/strong><\/td>\n<\/tr>\n<\/tbody>\n<\/table>\n<\/div>\n<div class=\"STYLE_9\" align=\"LEFT\"><strong><a name=\"Marker_7_Primus2_h1n+\"><\/a><img loading=\"lazy\" decoding=\"async\" src=\"https:\/\/www.nedo.com\/img\/trans.gif\" alt=\"\" width=\"1\" height=\"1\" border=\"0\" hspace=\"0\" vspace=\"0\" \/><\/strong><\/div>\n<div class=\"STYLE_12\" align=\"LEFT\">\n<table border=\"0\" cellspacing=\"0\" cellpadding=\"2\">\n<tbody>\n<tr>\n<td class=\"STYLE_12\" align=\"LEFT\" valign=\"TOP\" bgcolor=\"#F0F0F0\" width=\"500\"><strong>D\u00e9tails de la commande :<\/strong><\/td>\n<td class=\"STYLE_12\" align=\"LEFT\" valign=\"TOP\" bgcolor=\"#F0F0F0\" width=\"100\"><strong>R\u00e9f.<\/strong><\/td>\n<\/tr>\n<tr>\n<td class=\"TabelleZeile2\" align=\"LEFT\" valign=\"TOP\" width=\"500\"><strong>PRIMUS<sup>2<\/sup>\u00a0H1N+ Long Range<\/strong><br \/>\n<strong>Incl. coffret de transport, Quick-Fix, accus et chargeur<\/strong><\/td>\n<td class=\"TabelleZeile2\" align=\"LEFT\" valign=\"TOP\" width=\"100\"><strong>472 025<\/strong><\/td>\n<\/tr>\n<tr>\n<td class=\"STYLE_12\" align=\"LEFT\" valign=\"TOP\" bgcolor=\"#FFFFFF\" width=\"500\"><strong>Version en classe laser 2<\/strong><br \/>\n<strong>\u00a0<\/strong><\/td>\n<td class=\"STYLE_12\" align=\"LEFT\" valign=\"TOP\" bgcolor=\"#FFFFFF\" width=\"100\"><strong>472 025-632<\/strong><\/td>\n<\/tr>\n<\/tbody>\n<\/table>\n<\/div>\n<div class=\"STYLE_9\" align=\"LEFT\"><strong><a name=\"Marker_8_Primus2_h1n+\"><\/a><img loading=\"lazy\" decoding=\"async\" src=\"https:\/\/www.nedo.com\/img\/trans.gif\" alt=\"\" width=\"1\" height=\"1\" border=\"0\" hspace=\"0\" vspace=\"0\" \/><\/strong><\/div>\n<div class=\"STYLE_12\" align=\"LEFT\">\n<table border=\"0\" cellspacing=\"0\" cellpadding=\"2\">\n<tbody>\n<tr>\n<td class=\"STYLE_12\" align=\"LEFT\" valign=\"TOP\" bgcolor=\"#F0F0F0\" width=\"500\"><strong>Accessoire :<\/strong><\/td>\n<td class=\"STYLE_12\" align=\"LEFT\" valign=\"TOP\" bgcolor=\"#F0F0F0\" width=\"100\"><strong>R\u00e9f.<\/strong><\/td>\n<\/tr>\n<tr>\n<td class=\"TabelleZeile2\" align=\"LEFT\" valign=\"TOP\" width=\"500\"><strong>R\u00e9cepteur laser ACCEPTOR M<\/strong><\/td>\n<td class=\"TabelleZeile2\" align=\"LEFT\" valign=\"TOP\" width=\"100\"><strong>430 335<\/strong><\/td>\n<\/tr>\n<tr>\n<td class=\"STYLE_12\" align=\"LEFT\" valign=\"TOP\" bgcolor=\"#FFFFFF\" width=\"500\"><strong>Lunette de vis\u00e9e<\/strong><\/td>\n<td class=\"STYLE_12\" align=\"LEFT\" valign=\"TOP\" bgcolor=\"#FFFFFF\" width=\"100\"><strong>461 096<\/strong><\/td>\n<\/tr>\n<tr>\n<td class=\"TabelleZeile2\" align=\"LEFT\" valign=\"TOP\" width=\"500\"><strong>Kit d\u2019ext\u00e9rieur<\/strong><br \/>\n<strong>Tr\u00e9pied en aluminium, plage de travail 1,08 m \u00e0 1,72 m<\/strong><br \/>\n<strong>Mire Flexi, adaptateur universel et \u00e9tui<\/strong><\/td>\n<td class=\"TabelleZeile2\" align=\"LEFT\" valign=\"TOP\" width=\"100\"><strong>200 350<\/strong><\/td>\n<\/tr>\n<\/tbody>\n<\/table>\n<\/div>\n","protected":false},"excerpt":{"rendered":"<p>&nbsp;<\/p>\n<p>&nbsp;<\/p>\n<p>&nbsp;<\/p>\n<p>&nbsp;<\/p>\n","protected":false},"featured_media":3301,"comment_status":"closed","ping_status":"closed","template":"","meta":[],"product_cat":[32],"product_tag":[],"class_list":{"0":"post-3300","1":"product","2":"type-product","3":"status-publish","4":"has-post-thumbnail","6":"product_cat-lasers-rotatifs","7":"","9":"first","10":"instock","11":"taxable","12":"shipping-taxable","13":"product-type-simple"},"yoast_head":"<!-- This site is optimized with the Yoast SEO plugin v24.7 - https:\/\/yoast.com\/wordpress\/plugins\/seo\/ -->\n<title>Laser rotatif PRIMUS2\u00a0H1N+ Long Range Nedo - LASER ELECTRONIQUE TP<\/title>\n<meta name=\"robots\" content=\"index, follow, max-snippet:-1, max-image-preview:large, max-video-preview:-1\" \/>\n<link rel=\"canonical\" href=\"https:\/\/laserelectronique.com\/?product=laser-rotatif-primus2-h1n-long-range-nedo\" \/>\n<meta property=\"og:locale\" content=\"fr_FR\" \/>\n<meta property=\"og:type\" content=\"article\" \/>\n<meta property=\"og:title\" content=\"Laser rotatif PRIMUS2\u00a0H1N+ Long Range Nedo - LASER ELECTRONIQUE TP\" \/>\n<meta property=\"og:description\" content=\"&nbsp;  &nbsp;  &nbsp;  &nbsp;\" \/>\n<meta property=\"og:url\" content=\"https:\/\/laserelectronique.com\/?product=laser-rotatif-primus2-h1n-long-range-nedo\" \/>\n<meta property=\"og:site_name\" content=\"LASER ELECTRONIQUE TP\" \/>\n<meta property=\"article:modified_time\" content=\"2022-07-27T08:56:31+00:00\" \/>\n<meta property=\"og:image\" content=\"https:\/\/laserelectronique.com\/wp-content\/uploads\/2020\/12\/472025primus2_h1n.png\" \/>\n\t<meta property=\"og:image:width\" content=\"700\" \/>\n\t<meta property=\"og:image:height\" content=\"700\" \/>\n\t<meta property=\"og:image:type\" content=\"image\/png\" \/>\n<meta name=\"twitter:card\" content=\"summary_large_image\" \/>\n<meta name=\"twitter:label1\" content=\"Dur\u00e9e de lecture estim\u00e9e\" \/>\n\t<meta name=\"twitter:data1\" content=\"2 minutes\" \/>\n<script type=\"application\/ld+json\" class=\"yoast-schema-graph\">{\"@context\":\"https:\/\/schema.org\",\"@graph\":[{\"@type\":\"WebPage\",\"@id\":\"https:\/\/laserelectronique.com\/?product=laser-rotatif-primus2-h1n-long-range-nedo\",\"url\":\"https:\/\/laserelectronique.com\/?product=laser-rotatif-primus2-h1n-long-range-nedo\",\"name\":\"Laser rotatif PRIMUS2\u00a0H1N+ Long Range Nedo - LASER ELECTRONIQUE TP\",\"isPartOf\":{\"@id\":\"https:\/\/laserelectronique.com\/#website\"},\"primaryImageOfPage\":{\"@id\":\"https:\/\/laserelectronique.com\/?product=laser-rotatif-primus2-h1n-long-range-nedo#primaryimage\"},\"image\":{\"@id\":\"https:\/\/laserelectronique.com\/?product=laser-rotatif-primus2-h1n-long-range-nedo#primaryimage\"},\"thumbnailUrl\":\"https:\/\/laserelectronique.com\/wp-content\/uploads\/2020\/12\/472025primus2_h1n.png\",\"datePublished\":\"2020-12-30T16:12:27+00:00\",\"dateModified\":\"2022-07-27T08:56:31+00:00\",\"breadcrumb\":{\"@id\":\"https:\/\/laserelectronique.com\/?product=laser-rotatif-primus2-h1n-long-range-nedo#breadcrumb\"},\"inLanguage\":\"fr-FR\",\"potentialAction\":[{\"@type\":\"ReadAction\",\"target\":[\"https:\/\/laserelectronique.com\/?product=laser-rotatif-primus2-h1n-long-range-nedo\"]}]},{\"@type\":\"ImageObject\",\"inLanguage\":\"fr-FR\",\"@id\":\"https:\/\/laserelectronique.com\/?product=laser-rotatif-primus2-h1n-long-range-nedo#primaryimage\",\"url\":\"https:\/\/laserelectronique.com\/wp-content\/uploads\/2020\/12\/472025primus2_h1n.png\",\"contentUrl\":\"https:\/\/laserelectronique.com\/wp-content\/uploads\/2020\/12\/472025primus2_h1n.png\",\"width\":700,\"height\":700},{\"@type\":\"BreadcrumbList\",\"@id\":\"https:\/\/laserelectronique.com\/?product=laser-rotatif-primus2-h1n-long-range-nedo#breadcrumb\",\"itemListElement\":[{\"@type\":\"ListItem\",\"position\":1,\"name\":\"Accueil\",\"item\":\"https:\/\/laserelectronique.com\/\"},{\"@type\":\"ListItem\",\"position\":2,\"name\":\"Boutique\",\"item\":\"https:\/\/laserelectronique.com\/?page_id=7\"},{\"@type\":\"ListItem\",\"position\":3,\"name\":\"Laser rotatif PRIMUS2\u00a0H1N+ Long Range Nedo\"}]},{\"@type\":\"WebSite\",\"@id\":\"https:\/\/laserelectronique.com\/#website\",\"url\":\"https:\/\/laserelectronique.com\/\",\"name\":\"LASER ELECTRONIQUE TP\",\"description\":\"VOTRE PARTENAIRE EN GUIDAGE D&#039;ENGINS, TOPOGRAPHIE ET SERVICES\",\"potentialAction\":[{\"@type\":\"SearchAction\",\"target\":{\"@type\":\"EntryPoint\",\"urlTemplate\":\"https:\/\/laserelectronique.com\/?s={search_term_string}\"},\"query-input\":{\"@type\":\"PropertyValueSpecification\",\"valueRequired\":true,\"valueName\":\"search_term_string\"}}],\"inLanguage\":\"fr-FR\"}]}<\/script>\n<!-- \/ Yoast SEO plugin. -->","yoast_head_json":{"title":"Laser rotatif PRIMUS2\u00a0H1N+ Long Range Nedo - LASER ELECTRONIQUE TP","robots":{"index":"index","follow":"follow","max-snippet":"max-snippet:-1","max-image-preview":"max-image-preview:large","max-video-preview":"max-video-preview:-1"},"canonical":"https:\/\/laserelectronique.com\/?product=laser-rotatif-primus2-h1n-long-range-nedo","og_locale":"fr_FR","og_type":"article","og_title":"Laser rotatif PRIMUS2\u00a0H1N+ Long Range Nedo - LASER ELECTRONIQUE TP","og_description":"&nbsp;  &nbsp;  &nbsp;  &nbsp;","og_url":"https:\/\/laserelectronique.com\/?product=laser-rotatif-primus2-h1n-long-range-nedo","og_site_name":"LASER ELECTRONIQUE TP","article_modified_time":"2022-07-27T08:56:31+00:00","og_image":[{"width":700,"height":700,"url":"https:\/\/laserelectronique.com\/wp-content\/uploads\/2020\/12\/472025primus2_h1n.png","type":"image\/png"}],"twitter_card":"summary_large_image","twitter_misc":{"Dur\u00e9e de lecture estim\u00e9e":"2 minutes"},"schema":{"@context":"https:\/\/schema.org","@graph":[{"@type":"WebPage","@id":"https:\/\/laserelectronique.com\/?product=laser-rotatif-primus2-h1n-long-range-nedo","url":"https:\/\/laserelectronique.com\/?product=laser-rotatif-primus2-h1n-long-range-nedo","name":"Laser rotatif PRIMUS2\u00a0H1N+ Long Range Nedo - LASER ELECTRONIQUE TP","isPartOf":{"@id":"https:\/\/laserelectronique.com\/#website"},"primaryImageOfPage":{"@id":"https:\/\/laserelectronique.com\/?product=laser-rotatif-primus2-h1n-long-range-nedo#primaryimage"},"image":{"@id":"https:\/\/laserelectronique.com\/?product=laser-rotatif-primus2-h1n-long-range-nedo#primaryimage"},"thumbnailUrl":"https:\/\/laserelectronique.com\/wp-content\/uploads\/2020\/12\/472025primus2_h1n.png","datePublished":"2020-12-30T16:12:27+00:00","dateModified":"2022-07-27T08:56:31+00:00","breadcrumb":{"@id":"https:\/\/laserelectronique.com\/?product=laser-rotatif-primus2-h1n-long-range-nedo#breadcrumb"},"inLanguage":"fr-FR","potentialAction":[{"@type":"ReadAction","target":["https:\/\/laserelectronique.com\/?product=laser-rotatif-primus2-h1n-long-range-nedo"]}]},{"@type":"ImageObject","inLanguage":"fr-FR","@id":"https:\/\/laserelectronique.com\/?product=laser-rotatif-primus2-h1n-long-range-nedo#primaryimage","url":"https:\/\/laserelectronique.com\/wp-content\/uploads\/2020\/12\/472025primus2_h1n.png","contentUrl":"https:\/\/laserelectronique.com\/wp-content\/uploads\/2020\/12\/472025primus2_h1n.png","width":700,"height":700},{"@type":"BreadcrumbList","@id":"https:\/\/laserelectronique.com\/?product=laser-rotatif-primus2-h1n-long-range-nedo#breadcrumb","itemListElement":[{"@type":"ListItem","position":1,"name":"Accueil","item":"https:\/\/laserelectronique.com\/"},{"@type":"ListItem","position":2,"name":"Boutique","item":"https:\/\/laserelectronique.com\/?page_id=7"},{"@type":"ListItem","position":3,"name":"Laser rotatif PRIMUS2\u00a0H1N+ Long Range Nedo"}]},{"@type":"WebSite","@id":"https:\/\/laserelectronique.com\/#website","url":"https:\/\/laserelectronique.com\/","name":"LASER ELECTRONIQUE TP","description":"VOTRE PARTENAIRE EN GUIDAGE D&#039;ENGINS, TOPOGRAPHIE ET SERVICES","potentialAction":[{"@type":"SearchAction","target":{"@type":"EntryPoint","urlTemplate":"https:\/\/laserelectronique.com\/?s={search_term_string}"},"query-input":{"@type":"PropertyValueSpecification","valueRequired":true,"valueName":"search_term_string"}}],"inLanguage":"fr-FR"}]}},"_links":{"self":[{"href":"https:\/\/laserelectronique.com\/index.php?rest_route=\/wp\/v2\/product\/3300","targetHints":{"allow":["GET"]}}],"collection":[{"href":"https:\/\/laserelectronique.com\/index.php?rest_route=\/wp\/v2\/product"}],"about":[{"href":"https:\/\/laserelectronique.com\/index.php?rest_route=\/wp\/v2\/types\/product"}],"replies":[{"embeddable":true,"href":"https:\/\/laserelectronique.com\/index.php?rest_route=%2Fwp%2Fv2%2Fcomments&post=3300"}],"wp:featuredmedia":[{"embeddable":true,"href":"https:\/\/laserelectronique.com\/index.php?rest_route=\/wp\/v2\/media\/3301"}],"wp:attachment":[{"href":"https:\/\/laserelectronique.com\/index.php?rest_route=%2Fwp%2Fv2%2Fmedia&parent=3300"}],"wp:term":[{"taxonomy":"product_cat","embeddable":true,"href":"https:\/\/laserelectronique.com\/index.php?rest_route=%2Fwp%2Fv2%2Fproduct_cat&post=3300"},{"taxonomy":"product_tag","embeddable":true,"href":"https:\/\/laserelectronique.com\/index.php?rest_route=%2Fwp%2Fv2%2Fproduct_tag&post=3300"}],"curies":[{"name":"wp","href":"https:\/\/api.w.org\/{rel}","templated":true}]}}