{"id":3296,"date":"2020-12-30T16:11:18","date_gmt":"2020-12-30T15:11:18","guid":{"rendered":"http:\/\/laserelectronique.com\/?post_type=product&#038;p=3296"},"modified":"2020-12-30T16:53:25","modified_gmt":"2020-12-30T15:53:25","slug":"laser-rotatif-horizontal-sirius-1h-nedo","status":"publish","type":"product","link":"https:\/\/laserelectronique.com\/?product=laser-rotatif-horizontal-sirius-1h-nedo","title":{"rendered":"Laser rotatif horizontal Sirius 1H Nedo"},"content":{"rendered":"<h3 class=\"STYLE_20\" align=\"LEFT\"><strong>Laser rotatif SIRIUS<sup>1<\/sup> H <\/strong><b>Avec r\u00e9cepteur en s\u00e9rie<\/b><\/h3>\n<div class=\"STYLE_9\" align=\"center\"><\/div>\n<div class=\"STYLE_TextBalken_12\" align=\"center\"><\/div>\n<div class=\"STYLE_12\" align=\"LEFT\"><strong>Le laser rotatif horizontal automatique avec Easy<img decoding=\"async\" class=\"alignright\" src=\"https:\/\/nedo.com\/img\/products\/laser\/471930.gif\" \/><\/strong><br \/>\n<strong>Control, la commande \u00e0 un seul bouton pour une <\/strong><strong>utilisation particuli\u00e8rement conviviale.<\/strong><br \/>\n<strong>Nouveau : R\u00e9cepteur laser ACCEPTOR<sup>2 digital<\/sup> avec <\/strong><strong>affichage en mm<\/strong><strong>Le laser rotatif horizontal automatique est maintenant <\/strong><strong>disponible avec Easy Control, la nouvelle commande <\/strong><strong>\u00e0 un seul bouton pour une utilisation particuli\u00e8rement<\/strong><strong>\u00a0conviviale.<\/strong><br \/>\n<strong>Le laser rotatif s&rsquo;aligne automatiquement \u00e0 l&rsquo;horizontal.<\/strong><\/div>\n<p><img loading=\"lazy\" decoding=\"async\" class=\"alignright\" src=\"https:\/\/nedo.com\/img\/products\/laser\/471930_icons.gif\" width=\"195\" height=\"139\" \/><\/p>\n<div class=\"STYLE_12\" align=\"LEFT\"><strong>La surveillance de\u00a0<\/strong><strong>hauteur <\/strong><strong>automatique<\/strong><\/div>\n<div class=\"STYLE_12\" align=\"LEFT\"><strong>arr\u00eate le laser <\/strong><strong>en cas de\u00a0<\/strong><strong>fortes <\/strong><strong>secousses, <\/strong><\/div>\n<div class=\"STYLE_12\" align=\"LEFT\"><strong>ce qui \u00e9vite des erreurs <\/strong><strong>de\u00a0<\/strong><strong>nivellement.<\/strong><\/div>\n<div class=\"STYLE_12\" align=\"LEFT\"><strong>Il suffit d&rsquo;allumer l&rsquo;appareil et il<\/strong><\/div>\n<div class=\"STYLE_12\" align=\"LEFT\"><strong> est <\/strong><strong>imm\u00e9diatement pr\u00eat \u00e0 l&#8217;emploi.<\/strong><\/div>\n<div class=\"STYLE_12\" align=\"LEFT\"><strong>Particularit\u00e9s:<\/strong><\/div>\n<div class=\"STYLE_12\" align=\"LEFT\">\n<ul type=\"square\">\n<li style=\"list-style-type: none;\">\n<ul type=\"square\">\n<li><strong>Laser horizontal automatique pour le travail \u00e0 l\u2019ext\u00e9rieur<\/strong><\/li>\n<li><strong>Plage d\u2019auto-ajustement d\u2019horizon \u00b1 5\u00b0, avec calage<\/strong><br \/>\n<strong>motoris\u00e9<\/strong><\/li>\n<li><strong>Diode laser de forte puissance (classe 3R) pour une<\/strong><br \/>\n<strong>visibilit\u00e9 optimale du rayon laser<\/strong><\/li>\n<li><strong>En alternative : \u00e9galement disponible avec lasers de<\/strong><br \/>\n<strong>classe 2<\/strong><\/li>\n<li><strong>La surveillance de hauteur automatique arr\u00eate le laser<\/strong><br \/>\n<strong>en cas de fortes secousses, ce qui \u00e9vite des erreurs de<\/strong><br \/>\n<strong>nivellement.<\/strong><\/li>\n<li><strong>Bo\u00eetier robuste, prot\u00e9g\u00e9 contre les projections d\u2019eau<\/strong><br \/>\n<strong>IP 65<\/strong><\/li>\n<li><strong>Protection du rotor en aluminium moul\u00e9 sous pression<\/strong><br \/>\n<strong>et verre incassable<\/strong><\/li>\n<li><strong>Accus NiMH hautement performants pour une grande<\/strong><br \/>\n<strong><img decoding=\"async\" class=\"alignright\" src=\"https:\/\/nedo.com\/img\/products\/laser\/430338_fr.gif\" \/>autonomie<\/strong><\/li>\n<\/ul>\n<\/li>\n<\/ul>\n<p><b>\u00a0<\/b><\/p>\n<\/div>\n<div class=\"STYLE_12\" align=\"LEFT\"><strong>Optimal pour les travaux de chantier. Parfait pour niveler<\/strong><br \/>\n<strong>dans les applications suivantes:<\/strong><\/div>\n<div class=\"STYLE_12\" align=\"LEFT\">\n<ul type=\"square\">\n<li><strong>Coulage de dalles en b\u00e9ton ou de fondations<\/strong><\/li>\n<li><strong>Trait de niveau \u00e0 1 m<\/strong><\/li>\n<li><strong>Travaux d\u2019aplanissement<\/strong><\/li>\n<li><strong>Travaux de ma\u00e7onnerie<\/strong><\/li>\n<li><strong>Horticulture et am\u00e9nagement du paysage<\/strong><\/li>\n<li><strong>Fouilles sur chantiers<\/strong><\/li>\n<\/ul>\n<\/div>\n<div class=\"STYLE_9\" align=\"LEFT\"><strong><a name=\"Marker_Sirius1_H_30\"><\/a><img loading=\"lazy\" decoding=\"async\" src=\"https:\/\/nedo.com\/img\/trans.gif\" alt=\"\" width=\"1\" height=\"1\" border=\"0\" hspace=\"0\" vspace=\"0\" \/><\/strong><\/div>\n<div class=\"STYLE_BildBalken\" align=\"center\"><strong><img loading=\"lazy\" decoding=\"async\" src=\"https:\/\/nedo.com\/img\/Balken_bild_215x25.gif\" alt=\"\" width=\"215\" height=\"25\" align=\"TOP\" border=\"0\" hspace=\"0\" vspace=\"0\" \/><\/strong><\/div>\n<div class=\"STYLE_BildBalken\" style=\"text-align: left;\" align=\"center\"><strong>SIRIUS<sup>1<\/sup>\u00a0H r\u00e9f. 471 933<\/strong><\/div>\n<div class=\"STYLE_12\" align=\"LEFT\">\n<ul type=\"square\">\n<li><strong>Laser rotatif SIRIUS<sup>1<\/sup>\u00a0H<img decoding=\"async\" class=\"alignright\" src=\"https:\/\/nedo.com\/img\/products\/laser\/471933_Lieferumfang.gif\" \/><\/strong><\/li>\n<li><strong>R\u00e9cepteur laser ACCEPTOR<sup>2 digital<\/sup>\u00a0avec<\/strong><br \/>\n<strong>affichage en mm et pince de fixation Heavy-Duty<\/strong><\/li>\n<li><strong>Accu\/chargeur<\/strong><\/li>\n<li><strong>Coffret de transport<\/strong><\/li>\n<\/ul>\n<\/div>\n<div class=\"STYLE_9\" align=\"LEFT\"><strong><a name=\"Marker_Sirius1_H_33\"><\/a><img loading=\"lazy\" decoding=\"async\" src=\"https:\/\/nedo.com\/img\/trans.gif\" alt=\"\" width=\"1\" height=\"1\" border=\"0\" hspace=\"0\" vspace=\"0\" \/><\/strong><\/div>\n<div align=\"LEFT\"><\/div>\n<div class=\"STYLE_BildBalken\" style=\"text-align: left;\" align=\"center\"><strong>SIRIUS<sup>1<\/sup>\u00a0H r\u00e9f. 471 932<\/strong><\/div>\n<div class=\"STYLE_12\" align=\"LEFT\">\n<ul type=\"square\">\n<li><strong>Laser rotatif SIRIUS<sup>1<\/sup>\u00a0H<img decoding=\"async\" class=\"alignright\" src=\"https:\/\/nedo.com\/img\/products\/laser\/471932_Lieferumfang.gif\" \/><\/strong><\/li>\n<li><strong>R\u00e9cepteur laser ACCEPTOR<sup>digital<\/sup><\/strong><\/li>\n<li><strong>Accu\/chargeur<\/strong><\/li>\n<li><strong>Coffret de transport<\/strong><\/li>\n<\/ul>\n<\/div>\n<div class=\"STYLE_9\" align=\"LEFT\"><strong><a name=\"Marker_Sirius1_H_35\"><\/a><img loading=\"lazy\" decoding=\"async\" src=\"https:\/\/nedo.com\/img\/trans.gif\" alt=\"\" width=\"1\" height=\"1\" border=\"0\" hspace=\"0\" vspace=\"0\" \/><\/strong><\/div>\n<div align=\"LEFT\"><\/div>\n<div align=\"LEFT\"><\/div>\n<div class=\"STYLE_BildBalken\" style=\"text-align: left;\" align=\"center\"><strong>Kit SIRIUS<sup>1<\/sup> H r\u00e9f. 471 931<\/strong><\/div>\n<p><img loading=\"lazy\" decoding=\"async\" class=\"alignright\" style=\"font-weight: bold;\" src=\"https:\/\/nedo.com\/img\/products\/laser\/471931.gif\" width=\"192\" height=\"215\" \/><\/p>\n<div class=\"STYLE_12\" align=\"LEFT\">\n<p>&nbsp;<\/p>\n<ul>\n<li><strong>SIRIUS<sup>1<\/sup> H r\u00e9f. 471 933<\/strong><\/li>\n<li><strong>Tr\u00e9pied alu, plage de travail 0,91 m \u00e0 1,69 m<\/strong><\/li>\n<li><strong>Mire Flexi, adaptateur universel et \u00e9tui<\/strong><\/li>\n<\/ul>\n<p>&nbsp;<\/p>\n<\/div>\n<div class=\"STYLE_9\" align=\"LEFT\"><strong><a name=\"Marker_Sirius1_H_40\"><\/a><\/strong><\/div>\n<div class=\"STYLE_9\" align=\"LEFT\"><\/div>\n<div class=\"STYLE_9\" align=\"LEFT\"><\/div>\n<div class=\"STYLE_9\" align=\"LEFT\"><\/div>\n<div class=\"STYLE_9\" align=\"LEFT\"><strong><img loading=\"lazy\" decoding=\"async\" src=\"https:\/\/nedo.com\/img\/trans.gif\" alt=\"\" width=\"1\" height=\"1\" border=\"0\" hspace=\"0\" vspace=\"0\" \/><\/strong><\/div>\n<div class=\"STYLE_12\" align=\"Left\"><strong>Caract\u00e9ristiques techniques du laser :<\/strong><\/div>\n<div class=\"STYLE_12\" align=\"LEFT\">\n<table border=\"0\" cellspacing=\"0\" cellpadding=\"2\">\n<tbody>\n<tr>\n<td class=\"TabelleZeile1\" align=\"LEFT\" valign=\"TOP\" width=\"300\"><strong>Plage d\u2019auto-ajustement<\/strong><\/td>\n<td class=\"TabelleZeile1\" align=\"LEFT\" valign=\"TOP\" width=\"300\"><strong>\u00b1 5\u00b0 motoris\u00e9 avec surveillance automatique<\/strong><\/td>\n<\/tr>\n<tr>\n<td class=\"TabelleZeile2\" align=\"LEFT\" valign=\"TOP\" width=\"300\"><strong>Pr\u00e9cision<\/strong><\/td>\n<td class=\"TabelleZeile2\" align=\"LEFT\" valign=\"TOP\" width=\"300\"><strong>\u00b1 1 mm\/10 m<\/strong><\/td>\n<\/tr>\n<tr>\n<td class=\"TabelleZeile3\" align=\"LEFT\" valign=\"TOP\" width=\"300\"><strong>Laser type<\/strong><\/td>\n<td class=\"TabelleZeile3\" align=\"LEFT\" valign=\"TOP\" width=\"300\"><strong>&lt; 5 mW, classe 3R, 635 nm ou<\/strong><br \/>\n<strong>&lt; 1 mW classe 2, 635 nm<\/strong><\/td>\n<\/tr>\n<tr>\n<td class=\"TabelleZeile2\" align=\"LEFT\" valign=\"TOP\" width=\"300\"><strong>Vitesse de rotation<\/strong><\/td>\n<td class=\"TabelleZeile2\" align=\"LEFT\" valign=\"TOP\" width=\"300\"><strong>600 tours\/min<\/strong><\/td>\n<\/tr>\n<tr>\n<td class=\"TabelleZeile3\" align=\"LEFT\" valign=\"TOP\" width=\"300\"><strong>Alimentation<\/strong><\/td>\n<td class=\"TabelleZeile3\" align=\"LEFT\" valign=\"TOP\" width=\"300\"><strong>jeu d\u2019accus NiMH 4,8 V, 3800 mAh<\/strong><\/td>\n<\/tr>\n<tr>\n<td class=\"TabelleZeile2\" align=\"LEFT\" valign=\"TOP\" width=\"300\"><strong>Autonomie<\/strong><\/td>\n<td class=\"TabelleZeile2\" align=\"LEFT\" valign=\"TOP\" width=\"300\"><strong>env. 30 h<\/strong><\/td>\n<\/tr>\n<tr>\n<td class=\"TabelleZeile3\" align=\"LEFT\" valign=\"TOP\" width=\"300\"><strong>Poids<\/strong><\/td>\n<td class=\"TabelleZeile3\" align=\"LEFT\" valign=\"TOP\" width=\"300\"><strong>2,3 kg<\/strong><\/td>\n<\/tr>\n<tr>\n<td class=\"TabelleZeile2\" align=\"LEFT\" valign=\"TOP\" width=\"300\"><strong>Dimensions (L\/P\/H)<\/strong><\/td>\n<td class=\"TabelleZeile2\" align=\"LEFT\" valign=\"TOP\" width=\"300\"><strong>150 mm x 200 mm x 190 mm<\/strong><\/td>\n<\/tr>\n<tr>\n<td class=\"TabelleZeile3\" align=\"LEFT\" valign=\"TOP\" width=\"300\"><strong>Temp\u00e9rature d\u2019utilisation<\/strong><\/td>\n<td class=\"TabelleZeile3\" align=\"LEFT\" valign=\"TOP\" width=\"300\"><strong>-20\u00b0C \u00e0 + 50\u00b0C<\/strong><\/td>\n<\/tr>\n<tr>\n<td class=\"TabelleZeile2\" align=\"LEFT\" valign=\"TOP\" width=\"300\"><strong>Port\u00e9e maxi \u00d8<\/strong><\/td>\n<td class=\"TabelleZeile2\" align=\"LEFT\" valign=\"TOP\" width=\"300\"><strong>env. 400 m avec r\u00e9cepteur<\/strong><\/td>\n<\/tr>\n<tr>\n<td class=\"TabelleZeile3\" align=\"LEFT\" valign=\"TOP\" width=\"300\"><strong>Etanch\u00e9it\u00e9<\/strong><\/td>\n<td class=\"TabelleZeile3\" align=\"LEFT\" valign=\"TOP\" width=\"300\"><strong>IP 65<\/strong><\/td>\n<\/tr>\n<\/tbody>\n<\/table>\n<\/div>\n<div class=\"STYLE_9\" align=\"LEFT\"><strong><a name=\"Marker_Sirius1_H_50\"><\/a><img loading=\"lazy\" decoding=\"async\" src=\"https:\/\/nedo.com\/img\/trans.gif\" alt=\"\" width=\"1\" height=\"1\" border=\"0\" hspace=\"0\" vspace=\"0\" \/><\/strong><\/div>\n<div class=\"STYLE_12\" align=\"Left\"><strong>Caract\u00e9ristiques techniques du r\u00e9cepteur ACCEPTOR<sup>2 digital<\/sup>:<\/strong><\/div>\n<div class=\"STYLE_12\" align=\"LEFT\">\n<table border=\"0\" cellspacing=\"0\" cellpadding=\"2\">\n<tbody>\n<tr>\n<td class=\"TabelleZeile1\" align=\"LEFT\" valign=\"TOP\" width=\"300\"><strong>R\u00e9solution fine\/normale<\/strong><\/td>\n<td class=\"TabelleZeile1\" align=\"LEFT\" valign=\"TOP\" width=\"300\"><strong>commutable, \u00b1 6,0 mm \/ \u00b1 4,0 mm \/ \u00b1 1,0 mm<\/strong><\/td>\n<\/tr>\n<tr>\n<td class=\"TabelleZeile2\" align=\"LEFT\" valign=\"TOP\" width=\"300\"><strong>Port\u00e9e maxi \u00d8<\/strong><\/td>\n<td class=\"TabelleZeile2\" align=\"LEFT\" valign=\"TOP\" width=\"300\"><strong>550 m (d\u00e9pend du laser utilis\u00e9)<\/strong><\/td>\n<\/tr>\n<tr>\n<td class=\"TabelleZeile3\" align=\"LEFT\" valign=\"TOP\" width=\"300\"><strong>Alimentation<\/strong><\/td>\n<td class=\"TabelleZeile3\" align=\"LEFT\" valign=\"TOP\" width=\"300\"><strong>2 x 1,5 V type AA ou jeu d&rsquo;accus NiMH<\/strong><\/td>\n<\/tr>\n<tr>\n<td class=\"TabelleZeile2\" align=\"LEFT\" valign=\"TOP\" width=\"300\"><strong>Longueur de la zone de d\u00e9tection<\/strong><\/td>\n<td class=\"TabelleZeile2\" align=\"LEFT\" valign=\"TOP\" width=\"300\"><strong>50 mm<\/strong><\/td>\n<\/tr>\n<tr>\n<td class=\"TabelleZeile3\" align=\"LEFT\" valign=\"TOP\" width=\"300\"><strong>Autonomie<\/strong><\/td>\n<td class=\"TabelleZeile3\" align=\"LEFT\" valign=\"TOP\" width=\"300\"><strong>env. 120 h<\/strong><\/td>\n<\/tr>\n<tr>\n<td class=\"TabelleZeile2\" align=\"LEFT\" valign=\"TOP\" width=\"300\"><strong>Etanch\u00e9it\u00e9<\/strong><\/td>\n<td class=\"TabelleZeile2\" align=\"LEFT\" valign=\"TOP\" width=\"300\"><strong>IP 67<\/strong><\/td>\n<\/tr>\n<\/tbody>\n<\/table>\n<\/div>\n<div class=\"STYLE_9\" align=\"LEFT\"><strong><a name=\"Marker_Sirius1_H_60\"><\/a><img loading=\"lazy\" decoding=\"async\" src=\"https:\/\/nedo.com\/img\/trans.gif\" alt=\"\" width=\"1\" height=\"1\" border=\"0\" hspace=\"0\" vspace=\"0\" \/><\/strong><\/div>\n<div class=\"STYLE_12\" align=\"Left\"><strong>D\u00e9tails de la commande :<\/strong><\/div>\n<div class=\"STYLE_12\" align=\"LEFT\">\n<table border=\"0\" cellspacing=\"0\" cellpadding=\"2\">\n<tbody>\n<tr>\n<td class=\"TabelleZeile1\" align=\"LEFT\" valign=\"TOP\" width=\"150\"><strong>R\u00e9f.<\/strong><br \/>\n<strong>classe 3R<\/strong><\/td>\n<td class=\"TabelleZeile1\" align=\"LEFT\" valign=\"TOP\" width=\"150\"><strong>R\u00e9f.<\/strong><br \/>\n<strong>classe 2<\/strong><\/td>\n<td class=\"TabelleZeile1\" align=\"LEFT\" valign=\"TOP\" width=\"300\"><\/td>\n<\/tr>\n<tr>\n<td class=\"TabelleZeile2\" align=\"LEFT\" valign=\"TOP\" width=\"150\"><strong>471 933<\/strong><\/td>\n<td class=\"TabelleZeile2\" align=\"LEFT\" valign=\"TOP\" width=\"150\"><strong>471 933-632<\/strong><\/td>\n<td class=\"TabelleZeile2\" align=\"LEFT\" valign=\"TOP\" width=\"300\"><strong>Laser rotatif SIRIUS<sup>1<\/sup>\u00a0H avec ACCEPTOR<sup>2 digital<\/sup>\u00a0avec<\/strong><br \/>\n<strong>pince de fixation Heavy-Duty<\/strong><\/td>\n<\/tr>\n<tr>\n<td class=\"TabelleZeile3\" align=\"LEFT\" valign=\"TOP\" width=\"150\"><strong>471 931<\/strong><\/td>\n<td class=\"TabelleZeile3\" align=\"LEFT\" valign=\"TOP\" width=\"150\"><strong>471 931-632<\/strong><\/td>\n<td class=\"TabelleZeile3\" align=\"LEFT\" valign=\"TOP\" width=\"300\"><strong>Laser rotatif SIRIUS<sup>1<\/sup>\u00a0H Set<\/strong><\/td>\n<\/tr>\n<tr>\n<td class=\"TabelleZeile2\" align=\"LEFT\" valign=\"TOP\" width=\"150\"><strong>471 932<\/strong><\/td>\n<td class=\"TabelleZeile2\" align=\"LEFT\" valign=\"TOP\" width=\"150\"><strong>471 932-632<\/strong><\/td>\n<td class=\"TabelleZeile2\" align=\"LEFT\" valign=\"TOP\" width=\"300\"><strong>Laser rotatif SIRIUS<sup>1<\/sup>\u00a0H avec ACCEPTOR<sup>digital<\/sup><\/strong><\/td>\n<\/tr>\n<\/tbody>\n<\/table>\n<\/div>\n<div class=\"STYLE_12w\" align=\"center\"><\/div>\n<div class=\"STYLE_BildBalken\" align=\"center\"><\/div>\n","protected":false},"excerpt":{"rendered":"<p>&nbsp;<\/p>\n<p>&nbsp;<\/p>\n<p>&nbsp;<\/p>\n<p>&nbsp;<\/p>\n","protected":false},"featured_media":3297,"comment_status":"closed","ping_status":"closed","template":"","meta":[],"product_cat":[32],"product_tag":[],"class_list":{"0":"post-3296","1":"product","2":"type-product","3":"status-publish","4":"has-post-thumbnail","6":"product_cat-lasers-rotatifs","7":"","9":"first","10":"instock","11":"taxable","12":"shipping-taxable","13":"product-type-simple"},"yoast_head":"<!-- This site is optimized with the Yoast SEO plugin v24.7 - https:\/\/yoast.com\/wordpress\/plugins\/seo\/ -->\n<title>Laser rotatif horizontal Sirius 1H Nedo - LASER ELECTRONIQUE TP<\/title>\n<meta name=\"robots\" content=\"index, follow, max-snippet:-1, max-image-preview:large, max-video-preview:-1\" \/>\n<link rel=\"canonical\" href=\"https:\/\/laserelectronique.com\/?product=laser-rotatif-horizontal-sirius-1h-nedo\" \/>\n<meta property=\"og:locale\" content=\"fr_FR\" \/>\n<meta property=\"og:type\" content=\"article\" \/>\n<meta property=\"og:title\" content=\"Laser rotatif horizontal Sirius 1H Nedo - LASER ELECTRONIQUE TP\" \/>\n<meta property=\"og:description\" content=\"&nbsp;  &nbsp;  &nbsp;  &nbsp;\" \/>\n<meta property=\"og:url\" content=\"https:\/\/laserelectronique.com\/?product=laser-rotatif-horizontal-sirius-1h-nedo\" \/>\n<meta property=\"og:site_name\" content=\"LASER ELECTRONIQUE TP\" \/>\n<meta property=\"article:modified_time\" content=\"2020-12-30T15:53:25+00:00\" \/>\n<meta property=\"og:image\" content=\"https:\/\/laserelectronique.com\/wp-content\/uploads\/2020\/12\/471930.png\" \/>\n\t<meta property=\"og:image:width\" content=\"900\" \/>\n\t<meta property=\"og:image:height\" content=\"900\" \/>\n\t<meta property=\"og:image:type\" content=\"image\/png\" \/>\n<meta name=\"twitter:card\" content=\"summary_large_image\" \/>\n<meta name=\"twitter:label1\" content=\"Dur\u00e9e de lecture estim\u00e9e\" \/>\n\t<meta name=\"twitter:data1\" content=\"2 minutes\" \/>\n<script type=\"application\/ld+json\" class=\"yoast-schema-graph\">{\"@context\":\"https:\/\/schema.org\",\"@graph\":[{\"@type\":\"WebPage\",\"@id\":\"https:\/\/laserelectronique.com\/?product=laser-rotatif-horizontal-sirius-1h-nedo\",\"url\":\"https:\/\/laserelectronique.com\/?product=laser-rotatif-horizontal-sirius-1h-nedo\",\"name\":\"Laser rotatif horizontal Sirius 1H Nedo - LASER ELECTRONIQUE TP\",\"isPartOf\":{\"@id\":\"https:\/\/laserelectronique.com\/#website\"},\"primaryImageOfPage\":{\"@id\":\"https:\/\/laserelectronique.com\/?product=laser-rotatif-horizontal-sirius-1h-nedo#primaryimage\"},\"image\":{\"@id\":\"https:\/\/laserelectronique.com\/?product=laser-rotatif-horizontal-sirius-1h-nedo#primaryimage\"},\"thumbnailUrl\":\"https:\/\/laserelectronique.com\/wp-content\/uploads\/2020\/12\/471930.png\",\"datePublished\":\"2020-12-30T15:11:18+00:00\",\"dateModified\":\"2020-12-30T15:53:25+00:00\",\"breadcrumb\":{\"@id\":\"https:\/\/laserelectronique.com\/?product=laser-rotatif-horizontal-sirius-1h-nedo#breadcrumb\"},\"inLanguage\":\"fr-FR\",\"potentialAction\":[{\"@type\":\"ReadAction\",\"target\":[\"https:\/\/laserelectronique.com\/?product=laser-rotatif-horizontal-sirius-1h-nedo\"]}]},{\"@type\":\"ImageObject\",\"inLanguage\":\"fr-FR\",\"@id\":\"https:\/\/laserelectronique.com\/?product=laser-rotatif-horizontal-sirius-1h-nedo#primaryimage\",\"url\":\"https:\/\/laserelectronique.com\/wp-content\/uploads\/2020\/12\/471930.png\",\"contentUrl\":\"https:\/\/laserelectronique.com\/wp-content\/uploads\/2020\/12\/471930.png\",\"width\":900,\"height\":900},{\"@type\":\"BreadcrumbList\",\"@id\":\"https:\/\/laserelectronique.com\/?product=laser-rotatif-horizontal-sirius-1h-nedo#breadcrumb\",\"itemListElement\":[{\"@type\":\"ListItem\",\"position\":1,\"name\":\"Accueil\",\"item\":\"https:\/\/laserelectronique.com\/\"},{\"@type\":\"ListItem\",\"position\":2,\"name\":\"Boutique\",\"item\":\"https:\/\/laserelectronique.com\/?page_id=7\"},{\"@type\":\"ListItem\",\"position\":3,\"name\":\"Laser rotatif horizontal Sirius 1H Nedo\"}]},{\"@type\":\"WebSite\",\"@id\":\"https:\/\/laserelectronique.com\/#website\",\"url\":\"https:\/\/laserelectronique.com\/\",\"name\":\"LASER ELECTRONIQUE TP\",\"description\":\"VOTRE PARTENAIRE EN GUIDAGE D&#039;ENGINS, TOPOGRAPHIE ET SERVICES\",\"potentialAction\":[{\"@type\":\"SearchAction\",\"target\":{\"@type\":\"EntryPoint\",\"urlTemplate\":\"https:\/\/laserelectronique.com\/?s={search_term_string}\"},\"query-input\":{\"@type\":\"PropertyValueSpecification\",\"valueRequired\":true,\"valueName\":\"search_term_string\"}}],\"inLanguage\":\"fr-FR\"}]}<\/script>\n<!-- \/ Yoast SEO plugin. -->","yoast_head_json":{"title":"Laser rotatif horizontal Sirius 1H Nedo - LASER ELECTRONIQUE TP","robots":{"index":"index","follow":"follow","max-snippet":"max-snippet:-1","max-image-preview":"max-image-preview:large","max-video-preview":"max-video-preview:-1"},"canonical":"https:\/\/laserelectronique.com\/?product=laser-rotatif-horizontal-sirius-1h-nedo","og_locale":"fr_FR","og_type":"article","og_title":"Laser rotatif horizontal Sirius 1H Nedo - LASER ELECTRONIQUE TP","og_description":"&nbsp;  &nbsp;  &nbsp;  &nbsp;","og_url":"https:\/\/laserelectronique.com\/?product=laser-rotatif-horizontal-sirius-1h-nedo","og_site_name":"LASER ELECTRONIQUE TP","article_modified_time":"2020-12-30T15:53:25+00:00","og_image":[{"width":900,"height":900,"url":"https:\/\/laserelectronique.com\/wp-content\/uploads\/2020\/12\/471930.png","type":"image\/png"}],"twitter_card":"summary_large_image","twitter_misc":{"Dur\u00e9e de lecture estim\u00e9e":"2 minutes"},"schema":{"@context":"https:\/\/schema.org","@graph":[{"@type":"WebPage","@id":"https:\/\/laserelectronique.com\/?product=laser-rotatif-horizontal-sirius-1h-nedo","url":"https:\/\/laserelectronique.com\/?product=laser-rotatif-horizontal-sirius-1h-nedo","name":"Laser rotatif horizontal Sirius 1H Nedo - LASER ELECTRONIQUE TP","isPartOf":{"@id":"https:\/\/laserelectronique.com\/#website"},"primaryImageOfPage":{"@id":"https:\/\/laserelectronique.com\/?product=laser-rotatif-horizontal-sirius-1h-nedo#primaryimage"},"image":{"@id":"https:\/\/laserelectronique.com\/?product=laser-rotatif-horizontal-sirius-1h-nedo#primaryimage"},"thumbnailUrl":"https:\/\/laserelectronique.com\/wp-content\/uploads\/2020\/12\/471930.png","datePublished":"2020-12-30T15:11:18+00:00","dateModified":"2020-12-30T15:53:25+00:00","breadcrumb":{"@id":"https:\/\/laserelectronique.com\/?product=laser-rotatif-horizontal-sirius-1h-nedo#breadcrumb"},"inLanguage":"fr-FR","potentialAction":[{"@type":"ReadAction","target":["https:\/\/laserelectronique.com\/?product=laser-rotatif-horizontal-sirius-1h-nedo"]}]},{"@type":"ImageObject","inLanguage":"fr-FR","@id":"https:\/\/laserelectronique.com\/?product=laser-rotatif-horizontal-sirius-1h-nedo#primaryimage","url":"https:\/\/laserelectronique.com\/wp-content\/uploads\/2020\/12\/471930.png","contentUrl":"https:\/\/laserelectronique.com\/wp-content\/uploads\/2020\/12\/471930.png","width":900,"height":900},{"@type":"BreadcrumbList","@id":"https:\/\/laserelectronique.com\/?product=laser-rotatif-horizontal-sirius-1h-nedo#breadcrumb","itemListElement":[{"@type":"ListItem","position":1,"name":"Accueil","item":"https:\/\/laserelectronique.com\/"},{"@type":"ListItem","position":2,"name":"Boutique","item":"https:\/\/laserelectronique.com\/?page_id=7"},{"@type":"ListItem","position":3,"name":"Laser rotatif horizontal Sirius 1H Nedo"}]},{"@type":"WebSite","@id":"https:\/\/laserelectronique.com\/#website","url":"https:\/\/laserelectronique.com\/","name":"LASER ELECTRONIQUE TP","description":"VOTRE PARTENAIRE EN GUIDAGE D&#039;ENGINS, TOPOGRAPHIE ET SERVICES","potentialAction":[{"@type":"SearchAction","target":{"@type":"EntryPoint","urlTemplate":"https:\/\/laserelectronique.com\/?s={search_term_string}"},"query-input":{"@type":"PropertyValueSpecification","valueRequired":true,"valueName":"search_term_string"}}],"inLanguage":"fr-FR"}]}},"_links":{"self":[{"href":"https:\/\/laserelectronique.com\/index.php?rest_route=\/wp\/v2\/product\/3296","targetHints":{"allow":["GET"]}}],"collection":[{"href":"https:\/\/laserelectronique.com\/index.php?rest_route=\/wp\/v2\/product"}],"about":[{"href":"https:\/\/laserelectronique.com\/index.php?rest_route=\/wp\/v2\/types\/product"}],"replies":[{"embeddable":true,"href":"https:\/\/laserelectronique.com\/index.php?rest_route=%2Fwp%2Fv2%2Fcomments&post=3296"}],"wp:featuredmedia":[{"embeddable":true,"href":"https:\/\/laserelectronique.com\/index.php?rest_route=\/wp\/v2\/media\/3297"}],"wp:attachment":[{"href":"https:\/\/laserelectronique.com\/index.php?rest_route=%2Fwp%2Fv2%2Fmedia&parent=3296"}],"wp:term":[{"taxonomy":"product_cat","embeddable":true,"href":"https:\/\/laserelectronique.com\/index.php?rest_route=%2Fwp%2Fv2%2Fproduct_cat&post=3296"},{"taxonomy":"product_tag","embeddable":true,"href":"https:\/\/laserelectronique.com\/index.php?rest_route=%2Fwp%2Fv2%2Fproduct_tag&post=3296"}],"curies":[{"name":"wp","href":"https:\/\/api.w.org\/{rel}","templated":true}]}}