{"id":3293,"date":"2020-12-29T21:02:37","date_gmt":"2020-12-29T20:02:37","guid":{"rendered":"http:\/\/laserelectronique.com\/?post_type=product&#038;p=3293"},"modified":"2020-12-29T21:07:41","modified_gmt":"2020-12-29T20:07:41","slug":"mesureurs-dangle-winkel-nedo","status":"publish","type":"product","link":"https:\/\/laserelectronique.com\/?product=mesureurs-dangle-winkel-nedo","title":{"rendered":"Mesureurs d&rsquo;angle Winkel NEDO"},"content":{"rendered":"<h3 class=\"STYLE_20\" align=\"LEFT\">Winkeltronic Nedo LaserWinkeltronic<\/h3>\n<div class=\"STYLE_9\" align=\"center\"><\/div>\n<div class=\"STYLE_12\" align=\"LEFT\"><strong>Mesureur d\u2019angle num\u00e9rique pour des mesures<img decoding=\"async\" class=\"alignright\" src=\"https:\/\/www.nedo.com\/img\/products\/mwzg\/winkeltronic_a1.gif\" alt=\"\" align=\"TOP\" border=\"0\" hspace=\"0\" vspace=\"0\" \/> pr\u00e9cises et report des angles.<\/strong><br \/>\n<strong>Cela se fait sans probl\u00e8me, gr\u00e2ce aux bras<\/strong><br \/>\n<strong>sym\u00e9triques. Le Winkeltronic est un instrument<\/strong><br \/>\n<strong>robuste et fiable avec une pr\u00e9cision de \u00b1 0,1\u00b0.<\/strong><br \/>\n<strong>Les angles mesur\u00e9s peuvent \u00eatre lus ais\u00e9ment<\/strong><br \/>\n<strong>sur le grand afficheur.<\/strong><br \/>\n<strong>Nivelles horizontale et verticale int\u00e9gr\u00e9es.<img decoding=\"async\" class=\"alignright\" style=\"text-align: -webkit-center;\" src=\"https:\/\/www.nedo.com\/img\/products\/mwzg\/winkeltronic_a2.gif\" alt=\"\" align=\"TOP\" border=\"0\" hspace=\"0\" vspace=\"0\" \/><\/strong><br \/>\n<strong>Avec la fonction \u00ab Hold \u00bb, des valeurs mesur\u00e9es<\/strong><br \/>\n<strong>peuvent \u00eatre gard\u00e9es sur l&rsquo;afficheur.<\/strong><strong>Le Winkeltronic Easy est un lecteur num\u00e9rique<\/strong><br \/>\n<strong>d&rsquo;angles, compact pour mesurer et reporter<\/strong><br \/>\n<strong>des angles. Sa longueur des bras de 400 mm,<\/strong><br \/>\n<strong>son poids faible et le grand afficheur en font un<\/strong><br \/>\n<strong>auxiliaire appr\u00e9ci\u00e9 sur le chantier et particuli\u00e8re-<\/strong><br \/>\n<strong>ment, pour l&rsquo;am\u00e9nagement int\u00e9rieur.<\/strong><br \/>\n<strong>Avec nivelles horizontale et verticale, fonction<\/strong><br \/>\n<strong>\u00ab Hold \u00bb pour garder une valeur mesur\u00e9e sur<\/strong><br \/>\n<strong>l&rsquo;afficheur.<\/strong><\/div>\n<div align=\"LEFT\"><\/div>\n<div class=\"STYLE_9\" align=\"center\"><strong><img decoding=\"async\" src=\"https:\/\/www.nedo.com\/img\/linie.jpg\" alt=\"\" align=\"TOP\" border=\"0\" hspace=\"0\" vspace=\"0\" \/><\/strong><\/div>\n<div class=\"STYLE_TextBalken_12\" align=\"center\"><\/div>\n<div class=\"STYLE_TextBalken_12\" align=\"center\"><strong>Particularit\u00e9s du Winkeltronic Easy<\/strong><\/div>\n<div class=\"STYLE_12\" align=\"LEFT\">\n<ul type=\"square\">\n<li><strong>R\u00e9solution : 0,1\u00b0<\/strong><img decoding=\"async\" class=\"alignright\" src=\"https:\/\/www.nedo.com\/img\/products\/mwzg\/405100_405120.gif\" \/><\/li>\n<li><strong>Pr\u00e9cision : \u00b1 0,2\u00b0<\/strong><\/li>\n<li><strong>Fonction \u00ab Hold \u00bb pour garder une valeur<\/strong><br \/>\n<strong>mesur\u00e9e sur l&rsquo;afficheur<\/strong><\/li>\n<li><strong>Mise \u00e0 z\u00e9ro possible dans n&rsquo;importe quelle<\/strong><br \/>\n<strong>position des bras<\/strong><\/li>\n<li><strong>Nivelles horizontale et verticale int\u00e9gr\u00e9es<\/strong><\/li>\n<li><strong>Arr\u00eat automatique d\u00e9sactivable<\/strong><\/li>\n<li><strong>Livr\u00e9 avec \u00e9tui<\/strong><\/li>\n<\/ul>\n<\/div>\n<div class=\"STYLE_BildBalken\" align=\"center\"><strong><img loading=\"lazy\" decoding=\"async\" src=\"https:\/\/www.nedo.com\/img\/Balken_bild_215x25.gif\" alt=\"\" width=\"215\" height=\"25\" align=\"TOP\" border=\"0\" hspace=\"0\" vspace=\"0\" \/><\/strong><\/div>\n<div class=\"STYLE_BildBalken\" align=\"center\"><strong>\u00a0\u00a0\u00a0\u00a0405 100\u00a0\u00a0\u00a0\u00a0\u00a0\u00a0\u00a0\u00a0\u00a0\u00a0\u00a0\u00a0\u00a0\u00a0\u00a0\u00a0405 120<\/strong><\/div>\n<div class=\"STYLE_12\" align=\"Left\"><strong>Winkeltronic Easy Nedo<\/strong><\/div>\n<div class=\"STYLE_12\" align=\"LEFT\">\n<table border=\"0\" cellspacing=\"0\" cellpadding=\"2\">\n<tbody>\n<tr>\n<td class=\"TabelleZeile1\" align=\"LEFT\" valign=\"TOP\" width=\"130\"><strong>R\u00e9f\u00e9rence<\/strong><\/td>\n<td class=\"TabelleZeile1\" align=\"LEFT\" valign=\"TOP\" width=\"130\"><strong>Longueur<br \/>\nde bras<\/strong><\/td>\n<td class=\"TabelleZeile1\" align=\"LEFT\" valign=\"TOP\" width=\"130\"><strong>R\u00e9solution<\/strong><\/td>\n<td class=\"TabelleZeile1\" align=\"LEFT\" valign=\"TOP\" width=\"130\"><strong>Plage de<br \/>\nmesure<\/strong><\/td>\n<td class=\"TabelleZeile1\" align=\"LEFT\" valign=\"TOP\" width=\"80\"><strong>Poids<\/strong><\/td>\n<\/tr>\n<tr>\n<td class=\"TabelleZeile2\" align=\"LEFT\" valign=\"TOP\" width=\"130\"><strong>405 100<\/strong><\/td>\n<td class=\"TabelleZeile2\" align=\"LEFT\" valign=\"TOP\" width=\"130\"><strong>400 mm<\/strong><\/td>\n<td class=\"TabelleZeile2\" align=\"LEFT\" valign=\"TOP\" width=\"130\"><strong>0,1\u00b0<\/strong><\/td>\n<td class=\"TabelleZeile2\" align=\"LEFT\" valign=\"TOP\" width=\"130\"><strong>0\u00b0 \u00e0 200\u00b0<\/strong><\/td>\n<td class=\"TabelleZeile2\" align=\"LEFT\" valign=\"TOP\" width=\"80\"><strong>0,65 kg<\/strong><\/td>\n<\/tr>\n<tr>\n<td class=\"TabelleZeile3\" align=\"LEFT\" valign=\"TOP\" width=\"130\"><strong>405 120<\/strong><\/td>\n<td class=\"TabelleZeile3\" align=\"LEFT\" valign=\"TOP\" width=\"130\"><strong>600 mm<\/strong><\/td>\n<td class=\"TabelleZeile3\" align=\"LEFT\" valign=\"TOP\" width=\"130\"><strong>0,1\u00b0<\/strong><\/td>\n<td class=\"TabelleZeile3\" align=\"LEFT\" valign=\"TOP\" width=\"130\"><strong>0\u00b0 \u00e0 200\u00b0<\/strong><\/td>\n<td class=\"TabelleZeile3\" align=\"LEFT\" valign=\"TOP\" width=\"80\"><strong>0,88 kg<\/strong><\/td>\n<\/tr>\n<\/tbody>\n<\/table>\n<p>&nbsp;<\/p>\n<\/div>\n<div class=\"STYLE_9\" align=\"center\"><strong><img decoding=\"async\" src=\"https:\/\/www.nedo.com\/img\/linie.jpg\" alt=\"\" align=\"TOP\" border=\"0\" hspace=\"0\" vspace=\"0\" \/><\/strong><\/div>\n<div class=\"STYLE_TextBalken_12\" align=\"center\"><\/div>\n<div class=\"STYLE_TextBalken_12\" align=\"center\"><strong>Particularit\u00e9s du Winkeltronic<\/strong><\/div>\n<div class=\"STYLE_12\" align=\"LEFT\">\n<ul type=\"square\">\n<li style=\"list-style-type: none;\">\n<ul type=\"square\">\n<li><strong>R\u00e9solution : 0,05\u00b0<img decoding=\"async\" class=\"alignright\" src=\"https:\/\/www.nedo.com\/img\/products\/mwzg\/405216_405316_405317.gif\" \/><\/strong><\/li>\n<\/ul>\n<\/li>\n<\/ul>\n<p>&nbsp;<\/p>\n<ul type=\"square\">\n<li><strong>Pr\u00e9cision : \u00b1 0,1\u00b0<\/strong><\/li>\n<li><strong>\u00c9clairage de l&rsquo;\u00e9cran<\/strong><\/li>\n<li><strong>Coupure automatique apr\u00e8s 3 min.<\/strong><br \/>\n<strong>d\u2019interruption des mesures<\/strong><\/li>\n<li><strong>Fonction \u00ab Hold \u00bb pour garder une valeur<\/strong><br \/>\n<strong>mesur\u00e9e sur l&rsquo;afficheur<\/strong><\/li>\n<li><strong>Mise \u00e0 z\u00e9ro possible dans n&rsquo;importe quelle<\/strong><br \/>\n<strong>position des bras<\/strong><\/li>\n<li><strong>Nivelles horizontales et verticales<\/strong><\/li>\n<li><strong>Alimentation : 4 x 1,5 V type AA ou<\/strong><br \/>\n<strong>4 x 1,2 V accus<\/strong><\/li>\n<li><strong>Livr\u00e9 avec \u00e9tui<\/strong><\/li>\n<\/ul>\n<\/div>\n<div class=\"STYLE_BildBalken\" align=\"left\"><strong><img loading=\"lazy\" decoding=\"async\" src=\"https:\/\/www.nedo.com\/img\/Balken_bild_215x25.gif\" alt=\"\" width=\"215\" height=\"25\" align=\"TOP\" border=\"0\" hspace=\"0\" vspace=\"0\" \/><\/strong><\/div>\n<div class=\"STYLE_12\" align=\"Left\"><strong>Winkeltronic Nedo<\/strong><\/div>\n<div class=\"STYLE_12\" align=\"LEFT\">\n<table border=\"0\" cellspacing=\"0\" cellpadding=\"2\">\n<tbody>\n<tr>\n<td class=\"TabelleZeile1\" align=\"LEFT\" valign=\"TOP\" width=\"130\"><strong>R\u00e9f.<\/strong><\/td>\n<td class=\"TabelleZeile1\" align=\"LEFT\" valign=\"TOP\" width=\"130\"><strong>Longueur<br \/>\nde bras<\/strong><\/td>\n<td class=\"TabelleZeile1\" align=\"LEFT\" valign=\"TOP\" width=\"130\"><strong>R\u00e9solution<\/strong><\/td>\n<td class=\"TabelleZeile1\" align=\"LEFT\" valign=\"TOP\" width=\"130\"><strong>Plage de<br \/>\nmesure<\/strong><\/td>\n<td class=\"TabelleZeile1\" align=\"LEFT\" valign=\"TOP\" width=\"80\"><strong>Poids<\/strong><\/td>\n<\/tr>\n<tr>\n<td class=\"TabelleZeile2\" align=\"LEFT\" valign=\"TOP\" width=\"130\"><strong>405 216<\/strong><\/td>\n<td class=\"TabelleZeile2\" align=\"LEFT\" valign=\"TOP\" width=\"130\"><strong>450 mm<\/strong><\/td>\n<td class=\"TabelleZeile2\" align=\"LEFT\" valign=\"TOP\" width=\"130\"><strong>0,05\u00b0<\/strong><\/td>\n<td class=\"TabelleZeile2\" align=\"LEFT\" valign=\"TOP\" width=\"130\"><strong>0\u00b0 \u00e0 352\u00b0<\/strong><\/td>\n<td class=\"TabelleZeile2\" align=\"LEFT\" valign=\"TOP\" width=\"80\"><strong>1,2 kg<\/strong><\/td>\n<\/tr>\n<tr>\n<td class=\"TabelleZeile3\" align=\"LEFT\" valign=\"TOP\" width=\"130\"><strong>405 316<\/strong><\/td>\n<td class=\"TabelleZeile3\" align=\"LEFT\" valign=\"TOP\" width=\"130\"><strong>600 mm<\/strong><\/td>\n<td class=\"TabelleZeile3\" align=\"LEFT\" valign=\"TOP\" width=\"130\"><strong>0,05\u00b0<\/strong><\/td>\n<td class=\"TabelleZeile3\" align=\"LEFT\" valign=\"TOP\" width=\"130\"><strong>0\u00b0 \u00e0 355\u00b0<\/strong><\/td>\n<td class=\"TabelleZeile3\" align=\"LEFT\" valign=\"TOP\" width=\"80\"><strong>1,5 kg<\/strong><\/td>\n<\/tr>\n<tr>\n<td class=\"TabelleZeile2\" align=\"LEFT\" valign=\"TOP\" width=\"130\"><strong>405 317<\/strong><\/td>\n<td class=\"TabelleZeile2\" align=\"LEFT\" valign=\"TOP\" width=\"130\"><strong>750 mm<\/strong><\/td>\n<td class=\"TabelleZeile2\" align=\"LEFT\" valign=\"TOP\" width=\"130\"><strong>0,05\u00b0<\/strong><\/td>\n<td class=\"TabelleZeile2\" align=\"LEFT\" valign=\"TOP\" width=\"130\"><strong>0\u00b0 \u00e0 355\u00b0<\/strong><\/td>\n<td class=\"TabelleZeile2\" align=\"LEFT\" valign=\"TOP\" width=\"80\"><strong>1,8 kg<\/strong><\/td>\n<\/tr>\n<\/tbody>\n<\/table>\n<p>&nbsp;<\/p>\n<\/div>\n<div class=\"STYLE_9\" align=\"center\"><strong><img decoding=\"async\" src=\"https:\/\/www.nedo.com\/img\/linie.jpg\" alt=\"\" align=\"TOP\" border=\"0\" hspace=\"0\" vspace=\"0\" \/>=<\/strong><\/div>\n<div class=\"STYLE_TextBalken_12\" style=\"text-align: left;\" align=\"center\"><strong>LaserWinkeltronic Nedo R\u00e9f. 460 612<\/strong><\/div>\n<div align=\"center\"><\/div>\n<div class=\"STYLE_12\" align=\"LEFT\"><strong>Les op\u00e9rations connues, telles que la mesure<img decoding=\"async\" class=\"alignright\" src=\"https:\/\/www.nedo.com\/img\/products\/mwzg\/460612.gif\" \/><\/strong><br \/>\n<strong>et la d\u00e9termination des angles dans l&rsquo;installation<\/strong><br \/>\n<strong>d&rsquo;escaliers, dans l&rsquo;am\u00e9nagement int\u00e9rieur, lors<\/strong><br \/>\n<strong>de r\u00e9novations, sont largement simplifi\u00e9es par<\/strong><br \/>\n<strong>la appr\u00e9ci\u00e9 sur le chantier et particuli\u00e8rement<\/strong><br \/>\n<strong>technique du laser. Plus de relev\u00e9s fastidieux !<\/strong><br \/>\n<strong>Le LaserWinkeltronic Nedo allie les avantages<\/strong><br \/>\n<strong>de la technique du laser avec la technique d\u00e9j\u00e0<\/strong><br \/>\n<strong>\u00e9prouv\u00e9e du Winkeltronic. Le rayon laser est<\/strong><br \/>\n<strong>projet\u00e9 dans l&rsquo;axe du bras et le prolonge ainsi<\/strong><br \/>\n<strong>sur une longueur pouvant atteindre 20 m.<\/strong><\/div>\n<div class=\"STYLE_12\" align=\"Left\"><strong>LaserWinkeltronic Nedo<\/strong><\/div>\n<div class=\"STYLE_12\" align=\"LEFT\">\n<table border=\"0\" cellspacing=\"0\" cellpadding=\"2\">\n<tbody>\n<tr>\n<td class=\"TabelleZeile1\" align=\"LEFT\" valign=\"TOP\" width=\"130\"><strong>R\u00e9f.<\/strong><\/td>\n<td class=\"TabelleZeile1\" align=\"LEFT\" valign=\"TOP\" width=\"130\"><strong>Nbre de<br \/>\nfaisceaux<\/strong><\/td>\n<td class=\"TabelleZeile1\" align=\"LEFT\" valign=\"TOP\" width=\"130\"><strong>Longueur<br \/>\nde bras<\/strong><\/td>\n<td class=\"TabelleZeile1\" align=\"LEFT\" valign=\"TOP\" width=\"130\"><strong>R\u00e9solution<\/strong><\/td>\n<td class=\"TabelleZeile1\" align=\"LEFT\" valign=\"TOP\" width=\"80\"><strong>Plage de<br \/>\nmesure<\/strong><\/td>\n<\/tr>\n<tr>\n<td class=\"TabelleZeile2\" align=\"LEFT\" valign=\"TOP\" width=\"130\"><strong>460 612<\/strong><\/td>\n<td class=\"TabelleZeile2\" align=\"LEFT\" valign=\"TOP\" width=\"130\"><strong>2<\/strong><\/td>\n<td class=\"TabelleZeile2\" align=\"LEFT\" valign=\"TOP\" width=\"130\"><strong>605 mm<\/strong><\/td>\n<td class=\"TabelleZeile2\" align=\"LEFT\" valign=\"TOP\" width=\"130\"><strong>0,1\u00b0<\/strong><\/td>\n<td class=\"TabelleZeile2\" align=\"LEFT\" valign=\"TOP\" width=\"80\"><strong>0\u00b0 \u00e0 360\u00b0<\/strong><\/td>\n<\/tr>\n<tr>\n<td class=\"TabelleZeile3\" align=\"LEFT\" valign=\"TOP\" width=\"130\"><strong>460 613<\/strong><\/td>\n<td class=\"TabelleZeile3\" align=\"LEFT\" valign=\"TOP\" width=\"130\"><strong>1<\/strong><\/td>\n<td class=\"TabelleZeile3\" align=\"LEFT\" valign=\"TOP\" width=\"130\"><strong>605 mm<\/strong><\/td>\n<td class=\"TabelleZeile3\" align=\"LEFT\" valign=\"TOP\" width=\"130\"><strong>0,1\u00b0<\/strong><\/td>\n<td class=\"TabelleZeile3\" align=\"LEFT\" valign=\"TOP\" width=\"80\"><strong>0\u00b0 \u00e0 360\u00b0<\/strong><\/td>\n<\/tr>\n<\/tbody>\n<\/table>\n<p><strong>Particularit\u00e9s du Winkeltronic<\/strong><\/p>\n<\/div>\n<div class=\"STYLE_12\" align=\"LEFT\">\n<ul type=\"square\">\n<li><strong>R\u00e9solution : 0,1\u00b0<\/strong><\/li>\n<li><strong>Pr\u00e9cision : \u00b1 0,1\u00b0<\/strong><\/li>\n<li><strong>Fonction \u00ab Hold \u00bb pour garder une<\/strong><br \/>\n<strong>valeur mesur\u00e9e sur l&rsquo;afficheur<\/strong><\/li>\n<li><strong>Mise \u00e0 z\u00e9ro possible dans n&rsquo;importe<\/strong><br \/>\n<strong>quelle position des bras<\/strong><\/li>\n<li><strong>Nivelles horizontale et verticale int\u00e9-<\/strong><br \/>\n<strong>gr\u00e9es<\/strong><\/li>\n<li><strong>Alimentation : 4 x 1,5 V, type LR6\/AA<\/strong><\/li>\n<\/ul>\n<\/div>\n<div class=\"STYLE_TextBalken_12\" style=\"text-align: left;\" align=\"center\"><\/div>\n<div align=\"center\"><\/div>\n<div class=\"STYLE_TextBalken_12\" style=\"text-align: left;\" align=\"center\"><strong>Particularit\u00e9s du Laser<\/strong><\/div>\n<div class=\"STYLE_12\" align=\"LEFT\">\n<ul type=\"square\">\n<li><strong>Diodes classe 2<\/strong><\/li>\n<li><strong>Rayon rouge lumineux visible, longueur<\/strong><br \/>\n<strong>d&rsquo;onde 650 nm<\/strong><\/li>\n<li><strong>Diam\u00e8tre du rayon : 6 mm<\/strong><\/li>\n<li><strong>Port\u00e9e : env. 20 m, en fonction des<\/strong><br \/>\n<strong>conditions d&rsquo;environnement<\/strong><\/li>\n<li><strong>Pr\u00e9cision : \u00b1 0,5 mm\/m<\/strong><\/li>\n<li><strong>Alimentation : 2 x 1,5 V, type LR03\/AAA<\/strong><\/li>\n<li><strong>Autonomie : env. 10 heures<\/strong><\/li>\n<\/ul>\n<\/div>\n<div class=\"STYLE_9\" align=\"center\"><strong><img decoding=\"async\" src=\"https:\/\/www.nedo.com\/img\/linie.jpg\" alt=\"\" align=\"TOP\" border=\"0\" hspace=\"0\" vspace=\"0\" \/><\/strong><\/div>\n<div class=\"STYLE_BildBalken\" align=\"center\"><\/div>\n<div class=\"STYLE_BildBalken\" align=\"center\"><strong>Etuis pour Winkeltronic<\/strong><\/div>\n<div class=\"STYLE_12w\" align=\"center\">\n<div class=\"STYLE_12\" align=\"Left\"><strong>Etuis pour <img decoding=\"async\" class=\"alignright\" src=\"https:\/\/www.nedo.com\/img\/products\/mwzg\/winkeltronic_huelle.gif\" \/><br \/>\n<\/strong><\/div>\n<div class=\"STYLE_12\" align=\"LEFT\">\n<table border=\"0\" cellspacing=\"0\" cellpadding=\"2\">\n<tbody>\n<tr>\n<td class=\"TabelleZeile1\" align=\"LEFT\" valign=\"TOP\" width=\"110\"><strong>R\u00e9f.<\/strong><\/td>\n<td class=\"TabelleZeile1\" align=\"LEFT\" valign=\"TOP\" width=\"80\"><strong>Type<\/strong><\/td>\n<td class=\"TabelleZeile1\" align=\"LEFT\" valign=\"TOP\" width=\"180\"><strong>Pour mod\u00e8le R\u00e9f.<\/strong><\/td>\n<\/tr>\n<tr>\n<td class=\"TabelleZeile2\" align=\"LEFT\" valign=\"TOP\" width=\"110\"><strong>600 111-613<\/strong><\/td>\n<td class=\"TabelleZeile2\" align=\"LEFT\" valign=\"TOP\" width=\"80\"><strong>Etui<\/strong><\/td>\n<td class=\"TabelleZeile2\" align=\"LEFT\" valign=\"TOP\" width=\"180\"><strong>LaserWinkeltronic<\/strong><br \/>\n<strong>460 612 et 460 61<\/strong><\/td>\n<\/tr>\n<\/tbody>\n<\/table>\n<\/div>\n<\/div>\n","protected":false},"excerpt":{"rendered":"<p>Winkeltronic Nedo LaserWinkeltronic Mesureur d\u2019angle num\u00e9rique pour des mesures pr\u00e9cises et report des angles. Cela se fait sans probl\u00e8me, gr\u00e2ce aux bras sym\u00e9triques. Le Winkeltronic est un instrument robuste et&hellip;<\/p>\n","protected":false},"featured_media":3294,"comment_status":"closed","ping_status":"closed","template":"","meta":[],"product_cat":[57],"product_tag":[],"class_list":{"0":"post-3293","1":"product","2":"type-product","3":"status-publish","4":"has-post-thumbnail","6":"product_cat-securite-et-mesures","7":"","9":"first","10":"instock","11":"taxable","12":"shipping-taxable","13":"product-type-simple"},"yoast_head":"<!-- This site is optimized with the Yoast SEO plugin v24.7 - https:\/\/yoast.com\/wordpress\/plugins\/seo\/ -->\n<title>Mesureurs d&#039;angle Winkel NEDO - LASER ELECTRONIQUE TP<\/title>\n<meta name=\"robots\" content=\"index, follow, max-snippet:-1, max-image-preview:large, max-video-preview:-1\" \/>\n<link rel=\"canonical\" href=\"https:\/\/laserelectronique.com\/?product=mesureurs-dangle-winkel-nedo\" \/>\n<meta property=\"og:locale\" content=\"fr_FR\" \/>\n<meta property=\"og:type\" content=\"article\" \/>\n<meta property=\"og:title\" content=\"Mesureurs d&#039;angle Winkel NEDO - LASER ELECTRONIQUE TP\" \/>\n<meta property=\"og:description\" content=\"Winkeltronic Nedo LaserWinkeltronic Mesureur d\u2019angle num\u00e9rique pour des mesures pr\u00e9cises et report des angles. Cela se fait sans probl\u00e8me, gr\u00e2ce aux bras sym\u00e9triques. Le Winkeltronic est un instrument robuste et&hellip;\" \/>\n<meta property=\"og:url\" content=\"https:\/\/laserelectronique.com\/?product=mesureurs-dangle-winkel-nedo\" \/>\n<meta property=\"og:site_name\" content=\"LASER ELECTRONIQUE TP\" \/>\n<meta property=\"article:modified_time\" content=\"2020-12-29T20:07:41+00:00\" \/>\n<meta property=\"og:image\" content=\"https:\/\/laserelectronique.com\/wp-content\/uploads\/2020\/12\/405216.png\" \/>\n\t<meta property=\"og:image:width\" content=\"1890\" \/>\n\t<meta property=\"og:image:height\" content=\"1890\" \/>\n\t<meta property=\"og:image:type\" content=\"image\/png\" \/>\n<meta name=\"twitter:card\" content=\"summary_large_image\" \/>\n<meta name=\"twitter:label1\" content=\"Dur\u00e9e de lecture estim\u00e9e\" \/>\n\t<meta name=\"twitter:data1\" content=\"2 minutes\" \/>\n<script type=\"application\/ld+json\" class=\"yoast-schema-graph\">{\"@context\":\"https:\/\/schema.org\",\"@graph\":[{\"@type\":\"WebPage\",\"@id\":\"https:\/\/laserelectronique.com\/?product=mesureurs-dangle-winkel-nedo\",\"url\":\"https:\/\/laserelectronique.com\/?product=mesureurs-dangle-winkel-nedo\",\"name\":\"Mesureurs d'angle Winkel NEDO - LASER ELECTRONIQUE TP\",\"isPartOf\":{\"@id\":\"https:\/\/laserelectronique.com\/#website\"},\"primaryImageOfPage\":{\"@id\":\"https:\/\/laserelectronique.com\/?product=mesureurs-dangle-winkel-nedo#primaryimage\"},\"image\":{\"@id\":\"https:\/\/laserelectronique.com\/?product=mesureurs-dangle-winkel-nedo#primaryimage\"},\"thumbnailUrl\":\"https:\/\/laserelectronique.com\/wp-content\/uploads\/2020\/12\/405216.png\",\"datePublished\":\"2020-12-29T20:02:37+00:00\",\"dateModified\":\"2020-12-29T20:07:41+00:00\",\"breadcrumb\":{\"@id\":\"https:\/\/laserelectronique.com\/?product=mesureurs-dangle-winkel-nedo#breadcrumb\"},\"inLanguage\":\"fr-FR\",\"potentialAction\":[{\"@type\":\"ReadAction\",\"target\":[\"https:\/\/laserelectronique.com\/?product=mesureurs-dangle-winkel-nedo\"]}]},{\"@type\":\"ImageObject\",\"inLanguage\":\"fr-FR\",\"@id\":\"https:\/\/laserelectronique.com\/?product=mesureurs-dangle-winkel-nedo#primaryimage\",\"url\":\"https:\/\/laserelectronique.com\/wp-content\/uploads\/2020\/12\/405216.png\",\"contentUrl\":\"https:\/\/laserelectronique.com\/wp-content\/uploads\/2020\/12\/405216.png\",\"width\":1890,\"height\":1890},{\"@type\":\"BreadcrumbList\",\"@id\":\"https:\/\/laserelectronique.com\/?product=mesureurs-dangle-winkel-nedo#breadcrumb\",\"itemListElement\":[{\"@type\":\"ListItem\",\"position\":1,\"name\":\"Accueil\",\"item\":\"https:\/\/laserelectronique.com\/\"},{\"@type\":\"ListItem\",\"position\":2,\"name\":\"Boutique\",\"item\":\"https:\/\/laserelectronique.com\/?page_id=7\"},{\"@type\":\"ListItem\",\"position\":3,\"name\":\"Mesureurs d&rsquo;angle Winkel NEDO\"}]},{\"@type\":\"WebSite\",\"@id\":\"https:\/\/laserelectronique.com\/#website\",\"url\":\"https:\/\/laserelectronique.com\/\",\"name\":\"LASER ELECTRONIQUE TP\",\"description\":\"VOTRE PARTENAIRE EN GUIDAGE D&#039;ENGINS, TOPOGRAPHIE ET SERVICES\",\"potentialAction\":[{\"@type\":\"SearchAction\",\"target\":{\"@type\":\"EntryPoint\",\"urlTemplate\":\"https:\/\/laserelectronique.com\/?s={search_term_string}\"},\"query-input\":{\"@type\":\"PropertyValueSpecification\",\"valueRequired\":true,\"valueName\":\"search_term_string\"}}],\"inLanguage\":\"fr-FR\"}]}<\/script>\n<!-- \/ Yoast SEO plugin. -->","yoast_head_json":{"title":"Mesureurs d'angle Winkel NEDO - LASER ELECTRONIQUE TP","robots":{"index":"index","follow":"follow","max-snippet":"max-snippet:-1","max-image-preview":"max-image-preview:large","max-video-preview":"max-video-preview:-1"},"canonical":"https:\/\/laserelectronique.com\/?product=mesureurs-dangle-winkel-nedo","og_locale":"fr_FR","og_type":"article","og_title":"Mesureurs d'angle Winkel NEDO - LASER ELECTRONIQUE TP","og_description":"Winkeltronic Nedo LaserWinkeltronic Mesureur d\u2019angle num\u00e9rique pour des mesures pr\u00e9cises et report des angles. Cela se fait sans probl\u00e8me, gr\u00e2ce aux bras sym\u00e9triques. Le Winkeltronic est un instrument robuste et&hellip;","og_url":"https:\/\/laserelectronique.com\/?product=mesureurs-dangle-winkel-nedo","og_site_name":"LASER ELECTRONIQUE TP","article_modified_time":"2020-12-29T20:07:41+00:00","og_image":[{"width":1890,"height":1890,"url":"https:\/\/laserelectronique.com\/wp-content\/uploads\/2020\/12\/405216.png","type":"image\/png"}],"twitter_card":"summary_large_image","twitter_misc":{"Dur\u00e9e de lecture estim\u00e9e":"2 minutes"},"schema":{"@context":"https:\/\/schema.org","@graph":[{"@type":"WebPage","@id":"https:\/\/laserelectronique.com\/?product=mesureurs-dangle-winkel-nedo","url":"https:\/\/laserelectronique.com\/?product=mesureurs-dangle-winkel-nedo","name":"Mesureurs d'angle Winkel NEDO - LASER ELECTRONIQUE TP","isPartOf":{"@id":"https:\/\/laserelectronique.com\/#website"},"primaryImageOfPage":{"@id":"https:\/\/laserelectronique.com\/?product=mesureurs-dangle-winkel-nedo#primaryimage"},"image":{"@id":"https:\/\/laserelectronique.com\/?product=mesureurs-dangle-winkel-nedo#primaryimage"},"thumbnailUrl":"https:\/\/laserelectronique.com\/wp-content\/uploads\/2020\/12\/405216.png","datePublished":"2020-12-29T20:02:37+00:00","dateModified":"2020-12-29T20:07:41+00:00","breadcrumb":{"@id":"https:\/\/laserelectronique.com\/?product=mesureurs-dangle-winkel-nedo#breadcrumb"},"inLanguage":"fr-FR","potentialAction":[{"@type":"ReadAction","target":["https:\/\/laserelectronique.com\/?product=mesureurs-dangle-winkel-nedo"]}]},{"@type":"ImageObject","inLanguage":"fr-FR","@id":"https:\/\/laserelectronique.com\/?product=mesureurs-dangle-winkel-nedo#primaryimage","url":"https:\/\/laserelectronique.com\/wp-content\/uploads\/2020\/12\/405216.png","contentUrl":"https:\/\/laserelectronique.com\/wp-content\/uploads\/2020\/12\/405216.png","width":1890,"height":1890},{"@type":"BreadcrumbList","@id":"https:\/\/laserelectronique.com\/?product=mesureurs-dangle-winkel-nedo#breadcrumb","itemListElement":[{"@type":"ListItem","position":1,"name":"Accueil","item":"https:\/\/laserelectronique.com\/"},{"@type":"ListItem","position":2,"name":"Boutique","item":"https:\/\/laserelectronique.com\/?page_id=7"},{"@type":"ListItem","position":3,"name":"Mesureurs d&rsquo;angle Winkel NEDO"}]},{"@type":"WebSite","@id":"https:\/\/laserelectronique.com\/#website","url":"https:\/\/laserelectronique.com\/","name":"LASER ELECTRONIQUE TP","description":"VOTRE PARTENAIRE EN GUIDAGE D&#039;ENGINS, TOPOGRAPHIE ET SERVICES","potentialAction":[{"@type":"SearchAction","target":{"@type":"EntryPoint","urlTemplate":"https:\/\/laserelectronique.com\/?s={search_term_string}"},"query-input":{"@type":"PropertyValueSpecification","valueRequired":true,"valueName":"search_term_string"}}],"inLanguage":"fr-FR"}]}},"_links":{"self":[{"href":"https:\/\/laserelectronique.com\/index.php?rest_route=\/wp\/v2\/product\/3293","targetHints":{"allow":["GET"]}}],"collection":[{"href":"https:\/\/laserelectronique.com\/index.php?rest_route=\/wp\/v2\/product"}],"about":[{"href":"https:\/\/laserelectronique.com\/index.php?rest_route=\/wp\/v2\/types\/product"}],"replies":[{"embeddable":true,"href":"https:\/\/laserelectronique.com\/index.php?rest_route=%2Fwp%2Fv2%2Fcomments&post=3293"}],"wp:featuredmedia":[{"embeddable":true,"href":"https:\/\/laserelectronique.com\/index.php?rest_route=\/wp\/v2\/media\/3294"}],"wp:attachment":[{"href":"https:\/\/laserelectronique.com\/index.php?rest_route=%2Fwp%2Fv2%2Fmedia&parent=3293"}],"wp:term":[{"taxonomy":"product_cat","embeddable":true,"href":"https:\/\/laserelectronique.com\/index.php?rest_route=%2Fwp%2Fv2%2Fproduct_cat&post=3293"},{"taxonomy":"product_tag","embeddable":true,"href":"https:\/\/laserelectronique.com\/index.php?rest_route=%2Fwp%2Fv2%2Fproduct_tag&post=3293"}],"curies":[{"name":"wp","href":"https:\/\/api.w.org\/{rel}","templated":true}]}}