{"id":3289,"date":"2020-12-29T17:12:23","date_gmt":"2020-12-29T16:12:23","guid":{"rendered":"http:\/\/laserelectronique.com\/?post_type=product&#038;p=3289"},"modified":"2022-07-27T11:44:48","modified_gmt":"2022-07-27T09:44:48","slug":"niveau-nedo-z24-460756-copie","status":"publish","type":"product","link":"https:\/\/laserelectronique.com\/?product=niveau-nedo-z24-460756-copie","title":{"rendered":"Niveau Nedo Z24 460756"},"content":{"rendered":"<h3 class=\"STYLE_TextBalken\" style=\"text-align: left;\" align=\"center\"><strong>Niveaux s\u00e9rie Z<\/strong><\/h3>\n<div class=\"STYLE_12\" align=\"LEFT\"><strong>Les niveaux Nedo de la gamme Z sont des instruments<img loading=\"lazy\" decoding=\"async\" class=\"alignright\" src=\"https:\/\/www.nedo.com\/img\/products\/nivelliere\/nivelliere_z-serie_big.gif\" width=\"190\" height=\"478\" \/><\/strong><br \/>\n<strong>de haute qualit\u00e9 pour les ing\u00e9nieurs. Ils r\u00e9pondent aux<\/strong><br \/>\n<strong>exigences les plus \u00e9lev\u00e9es et se caract\u00e9risent par un<\/strong><br \/>\n<strong>dispositif optique particuli\u00e8rement lumineux avec un<\/strong><br \/>\n<strong>objectif de grand diam\u00e8tre, par un compensateur robuste<\/strong><br \/>\n<strong>\u00e0 amortissement pneumatique et par un bo\u00eetier m\u00e9tallique<\/strong><br \/>\n<strong>\u00e9tanche aux jets d\u2019eau conforme \u00e0 la classe de protection<\/strong><br \/>\n<strong>IP X6. Ces caract\u00e9ristiques en font des instruments<\/strong><br \/>\n<strong>optimaux pour l\u2019utilisation dans les conditions les plus<\/strong><br \/>\n<strong>difficiles, telles que la poussi\u00e8re ou la pluie.<\/strong><strong>Particularit\u00e9s:<\/strong><\/p>\n<\/div>\n<div class=\"STYLE_12\" align=\"LEFT\">\n<ul type=\"square\">\n<li><strong>Niveau automatique d\u2019ing\u00e9nieur avec grossissement<\/strong><br \/>\n<strong>24, 28 ou 32 fois<\/strong><\/li>\n<li><strong>Optique \u00e0 grande luminosit\u00e9 avec objectif de grand<\/strong><br \/>\n<strong>diam\u00e8tre<\/strong><\/li>\n<li><strong>Bo\u00eetier m\u00e9tallique robuste<\/strong><\/li>\n<li><strong>\u00c9tanch\u00e9it\u00e9 aux jets d\u2019eau et \u00e0 la poussi\u00e8re selon<\/strong><br \/>\n<strong>IP X6<\/strong><\/li>\n<li><strong>Objectif d\u2019un diam\u00e8tre de 36 mm<\/strong><\/li>\n<li><strong>Compensateur robuste, fiable \u00e0 amortissement<\/strong><br \/>\n<strong>pneumatique<\/strong><\/li>\n<li><strong>Plage de travail du compensateur : \u00b1 15\u2019<\/strong><\/li>\n<li><strong>Image contrast\u00e9e<\/strong><\/li>\n<li><strong>Certificat de contr\u00f4le<\/strong><\/li>\n<li><strong>Livr\u00e9 avec plomb, broche d\u2019ajustage et solide coffret<\/strong><br \/>\n<strong>de transport<\/strong><\/li>\n<li><strong>Egalement disponible en set<\/strong><\/li>\n<\/ul>\n<\/div>\n<div class=\"STYLE_12\" align=\"LEFT\"><strong>Caract\u00e9ristiques techniques :<\/strong><\/div>\n<div class=\"STYLE_12\" align=\"LEFT\">\n<table border=\"0\" cellspacing=\"0\" cellpadding=\"2\">\n<tbody>\n<tr>\n<td class=\"TabelleZeile1\" align=\"LEFT\" valign=\"TOP\" width=\"240\"><strong>Mod\u00e8le<\/strong><\/td>\n<td class=\"TabelleZeile1\" align=\"RIGHT\" valign=\"TOP\" width=\"90\"><strong>Z24<\/strong><\/td>\n<td class=\"TabelleZeile1\" align=\"RIGHT\" valign=\"TOP\" width=\"90\"><strong>Z28<\/strong><\/td>\n<td class=\"TabelleZeile1\" align=\"RIGHT\" valign=\"TOP\" width=\"90\"><strong>Z32<\/strong><\/td>\n<td class=\"TabelleZeile1\" align=\"RIGHT\" valign=\"TOP\" width=\"90\"><\/td>\n<\/tr>\n<tr>\n<td class=\"TabelleZeile2\" align=\"LEFT\" valign=\"TOP\" width=\"240\"><strong>Image<\/strong><\/td>\n<td class=\"TabelleZeile2\" align=\"RIGHT\" valign=\"TOP\" width=\"90\"><strong>droite<\/strong><\/td>\n<td class=\"TabelleZeile2\" align=\"RIGHT\" valign=\"TOP\" width=\"90\"><strong>droite<\/strong><\/td>\n<td class=\"TabelleZeile2\" align=\"RIGHT\" valign=\"TOP\" width=\"90\"><strong>droite<\/strong><\/td>\n<td class=\"TabelleZeile2\" align=\"RIGHT\" valign=\"TOP\" width=\"90\"><\/td>\n<\/tr>\n<tr>\n<td class=\"TabelleZeile3\" align=\"LEFT\" valign=\"TOP\" width=\"240\"><strong>Grossissement<\/strong><\/td>\n<td class=\"TabelleZeile3\" align=\"RIGHT\" valign=\"TOP\" width=\"90\"><strong>24x<\/strong><\/td>\n<td class=\"TabelleZeile3\" align=\"RIGHT\" valign=\"TOP\" width=\"90\"><strong>28x<\/strong><\/td>\n<td class=\"TabelleZeile3\" align=\"RIGHT\" valign=\"TOP\" width=\"90\"><strong>32x<\/strong><\/td>\n<td class=\"TabelleZeile3\" align=\"RIGHT\" valign=\"TOP\" width=\"90\"><\/td>\n<\/tr>\n<tr>\n<td class=\"TabelleZeile2\" align=\"LEFT\" valign=\"TOP\" width=\"240\"><strong>Diam\u00e8tre de l\u2019objectif<\/strong><\/td>\n<td class=\"TabelleZeile2\" align=\"RIGHT\" valign=\"TOP\" width=\"90\"><strong>36 mm<\/strong><\/td>\n<td class=\"TabelleZeile2\" align=\"RIGHT\" valign=\"TOP\" width=\"90\"><strong>36 mm<\/strong><\/td>\n<td class=\"TabelleZeile2\" align=\"RIGHT\" valign=\"TOP\" width=\"90\"><strong>36 mm<\/strong><\/td>\n<td class=\"TabelleZeile2\" align=\"RIGHT\" valign=\"TOP\" width=\"90\"><\/td>\n<\/tr>\n<tr>\n<td class=\"TabelleZeile3\" align=\"LEFT\" valign=\"TOP\" width=\"240\"><strong>Vis\u00e9e minimale<\/strong><\/td>\n<td class=\"TabelleZeile3\" align=\"RIGHT\" valign=\"TOP\" width=\"90\"><strong>0,65 m<\/strong><\/td>\n<td class=\"TabelleZeile3\" align=\"RIGHT\" valign=\"TOP\" width=\"90\"><strong>0,65 m<\/strong><\/td>\n<td class=\"TabelleZeile3\" align=\"RIGHT\" valign=\"TOP\" width=\"90\"><strong>0,65 m<\/strong><\/td>\n<td class=\"TabelleZeile3\" align=\"RIGHT\" valign=\"TOP\" width=\"90\"><\/td>\n<\/tr>\n<tr>\n<td class=\"TabelleZeile2\" align=\"LEFT\" valign=\"TOP\" width=\"240\"><strong>Constante additionnelle<\/strong><\/td>\n<td class=\"TabelleZeile2\" align=\"RIGHT\" valign=\"TOP\" width=\"90\"><strong>0<\/strong><\/td>\n<td class=\"TabelleZeile2\" align=\"RIGHT\" valign=\"TOP\" width=\"90\"><strong>0<\/strong><\/td>\n<td class=\"TabelleZeile2\" align=\"RIGHT\" valign=\"TOP\" width=\"90\"><strong>0<\/strong><\/td>\n<td class=\"TabelleZeile2\" align=\"RIGHT\" valign=\"TOP\" width=\"90\"><\/td>\n<\/tr>\n<tr>\n<td class=\"TabelleZeile3\" align=\"LEFT\" valign=\"TOP\" width=\"240\"><strong>Facteur de multiplication<\/strong><\/td>\n<td class=\"TabelleZeile3\" align=\"RIGHT\" valign=\"TOP\" width=\"90\"><strong>100<\/strong><\/td>\n<td class=\"TabelleZeile3\" align=\"RIGHT\" valign=\"TOP\" width=\"90\"><strong>100<\/strong><\/td>\n<td class=\"TabelleZeile3\" align=\"RIGHT\" valign=\"TOP\" width=\"90\"><strong>100<\/strong><\/td>\n<td class=\"TabelleZeile3\" align=\"RIGHT\" valign=\"TOP\" width=\"90\"><\/td>\n<\/tr>\n<tr>\n<td class=\"TabelleZeile2\" align=\"LEFT\" valign=\"TOP\" width=\"240\"><strong>Plage de travail du compensateur<\/strong><\/td>\n<td class=\"TabelleZeile2\" align=\"RIGHT\" valign=\"TOP\" width=\"90\"><strong>\u00b115\u2032<\/strong><\/td>\n<td class=\"TabelleZeile2\" align=\"RIGHT\" valign=\"TOP\" width=\"90\"><strong>\u00b115\u2032<\/strong><\/td>\n<td class=\"TabelleZeile2\" align=\"RIGHT\" valign=\"TOP\" width=\"90\"><strong>\u00b115\u2032<\/strong><\/td>\n<td class=\"TabelleZeile2\" align=\"RIGHT\" valign=\"TOP\" width=\"90\"><\/td>\n<\/tr>\n<tr>\n<td class=\"TabelleZeile3\" align=\"LEFT\" valign=\"TOP\" width=\"240\"><strong>Pr\u00e9cision de calage du compensateur<\/strong><\/td>\n<td class=\"TabelleZeile3\" align=\"RIGHT\" valign=\"TOP\" width=\"90\"><strong>\u00b10,5\u2033<\/strong><\/td>\n<td class=\"TabelleZeile3\" align=\"RIGHT\" valign=\"TOP\" width=\"90\"><strong>\u00b10,4\u2033<\/strong><\/td>\n<td class=\"TabelleZeile3\" align=\"RIGHT\" valign=\"TOP\" width=\"90\"><strong>\u00b10,3\u2033<\/strong><\/td>\n<td class=\"TabelleZeile3\" align=\"RIGHT\" valign=\"TOP\" width=\"90\"><\/td>\n<\/tr>\n<tr>\n<td class=\"TabelleZeile2\" align=\"LEFT\" valign=\"TOP\" width=\"240\"><strong>Cercle gradu\u00e9<\/strong><\/td>\n<td class=\"TabelleZeile2\" align=\"RIGHT\" valign=\"TOP\" width=\"90\"><strong>400 gon<\/strong><\/td>\n<td class=\"TabelleZeile2\" align=\"RIGHT\" valign=\"TOP\" width=\"90\"><strong>400 gon<\/strong><\/td>\n<td class=\"TabelleZeile2\" align=\"RIGHT\" valign=\"TOP\" width=\"90\"><strong>400 gon<\/strong><\/td>\n<td class=\"TabelleZeile2\" align=\"RIGHT\" valign=\"TOP\" width=\"90\"><\/td>\n<\/tr>\n<tr>\n<td class=\"TabelleZeile3\" align=\"LEFT\" valign=\"TOP\" width=\"240\"><strong>Sensibilit\u00e9 de la nivelle sph\u00e9rique<\/strong><\/td>\n<td class=\"TabelleZeile3\" align=\"RIGHT\" valign=\"TOP\" width=\"90\"><strong>8\u2019\/2 mm<\/strong><\/td>\n<td class=\"TabelleZeile3\" align=\"RIGHT\" valign=\"TOP\" width=\"90\"><strong>8\u2019\/2 mm<\/strong><\/td>\n<td class=\"TabelleZeile3\" align=\"RIGHT\" valign=\"TOP\" width=\"90\"><strong>8\u2019\/2 mm<\/strong><\/td>\n<td class=\"TabelleZeile3\" align=\"RIGHT\" valign=\"TOP\" width=\"90\"><\/td>\n<\/tr>\n<tr>\n<td class=\"TabelleZeile2\" align=\"LEFT\" valign=\"TOP\" width=\"240\"><strong>Pr\u00e9cision pour un nivellement<\/strong><br \/>\n<strong>double sur 1 km<\/strong><\/td>\n<td class=\"TabelleZeile2\" align=\"RIGHT\" valign=\"TOP\" width=\"90\"><strong>\u00b12,0 mm<\/strong><\/td>\n<td class=\"TabelleZeile2\" align=\"RIGHT\" valign=\"TOP\" width=\"90\"><strong>\u00b11,5 mm<\/strong><\/td>\n<td class=\"TabelleZeile2\" align=\"RIGHT\" valign=\"TOP\" width=\"90\"><strong>\u00b11,0 mm<\/strong><\/td>\n<td class=\"TabelleZeile2\" align=\"RIGHT\" valign=\"TOP\" width=\"90\"><\/td>\n<\/tr>\n<tr>\n<td class=\"TabelleZeile3\" align=\"LEFT\" valign=\"TOP\" width=\"240\"><strong>Etanch\u00e9it\u00e9<\/strong><\/td>\n<td class=\"TabelleZeile3\" align=\"RIGHT\" valign=\"TOP\" width=\"90\"><strong>IP X6<\/strong><\/td>\n<td class=\"TabelleZeile3\" align=\"RIGHT\" valign=\"TOP\" width=\"90\"><strong>IP X6<\/strong><\/td>\n<td class=\"TabelleZeile3\" align=\"RIGHT\" valign=\"TOP\" width=\"90\"><strong>IP X6<\/strong><\/td>\n<td class=\"TabelleZeile3\" align=\"RIGHT\" valign=\"TOP\" width=\"90\"><\/td>\n<\/tr>\n<tr>\n<td class=\"TabelleZeile2\" align=\"LEFT\" valign=\"TOP\" width=\"240\"><strong>Poids<\/strong><\/td>\n<td class=\"TabelleZeile2\" align=\"RIGHT\" valign=\"TOP\" width=\"90\"><strong>1,75 kg<\/strong><\/td>\n<td class=\"TabelleZeile2\" align=\"RIGHT\" valign=\"TOP\" width=\"90\"><strong>1,75 kg<\/strong><\/td>\n<td class=\"TabelleZeile2\" align=\"RIGHT\" valign=\"TOP\" width=\"90\"><strong>1,75 kg<\/strong><\/td>\n<td class=\"TabelleZeile2\" align=\"RIGHT\" valign=\"TOP\" width=\"90\"><\/td>\n<\/tr>\n<tr>\n<td class=\"TabelleZeile3\" align=\"LEFT\" valign=\"TOP\" width=\"240\"><strong>Raccord filet\u00e9<\/strong><\/td>\n<td class=\"TabelleZeile3\" align=\"RIGHT\" valign=\"TOP\" width=\"90\"><strong>5\/8\u2033<\/strong><\/td>\n<td class=\"TabelleZeile3\" align=\"RIGHT\" valign=\"TOP\" width=\"90\"><strong>5\/8\u2033<\/strong><\/td>\n<td class=\"TabelleZeile3\" align=\"RIGHT\" valign=\"TOP\" width=\"90\"><strong>5\/8\u2033<\/strong><\/td>\n<td class=\"TabelleZeile3\" align=\"RIGHT\" valign=\"TOP\" width=\"90\"><\/td>\n<\/tr>\n<tr>\n<td class=\"TabelleZeile2\" align=\"LEFT\" valign=\"TOP\" width=\"240\"><strong>R\u00e9f.<\/strong><\/td>\n<td class=\"TabelleZeile2\" align=\"RIGHT\" valign=\"TOP\" width=\"90\"><strong>460 756<\/strong><\/td>\n<td class=\"TabelleZeile2\" align=\"RIGHT\" valign=\"TOP\" width=\"90\"><strong>460 757<\/strong><\/td>\n<td class=\"TabelleZeile2\" align=\"RIGHT\" valign=\"TOP\" width=\"90\"><strong>460 758<\/strong><\/td>\n<td class=\"TabelleZeile2\" align=\"RIGHT\" valign=\"TOP\" width=\"90\"><\/td>\n<\/tr>\n<tr>\n<td class=\"TabelleZeile3\" align=\"LEFT\" valign=\"TOP\" width=\"240\"><strong>R\u00e9f. kit \u00e0 niveler*<\/strong><\/td>\n<td class=\"TabelleZeile3\" align=\"RIGHT\" valign=\"TOP\" width=\"90\"><strong>465 245<\/strong><\/td>\n<td class=\"TabelleZeile3\" align=\"RIGHT\" valign=\"TOP\" width=\"90\"><strong>465 285<\/strong><\/td>\n<td class=\"TabelleZeile3\" align=\"RIGHT\" valign=\"TOP\" width=\"90\"><strong>465 325<\/strong><\/td>\n<td class=\"TabelleZeile3\" align=\"RIGHT\" valign=\"TOP\" width=\"90\"><\/td>\n<\/tr>\n<\/tbody>\n<\/table>\n<\/div>\n<div class=\"STYLE_11\" align=\"LEFT\"><strong>* Kit \u00e0 niveler pour niveaux s\u00e9rie Z :<\/strong><br \/>\n<strong>\u2013 Niveau de chantier Z24\/Z28\/Z32<\/strong><br \/>\n<strong>\u2013 Mire t\u00e9lescopique 5 m et \u00e9tui, R\u00e9f. 345 122-613<\/strong><br \/>\n<strong>\u2013 Tr\u00e9pied en aluminium, R\u00e9f. 200 215-613<\/strong><\/div>\n","protected":false},"excerpt":{"rendered":"<p>Niveaux s\u00e9rie Z Les niveaux Nedo de la gamme Z sont des instruments de haute qualit\u00e9 pour les ing\u00e9nieurs. Ils r\u00e9pondent aux exigences les plus \u00e9lev\u00e9es et se caract\u00e9risent par&hellip;<\/p>\n","protected":false},"featured_media":3221,"comment_status":"closed","ping_status":"closed","template":"","meta":[],"product_cat":[30],"product_tag":[],"class_list":{"0":"post-3289","1":"product","2":"type-product","3":"status-publish","4":"has-post-thumbnail","6":"product_cat-theodolites-niveaux","7":"","9":"first","10":"instock","11":"taxable","12":"shipping-taxable","13":"product-type-simple"},"yoast_head":"<!-- This site is optimized with the Yoast SEO plugin v24.7 - https:\/\/yoast.com\/wordpress\/plugins\/seo\/ -->\n<title>Niveau Nedo Z24 460756 - LASER ELECTRONIQUE TP<\/title>\n<meta name=\"robots\" content=\"index, follow, max-snippet:-1, max-image-preview:large, max-video-preview:-1\" \/>\n<link rel=\"canonical\" href=\"https:\/\/laserelectronique.com\/?product=niveau-nedo-z24-460756-copie\" \/>\n<meta property=\"og:locale\" content=\"fr_FR\" \/>\n<meta property=\"og:type\" content=\"article\" \/>\n<meta property=\"og:title\" content=\"Niveau Nedo Z24 460756 - LASER ELECTRONIQUE TP\" \/>\n<meta property=\"og:description\" content=\"Niveaux s\u00e9rie Z Les niveaux Nedo de la gamme Z sont des instruments de haute qualit\u00e9 pour les ing\u00e9nieurs. Ils r\u00e9pondent aux exigences les plus \u00e9lev\u00e9es et se caract\u00e9risent par&hellip;\" \/>\n<meta property=\"og:url\" content=\"https:\/\/laserelectronique.com\/?product=niveau-nedo-z24-460756-copie\" \/>\n<meta property=\"og:site_name\" content=\"LASER ELECTRONIQUE TP\" \/>\n<meta property=\"article:modified_time\" content=\"2022-07-27T09:44:48+00:00\" \/>\n<meta property=\"og:image\" content=\"https:\/\/laserelectronique.com\/wp-content\/uploads\/2020\/12\/460756.png\" \/>\n\t<meta property=\"og:image:width\" content=\"1200\" \/>\n\t<meta property=\"og:image:height\" content=\"1200\" \/>\n\t<meta property=\"og:image:type\" content=\"image\/png\" \/>\n<meta name=\"twitter:card\" content=\"summary_large_image\" \/>\n<meta name=\"twitter:label1\" content=\"Dur\u00e9e de lecture estim\u00e9e\" \/>\n\t<meta name=\"twitter:data1\" content=\"1 minute\" \/>\n<script type=\"application\/ld+json\" class=\"yoast-schema-graph\">{\"@context\":\"https:\/\/schema.org\",\"@graph\":[{\"@type\":\"WebPage\",\"@id\":\"https:\/\/laserelectronique.com\/?product=niveau-nedo-z24-460756-copie\",\"url\":\"https:\/\/laserelectronique.com\/?product=niveau-nedo-z24-460756-copie\",\"name\":\"Niveau Nedo Z24 460756 - LASER ELECTRONIQUE TP\",\"isPartOf\":{\"@id\":\"https:\/\/laserelectronique.com\/#website\"},\"primaryImageOfPage\":{\"@id\":\"https:\/\/laserelectronique.com\/?product=niveau-nedo-z24-460756-copie#primaryimage\"},\"image\":{\"@id\":\"https:\/\/laserelectronique.com\/?product=niveau-nedo-z24-460756-copie#primaryimage\"},\"thumbnailUrl\":\"https:\/\/laserelectronique.com\/wp-content\/uploads\/2020\/12\/460756.png\",\"datePublished\":\"2020-12-29T16:12:23+00:00\",\"dateModified\":\"2022-07-27T09:44:48+00:00\",\"breadcrumb\":{\"@id\":\"https:\/\/laserelectronique.com\/?product=niveau-nedo-z24-460756-copie#breadcrumb\"},\"inLanguage\":\"fr-FR\",\"potentialAction\":[{\"@type\":\"ReadAction\",\"target\":[\"https:\/\/laserelectronique.com\/?product=niveau-nedo-z24-460756-copie\"]}]},{\"@type\":\"ImageObject\",\"inLanguage\":\"fr-FR\",\"@id\":\"https:\/\/laserelectronique.com\/?product=niveau-nedo-z24-460756-copie#primaryimage\",\"url\":\"https:\/\/laserelectronique.com\/wp-content\/uploads\/2020\/12\/460756.png\",\"contentUrl\":\"https:\/\/laserelectronique.com\/wp-content\/uploads\/2020\/12\/460756.png\",\"width\":1200,\"height\":1200},{\"@type\":\"BreadcrumbList\",\"@id\":\"https:\/\/laserelectronique.com\/?product=niveau-nedo-z24-460756-copie#breadcrumb\",\"itemListElement\":[{\"@type\":\"ListItem\",\"position\":1,\"name\":\"Accueil\",\"item\":\"https:\/\/laserelectronique.com\/\"},{\"@type\":\"ListItem\",\"position\":2,\"name\":\"Boutique\",\"item\":\"https:\/\/laserelectronique.com\/?page_id=7\"},{\"@type\":\"ListItem\",\"position\":3,\"name\":\"Niveau Nedo Z24 460756\"}]},{\"@type\":\"WebSite\",\"@id\":\"https:\/\/laserelectronique.com\/#website\",\"url\":\"https:\/\/laserelectronique.com\/\",\"name\":\"LASER ELECTRONIQUE TP\",\"description\":\"VOTRE PARTENAIRE EN GUIDAGE D&#039;ENGINS, TOPOGRAPHIE ET SERVICES\",\"potentialAction\":[{\"@type\":\"SearchAction\",\"target\":{\"@type\":\"EntryPoint\",\"urlTemplate\":\"https:\/\/laserelectronique.com\/?s={search_term_string}\"},\"query-input\":{\"@type\":\"PropertyValueSpecification\",\"valueRequired\":true,\"valueName\":\"search_term_string\"}}],\"inLanguage\":\"fr-FR\"}]}<\/script>\n<!-- \/ Yoast SEO plugin. -->","yoast_head_json":{"title":"Niveau Nedo Z24 460756 - LASER ELECTRONIQUE TP","robots":{"index":"index","follow":"follow","max-snippet":"max-snippet:-1","max-image-preview":"max-image-preview:large","max-video-preview":"max-video-preview:-1"},"canonical":"https:\/\/laserelectronique.com\/?product=niveau-nedo-z24-460756-copie","og_locale":"fr_FR","og_type":"article","og_title":"Niveau Nedo Z24 460756 - LASER ELECTRONIQUE TP","og_description":"Niveaux s\u00e9rie Z Les niveaux Nedo de la gamme Z sont des instruments de haute qualit\u00e9 pour les ing\u00e9nieurs. Ils r\u00e9pondent aux exigences les plus \u00e9lev\u00e9es et se caract\u00e9risent par&hellip;","og_url":"https:\/\/laserelectronique.com\/?product=niveau-nedo-z24-460756-copie","og_site_name":"LASER ELECTRONIQUE TP","article_modified_time":"2022-07-27T09:44:48+00:00","og_image":[{"width":1200,"height":1200,"url":"https:\/\/laserelectronique.com\/wp-content\/uploads\/2020\/12\/460756.png","type":"image\/png"}],"twitter_card":"summary_large_image","twitter_misc":{"Dur\u00e9e de lecture estim\u00e9e":"1 minute"},"schema":{"@context":"https:\/\/schema.org","@graph":[{"@type":"WebPage","@id":"https:\/\/laserelectronique.com\/?product=niveau-nedo-z24-460756-copie","url":"https:\/\/laserelectronique.com\/?product=niveau-nedo-z24-460756-copie","name":"Niveau Nedo Z24 460756 - LASER ELECTRONIQUE TP","isPartOf":{"@id":"https:\/\/laserelectronique.com\/#website"},"primaryImageOfPage":{"@id":"https:\/\/laserelectronique.com\/?product=niveau-nedo-z24-460756-copie#primaryimage"},"image":{"@id":"https:\/\/laserelectronique.com\/?product=niveau-nedo-z24-460756-copie#primaryimage"},"thumbnailUrl":"https:\/\/laserelectronique.com\/wp-content\/uploads\/2020\/12\/460756.png","datePublished":"2020-12-29T16:12:23+00:00","dateModified":"2022-07-27T09:44:48+00:00","breadcrumb":{"@id":"https:\/\/laserelectronique.com\/?product=niveau-nedo-z24-460756-copie#breadcrumb"},"inLanguage":"fr-FR","potentialAction":[{"@type":"ReadAction","target":["https:\/\/laserelectronique.com\/?product=niveau-nedo-z24-460756-copie"]}]},{"@type":"ImageObject","inLanguage":"fr-FR","@id":"https:\/\/laserelectronique.com\/?product=niveau-nedo-z24-460756-copie#primaryimage","url":"https:\/\/laserelectronique.com\/wp-content\/uploads\/2020\/12\/460756.png","contentUrl":"https:\/\/laserelectronique.com\/wp-content\/uploads\/2020\/12\/460756.png","width":1200,"height":1200},{"@type":"BreadcrumbList","@id":"https:\/\/laserelectronique.com\/?product=niveau-nedo-z24-460756-copie#breadcrumb","itemListElement":[{"@type":"ListItem","position":1,"name":"Accueil","item":"https:\/\/laserelectronique.com\/"},{"@type":"ListItem","position":2,"name":"Boutique","item":"https:\/\/laserelectronique.com\/?page_id=7"},{"@type":"ListItem","position":3,"name":"Niveau Nedo Z24 460756"}]},{"@type":"WebSite","@id":"https:\/\/laserelectronique.com\/#website","url":"https:\/\/laserelectronique.com\/","name":"LASER ELECTRONIQUE TP","description":"VOTRE PARTENAIRE EN GUIDAGE D&#039;ENGINS, TOPOGRAPHIE ET SERVICES","potentialAction":[{"@type":"SearchAction","target":{"@type":"EntryPoint","urlTemplate":"https:\/\/laserelectronique.com\/?s={search_term_string}"},"query-input":{"@type":"PropertyValueSpecification","valueRequired":true,"valueName":"search_term_string"}}],"inLanguage":"fr-FR"}]}},"_links":{"self":[{"href":"https:\/\/laserelectronique.com\/index.php?rest_route=\/wp\/v2\/product\/3289","targetHints":{"allow":["GET"]}}],"collection":[{"href":"https:\/\/laserelectronique.com\/index.php?rest_route=\/wp\/v2\/product"}],"about":[{"href":"https:\/\/laserelectronique.com\/index.php?rest_route=\/wp\/v2\/types\/product"}],"replies":[{"embeddable":true,"href":"https:\/\/laserelectronique.com\/index.php?rest_route=%2Fwp%2Fv2%2Fcomments&post=3289"}],"wp:featuredmedia":[{"embeddable":true,"href":"https:\/\/laserelectronique.com\/index.php?rest_route=\/wp\/v2\/media\/3221"}],"wp:attachment":[{"href":"https:\/\/laserelectronique.com\/index.php?rest_route=%2Fwp%2Fv2%2Fmedia&parent=3289"}],"wp:term":[{"taxonomy":"product_cat","embeddable":true,"href":"https:\/\/laserelectronique.com\/index.php?rest_route=%2Fwp%2Fv2%2Fproduct_cat&post=3289"},{"taxonomy":"product_tag","embeddable":true,"href":"https:\/\/laserelectronique.com\/index.php?rest_route=%2Fwp%2Fv2%2Fproduct_tag&post=3289"}],"curies":[{"name":"wp","href":"https:\/\/api.w.org\/{rel}","templated":true}]}}