{"id":3288,"date":"2020-12-29T17:01:42","date_gmt":"2020-12-29T16:01:42","guid":{"rendered":"http:\/\/laserelectronique.com\/?post_type=product&#038;p=3288"},"modified":"2022-07-27T11:26:58","modified_gmt":"2022-07-27T09:26:58","slug":"niveau-nedo-f24-460777-613copie","status":"publish","type":"product","link":"https:\/\/laserelectronique.com\/?product=niveau-nedo-f24-460777-613copie","title":{"rendered":"Niveau Nedo F24 460777-613"},"content":{"rendered":"<div class=\"STYLE_BildBalken\" style=\"text-align: left;\" align=\"center\"><strong>Niveaux s\u00e9rie F<\/strong><\/div>\n<p><img decoding=\"async\" class=\"alignright\" src=\"https:\/\/www.nedo.com\/img\/products\/nivelliere\/nivelliere_f-serie.gif\" alt=\"\" align=\"TOP\" border=\"0\" hspace=\"0\" vspace=\"0\" \/><\/p>\n<div class=\"STYLE_12\" align=\"LEFT\"><strong>Optique remarquable avec grossissement de 24, 28<\/strong><br \/>\n<strong>ou 32 fois, compensateur de grande qualit\u00e9 \u00e0<\/strong><br \/>\n<strong>amortissement magn\u00e9tique et design moderne<\/strong><br \/>\n<strong>caract\u00e9risent les niveaux de chantier de la s\u00e9rie F.<\/strong><br \/>\n<strong>Pour une utilisation dans de dures conditions.Particularit\u00e9s :<\/strong><\/div>\n<div class=\"STYLE_12\" align=\"LEFT\">\n<ul type=\"square\">\n<li><strong>Niveau de chantier automatique avec des<\/strong><br \/>\n<strong>grossissements de 24, 28 et 32 fois<\/strong><\/li>\n<li><strong>Optique \u00e0 grande luminosit\u00e9 avec objectif<\/strong><br \/>\n<strong>de grand diam\u00e8tre<\/strong><\/li>\n<li><strong>Compensateur robuste, fiable, \u00e0<\/strong><br \/>\n<strong>amortissement magn\u00e9tique<\/strong><\/li>\n<li><strong>Image contrast\u00e9e<\/strong><\/li>\n<li><strong>Certificat de contr\u00f4le<\/strong><\/li>\n<li><strong>Livr\u00e9 avec plomb, broche d\u2019ajustage et solide<\/strong><br \/>\n<strong>coffret de transport<\/strong><\/li>\n<li><strong>Egalement disponible en kit<\/strong><\/li>\n<\/ul>\n<\/div>\n<div class=\"STYLE_12\" align=\"LEFT\"><strong>Caract\u00e9ristiques techniques :<\/strong><\/div>\n<div class=\"STYLE_12\" align=\"LEFT\">\n<table border=\"0\" cellspacing=\"0\" cellpadding=\"2\">\n<tbody>\n<tr>\n<td class=\"TabelleZeile1\" align=\"LEFT\" valign=\"TOP\" width=\"240\"><strong>Mod\u00e8le<\/strong><\/td>\n<td class=\"TabelleZeile1\" align=\"RIGHT\" valign=\"TOP\" width=\"120\"><strong>F24<\/strong><\/td>\n<td class=\"TabelleZeile1\" align=\"RIGHT\" valign=\"TOP\" width=\"120\"><strong>F28<\/strong><\/td>\n<td class=\"TabelleZeile1\" align=\"RIGHT\" valign=\"TOP\" width=\"120\"><strong>F32<\/strong><\/td>\n<\/tr>\n<tr>\n<td class=\"TabelleZeile2\" align=\"LEFT\" valign=\"TOP\" width=\"240\"><strong>Image<\/strong><\/td>\n<td class=\"TabelleZeile2\" align=\"RIGHT\" valign=\"TOP\" width=\"120\"><strong>droite<\/strong><\/td>\n<td class=\"TabelleZeile2\" align=\"RIGHT\" valign=\"TOP\" width=\"120\"><strong>droite<\/strong><\/td>\n<td class=\"TabelleZeile2\" align=\"RIGHT\" valign=\"TOP\" width=\"120\"><strong>droite<\/strong><\/td>\n<\/tr>\n<tr>\n<td class=\"TabelleZeile3\" align=\"LEFT\" valign=\"TOP\" width=\"240\"><strong>Grossissement<\/strong><\/td>\n<td class=\"TabelleZeile3\" align=\"RIGHT\" valign=\"TOP\" width=\"120\"><strong>24x<\/strong><\/td>\n<td class=\"TabelleZeile3\" align=\"RIGHT\" valign=\"TOP\" width=\"120\"><strong>28x<\/strong><\/td>\n<td class=\"TabelleZeile3\" align=\"RIGHT\" valign=\"TOP\" width=\"120\"><strong>32x<\/strong><\/td>\n<\/tr>\n<tr>\n<td class=\"TabelleZeile2\" align=\"LEFT\" valign=\"TOP\" width=\"240\"><strong>Diam\u00e8tre de l\u2019objectif<\/strong><\/td>\n<td class=\"TabelleZeile2\" align=\"RIGHT\" valign=\"TOP\" width=\"120\"><strong>30 mm<\/strong><\/td>\n<td class=\"TabelleZeile2\" align=\"RIGHT\" valign=\"TOP\" width=\"120\"><strong>30 mm<\/strong><\/td>\n<td class=\"TabelleZeile2\" align=\"RIGHT\" valign=\"TOP\" width=\"120\"><strong>40 mm<\/strong><\/td>\n<\/tr>\n<tr>\n<td class=\"TabelleZeile3\" align=\"LEFT\" valign=\"TOP\" width=\"240\"><strong>Vis\u00e9e minimale<\/strong><\/td>\n<td class=\"TabelleZeile3\" align=\"RIGHT\" valign=\"TOP\" width=\"120\"><strong>0,6 m<\/strong><\/td>\n<td class=\"TabelleZeile3\" align=\"RIGHT\" valign=\"TOP\" width=\"120\"><strong>0,6 m<\/strong><\/td>\n<td class=\"TabelleZeile3\" align=\"RIGHT\" valign=\"TOP\" width=\"120\"><strong>0,6 m<\/strong><\/td>\n<\/tr>\n<tr>\n<td class=\"TabelleZeile2\" align=\"LEFT\" valign=\"TOP\" width=\"240\"><strong>Constante additionnelle<\/strong><\/td>\n<td class=\"TabelleZeile2\" align=\"RIGHT\" valign=\"TOP\" width=\"120\"><strong>0<\/strong><\/td>\n<td class=\"TabelleZeile2\" align=\"RIGHT\" valign=\"TOP\" width=\"120\"><strong>0<\/strong><\/td>\n<td class=\"TabelleZeile2\" align=\"RIGHT\" valign=\"TOP\" width=\"120\"><strong>0<\/strong><\/td>\n<\/tr>\n<tr>\n<td class=\"TabelleZeile3\" align=\"LEFT\" valign=\"TOP\" width=\"240\"><strong>Facteur de multiplication<\/strong><\/td>\n<td class=\"TabelleZeile3\" align=\"RIGHT\" valign=\"TOP\" width=\"120\"><strong>100<\/strong><\/td>\n<td class=\"TabelleZeile3\" align=\"RIGHT\" valign=\"TOP\" width=\"120\"><strong>100<\/strong><\/td>\n<td class=\"TabelleZeile3\" align=\"RIGHT\" valign=\"TOP\" width=\"120\"><strong>100<\/strong><\/td>\n<\/tr>\n<tr>\n<td class=\"TabelleZeile2\" align=\"LEFT\" valign=\"TOP\" width=\"240\"><strong>Plage de travail du compensateur<\/strong><\/td>\n<td class=\"TabelleZeile2\" align=\"RIGHT\" valign=\"TOP\" width=\"120\"><strong>\u00b115&prime;<\/strong><\/td>\n<td class=\"TabelleZeile2\" align=\"RIGHT\" valign=\"TOP\" width=\"120\"><strong>\u00b115&prime;<\/strong><\/td>\n<td class=\"TabelleZeile2\" align=\"RIGHT\" valign=\"TOP\" width=\"120\"><strong>\u00b115&prime;<\/strong><\/td>\n<\/tr>\n<tr>\n<td class=\"TabelleZeile3\" align=\"LEFT\" valign=\"TOP\" width=\"240\"><strong>Pr\u00e9cision de calage du compensateur<\/strong><\/td>\n<td class=\"TabelleZeile3\" align=\"RIGHT\" valign=\"TOP\" width=\"120\"><strong>\u00b10,5\u00a0\u00bb<\/strong><\/td>\n<td class=\"TabelleZeile3\" align=\"RIGHT\" valign=\"TOP\" width=\"120\"><strong>\u00b10,3&Prime;<\/strong><\/td>\n<td class=\"TabelleZeile3\" align=\"RIGHT\" valign=\"TOP\" width=\"120\"><strong>\u00b10,3&Prime;<\/strong><\/td>\n<\/tr>\n<tr>\n<td class=\"TabelleZeile2\" align=\"LEFT\" valign=\"TOP\" width=\"240\"><strong>Cercle gradu\u00e9<\/strong><\/td>\n<td class=\"TabelleZeile2\" align=\"RIGHT\" valign=\"TOP\" width=\"120\"><strong>400 gon<\/strong><\/td>\n<td class=\"TabelleZeile2\" align=\"RIGHT\" valign=\"TOP\" width=\"120\"><strong>400 gon<\/strong><\/td>\n<td class=\"TabelleZeile2\" align=\"RIGHT\" valign=\"TOP\" width=\"120\"><strong>400 gon<\/strong><\/td>\n<\/tr>\n<tr>\n<td class=\"TabelleZeile3\" align=\"LEFT\" valign=\"TOP\" width=\"240\"><strong>Sensibilit\u00e9 de la nivelle sph\u00e9rique<\/strong><\/td>\n<td class=\"TabelleZeile3\" align=\"RIGHT\" valign=\"TOP\" width=\"120\"><strong>8&rsquo;\/2 mm<\/strong><\/td>\n<td class=\"TabelleZeile3\" align=\"RIGHT\" valign=\"TOP\" width=\"120\"><strong>8&rsquo;\/2 mm<\/strong><\/td>\n<td class=\"TabelleZeile3\" align=\"RIGHT\" valign=\"TOP\" width=\"120\"><strong>8&rsquo;\/2 mm<\/strong><\/td>\n<\/tr>\n<tr>\n<td class=\"TabelleZeile2\" align=\"LEFT\" valign=\"TOP\" width=\"240\"><strong>Pr\u00e9cision pour un nivellement<\/strong><br \/>\n<strong>double sur 1 km<\/strong><\/td>\n<td class=\"TabelleZeile2\" align=\"RIGHT\" valign=\"TOP\" width=\"120\"><strong>\u00b1 2,5 mm<\/strong><\/td>\n<td class=\"TabelleZeile2\" align=\"RIGHT\" valign=\"TOP\" width=\"120\"><strong>\u00b12,0 mm<\/strong><\/td>\n<td class=\"TabelleZeile2\" align=\"RIGHT\" valign=\"TOP\" width=\"120\"><strong>\u00b11,5 mm<\/strong><\/td>\n<\/tr>\n<tr>\n<td class=\"TabelleZeile3\" align=\"LEFT\" valign=\"TOP\" width=\"240\"><strong>Etanch\u00e9it\u00e9<\/strong><\/td>\n<td class=\"TabelleZeile3\" align=\"RIGHT\" valign=\"TOP\" width=\"120\"><strong>IP 54<\/strong><\/td>\n<td class=\"TabelleZeile3\" align=\"RIGHT\" valign=\"TOP\" width=\"120\"><strong>IP 54<\/strong><\/td>\n<td class=\"TabelleZeile3\" align=\"RIGHT\" valign=\"TOP\" width=\"120\"><strong>IP 54<\/strong><\/td>\n<\/tr>\n<tr>\n<td class=\"TabelleZeile2\" align=\"LEFT\" valign=\"TOP\" width=\"240\"><strong>Poids<\/strong><\/td>\n<td class=\"TabelleZeile2\" align=\"RIGHT\" valign=\"TOP\" width=\"120\"><strong>1,26 kg<\/strong><\/td>\n<td class=\"TabelleZeile2\" align=\"RIGHT\" valign=\"TOP\" width=\"120\"><strong>1,26 kg<\/strong><\/td>\n<td class=\"TabelleZeile2\" align=\"RIGHT\" valign=\"TOP\" width=\"120\"><strong>1,26 kg<\/strong><\/td>\n<\/tr>\n<tr>\n<td class=\"TabelleZeile3\" align=\"LEFT\" valign=\"TOP\" width=\"240\"><strong>Raccord filet\u00e9<\/strong><\/td>\n<td class=\"TabelleZeile3\" align=\"RIGHT\" valign=\"TOP\" width=\"120\"><strong>5\/8&Prime;<\/strong><\/td>\n<td class=\"TabelleZeile3\" align=\"RIGHT\" valign=\"TOP\" width=\"120\"><strong>5\/8&Prime;<\/strong><\/td>\n<td class=\"TabelleZeile3\" align=\"RIGHT\" valign=\"TOP\" width=\"120\"><strong>5\/8\u00a0\u00bb<\/strong><\/td>\n<\/tr>\n<tr>\n<td class=\"TabelleZeile2\" align=\"LEFT\" valign=\"TOP\" width=\"240\"><strong>R\u00e9f.<\/strong><\/td>\n<td class=\"TabelleZeile2\" align=\"RIGHT\" valign=\"TOP\" width=\"120\"><strong>460777-613<\/strong><\/td>\n<td class=\"TabelleZeile2\" align=\"RIGHT\" valign=\"TOP\" width=\"120\"><strong>460 795-613<\/strong><\/td>\n<td class=\"TabelleZeile2\" align=\"RIGHT\" valign=\"TOP\" width=\"120\"><strong>460 797-613<\/strong><\/td>\n<\/tr>\n<tr>\n<td class=\"TabelleZeile3\" align=\"LEFT\" valign=\"TOP\" width=\"240\"><strong>R\u00e9f. kit \u00e0 niveler*<\/strong><\/td>\n<td class=\"TabelleZeile3\" align=\"RIGHT\" valign=\"TOP\" width=\"120\"><strong>463 105<\/strong><\/td>\n<td class=\"TabelleZeile3\" align=\"RIGHT\" valign=\"TOP\" width=\"120\"><strong>465 105<\/strong><\/td>\n<td class=\"TabelleZeile3\" align=\"RIGHT\" valign=\"TOP\" width=\"120\"><strong>466 105<\/strong><\/td>\n<\/tr>\n<\/tbody>\n<\/table>\n<\/div>\n<div class=\"STYLE_11\" align=\"LEFT\"><strong>* Kit \u00e0 niveler pour niveaux s\u00e9rie F :<\/strong><br \/>\n<strong>&#8211; Niveau de chantier F24\/F28\/F32<\/strong><br \/>\n<strong>&#8211; Mire t\u00e9lescopique 5 m et \u00e9tui, R\u00e9f. 345 122-613<\/strong><br \/>\n<strong>&#8211; Tr\u00e9pied en aluminium, R\u00e9f. 200 215-613<\/strong><\/div>\n","protected":false},"excerpt":{"rendered":"<p>Niveaux s\u00e9rie F Optique remarquable avec grossissement de 24, 28 ou 32 fois, compensateur de grande qualit\u00e9 \u00e0 amortissement magn\u00e9tique et design moderne caract\u00e9risent les niveaux de chantier de la&hellip;<\/p>\n","protected":false},"featured_media":3217,"comment_status":"closed","ping_status":"closed","template":"","meta":[],"product_cat":[30],"product_tag":[],"class_list":{"0":"post-3288","1":"product","2":"type-product","3":"status-publish","4":"has-post-thumbnail","6":"product_cat-theodolites-niveaux","7":"","9":"first","10":"instock","11":"taxable","12":"shipping-taxable","13":"product-type-simple"},"yoast_head":"<!-- This site is optimized with the Yoast SEO plugin v24.7 - https:\/\/yoast.com\/wordpress\/plugins\/seo\/ -->\n<title>Niveau Nedo F24 460777-613 - LASER ELECTRONIQUE TP<\/title>\n<meta name=\"robots\" content=\"index, follow, max-snippet:-1, max-image-preview:large, max-video-preview:-1\" \/>\n<link rel=\"canonical\" href=\"https:\/\/laserelectronique.com\/?product=niveau-nedo-f24-460777-613copie\" \/>\n<meta property=\"og:locale\" content=\"fr_FR\" \/>\n<meta property=\"og:type\" content=\"article\" \/>\n<meta property=\"og:title\" content=\"Niveau Nedo F24 460777-613 - LASER ELECTRONIQUE TP\" \/>\n<meta property=\"og:description\" content=\"Niveaux s\u00e9rie F Optique remarquable avec grossissement de 24, 28 ou 32 fois, compensateur de grande qualit\u00e9 \u00e0 amortissement magn\u00e9tique et design moderne caract\u00e9risent les niveaux de chantier de la&hellip;\" \/>\n<meta property=\"og:url\" content=\"https:\/\/laserelectronique.com\/?product=niveau-nedo-f24-460777-613copie\" \/>\n<meta property=\"og:site_name\" content=\"LASER ELECTRONIQUE TP\" \/>\n<meta property=\"article:modified_time\" content=\"2022-07-27T09:26:58+00:00\" \/>\n<meta property=\"og:image\" content=\"https:\/\/laserelectronique.com\/wp-content\/uploads\/2020\/12\/460777-613.png\" \/>\n\t<meta property=\"og:image:width\" content=\"1800\" \/>\n\t<meta property=\"og:image:height\" content=\"1800\" \/>\n\t<meta property=\"og:image:type\" content=\"image\/png\" \/>\n<meta name=\"twitter:card\" content=\"summary_large_image\" \/>\n<meta name=\"twitter:label1\" content=\"Dur\u00e9e de lecture estim\u00e9e\" \/>\n\t<meta name=\"twitter:data1\" content=\"1 minute\" \/>\n<script type=\"application\/ld+json\" class=\"yoast-schema-graph\">{\"@context\":\"https:\/\/schema.org\",\"@graph\":[{\"@type\":\"WebPage\",\"@id\":\"https:\/\/laserelectronique.com\/?product=niveau-nedo-f24-460777-613copie\",\"url\":\"https:\/\/laserelectronique.com\/?product=niveau-nedo-f24-460777-613copie\",\"name\":\"Niveau Nedo F24 460777-613 - LASER ELECTRONIQUE TP\",\"isPartOf\":{\"@id\":\"https:\/\/laserelectronique.com\/#website\"},\"primaryImageOfPage\":{\"@id\":\"https:\/\/laserelectronique.com\/?product=niveau-nedo-f24-460777-613copie#primaryimage\"},\"image\":{\"@id\":\"https:\/\/laserelectronique.com\/?product=niveau-nedo-f24-460777-613copie#primaryimage\"},\"thumbnailUrl\":\"https:\/\/laserelectronique.com\/wp-content\/uploads\/2020\/12\/460777-613.png\",\"datePublished\":\"2020-12-29T16:01:42+00:00\",\"dateModified\":\"2022-07-27T09:26:58+00:00\",\"breadcrumb\":{\"@id\":\"https:\/\/laserelectronique.com\/?product=niveau-nedo-f24-460777-613copie#breadcrumb\"},\"inLanguage\":\"fr-FR\",\"potentialAction\":[{\"@type\":\"ReadAction\",\"target\":[\"https:\/\/laserelectronique.com\/?product=niveau-nedo-f24-460777-613copie\"]}]},{\"@type\":\"ImageObject\",\"inLanguage\":\"fr-FR\",\"@id\":\"https:\/\/laserelectronique.com\/?product=niveau-nedo-f24-460777-613copie#primaryimage\",\"url\":\"https:\/\/laserelectronique.com\/wp-content\/uploads\/2020\/12\/460777-613.png\",\"contentUrl\":\"https:\/\/laserelectronique.com\/wp-content\/uploads\/2020\/12\/460777-613.png\",\"width\":1800,\"height\":1800},{\"@type\":\"BreadcrumbList\",\"@id\":\"https:\/\/laserelectronique.com\/?product=niveau-nedo-f24-460777-613copie#breadcrumb\",\"itemListElement\":[{\"@type\":\"ListItem\",\"position\":1,\"name\":\"Accueil\",\"item\":\"https:\/\/laserelectronique.com\/\"},{\"@type\":\"ListItem\",\"position\":2,\"name\":\"Boutique\",\"item\":\"https:\/\/laserelectronique.com\/?page_id=7\"},{\"@type\":\"ListItem\",\"position\":3,\"name\":\"Niveau Nedo F24 460777-613\"}]},{\"@type\":\"WebSite\",\"@id\":\"https:\/\/laserelectronique.com\/#website\",\"url\":\"https:\/\/laserelectronique.com\/\",\"name\":\"LASER ELECTRONIQUE TP\",\"description\":\"VOTRE PARTENAIRE EN GUIDAGE D&#039;ENGINS, TOPOGRAPHIE ET SERVICES\",\"potentialAction\":[{\"@type\":\"SearchAction\",\"target\":{\"@type\":\"EntryPoint\",\"urlTemplate\":\"https:\/\/laserelectronique.com\/?s={search_term_string}\"},\"query-input\":{\"@type\":\"PropertyValueSpecification\",\"valueRequired\":true,\"valueName\":\"search_term_string\"}}],\"inLanguage\":\"fr-FR\"}]}<\/script>\n<!-- \/ Yoast SEO plugin. -->","yoast_head_json":{"title":"Niveau Nedo F24 460777-613 - LASER ELECTRONIQUE TP","robots":{"index":"index","follow":"follow","max-snippet":"max-snippet:-1","max-image-preview":"max-image-preview:large","max-video-preview":"max-video-preview:-1"},"canonical":"https:\/\/laserelectronique.com\/?product=niveau-nedo-f24-460777-613copie","og_locale":"fr_FR","og_type":"article","og_title":"Niveau Nedo F24 460777-613 - LASER ELECTRONIQUE TP","og_description":"Niveaux s\u00e9rie F Optique remarquable avec grossissement de 24, 28 ou 32 fois, compensateur de grande qualit\u00e9 \u00e0 amortissement magn\u00e9tique et design moderne caract\u00e9risent les niveaux de chantier de la&hellip;","og_url":"https:\/\/laserelectronique.com\/?product=niveau-nedo-f24-460777-613copie","og_site_name":"LASER ELECTRONIQUE TP","article_modified_time":"2022-07-27T09:26:58+00:00","og_image":[{"width":1800,"height":1800,"url":"https:\/\/laserelectronique.com\/wp-content\/uploads\/2020\/12\/460777-613.png","type":"image\/png"}],"twitter_card":"summary_large_image","twitter_misc":{"Dur\u00e9e de lecture estim\u00e9e":"1 minute"},"schema":{"@context":"https:\/\/schema.org","@graph":[{"@type":"WebPage","@id":"https:\/\/laserelectronique.com\/?product=niveau-nedo-f24-460777-613copie","url":"https:\/\/laserelectronique.com\/?product=niveau-nedo-f24-460777-613copie","name":"Niveau Nedo F24 460777-613 - LASER ELECTRONIQUE TP","isPartOf":{"@id":"https:\/\/laserelectronique.com\/#website"},"primaryImageOfPage":{"@id":"https:\/\/laserelectronique.com\/?product=niveau-nedo-f24-460777-613copie#primaryimage"},"image":{"@id":"https:\/\/laserelectronique.com\/?product=niveau-nedo-f24-460777-613copie#primaryimage"},"thumbnailUrl":"https:\/\/laserelectronique.com\/wp-content\/uploads\/2020\/12\/460777-613.png","datePublished":"2020-12-29T16:01:42+00:00","dateModified":"2022-07-27T09:26:58+00:00","breadcrumb":{"@id":"https:\/\/laserelectronique.com\/?product=niveau-nedo-f24-460777-613copie#breadcrumb"},"inLanguage":"fr-FR","potentialAction":[{"@type":"ReadAction","target":["https:\/\/laserelectronique.com\/?product=niveau-nedo-f24-460777-613copie"]}]},{"@type":"ImageObject","inLanguage":"fr-FR","@id":"https:\/\/laserelectronique.com\/?product=niveau-nedo-f24-460777-613copie#primaryimage","url":"https:\/\/laserelectronique.com\/wp-content\/uploads\/2020\/12\/460777-613.png","contentUrl":"https:\/\/laserelectronique.com\/wp-content\/uploads\/2020\/12\/460777-613.png","width":1800,"height":1800},{"@type":"BreadcrumbList","@id":"https:\/\/laserelectronique.com\/?product=niveau-nedo-f24-460777-613copie#breadcrumb","itemListElement":[{"@type":"ListItem","position":1,"name":"Accueil","item":"https:\/\/laserelectronique.com\/"},{"@type":"ListItem","position":2,"name":"Boutique","item":"https:\/\/laserelectronique.com\/?page_id=7"},{"@type":"ListItem","position":3,"name":"Niveau Nedo F24 460777-613"}]},{"@type":"WebSite","@id":"https:\/\/laserelectronique.com\/#website","url":"https:\/\/laserelectronique.com\/","name":"LASER ELECTRONIQUE TP","description":"VOTRE PARTENAIRE EN GUIDAGE D&#039;ENGINS, TOPOGRAPHIE ET SERVICES","potentialAction":[{"@type":"SearchAction","target":{"@type":"EntryPoint","urlTemplate":"https:\/\/laserelectronique.com\/?s={search_term_string}"},"query-input":{"@type":"PropertyValueSpecification","valueRequired":true,"valueName":"search_term_string"}}],"inLanguage":"fr-FR"}]}},"_links":{"self":[{"href":"https:\/\/laserelectronique.com\/index.php?rest_route=\/wp\/v2\/product\/3288","targetHints":{"allow":["GET"]}}],"collection":[{"href":"https:\/\/laserelectronique.com\/index.php?rest_route=\/wp\/v2\/product"}],"about":[{"href":"https:\/\/laserelectronique.com\/index.php?rest_route=\/wp\/v2\/types\/product"}],"replies":[{"embeddable":true,"href":"https:\/\/laserelectronique.com\/index.php?rest_route=%2Fwp%2Fv2%2Fcomments&post=3288"}],"wp:featuredmedia":[{"embeddable":true,"href":"https:\/\/laserelectronique.com\/index.php?rest_route=\/wp\/v2\/media\/3217"}],"wp:attachment":[{"href":"https:\/\/laserelectronique.com\/index.php?rest_route=%2Fwp%2Fv2%2Fmedia&parent=3288"}],"wp:term":[{"taxonomy":"product_cat","embeddable":true,"href":"https:\/\/laserelectronique.com\/index.php?rest_route=%2Fwp%2Fv2%2Fproduct_cat&post=3288"},{"taxonomy":"product_tag","embeddable":true,"href":"https:\/\/laserelectronique.com\/index.php?rest_route=%2Fwp%2Fv2%2Fproduct_tag&post=3288"}],"curies":[{"name":"wp","href":"https:\/\/api.w.org\/{rel}","templated":true}]}}