{"id":3277,"date":"2020-12-29T10:51:57","date_gmt":"2020-12-29T09:51:57","guid":{"rendered":"http:\/\/laserelectronique.com\/?post_type=product&#038;p=3277"},"modified":"2020-12-29T11:04:25","modified_gmt":"2020-12-29T10:04:25","slug":"mire-lumineuse-lumiscale-340240-nedo","status":"publish","type":"product","link":"https:\/\/laserelectronique.com\/?product=mire-lumineuse-lumiscale-340240-nedo","title":{"rendered":"Mire LumiScale Control 340240 Nedo"},"content":{"rendered":"<div class=\"STYLE_12\" align=\"Left\">\n<div class=\"STYLE_TextBalken_12\" align=\"center\">\n<div class=\"STYLE_9\" align=\"center\"><\/div>\n<div class=\"STYLE_TextBalken_12\" style=\"text-align: left;\" align=\"center\"><b>Mire lumineuse LumiScale Control<img loading=\"lazy\" decoding=\"async\" class=\"alignnone size-large wp-image-3278\" src=\"https:\/\/laserelectronique.com\/wp-content\/uploads\/2020\/12\/340240_aw-1024x765.png\" alt=\"\" width=\"840\" height=\"628\" srcset=\"https:\/\/laserelectronique.com\/wp-content\/uploads\/2020\/12\/340240_aw-1024x765.png 1024w, https:\/\/laserelectronique.com\/wp-content\/uploads\/2020\/12\/340240_aw-600x448.png 600w, https:\/\/laserelectronique.com\/wp-content\/uploads\/2020\/12\/340240_aw-300x224.png 300w, https:\/\/laserelectronique.com\/wp-content\/uploads\/2020\/12\/340240_aw-768x574.png 768w, https:\/\/laserelectronique.com\/wp-content\/uploads\/2020\/12\/340240_aw.png 1181w\" sizes=\"auto, (max-width: 840px) 100vw, 840px\" \/><\/b><\/div>\n<div align=\"center\"><\/div>\n<div class=\"STYLE_12\" align=\"LEFT\"><strong>LumiScale control est une courte mire lumineuse<\/strong><br \/>\n<strong>sp\u00e9cialement con\u00e7ue pour des op\u00e9rations de<\/strong><br \/>\n<strong>surveillance (de b\u00e2timents par exemple). Sa<\/strong><br \/>\n<strong>conception est compacte et sans pi\u00e8ces rapport\u00e9es<\/strong><br \/>\n<strong>g\u00eanantes. La livraison comprend la mire, un bloc secteur<\/strong><br \/>\n<strong>et un \u00e9tui de protection.<\/strong><\/div>\n<div class=\"STYLE_12\" align=\"LEFT\"><strong>Caract\u00e9ristiques techniques :<\/strong><\/div>\n<div class=\"STYLE_12\" align=\"LEFT\">\n<table border=\"0\" cellspacing=\"0\" cellpadding=\"2\">\n<tbody>\n<tr>\n<td class=\"TabelleZeile1\" align=\"LEFT\" valign=\"TOP\" width=\"300\"><strong>Graduation<\/strong><\/td>\n<td class=\"TabelleZeile1\" align=\"LEFT\" valign=\"TOP\" width=\"300\"><strong>Code barre<\/strong><\/td>\n<\/tr>\n<tr>\n<td class=\"TabelleZeile2\" align=\"LEFT\" valign=\"TOP\" width=\"300\"><strong>Support de la graduation<\/strong><\/td>\n<td class=\"TabelleZeile2\" align=\"LEFT\" valign=\"TOP\" width=\"300\"><strong>Film de polyester (\u03b1<sub>TH<\/sub>\u00a0&lt; 18 ppm\/\u00b0C)<\/strong><\/td>\n<\/tr>\n<tr>\n<td class=\"TabelleZeile3\" align=\"LEFT\" valign=\"TOP\" width=\"300\"><strong>Pr\u00e9cision de la graduation<\/strong><\/td>\n<td class=\"TabelleZeile3\" align=\"LEFT\" valign=\"TOP\" width=\"300\"><strong>\u0394<i>l = \u00b1(0,2 mm + 2l*10<sup>-4<\/sup>)<\/i><\/strong><\/td>\n<\/tr>\n<tr>\n<td class=\"TabelleZeile2\" align=\"LEFT\" valign=\"TOP\" width=\"300\"><strong>Surface illumin\u00e9ev<\/strong><\/td>\n<td class=\"TabelleZeile2\" align=\"LEFT\" valign=\"TOP\" width=\"300\"><strong>430 mm x 23,5 mm<\/strong><\/td>\n<\/tr>\n<tr>\n<td class=\"TabelleZeile3\" align=\"LEFT\" valign=\"TOP\" width=\"300\"><strong>Eclairage<\/strong><\/td>\n<td class=\"TabelleZeile3\" align=\"LEFT\" valign=\"TOP\" width=\"300\"><strong>Feuille \u00e9lectroluminescente<\/strong><\/td>\n<\/tr>\n<tr>\n<td class=\"TabelleZeile2\" align=\"LEFT\" valign=\"TOP\" width=\"300\"><strong>Alimentation<\/strong><\/td>\n<td class=\"TabelleZeile2\" align=\"LEFT\" valign=\"TOP\" width=\"300\"><strong>Bloc-secteur 12 VDC, 3 VA (m = 0,08 kg)<\/strong><\/td>\n<\/tr>\n<tr>\n<td class=\"TabelleZeile3\" align=\"LEFT\" valign=\"TOP\" width=\"300\"><strong>Longueur du cordon<\/strong><br \/>\n<strong>d\u2019alimentation<\/strong><\/td>\n<td class=\"TabelleZeile3\" align=\"LEFT\" valign=\"TOP\" width=\"300\"><strong>env. 2 m<\/strong><\/td>\n<\/tr>\n<tr>\n<td class=\"TabelleZeile2\" align=\"LEFT\" valign=\"TOP\" width=\"300\"><strong>Besoins de courant<\/strong><\/td>\n<td class=\"TabelleZeile2\" align=\"LEFT\" valign=\"TOP\" width=\"300\"><strong>env. 120 mA<\/strong><\/td>\n<\/tr>\n<tr>\n<td class=\"TabelleZeile3\" align=\"LEFT\" valign=\"TOP\" width=\"300\"><strong>Etach\u00e9it\u00e9<\/strong><\/td>\n<td class=\"TabelleZeile3\" align=\"LEFT\" valign=\"TOP\" width=\"300\"><strong>IP 54<\/strong><\/td>\n<\/tr>\n<tr>\n<td class=\"TabelleZeile2\" align=\"LEFT\" valign=\"TOP\" width=\"300\"><strong>Dimensions<\/strong><\/td>\n<td class=\"TabelleZeile2\" align=\"LEFT\" valign=\"TOP\" width=\"300\"><strong>500 mm x 58 mm x 28 mm<\/strong><\/td>\n<\/tr>\n<tr>\n<td class=\"TabelleZeile3\" align=\"LEFT\" valign=\"TOP\" width=\"300\"><strong>Corps de la mire<\/strong><\/td>\n<td class=\"TabelleZeile3\" align=\"LEFT\" valign=\"TOP\" width=\"300\"><strong>Profil\u00e9 en aluminium<\/strong><\/td>\n<\/tr>\n<tr>\n<td class=\"TabelleZeile2\" align=\"LEFT\" valign=\"TOP\" width=\"300\"><strong>Poids<\/strong><\/td>\n<td class=\"TabelleZeile2\" align=\"LEFT\" valign=\"TOP\" width=\"300\"><strong>env. 0,9 kg (sans bloc-secteur)<\/strong><\/td>\n<\/tr>\n<\/tbody>\n<\/table>\n<\/div>\n<div class=\"STYLE_12\" align=\"LEFT\"><strong>D\u00e9tails de la commande :<\/strong><\/div>\n<div class=\"STYLE_12\" align=\"LEFT\">\n<table border=\"0\" cellspacing=\"0\" cellpadding=\"2\">\n<tbody>\n<tr>\n<td class=\"TabelleZeile1\" align=\"LEFT\" valign=\"TOP\" width=\"300\"><strong>R\u00e9f.<\/strong><\/td>\n<td class=\"TabelleZeile1\" align=\"LEFT\" valign=\"TOP\" width=\"300\"><strong>Produit<\/strong><\/td>\n<\/tr>\n<tr>\n<td class=\"TabelleZeile2\" align=\"LEFT\" valign=\"TOP\" width=\"300\"><strong>340 240<\/strong><\/td>\n<td class=\"TabelleZeile2\" align=\"LEFT\" valign=\"TOP\" width=\"300\"><strong>LumiScaleControl avec code barre Trimble<\/strong><\/td>\n<\/tr>\n<tr>\n<td class=\"TabelleZeile3\" align=\"LEFT\" valign=\"TOP\" width=\"300\"><strong>340 242<\/strong><\/td>\n<td class=\"TabelleZeile3\" align=\"LEFT\" valign=\"TOP\" width=\"300\"><strong>LumiScaleControl avec code barre Leica DNA<\/strong><\/td>\n<\/tr>\n<tr>\n<td class=\"TabelleZeile2\" align=\"LEFT\" valign=\"TOP\" width=\"300\"><strong>340 243<\/strong><\/td>\n<td class=\"TabelleZeile2\" align=\"LEFT\" valign=\"TOP\" width=\"300\"><strong>LumiScaleControl avec code barre Topcon RAB<\/strong><\/td>\n<\/tr>\n<tr>\n<td class=\"TabelleZeile3\" align=\"LEFT\" valign=\"TOP\" width=\"300\"><strong>340 244<\/strong><\/td>\n<td class=\"TabelleZeile3\" align=\"LEFT\" valign=\"TOP\" width=\"300\"><strong>LumiScaleControl avec code barre Sokkia<\/strong><\/td>\n<\/tr>\n<tr>\n<td class=\"TabelleZeile2\" align=\"LEFT\" valign=\"TOP\" width=\"300\"><\/td>\n<td class=\"TabelleZeile2\" align=\"LEFT\" valign=\"TOP\" width=\"300\"><\/td>\n<\/tr>\n<\/tbody>\n<\/table>\n<\/div>\n<\/div>\n<\/div>\n<div class=\"STYLE_12\" align=\"LEFT\"><\/div>\n","protected":false},"excerpt":{"rendered":"<p>Mire lumineuse LumiScale Control LumiScale control est une courte mire lumineuse sp\u00e9cialement con\u00e7ue pour des op\u00e9rations de surveillance (de b\u00e2timents par exemple). Sa conception est compacte et sans pi\u00e8ces rapport\u00e9es&hellip;<\/p>\n","protected":false},"featured_media":3279,"comment_status":"closed","ping_status":"closed","template":"","meta":[],"product_cat":[97],"product_tag":[],"class_list":{"0":"post-3277","1":"product","2":"type-product","3":"status-publish","4":"has-post-thumbnail","6":"product_cat-accessoires-de-topographie","7":"","9":"first","10":"instock","11":"taxable","12":"shipping-taxable","13":"product-type-simple"},"yoast_head":"<!-- This site is optimized with the Yoast SEO plugin v24.7 - https:\/\/yoast.com\/wordpress\/plugins\/seo\/ -->\n<title>Mire LumiScale Control 340240 Nedo - LASER ELECTRONIQUE TP<\/title>\n<meta name=\"robots\" content=\"index, follow, max-snippet:-1, max-image-preview:large, max-video-preview:-1\" \/>\n<link rel=\"canonical\" href=\"https:\/\/laserelectronique.com\/?product=mire-lumineuse-lumiscale-340240-nedo\" \/>\n<meta property=\"og:locale\" content=\"fr_FR\" \/>\n<meta property=\"og:type\" content=\"article\" \/>\n<meta property=\"og:title\" content=\"Mire LumiScale Control 340240 Nedo - LASER ELECTRONIQUE TP\" \/>\n<meta property=\"og:description\" content=\"Mire lumineuse LumiScale Control LumiScale control est une courte mire lumineuse sp\u00e9cialement con\u00e7ue pour des op\u00e9rations de surveillance (de b\u00e2timents par exemple). Sa conception est compacte et sans pi\u00e8ces rapport\u00e9es&hellip;\" \/>\n<meta property=\"og:url\" content=\"https:\/\/laserelectronique.com\/?product=mire-lumineuse-lumiscale-340240-nedo\" \/>\n<meta property=\"og:site_name\" content=\"LASER ELECTRONIQUE TP\" \/>\n<meta property=\"article:modified_time\" content=\"2020-12-29T10:04:25+00:00\" \/>\n<meta property=\"og:image\" content=\"https:\/\/laserelectronique.com\/wp-content\/uploads\/2020\/12\/340240.png\" \/>\n\t<meta property=\"og:image:width\" content=\"1181\" \/>\n\t<meta property=\"og:image:height\" content=\"1181\" \/>\n\t<meta property=\"og:image:type\" content=\"image\/png\" \/>\n<meta name=\"twitter:card\" content=\"summary_large_image\" \/>\n<meta name=\"twitter:label1\" content=\"Dur\u00e9e de lecture estim\u00e9e\" \/>\n\t<meta name=\"twitter:data1\" content=\"1 minute\" \/>\n<script type=\"application\/ld+json\" class=\"yoast-schema-graph\">{\"@context\":\"https:\/\/schema.org\",\"@graph\":[{\"@type\":\"WebPage\",\"@id\":\"https:\/\/laserelectronique.com\/?product=mire-lumineuse-lumiscale-340240-nedo\",\"url\":\"https:\/\/laserelectronique.com\/?product=mire-lumineuse-lumiscale-340240-nedo\",\"name\":\"Mire LumiScale Control 340240 Nedo - LASER ELECTRONIQUE TP\",\"isPartOf\":{\"@id\":\"https:\/\/laserelectronique.com\/#website\"},\"primaryImageOfPage\":{\"@id\":\"https:\/\/laserelectronique.com\/?product=mire-lumineuse-lumiscale-340240-nedo#primaryimage\"},\"image\":{\"@id\":\"https:\/\/laserelectronique.com\/?product=mire-lumineuse-lumiscale-340240-nedo#primaryimage\"},\"thumbnailUrl\":\"https:\/\/laserelectronique.com\/wp-content\/uploads\/2020\/12\/340240.png\",\"datePublished\":\"2020-12-29T09:51:57+00:00\",\"dateModified\":\"2020-12-29T10:04:25+00:00\",\"breadcrumb\":{\"@id\":\"https:\/\/laserelectronique.com\/?product=mire-lumineuse-lumiscale-340240-nedo#breadcrumb\"},\"inLanguage\":\"fr-FR\",\"potentialAction\":[{\"@type\":\"ReadAction\",\"target\":[\"https:\/\/laserelectronique.com\/?product=mire-lumineuse-lumiscale-340240-nedo\"]}]},{\"@type\":\"ImageObject\",\"inLanguage\":\"fr-FR\",\"@id\":\"https:\/\/laserelectronique.com\/?product=mire-lumineuse-lumiscale-340240-nedo#primaryimage\",\"url\":\"https:\/\/laserelectronique.com\/wp-content\/uploads\/2020\/12\/340240.png\",\"contentUrl\":\"https:\/\/laserelectronique.com\/wp-content\/uploads\/2020\/12\/340240.png\",\"width\":1181,\"height\":1181},{\"@type\":\"BreadcrumbList\",\"@id\":\"https:\/\/laserelectronique.com\/?product=mire-lumineuse-lumiscale-340240-nedo#breadcrumb\",\"itemListElement\":[{\"@type\":\"ListItem\",\"position\":1,\"name\":\"Accueil\",\"item\":\"https:\/\/laserelectronique.com\/\"},{\"@type\":\"ListItem\",\"position\":2,\"name\":\"Boutique\",\"item\":\"https:\/\/laserelectronique.com\/?page_id=7\"},{\"@type\":\"ListItem\",\"position\":3,\"name\":\"Mire LumiScale Control 340240 Nedo\"}]},{\"@type\":\"WebSite\",\"@id\":\"https:\/\/laserelectronique.com\/#website\",\"url\":\"https:\/\/laserelectronique.com\/\",\"name\":\"LASER ELECTRONIQUE TP\",\"description\":\"VOTRE PARTENAIRE EN GUIDAGE D&#039;ENGINS, TOPOGRAPHIE ET SERVICES\",\"potentialAction\":[{\"@type\":\"SearchAction\",\"target\":{\"@type\":\"EntryPoint\",\"urlTemplate\":\"https:\/\/laserelectronique.com\/?s={search_term_string}\"},\"query-input\":{\"@type\":\"PropertyValueSpecification\",\"valueRequired\":true,\"valueName\":\"search_term_string\"}}],\"inLanguage\":\"fr-FR\"}]}<\/script>\n<!-- \/ Yoast SEO plugin. -->","yoast_head_json":{"title":"Mire LumiScale Control 340240 Nedo - LASER ELECTRONIQUE TP","robots":{"index":"index","follow":"follow","max-snippet":"max-snippet:-1","max-image-preview":"max-image-preview:large","max-video-preview":"max-video-preview:-1"},"canonical":"https:\/\/laserelectronique.com\/?product=mire-lumineuse-lumiscale-340240-nedo","og_locale":"fr_FR","og_type":"article","og_title":"Mire LumiScale Control 340240 Nedo - LASER ELECTRONIQUE TP","og_description":"Mire lumineuse LumiScale Control LumiScale control est une courte mire lumineuse sp\u00e9cialement con\u00e7ue pour des op\u00e9rations de surveillance (de b\u00e2timents par exemple). Sa conception est compacte et sans pi\u00e8ces rapport\u00e9es&hellip;","og_url":"https:\/\/laserelectronique.com\/?product=mire-lumineuse-lumiscale-340240-nedo","og_site_name":"LASER ELECTRONIQUE TP","article_modified_time":"2020-12-29T10:04:25+00:00","og_image":[{"width":1181,"height":1181,"url":"https:\/\/laserelectronique.com\/wp-content\/uploads\/2020\/12\/340240.png","type":"image\/png"}],"twitter_card":"summary_large_image","twitter_misc":{"Dur\u00e9e de lecture estim\u00e9e":"1 minute"},"schema":{"@context":"https:\/\/schema.org","@graph":[{"@type":"WebPage","@id":"https:\/\/laserelectronique.com\/?product=mire-lumineuse-lumiscale-340240-nedo","url":"https:\/\/laserelectronique.com\/?product=mire-lumineuse-lumiscale-340240-nedo","name":"Mire LumiScale Control 340240 Nedo - LASER ELECTRONIQUE TP","isPartOf":{"@id":"https:\/\/laserelectronique.com\/#website"},"primaryImageOfPage":{"@id":"https:\/\/laserelectronique.com\/?product=mire-lumineuse-lumiscale-340240-nedo#primaryimage"},"image":{"@id":"https:\/\/laserelectronique.com\/?product=mire-lumineuse-lumiscale-340240-nedo#primaryimage"},"thumbnailUrl":"https:\/\/laserelectronique.com\/wp-content\/uploads\/2020\/12\/340240.png","datePublished":"2020-12-29T09:51:57+00:00","dateModified":"2020-12-29T10:04:25+00:00","breadcrumb":{"@id":"https:\/\/laserelectronique.com\/?product=mire-lumineuse-lumiscale-340240-nedo#breadcrumb"},"inLanguage":"fr-FR","potentialAction":[{"@type":"ReadAction","target":["https:\/\/laserelectronique.com\/?product=mire-lumineuse-lumiscale-340240-nedo"]}]},{"@type":"ImageObject","inLanguage":"fr-FR","@id":"https:\/\/laserelectronique.com\/?product=mire-lumineuse-lumiscale-340240-nedo#primaryimage","url":"https:\/\/laserelectronique.com\/wp-content\/uploads\/2020\/12\/340240.png","contentUrl":"https:\/\/laserelectronique.com\/wp-content\/uploads\/2020\/12\/340240.png","width":1181,"height":1181},{"@type":"BreadcrumbList","@id":"https:\/\/laserelectronique.com\/?product=mire-lumineuse-lumiscale-340240-nedo#breadcrumb","itemListElement":[{"@type":"ListItem","position":1,"name":"Accueil","item":"https:\/\/laserelectronique.com\/"},{"@type":"ListItem","position":2,"name":"Boutique","item":"https:\/\/laserelectronique.com\/?page_id=7"},{"@type":"ListItem","position":3,"name":"Mire LumiScale Control 340240 Nedo"}]},{"@type":"WebSite","@id":"https:\/\/laserelectronique.com\/#website","url":"https:\/\/laserelectronique.com\/","name":"LASER ELECTRONIQUE TP","description":"VOTRE PARTENAIRE EN GUIDAGE D&#039;ENGINS, TOPOGRAPHIE ET SERVICES","potentialAction":[{"@type":"SearchAction","target":{"@type":"EntryPoint","urlTemplate":"https:\/\/laserelectronique.com\/?s={search_term_string}"},"query-input":{"@type":"PropertyValueSpecification","valueRequired":true,"valueName":"search_term_string"}}],"inLanguage":"fr-FR"}]}},"_links":{"self":[{"href":"https:\/\/laserelectronique.com\/index.php?rest_route=\/wp\/v2\/product\/3277","targetHints":{"allow":["GET"]}}],"collection":[{"href":"https:\/\/laserelectronique.com\/index.php?rest_route=\/wp\/v2\/product"}],"about":[{"href":"https:\/\/laserelectronique.com\/index.php?rest_route=\/wp\/v2\/types\/product"}],"replies":[{"embeddable":true,"href":"https:\/\/laserelectronique.com\/index.php?rest_route=%2Fwp%2Fv2%2Fcomments&post=3277"}],"wp:featuredmedia":[{"embeddable":true,"href":"https:\/\/laserelectronique.com\/index.php?rest_route=\/wp\/v2\/media\/3279"}],"wp:attachment":[{"href":"https:\/\/laserelectronique.com\/index.php?rest_route=%2Fwp%2Fv2%2Fmedia&parent=3277"}],"wp:term":[{"taxonomy":"product_cat","embeddable":true,"href":"https:\/\/laserelectronique.com\/index.php?rest_route=%2Fwp%2Fv2%2Fproduct_cat&post=3277"},{"taxonomy":"product_tag","embeddable":true,"href":"https:\/\/laserelectronique.com\/index.php?rest_route=%2Fwp%2Fv2%2Fproduct_tag&post=3277"}],"curies":[{"name":"wp","href":"https:\/\/api.w.org\/{rel}","templated":true}]}}