{"id":3266,"date":"2020-12-29T10:13:59","date_gmt":"2020-12-29T09:13:59","guid":{"rendered":"http:\/\/laserelectronique.com\/?post_type=product&#038;p=3266"},"modified":"2020-12-29T10:23:06","modified_gmt":"2020-12-29T09:23:06","slug":"mires-pliantes-bois-ou-aluminium-nedo","status":"publish","type":"product","link":"https:\/\/laserelectronique.com\/?product=mires-pliantes-bois-ou-aluminium-nedo","title":{"rendered":"Mires pliantes bois ou aluminium Nedo"},"content":{"rendered":"<div class=\"STYLE_9\" align=\"LEFT\"><\/div>\n<h3 class=\"STYLE_12\" align=\"LEFT\"><strong>Les mires Nedo pliantes se distinguent par une<\/strong><br \/>\n<strong>haute qualit\u00e9 et une finition robuste<\/strong><\/h3>\n<p><img decoding=\"async\" class=\"alignright\" src=\"https:\/\/nedo.com\/img\/products\/vmg\/nila_aw1.jpg\" alt=\"\" align=\"TOP\" border=\"0\" hspace=\"0\" vspace=\"0\" \/><\/p>\n<div class=\"STYLE_9\" align=\"LEFT\">\n<div class=\"STYLE_9\" align=\"LEFT\"><\/div>\n<div class=\"STYLE_12\" align=\"LEFT\"><b>Particularit\u00e9s des mires en bois :<\/b><\/div>\n<div class=\"STYLE_12\" align=\"LEFT\">\n<ul type=\"square\">\n<li><strong>Noyau en bois d\u2019\u00e9pic\u00e9a ou de pin de premi\u00e8re<\/strong><br \/>\n<strong>qualit\u00e9, \u00e0 fibres droites et sans n\u0153uds<\/strong><\/li>\n<li><strong>Enrobage en PVC, enveloppant enti\u00e8rement<\/strong><br \/>\n<strong>le noyau de bois. Les faces \u00e9troites ont un double<\/strong><br \/>\n<strong>rev\u00eatement<\/strong><\/li>\n<li><strong>Toutes les charni\u00e8res et armatures sont<\/strong><br \/>\n<strong>galvanis\u00e9es<\/strong><\/li>\n<\/ul>\n<\/div>\n<div class=\"STYLE_12\" align=\"LEFT\"><strong>Particularit\u00e9s des mires en aluminium :<\/strong><\/div>\n<div class=\"STYLE_12\" align=\"LEFT\">\n<ul type=\"square\">\n<li><strong>Tubes profil\u00e9s hautement r\u00e9sistants avec des<\/strong><br \/>\n<strong>bords de protection<\/strong><\/li>\n<li><strong>Pi\u00e8ces profil\u00e9es rev\u00eatues par poudre en blanc<\/strong><\/li>\n<li><strong>Haute pr\u00e9cision<\/strong><\/li>\n<\/ul>\n<\/div>\n<div class=\"STYLE_9\" align=\"LEFT\"><strong><a name=\"Marker3\"><\/a><img loading=\"lazy\" decoding=\"async\" src=\"https:\/\/nedo.com\/img\/trans.gif\" alt=\"\" width=\"1\" height=\"1\" border=\"0\" hspace=\"0\" vspace=\"0\" \/><\/strong><\/div>\n<div class=\"STYLE_12\" align=\"Left\"><strong>Mires Nedo pliantes<\/strong><\/div>\n<p><strong><img loading=\"lazy\" decoding=\"async\" class=\"alignright\" style=\"text-align: -webkit-center;\" src=\"https:\/\/nedo.com\/img\/products\/vmg\/nila.gif\" alt=\"\" width=\"148\" height=\"534\" align=\"TOP\" border=\"0\" hspace=\"0\" vspace=\"0\" \/><\/strong><\/p>\n<div class=\"STYLE_12\" align=\"LEFT\"><\/div>\n<div class=\"STYLE_12\" align=\"LEFT\">\n<table style=\"height: 497px;\" border=\"0\" width=\"578\" cellspacing=\"0\" cellpadding=\"2\">\n<tbody>\n<tr>\n<td class=\"TabelleZeile1\" align=\"LEFT\" valign=\"TOP\" width=\"120\"><strong>R\u00e9f.<\/strong><\/td>\n<td class=\"TabelleZeile1\" align=\"LEFT\" valign=\"TOP\" width=\"80\"><strong>Mati\u00e8re<\/strong><\/td>\n<td class=\"TabelleZeile1\" align=\"LEFT\" valign=\"TOP\" width=\"80\"><strong>Largeur<\/strong><\/td>\n<td class=\"TabelleZeile1\" align=\"LEFT\" valign=\"TOP\" width=\"80\"><strong>Longueur<\/strong><br \/>\n<strong>d\u00e9pli\u00e9e<\/strong><\/td>\n<td class=\"TabelleZeile1\" align=\"LEFT\" valign=\"TOP\" width=\"80\"><strong>Longueur<\/strong><br \/>\n<strong>pli\u00e9e<\/strong><\/td>\n<td class=\"TabelleZeile1\" align=\"LEFT\" valign=\"TOP\" width=\"80\"><strong>Poids<\/strong><\/td>\n<td class=\"TabelleZeile1\" align=\"LEFT\" valign=\"TOP\" width=\"80\"><strong>Nivelle<\/strong><br \/>\n<strong>r\u00e9glable<\/strong><\/td>\n<\/tr>\n<tr>\n<td class=\"TabelleZeile2\" align=\"LEFT\" valign=\"TOP\" width=\"120\"><strong>326 112<\/strong><\/td>\n<td class=\"TabelleZeile2\" align=\"LEFT\" valign=\"TOP\" width=\"80\"><strong>bois<\/strong><\/td>\n<td class=\"TabelleZeile2\" align=\"LEFT\" valign=\"TOP\" width=\"80\"><strong>53 mm<\/strong><\/td>\n<td class=\"TabelleZeile2\" align=\"LEFT\" valign=\"TOP\" width=\"80\"><strong>4,00 m<\/strong><\/td>\n<td class=\"TabelleZeile2\" align=\"LEFT\" valign=\"TOP\" width=\"80\"><strong>1,00 m<\/strong><\/td>\n<td class=\"TabelleZeile2\" align=\"LEFT\" valign=\"TOP\" width=\"80\"><strong>3,8 kg<\/strong><\/td>\n<td class=\"TabelleZeile2\" align=\"LEFT\" valign=\"TOP\" width=\"80\"><strong>non<\/strong><\/td>\n<\/tr>\n<tr>\n<td class=\"TabelleZeile3\" align=\"LEFT\" valign=\"TOP\" width=\"120\"><strong>326 112-615<\/strong><\/td>\n<td class=\"TabelleZeile3\" align=\"LEFT\" valign=\"TOP\" width=\"80\"><strong>bois<\/strong><\/td>\n<td class=\"TabelleZeile3\" align=\"LEFT\" valign=\"TOP\" width=\"80\"><strong>53 mm<\/strong><\/td>\n<td class=\"TabelleZeile3\" align=\"LEFT\" valign=\"TOP\" width=\"80\"><strong>4,00 m<\/strong><\/td>\n<td class=\"TabelleZeile3\" align=\"LEFT\" valign=\"TOP\" width=\"80\"><strong>1,00 m<\/strong><\/td>\n<td class=\"TabelleZeile3\" align=\"LEFT\" valign=\"TOP\" width=\"80\"><strong>3,8 kg<\/strong><\/td>\n<td class=\"TabelleZeile3\" align=\"LEFT\" valign=\"TOP\" width=\"80\"><strong>oui<\/strong><\/td>\n<\/tr>\n<tr>\n<td class=\"TabelleZeile2\" align=\"LEFT\" valign=\"TOP\" width=\"120\"><strong>321 312<\/strong><\/td>\n<td class=\"TabelleZeile2\" align=\"LEFT\" valign=\"TOP\" width=\"80\"><strong>aluminium<\/strong><\/td>\n<td class=\"TabelleZeile2\" align=\"LEFT\" valign=\"TOP\" width=\"80\"><strong>53 mm<\/strong><\/td>\n<td class=\"TabelleZeile2\" align=\"LEFT\" valign=\"TOP\" width=\"80\"><strong>3,00 m<\/strong><\/td>\n<td class=\"TabelleZeile2\" align=\"LEFT\" valign=\"TOP\" width=\"80\"><strong>1,00 m<\/strong><\/td>\n<td class=\"TabelleZeile2\" align=\"LEFT\" valign=\"TOP\" width=\"80\"><strong>2,7 kg<\/strong><\/td>\n<td class=\"TabelleZeile2\" align=\"LEFT\" valign=\"TOP\" width=\"80\"><strong>non<\/strong><\/td>\n<\/tr>\n<tr>\n<td class=\"TabelleZeile3\" align=\"LEFT\" valign=\"TOP\" width=\"120\"><strong>321 312-615<\/strong><\/td>\n<td class=\"TabelleZeile3\" align=\"LEFT\" valign=\"TOP\" width=\"80\"><strong>aluminium<\/strong><\/td>\n<td class=\"TabelleZeile3\" align=\"LEFT\" valign=\"TOP\" width=\"80\"><strong>53 mm<\/strong><\/td>\n<td class=\"TabelleZeile3\" align=\"LEFT\" valign=\"TOP\" width=\"80\"><strong>3,00 m<\/strong><\/td>\n<td class=\"TabelleZeile3\" align=\"LEFT\" valign=\"TOP\" width=\"80\"><strong>1,00 m<\/strong><\/td>\n<td class=\"TabelleZeile3\" align=\"LEFT\" valign=\"TOP\" width=\"80\"><strong>2,7 kg<\/strong><\/td>\n<td class=\"TabelleZeile3\" align=\"LEFT\" valign=\"TOP\" width=\"80\"><strong>oui<\/strong><\/td>\n<\/tr>\n<tr>\n<td class=\"TabelleZeile2\" align=\"LEFT\" valign=\"TOP\" width=\"120\"><strong>326 312<\/strong><\/td>\n<td class=\"TabelleZeile2\" align=\"LEFT\" valign=\"TOP\" width=\"80\"><strong>aluminium<\/strong><\/td>\n<td class=\"TabelleZeile2\" align=\"LEFT\" valign=\"TOP\" width=\"80\"><strong>53 mm<\/strong><\/td>\n<td class=\"TabelleZeile2\" align=\"LEFT\" valign=\"TOP\" width=\"80\"><strong>4,00 m<\/strong><\/td>\n<td class=\"TabelleZeile2\" align=\"LEFT\" valign=\"TOP\" width=\"80\"><strong>1,00 m<\/strong><\/td>\n<td class=\"TabelleZeile2\" align=\"LEFT\" valign=\"TOP\" width=\"80\"><strong>3,8 kg<\/strong><\/td>\n<td class=\"TabelleZeile2\" align=\"LEFT\" valign=\"TOP\" width=\"80\"><strong>non<\/strong><\/td>\n<\/tr>\n<tr>\n<td class=\"TabelleZeile3\" align=\"LEFT\" valign=\"TOP\" width=\"120\"><strong>326 312-615<\/strong><\/td>\n<td class=\"TabelleZeile3\" align=\"LEFT\" valign=\"TOP\" width=\"80\"><strong>aluminium<\/strong><\/td>\n<td class=\"TabelleZeile3\" align=\"LEFT\" valign=\"TOP\" width=\"80\"><strong>53 mm<\/strong><\/td>\n<td class=\"TabelleZeile3\" align=\"LEFT\" valign=\"TOP\" width=\"80\"><strong>4,00 m<\/strong><\/td>\n<td class=\"TabelleZeile3\" align=\"LEFT\" valign=\"TOP\" width=\"80\"><strong>1,00 m<\/strong><\/td>\n<td class=\"TabelleZeile3\" align=\"LEFT\" valign=\"TOP\" width=\"80\"><strong>3,8 kg<\/strong><\/td>\n<td class=\"TabelleZeile3\" align=\"LEFT\" valign=\"TOP\" width=\"80\"><strong>oui<\/strong><\/td>\n<\/tr>\n<\/tbody>\n<\/table>\n<\/div>\n<\/div>\n<div class=\"STYLE_BildBalken\" align=\"center\"><\/div>\n<div class=\"STYLE_BildBalken\" align=\"center\"><\/div>\n<div class=\"STYLE_TextBalken_12\" align=\"center\"><\/div>\n<div class=\"STYLE_12\" align=\"Left\"><\/div>\n<div class=\"STYLE_12\" align=\"LEFT\"><\/div>\n","protected":false},"excerpt":{"rendered":"<p>Les mires Nedo pliantes se distinguent par une haute qualit\u00e9 et une finition robuste Particularit\u00e9s des mires en bois : Noyau en bois d\u2019\u00e9pic\u00e9a ou de pin de premi\u00e8re qualit\u00e9,&hellip;<\/p>\n","protected":false},"featured_media":3267,"comment_status":"closed","ping_status":"closed","template":"","meta":[],"product_cat":[97],"product_tag":[],"class_list":{"0":"post-3266","1":"product","2":"type-product","3":"status-publish","4":"has-post-thumbnail","6":"product_cat-accessoires-de-topographie","7":"","9":"first","10":"instock","11":"taxable","12":"shipping-taxable","13":"product-type-simple"},"yoast_head":"<!-- This site is optimized with the Yoast SEO plugin v24.7 - https:\/\/yoast.com\/wordpress\/plugins\/seo\/ -->\n<title>Mires pliantes bois ou aluminium Nedo - LASER ELECTRONIQUE TP<\/title>\n<meta name=\"robots\" content=\"index, follow, max-snippet:-1, max-image-preview:large, max-video-preview:-1\" \/>\n<link rel=\"canonical\" href=\"https:\/\/laserelectronique.com\/?product=mires-pliantes-bois-ou-aluminium-nedo\" \/>\n<meta property=\"og:locale\" content=\"fr_FR\" \/>\n<meta property=\"og:type\" content=\"article\" \/>\n<meta property=\"og:title\" content=\"Mires pliantes bois ou aluminium Nedo - LASER ELECTRONIQUE TP\" \/>\n<meta property=\"og:description\" content=\"Les mires Nedo pliantes se distinguent par une haute qualit\u00e9 et une finition robuste Particularit\u00e9s des mires en bois : Noyau en bois d\u2019\u00e9pic\u00e9a ou de pin de premi\u00e8re qualit\u00e9,&hellip;\" \/>\n<meta property=\"og:url\" content=\"https:\/\/laserelectronique.com\/?product=mires-pliantes-bois-ou-aluminium-nedo\" \/>\n<meta property=\"og:site_name\" content=\"LASER ELECTRONIQUE TP\" \/>\n<meta property=\"article:modified_time\" content=\"2020-12-29T09:23:06+00:00\" \/>\n<meta property=\"og:image\" content=\"https:\/\/laserelectronique.com\/wp-content\/uploads\/2020\/12\/326112.png\" \/>\n\t<meta property=\"og:image:width\" content=\"2821\" \/>\n\t<meta property=\"og:image:height\" content=\"2821\" \/>\n\t<meta property=\"og:image:type\" content=\"image\/png\" \/>\n<meta name=\"twitter:card\" content=\"summary_large_image\" \/>\n<meta name=\"twitter:label1\" content=\"Dur\u00e9e de lecture estim\u00e9e\" \/>\n\t<meta name=\"twitter:data1\" content=\"1 minute\" \/>\n<script type=\"application\/ld+json\" class=\"yoast-schema-graph\">{\"@context\":\"https:\/\/schema.org\",\"@graph\":[{\"@type\":\"WebPage\",\"@id\":\"https:\/\/laserelectronique.com\/?product=mires-pliantes-bois-ou-aluminium-nedo\",\"url\":\"https:\/\/laserelectronique.com\/?product=mires-pliantes-bois-ou-aluminium-nedo\",\"name\":\"Mires pliantes bois ou aluminium Nedo - LASER ELECTRONIQUE TP\",\"isPartOf\":{\"@id\":\"https:\/\/laserelectronique.com\/#website\"},\"primaryImageOfPage\":{\"@id\":\"https:\/\/laserelectronique.com\/?product=mires-pliantes-bois-ou-aluminium-nedo#primaryimage\"},\"image\":{\"@id\":\"https:\/\/laserelectronique.com\/?product=mires-pliantes-bois-ou-aluminium-nedo#primaryimage\"},\"thumbnailUrl\":\"https:\/\/laserelectronique.com\/wp-content\/uploads\/2020\/12\/326112.png\",\"datePublished\":\"2020-12-29T09:13:59+00:00\",\"dateModified\":\"2020-12-29T09:23:06+00:00\",\"breadcrumb\":{\"@id\":\"https:\/\/laserelectronique.com\/?product=mires-pliantes-bois-ou-aluminium-nedo#breadcrumb\"},\"inLanguage\":\"fr-FR\",\"potentialAction\":[{\"@type\":\"ReadAction\",\"target\":[\"https:\/\/laserelectronique.com\/?product=mires-pliantes-bois-ou-aluminium-nedo\"]}]},{\"@type\":\"ImageObject\",\"inLanguage\":\"fr-FR\",\"@id\":\"https:\/\/laserelectronique.com\/?product=mires-pliantes-bois-ou-aluminium-nedo#primaryimage\",\"url\":\"https:\/\/laserelectronique.com\/wp-content\/uploads\/2020\/12\/326112.png\",\"contentUrl\":\"https:\/\/laserelectronique.com\/wp-content\/uploads\/2020\/12\/326112.png\",\"width\":2821,\"height\":2821},{\"@type\":\"BreadcrumbList\",\"@id\":\"https:\/\/laserelectronique.com\/?product=mires-pliantes-bois-ou-aluminium-nedo#breadcrumb\",\"itemListElement\":[{\"@type\":\"ListItem\",\"position\":1,\"name\":\"Accueil\",\"item\":\"https:\/\/laserelectronique.com\/\"},{\"@type\":\"ListItem\",\"position\":2,\"name\":\"Boutique\",\"item\":\"https:\/\/laserelectronique.com\/?page_id=7\"},{\"@type\":\"ListItem\",\"position\":3,\"name\":\"Mires pliantes bois ou aluminium Nedo\"}]},{\"@type\":\"WebSite\",\"@id\":\"https:\/\/laserelectronique.com\/#website\",\"url\":\"https:\/\/laserelectronique.com\/\",\"name\":\"LASER ELECTRONIQUE TP\",\"description\":\"VOTRE PARTENAIRE EN GUIDAGE D&#039;ENGINS, TOPOGRAPHIE ET SERVICES\",\"potentialAction\":[{\"@type\":\"SearchAction\",\"target\":{\"@type\":\"EntryPoint\",\"urlTemplate\":\"https:\/\/laserelectronique.com\/?s={search_term_string}\"},\"query-input\":{\"@type\":\"PropertyValueSpecification\",\"valueRequired\":true,\"valueName\":\"search_term_string\"}}],\"inLanguage\":\"fr-FR\"}]}<\/script>\n<!-- \/ Yoast SEO plugin. -->","yoast_head_json":{"title":"Mires pliantes bois ou aluminium Nedo - LASER ELECTRONIQUE TP","robots":{"index":"index","follow":"follow","max-snippet":"max-snippet:-1","max-image-preview":"max-image-preview:large","max-video-preview":"max-video-preview:-1"},"canonical":"https:\/\/laserelectronique.com\/?product=mires-pliantes-bois-ou-aluminium-nedo","og_locale":"fr_FR","og_type":"article","og_title":"Mires pliantes bois ou aluminium Nedo - LASER ELECTRONIQUE TP","og_description":"Les mires Nedo pliantes se distinguent par une haute qualit\u00e9 et une finition robuste Particularit\u00e9s des mires en bois : Noyau en bois d\u2019\u00e9pic\u00e9a ou de pin de premi\u00e8re qualit\u00e9,&hellip;","og_url":"https:\/\/laserelectronique.com\/?product=mires-pliantes-bois-ou-aluminium-nedo","og_site_name":"LASER ELECTRONIQUE TP","article_modified_time":"2020-12-29T09:23:06+00:00","og_image":[{"width":2821,"height":2821,"url":"https:\/\/laserelectronique.com\/wp-content\/uploads\/2020\/12\/326112.png","type":"image\/png"}],"twitter_card":"summary_large_image","twitter_misc":{"Dur\u00e9e de lecture estim\u00e9e":"1 minute"},"schema":{"@context":"https:\/\/schema.org","@graph":[{"@type":"WebPage","@id":"https:\/\/laserelectronique.com\/?product=mires-pliantes-bois-ou-aluminium-nedo","url":"https:\/\/laserelectronique.com\/?product=mires-pliantes-bois-ou-aluminium-nedo","name":"Mires pliantes bois ou aluminium Nedo - LASER ELECTRONIQUE TP","isPartOf":{"@id":"https:\/\/laserelectronique.com\/#website"},"primaryImageOfPage":{"@id":"https:\/\/laserelectronique.com\/?product=mires-pliantes-bois-ou-aluminium-nedo#primaryimage"},"image":{"@id":"https:\/\/laserelectronique.com\/?product=mires-pliantes-bois-ou-aluminium-nedo#primaryimage"},"thumbnailUrl":"https:\/\/laserelectronique.com\/wp-content\/uploads\/2020\/12\/326112.png","datePublished":"2020-12-29T09:13:59+00:00","dateModified":"2020-12-29T09:23:06+00:00","breadcrumb":{"@id":"https:\/\/laserelectronique.com\/?product=mires-pliantes-bois-ou-aluminium-nedo#breadcrumb"},"inLanguage":"fr-FR","potentialAction":[{"@type":"ReadAction","target":["https:\/\/laserelectronique.com\/?product=mires-pliantes-bois-ou-aluminium-nedo"]}]},{"@type":"ImageObject","inLanguage":"fr-FR","@id":"https:\/\/laserelectronique.com\/?product=mires-pliantes-bois-ou-aluminium-nedo#primaryimage","url":"https:\/\/laserelectronique.com\/wp-content\/uploads\/2020\/12\/326112.png","contentUrl":"https:\/\/laserelectronique.com\/wp-content\/uploads\/2020\/12\/326112.png","width":2821,"height":2821},{"@type":"BreadcrumbList","@id":"https:\/\/laserelectronique.com\/?product=mires-pliantes-bois-ou-aluminium-nedo#breadcrumb","itemListElement":[{"@type":"ListItem","position":1,"name":"Accueil","item":"https:\/\/laserelectronique.com\/"},{"@type":"ListItem","position":2,"name":"Boutique","item":"https:\/\/laserelectronique.com\/?page_id=7"},{"@type":"ListItem","position":3,"name":"Mires pliantes bois ou aluminium Nedo"}]},{"@type":"WebSite","@id":"https:\/\/laserelectronique.com\/#website","url":"https:\/\/laserelectronique.com\/","name":"LASER ELECTRONIQUE TP","description":"VOTRE PARTENAIRE EN GUIDAGE D&#039;ENGINS, TOPOGRAPHIE ET SERVICES","potentialAction":[{"@type":"SearchAction","target":{"@type":"EntryPoint","urlTemplate":"https:\/\/laserelectronique.com\/?s={search_term_string}"},"query-input":{"@type":"PropertyValueSpecification","valueRequired":true,"valueName":"search_term_string"}}],"inLanguage":"fr-FR"}]}},"_links":{"self":[{"href":"https:\/\/laserelectronique.com\/index.php?rest_route=\/wp\/v2\/product\/3266","targetHints":{"allow":["GET"]}}],"collection":[{"href":"https:\/\/laserelectronique.com\/index.php?rest_route=\/wp\/v2\/product"}],"about":[{"href":"https:\/\/laserelectronique.com\/index.php?rest_route=\/wp\/v2\/types\/product"}],"replies":[{"embeddable":true,"href":"https:\/\/laserelectronique.com\/index.php?rest_route=%2Fwp%2Fv2%2Fcomments&post=3266"}],"wp:featuredmedia":[{"embeddable":true,"href":"https:\/\/laserelectronique.com\/index.php?rest_route=\/wp\/v2\/media\/3267"}],"wp:attachment":[{"href":"https:\/\/laserelectronique.com\/index.php?rest_route=%2Fwp%2Fv2%2Fmedia&parent=3266"}],"wp:term":[{"taxonomy":"product_cat","embeddable":true,"href":"https:\/\/laserelectronique.com\/index.php?rest_route=%2Fwp%2Fv2%2Fproduct_cat&post=3266"},{"taxonomy":"product_tag","embeddable":true,"href":"https:\/\/laserelectronique.com\/index.php?rest_route=%2Fwp%2Fv2%2Fproduct_tag&post=3266"}],"curies":[{"name":"wp","href":"https:\/\/api.w.org\/{rel}","templated":true}]}}