{"id":3258,"date":"2020-12-27T15:50:10","date_gmt":"2020-12-27T14:50:10","guid":{"rendered":"http:\/\/laserelectronique.com\/?post_type=product&#038;p=3258"},"modified":"2020-12-27T15:54:40","modified_gmt":"2020-12-27T14:54:40","slug":"laser-croix-460886-nedo","status":"publish","type":"product","link":"https:\/\/laserelectronique.com\/?product=laser-croix-460886-nedo","title":{"rendered":"Laser croix 460886 Nedo"},"content":{"rendered":"<h3 class=\"STYLE_12\" align=\"LEFT\"><\/h3>\n<div class=\"product-content-area col-xs-12 overflow-fix\">\n<div class=\"media overflow-fix\">\n<div class=\"media-body col-xs-12 col-sm-6 overflow-fix\">\n<div class=\"STYLE_9\" align=\"center\">\n<div class=\"STYLE_12\" align=\"LEFT\"><strong>QUASAR<sup>4<\/sup>\u00a0Simplix-Set<\/strong><br \/>\n<strong>1000 applications &#8211; 1 solution<\/strong><strong>Le laser multiligne \u00e0 calage automatique QUASAR<sup>4<\/sup>\u00a0g\u00e9n\u00e8re\u00a0<\/strong><br \/>\n<strong>une ligne laser horizontale 360\u00b0 remarquablement visible,\u00a0<\/strong><br \/>\n<strong>ce qui est en fait une v\u00e9ritable alternative au laser rotatif\u00a0<\/strong><br \/>\n<strong>pour les am\u00e9nagements int\u00e9rieurs. De plus, leQUASAR<sup>4<\/sup><\/strong><strong><img loading=\"lazy\" decoding=\"async\" class=\" wp-image-2849 alignright\" src=\"http:\/\/laserins.fr\/wp-content\/uploads\/2019\/07\/460885_strahlbild.gif\" alt=\"\" width=\"160\" height=\"168\" \/><\/strong><strong>forme deux lignes laser verticales parfaitement <\/strong><strong>perpen<\/strong><strong>diculaires entre elles qui se croisent au plafond et qui\u00a0<\/strong><br \/>\n<strong>sont \u00e9galement nettement visibles au sol, m\u00eame \u00e0\u00a0<\/strong><br \/>\n<strong>proximit\u00e9 de l&rsquo;appareil. Un rayon vertical nadiral reproduit\u00a0<\/strong><br \/>\n<strong>sur le sol la croix du plafond.<\/strong><\/div>\n<\/div>\n<\/div>\n<\/div>\n<div align=\"LEFT\">\n<p><iframe loading=\"lazy\" title=\"Nedo QUASAR4\" width=\"840\" height=\"473\" src=\"https:\/\/www.youtube.com\/embed\/xpXePQp5gCU?feature=oembed\" frameborder=\"0\" allow=\"accelerometer; autoplay; clipboard-write; encrypted-media; gyroscope; picture-in-picture\" allowfullscreen><\/iframe><\/p>\n<\/div>\n<div align=\"LEFT\">\n<div class=\"STYLE_12\" align=\"LEFT\"><strong>Particularit\u00e9s :<\/strong><\/div>\n<div class=\"STYLE_12\" align=\"LEFT\">\n<ul type=\"square\">\n<li><strong>Laser multilignes \u00e0 calage automatique pour le nivellement,\u00a0<\/strong><br \/>\n<strong><img loading=\"lazy\" decoding=\"async\" class=\"size-full wp-image-2848 alignright\" src=\"http:\/\/laserins.fr\/wp-content\/uploads\/2019\/07\/460885_anwendung1.gif\" alt=\"\" width=\"215\" height=\"136\" \/>l&rsquo;alignement, la prise d&rsquo;aplomb et le report d&rsquo;angles droits<\/strong><\/li>\n<li><strong>Ligne laser horizontale 360\u00b0<\/strong><\/li>\n<li><strong>Une croix laser sur deux murs<\/strong><\/li>\n<li><strong>Croix laser au plafond et point de prise d&rsquo;aplomb au sol<\/strong><\/li>\n<li><strong>Lignes laser remarquablement visibles, activables\u00a0<\/strong><br \/>\n<strong>individuellement<\/strong><\/li>\n<li><strong>Pointage simple de l&rsquo;axe car le point de prise d&rsquo;aplomb et\u00a0<\/strong><br \/>\n<strong>l&rsquo;axe de rotation co\u00efncident.<\/strong><\/li>\n<li><strong>Fonction impulsion pour les applications avec le r\u00e9cepteur\u00a0<\/strong><img loading=\"lazy\" decoding=\"async\" class=\"size-full wp-image-2847 alignright\" src=\"http:\/\/laserins.fr\/wp-content\/uploads\/2019\/07\/460885_anwendung3.gif\" alt=\"\" width=\"215\" height=\"136\" \/><br \/>\n<strong>laser en option ACCEPTOR<sup><i>line<\/i><\/sup><\/strong><\/li>\n<li><strong>Construction robuste pour le dur travail de chantier<\/strong><\/li>\n<li><strong>Bo\u00eetier stable, prot\u00e9g\u00e9 contre les projections d&rsquo;eau selon\u00a0<\/strong><br \/>\n<strong>IP 54<\/strong><\/li>\n<li><strong>Amortissement magn\u00e9tique fiable<\/strong><\/li>\n<li><strong>Syst\u00e8me de fixation confortable par clic pour fixer le\u00a0<\/strong><br \/>\n<strong>QUASAR<sup>4<\/sup><\/strong><br \/>\n<strong>sur le support multifonction Simplix<\/strong><\/li>\n<li><strong>Rotation \u00e0 360\u00b0 sans \u00e0-coups du laser pour le pointage de\u00a0<\/strong><br \/>\n<strong>l&rsquo;axe sur le support multifonction Simplix<\/strong><\/li>\n<\/ul>\n<div class=\"STYLE_12\" align=\"LEFT\"><strong>Gr\u00e2ce \u00e0 la ligne laser horizontale 360\u00b0, le QUASAR<sup>4<\/sup>\u00a0est\u00a0<\/strong><br \/>\n<strong>une v\u00e9ritable alternative au laser rotatif pour l&rsquo;am\u00e9nage-<\/strong><br \/>\n<strong>ment int\u00e9rieur. La ligne laser horizontale \u00e9tant cr\u00e9\u00e9e par\u00a0<\/strong><br \/>\n<strong>trois diodes laser, la visibilit\u00e9 est nettement meilleure\u00a0<\/strong><br \/>\n<strong>que celle de nombreux lasers rotatifs de la classe laser 2.<\/strong><br \/>\n<strong>Le rayon vertical nadiral et les deux lignes laser verticales\u00a0<\/strong><br \/>\n<strong>parfaitement perpendiculaires entre elles qui se croisent\u00a0<\/strong><br \/>\n<strong>au plafond offrent des possibilit\u00e9s suppl\u00e9mentaires\u00a0<\/strong><br \/>\n<strong>d\u2019application.<\/strong><strong>Le QUASAR<sup>4<\/sup>\u00a0se distingue par une construction particu-<\/strong><br \/>\n<strong>li\u00e8rement robuste. L&#8217;embase est en aluminium. Le bo\u00eetier\u00a0<\/strong><br \/>\n<strong>compact est prot\u00e9g\u00e9 contre les projections d&rsquo;eau selon<\/strong><br \/>\n<strong>IP 54. Il convient parfaitement au dur travail de chantier.<\/strong><br \/>\n<strong>En raison de la construction compacte et de la co\u00efnci-<\/strong><br \/>\n<strong>dence entre le point de prise d&rsquo;aplomb et l&rsquo;axe de\u00a0<\/strong><br \/>\n<strong>rotation, le pointage de l&rsquo;axe du QUASAR<sup>4<\/sup>\u00a0est\u00a0<\/strong><br \/>\n<strong>particuli\u00e8rement facile dans les travaux d&rsquo;alignement.<\/strong><br \/>\n<strong>La fonction impulsion permet l&rsquo;utilisation du QUASAR<sup>4<\/sup>\u00a0<\/strong><br \/>\n<strong>en liaison avec le r\u00e9cepteur laser en option\u00a0<\/strong><br \/>\n<strong>ACCEPTOR<sup><i>line<\/i><\/sup>, m\u00eame dans des conditions d&rsquo;\u00e9clairage\u00a0<\/strong><br \/>\n<strong>d\u00e9favorables.<\/strong><strong>\u00c0 l\u2019aide du support multifonction Simplix, le laser QUASAR4<sup>4<\/sup><\/strong><br \/>\n<strong>peut \u00eatre fix\u00e9 pratiquement n\u2019importe o\u00f9, permettant ainsi une<\/strong><br \/>\n<strong>grande flexibilit\u00e9 d\u2019utilisation. Optimal pour le nivellement,<\/strong><br \/>\n<strong>l\u2019alignement, le report d\u2019angles droits et la prise d\u2019aplomb \u00e0<\/strong><br \/>\n<strong>l\u2019int\u00e9rieur. Parfait pour les carreleurs, le plafonnage et le milieu<\/strong><br \/>\n<strong>sec, et pour bien d&rsquo;autres travaux de l&rsquo;am\u00e9nagement int\u00e9rieur.<\/strong><\/div>\n<div class=\"STYLE_9\" align=\"LEFT\"><strong><img loading=\"lazy\" decoding=\"async\" src=\"http:\/\/nedo.de\/img\/trans.gif\" alt=\"\" width=\"1\" height=\"1\" border=\"0\" hspace=\"0\" vspace=\"0\" \/><\/strong><\/div>\n<div class=\"STYLE_12\" align=\"LEFT\">\n<p><strong>Support multifonction Simplix<img loading=\"lazy\" decoding=\"async\" class=\"size-full wp-image-2846 alignright\" src=\"http:\/\/laserins.fr\/wp-content\/uploads\/2019\/07\/460885_simplix.gif\" alt=\"\" width=\"215\" height=\"241\" \/><\/strong><\/p>\n<p><strong>Gr\u00e2ce \u00e0 l\u2019astucieux syst\u00e8me de fixation du Simplix,\u00a0<\/strong><br \/>\n<strong>le laser cruciforme QUASAR<sup>4<\/sup>\u00a0se fixe pratiquement\u00a0<\/strong><br \/>\n<strong>n\u2019importe o\u00f9 et peut donc \u00eatre utilis\u00e9 de mani\u00e8re tr\u00e8s\u00a0<\/strong><br \/>\n<strong>flexible.<\/strong><br \/>\n<strong>Le support multifonction Simplix r\u00e9glable en hauteur\u00a0<\/strong><br \/>\n<strong>dispose d\u2019un ajustement approximatif et fin pour r\u00e9gler\u00a0<\/strong><br \/>\n<strong>avec pr\u00e9cision la hauteur du laser.<\/strong><\/p>\n<\/div>\n<div align=\"LEFT\"><\/div>\n<\/div>\n<\/div>\n<\/div>\n<div align=\"LEFT\">\n<div class=\"STYLE_12\" align=\"LEFT\"><strong>Conditionnement r\u00e9f. 460885:<img loading=\"lazy\" decoding=\"async\" class=\"wp-image-2852 alignright\" src=\"http:\/\/laserins.fr\/wp-content\/uploads\/2019\/07\/460885-1024x691.png\" alt=\"\" width=\"284\" height=\"192\" \/><\/strong><\/div>\n<div class=\"STYLE_12\" align=\"LEFT\">\n<ul type=\"square\">\n<li><strong>Laser multiligne QUASAR<sup>4<\/sup><\/strong><\/li>\n<li><strong>Support multifonction Simplix<\/strong><\/li>\n<li><strong>Cible<\/strong><\/li>\n<li><strong>Lunettes \u00e0 laser<\/strong><\/li>\n<li><strong>NiMh accu \u00e0 faible autod\u00e9charge<\/strong><\/li>\n<li><strong>Chargeur<\/strong><\/li>\n<li><strong>Coffret de transport<\/strong><\/li>\n<\/ul>\n<\/div>\n<div class=\"STYLE_9\" align=\"LEFT\"><strong><a name=\"Marker460885-F\"><\/a><\/strong><\/div>\n<div class=\"STYLE_9\" align=\"LEFT\"><\/div>\n<div class=\"STYLE_12\" align=\"LEFT\">\n<table style=\"height: 417px;\" border=\"0\" width=\"498\" cellspacing=\"0\" cellpadding=\"2\">\n<tbody>\n<tr>\n<td class=\"TabelleZeile1\" align=\"LEFT\" valign=\"TOP\" width=\"170\"><strong>Pr\u00e9cision<\/strong><\/td>\n<td class=\"TabelleZeile1\" align=\"LEFT\" valign=\"TOP\" width=\"200\"><strong>\u00b1 0,3 mm\/m<\/strong><\/td>\n<\/tr>\n<tr>\n<td class=\"TabelleZeile2\" align=\"LEFT\" valign=\"TOP\" width=\"170\"><strong>Plage d\u00b4autonivellement<\/strong><\/td>\n<td class=\"TabelleZeile2\" align=\"LEFT\" valign=\"TOP\" width=\"200\"><strong>\u00b1 3,5\u00b0<\/strong><\/td>\n<\/tr>\n<tr>\n<td class=\"TabelleZeile3\" align=\"LEFT\" valign=\"TOP\" width=\"170\"><strong>Port\u00e9e maxi<\/strong><\/td>\n<td class=\"TabelleZeile3\" align=\"LEFT\" valign=\"TOP\" width=\"200\"><strong>env. 50 m sans r\u00e9cepteur<\/strong><br \/>\n<strong>env. 100 m avec r\u00e9cepteur<\/strong><\/td>\n<\/tr>\n<tr>\n<td class=\"TabelleZeile2\" align=\"LEFT\" valign=\"TOP\" width=\"170\"><strong>Laser<\/strong><\/td>\n<td class=\"TabelleZeile2\" align=\"LEFT\" valign=\"TOP\" width=\"200\"><strong>classe 2M, 635 nm<\/strong><\/td>\n<\/tr>\n<tr>\n<td class=\"TabelleZeile3\" align=\"LEFT\" valign=\"TOP\" width=\"170\"><strong>Alimentation<\/strong><\/td>\n<td class=\"TabelleZeile3\" align=\"LEFT\" valign=\"TOP\" width=\"200\"><strong>4 x 1,5 V, type AA<\/strong><\/td>\n<\/tr>\n<tr>\n<td class=\"TabelleZeile2\" align=\"LEFT\" valign=\"TOP\" width=\"170\"><strong>Autonomie<\/strong><\/td>\n<td class=\"TabelleZeile2\" align=\"LEFT\" valign=\"TOP\" width=\"200\"><strong>env. 18 h<\/strong><\/td>\n<\/tr>\n<tr>\n<td class=\"TabelleZeile3\" align=\"LEFT\" valign=\"TOP\" width=\"170\"><strong>Raccord filet\u00e9<\/strong><\/td>\n<td class=\"TabelleZeile3\" align=\"LEFT\" valign=\"TOP\" width=\"200\"><strong>5\/8\u2019\u2019<\/strong><\/td>\n<\/tr>\n<tr>\n<td class=\"TabelleZeile2\" align=\"LEFT\" valign=\"TOP\" width=\"170\"><strong>R\u00e9f.\u00a0<\/strong><br \/>\n<strong>QUASAR<sup>4<\/sup>\u00a0Simplix-Set<\/strong><\/td>\n<td class=\"TabelleZeile2\" align=\"LEFT\" valign=\"TOP\" width=\"200\"><strong>460885<\/strong><\/td>\n<\/tr>\n<tr>\n<td class=\"TabelleZeile3\" align=\"LEFT\" valign=\"TOP\" width=\"170\"><strong>R\u00e9f. QUASAR<sup>4<\/sup><\/strong><\/td>\n<td class=\"TabelleZeile3\" align=\"LEFT\" valign=\"TOP\" width=\"200\"><strong>460 886<\/strong><\/td>\n<\/tr>\n<\/tbody>\n<\/table>\n<\/div>\n<\/div>\n","protected":false},"excerpt":{"rendered":"<p>QUASAR4\u00a0Simplix-Set 1000 applications &#8211; 1 solutionLe laser multiligne \u00e0 calage automatique QUASAR4\u00a0g\u00e9n\u00e8re\u00a0 une ligne laser horizontale 360\u00b0 remarquablement visible,\u00a0 ce qui est en fait une v\u00e9ritable alternative au laser rotatif\u00a0&hellip;<\/p>\n","protected":false},"featured_media":3259,"comment_status":"closed","ping_status":"closed","template":"","meta":[],"product_cat":[81],"product_tag":[],"class_list":{"0":"post-3258","1":"product","2":"type-product","3":"status-publish","4":"has-post-thumbnail","6":"product_cat-laser-croix","7":"","9":"first","10":"instock","11":"taxable","12":"shipping-taxable","13":"product-type-simple"},"yoast_head":"<!-- This site is optimized with the Yoast SEO plugin v24.7 - https:\/\/yoast.com\/wordpress\/plugins\/seo\/ -->\n<title>Laser croix 460886 Nedo - LASER ELECTRONIQUE TP<\/title>\n<meta name=\"robots\" content=\"index, follow, max-snippet:-1, max-image-preview:large, max-video-preview:-1\" \/>\n<link rel=\"canonical\" href=\"https:\/\/laserelectronique.com\/?product=laser-croix-460886-nedo\" \/>\n<meta property=\"og:locale\" content=\"fr_FR\" \/>\n<meta property=\"og:type\" content=\"article\" \/>\n<meta property=\"og:title\" content=\"Laser croix 460886 Nedo - LASER ELECTRONIQUE TP\" \/>\n<meta property=\"og:description\" content=\"QUASAR4\u00a0Simplix-Set 1000 applications &#8211; 1 solutionLe laser multiligne \u00e0 calage automatique QUASAR4\u00a0g\u00e9n\u00e8re\u00a0 une ligne laser horizontale 360\u00b0 remarquablement visible,\u00a0 ce qui est en fait une v\u00e9ritable alternative au laser rotatif\u00a0&hellip;\" \/>\n<meta property=\"og:url\" content=\"https:\/\/laserelectronique.com\/?product=laser-croix-460886-nedo\" \/>\n<meta property=\"og:site_name\" content=\"LASER ELECTRONIQUE TP\" \/>\n<meta property=\"article:modified_time\" content=\"2020-12-27T14:54:40+00:00\" \/>\n<meta property=\"og:image\" content=\"https:\/\/laserelectronique.com\/wp-content\/uploads\/2020\/12\/460886.png\" \/>\n\t<meta property=\"og:image:width\" content=\"1300\" \/>\n\t<meta property=\"og:image:height\" content=\"1300\" \/>\n\t<meta property=\"og:image:type\" content=\"image\/png\" \/>\n<meta name=\"twitter:card\" content=\"summary_large_image\" \/>\n<meta name=\"twitter:label1\" content=\"Dur\u00e9e de lecture estim\u00e9e\" \/>\n\t<meta name=\"twitter:data1\" content=\"3 minutes\" \/>\n<script type=\"application\/ld+json\" class=\"yoast-schema-graph\">{\"@context\":\"https:\/\/schema.org\",\"@graph\":[{\"@type\":\"WebPage\",\"@id\":\"https:\/\/laserelectronique.com\/?product=laser-croix-460886-nedo\",\"url\":\"https:\/\/laserelectronique.com\/?product=laser-croix-460886-nedo\",\"name\":\"Laser croix 460886 Nedo - LASER ELECTRONIQUE TP\",\"isPartOf\":{\"@id\":\"https:\/\/laserelectronique.com\/#website\"},\"primaryImageOfPage\":{\"@id\":\"https:\/\/laserelectronique.com\/?product=laser-croix-460886-nedo#primaryimage\"},\"image\":{\"@id\":\"https:\/\/laserelectronique.com\/?product=laser-croix-460886-nedo#primaryimage\"},\"thumbnailUrl\":\"https:\/\/laserelectronique.com\/wp-content\/uploads\/2020\/12\/460886.png\",\"datePublished\":\"2020-12-27T14:50:10+00:00\",\"dateModified\":\"2020-12-27T14:54:40+00:00\",\"breadcrumb\":{\"@id\":\"https:\/\/laserelectronique.com\/?product=laser-croix-460886-nedo#breadcrumb\"},\"inLanguage\":\"fr-FR\",\"potentialAction\":[{\"@type\":\"ReadAction\",\"target\":[\"https:\/\/laserelectronique.com\/?product=laser-croix-460886-nedo\"]}]},{\"@type\":\"ImageObject\",\"inLanguage\":\"fr-FR\",\"@id\":\"https:\/\/laserelectronique.com\/?product=laser-croix-460886-nedo#primaryimage\",\"url\":\"https:\/\/laserelectronique.com\/wp-content\/uploads\/2020\/12\/460886.png\",\"contentUrl\":\"https:\/\/laserelectronique.com\/wp-content\/uploads\/2020\/12\/460886.png\",\"width\":1300,\"height\":1300},{\"@type\":\"BreadcrumbList\",\"@id\":\"https:\/\/laserelectronique.com\/?product=laser-croix-460886-nedo#breadcrumb\",\"itemListElement\":[{\"@type\":\"ListItem\",\"position\":1,\"name\":\"Accueil\",\"item\":\"https:\/\/laserelectronique.com\/\"},{\"@type\":\"ListItem\",\"position\":2,\"name\":\"Boutique\",\"item\":\"https:\/\/laserelectronique.com\/?page_id=7\"},{\"@type\":\"ListItem\",\"position\":3,\"name\":\"Laser croix 460886 Nedo\"}]},{\"@type\":\"WebSite\",\"@id\":\"https:\/\/laserelectronique.com\/#website\",\"url\":\"https:\/\/laserelectronique.com\/\",\"name\":\"LASER ELECTRONIQUE TP\",\"description\":\"VOTRE PARTENAIRE EN GUIDAGE D&#039;ENGINS, TOPOGRAPHIE ET SERVICES\",\"potentialAction\":[{\"@type\":\"SearchAction\",\"target\":{\"@type\":\"EntryPoint\",\"urlTemplate\":\"https:\/\/laserelectronique.com\/?s={search_term_string}\"},\"query-input\":{\"@type\":\"PropertyValueSpecification\",\"valueRequired\":true,\"valueName\":\"search_term_string\"}}],\"inLanguage\":\"fr-FR\"}]}<\/script>\n<!-- \/ Yoast SEO plugin. -->","yoast_head_json":{"title":"Laser croix 460886 Nedo - LASER ELECTRONIQUE TP","robots":{"index":"index","follow":"follow","max-snippet":"max-snippet:-1","max-image-preview":"max-image-preview:large","max-video-preview":"max-video-preview:-1"},"canonical":"https:\/\/laserelectronique.com\/?product=laser-croix-460886-nedo","og_locale":"fr_FR","og_type":"article","og_title":"Laser croix 460886 Nedo - LASER ELECTRONIQUE TP","og_description":"QUASAR4\u00a0Simplix-Set 1000 applications &#8211; 1 solutionLe laser multiligne \u00e0 calage automatique QUASAR4\u00a0g\u00e9n\u00e8re\u00a0 une ligne laser horizontale 360\u00b0 remarquablement visible,\u00a0 ce qui est en fait une v\u00e9ritable alternative au laser rotatif\u00a0&hellip;","og_url":"https:\/\/laserelectronique.com\/?product=laser-croix-460886-nedo","og_site_name":"LASER ELECTRONIQUE TP","article_modified_time":"2020-12-27T14:54:40+00:00","og_image":[{"width":1300,"height":1300,"url":"https:\/\/laserelectronique.com\/wp-content\/uploads\/2020\/12\/460886.png","type":"image\/png"}],"twitter_card":"summary_large_image","twitter_misc":{"Dur\u00e9e de lecture estim\u00e9e":"3 minutes"},"schema":{"@context":"https:\/\/schema.org","@graph":[{"@type":"WebPage","@id":"https:\/\/laserelectronique.com\/?product=laser-croix-460886-nedo","url":"https:\/\/laserelectronique.com\/?product=laser-croix-460886-nedo","name":"Laser croix 460886 Nedo - LASER ELECTRONIQUE TP","isPartOf":{"@id":"https:\/\/laserelectronique.com\/#website"},"primaryImageOfPage":{"@id":"https:\/\/laserelectronique.com\/?product=laser-croix-460886-nedo#primaryimage"},"image":{"@id":"https:\/\/laserelectronique.com\/?product=laser-croix-460886-nedo#primaryimage"},"thumbnailUrl":"https:\/\/laserelectronique.com\/wp-content\/uploads\/2020\/12\/460886.png","datePublished":"2020-12-27T14:50:10+00:00","dateModified":"2020-12-27T14:54:40+00:00","breadcrumb":{"@id":"https:\/\/laserelectronique.com\/?product=laser-croix-460886-nedo#breadcrumb"},"inLanguage":"fr-FR","potentialAction":[{"@type":"ReadAction","target":["https:\/\/laserelectronique.com\/?product=laser-croix-460886-nedo"]}]},{"@type":"ImageObject","inLanguage":"fr-FR","@id":"https:\/\/laserelectronique.com\/?product=laser-croix-460886-nedo#primaryimage","url":"https:\/\/laserelectronique.com\/wp-content\/uploads\/2020\/12\/460886.png","contentUrl":"https:\/\/laserelectronique.com\/wp-content\/uploads\/2020\/12\/460886.png","width":1300,"height":1300},{"@type":"BreadcrumbList","@id":"https:\/\/laserelectronique.com\/?product=laser-croix-460886-nedo#breadcrumb","itemListElement":[{"@type":"ListItem","position":1,"name":"Accueil","item":"https:\/\/laserelectronique.com\/"},{"@type":"ListItem","position":2,"name":"Boutique","item":"https:\/\/laserelectronique.com\/?page_id=7"},{"@type":"ListItem","position":3,"name":"Laser croix 460886 Nedo"}]},{"@type":"WebSite","@id":"https:\/\/laserelectronique.com\/#website","url":"https:\/\/laserelectronique.com\/","name":"LASER ELECTRONIQUE TP","description":"VOTRE PARTENAIRE EN GUIDAGE D&#039;ENGINS, TOPOGRAPHIE ET SERVICES","potentialAction":[{"@type":"SearchAction","target":{"@type":"EntryPoint","urlTemplate":"https:\/\/laserelectronique.com\/?s={search_term_string}"},"query-input":{"@type":"PropertyValueSpecification","valueRequired":true,"valueName":"search_term_string"}}],"inLanguage":"fr-FR"}]}},"_links":{"self":[{"href":"https:\/\/laserelectronique.com\/index.php?rest_route=\/wp\/v2\/product\/3258","targetHints":{"allow":["GET"]}}],"collection":[{"href":"https:\/\/laserelectronique.com\/index.php?rest_route=\/wp\/v2\/product"}],"about":[{"href":"https:\/\/laserelectronique.com\/index.php?rest_route=\/wp\/v2\/types\/product"}],"replies":[{"embeddable":true,"href":"https:\/\/laserelectronique.com\/index.php?rest_route=%2Fwp%2Fv2%2Fcomments&post=3258"}],"wp:featuredmedia":[{"embeddable":true,"href":"https:\/\/laserelectronique.com\/index.php?rest_route=\/wp\/v2\/media\/3259"}],"wp:attachment":[{"href":"https:\/\/laserelectronique.com\/index.php?rest_route=%2Fwp%2Fv2%2Fmedia&parent=3258"}],"wp:term":[{"taxonomy":"product_cat","embeddable":true,"href":"https:\/\/laserelectronique.com\/index.php?rest_route=%2Fwp%2Fv2%2Fproduct_cat&post=3258"},{"taxonomy":"product_tag","embeddable":true,"href":"https:\/\/laserelectronique.com\/index.php?rest_route=%2Fwp%2Fv2%2Fproduct_tag&post=3258"}],"curies":[{"name":"wp","href":"https:\/\/api.w.org\/{rel}","templated":true}]}}