{"id":3256,"date":"2020-12-27T15:47:29","date_gmt":"2020-12-27T14:47:29","guid":{"rendered":"http:\/\/laserelectronique.com\/?post_type=product&#038;p=3256"},"modified":"2022-07-27T12:00:27","modified_gmt":"2022-07-27T10:00:27","slug":"recepteur-laser-430323-nedo","status":"publish","type":"product","link":"https:\/\/laserelectronique.com\/?product=recepteur-laser-430323-nedo","title":{"rendered":"R\u00e9cepteur laser 430323 Nedo"},"content":{"rendered":"<div class=\"STYLE_12\" align=\"LEFT\">\n<div>\n<p><strong>R\u00e9cepteur portable ACCEPTOR X vert pour augmenter la port\u00e9e de l&rsquo;appareil jusqu&rsquo;\u00e0 \u00d8 120 m.\u00a0Compatible avec le laser 3D multi-lignes Nedo vert (mode puls\u00e9).\u00a0Travail rapide gr\u00e2ce aux LED lumineuses \u00e0 l&rsquo;avant, \u00e0 l&rsquo;arri\u00e8re et \u00e0 gauche.<\/strong><\/p>\n<p><strong><br \/>\nfonctionnalit\u00e9s<\/strong><\/p>\n<\/div>\n<ul>\n<li><strong>D\u00e9tecteur longueur 20 mm<\/strong><\/li>\n<li><strong>g\u00e9n\u00e9rateur de signaux acoustiques, LED \u00e0 l&rsquo;avant, \u00e0 l&rsquo;arri\u00e8re et \u00e0 gauche du bo\u00eetier<\/strong><\/li>\n<li><strong>Alimentation 1x pile 9 V<\/strong><\/li>\n<li><strong>longue dur\u00e9e de fonctionnement jusqu&rsquo;\u00e0 15 heures<\/strong><\/li>\n<li><strong>arr\u00eat automatique apr\u00e8s env.10 min<\/strong><\/li>\n<li><strong>Filetage M5 au dos<\/strong><\/li>\n<\/ul>\n<p><strong>Sp\u00e9cifications techniques<br \/>\n<\/strong><\/p>\n<ul>\n<li><strong>Temp\u00e9rature de fonctionnement -10 \u00b0 C &#8230; \u00e0 &#8230; + 50 \u00b0 C<\/strong><\/li>\n<li><strong>Temp\u00e9rature de stockage -20 \u00b0 C &#8230; \u00e0 &#8230; + 70 \u00b0 C<\/strong><\/li>\n<li><strong>Dimensions (HxLxP) 140 x 65 27 mm<\/strong><\/li>\n<li><strong>Poids 265 g avec batterie et\u00a0Clip de retenue<\/strong><\/li>\n<li><strong>Longueur d&rsquo;onde du champ du d\u00e9tecteur 510-540 nm (vert)<\/strong><\/li>\n<li><strong>Indice de protection IP 54<\/strong><\/li>\n<li><strong>Zone de travail jusqu&rsquo;\u00e0\u00a0 100 m<\/strong><\/li>\n<\/ul>\n<p><strong><br \/>\nContenu de la livraison:<\/strong><\/p>\n<ul>\n<li><strong>Accepteur X vert<\/strong><\/li>\n<li><strong>Support de r\u00e9cepteur<\/strong><\/li>\n<li><strong>Bloc batterie 9 V<\/strong><\/li>\n<li><strong>mode d&#8217;emploi<\/strong><\/li>\n<\/ul>\n<\/div>\n<div align=\"LEFT\">\n<div class=\"STYLE_12\" align=\"LEFT\">\n<p>&nbsp;<\/p>\n<\/div>\n<\/div>\n","protected":false},"excerpt":{"rendered":"<p>R\u00e9cepteur portable ACCEPTOR X vert pour augmenter la port\u00e9e de l&rsquo;appareil jusqu&rsquo;\u00e0 \u00d8 120 m.\u00a0Compatible avec le laser 3D multi-lignes Nedo vert (mode puls\u00e9).\u00a0Travail rapide gr\u00e2ce aux LED lumineuses \u00e0&hellip;<\/p>\n","protected":false},"featured_media":3292,"comment_status":"closed","ping_status":"closed","template":"","meta":[],"product_cat":[81],"product_tag":[],"class_list":{"0":"post-3256","1":"product","2":"type-product","3":"status-publish","4":"has-post-thumbnail","6":"product_cat-laser-croix","7":"","9":"first","10":"instock","11":"taxable","12":"shipping-taxable","13":"product-type-simple"},"yoast_head":"<!-- This site is optimized with the Yoast SEO plugin v24.7 - https:\/\/yoast.com\/wordpress\/plugins\/seo\/ -->\n<title>R\u00e9cepteur laser 430323 Nedo - LASER ELECTRONIQUE TP<\/title>\n<meta name=\"robots\" content=\"index, follow, max-snippet:-1, max-image-preview:large, max-video-preview:-1\" \/>\n<link rel=\"canonical\" href=\"https:\/\/laserelectronique.com\/?product=recepteur-laser-430323-nedo\" \/>\n<meta property=\"og:locale\" content=\"fr_FR\" \/>\n<meta property=\"og:type\" content=\"article\" \/>\n<meta property=\"og:title\" content=\"R\u00e9cepteur laser 430323 Nedo - LASER ELECTRONIQUE TP\" \/>\n<meta property=\"og:description\" content=\"R\u00e9cepteur portable ACCEPTOR X vert pour augmenter la port\u00e9e de l&rsquo;appareil jusqu&rsquo;\u00e0 \u00d8 120 m.\u00a0Compatible avec le laser 3D multi-lignes Nedo vert (mode puls\u00e9).\u00a0Travail rapide gr\u00e2ce aux LED lumineuses \u00e0&hellip;\" \/>\n<meta property=\"og:url\" content=\"https:\/\/laserelectronique.com\/?product=recepteur-laser-430323-nedo\" \/>\n<meta property=\"og:site_name\" content=\"LASER ELECTRONIQUE TP\" \/>\n<meta property=\"article:modified_time\" content=\"2022-07-27T10:00:27+00:00\" \/>\n<meta property=\"og:image\" content=\"https:\/\/laserelectronique.com\/wp-content\/uploads\/2020\/12\/430323-1.png\" \/>\n\t<meta property=\"og:image:width\" content=\"1850\" \/>\n\t<meta property=\"og:image:height\" content=\"1850\" \/>\n\t<meta property=\"og:image:type\" content=\"image\/png\" \/>\n<meta name=\"twitter:card\" content=\"summary_large_image\" \/>\n<meta name=\"twitter:label1\" content=\"Dur\u00e9e de lecture estim\u00e9e\" \/>\n\t<meta name=\"twitter:data1\" content=\"1 minute\" \/>\n<script type=\"application\/ld+json\" class=\"yoast-schema-graph\">{\"@context\":\"https:\/\/schema.org\",\"@graph\":[{\"@type\":\"WebPage\",\"@id\":\"https:\/\/laserelectronique.com\/?product=recepteur-laser-430323-nedo\",\"url\":\"https:\/\/laserelectronique.com\/?product=recepteur-laser-430323-nedo\",\"name\":\"R\u00e9cepteur laser 430323 Nedo - LASER ELECTRONIQUE TP\",\"isPartOf\":{\"@id\":\"https:\/\/laserelectronique.com\/#website\"},\"primaryImageOfPage\":{\"@id\":\"https:\/\/laserelectronique.com\/?product=recepteur-laser-430323-nedo#primaryimage\"},\"image\":{\"@id\":\"https:\/\/laserelectronique.com\/?product=recepteur-laser-430323-nedo#primaryimage\"},\"thumbnailUrl\":\"https:\/\/laserelectronique.com\/wp-content\/uploads\/2020\/12\/430323-1.png\",\"datePublished\":\"2020-12-27T14:47:29+00:00\",\"dateModified\":\"2022-07-27T10:00:27+00:00\",\"breadcrumb\":{\"@id\":\"https:\/\/laserelectronique.com\/?product=recepteur-laser-430323-nedo#breadcrumb\"},\"inLanguage\":\"fr-FR\",\"potentialAction\":[{\"@type\":\"ReadAction\",\"target\":[\"https:\/\/laserelectronique.com\/?product=recepteur-laser-430323-nedo\"]}]},{\"@type\":\"ImageObject\",\"inLanguage\":\"fr-FR\",\"@id\":\"https:\/\/laserelectronique.com\/?product=recepteur-laser-430323-nedo#primaryimage\",\"url\":\"https:\/\/laserelectronique.com\/wp-content\/uploads\/2020\/12\/430323-1.png\",\"contentUrl\":\"https:\/\/laserelectronique.com\/wp-content\/uploads\/2020\/12\/430323-1.png\",\"width\":1850,\"height\":1850},{\"@type\":\"BreadcrumbList\",\"@id\":\"https:\/\/laserelectronique.com\/?product=recepteur-laser-430323-nedo#breadcrumb\",\"itemListElement\":[{\"@type\":\"ListItem\",\"position\":1,\"name\":\"Accueil\",\"item\":\"https:\/\/laserelectronique.com\/\"},{\"@type\":\"ListItem\",\"position\":2,\"name\":\"Boutique\",\"item\":\"https:\/\/laserelectronique.com\/?page_id=7\"},{\"@type\":\"ListItem\",\"position\":3,\"name\":\"R\u00e9cepteur laser 430323 Nedo\"}]},{\"@type\":\"WebSite\",\"@id\":\"https:\/\/laserelectronique.com\/#website\",\"url\":\"https:\/\/laserelectronique.com\/\",\"name\":\"LASER ELECTRONIQUE TP\",\"description\":\"VOTRE PARTENAIRE EN GUIDAGE D&#039;ENGINS, TOPOGRAPHIE ET SERVICES\",\"potentialAction\":[{\"@type\":\"SearchAction\",\"target\":{\"@type\":\"EntryPoint\",\"urlTemplate\":\"https:\/\/laserelectronique.com\/?s={search_term_string}\"},\"query-input\":{\"@type\":\"PropertyValueSpecification\",\"valueRequired\":true,\"valueName\":\"search_term_string\"}}],\"inLanguage\":\"fr-FR\"}]}<\/script>\n<!-- \/ Yoast SEO plugin. -->","yoast_head_json":{"title":"R\u00e9cepteur laser 430323 Nedo - LASER ELECTRONIQUE TP","robots":{"index":"index","follow":"follow","max-snippet":"max-snippet:-1","max-image-preview":"max-image-preview:large","max-video-preview":"max-video-preview:-1"},"canonical":"https:\/\/laserelectronique.com\/?product=recepteur-laser-430323-nedo","og_locale":"fr_FR","og_type":"article","og_title":"R\u00e9cepteur laser 430323 Nedo - LASER ELECTRONIQUE TP","og_description":"R\u00e9cepteur portable ACCEPTOR X vert pour augmenter la port\u00e9e de l&rsquo;appareil jusqu&rsquo;\u00e0 \u00d8 120 m.\u00a0Compatible avec le laser 3D multi-lignes Nedo vert (mode puls\u00e9).\u00a0Travail rapide gr\u00e2ce aux LED lumineuses \u00e0&hellip;","og_url":"https:\/\/laserelectronique.com\/?product=recepteur-laser-430323-nedo","og_site_name":"LASER ELECTRONIQUE TP","article_modified_time":"2022-07-27T10:00:27+00:00","og_image":[{"width":1850,"height":1850,"url":"https:\/\/laserelectronique.com\/wp-content\/uploads\/2020\/12\/430323-1.png","type":"image\/png"}],"twitter_card":"summary_large_image","twitter_misc":{"Dur\u00e9e de lecture estim\u00e9e":"1 minute"},"schema":{"@context":"https:\/\/schema.org","@graph":[{"@type":"WebPage","@id":"https:\/\/laserelectronique.com\/?product=recepteur-laser-430323-nedo","url":"https:\/\/laserelectronique.com\/?product=recepteur-laser-430323-nedo","name":"R\u00e9cepteur laser 430323 Nedo - LASER ELECTRONIQUE TP","isPartOf":{"@id":"https:\/\/laserelectronique.com\/#website"},"primaryImageOfPage":{"@id":"https:\/\/laserelectronique.com\/?product=recepteur-laser-430323-nedo#primaryimage"},"image":{"@id":"https:\/\/laserelectronique.com\/?product=recepteur-laser-430323-nedo#primaryimage"},"thumbnailUrl":"https:\/\/laserelectronique.com\/wp-content\/uploads\/2020\/12\/430323-1.png","datePublished":"2020-12-27T14:47:29+00:00","dateModified":"2022-07-27T10:00:27+00:00","breadcrumb":{"@id":"https:\/\/laserelectronique.com\/?product=recepteur-laser-430323-nedo#breadcrumb"},"inLanguage":"fr-FR","potentialAction":[{"@type":"ReadAction","target":["https:\/\/laserelectronique.com\/?product=recepteur-laser-430323-nedo"]}]},{"@type":"ImageObject","inLanguage":"fr-FR","@id":"https:\/\/laserelectronique.com\/?product=recepteur-laser-430323-nedo#primaryimage","url":"https:\/\/laserelectronique.com\/wp-content\/uploads\/2020\/12\/430323-1.png","contentUrl":"https:\/\/laserelectronique.com\/wp-content\/uploads\/2020\/12\/430323-1.png","width":1850,"height":1850},{"@type":"BreadcrumbList","@id":"https:\/\/laserelectronique.com\/?product=recepteur-laser-430323-nedo#breadcrumb","itemListElement":[{"@type":"ListItem","position":1,"name":"Accueil","item":"https:\/\/laserelectronique.com\/"},{"@type":"ListItem","position":2,"name":"Boutique","item":"https:\/\/laserelectronique.com\/?page_id=7"},{"@type":"ListItem","position":3,"name":"R\u00e9cepteur laser 430323 Nedo"}]},{"@type":"WebSite","@id":"https:\/\/laserelectronique.com\/#website","url":"https:\/\/laserelectronique.com\/","name":"LASER ELECTRONIQUE TP","description":"VOTRE PARTENAIRE EN GUIDAGE D&#039;ENGINS, TOPOGRAPHIE ET SERVICES","potentialAction":[{"@type":"SearchAction","target":{"@type":"EntryPoint","urlTemplate":"https:\/\/laserelectronique.com\/?s={search_term_string}"},"query-input":{"@type":"PropertyValueSpecification","valueRequired":true,"valueName":"search_term_string"}}],"inLanguage":"fr-FR"}]}},"_links":{"self":[{"href":"https:\/\/laserelectronique.com\/index.php?rest_route=\/wp\/v2\/product\/3256","targetHints":{"allow":["GET"]}}],"collection":[{"href":"https:\/\/laserelectronique.com\/index.php?rest_route=\/wp\/v2\/product"}],"about":[{"href":"https:\/\/laserelectronique.com\/index.php?rest_route=\/wp\/v2\/types\/product"}],"replies":[{"embeddable":true,"href":"https:\/\/laserelectronique.com\/index.php?rest_route=%2Fwp%2Fv2%2Fcomments&post=3256"}],"wp:featuredmedia":[{"embeddable":true,"href":"https:\/\/laserelectronique.com\/index.php?rest_route=\/wp\/v2\/media\/3292"}],"wp:attachment":[{"href":"https:\/\/laserelectronique.com\/index.php?rest_route=%2Fwp%2Fv2%2Fmedia&parent=3256"}],"wp:term":[{"taxonomy":"product_cat","embeddable":true,"href":"https:\/\/laserelectronique.com\/index.php?rest_route=%2Fwp%2Fv2%2Fproduct_cat&post=3256"},{"taxonomy":"product_tag","embeddable":true,"href":"https:\/\/laserelectronique.com\/index.php?rest_route=%2Fwp%2Fv2%2Fproduct_tag&post=3256"}],"curies":[{"name":"wp","href":"https:\/\/api.w.org\/{rel}","templated":true}]}}