{"id":3254,"date":"2020-12-27T15:41:09","date_gmt":"2020-12-27T14:41:09","guid":{"rendered":"http:\/\/laserelectronique.com\/?post_type=product&#038;p=3254"},"modified":"2022-07-27T11:30:42","modified_gmt":"2022-07-27T09:30:42","slug":"laser-universel-471810-linus-1-hv-nedo","status":"publish","type":"product","link":"https:\/\/laserelectronique.com\/?product=laser-universel-471810-linus-1-hv-nedo","title":{"rendered":"Laser universel  471810 LINUS 1 HV Nedo"},"content":{"rendered":"<h3 class=\"STYLE_12\" align=\"LEFT\"><strong>Innovant.\u00a0<\/strong><\/h3>\n<div class=\"STYLE_12\" align=\"LEFT\"><strong>LINUS<sup>1<\/sup> HV Nedo est un laser universel de type<\/strong><br \/>\n<strong>nouveau, extr\u00eamement robuste, enti\u00e8rement automatique<\/strong><br \/>\n<strong>pour niveler, aligner et reporter des angles droits dans les<\/strong><br \/>\n<strong>travaux \u00e0 l\u2019ext\u00e9rieur et l\u2019am\u00e9nagement int\u00e9rieur.<\/strong><\/div>\n<div align=\"LEFT\">\n<p><iframe loading=\"lazy\" title=\"LINUS1 Nedo - Le laser universel robuste  et polyvalent avec fonction 90\u00b0\" width=\"840\" height=\"473\" src=\"https:\/\/www.youtube.com\/embed\/IO8DbXro4Eg?feature=oembed\" frameborder=\"0\" allow=\"accelerometer; autoplay; clipboard-write; encrypted-media; gyroscope; picture-in-picture\" allowfullscreen><\/iframe><\/p>\n<\/div>\n<div align=\"LEFT\"><\/div>\n<div class=\"STYLE_12\" align=\"LEFT\"><strong>livr\u00e9 en kit complet\u00a0<\/strong><br \/>\n<b><\/b><\/div>\n<div align=\"LEFT\"><img loading=\"lazy\" decoding=\"async\" class=\"alignnone size-large wp-image-3607\" src=\"http:\/\/laserins.fr\/wp-content\/uploads\/2020\/12\/471810kit-1024x809.png\" alt=\"\" width=\"840\" height=\"664\" \/><\/div>\n<p><img loading=\"lazy\" decoding=\"async\" class=\"alignright\" src=\"https:\/\/www.nedo.com\/img\/products\/laser\/linus_AW_1.gif\" width=\"268\" height=\"335\" \/><\/p>\n<p>&nbsp;<\/p>\n<h3 class=\"STYLE_12\" align=\"LEFT\"><b>Polyvalent.<\/b><\/h3>\n<div class=\"STYLE_12\" align=\"LEFT\"><strong>Le nouveau laser universel enti\u00e8rement<\/strong><br \/>\n<strong>automatique LINUS<sup>1<\/sup>\u00a0HV Nedo combine une ligne laser<\/strong><br \/>\n<strong>horizontale sur 360\u00b0 avec quatre lignes laser activables<\/strong><br \/>\n<strong>individuellement, agenc\u00e9es \u00e0 90\u00b0 les unes par rapport<\/strong><br \/>\n<strong>aux autres. Gr\u00e2ce \u00e0 l\u2019orientation vers le bas des diodes<\/strong><br \/>\n<strong>laser verticales, les lignes commencent directement au<\/strong><br \/>\n<strong>pied du laser. Un rayon d\u2019aplomb suppl\u00e9mentaire marque<\/strong><br \/>\n<strong>au sol le point d\u2019intersection des quatre lignes laser<\/strong><br \/>\n<strong>verticales. Ainsi, le nouveau LINUS<sup>1<\/sup>\u00a0HV Nedo ne convient<\/strong><br \/>\n<strong>pas seulement pour niveler et aligner, mais aussi pour<\/strong><br \/>\n<strong>reporter rapidement et ais\u00e9ment des angles droits \u00e0<\/strong><br \/>\n<strong>l\u2019ext\u00e9rieur. Il est parfait pour les travaux de coffrage, dans<\/strong><br \/>\n<strong>la construction d\u2019abris de voitures, de terrasses et de<\/strong><br \/>\n<strong>garages ou pour la pose de dalles, de carreaux et de<\/strong><br \/>\n<strong>pav\u00e9s.<\/strong><\/div>\n<h3 align=\"LEFT\"><\/h3>\n<div align=\"LEFT\">\n<h3 class=\"STYLE_9\" style=\"text-align: left;\" align=\"center\"><strong>Robuste.\u00a0<\/strong><\/h3>\n<div class=\"STYLE_9\" style=\"text-align: left;\" align=\"center\"><strong>LINUS<sup>1<\/sup>\u00a0HV Nedo est dot\u00e9 d\u2019un calage automatique<\/strong><br \/>\n<strong>motoris\u00e9 robuste et fiable. Dans la plage de calage<\/strong><br \/>\n<strong>automatique de \u00b15\u00b0, des nivelles num\u00e9riques et des<\/strong><br \/>\n<strong>servomoteurs \u00e9lectriques garantissent un alignement<\/strong><br \/>\n<strong>pr\u00e9cis de la ligne laser horizontale sur 360\u00b0 et des quatre<\/strong><br \/>\n<strong>lignes laser verticales. Le bo\u00eetier antichoc du laser dans<\/strong><br \/>\n<strong>une cage en aluminium est prot\u00e9g\u00e9 contre les projections<\/strong><br \/>\n<strong>d\u2019eau et \u00e9tanche \u00e0 la poussi\u00e8re, et est conforme au type<\/strong><br \/>\n<strong>de protection IP 65. Par cons\u00e9quent, le nouveau<\/strong><br \/>\n<strong>LINUS<sup>1<\/sup>\u00a0HV peut \u00eatre utilis\u00e9 en pr\u00e9sence de vent et dans<\/strong><br \/>\n<strong>de mauvaises conditions atmosph\u00e9riques. Gr\u00e2ce \u00e0 sa<\/strong><br \/>\n<strong>conception robuste et \u00e0 la carcasse en caoutchouc du<\/strong><br \/>\n<strong>bo\u00eetier, le LINUS<sup>1<\/sup>\u00a0HV Nedo r\u00e9siste m\u00eame \u00e0 une chute<\/strong><br \/>\n<strong>de 1 m de hauteur. Instrument parfait pour les durs<\/strong><br \/>\n<strong>travaux dans le g\u00e9nie civil, l\u2019horticulture et l\u2019am\u00e9nagement<\/strong><br \/>\n<strong>paysager ou la construction m\u00e9tallique et en bois.<\/strong><\/div>\n<div class=\"STYLE_9\" align=\"LEFT\"><strong><a name=\"Marker_linus1_AW_3\"><\/a><img loading=\"lazy\" decoding=\"async\" src=\"https:\/\/www.nedo.com\/img\/trans.gif\" alt=\"\" width=\"1\" height=\"1\" border=\"0\" hspace=\"0\" vspace=\"0\" \/><\/strong><\/div>\n<div class=\"STYLE_9\" align=\"center\"><strong><img loading=\"lazy\" decoding=\"async\" class=\"alignright\" src=\"https:\/\/www.nedo.com\/img\/products\/laser\/linus_AW_3.gif\" alt=\"\" width=\"268\" height=\"182\" align=\"TOP\" border=\"0\" hspace=\"0\" vspace=\"0\" \/><\/strong><\/div>\n<h3 class=\"STYLE_12\" align=\"LEFT\"><strong>Bien con\u00e7u.\u00a0<\/strong><\/h3>\n<div class=\"STYLE_12\" align=\"LEFT\"><strong>De nombreuses id\u00e9es innovantes ont \u00e9t\u00e9<\/strong><br \/>\n<strong>int\u00e9gr\u00e9es dans le d\u00e9veloppement du LINUS<sup>1<\/sup>\u00a0HV. Les<\/strong><br \/>\n<strong>dimensions du laser et du r\u00e9cepteur laser ACCEPTOR<sup>Line<\/sup><\/strong><br \/>\n<strong>sont parfaitement harmonis\u00e9es. La distance entre le<\/strong><br \/>\n<strong>plan vertical du laser et le bord du bo\u00eetier du LINUS<sup>1<\/sup>\u00a0HV<\/strong><br \/>\n<strong>et la distance du bord du bo\u00eetier \u00e0 la ligne z\u00e9ro du<\/strong><br \/>\n<strong>r\u00e9cepteur laser sont identiques.<\/strong><br \/>\n<strong>De ce fait, l\u2019orthogonalit\u00e9 de surfaces de murs ou de<\/strong><br \/>\n<strong>coffrages peut \u00eatre facilement v\u00e9rifi\u00e9e. Des \u00e9carts de<\/strong><br \/>\n<strong>mesure peuvent \u00eatre lus directement au mm pr\u00e8s sur<\/strong><br \/>\n<strong>le r\u00e9cepteur laser num\u00e9rique ACCEPTOR<sup>Line<\/sup>.<\/strong><\/div>\n<div class=\"STYLE_9\" align=\"LEFT\"><strong><a name=\"Marker_linus1_AW_4\"><\/a><img loading=\"lazy\" decoding=\"async\" src=\"https:\/\/www.nedo.com\/img\/trans.gif\" alt=\"\" width=\"1\" height=\"1\" border=\"0\" hspace=\"0\" vspace=\"0\" \/><\/strong><\/div>\n<div class=\"STYLE_9\" align=\"center\"><strong><img loading=\"lazy\" decoding=\"async\" class=\"alignright\" src=\"https:\/\/www.nedo.com\/img\/products\/laser\/linus_AW_4.gif\" alt=\"\" width=\"269\" height=\"335\" align=\"TOP\" border=\"0\" hspace=\"0\" vspace=\"0\" \/><\/strong><\/div>\n<div class=\"STYLE_12\" align=\"LEFT\"><strong>Robuste pied multifonction avec r\u00e9glage<br \/>\nmicrom\u00e9trique<\/strong><br \/>\n<strong>Le robuste pied multifonction en aluminium permet un<\/strong><br \/>\n<strong>positionnement pr\u00e9cis du LINUS<sup>1<\/sup>\u00a0HV sur un point de<\/strong><br \/>\n<strong>prise d\u2019aplomb donn\u00e9. \u00c0 l\u2019aide du r\u00e9glage microm\u00e9-<\/strong><br \/>\n<strong>trique, les lignes laser verticales du LINUS<sup>1<\/sup>\u00a0HV<\/strong><br \/>\n<strong>peuvent \u00eatre align\u00e9es avec une grande pr\u00e9cision,<\/strong><br \/>\n<strong>m\u00eame sur de grandes distances.<\/strong><br \/>\n<strong>En raison du design bien pens\u00e9 du pied multifonction,<\/strong><br \/>\n<strong>le laser peut \u00eatre positionn\u00e9 sur un carreau, ce qui<\/strong><br \/>\n<strong>permet d\u2019aligner les lignes laser verticales du<\/strong><br \/>\n<strong>LINUS<sup>1<\/sup>\u00a0HV le long des bords du carreau. De plus,<\/strong><br \/>\n<strong>le pied multifonction prot\u00e8ge le laser contre le<\/strong><br \/>\n<strong>contact direct avec un sol humide, de l\u2019eau<\/strong><br \/>\n<strong>stagnante ou de la boue.<\/strong><br \/>\n<strong>En alternative, il est \u00e9galement possible d\u2019utiliser<\/strong><br \/>\n<strong>le pied multifonction et le r\u00e9glage microm\u00e9trique<\/strong><br \/>\n<strong>sur un tr\u00e9pied.<\/strong><\/div>\n<div class=\"STYLE_9\" align=\"LEFT\"><strong><a name=\"Marker_linus1_AW_5\"><\/a><img loading=\"lazy\" decoding=\"async\" src=\"https:\/\/www.nedo.com\/img\/trans.gif\" alt=\"\" width=\"1\" height=\"1\" border=\"0\" hspace=\"0\" vspace=\"0\" \/><\/strong><\/div>\n<div class=\"STYLE_9\" align=\"center\"><strong><img loading=\"lazy\" decoding=\"async\" class=\"alignright\" src=\"https:\/\/www.nedo.com\/img\/products\/laser\/linus_AW_5.gif\" alt=\"\" width=\"268\" height=\"196\" align=\"TOP\" border=\"0\" hspace=\"0\" vspace=\"0\" \/><\/strong><\/div>\n<div class=\"STYLE_12\" align=\"LEFT\"><strong>ACCEPTOR<sup>Line<\/sup>\u00a0&#8211; r\u00e9cepteur laser avec affichage en mm<\/strong><br \/>\n<strong>La fourniture de s\u00e9rie comprend le r\u00e9cepteur laser<\/strong><br \/>\n<strong>num\u00e9rique ACCEPTOR<sup>Line<\/sup>\u00a0avec affichage en mm<\/strong><br \/>\n<strong>et le support \u00abHeavy-Duty\u00bb en aluminium.<\/strong><br \/>\n<strong>\u00c0 l\u2019aide du r\u00e9cepteur laser, les lignes laser peuvent<\/strong><br \/>\n<strong>\u00eatre fiablement d\u00e9tect\u00e9es m\u00eame dans des conditions<\/strong><br \/>\n<strong>d\u2019\u00e9clairage d\u00e9favorables. La distance entre le rayon<\/strong><br \/>\n<strong>laser incident et la ligne z\u00e9ro du r\u00e9cepteur est alors<\/strong><br \/>\n<strong>affich\u00e9e en mm.<\/strong><\/div>\n<div class=\"STYLE_9\" align=\"LEFT\"><strong><a name=\"Marker_linus1_Zubehoer_1\"><\/a><img loading=\"lazy\" decoding=\"async\" src=\"https:\/\/www.nedo.com\/img\/trans.gif\" alt=\"\" width=\"1\" height=\"1\" border=\"0\" hspace=\"0\" vspace=\"0\" \/><\/strong><\/div>\n<div class=\"STYLE_12\" align=\"LEFT\"><strong>Support de r\u00e9cepteur multifonction avec<img loading=\"lazy\" decoding=\"async\" class=\"alignright\" src=\"https:\/\/www.nedo.com\/img\/products\/laser\/062247_big.gif\" width=\"276\" height=\"170\" \/><br \/>\nblocage rapide<\/strong><br \/>\n<strong>Fixation rapide du r\u00e9cepteur laser ACCEPTOR<sup>Line<\/sup>\u00a0\u00e0 une<\/strong><br \/>\n<strong>mire rigide ou flexible \u00e0 l\u2019aide du blocage rapide.<\/strong><br \/>\n<strong>Optimale pour fixer le r\u00e9cepteur laser \u00e0 un chevalet pour<\/strong><br \/>\n<strong>tirer au cordeau ou dans les travaux en coin.R\u00e9f. 062247<\/strong><\/div>\n<\/div>\n","protected":false},"excerpt":{"rendered":"<p>Innovant.\u00a0 LINUS1 HV Nedo est un laser universel de type nouveau, extr\u00eamement robuste, enti\u00e8rement automatique pour niveler, aligner et reporter des angles droits dans les travaux \u00e0 l\u2019ext\u00e9rieur et l\u2019am\u00e9nagement&hellip;<\/p>\n","protected":false},"featured_media":3255,"comment_status":"closed","ping_status":"closed","template":"","meta":[],"product_cat":[81],"product_tag":[],"class_list":{"0":"post-3254","1":"product","2":"type-product","3":"status-publish","4":"has-post-thumbnail","6":"product_cat-laser-croix","7":"","9":"first","10":"instock","11":"taxable","12":"shipping-taxable","13":"product-type-simple"},"yoast_head":"<!-- This site is optimized with the Yoast SEO plugin v24.7 - https:\/\/yoast.com\/wordpress\/plugins\/seo\/ -->\n<title>Laser universel 471810 LINUS 1 HV Nedo - LASER ELECTRONIQUE TP<\/title>\n<meta name=\"robots\" content=\"index, follow, max-snippet:-1, max-image-preview:large, max-video-preview:-1\" \/>\n<link rel=\"canonical\" href=\"https:\/\/laserelectronique.com\/?product=laser-universel-471810-linus-1-hv-nedo\" \/>\n<meta property=\"og:locale\" content=\"fr_FR\" \/>\n<meta property=\"og:type\" content=\"article\" \/>\n<meta property=\"og:title\" content=\"Laser universel 471810 LINUS 1 HV Nedo - LASER ELECTRONIQUE TP\" \/>\n<meta property=\"og:description\" content=\"Innovant.\u00a0 LINUS1 HV Nedo est un laser universel de type nouveau, extr\u00eamement robuste, enti\u00e8rement automatique pour niveler, aligner et reporter des angles droits dans les travaux \u00e0 l\u2019ext\u00e9rieur et l\u2019am\u00e9nagement&hellip;\" \/>\n<meta property=\"og:url\" content=\"https:\/\/laserelectronique.com\/?product=laser-universel-471810-linus-1-hv-nedo\" \/>\n<meta property=\"og:site_name\" content=\"LASER ELECTRONIQUE TP\" \/>\n<meta property=\"article:modified_time\" content=\"2022-07-27T09:30:42+00:00\" \/>\n<meta property=\"og:image\" content=\"https:\/\/laserelectronique.com\/wp-content\/uploads\/2020\/12\/471810.png\" \/>\n\t<meta property=\"og:image:width\" content=\"1800\" \/>\n\t<meta property=\"og:image:height\" content=\"1800\" \/>\n\t<meta property=\"og:image:type\" content=\"image\/png\" \/>\n<meta name=\"twitter:card\" content=\"summary_large_image\" \/>\n<meta name=\"twitter:label1\" content=\"Dur\u00e9e de lecture estim\u00e9e\" \/>\n\t<meta name=\"twitter:data1\" content=\"4 minutes\" \/>\n<script type=\"application\/ld+json\" class=\"yoast-schema-graph\">{\"@context\":\"https:\/\/schema.org\",\"@graph\":[{\"@type\":\"WebPage\",\"@id\":\"https:\/\/laserelectronique.com\/?product=laser-universel-471810-linus-1-hv-nedo\",\"url\":\"https:\/\/laserelectronique.com\/?product=laser-universel-471810-linus-1-hv-nedo\",\"name\":\"Laser universel 471810 LINUS 1 HV Nedo - LASER ELECTRONIQUE TP\",\"isPartOf\":{\"@id\":\"https:\/\/laserelectronique.com\/#website\"},\"primaryImageOfPage\":{\"@id\":\"https:\/\/laserelectronique.com\/?product=laser-universel-471810-linus-1-hv-nedo#primaryimage\"},\"image\":{\"@id\":\"https:\/\/laserelectronique.com\/?product=laser-universel-471810-linus-1-hv-nedo#primaryimage\"},\"thumbnailUrl\":\"https:\/\/laserelectronique.com\/wp-content\/uploads\/2020\/12\/471810.png\",\"datePublished\":\"2020-12-27T14:41:09+00:00\",\"dateModified\":\"2022-07-27T09:30:42+00:00\",\"breadcrumb\":{\"@id\":\"https:\/\/laserelectronique.com\/?product=laser-universel-471810-linus-1-hv-nedo#breadcrumb\"},\"inLanguage\":\"fr-FR\",\"potentialAction\":[{\"@type\":\"ReadAction\",\"target\":[\"https:\/\/laserelectronique.com\/?product=laser-universel-471810-linus-1-hv-nedo\"]}]},{\"@type\":\"ImageObject\",\"inLanguage\":\"fr-FR\",\"@id\":\"https:\/\/laserelectronique.com\/?product=laser-universel-471810-linus-1-hv-nedo#primaryimage\",\"url\":\"https:\/\/laserelectronique.com\/wp-content\/uploads\/2020\/12\/471810.png\",\"contentUrl\":\"https:\/\/laserelectronique.com\/wp-content\/uploads\/2020\/12\/471810.png\",\"width\":1800,\"height\":1800},{\"@type\":\"BreadcrumbList\",\"@id\":\"https:\/\/laserelectronique.com\/?product=laser-universel-471810-linus-1-hv-nedo#breadcrumb\",\"itemListElement\":[{\"@type\":\"ListItem\",\"position\":1,\"name\":\"Accueil\",\"item\":\"https:\/\/laserelectronique.com\/\"},{\"@type\":\"ListItem\",\"position\":2,\"name\":\"Boutique\",\"item\":\"https:\/\/laserelectronique.com\/?page_id=7\"},{\"@type\":\"ListItem\",\"position\":3,\"name\":\"Laser universel 471810 LINUS 1 HV Nedo\"}]},{\"@type\":\"WebSite\",\"@id\":\"https:\/\/laserelectronique.com\/#website\",\"url\":\"https:\/\/laserelectronique.com\/\",\"name\":\"LASER ELECTRONIQUE TP\",\"description\":\"VOTRE PARTENAIRE EN GUIDAGE D&#039;ENGINS, TOPOGRAPHIE ET SERVICES\",\"potentialAction\":[{\"@type\":\"SearchAction\",\"target\":{\"@type\":\"EntryPoint\",\"urlTemplate\":\"https:\/\/laserelectronique.com\/?s={search_term_string}\"},\"query-input\":{\"@type\":\"PropertyValueSpecification\",\"valueRequired\":true,\"valueName\":\"search_term_string\"}}],\"inLanguage\":\"fr-FR\"}]}<\/script>\n<!-- \/ Yoast SEO plugin. -->","yoast_head_json":{"title":"Laser universel 471810 LINUS 1 HV Nedo - LASER ELECTRONIQUE TP","robots":{"index":"index","follow":"follow","max-snippet":"max-snippet:-1","max-image-preview":"max-image-preview:large","max-video-preview":"max-video-preview:-1"},"canonical":"https:\/\/laserelectronique.com\/?product=laser-universel-471810-linus-1-hv-nedo","og_locale":"fr_FR","og_type":"article","og_title":"Laser universel 471810 LINUS 1 HV Nedo - LASER ELECTRONIQUE TP","og_description":"Innovant.\u00a0 LINUS1 HV Nedo est un laser universel de type nouveau, extr\u00eamement robuste, enti\u00e8rement automatique pour niveler, aligner et reporter des angles droits dans les travaux \u00e0 l\u2019ext\u00e9rieur et l\u2019am\u00e9nagement&hellip;","og_url":"https:\/\/laserelectronique.com\/?product=laser-universel-471810-linus-1-hv-nedo","og_site_name":"LASER ELECTRONIQUE TP","article_modified_time":"2022-07-27T09:30:42+00:00","og_image":[{"width":1800,"height":1800,"url":"https:\/\/laserelectronique.com\/wp-content\/uploads\/2020\/12\/471810.png","type":"image\/png"}],"twitter_card":"summary_large_image","twitter_misc":{"Dur\u00e9e de lecture estim\u00e9e":"4 minutes"},"schema":{"@context":"https:\/\/schema.org","@graph":[{"@type":"WebPage","@id":"https:\/\/laserelectronique.com\/?product=laser-universel-471810-linus-1-hv-nedo","url":"https:\/\/laserelectronique.com\/?product=laser-universel-471810-linus-1-hv-nedo","name":"Laser universel 471810 LINUS 1 HV Nedo - LASER ELECTRONIQUE TP","isPartOf":{"@id":"https:\/\/laserelectronique.com\/#website"},"primaryImageOfPage":{"@id":"https:\/\/laserelectronique.com\/?product=laser-universel-471810-linus-1-hv-nedo#primaryimage"},"image":{"@id":"https:\/\/laserelectronique.com\/?product=laser-universel-471810-linus-1-hv-nedo#primaryimage"},"thumbnailUrl":"https:\/\/laserelectronique.com\/wp-content\/uploads\/2020\/12\/471810.png","datePublished":"2020-12-27T14:41:09+00:00","dateModified":"2022-07-27T09:30:42+00:00","breadcrumb":{"@id":"https:\/\/laserelectronique.com\/?product=laser-universel-471810-linus-1-hv-nedo#breadcrumb"},"inLanguage":"fr-FR","potentialAction":[{"@type":"ReadAction","target":["https:\/\/laserelectronique.com\/?product=laser-universel-471810-linus-1-hv-nedo"]}]},{"@type":"ImageObject","inLanguage":"fr-FR","@id":"https:\/\/laserelectronique.com\/?product=laser-universel-471810-linus-1-hv-nedo#primaryimage","url":"https:\/\/laserelectronique.com\/wp-content\/uploads\/2020\/12\/471810.png","contentUrl":"https:\/\/laserelectronique.com\/wp-content\/uploads\/2020\/12\/471810.png","width":1800,"height":1800},{"@type":"BreadcrumbList","@id":"https:\/\/laserelectronique.com\/?product=laser-universel-471810-linus-1-hv-nedo#breadcrumb","itemListElement":[{"@type":"ListItem","position":1,"name":"Accueil","item":"https:\/\/laserelectronique.com\/"},{"@type":"ListItem","position":2,"name":"Boutique","item":"https:\/\/laserelectronique.com\/?page_id=7"},{"@type":"ListItem","position":3,"name":"Laser universel 471810 LINUS 1 HV Nedo"}]},{"@type":"WebSite","@id":"https:\/\/laserelectronique.com\/#website","url":"https:\/\/laserelectronique.com\/","name":"LASER ELECTRONIQUE TP","description":"VOTRE PARTENAIRE EN GUIDAGE D&#039;ENGINS, TOPOGRAPHIE ET SERVICES","potentialAction":[{"@type":"SearchAction","target":{"@type":"EntryPoint","urlTemplate":"https:\/\/laserelectronique.com\/?s={search_term_string}"},"query-input":{"@type":"PropertyValueSpecification","valueRequired":true,"valueName":"search_term_string"}}],"inLanguage":"fr-FR"}]}},"_links":{"self":[{"href":"https:\/\/laserelectronique.com\/index.php?rest_route=\/wp\/v2\/product\/3254","targetHints":{"allow":["GET"]}}],"collection":[{"href":"https:\/\/laserelectronique.com\/index.php?rest_route=\/wp\/v2\/product"}],"about":[{"href":"https:\/\/laserelectronique.com\/index.php?rest_route=\/wp\/v2\/types\/product"}],"replies":[{"embeddable":true,"href":"https:\/\/laserelectronique.com\/index.php?rest_route=%2Fwp%2Fv2%2Fcomments&post=3254"}],"wp:featuredmedia":[{"embeddable":true,"href":"https:\/\/laserelectronique.com\/index.php?rest_route=\/wp\/v2\/media\/3255"}],"wp:attachment":[{"href":"https:\/\/laserelectronique.com\/index.php?rest_route=%2Fwp%2Fv2%2Fmedia&parent=3254"}],"wp:term":[{"taxonomy":"product_cat","embeddable":true,"href":"https:\/\/laserelectronique.com\/index.php?rest_route=%2Fwp%2Fv2%2Fproduct_cat&post=3254"},{"taxonomy":"product_tag","embeddable":true,"href":"https:\/\/laserelectronique.com\/index.php?rest_route=%2Fwp%2Fv2%2Fproduct_tag&post=3254"}],"curies":[{"name":"wp","href":"https:\/\/api.w.org\/{rel}","templated":true}]}}