{"id":3252,"date":"2020-12-27T15:38:12","date_gmt":"2020-12-27T14:38:12","guid":{"rendered":"http:\/\/laserelectronique.com\/?post_type=product&#038;p=3252"},"modified":"2022-07-27T11:46:22","modified_gmt":"2022-07-27T09:46:22","slug":"laser-multiligne-460867-et-460869-nedo","status":"publish","type":"product","link":"https:\/\/laserelectronique.com\/?product=laser-multiligne-460867-et-460869-nedo","title":{"rendered":"Laser multiligne CUBE green 460867"},"content":{"rendered":"<h3 class=\"STYLE_20\" align=\"LEFT\"><strong>CUBE\/CUBE green<\/strong><\/h3>\n<div class=\"STYLE_12\" align=\"LEFT\"><strong>Le laser multiligne \u00e0 calage automatique CUBE produit<\/strong><br \/>\n<strong>une croix laser et une ligne laser verticale suppl\u00e9mentaire,<\/strong><img loading=\"lazy\" decoding=\"async\" class=\"wp-image-3603 alignright\" src=\"http:\/\/laserins.fr\/wp-content\/uploads\/2020\/12\/460867_big.gif\" alt=\"\" width=\"269\" height=\"301\" \/><br \/>\n<strong>perpendiculaire \u00e0 la croix laser.<\/strong><br \/>\n<strong>Ainsi, Nedo CUBE est non seulement parfait pour r\u00e9aliser<\/strong><br \/>\n<strong>un nivellement et un alignement rapides et simples mais<\/strong><br \/>\n<strong>aussi pour reporter un angle droit. Gr\u00e2ce \u00e0 la pince de<\/strong><br \/>\n<strong>fixation fournie avec, Nedo CUBE se fixe partout.<\/strong><br \/>\n<strong>Nedo CUBE peut \u00eatre livr\u00e9 au choix avec des diodes<\/strong><br \/>\n<strong>laser vertes pour une meilleure visibilit\u00e9 ou avec des<\/strong><br \/>\n<strong>diodes laser rouges.<\/strong><\/div>\n<div align=\"LEFT\"><\/div>\n<div align=\"LEFT\">\n<h3 class=\"STYLE_12\" align=\"LEFT\"><b>Particularit\u00e9s :<img loading=\"lazy\" decoding=\"async\" class=\"wp-image-3599 alignright\" src=\"http:\/\/laserins.fr\/wp-content\/uploads\/2020\/12\/460869_lieferumfang_big.gif\" alt=\"\" width=\"270\" height=\"193\" \/><\/b><\/h3>\n<div class=\"STYLE_12\" align=\"LEFT\">\n<ul type=\"square\">\n<li><strong>Laser multiligne \u00e0 calage automatique pour niveler,<\/strong><br \/>\n<strong>aligner et reporter des angles droits avec<\/strong><br \/>\n<strong>rapidit\u00e9 dans l&rsquo;am\u00e9nagement int\u00e9rieure.<\/strong><\/li>\n<li><strong>G\u00e9n\u00e8re une croix laser et une ligne laser<\/strong><br \/>\n<strong>suppl\u00e9mentaire verticale, \u00e0 90\u00b0<img loading=\"lazy\" decoding=\"async\" class=\" wp-image-3601 alignright\" src=\"http:\/\/laserins.fr\/wp-content\/uploads\/2020\/12\/460869_icons.gif\" alt=\"\" width=\"266\" height=\"172\" \/><\/strong><\/li>\n<li><strong>Lignes laser bien visibles<\/strong><\/li>\n<li><strong>Amortissement magn\u00e9tique fiable<\/strong><\/li>\n<li><strong>Fonction inclinaison<\/strong><\/li>\n<li><strong>Raccord filet\u00e9 1\/4\u201c<\/strong><\/li>\n<li><strong>Pratique fixation par pince m\u00e9tallique,<\/strong><br \/>\n<strong>avec rotule<\/strong><\/li>\n<li><strong>Extr\u00eamement petit et maniable<\/strong><\/li>\n<li><strong>Avec sac de transport et piles<\/strong><\/li>\n<\/ul>\n<h3 class=\"STYLE_12\" align=\"LEFT\"><strong>Conditionnement :<img loading=\"lazy\" decoding=\"async\" class=\"wp-image-3602 alignright\" src=\"http:\/\/laserins.fr\/wp-content\/uploads\/2020\/12\/460869_strahlbild_big.gif\" alt=\"\" width=\"146\" height=\"116\" \/><\/strong><\/h3>\n<div class=\"STYLE_12\" align=\"LEFT\">\n<p><strong>Laser multiligne CUBE<\/strong><br \/>\n<strong>Fixation par pince m\u00e9tallique, avec rotule<\/strong><br \/>\n<strong>Piles<\/strong><br \/>\n<strong>Sac de transport<\/strong><\/p>\n<\/div>\n<div class=\"STYLE_12\" align=\"LEFT\"><b>R\u00e9f. 460 869 (diodes laser rouges)<img loading=\"lazy\" decoding=\"async\" class=\"wp-image-3600 alignright\" src=\"http:\/\/laserins.fr\/wp-content\/uploads\/2020\/12\/460867_strahlbild_big.gif\" alt=\"\" width=\"147\" height=\"111\" \/><\/b><br \/>\n<b>R\u00e9f. 460 867 (diodes laser vertes)<\/b><\/div>\n<h3 class=\"STYLE_12\" align=\"Left\">Caract\u00e9ristiques techniques :<\/h3>\n<div class=\"STYLE_12\" align=\"LEFT\">\n<table style=\"height: 410px;\" border=\"0\" width=\"517\" cellspacing=\"0\" cellpadding=\"2\">\n<tbody>\n<tr>\n<td class=\"TabelleZeile1\" align=\"LEFT\" valign=\"TOP\" width=\"170\"><strong>R\u00e9f.<\/strong><br \/>\n<strong>R\u00e9f.<\/strong><\/td>\n<td class=\"TabelleZeile1\" align=\"LEFT\" valign=\"TOP\" width=\"200\"><strong>460867 (diodes laser vertes)<\/strong><br \/>\n<strong>460869 (diodes laser rouges)<\/strong><\/td>\n<\/tr>\n<tr>\n<td class=\"TabelleZeile2\" align=\"LEFT\" valign=\"TOP\" width=\"170\"><strong>Pr\u00e9cision<\/strong><\/td>\n<td class=\"TabelleZeile2\" align=\"LEFT\" valign=\"TOP\" width=\"200\"><strong>\u00b1 0,5 mm\/m<\/strong><\/td>\n<\/tr>\n<tr>\n<td class=\"TabelleZeile3\" align=\"LEFT\" valign=\"TOP\" width=\"170\"><strong>Plage d\u00b4autonivellement<\/strong><\/td>\n<td class=\"TabelleZeile3\" align=\"LEFT\" valign=\"TOP\" width=\"200\"><strong>\u00b1 4\u00b0<\/strong><\/td>\n<\/tr>\n<tr>\n<td class=\"TabelleZeile2\" align=\"LEFT\" valign=\"TOP\" width=\"170\"><strong>Port\u00e9e maxi \u00d8<\/strong><\/td>\n<td class=\"TabelleZeile2\" align=\"LEFT\" valign=\"TOP\" width=\"200\"><strong>env. 30 m<\/strong><\/td>\n<\/tr>\n<tr>\n<td class=\"TabelleZeile3\" align=\"LEFT\" valign=\"TOP\" width=\"170\"><strong>Laser<\/strong><\/td>\n<td class=\"TabelleZeile3\" align=\"LEFT\" valign=\"TOP\" width=\"200\"><strong>classe 2, 635 nm<\/strong><\/td>\n<\/tr>\n<tr>\n<td class=\"TabelleZeile2\" align=\"LEFT\" valign=\"TOP\" width=\"170\"><strong>Alimentation<\/strong><\/td>\n<td class=\"TabelleZeile2\" align=\"LEFT\" valign=\"TOP\" width=\"200\"><strong>3 x 1,5 V\u00a0<\/strong><strong><br \/>\ntype AAA<\/strong><\/td>\n<\/tr>\n<tr>\n<td class=\"TabelleZeile3\" align=\"LEFT\" valign=\"TOP\" width=\"170\"><strong>Etanch\u00e9it\u00e9<\/strong><\/td>\n<td class=\"TabelleZeile3\" align=\"LEFT\" valign=\"TOP\" width=\"200\"><strong>IP 54<\/strong><\/td>\n<\/tr>\n<tr>\n<td class=\"TabelleZeile2\" align=\"LEFT\" valign=\"TOP\" width=\"170\"><strong>Autonomie<\/strong><\/td>\n<td class=\"TabelleZeile2\" align=\"LEFT\" valign=\"TOP\" width=\"200\"><strong>env. 8 h<\/strong><\/td>\n<\/tr>\n<tr>\n<td class=\"TabelleZeile3\" align=\"LEFT\" valign=\"TOP\" width=\"170\"><strong>Raccord filet\u00e9<\/strong><\/td>\n<td class=\"TabelleZeile3\" align=\"LEFT\" valign=\"TOP\" width=\"200\"><strong>1\/4\u00a0\u00bb<\/strong><\/td>\n<\/tr>\n<\/tbody>\n<\/table>\n<\/div>\n<p>&nbsp;<\/p>\n<\/div>\n<\/div>\n","protected":false},"excerpt":{"rendered":"<p>CUBE\/CUBE green Le laser multiligne \u00e0 calage automatique CUBE produit une croix laser et une ligne laser verticale suppl\u00e9mentaire, perpendiculaire \u00e0 la croix laser. Ainsi, Nedo CUBE est non seulement&hellip;<\/p>\n","protected":false},"featured_media":3253,"comment_status":"closed","ping_status":"closed","template":"","meta":[],"product_cat":[81],"product_tag":[],"class_list":{"0":"post-3252","1":"product","2":"type-product","3":"status-publish","4":"has-post-thumbnail","6":"product_cat-laser-croix","7":"","9":"first","10":"instock","11":"taxable","12":"shipping-taxable","13":"product-type-simple"},"yoast_head":"<!-- This site is optimized with the Yoast SEO plugin v24.7 - https:\/\/yoast.com\/wordpress\/plugins\/seo\/ -->\n<title>Laser multiligne CUBE green 460867 - LASER ELECTRONIQUE TP<\/title>\n<meta name=\"robots\" content=\"index, follow, max-snippet:-1, max-image-preview:large, max-video-preview:-1\" \/>\n<link rel=\"canonical\" href=\"https:\/\/laserelectronique.com\/?product=laser-multiligne-460867-et-460869-nedo\" \/>\n<meta property=\"og:locale\" content=\"fr_FR\" \/>\n<meta property=\"og:type\" content=\"article\" \/>\n<meta property=\"og:title\" content=\"Laser multiligne CUBE green 460867 - LASER ELECTRONIQUE TP\" \/>\n<meta property=\"og:description\" content=\"CUBE\/CUBE green Le laser multiligne \u00e0 calage automatique CUBE produit une croix laser et une ligne laser verticale suppl\u00e9mentaire, perpendiculaire \u00e0 la croix laser. Ainsi, Nedo CUBE est non seulement&hellip;\" \/>\n<meta property=\"og:url\" content=\"https:\/\/laserelectronique.com\/?product=laser-multiligne-460867-et-460869-nedo\" \/>\n<meta property=\"og:site_name\" content=\"LASER ELECTRONIQUE TP\" \/>\n<meta property=\"article:modified_time\" content=\"2022-07-27T09:46:22+00:00\" \/>\n<meta property=\"og:image\" content=\"https:\/\/laserelectronique.com\/wp-content\/uploads\/2020\/12\/460867-1024x1024.png\" \/>\n\t<meta property=\"og:image:width\" content=\"1024\" \/>\n\t<meta property=\"og:image:height\" content=\"1024\" \/>\n\t<meta property=\"og:image:type\" content=\"image\/png\" \/>\n<meta name=\"twitter:card\" content=\"summary_large_image\" \/>\n<meta name=\"twitter:label1\" content=\"Dur\u00e9e de lecture estim\u00e9e\" \/>\n\t<meta name=\"twitter:data1\" content=\"1 minute\" \/>\n<script type=\"application\/ld+json\" class=\"yoast-schema-graph\">{\"@context\":\"https:\/\/schema.org\",\"@graph\":[{\"@type\":\"WebPage\",\"@id\":\"https:\/\/laserelectronique.com\/?product=laser-multiligne-460867-et-460869-nedo\",\"url\":\"https:\/\/laserelectronique.com\/?product=laser-multiligne-460867-et-460869-nedo\",\"name\":\"Laser multiligne CUBE green 460867 - LASER ELECTRONIQUE TP\",\"isPartOf\":{\"@id\":\"https:\/\/laserelectronique.com\/#website\"},\"primaryImageOfPage\":{\"@id\":\"https:\/\/laserelectronique.com\/?product=laser-multiligne-460867-et-460869-nedo#primaryimage\"},\"image\":{\"@id\":\"https:\/\/laserelectronique.com\/?product=laser-multiligne-460867-et-460869-nedo#primaryimage\"},\"thumbnailUrl\":\"https:\/\/laserelectronique.com\/wp-content\/uploads\/2020\/12\/460867.png\",\"datePublished\":\"2020-12-27T14:38:12+00:00\",\"dateModified\":\"2022-07-27T09:46:22+00:00\",\"breadcrumb\":{\"@id\":\"https:\/\/laserelectronique.com\/?product=laser-multiligne-460867-et-460869-nedo#breadcrumb\"},\"inLanguage\":\"fr-FR\",\"potentialAction\":[{\"@type\":\"ReadAction\",\"target\":[\"https:\/\/laserelectronique.com\/?product=laser-multiligne-460867-et-460869-nedo\"]}]},{\"@type\":\"ImageObject\",\"inLanguage\":\"fr-FR\",\"@id\":\"https:\/\/laserelectronique.com\/?product=laser-multiligne-460867-et-460869-nedo#primaryimage\",\"url\":\"https:\/\/laserelectronique.com\/wp-content\/uploads\/2020\/12\/460867.png\",\"contentUrl\":\"https:\/\/laserelectronique.com\/wp-content\/uploads\/2020\/12\/460867.png\",\"width\":1800,\"height\":1800},{\"@type\":\"BreadcrumbList\",\"@id\":\"https:\/\/laserelectronique.com\/?product=laser-multiligne-460867-et-460869-nedo#breadcrumb\",\"itemListElement\":[{\"@type\":\"ListItem\",\"position\":1,\"name\":\"Accueil\",\"item\":\"https:\/\/laserelectronique.com\/\"},{\"@type\":\"ListItem\",\"position\":2,\"name\":\"Boutique\",\"item\":\"https:\/\/laserelectronique.com\/?page_id=7\"},{\"@type\":\"ListItem\",\"position\":3,\"name\":\"Laser multiligne CUBE green 460867\"}]},{\"@type\":\"WebSite\",\"@id\":\"https:\/\/laserelectronique.com\/#website\",\"url\":\"https:\/\/laserelectronique.com\/\",\"name\":\"LASER ELECTRONIQUE TP\",\"description\":\"VOTRE PARTENAIRE EN GUIDAGE D&#039;ENGINS, TOPOGRAPHIE ET SERVICES\",\"potentialAction\":[{\"@type\":\"SearchAction\",\"target\":{\"@type\":\"EntryPoint\",\"urlTemplate\":\"https:\/\/laserelectronique.com\/?s={search_term_string}\"},\"query-input\":{\"@type\":\"PropertyValueSpecification\",\"valueRequired\":true,\"valueName\":\"search_term_string\"}}],\"inLanguage\":\"fr-FR\"}]}<\/script>\n<!-- \/ Yoast SEO plugin. -->","yoast_head_json":{"title":"Laser multiligne CUBE green 460867 - LASER ELECTRONIQUE TP","robots":{"index":"index","follow":"follow","max-snippet":"max-snippet:-1","max-image-preview":"max-image-preview:large","max-video-preview":"max-video-preview:-1"},"canonical":"https:\/\/laserelectronique.com\/?product=laser-multiligne-460867-et-460869-nedo","og_locale":"fr_FR","og_type":"article","og_title":"Laser multiligne CUBE green 460867 - LASER ELECTRONIQUE TP","og_description":"CUBE\/CUBE green Le laser multiligne \u00e0 calage automatique CUBE produit une croix laser et une ligne laser verticale suppl\u00e9mentaire, perpendiculaire \u00e0 la croix laser. Ainsi, Nedo CUBE est non seulement&hellip;","og_url":"https:\/\/laserelectronique.com\/?product=laser-multiligne-460867-et-460869-nedo","og_site_name":"LASER ELECTRONIQUE TP","article_modified_time":"2022-07-27T09:46:22+00:00","og_image":[{"width":1024,"height":1024,"url":"https:\/\/laserelectronique.com\/wp-content\/uploads\/2020\/12\/460867-1024x1024.png","type":"image\/png"}],"twitter_card":"summary_large_image","twitter_misc":{"Dur\u00e9e de lecture estim\u00e9e":"1 minute"},"schema":{"@context":"https:\/\/schema.org","@graph":[{"@type":"WebPage","@id":"https:\/\/laserelectronique.com\/?product=laser-multiligne-460867-et-460869-nedo","url":"https:\/\/laserelectronique.com\/?product=laser-multiligne-460867-et-460869-nedo","name":"Laser multiligne CUBE green 460867 - LASER ELECTRONIQUE TP","isPartOf":{"@id":"https:\/\/laserelectronique.com\/#website"},"primaryImageOfPage":{"@id":"https:\/\/laserelectronique.com\/?product=laser-multiligne-460867-et-460869-nedo#primaryimage"},"image":{"@id":"https:\/\/laserelectronique.com\/?product=laser-multiligne-460867-et-460869-nedo#primaryimage"},"thumbnailUrl":"https:\/\/laserelectronique.com\/wp-content\/uploads\/2020\/12\/460867.png","datePublished":"2020-12-27T14:38:12+00:00","dateModified":"2022-07-27T09:46:22+00:00","breadcrumb":{"@id":"https:\/\/laserelectronique.com\/?product=laser-multiligne-460867-et-460869-nedo#breadcrumb"},"inLanguage":"fr-FR","potentialAction":[{"@type":"ReadAction","target":["https:\/\/laserelectronique.com\/?product=laser-multiligne-460867-et-460869-nedo"]}]},{"@type":"ImageObject","inLanguage":"fr-FR","@id":"https:\/\/laserelectronique.com\/?product=laser-multiligne-460867-et-460869-nedo#primaryimage","url":"https:\/\/laserelectronique.com\/wp-content\/uploads\/2020\/12\/460867.png","contentUrl":"https:\/\/laserelectronique.com\/wp-content\/uploads\/2020\/12\/460867.png","width":1800,"height":1800},{"@type":"BreadcrumbList","@id":"https:\/\/laserelectronique.com\/?product=laser-multiligne-460867-et-460869-nedo#breadcrumb","itemListElement":[{"@type":"ListItem","position":1,"name":"Accueil","item":"https:\/\/laserelectronique.com\/"},{"@type":"ListItem","position":2,"name":"Boutique","item":"https:\/\/laserelectronique.com\/?page_id=7"},{"@type":"ListItem","position":3,"name":"Laser multiligne CUBE green 460867"}]},{"@type":"WebSite","@id":"https:\/\/laserelectronique.com\/#website","url":"https:\/\/laserelectronique.com\/","name":"LASER ELECTRONIQUE TP","description":"VOTRE PARTENAIRE EN GUIDAGE D&#039;ENGINS, TOPOGRAPHIE ET SERVICES","potentialAction":[{"@type":"SearchAction","target":{"@type":"EntryPoint","urlTemplate":"https:\/\/laserelectronique.com\/?s={search_term_string}"},"query-input":{"@type":"PropertyValueSpecification","valueRequired":true,"valueName":"search_term_string"}}],"inLanguage":"fr-FR"}]}},"_links":{"self":[{"href":"https:\/\/laserelectronique.com\/index.php?rest_route=\/wp\/v2\/product\/3252","targetHints":{"allow":["GET"]}}],"collection":[{"href":"https:\/\/laserelectronique.com\/index.php?rest_route=\/wp\/v2\/product"}],"about":[{"href":"https:\/\/laserelectronique.com\/index.php?rest_route=\/wp\/v2\/types\/product"}],"replies":[{"embeddable":true,"href":"https:\/\/laserelectronique.com\/index.php?rest_route=%2Fwp%2Fv2%2Fcomments&post=3252"}],"wp:featuredmedia":[{"embeddable":true,"href":"https:\/\/laserelectronique.com\/index.php?rest_route=\/wp\/v2\/media\/3253"}],"wp:attachment":[{"href":"https:\/\/laserelectronique.com\/index.php?rest_route=%2Fwp%2Fv2%2Fmedia&parent=3252"}],"wp:term":[{"taxonomy":"product_cat","embeddable":true,"href":"https:\/\/laserelectronique.com\/index.php?rest_route=%2Fwp%2Fv2%2Fproduct_cat&post=3252"},{"taxonomy":"product_tag","embeddable":true,"href":"https:\/\/laserelectronique.com\/index.php?rest_route=%2Fwp%2Fv2%2Fproduct_tag&post=3252"}],"curies":[{"name":"wp","href":"https:\/\/api.w.org\/{rel}","templated":true}]}}