{"id":3250,"date":"2020-12-27T10:44:45","date_gmt":"2020-12-27T09:44:45","guid":{"rendered":"http:\/\/laserelectronique.com\/?post_type=product&#038;p=3250"},"modified":"2020-12-27T10:47:42","modified_gmt":"2020-12-27T09:47:42","slug":"mires-telescopiques-nedo-343122-01","status":"publish","type":"product","link":"https:\/\/laserelectronique.com\/?product=mires-telescopiques-nedo-343122-01","title":{"rendered":"Mires t\u00e9lescopiques Nedo 343122-01"},"content":{"rendered":"<div class=\"STYLE_9\" align=\"LEFT\">\n<h3 class=\"STYLE_20\" align=\"LEFT\"><strong>Mires t\u00e9lescopiques en aluminium<\/strong><\/h3>\n<p><strong><img loading=\"lazy\" decoding=\"async\" class=\"alignright\" src=\"https:\/\/www.nedo.com\/img\/products\/vmg\/teleskoplatten_und_teilung_detail.gif\" width=\"158\" height=\"556\" \/><\/strong><\/p>\n<div class=\"STYLE_BildBalken\" align=\"left\"><strong><img loading=\"lazy\" decoding=\"async\" src=\"https:\/\/www.nedo.com\/img\/Balken_bild_215x25.gif\" alt=\"\" width=\"215\" height=\"25\" align=\"TOP\" border=\"0\" hspace=\"0\" vspace=\"0\" \/><\/strong><\/div>\n<div class=\"STYLE_BildBalken\" align=\"left\"><strong>\u00a0R\u00e9f. 345 121\u00a0\u00a0\u00a0\u00a0Grad. 1\u00a0\u00a0\u00a0\u00a0Grad. 2<\/strong><\/div>\n<div class=\"STYLE_12\" align=\"LEFT\"><strong>Pour r\u00e9pondre aux diff\u00e9rentes exigences en mati\u00e8re de<\/strong><br \/>\n<strong>qualit\u00e9, Nedo propose deux s\u00e9ries de mires t\u00e9lesco-<\/strong><br \/>\n<strong>piques. En ce qui concerne la pr\u00e9cision, ces mires sont<\/strong><br \/>\n<strong>conformes \u00e0 la norme DIN 18703.<\/strong><strong>Mires t\u00e9lescopiques Quali<i>Line<\/i><\/strong><br \/>\n<strong>Les mires t\u00e9lescopiques Quali<i>Line<\/i>\u00a0Nedo de haute<\/strong><br \/>\n<strong>pr\u00e9cision sont fabriqu\u00e9es avec des tubes d\u2019aluminium<\/strong><br \/>\n<strong>de grande qualit\u00e9 et peintes avec un rev\u00eatement<\/strong><br \/>\n<strong>d\u2019\u00e9poxy blanc garantissant les plus s\u00e9v\u00e8res exigences.<\/strong><br \/>\n<strong>Le m\u00e9canisme robuste \u00e0 crans garantit un encliquetage<\/strong><br \/>\n<strong>s\u00fbr des \u00e9l\u00e9ments t\u00e9lescopiques. La graduation sur le<\/strong><br \/>\n<strong>devant de la mire est bien prot\u00e9g\u00e9e par un bord profil\u00e9<\/strong><br \/>\n<strong>faisant saillie. Les mires t\u00e9lescopiques Quali<i>Line<\/i>\u00a0Nedo<\/strong><br \/>\n<strong>sont \u00e9galement disponibles avec des nivelles sph\u00e9riques<\/strong><br \/>\n<strong>r\u00e9glables.<\/strong><strong>Mires t\u00e9lescopiques Standard<i>Line<\/i><\/strong><strong>Qualit\u00e9 fiable \u00e0 un prix avantageux. <\/strong><\/div>\n<div class=\"STYLE_12\" align=\"LEFT\"><strong>Les mires t\u00e9lesco<\/strong><strong>piques Standard<i>Line<\/i> Nedo en tubes profil\u00e9s d\u2019aluminium<\/strong><strong>anodis\u00e9 sont con\u00e7ues pour les travaux de chantier. Un<\/strong><br \/>\n<strong>m\u00e9canisme \u00e0 crans fiable muni de boutons d\u2019arr\u00eat<\/strong><br \/>\n<strong>renforc\u00e9s de m\u00e9tal garantit un encliquetage s\u00fbr des \u00e9l\u00e9ments \u00a0 \u00a0 \u00a0 \u00a0 \u00a0 \u00a0 \u00a0 <\/strong><strong>t\u00e9lescopiques. Un \u00e9tui et nivelle sph\u00e9rique sont<\/strong><strong>\u00a0compris dans la livraison.<\/strong><img decoding=\"async\" class=\"alignleft\" style=\"text-align: -webkit-center;\" src=\"https:\/\/www.nedo.com\/img\/products\/vmg\/IntegrierteDoli.gif\" alt=\"\" align=\"TOP\" border=\"0\" hspace=\"0\" vspace=\"0\" \/><\/div>\n<p><img decoding=\"async\" class=\"alignright\" src=\"https:\/\/www.nedo.com\/img\/products\/vmg\/rastmechanismus.gif\" \/><\/p>\n<p>&nbsp;<\/p>\n<div class=\"STYLE_12\" align=\"LEFT\"><strong>Nivelle sph\u00e9rique int\u00e9gr\u00e9e<\/strong><\/div>\n<div class=\"STYLE_12\" align=\"LEFT\">\n<p><b>M\u00e9canisme \u00e0 crans Nedo<\/b><\/p>\n<p>.<\/p>\n<\/div>\n<\/div>\n<div align=\"LEFT\">\n<div align=\"LEFT\"><\/div>\n<div align=\"LEFT\"><strong>Graduation 1<\/strong><\/div>\n<div class=\"STYLE_12\" align=\"LEFT\"><strong>Graduation en mm pour mesurer les<\/strong><strong>hauteurs de locaux..<\/strong><\/div>\n<div class=\"STYLE_12\" align=\"LEFT\"><strong>Graduation 2\u00a0 \u00a0 \u00a0 \u00a0 \u00a0 \u00a0 \u00a0 \u00a0 \u00a0 \u00a0 \u00a0 \u00a0 \u00a0 \u00a0 \u00a0 \u00a0 \u00a0 \u00a0 \u00a0 \u00a0 \u00a0 \u00a0 \u00a0 \u00a0 \u00a0 \u00a0 \u00a0 \u00a0 \u00a0 \u00a0 \u00a0 \u00a0 \u00a0 \u00a0 \u00a0 \u00a0 \u00a0 \u00a0 \u00a0 \u00a0 \u00a0 \u00a0 \u00a0 \u00a0 \u00a0 \u00a0 \u00a0 \u00a0 \u00a0 <\/strong><strong>Graduation en mm (0 au pied de la<\/strong><br \/>\n<strong>mire), pour plus de pr\u00e9cision de<\/strong><br \/>\n<strong>nivellement avec des niveaux ou<\/strong><br \/>\n<strong>des lasers.<\/strong><\/div>\n<div align=\"LEFT\"><\/div>\n<div class=\"STYLE_12\" align=\"Left\"><strong>Mires Nedo t\u00e9lescopiques<\/strong><\/div>\n<div class=\"STYLE_12\" align=\"LEFT\">\n<table style=\"height: 592px;\" border=\"0\" width=\"727\" cellspacing=\"0\" cellpadding=\"2\">\n<tbody>\n<tr>\n<td class=\"TabelleZeile1\" align=\"LEFT\" valign=\"TOP\" width=\"120\"><strong>R\u00e9f.<\/strong><\/td>\n<td class=\"TabelleZeile1\" align=\"LEFT\" valign=\"TOP\" width=\"80\"><strong>Graduation<\/strong><br \/>\n<strong>au dos<\/strong><\/td>\n<td class=\"TabelleZeile1\" align=\"LEFT\" valign=\"TOP\" width=\"80\"><strong>Nivelle<\/strong><br \/>\n<strong>sph\u00e9rique<\/strong><\/td>\n<td class=\"TabelleZeile1\" align=\"LEFT\" valign=\"TOP\" width=\"80\"><strong>Nombre<\/strong><br \/>\n<strong>d\u2019\u00e9l\u00e9ments<\/strong><\/td>\n<td class=\"TabelleZeile1\" align=\"LEFT\" valign=\"TOP\" width=\"80\"><strong>Longueur<\/strong><br \/>\n<strong>en m\u00e8tres<\/strong><br \/>\n<strong>r\u00e9tract\u00e9e<\/strong><\/td>\n<td class=\"TabelleZeile1\" align=\"LEFT\" valign=\"TOP\" width=\"80\"><strong>Longueur<\/strong><br \/>\n<strong>en m\u00e8tres<\/strong><br \/>\n<strong>totale<\/strong><\/td>\n<td class=\"TabelleZeile1\" align=\"LEFT\" valign=\"TOP\" width=\"80\"><strong>Poids<\/strong><\/td>\n<\/tr>\n<tr>\n<td class=\"TabelleZeile2\" align=\"LEFT\" valign=\"TOP\" width=\"120\"><strong>Mires t\u00e9lescopiques<\/strong><br \/>\n<strong>Quali<i>Line<\/i><\/strong><\/td>\n<td class=\"TabelleZeile2\" align=\"LEFT\" valign=\"TOP\" width=\"80\"><\/td>\n<td class=\"TabelleZeile2\" align=\"LEFT\" valign=\"TOP\" width=\"80\"><\/td>\n<td class=\"TabelleZeile2\" align=\"LEFT\" valign=\"TOP\" width=\"80\"><\/td>\n<td class=\"TabelleZeile2\" align=\"LEFT\" valign=\"TOP\" width=\"80\"><\/td>\n<td class=\"TabelleZeile2\" align=\"LEFT\" valign=\"TOP\" width=\"80\"><\/td>\n<td class=\"TabelleZeile2\" align=\"LEFT\" valign=\"TOP\" width=\"80\"><\/td>\n<\/tr>\n<tr>\n<td class=\"TabelleZeile3\" align=\"LEFT\" valign=\"TOP\" width=\"120\"><strong>343 122-101<\/strong><\/td>\n<td class=\"TabelleZeile3\" align=\"LEFT\" valign=\"TOP\" width=\"80\"><strong>2<\/strong><\/td>\n<td class=\"TabelleZeile3\" align=\"LEFT\" valign=\"TOP\" width=\"80\"><strong>\u2013<\/strong><\/td>\n<td class=\"TabelleZeile3\" align=\"LEFT\" valign=\"TOP\" width=\"80\"><strong>3<\/strong><\/td>\n<td class=\"TabelleZeile3\" align=\"LEFT\" valign=\"TOP\" width=\"80\"><strong>1,16 m<\/strong><\/td>\n<td class=\"TabelleZeile3\" align=\"LEFT\" valign=\"TOP\" width=\"80\"><strong>3,00 m<\/strong><\/td>\n<td class=\"TabelleZeile3\" align=\"LEFT\" valign=\"TOP\" width=\"80\"><strong>1,40 kg<\/strong><\/td>\n<\/tr>\n<tr>\n<td class=\"TabelleZeile2\" align=\"LEFT\" valign=\"TOP\" width=\"120\"><strong>344 121<\/strong><\/td>\n<td class=\"TabelleZeile2\" align=\"LEFT\" valign=\"TOP\" width=\"80\"><strong>1<\/strong><\/td>\n<td class=\"TabelleZeile2\" align=\"LEFT\" valign=\"TOP\" width=\"80\"><strong>ajustable<\/strong><\/td>\n<td class=\"TabelleZeile2\" align=\"LEFT\" valign=\"TOP\" width=\"80\"><strong>4<\/strong><\/td>\n<td class=\"TabelleZeile2\" align=\"LEFT\" valign=\"TOP\" width=\"80\"><strong>1,19 m<\/strong><\/td>\n<td class=\"TabelleZeile2\" align=\"LEFT\" valign=\"TOP\" width=\"80\"><strong>4,00 m<\/strong><\/td>\n<td class=\"TabelleZeile2\" align=\"LEFT\" valign=\"TOP\" width=\"80\"><strong>1,80 kg<\/strong><\/td>\n<\/tr>\n<tr>\n<td class=\"TabelleZeile3\" align=\"LEFT\" valign=\"TOP\" width=\"120\"><strong>344 122<\/strong><\/td>\n<td class=\"TabelleZeile3\" align=\"LEFT\" valign=\"TOP\" width=\"80\"><strong>2<\/strong><\/td>\n<td class=\"TabelleZeile3\" align=\"LEFT\" valign=\"TOP\" width=\"80\"><strong>ajustable<\/strong><\/td>\n<td class=\"TabelleZeile3\" align=\"LEFT\" valign=\"TOP\" width=\"80\"><strong>4<\/strong><\/td>\n<td class=\"TabelleZeile3\" align=\"LEFT\" valign=\"TOP\" width=\"80\"><strong>1,19 m<\/strong><\/td>\n<td class=\"TabelleZeile3\" align=\"LEFT\" valign=\"TOP\" width=\"80\"><strong>4,00 m<\/strong><\/td>\n<td class=\"TabelleZeile3\" align=\"LEFT\" valign=\"TOP\" width=\"80\"><strong>1,80 kg<\/strong><\/td>\n<\/tr>\n<tr>\n<td class=\"TabelleZeile2\" align=\"LEFT\" valign=\"TOP\" width=\"120\"><strong>345 121<\/strong><\/td>\n<td class=\"TabelleZeile2\" align=\"LEFT\" valign=\"TOP\" width=\"80\"><strong>1<\/strong><\/td>\n<td class=\"TabelleZeile2\" align=\"LEFT\" valign=\"TOP\" width=\"80\"><strong>ajustable<\/strong><\/td>\n<td class=\"TabelleZeile2\" align=\"LEFT\" valign=\"TOP\" width=\"80\"><strong>5<\/strong><\/td>\n<td class=\"TabelleZeile2\" align=\"LEFT\" valign=\"TOP\" width=\"80\"><strong>1,22 m<\/strong><\/td>\n<td class=\"TabelleZeile2\" align=\"LEFT\" valign=\"TOP\" width=\"80\"><strong>5,00 m<\/strong><\/td>\n<td class=\"TabelleZeile2\" align=\"LEFT\" valign=\"TOP\" width=\"80\"><strong>2,10 kg<\/strong><\/td>\n<\/tr>\n<tr>\n<td class=\"TabelleZeile3\" align=\"LEFT\" valign=\"TOP\" width=\"120\"><strong>345 122<\/strong><\/td>\n<td class=\"TabelleZeile3\" align=\"LEFT\" valign=\"TOP\" width=\"80\"><strong>2<\/strong><\/td>\n<td class=\"TabelleZeile3\" align=\"LEFT\" valign=\"TOP\" width=\"80\"><strong>ajustable<\/strong><\/td>\n<td class=\"TabelleZeile3\" align=\"LEFT\" valign=\"TOP\" width=\"80\"><strong>5<\/strong><\/td>\n<td class=\"TabelleZeile3\" align=\"LEFT\" valign=\"TOP\" width=\"80\"><strong>1,22 m<\/strong><\/td>\n<td class=\"TabelleZeile3\" align=\"LEFT\" valign=\"TOP\" width=\"80\"><strong>5,00 m<\/strong><\/td>\n<td class=\"TabelleZeile3\" align=\"LEFT\" valign=\"TOP\" width=\"80\"><strong>2,10 kg<\/strong><\/td>\n<\/tr>\n<tr>\n<td class=\"TabelleZeile2\" align=\"LEFT\" valign=\"TOP\" width=\"120\"><\/td>\n<td class=\"TabelleZeile2\" align=\"LEFT\" valign=\"TOP\" width=\"80\"><\/td>\n<td class=\"TabelleZeile2\" align=\"LEFT\" valign=\"TOP\" width=\"80\"><\/td>\n<td class=\"TabelleZeile2\" align=\"LEFT\" valign=\"TOP\" width=\"80\"><\/td>\n<td class=\"TabelleZeile2\" align=\"LEFT\" valign=\"TOP\" width=\"80\"><\/td>\n<td class=\"TabelleZeile2\" align=\"LEFT\" valign=\"TOP\" width=\"80\"><\/td>\n<td class=\"TabelleZeile2\" align=\"LEFT\" valign=\"TOP\" width=\"80\"><\/td>\n<\/tr>\n<tr>\n<td class=\"TabelleZeile3\" align=\"LEFT\" valign=\"TOP\" width=\"120\"><strong>Mires t\u00e9lescopiques<\/strong><br \/>\n<strong>Standard<i>Line<\/i><\/strong><\/td>\n<td class=\"TabelleZeile3\" align=\"LEFT\" valign=\"TOP\" width=\"80\"><\/td>\n<td class=\"TabelleZeile3\" align=\"LEFT\" valign=\"TOP\" width=\"80\"><\/td>\n<td class=\"TabelleZeile3\" align=\"LEFT\" valign=\"TOP\" width=\"80\"><\/td>\n<td class=\"TabelleZeile3\" align=\"LEFT\" valign=\"TOP\" width=\"80\"><\/td>\n<td class=\"TabelleZeile3\" align=\"LEFT\" valign=\"TOP\" width=\"80\"><\/td>\n<td class=\"TabelleZeile3\" align=\"LEFT\" valign=\"TOP\" width=\"80\"><\/td>\n<\/tr>\n<tr>\n<td class=\"TabelleZeile2\" align=\"LEFT\" valign=\"TOP\" width=\"120\"><strong>344 115-637<\/strong><\/td>\n<td class=\"TabelleZeile2\" align=\"LEFT\" valign=\"TOP\" width=\"80\"><strong>1<\/strong><\/td>\n<td class=\"TabelleZeile2\" align=\"LEFT\" valign=\"TOP\" width=\"80\"><strong>enclipsables<\/strong><\/td>\n<td class=\"TabelleZeile2\" align=\"LEFT\" valign=\"TOP\" width=\"80\"><strong>4<\/strong><\/td>\n<td class=\"TabelleZeile2\" align=\"LEFT\" valign=\"TOP\" width=\"80\"><strong>1,22 m<\/strong><\/td>\n<td class=\"TabelleZeile2\" align=\"LEFT\" valign=\"TOP\" width=\"80\"><strong>4,00 m<\/strong><\/td>\n<td class=\"TabelleZeile2\" align=\"LEFT\" valign=\"TOP\" width=\"80\"><strong>1,50 kg<\/strong><\/td>\n<\/tr>\n<tr>\n<td class=\"TabelleZeile3\" align=\"LEFT\" valign=\"TOP\" width=\"120\"><strong>344 122-637<\/strong><\/td>\n<td class=\"TabelleZeile3\" align=\"LEFT\" valign=\"TOP\" width=\"80\"><strong>2<\/strong><\/td>\n<td class=\"TabelleZeile3\" align=\"LEFT\" valign=\"TOP\" width=\"80\"><strong>enclipsables<\/strong><\/td>\n<td class=\"TabelleZeile3\" align=\"LEFT\" valign=\"TOP\" width=\"80\"><strong>4<\/strong><\/td>\n<td class=\"TabelleZeile3\" align=\"LEFT\" valign=\"TOP\" width=\"80\"><strong>1,22 m<\/strong><\/td>\n<td class=\"TabelleZeile3\" align=\"LEFT\" valign=\"TOP\" width=\"80\"><strong>4,00 m<\/strong><\/td>\n<td class=\"TabelleZeile3\" align=\"LEFT\" valign=\"TOP\" width=\"80\"><strong>1,50 kg<\/strong><\/td>\n<\/tr>\n<tr>\n<td class=\"TabelleZeile2\" align=\"LEFT\" valign=\"TOP\" width=\"120\"><strong>345 115-637<\/strong><\/td>\n<td class=\"TabelleZeile2\" align=\"LEFT\" valign=\"TOP\" width=\"80\"><strong>1<\/strong><\/td>\n<td class=\"TabelleZeile2\" align=\"LEFT\" valign=\"TOP\" width=\"80\"><strong>enclipsables<\/strong><\/td>\n<td class=\"TabelleZeile2\" align=\"LEFT\" valign=\"TOP\" width=\"80\"><strong>5<\/strong><\/td>\n<td class=\"TabelleZeile2\" align=\"LEFT\" valign=\"TOP\" width=\"80\"><strong>1,22 m<\/strong><\/td>\n<td class=\"TabelleZeile2\" align=\"LEFT\" valign=\"TOP\" width=\"80\"><strong>5,00 m<\/strong><\/td>\n<td class=\"TabelleZeile2\" align=\"LEFT\" valign=\"TOP\" width=\"80\"><strong>1,80 kg<\/strong><\/td>\n<\/tr>\n<tr>\n<td class=\"TabelleZeile3\" align=\"LEFT\" valign=\"TOP\" width=\"120\"><strong>345 122-637<\/strong><\/td>\n<td class=\"TabelleZeile3\" align=\"LEFT\" valign=\"TOP\" width=\"80\"><strong>2<\/strong><\/td>\n<td class=\"TabelleZeile3\" align=\"LEFT\" valign=\"TOP\" width=\"80\"><strong>enclipsables<\/strong><\/td>\n<td class=\"TabelleZeile3\" align=\"LEFT\" valign=\"TOP\" width=\"80\"><strong>5<\/strong><\/td>\n<td class=\"TabelleZeile3\" align=\"LEFT\" valign=\"TOP\" width=\"80\"><strong>1,22 m<\/strong><\/td>\n<td class=\"TabelleZeile3\" align=\"LEFT\" valign=\"TOP\" width=\"80\"><strong>5,00 m<\/strong><\/td>\n<td class=\"TabelleZeile3\" align=\"LEFT\" valign=\"TOP\" width=\"80\"><strong>1,80 kg<\/strong><\/td>\n<\/tr>\n<tr>\n<td class=\"TabelleZeile2\" align=\"LEFT\" valign=\"TOP\" width=\"120\"><strong>347 122-637<\/strong><\/td>\n<td class=\"TabelleZeile2\" align=\"LEFT\" valign=\"TOP\" width=\"80\"><strong>2<\/strong><\/td>\n<td class=\"TabelleZeile2\" align=\"LEFT\" valign=\"TOP\" width=\"80\"><strong>enclipsables<\/strong><\/td>\n<td class=\"TabelleZeile2\" align=\"LEFT\" valign=\"TOP\" width=\"80\"><strong>5<\/strong><\/td>\n<td class=\"TabelleZeile2\" align=\"LEFT\" valign=\"TOP\" width=\"80\"><strong>1,69 m<\/strong><\/td>\n<td class=\"TabelleZeile2\" align=\"LEFT\" valign=\"TOP\" width=\"80\"><strong>7,00 m<\/strong><\/td>\n<td class=\"TabelleZeile2\" align=\"LEFT\" valign=\"TOP\" width=\"80\"><strong>2,30 kg<\/strong><\/td>\n<\/tr>\n<\/tbody>\n<\/table>\n<\/div>\n<\/div>\n","protected":false},"excerpt":{"rendered":"<p>Mires t\u00e9lescopiques en aluminium \u00a0R\u00e9f. 345 121\u00a0\u00a0\u00a0\u00a0Grad. 1\u00a0\u00a0\u00a0\u00a0Grad. 2 Pour r\u00e9pondre aux diff\u00e9rentes exigences en mati\u00e8re de qualit\u00e9, Nedo propose deux s\u00e9ries de mires t\u00e9lesco- piques. En ce qui concerne&hellip;<\/p>\n","protected":false},"featured_media":3251,"comment_status":"closed","ping_status":"closed","template":"","meta":[],"product_cat":[97],"product_tag":[],"class_list":{"0":"post-3250","1":"product","2":"type-product","3":"status-publish","4":"has-post-thumbnail","6":"product_cat-accessoires-de-topographie","7":"","9":"first","10":"instock","11":"taxable","12":"shipping-taxable","13":"product-type-simple"},"yoast_head":"<!-- This site is optimized with the Yoast SEO plugin v24.7 - https:\/\/yoast.com\/wordpress\/plugins\/seo\/ -->\n<title>Mires t\u00e9lescopiques Nedo 343122-01 - LASER ELECTRONIQUE TP<\/title>\n<meta name=\"robots\" content=\"index, follow, max-snippet:-1, max-image-preview:large, max-video-preview:-1\" \/>\n<link rel=\"canonical\" href=\"https:\/\/laserelectronique.com\/?product=mires-telescopiques-nedo-343122-01\" \/>\n<meta property=\"og:locale\" content=\"fr_FR\" \/>\n<meta property=\"og:type\" content=\"article\" \/>\n<meta property=\"og:title\" content=\"Mires t\u00e9lescopiques Nedo 343122-01 - LASER ELECTRONIQUE TP\" \/>\n<meta property=\"og:description\" content=\"Mires t\u00e9lescopiques en aluminium \u00a0R\u00e9f. 345 121\u00a0\u00a0\u00a0\u00a0Grad. 1\u00a0\u00a0\u00a0\u00a0Grad. 2 Pour r\u00e9pondre aux diff\u00e9rentes exigences en mati\u00e8re de qualit\u00e9, Nedo propose deux s\u00e9ries de mires t\u00e9lesco- piques. En ce qui concerne&hellip;\" \/>\n<meta property=\"og:url\" content=\"https:\/\/laserelectronique.com\/?product=mires-telescopiques-nedo-343122-01\" \/>\n<meta property=\"og:site_name\" content=\"LASER ELECTRONIQUE TP\" \/>\n<meta property=\"article:modified_time\" content=\"2020-12-27T09:47:42+00:00\" \/>\n<meta property=\"og:image\" content=\"https:\/\/laserelectronique.com\/wp-content\/uploads\/2020\/12\/344122-600x600-1.png\" \/>\n\t<meta property=\"og:image:width\" content=\"600\" \/>\n\t<meta property=\"og:image:height\" content=\"600\" \/>\n\t<meta property=\"og:image:type\" content=\"image\/png\" \/>\n<meta name=\"twitter:card\" content=\"summary_large_image\" \/>\n<meta name=\"twitter:label1\" content=\"Dur\u00e9e de lecture estim\u00e9e\" \/>\n\t<meta name=\"twitter:data1\" content=\"2 minutes\" \/>\n<script type=\"application\/ld+json\" class=\"yoast-schema-graph\">{\"@context\":\"https:\/\/schema.org\",\"@graph\":[{\"@type\":\"WebPage\",\"@id\":\"https:\/\/laserelectronique.com\/?product=mires-telescopiques-nedo-343122-01\",\"url\":\"https:\/\/laserelectronique.com\/?product=mires-telescopiques-nedo-343122-01\",\"name\":\"Mires t\u00e9lescopiques Nedo 343122-01 - LASER ELECTRONIQUE TP\",\"isPartOf\":{\"@id\":\"https:\/\/laserelectronique.com\/#website\"},\"primaryImageOfPage\":{\"@id\":\"https:\/\/laserelectronique.com\/?product=mires-telescopiques-nedo-343122-01#primaryimage\"},\"image\":{\"@id\":\"https:\/\/laserelectronique.com\/?product=mires-telescopiques-nedo-343122-01#primaryimage\"},\"thumbnailUrl\":\"https:\/\/laserelectronique.com\/wp-content\/uploads\/2020\/12\/344122-600x600-1.png\",\"datePublished\":\"2020-12-27T09:44:45+00:00\",\"dateModified\":\"2020-12-27T09:47:42+00:00\",\"breadcrumb\":{\"@id\":\"https:\/\/laserelectronique.com\/?product=mires-telescopiques-nedo-343122-01#breadcrumb\"},\"inLanguage\":\"fr-FR\",\"potentialAction\":[{\"@type\":\"ReadAction\",\"target\":[\"https:\/\/laserelectronique.com\/?product=mires-telescopiques-nedo-343122-01\"]}]},{\"@type\":\"ImageObject\",\"inLanguage\":\"fr-FR\",\"@id\":\"https:\/\/laserelectronique.com\/?product=mires-telescopiques-nedo-343122-01#primaryimage\",\"url\":\"https:\/\/laserelectronique.com\/wp-content\/uploads\/2020\/12\/344122-600x600-1.png\",\"contentUrl\":\"https:\/\/laserelectronique.com\/wp-content\/uploads\/2020\/12\/344122-600x600-1.png\",\"width\":600,\"height\":600},{\"@type\":\"BreadcrumbList\",\"@id\":\"https:\/\/laserelectronique.com\/?product=mires-telescopiques-nedo-343122-01#breadcrumb\",\"itemListElement\":[{\"@type\":\"ListItem\",\"position\":1,\"name\":\"Accueil\",\"item\":\"https:\/\/laserelectronique.com\/\"},{\"@type\":\"ListItem\",\"position\":2,\"name\":\"Boutique\",\"item\":\"https:\/\/laserelectronique.com\/?page_id=7\"},{\"@type\":\"ListItem\",\"position\":3,\"name\":\"Mires t\u00e9lescopiques Nedo 343122-01\"}]},{\"@type\":\"WebSite\",\"@id\":\"https:\/\/laserelectronique.com\/#website\",\"url\":\"https:\/\/laserelectronique.com\/\",\"name\":\"LASER ELECTRONIQUE TP\",\"description\":\"VOTRE PARTENAIRE EN GUIDAGE D&#039;ENGINS, TOPOGRAPHIE ET SERVICES\",\"potentialAction\":[{\"@type\":\"SearchAction\",\"target\":{\"@type\":\"EntryPoint\",\"urlTemplate\":\"https:\/\/laserelectronique.com\/?s={search_term_string}\"},\"query-input\":{\"@type\":\"PropertyValueSpecification\",\"valueRequired\":true,\"valueName\":\"search_term_string\"}}],\"inLanguage\":\"fr-FR\"}]}<\/script>\n<!-- \/ Yoast SEO plugin. -->","yoast_head_json":{"title":"Mires t\u00e9lescopiques Nedo 343122-01 - LASER ELECTRONIQUE TP","robots":{"index":"index","follow":"follow","max-snippet":"max-snippet:-1","max-image-preview":"max-image-preview:large","max-video-preview":"max-video-preview:-1"},"canonical":"https:\/\/laserelectronique.com\/?product=mires-telescopiques-nedo-343122-01","og_locale":"fr_FR","og_type":"article","og_title":"Mires t\u00e9lescopiques Nedo 343122-01 - LASER ELECTRONIQUE TP","og_description":"Mires t\u00e9lescopiques en aluminium \u00a0R\u00e9f. 345 121\u00a0\u00a0\u00a0\u00a0Grad. 1\u00a0\u00a0\u00a0\u00a0Grad. 2 Pour r\u00e9pondre aux diff\u00e9rentes exigences en mati\u00e8re de qualit\u00e9, Nedo propose deux s\u00e9ries de mires t\u00e9lesco- piques. En ce qui concerne&hellip;","og_url":"https:\/\/laserelectronique.com\/?product=mires-telescopiques-nedo-343122-01","og_site_name":"LASER ELECTRONIQUE TP","article_modified_time":"2020-12-27T09:47:42+00:00","og_image":[{"width":600,"height":600,"url":"https:\/\/laserelectronique.com\/wp-content\/uploads\/2020\/12\/344122-600x600-1.png","type":"image\/png"}],"twitter_card":"summary_large_image","twitter_misc":{"Dur\u00e9e de lecture estim\u00e9e":"2 minutes"},"schema":{"@context":"https:\/\/schema.org","@graph":[{"@type":"WebPage","@id":"https:\/\/laserelectronique.com\/?product=mires-telescopiques-nedo-343122-01","url":"https:\/\/laserelectronique.com\/?product=mires-telescopiques-nedo-343122-01","name":"Mires t\u00e9lescopiques Nedo 343122-01 - LASER ELECTRONIQUE TP","isPartOf":{"@id":"https:\/\/laserelectronique.com\/#website"},"primaryImageOfPage":{"@id":"https:\/\/laserelectronique.com\/?product=mires-telescopiques-nedo-343122-01#primaryimage"},"image":{"@id":"https:\/\/laserelectronique.com\/?product=mires-telescopiques-nedo-343122-01#primaryimage"},"thumbnailUrl":"https:\/\/laserelectronique.com\/wp-content\/uploads\/2020\/12\/344122-600x600-1.png","datePublished":"2020-12-27T09:44:45+00:00","dateModified":"2020-12-27T09:47:42+00:00","breadcrumb":{"@id":"https:\/\/laserelectronique.com\/?product=mires-telescopiques-nedo-343122-01#breadcrumb"},"inLanguage":"fr-FR","potentialAction":[{"@type":"ReadAction","target":["https:\/\/laserelectronique.com\/?product=mires-telescopiques-nedo-343122-01"]}]},{"@type":"ImageObject","inLanguage":"fr-FR","@id":"https:\/\/laserelectronique.com\/?product=mires-telescopiques-nedo-343122-01#primaryimage","url":"https:\/\/laserelectronique.com\/wp-content\/uploads\/2020\/12\/344122-600x600-1.png","contentUrl":"https:\/\/laserelectronique.com\/wp-content\/uploads\/2020\/12\/344122-600x600-1.png","width":600,"height":600},{"@type":"BreadcrumbList","@id":"https:\/\/laserelectronique.com\/?product=mires-telescopiques-nedo-343122-01#breadcrumb","itemListElement":[{"@type":"ListItem","position":1,"name":"Accueil","item":"https:\/\/laserelectronique.com\/"},{"@type":"ListItem","position":2,"name":"Boutique","item":"https:\/\/laserelectronique.com\/?page_id=7"},{"@type":"ListItem","position":3,"name":"Mires t\u00e9lescopiques Nedo 343122-01"}]},{"@type":"WebSite","@id":"https:\/\/laserelectronique.com\/#website","url":"https:\/\/laserelectronique.com\/","name":"LASER ELECTRONIQUE TP","description":"VOTRE PARTENAIRE EN GUIDAGE D&#039;ENGINS, TOPOGRAPHIE ET SERVICES","potentialAction":[{"@type":"SearchAction","target":{"@type":"EntryPoint","urlTemplate":"https:\/\/laserelectronique.com\/?s={search_term_string}"},"query-input":{"@type":"PropertyValueSpecification","valueRequired":true,"valueName":"search_term_string"}}],"inLanguage":"fr-FR"}]}},"_links":{"self":[{"href":"https:\/\/laserelectronique.com\/index.php?rest_route=\/wp\/v2\/product\/3250","targetHints":{"allow":["GET"]}}],"collection":[{"href":"https:\/\/laserelectronique.com\/index.php?rest_route=\/wp\/v2\/product"}],"about":[{"href":"https:\/\/laserelectronique.com\/index.php?rest_route=\/wp\/v2\/types\/product"}],"replies":[{"embeddable":true,"href":"https:\/\/laserelectronique.com\/index.php?rest_route=%2Fwp%2Fv2%2Fcomments&post=3250"}],"wp:featuredmedia":[{"embeddable":true,"href":"https:\/\/laserelectronique.com\/index.php?rest_route=\/wp\/v2\/media\/3251"}],"wp:attachment":[{"href":"https:\/\/laserelectronique.com\/index.php?rest_route=%2Fwp%2Fv2%2Fmedia&parent=3250"}],"wp:term":[{"taxonomy":"product_cat","embeddable":true,"href":"https:\/\/laserelectronique.com\/index.php?rest_route=%2Fwp%2Fv2%2Fproduct_cat&post=3250"},{"taxonomy":"product_tag","embeddable":true,"href":"https:\/\/laserelectronique.com\/index.php?rest_route=%2Fwp%2Fv2%2Fproduct_tag&post=3250"}],"curies":[{"name":"wp","href":"https:\/\/api.w.org\/{rel}","templated":true}]}}