{"id":3239,"date":"2020-12-27T10:22:54","date_gmt":"2020-12-27T09:22:54","guid":{"rendered":"http:\/\/laserelectronique.com\/?post_type=product&#038;p=3239"},"modified":"2020-12-27T10:27:10","modified_gmt":"2020-12-27T09:27:10","slug":"canne-porte-prisme-standard-nedo-484621","status":"publish","type":"product","link":"https:\/\/laserelectronique.com\/?product=canne-porte-prisme-standard-nedo-484621","title":{"rendered":"Canne porte prisme standard Nedo 484621"},"content":{"rendered":"<h3 class=\"STYLE_20\" align=\"LEFT\">Cannes porte-prisme Nedo<a name=\"Marker484621\"><\/a><\/h3>\n<div class=\"STYLE_BildBalken\" align=\"center\"><strong>Canne porte-prisme R\u00e9f. 484621<\/strong><\/div>\n<div class=\"STYLE_TextBalken_12\" align=\"center\"><strong><img decoding=\"async\" src=\"https:\/\/www.nedo.com\/img\/balken_370.gif\" alt=\"\" align=\"TOP\" border=\"0\" hspace=\"0\" vspace=\"0\" \/><\/strong><\/div>\n<div class=\"STYLE_TextBalken_12\" align=\"center\"><strong>Canne porte-prisme en aluminium avec blocage par vis<\/strong><\/div>\n<div class=\"STYLE_12\" align=\"LEFT\"><strong>Particularit\u00e9s :<img loading=\"lazy\" decoding=\"async\" class=\"alignright\" src=\"https:\/\/www.nedo.com\/img\/products\/vmg\/484621_big.gif\" width=\"146\" height=\"621\" \/><\/strong><\/div>\n<div class=\"STYLE_12\" align=\"LEFT\">\n<ul type=\"square\">\n<li><strong>Plage de travail : 125 cm-210 cm<\/strong><\/li>\n<li><strong>Longueur rentr\u00e9e : 110 cm<\/strong><\/li>\n<li><strong>Poids : 1,10 kg<\/strong><\/li>\n<li><strong>Nivelle sph\u00e9rique int\u00e9gr\u00e9e<\/strong><\/li>\n<li><strong>Pointe en acier interchangeable<\/strong><strong>R\u00e9f. 484621<\/strong><\/li>\n<\/ul>\n<\/div>\n<div class=\"STYLE_12\" align=\"LEFT\">\n<p><strong>Accessoire : Rallonge<\/strong><\/p>\n<p><strong>Rallonge de un m\u00e8tre se vissant sur le tube<\/strong><br \/>\n<strong>coulissant de la canne porte-prisme.<\/strong><br \/>\n<strong>R\u00e9f. 383 615.<\/strong><\/p>\n<\/div>\n<div class=\"STYLE_9\" align=\"center\"><strong><img decoding=\"async\" src=\"https:\/\/www.nedo.com\/img\/linie.jpg\" alt=\"\" align=\"TOP\" border=\"0\" hspace=\"0\" vspace=\"0\" \/><\/strong><\/div>\n<div class=\"STYLE_9\" align=\"LEFT\"><strong><a name=\"Marker484622\"><\/a><img loading=\"lazy\" decoding=\"async\" src=\"https:\/\/www.nedo.com\/img\/trans.gif\" alt=\"\" width=\"1\" height=\"1\" border=\"0\" hspace=\"0\" vspace=\"0\" \/><\/strong><\/div>\n<div class=\"STYLE_BildBalken\" align=\"center\"><strong><img loading=\"lazy\" decoding=\"async\" src=\"https:\/\/www.nedo.com\/img\/Balken_bild_215x25.gif\" alt=\"\" width=\"215\" height=\"25\" align=\"TOP\" border=\"0\" hspace=\"0\" vspace=\"0\" \/><\/strong><\/div>\n<div class=\"STYLE_BildBalken\" align=\"center\"><strong>Canne porte-prisme R\u00e9f. 484622<\/strong><\/div>\n<div class=\"STYLE_TextBalken_12\" align=\"center\"><strong><img decoding=\"async\" src=\"https:\/\/www.nedo.com\/img\/balken_370.gif\" alt=\"\" align=\"TOP\" border=\"0\" hspace=\"0\" vspace=\"0\" \/><\/strong><\/div>\n<div class=\"STYLE_TextBalken_12\" align=\"center\"><strong>Canne porte-prisme en aluminium avec blocage par vis<\/strong><\/div>\n<div class=\"STYLE_12\" align=\"LEFT\"><strong>Particularit\u00e9s :<a id=\"mt-979412536911\" class=\"MagicThumb\" href=\"https:\/\/www.nedo.com\/img\/products\/vmg\/484622_big.gif\"><img decoding=\"async\" class=\"alignright\" src=\"https:\/\/www.nedo.com\/img\/products\/vmg\/484622.gif\" alt=\"Zur Detailansicht\" \/><\/a><\/strong><\/div>\n<div class=\"STYLE_12\" align=\"LEFT\">\n<ul type=\"square\">\n<li><strong>Plage de travail : 125 cm-210 cm<\/strong><\/li>\n<li><strong>Longueur rentr\u00e9e : 117 cm<\/strong><\/li>\n<li><strong>Poids: 1,10 kg<\/strong><\/li>\n<li><strong>Poign\u00e9e en plastique<\/strong><\/li>\n<li><strong>Nivelle sph\u00e9rique int\u00e9gr\u00e9<\/strong><\/li>\n<li><strong>Pointe en acier interchangeable<\/strong><\/li>\n<li><strong>Adaptateur pivotant M8 \/ 5\/8&Prime;<\/strong><\/li>\n<li><strong>Pour prisme Zeiss TR1N<\/strong><\/li>\n<\/ul>\n<\/div>\n<div class=\"STYLE_12\" align=\"LEFT\"><strong>Raccord 5\/8&Prime; pour\u00a0prisme Zeiss KTR 1\u00a0et raccord<\/strong><br \/>\n<strong>M8 pour\u00a0prisme Zeiss TR1N.<\/strong><strong>R\u00e9f. 484622<\/strong><\/div>\n<div class=\"STYLE_9\" align=\"center\"><\/div>\n","protected":false},"excerpt":{"rendered":"<p>Cannes porte-prisme Nedo Canne porte-prisme R\u00e9f. 484621 Canne porte-prisme en aluminium avec blocage par vis Particularit\u00e9s : Plage de travail : 125 cm-210 cm Longueur rentr\u00e9e : 110 cm Poids&hellip;<\/p>\n","protected":false},"featured_media":3240,"comment_status":"closed","ping_status":"closed","template":"","meta":[],"product_cat":[97],"product_tag":[],"class_list":{"0":"post-3239","1":"product","2":"type-product","3":"status-publish","4":"has-post-thumbnail","6":"product_cat-accessoires-de-topographie","7":"","9":"first","10":"instock","11":"taxable","12":"shipping-taxable","13":"product-type-simple"},"yoast_head":"<!-- This site is optimized with the Yoast SEO plugin v24.7 - https:\/\/yoast.com\/wordpress\/plugins\/seo\/ -->\n<title>Canne porte prisme standard Nedo 484621 - LASER ELECTRONIQUE TP<\/title>\n<meta name=\"robots\" content=\"index, follow, max-snippet:-1, max-image-preview:large, max-video-preview:-1\" \/>\n<link rel=\"canonical\" href=\"https:\/\/laserelectronique.com\/?product=canne-porte-prisme-standard-nedo-484621\" \/>\n<meta property=\"og:locale\" content=\"fr_FR\" \/>\n<meta property=\"og:type\" content=\"article\" \/>\n<meta property=\"og:title\" content=\"Canne porte prisme standard Nedo 484621 - LASER ELECTRONIQUE TP\" \/>\n<meta property=\"og:description\" content=\"Cannes porte-prisme Nedo Canne porte-prisme R\u00e9f. 484621 Canne porte-prisme en aluminium avec blocage par vis Particularit\u00e9s : Plage de travail : 125 cm-210 cm Longueur rentr\u00e9e : 110 cm Poids&hellip;\" \/>\n<meta property=\"og:url\" content=\"https:\/\/laserelectronique.com\/?product=canne-porte-prisme-standard-nedo-484621\" \/>\n<meta property=\"og:site_name\" content=\"LASER ELECTRONIQUE TP\" \/>\n<meta property=\"article:modified_time\" content=\"2020-12-27T09:27:10+00:00\" \/>\n<meta property=\"og:image\" content=\"https:\/\/laserelectronique.com\/wp-content\/uploads\/2020\/12\/484621.png\" \/>\n\t<meta property=\"og:image:width\" content=\"1428\" \/>\n\t<meta property=\"og:image:height\" content=\"1428\" \/>\n\t<meta property=\"og:image:type\" content=\"image\/png\" \/>\n<meta name=\"twitter:card\" content=\"summary_large_image\" \/>\n<meta name=\"twitter:label1\" content=\"Dur\u00e9e de lecture estim\u00e9e\" \/>\n\t<meta name=\"twitter:data1\" content=\"1 minute\" \/>\n<script type=\"application\/ld+json\" class=\"yoast-schema-graph\">{\"@context\":\"https:\/\/schema.org\",\"@graph\":[{\"@type\":\"WebPage\",\"@id\":\"https:\/\/laserelectronique.com\/?product=canne-porte-prisme-standard-nedo-484621\",\"url\":\"https:\/\/laserelectronique.com\/?product=canne-porte-prisme-standard-nedo-484621\",\"name\":\"Canne porte prisme standard Nedo 484621 - LASER ELECTRONIQUE TP\",\"isPartOf\":{\"@id\":\"https:\/\/laserelectronique.com\/#website\"},\"primaryImageOfPage\":{\"@id\":\"https:\/\/laserelectronique.com\/?product=canne-porte-prisme-standard-nedo-484621#primaryimage\"},\"image\":{\"@id\":\"https:\/\/laserelectronique.com\/?product=canne-porte-prisme-standard-nedo-484621#primaryimage\"},\"thumbnailUrl\":\"https:\/\/laserelectronique.com\/wp-content\/uploads\/2020\/12\/484621.png\",\"datePublished\":\"2020-12-27T09:22:54+00:00\",\"dateModified\":\"2020-12-27T09:27:10+00:00\",\"breadcrumb\":{\"@id\":\"https:\/\/laserelectronique.com\/?product=canne-porte-prisme-standard-nedo-484621#breadcrumb\"},\"inLanguage\":\"fr-FR\",\"potentialAction\":[{\"@type\":\"ReadAction\",\"target\":[\"https:\/\/laserelectronique.com\/?product=canne-porte-prisme-standard-nedo-484621\"]}]},{\"@type\":\"ImageObject\",\"inLanguage\":\"fr-FR\",\"@id\":\"https:\/\/laserelectronique.com\/?product=canne-porte-prisme-standard-nedo-484621#primaryimage\",\"url\":\"https:\/\/laserelectronique.com\/wp-content\/uploads\/2020\/12\/484621.png\",\"contentUrl\":\"https:\/\/laserelectronique.com\/wp-content\/uploads\/2020\/12\/484621.png\",\"width\":1428,\"height\":1428},{\"@type\":\"BreadcrumbList\",\"@id\":\"https:\/\/laserelectronique.com\/?product=canne-porte-prisme-standard-nedo-484621#breadcrumb\",\"itemListElement\":[{\"@type\":\"ListItem\",\"position\":1,\"name\":\"Accueil\",\"item\":\"https:\/\/laserelectronique.com\/\"},{\"@type\":\"ListItem\",\"position\":2,\"name\":\"Boutique\",\"item\":\"https:\/\/laserelectronique.com\/?page_id=7\"},{\"@type\":\"ListItem\",\"position\":3,\"name\":\"Canne porte prisme standard Nedo 484621\"}]},{\"@type\":\"WebSite\",\"@id\":\"https:\/\/laserelectronique.com\/#website\",\"url\":\"https:\/\/laserelectronique.com\/\",\"name\":\"LASER ELECTRONIQUE TP\",\"description\":\"VOTRE PARTENAIRE EN GUIDAGE D&#039;ENGINS, TOPOGRAPHIE ET SERVICES\",\"potentialAction\":[{\"@type\":\"SearchAction\",\"target\":{\"@type\":\"EntryPoint\",\"urlTemplate\":\"https:\/\/laserelectronique.com\/?s={search_term_string}\"},\"query-input\":{\"@type\":\"PropertyValueSpecification\",\"valueRequired\":true,\"valueName\":\"search_term_string\"}}],\"inLanguage\":\"fr-FR\"}]}<\/script>\n<!-- \/ Yoast SEO plugin. -->","yoast_head_json":{"title":"Canne porte prisme standard Nedo 484621 - LASER ELECTRONIQUE TP","robots":{"index":"index","follow":"follow","max-snippet":"max-snippet:-1","max-image-preview":"max-image-preview:large","max-video-preview":"max-video-preview:-1"},"canonical":"https:\/\/laserelectronique.com\/?product=canne-porte-prisme-standard-nedo-484621","og_locale":"fr_FR","og_type":"article","og_title":"Canne porte prisme standard Nedo 484621 - LASER ELECTRONIQUE TP","og_description":"Cannes porte-prisme Nedo Canne porte-prisme R\u00e9f. 484621 Canne porte-prisme en aluminium avec blocage par vis Particularit\u00e9s : Plage de travail : 125 cm-210 cm Longueur rentr\u00e9e : 110 cm Poids&hellip;","og_url":"https:\/\/laserelectronique.com\/?product=canne-porte-prisme-standard-nedo-484621","og_site_name":"LASER ELECTRONIQUE TP","article_modified_time":"2020-12-27T09:27:10+00:00","og_image":[{"width":1428,"height":1428,"url":"https:\/\/laserelectronique.com\/wp-content\/uploads\/2020\/12\/484621.png","type":"image\/png"}],"twitter_card":"summary_large_image","twitter_misc":{"Dur\u00e9e de lecture estim\u00e9e":"1 minute"},"schema":{"@context":"https:\/\/schema.org","@graph":[{"@type":"WebPage","@id":"https:\/\/laserelectronique.com\/?product=canne-porte-prisme-standard-nedo-484621","url":"https:\/\/laserelectronique.com\/?product=canne-porte-prisme-standard-nedo-484621","name":"Canne porte prisme standard Nedo 484621 - LASER ELECTRONIQUE TP","isPartOf":{"@id":"https:\/\/laserelectronique.com\/#website"},"primaryImageOfPage":{"@id":"https:\/\/laserelectronique.com\/?product=canne-porte-prisme-standard-nedo-484621#primaryimage"},"image":{"@id":"https:\/\/laserelectronique.com\/?product=canne-porte-prisme-standard-nedo-484621#primaryimage"},"thumbnailUrl":"https:\/\/laserelectronique.com\/wp-content\/uploads\/2020\/12\/484621.png","datePublished":"2020-12-27T09:22:54+00:00","dateModified":"2020-12-27T09:27:10+00:00","breadcrumb":{"@id":"https:\/\/laserelectronique.com\/?product=canne-porte-prisme-standard-nedo-484621#breadcrumb"},"inLanguage":"fr-FR","potentialAction":[{"@type":"ReadAction","target":["https:\/\/laserelectronique.com\/?product=canne-porte-prisme-standard-nedo-484621"]}]},{"@type":"ImageObject","inLanguage":"fr-FR","@id":"https:\/\/laserelectronique.com\/?product=canne-porte-prisme-standard-nedo-484621#primaryimage","url":"https:\/\/laserelectronique.com\/wp-content\/uploads\/2020\/12\/484621.png","contentUrl":"https:\/\/laserelectronique.com\/wp-content\/uploads\/2020\/12\/484621.png","width":1428,"height":1428},{"@type":"BreadcrumbList","@id":"https:\/\/laserelectronique.com\/?product=canne-porte-prisme-standard-nedo-484621#breadcrumb","itemListElement":[{"@type":"ListItem","position":1,"name":"Accueil","item":"https:\/\/laserelectronique.com\/"},{"@type":"ListItem","position":2,"name":"Boutique","item":"https:\/\/laserelectronique.com\/?page_id=7"},{"@type":"ListItem","position":3,"name":"Canne porte prisme standard Nedo 484621"}]},{"@type":"WebSite","@id":"https:\/\/laserelectronique.com\/#website","url":"https:\/\/laserelectronique.com\/","name":"LASER ELECTRONIQUE TP","description":"VOTRE PARTENAIRE EN GUIDAGE D&#039;ENGINS, TOPOGRAPHIE ET SERVICES","potentialAction":[{"@type":"SearchAction","target":{"@type":"EntryPoint","urlTemplate":"https:\/\/laserelectronique.com\/?s={search_term_string}"},"query-input":{"@type":"PropertyValueSpecification","valueRequired":true,"valueName":"search_term_string"}}],"inLanguage":"fr-FR"}]}},"_links":{"self":[{"href":"https:\/\/laserelectronique.com\/index.php?rest_route=\/wp\/v2\/product\/3239","targetHints":{"allow":["GET"]}}],"collection":[{"href":"https:\/\/laserelectronique.com\/index.php?rest_route=\/wp\/v2\/product"}],"about":[{"href":"https:\/\/laserelectronique.com\/index.php?rest_route=\/wp\/v2\/types\/product"}],"replies":[{"embeddable":true,"href":"https:\/\/laserelectronique.com\/index.php?rest_route=%2Fwp%2Fv2%2Fcomments&post=3239"}],"wp:featuredmedia":[{"embeddable":true,"href":"https:\/\/laserelectronique.com\/index.php?rest_route=\/wp\/v2\/media\/3240"}],"wp:attachment":[{"href":"https:\/\/laserelectronique.com\/index.php?rest_route=%2Fwp%2Fv2%2Fmedia&parent=3239"}],"wp:term":[{"taxonomy":"product_cat","embeddable":true,"href":"https:\/\/laserelectronique.com\/index.php?rest_route=%2Fwp%2Fv2%2Fproduct_cat&post=3239"},{"taxonomy":"product_tag","embeddable":true,"href":"https:\/\/laserelectronique.com\/index.php?rest_route=%2Fwp%2Fv2%2Fproduct_tag&post=3239"}],"curies":[{"name":"wp","href":"https:\/\/api.w.org\/{rel}","templated":true}]}}