{"id":3237,"date":"2020-12-27T10:20:32","date_gmt":"2020-12-27T09:20:32","guid":{"rendered":"http:\/\/laserelectronique.com\/?post_type=product&#038;p=3237"},"modified":"2020-12-27T10:22:26","modified_gmt":"2020-12-27T09:22:26","slug":"canne-gps-de-precision-nedo-484600","status":"publish","type":"product","link":"https:\/\/laserelectronique.com\/?product=canne-gps-de-precision-nedo-484600","title":{"rendered":"Canne GPS de pr\u00e9cision Nedo 484600"},"content":{"rendered":"<h3 class=\"STYLE_20\" align=\"LEFT\">Canes porte-prisme de pr\u00e9cision et cannes GPS<a name=\"Marker484600\"><\/a><\/h3>\n<div class=\"STYLE_BildBalken\" align=\"center\"><strong>Canne porte-prisme R\u00e9f. 484 600<\/strong><\/div>\n<div class=\"STYLE_TextBalken_12\" align=\"center\"><strong><img decoding=\"async\" src=\"https:\/\/www.nedo.com\/img\/balken_370.gif\" alt=\"\" align=\"TOP\" border=\"0\" hspace=\"0\" vspace=\"0\" \/><\/strong><\/div>\n<div class=\"STYLE_TextBalken_12\" align=\"center\"><strong>Canne porte-prisme en aluminium<\/strong><\/div>\n<div class=\"STYLE_12\" align=\"LEFT\"><strong>Particularit\u00e9s :<img decoding=\"async\" class=\"alignright\" src=\"https:\/\/www.nedo.com\/img\/products\/vmg\/484600.gif\" alt=\"Zur Detailansicht\" \/><\/strong><\/div>\n<div class=\"STYLE_12\" align=\"LEFT\">\n<ul type=\"square\">\n<li><strong>Plage de travail : 1,29 m \u00e0 2,20 m,<\/strong><\/li>\n<li><strong>Longueur de transport : 1,14 m<\/strong><\/li>\n<li><strong>Poids : 1,18 kg<\/strong><\/li>\n<li><strong>Excellente rectitude m\u00eame en d\u00e9ploiement maximal<\/strong><\/li>\n<li><strong>Dispositif de blocage innovant<\/strong><\/li>\n<li><strong>Poign\u00e9e douce et ergonomique pour un maniement<\/strong><br \/>\n<strong>confortable<\/strong><\/li>\n<li><strong>Pointes en acier interchangeables<\/strong><\/li>\n<li><strong>Nivelle sph\u00e9rique ajustable, pr\u00e9cision 20\u2019<\/strong><\/li>\n<li><strong>Filet femelle 5\/8\u2019\u2019 pour la gamme d\u2019adaptateurs de<\/strong><br \/>\n<strong>prismes Nedo<\/strong><\/li>\n<\/ul>\n<\/div>\n<div class=\"STYLE_12\" align=\"LEFT\"><strong>R\u00e9f. 484 600<\/strong><\/div>\n<div align=\"LEFT\"><\/div>\n<div align=\"LEFT\"><\/div>\n<div class=\"STYLE_9\" align=\"center\"><strong><img decoding=\"async\" src=\"https:\/\/www.nedo.com\/img\/linie.jpg\" alt=\"\" align=\"TOP\" border=\"0\" hspace=\"0\" vspace=\"0\" \/><\/strong><strong><a name=\"Marker484601\"><\/a><\/strong><\/div>\n<div class=\"STYLE_BildBalken\" align=\"center\"><strong><img loading=\"lazy\" decoding=\"async\" src=\"https:\/\/www.nedo.com\/img\/Balken_bild_215x25.gif\" alt=\"\" width=\"215\" height=\"25\" align=\"TOP\" border=\"0\" hspace=\"0\" vspace=\"0\" \/><\/strong><\/div>\n<div class=\"STYLE_BildBalken\" align=\"center\"><strong>Canne porte-prisme R\u00e9f. 484 601<\/strong><\/div>\n<div class=\"STYLE_TextBalken_12\" align=\"center\"><strong><img decoding=\"async\" src=\"https:\/\/www.nedo.com\/img\/balken_370.gif\" alt=\"\" align=\"TOP\" border=\"0\" hspace=\"0\" vspace=\"0\" \/><\/strong><\/div>\n<div class=\"STYLE_TextBalken_12\" align=\"center\"><strong>Cane porte-prisme en aluminium avec rallonge d&rsquo; 1 m<\/strong><\/div>\n<div class=\"STYLE_12\" align=\"LEFT\"><strong>Particularit\u00e9s :<img decoding=\"async\" class=\"alignright\" src=\"https:\/\/www.nedo.com\/img\/products\/vmg\/484601.gif\" alt=\"Zur Detailansicht\" \/><\/strong><\/div>\n<div class=\"STYLE_12\" align=\"LEFT\">\n<ul type=\"square\">\n<li><strong>Plage de travail 1,29 m \u00e0 3,20 m,<\/strong><\/li>\n<li><strong>Longueur de transport : 1,14 m<\/strong><\/li>\n<li><strong>Poids : 1,5 kg<\/strong><\/li>\n<li><strong>Excellente rectitude m\u00eame en d\u00e9ploiement maximal<\/strong><\/li>\n<li><strong>Dispositif de blocage innovant<\/strong><\/li>\n<li><strong>Poign\u00e9e douce et ergonomique pour un maniement<\/strong><br \/>\n<strong>confortable<\/strong><\/li>\n<li><strong>Pointes en acier interchangeables<\/strong><\/li>\n<li><strong>Nivelle sph\u00e9rique ajustable, pr\u00e9cision 20\u2019<\/strong><\/li>\n<li><strong>Filet femelle 5\/8\u2019\u2019 pour la gamme d\u2019adaptateurs de<\/strong><br \/>\n<strong>prismes Nedo<\/strong><\/li>\n<\/ul>\n<\/div>\n<div class=\"STYLE_12\" align=\"LEFT\"><strong>R\u00e9f. 484 601<\/strong><\/div>\n<div class=\"STYLE_9\" align=\"center\"><strong><img decoding=\"async\" src=\"https:\/\/www.nedo.com\/img\/linie.jpg\" alt=\"\" align=\"TOP\" border=\"0\" hspace=\"0\" vspace=\"0\" \/><\/strong><strong><a name=\"Marker484602\"><\/a><\/strong><\/div>\n<div class=\"STYLE_BildBalken\" align=\"center\"><strong><img loading=\"lazy\" decoding=\"async\" src=\"https:\/\/www.nedo.com\/img\/Balken_bild_215x25.gif\" alt=\"\" width=\"215\" height=\"25\" align=\"TOP\" border=\"0\" hspace=\"0\" vspace=\"0\" \/><\/strong><\/div>\n<div class=\"STYLE_BildBalken\" align=\"center\"><strong>Canne porte-prisme R\u00e9f. 484 602<\/strong><\/div>\n<div class=\"STYLE_TextBalken_12\" align=\"center\"><strong><img decoding=\"async\" src=\"https:\/\/www.nedo.com\/img\/balken_370.gif\" alt=\"\" align=\"TOP\" border=\"0\" hspace=\"0\" vspace=\"0\" \/><\/strong><\/div>\n<div class=\"STYLE_TextBalken_12\" align=\"center\"><strong>Canne porte-prisme GPS en aluminium<\/strong><\/div>\n<div class=\"STYLE_12\" align=\"LEFT\"><strong>Particularit\u00e9s :<\/strong><\/div>\n<div class=\"STYLE_12\" align=\"LEFT\">\n<p><img loading=\"lazy\" decoding=\"async\" class=\"alignright\" src=\"https:\/\/www.nedo.com\/img\/products\/vmg\/484602.gif\" alt=\"Zur Detailansicht\" width=\"181\" height=\"306\" \/><\/p>\n<ul type=\"square\">\n<li><strong>Plage de travail : 1,29 m \u00e0 2,20 m,<\/strong><\/li>\n<li><strong>Longueur de transport : 1,14 m<\/strong><\/li>\n<li><strong>Poids : 1,18 kg<\/strong><\/li>\n<li><strong>Excellente rectitude m\u00eame en d\u00e9ploiement maximal<\/strong><\/li>\n<li><strong>Dispositif de blocage innovant<\/strong><\/li>\n<li><strong>Poign\u00e9e douce et ergonomique pour un maniement<\/strong><br \/>\n<strong>confortable<\/strong><\/li>\n<li><strong>Pointes en acier interchangeables<\/strong><\/li>\n<li><strong>Nivelle sph\u00e9rique ajustable, pr\u00e9cision 20\u2019<\/strong><\/li>\n<li><strong>Filet femelle 5\/8\u2019\u2019 pour la gamme d\u2019adaptateurs de<\/strong><br \/>\n<strong>prismes Nedo<\/strong><\/li>\n<\/ul>\n<\/div>\n<div class=\"STYLE_12\" align=\"LEFT\"><strong>R\u00e9f. 484 602<\/strong><\/div>\n<div class=\"STYLE_9\" align=\"center\"><\/div>\n","protected":false},"excerpt":{"rendered":"<p>Canes porte-prisme de pr\u00e9cision et cannes GPS Canne porte-prisme R\u00e9f. 484 600 Canne porte-prisme en aluminium Particularit\u00e9s : Plage de travail : 1,29 m \u00e0 2,20 m, Longueur de transport&hellip;<\/p>\n","protected":false},"featured_media":3238,"comment_status":"closed","ping_status":"closed","template":"","meta":[],"product_cat":[97],"product_tag":[],"class_list":{"0":"post-3237","1":"product","2":"type-product","3":"status-publish","4":"has-post-thumbnail","6":"product_cat-accessoires-de-topographie","7":"","9":"first","10":"instock","11":"taxable","12":"shipping-taxable","13":"product-type-simple"},"yoast_head":"<!-- This site is optimized with the Yoast SEO plugin v24.7 - https:\/\/yoast.com\/wordpress\/plugins\/seo\/ -->\n<title>Canne GPS de pr\u00e9cision Nedo 484600 - LASER ELECTRONIQUE TP<\/title>\n<meta name=\"robots\" content=\"index, follow, max-snippet:-1, max-image-preview:large, max-video-preview:-1\" \/>\n<link rel=\"canonical\" href=\"https:\/\/laserelectronique.com\/?product=canne-gps-de-precision-nedo-484600\" \/>\n<meta property=\"og:locale\" content=\"fr_FR\" \/>\n<meta property=\"og:type\" content=\"article\" \/>\n<meta property=\"og:title\" content=\"Canne GPS de pr\u00e9cision Nedo 484600 - LASER ELECTRONIQUE TP\" \/>\n<meta property=\"og:description\" content=\"Canes porte-prisme de pr\u00e9cision et cannes GPS Canne porte-prisme R\u00e9f. 484 600 Canne porte-prisme en aluminium Particularit\u00e9s : Plage de travail : 1,29 m \u00e0 2,20 m, Longueur de transport&hellip;\" \/>\n<meta property=\"og:url\" content=\"https:\/\/laserelectronique.com\/?product=canne-gps-de-precision-nedo-484600\" \/>\n<meta property=\"og:site_name\" content=\"LASER ELECTRONIQUE TP\" \/>\n<meta property=\"article:modified_time\" content=\"2020-12-27T09:22:26+00:00\" \/>\n<meta property=\"og:image\" content=\"https:\/\/laserelectronique.com\/wp-content\/uploads\/2020\/12\/484600.png\" \/>\n\t<meta property=\"og:image:width\" content=\"1428\" \/>\n\t<meta property=\"og:image:height\" content=\"1428\" \/>\n\t<meta property=\"og:image:type\" content=\"image\/png\" \/>\n<meta name=\"twitter:card\" content=\"summary_large_image\" \/>\n<meta name=\"twitter:label1\" content=\"Dur\u00e9e de lecture estim\u00e9e\" \/>\n\t<meta name=\"twitter:data1\" content=\"1 minute\" \/>\n<script type=\"application\/ld+json\" class=\"yoast-schema-graph\">{\"@context\":\"https:\/\/schema.org\",\"@graph\":[{\"@type\":\"WebPage\",\"@id\":\"https:\/\/laserelectronique.com\/?product=canne-gps-de-precision-nedo-484600\",\"url\":\"https:\/\/laserelectronique.com\/?product=canne-gps-de-precision-nedo-484600\",\"name\":\"Canne GPS de pr\u00e9cision Nedo 484600 - LASER ELECTRONIQUE TP\",\"isPartOf\":{\"@id\":\"https:\/\/laserelectronique.com\/#website\"},\"primaryImageOfPage\":{\"@id\":\"https:\/\/laserelectronique.com\/?product=canne-gps-de-precision-nedo-484600#primaryimage\"},\"image\":{\"@id\":\"https:\/\/laserelectronique.com\/?product=canne-gps-de-precision-nedo-484600#primaryimage\"},\"thumbnailUrl\":\"https:\/\/laserelectronique.com\/wp-content\/uploads\/2020\/12\/484600.png\",\"datePublished\":\"2020-12-27T09:20:32+00:00\",\"dateModified\":\"2020-12-27T09:22:26+00:00\",\"breadcrumb\":{\"@id\":\"https:\/\/laserelectronique.com\/?product=canne-gps-de-precision-nedo-484600#breadcrumb\"},\"inLanguage\":\"fr-FR\",\"potentialAction\":[{\"@type\":\"ReadAction\",\"target\":[\"https:\/\/laserelectronique.com\/?product=canne-gps-de-precision-nedo-484600\"]}]},{\"@type\":\"ImageObject\",\"inLanguage\":\"fr-FR\",\"@id\":\"https:\/\/laserelectronique.com\/?product=canne-gps-de-precision-nedo-484600#primaryimage\",\"url\":\"https:\/\/laserelectronique.com\/wp-content\/uploads\/2020\/12\/484600.png\",\"contentUrl\":\"https:\/\/laserelectronique.com\/wp-content\/uploads\/2020\/12\/484600.png\",\"width\":1428,\"height\":1428},{\"@type\":\"BreadcrumbList\",\"@id\":\"https:\/\/laserelectronique.com\/?product=canne-gps-de-precision-nedo-484600#breadcrumb\",\"itemListElement\":[{\"@type\":\"ListItem\",\"position\":1,\"name\":\"Accueil\",\"item\":\"https:\/\/laserelectronique.com\/\"},{\"@type\":\"ListItem\",\"position\":2,\"name\":\"Boutique\",\"item\":\"https:\/\/laserelectronique.com\/?page_id=7\"},{\"@type\":\"ListItem\",\"position\":3,\"name\":\"Canne GPS de pr\u00e9cision Nedo 484600\"}]},{\"@type\":\"WebSite\",\"@id\":\"https:\/\/laserelectronique.com\/#website\",\"url\":\"https:\/\/laserelectronique.com\/\",\"name\":\"LASER ELECTRONIQUE TP\",\"description\":\"VOTRE PARTENAIRE EN GUIDAGE D&#039;ENGINS, TOPOGRAPHIE ET SERVICES\",\"potentialAction\":[{\"@type\":\"SearchAction\",\"target\":{\"@type\":\"EntryPoint\",\"urlTemplate\":\"https:\/\/laserelectronique.com\/?s={search_term_string}\"},\"query-input\":{\"@type\":\"PropertyValueSpecification\",\"valueRequired\":true,\"valueName\":\"search_term_string\"}}],\"inLanguage\":\"fr-FR\"}]}<\/script>\n<!-- \/ Yoast SEO plugin. -->","yoast_head_json":{"title":"Canne GPS de pr\u00e9cision Nedo 484600 - LASER ELECTRONIQUE TP","robots":{"index":"index","follow":"follow","max-snippet":"max-snippet:-1","max-image-preview":"max-image-preview:large","max-video-preview":"max-video-preview:-1"},"canonical":"https:\/\/laserelectronique.com\/?product=canne-gps-de-precision-nedo-484600","og_locale":"fr_FR","og_type":"article","og_title":"Canne GPS de pr\u00e9cision Nedo 484600 - LASER ELECTRONIQUE TP","og_description":"Canes porte-prisme de pr\u00e9cision et cannes GPS Canne porte-prisme R\u00e9f. 484 600 Canne porte-prisme en aluminium Particularit\u00e9s : Plage de travail : 1,29 m \u00e0 2,20 m, Longueur de transport&hellip;","og_url":"https:\/\/laserelectronique.com\/?product=canne-gps-de-precision-nedo-484600","og_site_name":"LASER ELECTRONIQUE TP","article_modified_time":"2020-12-27T09:22:26+00:00","og_image":[{"width":1428,"height":1428,"url":"https:\/\/laserelectronique.com\/wp-content\/uploads\/2020\/12\/484600.png","type":"image\/png"}],"twitter_card":"summary_large_image","twitter_misc":{"Dur\u00e9e de lecture estim\u00e9e":"1 minute"},"schema":{"@context":"https:\/\/schema.org","@graph":[{"@type":"WebPage","@id":"https:\/\/laserelectronique.com\/?product=canne-gps-de-precision-nedo-484600","url":"https:\/\/laserelectronique.com\/?product=canne-gps-de-precision-nedo-484600","name":"Canne GPS de pr\u00e9cision Nedo 484600 - LASER ELECTRONIQUE TP","isPartOf":{"@id":"https:\/\/laserelectronique.com\/#website"},"primaryImageOfPage":{"@id":"https:\/\/laserelectronique.com\/?product=canne-gps-de-precision-nedo-484600#primaryimage"},"image":{"@id":"https:\/\/laserelectronique.com\/?product=canne-gps-de-precision-nedo-484600#primaryimage"},"thumbnailUrl":"https:\/\/laserelectronique.com\/wp-content\/uploads\/2020\/12\/484600.png","datePublished":"2020-12-27T09:20:32+00:00","dateModified":"2020-12-27T09:22:26+00:00","breadcrumb":{"@id":"https:\/\/laserelectronique.com\/?product=canne-gps-de-precision-nedo-484600#breadcrumb"},"inLanguage":"fr-FR","potentialAction":[{"@type":"ReadAction","target":["https:\/\/laserelectronique.com\/?product=canne-gps-de-precision-nedo-484600"]}]},{"@type":"ImageObject","inLanguage":"fr-FR","@id":"https:\/\/laserelectronique.com\/?product=canne-gps-de-precision-nedo-484600#primaryimage","url":"https:\/\/laserelectronique.com\/wp-content\/uploads\/2020\/12\/484600.png","contentUrl":"https:\/\/laserelectronique.com\/wp-content\/uploads\/2020\/12\/484600.png","width":1428,"height":1428},{"@type":"BreadcrumbList","@id":"https:\/\/laserelectronique.com\/?product=canne-gps-de-precision-nedo-484600#breadcrumb","itemListElement":[{"@type":"ListItem","position":1,"name":"Accueil","item":"https:\/\/laserelectronique.com\/"},{"@type":"ListItem","position":2,"name":"Boutique","item":"https:\/\/laserelectronique.com\/?page_id=7"},{"@type":"ListItem","position":3,"name":"Canne GPS de pr\u00e9cision Nedo 484600"}]},{"@type":"WebSite","@id":"https:\/\/laserelectronique.com\/#website","url":"https:\/\/laserelectronique.com\/","name":"LASER ELECTRONIQUE TP","description":"VOTRE PARTENAIRE EN GUIDAGE D&#039;ENGINS, TOPOGRAPHIE ET SERVICES","potentialAction":[{"@type":"SearchAction","target":{"@type":"EntryPoint","urlTemplate":"https:\/\/laserelectronique.com\/?s={search_term_string}"},"query-input":{"@type":"PropertyValueSpecification","valueRequired":true,"valueName":"search_term_string"}}],"inLanguage":"fr-FR"}]}},"_links":{"self":[{"href":"https:\/\/laserelectronique.com\/index.php?rest_route=\/wp\/v2\/product\/3237","targetHints":{"allow":["GET"]}}],"collection":[{"href":"https:\/\/laserelectronique.com\/index.php?rest_route=\/wp\/v2\/product"}],"about":[{"href":"https:\/\/laserelectronique.com\/index.php?rest_route=\/wp\/v2\/types\/product"}],"replies":[{"embeddable":true,"href":"https:\/\/laserelectronique.com\/index.php?rest_route=%2Fwp%2Fv2%2Fcomments&post=3237"}],"wp:featuredmedia":[{"embeddable":true,"href":"https:\/\/laserelectronique.com\/index.php?rest_route=\/wp\/v2\/media\/3238"}],"wp:attachment":[{"href":"https:\/\/laserelectronique.com\/index.php?rest_route=%2Fwp%2Fv2%2Fmedia&parent=3237"}],"wp:term":[{"taxonomy":"product_cat","embeddable":true,"href":"https:\/\/laserelectronique.com\/index.php?rest_route=%2Fwp%2Fv2%2Fproduct_cat&post=3237"},{"taxonomy":"product_tag","embeddable":true,"href":"https:\/\/laserelectronique.com\/index.php?rest_route=%2Fwp%2Fv2%2Fproduct_tag&post=3237"}],"curies":[{"name":"wp","href":"https:\/\/api.w.org\/{rel}","templated":true}]}}