{"id":3235,"date":"2020-12-27T10:15:57","date_gmt":"2020-12-27T09:15:57","guid":{"rendered":"http:\/\/laserelectronique.com\/?post_type=product&#038;p=3235"},"modified":"2022-07-27T11:34:14","modified_gmt":"2022-07-27T09:34:14","slug":"canne-messfix-s-nedo-pour-recepteur-laser-2","status":"publish","type":"product","link":"https:\/\/laserelectronique.com\/?product=canne-messfix-s-nedo-pour-recepteur-laser-2","title":{"rendered":"Canne mEssfix-S Nedo pour r\u00e9cepteur laser F687511"},"content":{"rendered":"<h3 class=\"STYLE_20\" align=\"LEFT\">Laser mEssfix-S Nedo <strong>F 687 511<\/strong><\/h3>\n<div class=\"STYLE_BildBalken\" align=\"center\"><img loading=\"lazy\" decoding=\"async\" class=\"alignright\" src=\"https:\/\/www.nedo.com\/img\/products\/laser\/f687511.gif\" alt=\"\" width=\"281\" height=\"623\" align=\"TOP\" border=\"0\" hspace=\"0\" vspace=\"0\" \/><\/div>\n<div class=\"STYLE_BildBalken\" align=\"center\"><img loading=\"lazy\" decoding=\"async\" src=\"https:\/\/www.nedo.com\/img\/Balken_bild_215x25.gif\" alt=\"\" width=\"215\" height=\"25\" align=\"TOP\" border=\"0\" hspace=\"0\" vspace=\"0\" \/><\/div>\n<div class=\"STYLE_BildBalken\" align=\"center\"><strong>Laser mEssfix-S<\/strong><\/div>\n<div class=\"STYLE_12w\" align=\"center\"><\/div>\n<div class=\"STYLE_12\" align=\"LEFT\"><strong>La canne t\u00e9lescopique Laser mEssfix-S est un<\/strong><br \/>\n<strong>m\u00e8tre t\u00e9lescopique robuste pour mesurer des<\/strong><br \/>\n<strong>d\u00e9nivel\u00e9s en liaison avec un laser rotatif et<\/strong><br \/>\n<strong>un r\u00e9cepteur laser.<\/strong><br \/>\n<strong>Id\u00e9al pour le nivellement dans des travaux de<\/strong><br \/>\n<strong>terrassement et pour les travaux publics.<\/strong><strong>Il suffit de fixer le r\u00e9cepteur laser sur l&#8217;embout<\/strong><br \/>\n<strong>universel \u00e0 l&rsquo;aide de son support et de<\/strong><br \/>\n<strong>d\u00e9ployer les \u00e9l\u00e9ments t\u00e9lescopiques.<\/strong><br \/>\n<strong>Quand le r\u00e9cepteur laser capte le plan d\u00e9fini<\/strong><br \/>\n<strong>par le laser rotatif, la hauteur du point z\u00e9ro du<\/strong><br \/>\n<strong>r\u00e9cepteur est lue sur l&rsquo;afficheur analogique.<\/strong><strong>Rapide, simple et pr\u00e9cis.<\/strong><strong>Tous les r\u00e9cepteurs laser courants peuvent<\/strong><br \/>\n<strong>\u00eatre mont\u00e9s sur l&#8217;embout universel \u00e0 l&rsquo;aide du<\/strong><br \/>\n<strong>support de r\u00e9cepteur. Pour \u00e9viter une modi-<\/strong><br \/>\n<strong>fication involontaire de la longueur d\u00e9ploy\u00e9e,<\/strong><br \/>\n<strong>chaque \u00e9l\u00e9ment t\u00e9lescopique est muni d&rsquo;une<\/strong><br \/>\n<strong>vis de serrage qui assure un blocage<\/strong><br \/>\n<strong>efficace. Une nivelle sph\u00e9rique assure<\/strong><br \/>\n<strong>la verticalit\u00e9 de la canne.<\/strong><\/div>\n<div class=\"STYLE_TextBalken_12\" align=\"center\"><strong><img decoding=\"async\" src=\"https:\/\/www.nedo.com\/img\/balken_370.gif\" alt=\"\" align=\"TOP\" border=\"0\" hspace=\"0\" vspace=\"0\" \/><\/strong><\/div>\n<div class=\"STYLE_TextBalken_12\" align=\"center\"><strong>Particularit\u00e9s<\/strong><\/div>\n<div class=\"STYLE_12\" align=\"LEFT\">\n<ul type=\"square\">\n<li><strong>M\u00e8tre t\u00e9lescopique robuste avec affichage<\/strong><br \/>\n<strong>analogique bien visible<\/strong><\/li>\n<li><strong>Embout universel pour recevoir tous les<\/strong><br \/>\n<strong>r\u00e9cepteurs lasers courants livr\u00e9s avec<\/strong><br \/>\n<strong>support de r\u00e9cepteur<\/strong><\/li>\n<li><strong>Nivelle sph\u00e9rique pour un ajustement vertical<\/strong><br \/>\n<strong>pr\u00e9cis<\/strong><\/li>\n<li><strong>Les \u00e9l\u00e9ments t\u00e9lescopiques se bloquent avec<\/strong><br \/>\n<strong>des vis de blocage<\/strong><\/li>\n<li><strong>Maniement simple<\/strong><\/li>\n<li><strong>Syst\u00e8me de nivellement fiable pour tous les<\/strong><br \/>\n<strong>lasers rotatifs avec r\u00e9cepteur<\/strong><\/li>\n<\/ul>\n<\/div>\n<div class=\"STYLE_12\" align=\"Left\"><strong>D\u00e9tails de la commande :<\/strong><\/div>\n<div class=\"STYLE_12\" align=\"LEFT\">\n<table border=\"0\" cellspacing=\"0\" cellpadding=\"2\">\n<tbody>\n<tr>\n<td class=\"TabelleZeile1\" align=\"LEFT\" valign=\"TOP\" width=\"150\"><strong>R\u00e9f\u00e9rence<\/strong><\/td>\n<td class=\"TabelleZeile1\" align=\"LEFT\" valign=\"TOP\" width=\"140\"><strong>Caract\u00e9ristiques<\/strong><\/td>\n<td class=\"TabelleZeile1\" align=\"LEFT\" valign=\"TOP\" width=\"40\"><strong>Longueur mini<\/strong><\/td>\n<td class=\"TabelleZeile1\" align=\"LEFT\" valign=\"TOP\" width=\"40\"><strong>Longueur maxi<\/strong><\/td>\n<\/tr>\n<tr>\n<td class=\"TabelleZeile2\" align=\"LEFT\" valign=\"TOP\" width=\"150\"><strong>F 687 511<\/strong><\/td>\n<td class=\"TabelleZeile2\" align=\"LEFT\" valign=\"TOP\" width=\"140\"><strong>avec adaptateur universel<\/strong><\/td>\n<td class=\"TabelleZeile2\" align=\"LEFT\" valign=\"TOP\" width=\"40\"><strong>1,37 m<\/strong><\/td>\n<td class=\"TabelleZeile2\" align=\"LEFT\" valign=\"TOP\" width=\"40\"><strong>5,15 m<\/strong><\/td>\n<\/tr>\n<tr>\n<td class=\"TabelleZeile3\" align=\"LEFT\" valign=\"TOP\" width=\"150\"><strong>F 887 511<\/strong><\/td>\n<td class=\"TabelleZeile3\" align=\"LEFT\" valign=\"TOP\" width=\"140\"><strong>pour adaptateur sp\u00e9cial<\/strong><\/td>\n<td class=\"TabelleZeile3\" align=\"LEFT\" valign=\"TOP\" width=\"40\"><strong>1,70 m<\/strong><\/td>\n<td class=\"TabelleZeile3\" align=\"LEFT\" valign=\"TOP\" width=\"40\"><strong>6,83 m<\/strong><\/td>\n<\/tr>\n<\/tbody>\n<\/table>\n<\/div>\n","protected":false},"excerpt":{"rendered":"<p>Laser mEssfix-S Nedo F 687 511 Laser mEssfix-S La canne t\u00e9lescopique Laser mEssfix-S est un m\u00e8tre t\u00e9lescopique robuste pour mesurer des d\u00e9nivel\u00e9s en liaison avec un laser rotatif et un&hellip;<\/p>\n","protected":false},"featured_media":3236,"comment_status":"closed","ping_status":"closed","template":"","meta":[],"product_cat":[97],"product_tag":[],"class_list":{"0":"post-3235","1":"product","2":"type-product","3":"status-publish","4":"has-post-thumbnail","6":"product_cat-accessoires-de-topographie","7":"","9":"first","10":"instock","11":"taxable","12":"shipping-taxable","13":"product-type-simple"},"yoast_head":"<!-- This site is optimized with the Yoast SEO plugin v24.7 - https:\/\/yoast.com\/wordpress\/plugins\/seo\/ -->\n<title>Canne mEssfix-S Nedo pour r\u00e9cepteur laser F687511 - LASER ELECTRONIQUE TP<\/title>\n<meta name=\"robots\" content=\"index, follow, max-snippet:-1, max-image-preview:large, max-video-preview:-1\" \/>\n<link rel=\"canonical\" href=\"https:\/\/laserelectronique.com\/?product=canne-messfix-s-nedo-pour-recepteur-laser-2\" \/>\n<meta property=\"og:locale\" content=\"fr_FR\" \/>\n<meta property=\"og:type\" content=\"article\" \/>\n<meta property=\"og:title\" content=\"Canne mEssfix-S Nedo pour r\u00e9cepteur laser F687511 - LASER ELECTRONIQUE TP\" \/>\n<meta property=\"og:description\" content=\"Laser mEssfix-S Nedo F 687 511 Laser mEssfix-S La canne t\u00e9lescopique Laser mEssfix-S est un m\u00e8tre t\u00e9lescopique robuste pour mesurer des d\u00e9nivel\u00e9s en liaison avec un laser rotatif et un&hellip;\" \/>\n<meta property=\"og:url\" content=\"https:\/\/laserelectronique.com\/?product=canne-messfix-s-nedo-pour-recepteur-laser-2\" \/>\n<meta property=\"og:site_name\" content=\"LASER ELECTRONIQUE TP\" \/>\n<meta property=\"article:modified_time\" content=\"2022-07-27T09:34:14+00:00\" \/>\n<meta property=\"og:image\" content=\"https:\/\/laserelectronique.com\/wp-content\/uploads\/2020\/12\/MESSFIX-S-600x600-1.png\" \/>\n\t<meta property=\"og:image:width\" content=\"600\" \/>\n\t<meta property=\"og:image:height\" content=\"600\" \/>\n\t<meta property=\"og:image:type\" content=\"image\/png\" \/>\n<meta name=\"twitter:card\" content=\"summary_large_image\" \/>\n<meta name=\"twitter:label1\" content=\"Dur\u00e9e de lecture estim\u00e9e\" \/>\n\t<meta name=\"twitter:data1\" content=\"1 minute\" \/>\n<script type=\"application\/ld+json\" class=\"yoast-schema-graph\">{\"@context\":\"https:\/\/schema.org\",\"@graph\":[{\"@type\":\"WebPage\",\"@id\":\"https:\/\/laserelectronique.com\/?product=canne-messfix-s-nedo-pour-recepteur-laser-2\",\"url\":\"https:\/\/laserelectronique.com\/?product=canne-messfix-s-nedo-pour-recepteur-laser-2\",\"name\":\"Canne mEssfix-S Nedo pour r\u00e9cepteur laser F687511 - LASER ELECTRONIQUE TP\",\"isPartOf\":{\"@id\":\"https:\/\/laserelectronique.com\/#website\"},\"primaryImageOfPage\":{\"@id\":\"https:\/\/laserelectronique.com\/?product=canne-messfix-s-nedo-pour-recepteur-laser-2#primaryimage\"},\"image\":{\"@id\":\"https:\/\/laserelectronique.com\/?product=canne-messfix-s-nedo-pour-recepteur-laser-2#primaryimage\"},\"thumbnailUrl\":\"https:\/\/laserelectronique.com\/wp-content\/uploads\/2020\/12\/MESSFIX-S-600x600-1.png\",\"datePublished\":\"2020-12-27T09:15:57+00:00\",\"dateModified\":\"2022-07-27T09:34:14+00:00\",\"breadcrumb\":{\"@id\":\"https:\/\/laserelectronique.com\/?product=canne-messfix-s-nedo-pour-recepteur-laser-2#breadcrumb\"},\"inLanguage\":\"fr-FR\",\"potentialAction\":[{\"@type\":\"ReadAction\",\"target\":[\"https:\/\/laserelectronique.com\/?product=canne-messfix-s-nedo-pour-recepteur-laser-2\"]}]},{\"@type\":\"ImageObject\",\"inLanguage\":\"fr-FR\",\"@id\":\"https:\/\/laserelectronique.com\/?product=canne-messfix-s-nedo-pour-recepteur-laser-2#primaryimage\",\"url\":\"https:\/\/laserelectronique.com\/wp-content\/uploads\/2020\/12\/MESSFIX-S-600x600-1.png\",\"contentUrl\":\"https:\/\/laserelectronique.com\/wp-content\/uploads\/2020\/12\/MESSFIX-S-600x600-1.png\",\"width\":600,\"height\":600},{\"@type\":\"BreadcrumbList\",\"@id\":\"https:\/\/laserelectronique.com\/?product=canne-messfix-s-nedo-pour-recepteur-laser-2#breadcrumb\",\"itemListElement\":[{\"@type\":\"ListItem\",\"position\":1,\"name\":\"Accueil\",\"item\":\"https:\/\/laserelectronique.com\/\"},{\"@type\":\"ListItem\",\"position\":2,\"name\":\"Boutique\",\"item\":\"https:\/\/laserelectronique.com\/?page_id=7\"},{\"@type\":\"ListItem\",\"position\":3,\"name\":\"Canne mEssfix-S Nedo pour r\u00e9cepteur laser F687511\"}]},{\"@type\":\"WebSite\",\"@id\":\"https:\/\/laserelectronique.com\/#website\",\"url\":\"https:\/\/laserelectronique.com\/\",\"name\":\"LASER ELECTRONIQUE TP\",\"description\":\"VOTRE PARTENAIRE EN GUIDAGE D&#039;ENGINS, TOPOGRAPHIE ET SERVICES\",\"potentialAction\":[{\"@type\":\"SearchAction\",\"target\":{\"@type\":\"EntryPoint\",\"urlTemplate\":\"https:\/\/laserelectronique.com\/?s={search_term_string}\"},\"query-input\":{\"@type\":\"PropertyValueSpecification\",\"valueRequired\":true,\"valueName\":\"search_term_string\"}}],\"inLanguage\":\"fr-FR\"}]}<\/script>\n<!-- \/ Yoast SEO plugin. -->","yoast_head_json":{"title":"Canne mEssfix-S Nedo pour r\u00e9cepteur laser F687511 - LASER ELECTRONIQUE TP","robots":{"index":"index","follow":"follow","max-snippet":"max-snippet:-1","max-image-preview":"max-image-preview:large","max-video-preview":"max-video-preview:-1"},"canonical":"https:\/\/laserelectronique.com\/?product=canne-messfix-s-nedo-pour-recepteur-laser-2","og_locale":"fr_FR","og_type":"article","og_title":"Canne mEssfix-S Nedo pour r\u00e9cepteur laser F687511 - LASER ELECTRONIQUE TP","og_description":"Laser mEssfix-S Nedo F 687 511 Laser mEssfix-S La canne t\u00e9lescopique Laser mEssfix-S est un m\u00e8tre t\u00e9lescopique robuste pour mesurer des d\u00e9nivel\u00e9s en liaison avec un laser rotatif et un&hellip;","og_url":"https:\/\/laserelectronique.com\/?product=canne-messfix-s-nedo-pour-recepteur-laser-2","og_site_name":"LASER ELECTRONIQUE TP","article_modified_time":"2022-07-27T09:34:14+00:00","og_image":[{"width":600,"height":600,"url":"https:\/\/laserelectronique.com\/wp-content\/uploads\/2020\/12\/MESSFIX-S-600x600-1.png","type":"image\/png"}],"twitter_card":"summary_large_image","twitter_misc":{"Dur\u00e9e de lecture estim\u00e9e":"1 minute"},"schema":{"@context":"https:\/\/schema.org","@graph":[{"@type":"WebPage","@id":"https:\/\/laserelectronique.com\/?product=canne-messfix-s-nedo-pour-recepteur-laser-2","url":"https:\/\/laserelectronique.com\/?product=canne-messfix-s-nedo-pour-recepteur-laser-2","name":"Canne mEssfix-S Nedo pour r\u00e9cepteur laser F687511 - LASER ELECTRONIQUE TP","isPartOf":{"@id":"https:\/\/laserelectronique.com\/#website"},"primaryImageOfPage":{"@id":"https:\/\/laserelectronique.com\/?product=canne-messfix-s-nedo-pour-recepteur-laser-2#primaryimage"},"image":{"@id":"https:\/\/laserelectronique.com\/?product=canne-messfix-s-nedo-pour-recepteur-laser-2#primaryimage"},"thumbnailUrl":"https:\/\/laserelectronique.com\/wp-content\/uploads\/2020\/12\/MESSFIX-S-600x600-1.png","datePublished":"2020-12-27T09:15:57+00:00","dateModified":"2022-07-27T09:34:14+00:00","breadcrumb":{"@id":"https:\/\/laserelectronique.com\/?product=canne-messfix-s-nedo-pour-recepteur-laser-2#breadcrumb"},"inLanguage":"fr-FR","potentialAction":[{"@type":"ReadAction","target":["https:\/\/laserelectronique.com\/?product=canne-messfix-s-nedo-pour-recepteur-laser-2"]}]},{"@type":"ImageObject","inLanguage":"fr-FR","@id":"https:\/\/laserelectronique.com\/?product=canne-messfix-s-nedo-pour-recepteur-laser-2#primaryimage","url":"https:\/\/laserelectronique.com\/wp-content\/uploads\/2020\/12\/MESSFIX-S-600x600-1.png","contentUrl":"https:\/\/laserelectronique.com\/wp-content\/uploads\/2020\/12\/MESSFIX-S-600x600-1.png","width":600,"height":600},{"@type":"BreadcrumbList","@id":"https:\/\/laserelectronique.com\/?product=canne-messfix-s-nedo-pour-recepteur-laser-2#breadcrumb","itemListElement":[{"@type":"ListItem","position":1,"name":"Accueil","item":"https:\/\/laserelectronique.com\/"},{"@type":"ListItem","position":2,"name":"Boutique","item":"https:\/\/laserelectronique.com\/?page_id=7"},{"@type":"ListItem","position":3,"name":"Canne mEssfix-S Nedo pour r\u00e9cepteur laser F687511"}]},{"@type":"WebSite","@id":"https:\/\/laserelectronique.com\/#website","url":"https:\/\/laserelectronique.com\/","name":"LASER ELECTRONIQUE TP","description":"VOTRE PARTENAIRE EN GUIDAGE D&#039;ENGINS, TOPOGRAPHIE ET SERVICES","potentialAction":[{"@type":"SearchAction","target":{"@type":"EntryPoint","urlTemplate":"https:\/\/laserelectronique.com\/?s={search_term_string}"},"query-input":{"@type":"PropertyValueSpecification","valueRequired":true,"valueName":"search_term_string"}}],"inLanguage":"fr-FR"}]}},"_links":{"self":[{"href":"https:\/\/laserelectronique.com\/index.php?rest_route=\/wp\/v2\/product\/3235","targetHints":{"allow":["GET"]}}],"collection":[{"href":"https:\/\/laserelectronique.com\/index.php?rest_route=\/wp\/v2\/product"}],"about":[{"href":"https:\/\/laserelectronique.com\/index.php?rest_route=\/wp\/v2\/types\/product"}],"replies":[{"embeddable":true,"href":"https:\/\/laserelectronique.com\/index.php?rest_route=%2Fwp%2Fv2%2Fcomments&post=3235"}],"wp:featuredmedia":[{"embeddable":true,"href":"https:\/\/laserelectronique.com\/index.php?rest_route=\/wp\/v2\/media\/3236"}],"wp:attachment":[{"href":"https:\/\/laserelectronique.com\/index.php?rest_route=%2Fwp%2Fv2%2Fmedia&parent=3235"}],"wp:term":[{"taxonomy":"product_cat","embeddable":true,"href":"https:\/\/laserelectronique.com\/index.php?rest_route=%2Fwp%2Fv2%2Fproduct_cat&post=3235"},{"taxonomy":"product_tag","embeddable":true,"href":"https:\/\/laserelectronique.com\/index.php?rest_route=%2Fwp%2Fv2%2Fproduct_tag&post=3235"}],"curies":[{"name":"wp","href":"https:\/\/api.w.org\/{rel}","templated":true}]}}