{"id":3229,"date":"2020-12-27T10:06:30","date_gmt":"2020-12-27T09:06:30","guid":{"rendered":"http:\/\/laserelectronique.com\/?post_type=product&#038;p=3229"},"modified":"2020-12-27T10:09:49","modified_gmt":"2020-12-27T09:09:49","slug":"prismes-nedo","status":"publish","type":"product","link":"https:\/\/laserelectronique.com\/?product=prismes-nedo","title":{"rendered":"Prismes Nedo"},"content":{"rendered":"<h3 class=\"STYLE_20\" align=\"LEFT\">Prismes Nedo<\/h3>\n<p>&nbsp;<\/p>\n<p class=\"STYLE_20\" align=\"LEFT\"><strong>Mini-prisme R\u00e9f. 481 600-613<img decoding=\"async\" class=\"alignright\" src=\"https:\/\/www.nedo.com\/img\/products\/vmg\/481600-613.gif\" alt=\"Vue d\u00e9taill\u00e9e\" \/><\/strong><\/p>\n<p class=\"STYLE_20\" align=\"LEFT\"><strong>Particularit\u00e9s :<\/strong><\/p>\n<div class=\"STYLE_12\" align=\"LEFT\">\n<ul type=\"square\">\n<li><strong>Monture et bo\u00eetier m\u00e9talliques<\/strong><\/li>\n<li><strong>Raccord filet\u00e9 : 5\/8&Prime;<\/strong><\/li>\n<li><strong>Constante : 0\/30 mm<\/strong><\/li>\n<li><strong>Avec nivelle sph\u00e9rique non r\u00e9glable<\/strong><br \/>\n<strong>dans la monture<\/strong><\/li>\n<li><strong>Signal de vis\u00e9e bilat\u00e9ral<\/strong><\/li>\n<li><strong>\u00d8 du prisme : 25,4 mm<\/strong><\/li>\n<li><strong>Pr\u00e9cision : \u00b12&Prime;<\/strong><\/li>\n<\/ul>\n<\/div>\n<div class=\"STYLE_12\" align=\"LEFT\"><strong>Conditionnement :<\/strong><br \/>\n<strong>Prisme, accessoires et sacoche souple<\/strong><\/div>\n<div class=\"STYLE_12\" align=\"LEFT\"><strong>Cliquez\u00a0<a href=\"https:\/\/www.nedo.com\/french\/products\/vmg\/prismenadapter.html\">ici<\/a>\u00a0pour trouver les adaptateurs convenables pour les cannes porte-prisme et pour<\/strong><br \/>\n<strong>les embases.<\/strong><\/div>\n<div align=\"LEFT\"><\/div>\n<div class=\"STYLE_9\" align=\"center\"><strong><img decoding=\"async\" src=\"https:\/\/www.nedo.com\/img\/linie.jpg\" alt=\"\" align=\"TOP\" border=\"0\" hspace=\"0\" vspace=\"0\" \/><\/strong><\/div>\n<div class=\"STYLE_9\" align=\"LEFT\"><strong><a name=\"Marker481601-613\"><\/a><\/strong><strong><img loading=\"lazy\" decoding=\"async\" src=\"https:\/\/www.nedo.com\/img\/Balken_bild_215x25.gif\" alt=\"\" width=\"215\" height=\"25\" align=\"TOP\" border=\"0\" hspace=\"0\" vspace=\"0\" \/><\/strong><\/div>\n<div class=\"STYLE_BildBalken\" style=\"text-align: left;\" align=\"center\"><strong>Mini-prisme R\u00e9f. 481 601-613<img decoding=\"async\" class=\"alignright\" src=\"https:\/\/www.nedo.com\/img\/products\/vmg\/481601-613.gif\" alt=\"Vue d\u00e9taill\u00e9e\" \/><\/strong><\/div>\n<div class=\"STYLE_TextBalken_12\" align=\"center\"><\/div>\n<div class=\"STYLE_12\" align=\"LEFT\"><strong>Particularit\u00e9s :<\/strong><\/div>\n<div class=\"STYLE_12\" align=\"LEFT\">\n<ul type=\"square\">\n<li><strong>Monture et bo\u00eetier m\u00e9talliques<\/strong><\/li>\n<li><strong>Raccord filet\u00e9 : 5\/8&Prime;<\/strong><\/li>\n<li><strong>Constante : 0\/30 mm<\/strong><\/li>\n<li><strong>Nivelle sph\u00e9rique r\u00e9glable plac\u00e9e le c\u00f4t\u00e9 de la<\/strong><br \/>\n<strong>monture<\/strong><\/li>\n<li><strong>Avec nivelle sph\u00e9rique sur le c\u00f4t\u00e9 de la<\/strong><br \/>\n<strong>monture<\/strong><\/li>\n<li><strong>Signal de vis\u00e9e bilat\u00e9ral<\/strong><\/li>\n<li><strong>\u00d8 du prisme : 25,4 mm<\/strong><\/li>\n<li><strong>Pr\u00e9cision : \u00b12&Prime;<\/strong><\/li>\n<\/ul>\n<\/div>\n<div class=\"STYLE_12\" align=\"LEFT\"><strong>Conditionnement :<\/strong><br \/>\n<strong>Prisme, accessoires et sacoche souple<\/strong><\/div>\n<div class=\"STYLE_12\" align=\"LEFT\"><strong>Cliquez\u00a0<a href=\"https:\/\/www.nedo.com\/french\/products\/vmg\/prismenadapter.html\">ici<\/a>\u00a0pour trouver les adaptateurs convenables pour les cannes porte-prisme et pour<\/strong><br \/>\n<strong>les embases.<\/strong><\/div>\n<div align=\"LEFT\"><\/div>\n<div class=\"STYLE_9\" align=\"center\"><strong><img decoding=\"async\" src=\"https:\/\/www.nedo.com\/img\/linie.jpg\" alt=\"\" align=\"TOP\" border=\"0\" hspace=\"0\" vspace=\"0\" \/><\/strong><\/div>\n<div class=\"STYLE_9\" align=\"LEFT\"><strong><a name=\"Marker481200-613\"><\/a><img loading=\"lazy\" decoding=\"async\" src=\"https:\/\/www.nedo.com\/img\/trans.gif\" alt=\"\" width=\"1\" height=\"1\" border=\"0\" hspace=\"0\" vspace=\"0\" \/><\/strong><strong><img loading=\"lazy\" decoding=\"async\" src=\"https:\/\/www.nedo.com\/img\/Balken_bild_215x25.gif\" alt=\"\" width=\"215\" height=\"25\" align=\"TOP\" border=\"0\" hspace=\"0\" vspace=\"0\" \/><\/strong><\/div>\n<div class=\"STYLE_BildBalken\" style=\"text-align: left;\" align=\"center\"><strong>Prisme R\u00e9f. 481 200-613<img decoding=\"async\" class=\"alignright\" src=\"https:\/\/www.nedo.com\/img\/products\/vmg\/481200-613.gif\" alt=\"Vue d\u00e9taill\u00e9e\" \/><\/strong><\/div>\n<div class=\"STYLE_TextBalken_12\" align=\"center\"><\/div>\n<div class=\"STYLE_12\" align=\"LEFT\"><strong>Particularit\u00e9s:<\/strong><\/div>\n<div class=\"STYLE_12\" align=\"LEFT\">\n<ul type=\"square\">\n<li><strong>Compatible avec les instruments Topcon, Sokkia,<\/strong><br \/>\n<strong>Nikon et Pentax<\/strong><\/li>\n<li><strong>Raccord filet\u00e9 : 5\/8&Prime;<\/strong><\/li>\n<li><strong>Etrier en plastique<\/strong><\/li>\n<li><strong>Constante : 0\/30 mm<\/strong><\/li>\n<li><strong>\u00d8 du prisme : 62 mm<\/strong><\/li>\n<li><strong>Pr\u00e9cision : \u00b12&Prime;<\/strong><\/li>\n<li><strong>Signal de vis\u00e9e m\u00e9tallique<\/strong><\/li>\n<\/ul>\n<\/div>\n<div class=\"STYLE_12\" align=\"LEFT\"><strong>Conditionnement :<\/strong><br \/>\n<strong>Prisme et monture<\/strong><\/div>\n<div class=\"STYLE_12\" align=\"LEFT\"><strong>Cliquez\u00a0<a href=\"https:\/\/www.nedo.com\/french\/products\/vmg\/prismenadapter.html\">ici<\/a>\u00a0pour trouver les adaptateurs convenables pour les cannes porte-prisme et pour<\/strong><br \/>\n<strong>les embases.<\/strong><\/div>\n<div align=\"LEFT\"><\/div>\n<div class=\"STYLE_9\" align=\"center\"><strong><img decoding=\"async\" src=\"https:\/\/www.nedo.com\/img\/linie.jpg\" alt=\"\" align=\"TOP\" border=\"0\" hspace=\"0\" vspace=\"0\" \/><\/strong><\/div>\n<div class=\"STYLE_9\" align=\"LEFT\"><strong><a name=\"Marker481300\"><\/a><img loading=\"lazy\" decoding=\"async\" src=\"https:\/\/www.nedo.com\/img\/trans.gif\" alt=\"\" width=\"1\" height=\"1\" border=\"0\" hspace=\"0\" vspace=\"0\" \/><\/strong><\/div>\n<div class=\"STYLE_BildBalken\" style=\"text-align: left;\" align=\"center\"><strong>Prisme R\u00e9f. 481 300-613<img decoding=\"async\" class=\"alignright\" src=\"https:\/\/www.nedo.com\/img\/products\/vmg\/481300.gif\" alt=\"Vue d\u00e9taill\u00e9e\" \/><\/strong><\/div>\n<div class=\"STYLE_TextBalken_12\" align=\"center\"><\/div>\n<div class=\"STYLE_12\" align=\"LEFT\"><strong>Particularit\u00e9s :<\/strong><\/div>\n<div class=\"STYLE_12\" align=\"LEFT\">\n<ul type=\"square\">\n<li><strong>Compatible avec les instruments Topcon, Sokkia,<\/strong><br \/>\n<strong>Nikon et Pentax<\/strong><\/li>\n<li><strong>Raccord filet\u00e9 : 5\/8&Prime;<\/strong><\/li>\n<li><strong>Etrier m\u00e9tallique<\/strong><\/li>\n<li><strong>Constante : 0\/30 mm<\/strong><\/li>\n<li><strong>\u00d8 du prisme : 62 mm<\/strong><\/li>\n<li><strong>Pr\u00e9cision : \u00b12,5&Prime;<\/strong><\/li>\n<li><strong>Signal de vis\u00e9e m\u00e9tallique en couleur<\/strong><br \/>\n<strong>orange<\/strong><\/li>\n<\/ul>\n<\/div>\n<div class=\"STYLE_12\" align=\"LEFT\"><strong>Conditionnement :<\/strong><br \/>\n<strong>Prisme et monture<\/strong><\/div>\n<div class=\"STYLE_12\" align=\"LEFT\"><strong>Cliquez\u00a0<a href=\"https:\/\/www.nedo.com\/french\/products\/vmg\/prismenadapter.html\">ici<\/a>\u00a0pour trouver les adaptateurs convenables pour les cannes porte-prisme et pour<\/strong><br \/>\n<strong>les embases.<\/strong><\/div>\n<div align=\"LEFT\"><\/div>\n<div class=\"STYLE_9\" align=\"center\"><strong><img decoding=\"async\" src=\"https:\/\/www.nedo.com\/img\/linie.jpg\" alt=\"\" align=\"TOP\" border=\"0\" hspace=\"0\" vspace=\"0\" \/><\/strong><\/div>\n<div class=\"STYLE_9\" align=\"LEFT\"><strong><a name=\"Marker481700-613\"><\/a><\/strong><strong><img loading=\"lazy\" decoding=\"async\" src=\"https:\/\/www.nedo.com\/img\/Balken_bild_215x25.gif\" alt=\"\" width=\"215\" height=\"25\" align=\"TOP\" border=\"0\" hspace=\"0\" vspace=\"0\" \/><\/strong><\/div>\n<div class=\"STYLE_BildBalken\" style=\"text-align: left;\" align=\"center\"><strong>Prisme R\u00e9f. 481 700-613<img decoding=\"async\" class=\"alignright\" src=\"https:\/\/www.nedo.com\/img\/products\/vmg\/481700-613.gif\" alt=\"Vue d\u00e9taill\u00e9e\" \/><\/strong><\/div>\n<div class=\"STYLE_TextBalken_12\" align=\"center\"><\/div>\n<div class=\"STYLE_12\" align=\"LEFT\"><strong>Particularit\u00e9s :<\/strong><\/div>\n<div class=\"STYLE_12\" align=\"LEFT\">\n<ul type=\"square\">\n<li><strong>Compatible avec les instruments Leica<\/strong><\/li>\n<li><strong>Verrouillage par bouton-poussoir<\/strong><\/li>\n<li><strong>Constante : 34 mm<\/strong><\/li>\n<li><strong>Traitement de surface en cuivre<\/strong><\/li>\n<li><strong>\u00d8 du prisme : 62 mm<\/strong><\/li>\n<li><strong>Pr\u00e9cision : \u00b12&Prime;<\/strong><\/li>\n<li><strong>Signal de vis\u00e9e m\u00e9tallique<\/strong><\/li>\n<\/ul>\n<\/div>\n<div class=\"STYLE_12\" align=\"LEFT\"><strong>Conditionnement :<\/strong><br \/>\n<strong>Prisme et monture<\/strong><\/div>\n<div class=\"STYLE_12\" align=\"LEFT\"><strong>Cliquez\u00a0<a href=\"https:\/\/www.nedo.com\/french\/products\/vmg\/prismenadapter.html\">ici<\/a>\u00a0pour trouver les adaptateurs convenables pour les cannes porte-prisme et pour<\/strong><br \/>\n<strong>les embases.<\/strong><\/div>\n<div align=\"LEFT\"><\/div>\n<div class=\"STYLE_9\" align=\"center\"><strong><img decoding=\"async\" src=\"https:\/\/www.nedo.com\/img\/linie.jpg\" alt=\"\" align=\"TOP\" border=\"0\" hspace=\"0\" vspace=\"0\" \/><\/strong><\/div>\n<div class=\"STYLE_9\" align=\"LEFT\"><strong><a name=\"Marker060076\"><\/a><img loading=\"lazy\" decoding=\"async\" src=\"https:\/\/www.nedo.com\/img\/trans.gif\" alt=\"\" width=\"1\" height=\"1\" border=\"0\" hspace=\"0\" vspace=\"0\" \/><\/strong><strong><img loading=\"lazy\" decoding=\"async\" src=\"https:\/\/www.nedo.com\/img\/Balken_bild_215x25.gif\" alt=\"\" width=\"215\" height=\"25\" align=\"TOP\" border=\"0\" hspace=\"0\" vspace=\"0\" \/><\/strong><\/div>\n<div class=\"STYLE_BildBalken\" style=\"text-align: left;\" align=\"center\"><strong>Sac pour prisme R\u00e9f. 060076<img decoding=\"async\" class=\"alignright\" src=\"https:\/\/www.nedo.com\/img\/products\/vmg\/060076.gif\" alt=\"Zur Detailansicht\" \/><\/strong><\/div>\n<div class=\"STYLE_TextBalken_12\" align=\"center\"><\/div>\n<div class=\"STYLE_TextBalken_12\" align=\"center\"><\/div>\n<div class=\"STYLE_12\" align=\"LEFT\"><\/div>\n<div class=\"STYLE_9\" align=\"center\"><strong><img decoding=\"async\" src=\"https:\/\/www.nedo.com\/img\/linie.jpg\" alt=\"\" align=\"TOP\" border=\"0\" hspace=\"0\" vspace=\"0\" \/><\/strong><\/div>\n<div class=\"STYLE_9\" align=\"LEFT\"><strong><a name=\"Marker481100-613\"><\/a><img loading=\"lazy\" decoding=\"async\" src=\"https:\/\/www.nedo.com\/img\/trans.gif\" alt=\"\" width=\"1\" height=\"1\" border=\"0\" hspace=\"0\" vspace=\"0\" \/><\/strong><strong><img loading=\"lazy\" decoding=\"async\" src=\"https:\/\/www.nedo.com\/img\/Balken_bild_215x25.gif\" alt=\"\" width=\"215\" height=\"25\" align=\"TOP\" border=\"0\" hspace=\"0\" vspace=\"0\" \/><\/strong><\/div>\n<div class=\"STYLE_BildBalken\" style=\"text-align: left;\" align=\"center\"><strong>Station de prismes R\u00e9f. 481100-613<img decoding=\"async\" class=\"alignright\" src=\"https:\/\/www.nedo.com\/img\/products\/vmg\/481100-613.gif\" alt=\"Zur Detailansicht\" \/><\/strong><\/div>\n<div class=\"STYLE_TextBalken_12\" style=\"text-align: left;\" align=\"center\"><\/div>\n<div class=\"STYLE_TextBalken_12\" style=\"text-align: left;\" align=\"center\"><strong>Station de prismes type Topcon<\/strong><\/div>\n<div class=\"STYLE_12\" align=\"LEFT\"><strong>Particularit\u00e9s :<\/strong><\/div>\n<div class=\"STYLE_12\" align=\"LEFT\">\n<ul type=\"square\">\n<li><strong>Constante : -30 mm<\/strong><\/li>\n<li><strong>\u00d8 du prisme : 62 mm<\/strong><\/li>\n<li><strong>Pr\u00e9cision : \u00b12\u201d<\/strong><\/li>\n<li><strong>Signal de vis\u00e9e noir\/blanc en m\u00e9tal<\/strong><\/li>\n<\/ul>\n<\/div>\n<div class=\"STYLE_12\" align=\"LEFT\"><strong>Conditionnement :<\/strong><\/div>\n<div class=\"STYLE_12\" align=\"LEFT\">\n<ul type=\"square\">\n<li><strong>Prisme inclinable<\/strong><\/li>\n<li><strong>Adaptateur de platine tripode, r\u00e9glable<\/strong><br \/>\n<strong>en hauteur, avec plomb optique<\/strong><\/li>\n<li><strong>Embase<\/strong><\/li>\n<li><strong>Coffret de transport<\/strong><\/li>\n<\/ul>\n<\/div>\n<div class=\"STYLE_12\" align=\"LEFT\"><\/div>\n<div class=\"STYLE_9\" align=\"center\"><strong><img decoding=\"async\" src=\"https:\/\/www.nedo.com\/img\/linie.jpg\" alt=\"\" align=\"TOP\" border=\"0\" hspace=\"0\" vspace=\"0\" \/><\/strong><\/div>\n<div class=\"STYLE_9\" align=\"LEFT\"><strong><a name=\"Marker481110-613\"><\/a><img loading=\"lazy\" decoding=\"async\" src=\"https:\/\/www.nedo.com\/img\/trans.gif\" alt=\"\" width=\"1\" height=\"1\" border=\"0\" hspace=\"0\" vspace=\"0\" \/><\/strong><strong><img loading=\"lazy\" decoding=\"async\" src=\"https:\/\/www.nedo.com\/img\/Balken_bild_215x25.gif\" alt=\"\" width=\"215\" height=\"25\" align=\"TOP\" border=\"0\" hspace=\"0\" vspace=\"0\" \/><\/strong><\/div>\n<div class=\"STYLE_BildBalken\" style=\"text-align: left;\" align=\"center\"><strong>Station de prismes R\u00e9f. 481110-613<img decoding=\"async\" class=\"alignright\" src=\"https:\/\/www.nedo.com\/img\/products\/vmg\/481110-613.gif\" alt=\"Zur Detailansicht\" \/><\/strong><\/div>\n<div align=\"center\"><\/div>\n<div class=\"STYLE_TextBalken_12\" style=\"text-align: left;\" align=\"center\"><strong>Station de prismes type Leica<\/strong><\/div>\n<div class=\"STYLE_12\" align=\"LEFT\"><strong>Particularit\u00e9s :<\/strong><\/div>\n<div class=\"STYLE_12\" align=\"LEFT\">\n<ul type=\"square\">\n<li><strong>Verrouillage \u00e0 bouton-poussoir<\/strong><\/li>\n<li><strong>Constante\u00b4: -34 mm<\/strong><\/li>\n<li><strong>Rev\u00eatement en cuivre<\/strong><\/li>\n<li><strong>\u00d8 du prisme : 62 mm<\/strong><\/li>\n<li><strong>Pr\u00e9cision : \u00b12\u201d<\/strong><\/li>\n<li><strong>Signal de vis\u00e9e blanc en m\u00e9tal<\/strong><\/li>\n<\/ul>\n<\/div>\n<div class=\"STYLE_12\" align=\"LEFT\"><strong>Conditionnement :<\/strong><\/div>\n<div class=\"STYLE_12\" align=\"LEFT\">\n<ul type=\"square\">\n<li><strong>Prisme inclinable<\/strong><\/li>\n<li><strong>Embase avec plomb optique<\/strong><\/li>\n<li><strong>Embase<\/strong><\/li>\n<li><strong>Coffret de transport<\/strong><\/li>\n<\/ul>\n<\/div>\n<div class=\"STYLE_12\" align=\"LEFT\"><\/div>\n<div class=\"STYLE_9\" align=\"center\"><strong><img decoding=\"async\" src=\"https:\/\/www.nedo.com\/img\/linie.jpg\" alt=\"\" align=\"TOP\" border=\"0\" hspace=\"0\" vspace=\"0\" \/><\/strong><\/div>\n<div class=\"STYLE_9\" align=\"LEFT\"><strong><a name=\"Marker481120-613\"><\/a><img loading=\"lazy\" decoding=\"async\" src=\"https:\/\/www.nedo.com\/img\/trans.gif\" alt=\"\" width=\"1\" height=\"1\" border=\"0\" hspace=\"0\" vspace=\"0\" \/><\/strong><strong><img loading=\"lazy\" decoding=\"async\" src=\"https:\/\/www.nedo.com\/img\/Balken_bild_215x25.gif\" alt=\"\" width=\"215\" height=\"25\" align=\"TOP\" border=\"0\" hspace=\"0\" vspace=\"0\" \/><\/strong><\/div>\n<div class=\"STYLE_BildBalken\" style=\"text-align: left;\" align=\"center\"><strong>Station de prismes R\u00e9f. 481120-613<img decoding=\"async\" class=\"alignright\" src=\"https:\/\/www.nedo.com\/img\/products\/vmg\/481120-613.gif\" alt=\"Zur Detailansicht\" \/><\/strong><\/div>\n<div class=\"STYLE_TextBalken_12\" style=\"text-align: left;\" align=\"center\"><\/div>\n<div style=\"text-align: left;\" align=\"center\"><\/div>\n<div class=\"STYLE_TextBalken_12\" style=\"text-align: left;\" align=\"center\"><strong>Station de prismes type Sokkia<\/strong><\/div>\n<div class=\"STYLE_12\" style=\"text-align: left;\" align=\"LEFT\"><strong>Particularit\u00e9s :<\/strong><\/div>\n<div class=\"STYLE_12\" align=\"LEFT\">\n<ul type=\"square\">\n<li><strong>Constante : -30 mm<\/strong><\/li>\n<li><strong>\u00d8 du prisme : 62 mm<\/strong><\/li>\n<li><strong>Pr\u00e9cision : \u00b12\u201d<\/strong><\/li>\n<li><strong>Support en acier, filet 5\/8\u2019\u2019<\/strong><\/li>\n<li><strong>Signal de vis\u00e9e orange en m\u00e9tal<\/strong><\/li>\n<\/ul>\n<\/div>\n<div class=\"STYLE_12\" align=\"LEFT\"><strong>Conditionnement :<\/strong><\/div>\n<div class=\"STYLE_12\" align=\"LEFT\">\n<ul type=\"square\">\n<li><strong>Prisme inclinable<\/strong><\/li>\n<li><strong>Embase avec plomb optique<\/strong><\/li>\n<li><strong>Embase<\/strong><\/li>\n<li><strong>Coffret de transport<\/strong><\/li>\n<\/ul>\n<\/div>\n","protected":false},"excerpt":{"rendered":"<p>Prismes Nedo &nbsp; Mini-prisme R\u00e9f. 481 600-613 Particularit\u00e9s : Monture et bo\u00eetier m\u00e9talliques Raccord filet\u00e9 : 5\/8&Prime; Constante : 0\/30 mm Avec nivelle sph\u00e9rique non r\u00e9glable dans la monture Signal&hellip;<\/p>\n","protected":false},"featured_media":3230,"comment_status":"closed","ping_status":"closed","template":"","meta":[],"product_cat":[97],"product_tag":[],"class_list":{"0":"post-3229","1":"product","2":"type-product","3":"status-publish","4":"has-post-thumbnail","6":"product_cat-accessoires-de-topographie","7":"","9":"first","10":"instock","11":"taxable","12":"shipping-taxable","13":"product-type-simple"},"yoast_head":"<!-- This site is optimized with the Yoast SEO plugin v24.7 - https:\/\/yoast.com\/wordpress\/plugins\/seo\/ -->\n<title>Prismes Nedo - LASER ELECTRONIQUE TP<\/title>\n<meta name=\"robots\" content=\"index, follow, max-snippet:-1, max-image-preview:large, max-video-preview:-1\" \/>\n<link rel=\"canonical\" href=\"https:\/\/laserelectronique.com\/?product=prismes-nedo\" \/>\n<meta property=\"og:locale\" content=\"fr_FR\" \/>\n<meta property=\"og:type\" content=\"article\" \/>\n<meta property=\"og:title\" content=\"Prismes Nedo - LASER ELECTRONIQUE TP\" \/>\n<meta property=\"og:description\" content=\"Prismes Nedo &nbsp; Mini-prisme R\u00e9f. 481 600-613 Particularit\u00e9s : Monture et bo\u00eetier m\u00e9talliques Raccord filet\u00e9 : 5\/8&Prime; Constante : 0\/30 mm Avec nivelle sph\u00e9rique non r\u00e9glable dans la monture Signal&hellip;\" \/>\n<meta property=\"og:url\" content=\"https:\/\/laserelectronique.com\/?product=prismes-nedo\" \/>\n<meta property=\"og:site_name\" content=\"LASER ELECTRONIQUE TP\" \/>\n<meta property=\"article:modified_time\" content=\"2020-12-27T09:09:49+00:00\" \/>\n<meta property=\"og:image\" content=\"https:\/\/laserelectronique.com\/wp-content\/uploads\/2020\/12\/481700-613-600x600-1.png\" \/>\n\t<meta property=\"og:image:width\" content=\"600\" \/>\n\t<meta property=\"og:image:height\" content=\"600\" \/>\n\t<meta property=\"og:image:type\" content=\"image\/png\" \/>\n<meta name=\"twitter:card\" content=\"summary_large_image\" \/>\n<meta name=\"twitter:label1\" content=\"Dur\u00e9e de lecture estim\u00e9e\" \/>\n\t<meta name=\"twitter:data1\" content=\"2 minutes\" \/>\n<script type=\"application\/ld+json\" class=\"yoast-schema-graph\">{\"@context\":\"https:\/\/schema.org\",\"@graph\":[{\"@type\":\"WebPage\",\"@id\":\"https:\/\/laserelectronique.com\/?product=prismes-nedo\",\"url\":\"https:\/\/laserelectronique.com\/?product=prismes-nedo\",\"name\":\"Prismes Nedo - LASER ELECTRONIQUE TP\",\"isPartOf\":{\"@id\":\"https:\/\/laserelectronique.com\/#website\"},\"primaryImageOfPage\":{\"@id\":\"https:\/\/laserelectronique.com\/?product=prismes-nedo#primaryimage\"},\"image\":{\"@id\":\"https:\/\/laserelectronique.com\/?product=prismes-nedo#primaryimage\"},\"thumbnailUrl\":\"https:\/\/laserelectronique.com\/wp-content\/uploads\/2020\/12\/481700-613-600x600-1.png\",\"datePublished\":\"2020-12-27T09:06:30+00:00\",\"dateModified\":\"2020-12-27T09:09:49+00:00\",\"breadcrumb\":{\"@id\":\"https:\/\/laserelectronique.com\/?product=prismes-nedo#breadcrumb\"},\"inLanguage\":\"fr-FR\",\"potentialAction\":[{\"@type\":\"ReadAction\",\"target\":[\"https:\/\/laserelectronique.com\/?product=prismes-nedo\"]}]},{\"@type\":\"ImageObject\",\"inLanguage\":\"fr-FR\",\"@id\":\"https:\/\/laserelectronique.com\/?product=prismes-nedo#primaryimage\",\"url\":\"https:\/\/laserelectronique.com\/wp-content\/uploads\/2020\/12\/481700-613-600x600-1.png\",\"contentUrl\":\"https:\/\/laserelectronique.com\/wp-content\/uploads\/2020\/12\/481700-613-600x600-1.png\",\"width\":600,\"height\":600},{\"@type\":\"BreadcrumbList\",\"@id\":\"https:\/\/laserelectronique.com\/?product=prismes-nedo#breadcrumb\",\"itemListElement\":[{\"@type\":\"ListItem\",\"position\":1,\"name\":\"Accueil\",\"item\":\"https:\/\/laserelectronique.com\/\"},{\"@type\":\"ListItem\",\"position\":2,\"name\":\"Boutique\",\"item\":\"https:\/\/laserelectronique.com\/?page_id=7\"},{\"@type\":\"ListItem\",\"position\":3,\"name\":\"Prismes Nedo\"}]},{\"@type\":\"WebSite\",\"@id\":\"https:\/\/laserelectronique.com\/#website\",\"url\":\"https:\/\/laserelectronique.com\/\",\"name\":\"LASER ELECTRONIQUE TP\",\"description\":\"VOTRE PARTENAIRE EN GUIDAGE D&#039;ENGINS, TOPOGRAPHIE ET SERVICES\",\"potentialAction\":[{\"@type\":\"SearchAction\",\"target\":{\"@type\":\"EntryPoint\",\"urlTemplate\":\"https:\/\/laserelectronique.com\/?s={search_term_string}\"},\"query-input\":{\"@type\":\"PropertyValueSpecification\",\"valueRequired\":true,\"valueName\":\"search_term_string\"}}],\"inLanguage\":\"fr-FR\"}]}<\/script>\n<!-- \/ Yoast SEO plugin. -->","yoast_head_json":{"title":"Prismes Nedo - LASER ELECTRONIQUE TP","robots":{"index":"index","follow":"follow","max-snippet":"max-snippet:-1","max-image-preview":"max-image-preview:large","max-video-preview":"max-video-preview:-1"},"canonical":"https:\/\/laserelectronique.com\/?product=prismes-nedo","og_locale":"fr_FR","og_type":"article","og_title":"Prismes Nedo - LASER ELECTRONIQUE TP","og_description":"Prismes Nedo &nbsp; Mini-prisme R\u00e9f. 481 600-613 Particularit\u00e9s : Monture et bo\u00eetier m\u00e9talliques Raccord filet\u00e9 : 5\/8&Prime; Constante : 0\/30 mm Avec nivelle sph\u00e9rique non r\u00e9glable dans la monture Signal&hellip;","og_url":"https:\/\/laserelectronique.com\/?product=prismes-nedo","og_site_name":"LASER ELECTRONIQUE TP","article_modified_time":"2020-12-27T09:09:49+00:00","og_image":[{"width":600,"height":600,"url":"https:\/\/laserelectronique.com\/wp-content\/uploads\/2020\/12\/481700-613-600x600-1.png","type":"image\/png"}],"twitter_card":"summary_large_image","twitter_misc":{"Dur\u00e9e de lecture estim\u00e9e":"2 minutes"},"schema":{"@context":"https:\/\/schema.org","@graph":[{"@type":"WebPage","@id":"https:\/\/laserelectronique.com\/?product=prismes-nedo","url":"https:\/\/laserelectronique.com\/?product=prismes-nedo","name":"Prismes Nedo - LASER ELECTRONIQUE TP","isPartOf":{"@id":"https:\/\/laserelectronique.com\/#website"},"primaryImageOfPage":{"@id":"https:\/\/laserelectronique.com\/?product=prismes-nedo#primaryimage"},"image":{"@id":"https:\/\/laserelectronique.com\/?product=prismes-nedo#primaryimage"},"thumbnailUrl":"https:\/\/laserelectronique.com\/wp-content\/uploads\/2020\/12\/481700-613-600x600-1.png","datePublished":"2020-12-27T09:06:30+00:00","dateModified":"2020-12-27T09:09:49+00:00","breadcrumb":{"@id":"https:\/\/laserelectronique.com\/?product=prismes-nedo#breadcrumb"},"inLanguage":"fr-FR","potentialAction":[{"@type":"ReadAction","target":["https:\/\/laserelectronique.com\/?product=prismes-nedo"]}]},{"@type":"ImageObject","inLanguage":"fr-FR","@id":"https:\/\/laserelectronique.com\/?product=prismes-nedo#primaryimage","url":"https:\/\/laserelectronique.com\/wp-content\/uploads\/2020\/12\/481700-613-600x600-1.png","contentUrl":"https:\/\/laserelectronique.com\/wp-content\/uploads\/2020\/12\/481700-613-600x600-1.png","width":600,"height":600},{"@type":"BreadcrumbList","@id":"https:\/\/laserelectronique.com\/?product=prismes-nedo#breadcrumb","itemListElement":[{"@type":"ListItem","position":1,"name":"Accueil","item":"https:\/\/laserelectronique.com\/"},{"@type":"ListItem","position":2,"name":"Boutique","item":"https:\/\/laserelectronique.com\/?page_id=7"},{"@type":"ListItem","position":3,"name":"Prismes Nedo"}]},{"@type":"WebSite","@id":"https:\/\/laserelectronique.com\/#website","url":"https:\/\/laserelectronique.com\/","name":"LASER ELECTRONIQUE TP","description":"VOTRE PARTENAIRE EN GUIDAGE D&#039;ENGINS, TOPOGRAPHIE ET SERVICES","potentialAction":[{"@type":"SearchAction","target":{"@type":"EntryPoint","urlTemplate":"https:\/\/laserelectronique.com\/?s={search_term_string}"},"query-input":{"@type":"PropertyValueSpecification","valueRequired":true,"valueName":"search_term_string"}}],"inLanguage":"fr-FR"}]}},"_links":{"self":[{"href":"https:\/\/laserelectronique.com\/index.php?rest_route=\/wp\/v2\/product\/3229","targetHints":{"allow":["GET"]}}],"collection":[{"href":"https:\/\/laserelectronique.com\/index.php?rest_route=\/wp\/v2\/product"}],"about":[{"href":"https:\/\/laserelectronique.com\/index.php?rest_route=\/wp\/v2\/types\/product"}],"replies":[{"embeddable":true,"href":"https:\/\/laserelectronique.com\/index.php?rest_route=%2Fwp%2Fv2%2Fcomments&post=3229"}],"wp:featuredmedia":[{"embeddable":true,"href":"https:\/\/laserelectronique.com\/index.php?rest_route=\/wp\/v2\/media\/3230"}],"wp:attachment":[{"href":"https:\/\/laserelectronique.com\/index.php?rest_route=%2Fwp%2Fv2%2Fmedia&parent=3229"}],"wp:term":[{"taxonomy":"product_cat","embeddable":true,"href":"https:\/\/laserelectronique.com\/index.php?rest_route=%2Fwp%2Fv2%2Fproduct_cat&post=3229"},{"taxonomy":"product_tag","embeddable":true,"href":"https:\/\/laserelectronique.com\/index.php?rest_route=%2Fwp%2Fv2%2Fproduct_tag&post=3229"}],"curies":[{"name":"wp","href":"https:\/\/api.w.org\/{rel}","templated":true}]}}