{"id":321,"date":"2017-03-30T12:24:46","date_gmt":"2017-03-30T10:24:46","guid":{"rendered":"http:\/\/laserins.fr\/?product=valise-economique-54-x-40-x-19"},"modified":"2023-02-16T10:38:44","modified_gmt":"2023-02-16T09:38:44","slug":"valise-economique-54-x-40-x-19","status":"publish","type":"product","link":"https:\/\/laserelectronique.com\/?product=valise-economique-54-x-40-x-19","title":{"rendered":"Valise \u00e9tanche compacte V544019  54 x 40 x 19 cm"},"content":{"rendered":"<p><strong>Valise de transport \u00e9tanche IP 67 &#8211; Mod\u00e8le compacte, id\u00e9ale pour un pupitre de nivellement Ergo plus.<\/strong><\/p>\n<p><strong>Mousse alv\u00e9ol\u00e9e de 50 mm dans le couvercle et 3 mousses : Fond de 15 mm et 2 pr\u00e9d\u00e9coup\u00e9es de 60 mm.<\/strong><\/p>\n<p><strong>Quatre fermoirs \u00e0 ouverture facile en double levier.<\/strong><\/p>\n<p><strong>Mousse PTZ 29\u00a0 sp\u00e9ciale nivellement compact ou pupitre Ergo+ Vogele incluse.<\/strong><\/p>\n<p><strong>Valve de d\u00e9compression &#8211; Poign\u00e9e rabattable &amp; r\u00e9sistante.<\/strong><\/p>\n<p><strong>Emplacement pour les cadenas ou bandouli\u00e8re.<\/strong><\/p>\n<p><strong>Dim ext. : 594 x 473 x 215 mm<\/strong><\/p>\n<p><strong>Dim int. : 538 x 405 x 190 mm (20+120+50)<\/strong><\/p>\n<p><strong>Poids : 4,7 kg &#8211; Temp\u00e9rature tol\u00e9r\u00e9e : -30\u00b0c \u00e0 90\u00b0C<\/strong><\/p>\n<p><strong>R\u00e9f\u00e9rence : V544019<\/strong><\/p>\n<p><strong>Fabrication Europ\u00e9enne<\/strong><\/p>\n<p>&nbsp;<\/p>\n<h3>Document produit:<\/h3>\n<ul>\n<li><a href=\"https:\/\/laserelectronique.com\/wp-content\/uploads\/2023\/02\/5-DOCLASERINS-VALISES.pdf\">DOCLASERINS VALISES<\/a><\/li>\n<\/ul>\n","protected":false},"excerpt":{"rendered":"<p>Valise de transport \u00e9tanche IP 67 &#8211; Mod\u00e8le compacte, id\u00e9ale pour un pupitre de nivellement Ergo plus. Mousse alv\u00e9ol\u00e9e de 50 mm dans le couvercle et 3 mousses : Fond&hellip;<\/p>\n","protected":false},"featured_media":617,"comment_status":"closed","ping_status":"closed","template":"","meta":[],"product_cat":[22],"product_tag":[],"class_list":{"0":"post-321","1":"product","2":"type-product","3":"status-publish","4":"has-post-thumbnail","6":"product_cat-valises-de-transport","7":"","9":"first","10":"instock","11":"taxable","12":"shipping-taxable","13":"product-type-simple"},"yoast_head":"<!-- This site is optimized with the Yoast SEO plugin v24.7 - https:\/\/yoast.com\/wordpress\/plugins\/seo\/ -->\n<title>Valise \u00e9tanche compacte V544019 54 x 40 x 19 cm - LASER ELECTRONIQUE TP<\/title>\n<meta name=\"robots\" content=\"index, follow, max-snippet:-1, max-image-preview:large, max-video-preview:-1\" \/>\n<link rel=\"canonical\" href=\"https:\/\/laserelectronique.com\/?product=valise-economique-54-x-40-x-19\" \/>\n<meta property=\"og:locale\" content=\"fr_FR\" \/>\n<meta property=\"og:type\" content=\"article\" \/>\n<meta property=\"og:title\" content=\"Valise \u00e9tanche compacte V544019 54 x 40 x 19 cm - LASER ELECTRONIQUE TP\" \/>\n<meta property=\"og:description\" content=\"Valise de transport \u00e9tanche IP 67 &#8211; Mod\u00e8le compacte, id\u00e9ale pour un pupitre de nivellement Ergo plus. Mousse alv\u00e9ol\u00e9e de 50 mm dans le couvercle et 3 mousses : Fond&hellip;\" \/>\n<meta property=\"og:url\" content=\"https:\/\/laserelectronique.com\/?product=valise-economique-54-x-40-x-19\" \/>\n<meta property=\"og:site_name\" content=\"LASER ELECTRONIQUE TP\" \/>\n<meta property=\"article:modified_time\" content=\"2023-02-16T09:38:44+00:00\" \/>\n<meta property=\"og:image\" content=\"https:\/\/laserelectronique.com\/wp-content\/uploads\/2017\/03\/V544019-S-scaled.jpg\" \/>\n\t<meta property=\"og:image:width\" content=\"2560\" \/>\n\t<meta property=\"og:image:height\" content=\"2365\" \/>\n\t<meta property=\"og:image:type\" content=\"image\/jpeg\" \/>\n<meta name=\"twitter:card\" content=\"summary_large_image\" \/>\n<meta name=\"twitter:label1\" content=\"Dur\u00e9e de lecture estim\u00e9e\" \/>\n\t<meta name=\"twitter:data1\" content=\"1 minute\" \/>\n<script type=\"application\/ld+json\" class=\"yoast-schema-graph\">{\"@context\":\"https:\/\/schema.org\",\"@graph\":[{\"@type\":\"WebPage\",\"@id\":\"https:\/\/laserelectronique.com\/?product=valise-economique-54-x-40-x-19\",\"url\":\"https:\/\/laserelectronique.com\/?product=valise-economique-54-x-40-x-19\",\"name\":\"Valise \u00e9tanche compacte V544019 54 x 40 x 19 cm - LASER ELECTRONIQUE TP\",\"isPartOf\":{\"@id\":\"https:\/\/laserelectronique.com\/#website\"},\"primaryImageOfPage\":{\"@id\":\"https:\/\/laserelectronique.com\/?product=valise-economique-54-x-40-x-19#primaryimage\"},\"image\":{\"@id\":\"https:\/\/laserelectronique.com\/?product=valise-economique-54-x-40-x-19#primaryimage\"},\"thumbnailUrl\":\"https:\/\/laserelectronique.com\/wp-content\/uploads\/2017\/03\/V544019-S-scaled.jpg\",\"datePublished\":\"2017-03-30T10:24:46+00:00\",\"dateModified\":\"2023-02-16T09:38:44+00:00\",\"breadcrumb\":{\"@id\":\"https:\/\/laserelectronique.com\/?product=valise-economique-54-x-40-x-19#breadcrumb\"},\"inLanguage\":\"fr-FR\",\"potentialAction\":[{\"@type\":\"ReadAction\",\"target\":[\"https:\/\/laserelectronique.com\/?product=valise-economique-54-x-40-x-19\"]}]},{\"@type\":\"ImageObject\",\"inLanguage\":\"fr-FR\",\"@id\":\"https:\/\/laserelectronique.com\/?product=valise-economique-54-x-40-x-19#primaryimage\",\"url\":\"https:\/\/laserelectronique.com\/wp-content\/uploads\/2017\/03\/V544019-S-scaled.jpg\",\"contentUrl\":\"https:\/\/laserelectronique.com\/wp-content\/uploads\/2017\/03\/V544019-S-scaled.jpg\",\"width\":2560,\"height\":2365},{\"@type\":\"BreadcrumbList\",\"@id\":\"https:\/\/laserelectronique.com\/?product=valise-economique-54-x-40-x-19#breadcrumb\",\"itemListElement\":[{\"@type\":\"ListItem\",\"position\":1,\"name\":\"Accueil\",\"item\":\"https:\/\/laserelectronique.com\/\"},{\"@type\":\"ListItem\",\"position\":2,\"name\":\"Boutique\",\"item\":\"https:\/\/laserelectronique.com\/?page_id=7\"},{\"@type\":\"ListItem\",\"position\":3,\"name\":\"Valise \u00e9tanche compacte V544019 54 x 40 x 19 cm\"}]},{\"@type\":\"WebSite\",\"@id\":\"https:\/\/laserelectronique.com\/#website\",\"url\":\"https:\/\/laserelectronique.com\/\",\"name\":\"LASER ELECTRONIQUE TP\",\"description\":\"VOTRE PARTENAIRE EN GUIDAGE D&#039;ENGINS, TOPOGRAPHIE ET SERVICES\",\"potentialAction\":[{\"@type\":\"SearchAction\",\"target\":{\"@type\":\"EntryPoint\",\"urlTemplate\":\"https:\/\/laserelectronique.com\/?s={search_term_string}\"},\"query-input\":{\"@type\":\"PropertyValueSpecification\",\"valueRequired\":true,\"valueName\":\"search_term_string\"}}],\"inLanguage\":\"fr-FR\"}]}<\/script>\n<!-- \/ Yoast SEO plugin. -->","yoast_head_json":{"title":"Valise \u00e9tanche compacte V544019 54 x 40 x 19 cm - LASER ELECTRONIQUE TP","robots":{"index":"index","follow":"follow","max-snippet":"max-snippet:-1","max-image-preview":"max-image-preview:large","max-video-preview":"max-video-preview:-1"},"canonical":"https:\/\/laserelectronique.com\/?product=valise-economique-54-x-40-x-19","og_locale":"fr_FR","og_type":"article","og_title":"Valise \u00e9tanche compacte V544019 54 x 40 x 19 cm - LASER ELECTRONIQUE TP","og_description":"Valise de transport \u00e9tanche IP 67 &#8211; Mod\u00e8le compacte, id\u00e9ale pour un pupitre de nivellement Ergo plus. Mousse alv\u00e9ol\u00e9e de 50 mm dans le couvercle et 3 mousses : Fond&hellip;","og_url":"https:\/\/laserelectronique.com\/?product=valise-economique-54-x-40-x-19","og_site_name":"LASER ELECTRONIQUE TP","article_modified_time":"2023-02-16T09:38:44+00:00","og_image":[{"width":2560,"height":2365,"url":"https:\/\/laserelectronique.com\/wp-content\/uploads\/2017\/03\/V544019-S-scaled.jpg","type":"image\/jpeg"}],"twitter_card":"summary_large_image","twitter_misc":{"Dur\u00e9e de lecture estim\u00e9e":"1 minute"},"schema":{"@context":"https:\/\/schema.org","@graph":[{"@type":"WebPage","@id":"https:\/\/laserelectronique.com\/?product=valise-economique-54-x-40-x-19","url":"https:\/\/laserelectronique.com\/?product=valise-economique-54-x-40-x-19","name":"Valise \u00e9tanche compacte V544019 54 x 40 x 19 cm - LASER ELECTRONIQUE TP","isPartOf":{"@id":"https:\/\/laserelectronique.com\/#website"},"primaryImageOfPage":{"@id":"https:\/\/laserelectronique.com\/?product=valise-economique-54-x-40-x-19#primaryimage"},"image":{"@id":"https:\/\/laserelectronique.com\/?product=valise-economique-54-x-40-x-19#primaryimage"},"thumbnailUrl":"https:\/\/laserelectronique.com\/wp-content\/uploads\/2017\/03\/V544019-S-scaled.jpg","datePublished":"2017-03-30T10:24:46+00:00","dateModified":"2023-02-16T09:38:44+00:00","breadcrumb":{"@id":"https:\/\/laserelectronique.com\/?product=valise-economique-54-x-40-x-19#breadcrumb"},"inLanguage":"fr-FR","potentialAction":[{"@type":"ReadAction","target":["https:\/\/laserelectronique.com\/?product=valise-economique-54-x-40-x-19"]}]},{"@type":"ImageObject","inLanguage":"fr-FR","@id":"https:\/\/laserelectronique.com\/?product=valise-economique-54-x-40-x-19#primaryimage","url":"https:\/\/laserelectronique.com\/wp-content\/uploads\/2017\/03\/V544019-S-scaled.jpg","contentUrl":"https:\/\/laserelectronique.com\/wp-content\/uploads\/2017\/03\/V544019-S-scaled.jpg","width":2560,"height":2365},{"@type":"BreadcrumbList","@id":"https:\/\/laserelectronique.com\/?product=valise-economique-54-x-40-x-19#breadcrumb","itemListElement":[{"@type":"ListItem","position":1,"name":"Accueil","item":"https:\/\/laserelectronique.com\/"},{"@type":"ListItem","position":2,"name":"Boutique","item":"https:\/\/laserelectronique.com\/?page_id=7"},{"@type":"ListItem","position":3,"name":"Valise \u00e9tanche compacte V544019 54 x 40 x 19 cm"}]},{"@type":"WebSite","@id":"https:\/\/laserelectronique.com\/#website","url":"https:\/\/laserelectronique.com\/","name":"LASER ELECTRONIQUE TP","description":"VOTRE PARTENAIRE EN GUIDAGE D&#039;ENGINS, TOPOGRAPHIE ET SERVICES","potentialAction":[{"@type":"SearchAction","target":{"@type":"EntryPoint","urlTemplate":"https:\/\/laserelectronique.com\/?s={search_term_string}"},"query-input":{"@type":"PropertyValueSpecification","valueRequired":true,"valueName":"search_term_string"}}],"inLanguage":"fr-FR"}]}},"_links":{"self":[{"href":"https:\/\/laserelectronique.com\/index.php?rest_route=\/wp\/v2\/product\/321","targetHints":{"allow":["GET"]}}],"collection":[{"href":"https:\/\/laserelectronique.com\/index.php?rest_route=\/wp\/v2\/product"}],"about":[{"href":"https:\/\/laserelectronique.com\/index.php?rest_route=\/wp\/v2\/types\/product"}],"replies":[{"embeddable":true,"href":"https:\/\/laserelectronique.com\/index.php?rest_route=%2Fwp%2Fv2%2Fcomments&post=321"}],"wp:featuredmedia":[{"embeddable":true,"href":"https:\/\/laserelectronique.com\/index.php?rest_route=\/wp\/v2\/media\/617"}],"wp:attachment":[{"href":"https:\/\/laserelectronique.com\/index.php?rest_route=%2Fwp%2Fv2%2Fmedia&parent=321"}],"wp:term":[{"taxonomy":"product_cat","embeddable":true,"href":"https:\/\/laserelectronique.com\/index.php?rest_route=%2Fwp%2Fv2%2Fproduct_cat&post=321"},{"taxonomy":"product_tag","embeddable":true,"href":"https:\/\/laserelectronique.com\/index.php?rest_route=%2Fwp%2Fv2%2Fproduct_tag&post=321"}],"curies":[{"name":"wp","href":"https:\/\/api.w.org\/{rel}","templated":true}]}}