{"id":3209,"date":"2020-12-26T19:48:13","date_gmt":"2020-12-26T18:48:13","guid":{"rendered":"http:\/\/laserelectronique.com\/?post_type=product&#038;p=3209"},"modified":"2020-12-26T19:50:37","modified_gmt":"2020-12-26T18:50:37","slug":"adaptateurs-pour-prismes","status":"publish","type":"product","link":"https:\/\/laserelectronique.com\/?product=adaptateurs-pour-prismes","title":{"rendered":"Adaptateurs pour prismes"},"content":{"rendered":"<div class=\"STYLE_9\" align=\"LEFT\"><\/div>\n<div align=\"LEFT\">\n<div align=\"LEFT\">\n<h3 class=\"STYLE_9\" align=\"LEFT\"><strong>Adaptateurs pour prismes<\/strong><\/h3>\n<p>&nbsp;<\/p>\n<div class=\"STYLE_11\" align=\"LEFT\">\n<table border=\"1\" width=\"694\" cellspacing=\"0\" cellpadding=\"2\">\n<tbody>\n<tr>\n<td class=\"TabelleZeile1\" align=\"CENTER\" valign=\"TOP\" width=\"100\">Prisme<\/td>\n<td class=\"TabelleZeile1\" align=\"CENTER\" valign=\"TOP\" width=\"100\">Adaptateurs<br \/>\npour canne<br \/>\nporte-prisme mEssfix-S<\/td>\n<td class=\"TabelleZeile1\" align=\"CENTER\" valign=\"TOP\" width=\"100\">Adaptateurs<br \/>\npour<br \/>\ncannes porte-prisme<\/td>\n<td class=\"TabelleZeile1\" align=\"CENTER\" valign=\"TOP\" width=\"100\">Supports<\/td>\n<td class=\"TabelleZeile1\" align=\"CENTER\" valign=\"TOP\" width=\"100\">Embases<br \/>\npour tr\u00e9pieds<\/td>\n<\/tr>\n<tr>\n<td class=\"TabelleZeile2\" align=\"CENTER\" valign=\"TOP\" width=\"100\"><img decoding=\"async\" src=\"https:\/\/www.nedo.com\/img\/products\/vmg\/481700-613_80px.gif\" \/>R\u00e9f. 481 700-613<\/td>\n<td class=\"TabelleZeile2\" align=\"CENTER\" valign=\"TOP\" width=\"100\"><b>R\u00e9f. 053 530<\/b><br \/>\nAdaptateur Leica<img decoding=\"async\" src=\"https:\/\/www.nedo.com\/img\/products\/vmg\/053530_80px.gif\" \/><\/td>\n<td class=\"TabelleZeile2\" align=\"CENTER\" valign=\"TOP\" width=\"100\"><b>R\u00e9f. 484 704<\/b><br \/>\nAdaptateur Leica<img decoding=\"async\" src=\"https:\/\/www.nedo.com\/img\/products\/vmg\/484704_80px.gif\" \/><\/td>\n<td class=\"TabelleZeile2\" align=\"CENTER\" valign=\"TOP\" width=\"100\"><b>R\u00e9f. 482 020<\/b><br \/>\nSupport de prisme<br \/>\ntype Leica<\/td>\n<td class=\"TabelleZeile2\" align=\"CENTER\" valign=\"TOP\" width=\"100\"><b>R\u00e9f. 482 100<\/b><br \/>\nEmbase avec<br \/>\nplomb optique<b>R\u00e9f. 482 130<\/b><br \/>\nEmbase sans<br \/>\nplomb optique<\/td>\n<\/tr>\n<tr>\n<td class=\"TabelleZeile3\" align=\"CENTER\" valign=\"TOP\" width=\"100\">&lt;<br \/>\n<img decoding=\"async\" src=\"https:\/\/www.nedo.com\/img\/products\/vmg\/481300_80px.gif\" \/>R\u00e9f. 481 300<\/td>\n<td class=\"TabelleZeile3\" align=\"CENTER\" valign=\"TOP\" width=\"100\"><b>R\u00e9f 012 290<\/b><br \/>\nAdaptateur filet 5\/8\u2033<img decoding=\"async\" src=\"https:\/\/www.nedo.com\/img\/products\/vmg\/012290_80px.gif\" \/><\/td>\n<td class=\"TabelleZeile3\" align=\"CENTER\" valign=\"TOP\" width=\"100\"><b>R\u00e9f. 484 708<\/b><br \/>\nAdaptateur filet 5\/8\u2033<img decoding=\"async\" src=\"https:\/\/www.nedo.com\/img\/products\/vmg\/484708_80px.gif\" \/><\/td>\n<td class=\"TabelleZeile3\" align=\"CENTER\" valign=\"TOP\" width=\"100\"><b>R\u00e9f. 482 015<\/b><br \/>\nSupport avec<br \/>\nplomb optique<b>R\u00e9f. 482 010<\/b><br \/>\nSupport fixe<b>R\u00e9f. 482 011<\/b><br \/>\nSupport rotatif<\/td>\n<td class=\"TabelleZeile3\" align=\"CENTER\" valign=\"TOP\" width=\"100\"><b>R\u00e9f. 482 100<\/b><br \/>\nEmbase avec<br \/>\nplomb optique<b>R\u00e9f. 482 130<\/b><br \/>\nEmbase sans<br \/>\nplomb optique<\/td>\n<\/tr>\n<tr>\n<td class=\"TabelleZeile2\" align=\"CENTER\" valign=\"TOP\" width=\"100\"><img decoding=\"async\" src=\"https:\/\/www.nedo.com\/img\/products\/vmg\/481200-613_80px.gif\" \/>R\u00e9f. 481 200-613<\/td>\n<td class=\"TabelleZeile2\" align=\"CENTER\" valign=\"TOP\" width=\"100\"><b>R\u00e9f. 012 290<\/b><br \/>\nAdaptateur filet 5\/8\u2033<img decoding=\"async\" src=\"https:\/\/www.nedo.com\/img\/products\/vmg\/012290_80px.gif\" \/><\/td>\n<td class=\"TabelleZeile2\" align=\"CENTER\" valign=\"TOP\" width=\"100\"><b>R\u00e9f. 484 709<\/b><br \/>\nAdaptateur filet 5\/8\u2033<img decoding=\"async\" src=\"https:\/\/www.nedo.com\/img\/products\/vmg\/484709_80px.gif\" \/><\/td>\n<td class=\"TabelleZeile2\" align=\"CENTER\" valign=\"TOP\" width=\"100\"><b>R\u00e9f. 482 015<\/b><br \/>\nSupport avec<br \/>\nplomb optique<b>R\u00e9f. 482 010<\/b><br \/>\nSupport fixe<b>R\u00e9f. 482 011<\/b><br \/>\nSupport rotatif<\/td>\n<td class=\"TabelleZeile2\" align=\"CENTER\" valign=\"TOP\" width=\"100\"><b>R\u00e9f. 482 100<\/b><br \/>\nEmbase avec<br \/>\nplomb optique<b>R\u00e9f. 482 130<\/b><br \/>\nEmbase sans<br \/>\nplomb optique<\/td>\n<\/tr>\n<tr>\n<td class=\"TabelleZeile3\" align=\"CENTER\" valign=\"TOP\" width=\"100\"><img decoding=\"async\" src=\"https:\/\/www.nedo.com\/img\/products\/vmg\/481600-613_80px.gif\" \/>R\u00e9f. 481 600-613<\/td>\n<td class=\"TabelleZeile3\" align=\"CENTER\" valign=\"TOP\" width=\"100\"><b>R\u00e9f. 012 290<\/b><br \/>\nAdaptateur filet 5\/8\u2033<img decoding=\"async\" src=\"https:\/\/www.nedo.com\/img\/products\/vmg\/012290_80px.gif\" \/><\/td>\n<td class=\"TabelleZeile3\" align=\"CENTER\" valign=\"TOP\" width=\"100\"><b>R\u00e9f. 484 707<\/b><br \/>\nAdaptateur filet 5\/8\u2033<img decoding=\"async\" src=\"https:\/\/www.nedo.com\/img\/products\/vmg\/484707_80px.gif\" \/><\/td>\n<td class=\"TabelleZeile3\" align=\"CENTER\" valign=\"TOP\" width=\"100\"><b>R\u00e9f. 482 010<\/b><br \/>\nSupport fixe<b>R\u00e9f. 482 011<\/b><br \/>\nSupport rotatif<\/td>\n<td class=\"TabelleZeile3\" align=\"CENTER\" valign=\"TOP\" width=\"100\"><b>R\u00e9f. 482 100<\/b><br \/>\nEmbase avec<br \/>\nplomb optique<b>R\u00e9f. 482 130<\/b><br \/>\nEmbase sans<br \/>\nplomb optique<\/td>\n<\/tr>\n<tr>\n<td class=\"TabelleZeile2\" align=\"CENTER\" valign=\"TOP\" width=\"100\"><img decoding=\"async\" src=\"https:\/\/www.nedo.com\/img\/products\/vmg\/481601-613_80px.gif\" \/>R\u00e9f. 481 601-613<\/td>\n<td class=\"TabelleZeile2\" align=\"CENTER\" valign=\"TOP\" width=\"100\"><b>R\u00e9f. 012 290<\/b><br \/>\nAdaptateur filet 5\/8\u2033<img decoding=\"async\" src=\"https:\/\/www.nedo.com\/img\/products\/vmg\/012290_80px.gif\" \/><\/td>\n<td class=\"TabelleZeile2\" align=\"CENTER\" valign=\"TOP\" width=\"100\"><b>R\u00e9f. 484 707<\/b><br \/>\nAdaptateur filet 5\/8\u2033<img decoding=\"async\" src=\"https:\/\/www.nedo.com\/img\/products\/vmg\/484707_80px.gif\" \/><\/td>\n<td class=\"TabelleZeile2\" align=\"CENTER\" valign=\"TOP\" width=\"100\"><b>R\u00e9f. 482 015<\/b><br \/>\nSupport avec<br \/>\nplomb optique<b>R\u00e9f. 482 010<\/b><br \/>\nSupport fixe<b>R\u00e9f. 482 011<\/b><br \/>\nSupport rotatif<\/td>\n<td class=\"TabelleZeile2\" align=\"CENTER\" valign=\"TOP\" width=\"100\"><b>R\u00e9f. 482 100<\/b><br \/>\nEmbase avec<br \/>\nplomb optique<b>R\u00e9f. 482 130<\/b><br \/>\nEmbase sans<br \/>\nplomb optique<\/td>\n<\/tr>\n<\/tbody>\n<\/table>\n<\/div>\n<h3 class=\"STYLE_20\" align=\"LEFT\"><b><img loading=\"lazy\" decoding=\"async\" class=\"alignnone size-large wp-image-3706\" src=\"http:\/\/laserins.fr\/wp-content\/uploads\/2020\/12\/adaptateur-de-hauteur-des-cannes-porte-prisme-Nedo-996x1024.png\" sizes=\"auto, (max-width: 840px) 100vw, 840px\" srcset=\"http:\/\/laserins.fr\/wp-content\/uploads\/2020\/12\/adaptateur-de-hauteur-des-cannes-porte-prisme-Nedo-996x1024.png 996w, http:\/\/laserins.fr\/wp-content\/uploads\/2020\/12\/adaptateur-de-hauteur-des-cannes-porte-prisme-Nedo-584x600.png 584w, http:\/\/laserins.fr\/wp-content\/uploads\/2020\/12\/adaptateur-de-hauteur-des-cannes-porte-prisme-Nedo-768x789.png 768w, http:\/\/laserins.fr\/wp-content\/uploads\/2020\/12\/adaptateur-de-hauteur-des-cannes-porte-prisme-Nedo-600x617.png 600w, http:\/\/laserins.fr\/wp-content\/uploads\/2020\/12\/adaptateur-de-hauteur-des-cannes-porte-prisme-Nedo.png 1231w\" alt=\"\" width=\"840\" height=\"864\" \/>Supports de prisme pour<br \/>\nembases syst\u00e8me Leica<\/b><a name=\"Marker482020\"><\/a><\/h3>\n<div class=\"STYLE_BildBalken\" align=\"center\"><img loading=\"lazy\" decoding=\"async\" class=\"alignright\" src=\"https:\/\/www.nedo.com\/img\/products\/vmg\/482020.gif\" alt=\"\" width=\"246\" height=\"189\" align=\"TOP\" border=\"0\" hspace=\"0\" vspace=\"0\" \/><strong>Support de prisme R\u00e9f. 482 020<\/strong><\/div>\n<div class=\"STYLE_TextBalken_12\" align=\"center\"><\/div>\n<div class=\"STYLE_TextBalken_12\" align=\"center\"><strong>Support de prisme<\/strong><\/div>\n<div class=\"STYLE_12\" align=\"LEFT\"><strong>Support de prisme avec raccord Leica. Permet de<\/strong><br \/>\n<strong>recevoir les prismes avec verrouillage par bouton-<\/strong><br \/>\n<strong>poussoir Leica ref 481 700-613.<\/strong><br \/>\n<strong>Pas de nivelle<\/strong><br \/>\n<strong>Pas de plomb optique<\/strong><br \/>\n<strong>Couleur : vert<\/strong><\/div>\n<div align=\"LEFT\"><\/div>\n<div align=\"LEFT\">*************************************<\/div>\n<div align=\"center\"><\/div>\n<div class=\"STYLE_BildBalken\" align=\"center\"><strong>Support de prisme R\u00e9f. 482 015<\/strong><\/div>\n<p><img decoding=\"async\" class=\"alignright\" src=\"https:\/\/www.nedo.com\/img\/products\/vmg\/482015.gif\" alt=\"\" align=\"TOP\" border=\"0\" hspace=\"0\" vspace=\"0\" \/><\/p>\n<div class=\"STYLE_BildBalken\" align=\"center\"><strong>Support de prisme avec plomb optique<\/strong><\/div>\n<div class=\"STYLE_12\" align=\"LEFT\"><strong>Plomb optique tournant.<\/strong><br \/>\n<strong>Pour prisme Ref 481 300 et 481 200-613<\/strong><br \/>\n<strong>Pour mini-prisme Ref 481 01-613<\/strong><br \/>\n<strong>Couleur : noire<\/strong><a name=\"Marker482010\"><\/a><\/div>\n<div align=\"LEFT\"><\/div>\n<div align=\"LEFT\">**************************************<\/div>\n<p><strong>Support R\u00e9f. 482 010<\/strong><\/p>\n<p><img decoding=\"async\" class=\"alignright\" src=\"https:\/\/www.nedo.com\/img\/products\/vmg\/482010.gif\" alt=\"\" align=\"TOP\" border=\"0\" hspace=\"0\" vspace=\"0\" \/><\/p>\n<p><strong>Support de prisme fixe<\/strong><\/p>\n<div class=\"STYLE_12\" align=\"LEFT\"><strong>Support de prisme fixe avec raccord m\u00e2le 5\/8\u2033.<\/strong><br \/>\n<strong>Permet de recevoir tout type de prisme avec<\/strong><br \/>\n<strong>taraudage 5\/8\u2033.<\/strong><br \/>\n<strong>Couleur : noire<\/strong><\/div>\n<div align=\"LEFT\"><\/div>\n<div align=\"LEFT\">**************************************<\/div>\n<div class=\"STYLE_BildBalken\" align=\"center\"><\/div>\n<div class=\"STYLE_BildBalken\" align=\"center\"><strong>Support de prisme R\u00e9f. 482 011<\/strong><\/div>\n<p><img decoding=\"async\" class=\"alignright\" src=\"https:\/\/www.nedo.com\/img\/products\/vmg\/482011.gif\" alt=\"\" align=\"TOP\" border=\"0\" hspace=\"0\" vspace=\"0\" \/><\/p>\n<div class=\"STYLE_TextBalken_12\" align=\"center\"><strong>Support de prisme rotatif<\/strong><\/div>\n<div class=\"STYLE_TextBalken_12\" align=\"center\"><strong>Support de prisme rotatif avec bouton de blocage<\/strong><\/div>\n<div class=\"STYLE_12\" align=\"LEFT\"><strong>et avec raccord m\u00e2le 5\/8\u2033. Permet de recevoir tout<\/strong><br \/>\n<strong>type de prisme avec taraudage 5\/8\u2033.<\/strong><br \/>\n<strong>Couleur : noire<\/strong><\/div>\n<\/div>\n<\/div>\n","protected":false},"excerpt":{"rendered":"<p>Adaptateurs pour prismes &nbsp; Prisme Adaptateurs pour canne porte-prisme mEssfix-S Adaptateurs pour cannes porte-prisme Supports Embases pour tr\u00e9pieds R\u00e9f. 481 700-613 R\u00e9f. 053 530 Adaptateur Leica R\u00e9f. 484 704 Adaptateur&hellip;<\/p>\n","protected":false},"featured_media":3210,"comment_status":"closed","ping_status":"closed","template":"","meta":[],"product_cat":[97],"product_tag":[],"class_list":{"0":"post-3209","1":"product","2":"type-product","3":"status-publish","4":"has-post-thumbnail","6":"product_cat-accessoires-de-topographie","7":"","9":"first","10":"instock","11":"taxable","12":"shipping-taxable","13":"product-type-simple"},"yoast_head":"<!-- This site is optimized with the Yoast SEO plugin v24.7 - https:\/\/yoast.com\/wordpress\/plugins\/seo\/ -->\n<title>Adaptateurs pour prismes - LASER ELECTRONIQUE TP<\/title>\n<meta name=\"robots\" content=\"index, follow, max-snippet:-1, max-image-preview:large, max-video-preview:-1\" \/>\n<link rel=\"canonical\" href=\"https:\/\/laserelectronique.com\/?product=adaptateurs-pour-prismes\" \/>\n<meta property=\"og:locale\" content=\"fr_FR\" \/>\n<meta property=\"og:type\" content=\"article\" \/>\n<meta property=\"og:title\" content=\"Adaptateurs pour prismes - LASER ELECTRONIQUE TP\" \/>\n<meta property=\"og:description\" content=\"Adaptateurs pour prismes &nbsp; Prisme Adaptateurs pour canne porte-prisme mEssfix-S Adaptateurs pour cannes porte-prisme Supports Embases pour tr\u00e9pieds R\u00e9f. 481 700-613 R\u00e9f. 053 530 Adaptateur Leica R\u00e9f. 484 704 Adaptateur&hellip;\" \/>\n<meta property=\"og:url\" content=\"https:\/\/laserelectronique.com\/?product=adaptateurs-pour-prismes\" \/>\n<meta property=\"og:site_name\" content=\"LASER ELECTRONIQUE TP\" \/>\n<meta property=\"article:modified_time\" content=\"2020-12-26T18:50:37+00:00\" \/>\n<meta property=\"og:image\" content=\"https:\/\/laserelectronique.com\/wp-content\/uploads\/2020\/12\/482015.png\" \/>\n\t<meta property=\"og:image:width\" content=\"1500\" \/>\n\t<meta property=\"og:image:height\" content=\"1500\" \/>\n\t<meta property=\"og:image:type\" content=\"image\/png\" \/>\n<meta name=\"twitter:card\" content=\"summary_large_image\" \/>\n<meta name=\"twitter:label1\" content=\"Dur\u00e9e de lecture estim\u00e9e\" \/>\n\t<meta name=\"twitter:data1\" content=\"2 minutes\" \/>\n<script type=\"application\/ld+json\" class=\"yoast-schema-graph\">{\"@context\":\"https:\/\/schema.org\",\"@graph\":[{\"@type\":\"WebPage\",\"@id\":\"https:\/\/laserelectronique.com\/?product=adaptateurs-pour-prismes\",\"url\":\"https:\/\/laserelectronique.com\/?product=adaptateurs-pour-prismes\",\"name\":\"Adaptateurs pour prismes - LASER ELECTRONIQUE TP\",\"isPartOf\":{\"@id\":\"https:\/\/laserelectronique.com\/#website\"},\"primaryImageOfPage\":{\"@id\":\"https:\/\/laserelectronique.com\/?product=adaptateurs-pour-prismes#primaryimage\"},\"image\":{\"@id\":\"https:\/\/laserelectronique.com\/?product=adaptateurs-pour-prismes#primaryimage\"},\"thumbnailUrl\":\"https:\/\/laserelectronique.com\/wp-content\/uploads\/2020\/12\/482015.png\",\"datePublished\":\"2020-12-26T18:48:13+00:00\",\"dateModified\":\"2020-12-26T18:50:37+00:00\",\"breadcrumb\":{\"@id\":\"https:\/\/laserelectronique.com\/?product=adaptateurs-pour-prismes#breadcrumb\"},\"inLanguage\":\"fr-FR\",\"potentialAction\":[{\"@type\":\"ReadAction\",\"target\":[\"https:\/\/laserelectronique.com\/?product=adaptateurs-pour-prismes\"]}]},{\"@type\":\"ImageObject\",\"inLanguage\":\"fr-FR\",\"@id\":\"https:\/\/laserelectronique.com\/?product=adaptateurs-pour-prismes#primaryimage\",\"url\":\"https:\/\/laserelectronique.com\/wp-content\/uploads\/2020\/12\/482015.png\",\"contentUrl\":\"https:\/\/laserelectronique.com\/wp-content\/uploads\/2020\/12\/482015.png\",\"width\":1500,\"height\":1500},{\"@type\":\"BreadcrumbList\",\"@id\":\"https:\/\/laserelectronique.com\/?product=adaptateurs-pour-prismes#breadcrumb\",\"itemListElement\":[{\"@type\":\"ListItem\",\"position\":1,\"name\":\"Accueil\",\"item\":\"https:\/\/laserelectronique.com\/\"},{\"@type\":\"ListItem\",\"position\":2,\"name\":\"Boutique\",\"item\":\"https:\/\/laserelectronique.com\/?page_id=7\"},{\"@type\":\"ListItem\",\"position\":3,\"name\":\"Adaptateurs pour prismes\"}]},{\"@type\":\"WebSite\",\"@id\":\"https:\/\/laserelectronique.com\/#website\",\"url\":\"https:\/\/laserelectronique.com\/\",\"name\":\"LASER ELECTRONIQUE TP\",\"description\":\"VOTRE PARTENAIRE EN GUIDAGE D&#039;ENGINS, TOPOGRAPHIE ET SERVICES\",\"potentialAction\":[{\"@type\":\"SearchAction\",\"target\":{\"@type\":\"EntryPoint\",\"urlTemplate\":\"https:\/\/laserelectronique.com\/?s={search_term_string}\"},\"query-input\":{\"@type\":\"PropertyValueSpecification\",\"valueRequired\":true,\"valueName\":\"search_term_string\"}}],\"inLanguage\":\"fr-FR\"}]}<\/script>\n<!-- \/ Yoast SEO plugin. -->","yoast_head_json":{"title":"Adaptateurs pour prismes - LASER ELECTRONIQUE TP","robots":{"index":"index","follow":"follow","max-snippet":"max-snippet:-1","max-image-preview":"max-image-preview:large","max-video-preview":"max-video-preview:-1"},"canonical":"https:\/\/laserelectronique.com\/?product=adaptateurs-pour-prismes","og_locale":"fr_FR","og_type":"article","og_title":"Adaptateurs pour prismes - LASER ELECTRONIQUE TP","og_description":"Adaptateurs pour prismes &nbsp; Prisme Adaptateurs pour canne porte-prisme mEssfix-S Adaptateurs pour cannes porte-prisme Supports Embases pour tr\u00e9pieds R\u00e9f. 481 700-613 R\u00e9f. 053 530 Adaptateur Leica R\u00e9f. 484 704 Adaptateur&hellip;","og_url":"https:\/\/laserelectronique.com\/?product=adaptateurs-pour-prismes","og_site_name":"LASER ELECTRONIQUE TP","article_modified_time":"2020-12-26T18:50:37+00:00","og_image":[{"width":1500,"height":1500,"url":"https:\/\/laserelectronique.com\/wp-content\/uploads\/2020\/12\/482015.png","type":"image\/png"}],"twitter_card":"summary_large_image","twitter_misc":{"Dur\u00e9e de lecture estim\u00e9e":"2 minutes"},"schema":{"@context":"https:\/\/schema.org","@graph":[{"@type":"WebPage","@id":"https:\/\/laserelectronique.com\/?product=adaptateurs-pour-prismes","url":"https:\/\/laserelectronique.com\/?product=adaptateurs-pour-prismes","name":"Adaptateurs pour prismes - LASER ELECTRONIQUE TP","isPartOf":{"@id":"https:\/\/laserelectronique.com\/#website"},"primaryImageOfPage":{"@id":"https:\/\/laserelectronique.com\/?product=adaptateurs-pour-prismes#primaryimage"},"image":{"@id":"https:\/\/laserelectronique.com\/?product=adaptateurs-pour-prismes#primaryimage"},"thumbnailUrl":"https:\/\/laserelectronique.com\/wp-content\/uploads\/2020\/12\/482015.png","datePublished":"2020-12-26T18:48:13+00:00","dateModified":"2020-12-26T18:50:37+00:00","breadcrumb":{"@id":"https:\/\/laserelectronique.com\/?product=adaptateurs-pour-prismes#breadcrumb"},"inLanguage":"fr-FR","potentialAction":[{"@type":"ReadAction","target":["https:\/\/laserelectronique.com\/?product=adaptateurs-pour-prismes"]}]},{"@type":"ImageObject","inLanguage":"fr-FR","@id":"https:\/\/laserelectronique.com\/?product=adaptateurs-pour-prismes#primaryimage","url":"https:\/\/laserelectronique.com\/wp-content\/uploads\/2020\/12\/482015.png","contentUrl":"https:\/\/laserelectronique.com\/wp-content\/uploads\/2020\/12\/482015.png","width":1500,"height":1500},{"@type":"BreadcrumbList","@id":"https:\/\/laserelectronique.com\/?product=adaptateurs-pour-prismes#breadcrumb","itemListElement":[{"@type":"ListItem","position":1,"name":"Accueil","item":"https:\/\/laserelectronique.com\/"},{"@type":"ListItem","position":2,"name":"Boutique","item":"https:\/\/laserelectronique.com\/?page_id=7"},{"@type":"ListItem","position":3,"name":"Adaptateurs pour prismes"}]},{"@type":"WebSite","@id":"https:\/\/laserelectronique.com\/#website","url":"https:\/\/laserelectronique.com\/","name":"LASER ELECTRONIQUE TP","description":"VOTRE PARTENAIRE EN GUIDAGE D&#039;ENGINS, TOPOGRAPHIE ET SERVICES","potentialAction":[{"@type":"SearchAction","target":{"@type":"EntryPoint","urlTemplate":"https:\/\/laserelectronique.com\/?s={search_term_string}"},"query-input":{"@type":"PropertyValueSpecification","valueRequired":true,"valueName":"search_term_string"}}],"inLanguage":"fr-FR"}]}},"_links":{"self":[{"href":"https:\/\/laserelectronique.com\/index.php?rest_route=\/wp\/v2\/product\/3209","targetHints":{"allow":["GET"]}}],"collection":[{"href":"https:\/\/laserelectronique.com\/index.php?rest_route=\/wp\/v2\/product"}],"about":[{"href":"https:\/\/laserelectronique.com\/index.php?rest_route=\/wp\/v2\/types\/product"}],"replies":[{"embeddable":true,"href":"https:\/\/laserelectronique.com\/index.php?rest_route=%2Fwp%2Fv2%2Fcomments&post=3209"}],"wp:featuredmedia":[{"embeddable":true,"href":"https:\/\/laserelectronique.com\/index.php?rest_route=\/wp\/v2\/media\/3210"}],"wp:attachment":[{"href":"https:\/\/laserelectronique.com\/index.php?rest_route=%2Fwp%2Fv2%2Fmedia&parent=3209"}],"wp:term":[{"taxonomy":"product_cat","embeddable":true,"href":"https:\/\/laserelectronique.com\/index.php?rest_route=%2Fwp%2Fv2%2Fproduct_cat&post=3209"},{"taxonomy":"product_tag","embeddable":true,"href":"https:\/\/laserelectronique.com\/index.php?rest_route=%2Fwp%2Fv2%2Fproduct_tag&post=3209"}],"curies":[{"name":"wp","href":"https:\/\/api.w.org\/{rel}","templated":true}]}}