{"id":3175,"date":"2020-12-25T15:18:56","date_gmt":"2020-12-25T14:18:56","guid":{"rendered":"http:\/\/laserelectronique.com\/?product=import-placeholder-for-3693"},"modified":"2022-07-27T11:56:46","modified_gmt":"2022-07-27T09:56:46","slug":"lasermetre-nedo-messfix50-705584","status":"publish","type":"product","link":"https:\/\/laserelectronique.com\/?product=lasermetre-nedo-messfix50-705584","title":{"rendered":"Laserm\u00e8tre Nedo mEssfix50 705584"},"content":{"rendered":"<h3><sup><i>laser<\/i>\u00a0mEssfix50 r\u00e9f. 705 584\u00a0<\/sup><img loading=\"lazy\" decoding=\"async\" style=\"font-size: 16px;\" src=\"https:\/\/www.nedo.com\/img\/trans.gif\" alt=\"\" width=\"1\" height=\"1\" border=\"0\" hspace=\"0\" vspace=\"0\" \/><\/h3>\n<div class=\"STYLE_9\" style=\"text-align: left;\" align=\"center\">\n<div class=\"STYLE_9\" align=\"center\"><\/div>\n<div class=\"STYLE_9\" align=\"center\"><img loading=\"lazy\" decoding=\"async\" class=\"alignright\" src=\"https:\/\/www.nedo.com\/img\/products\/mwzg\/laser_mEssfix50_allgemein.gif\" alt=\"\" width=\"228\" height=\"271\" align=\"TOP\" border=\"0\" hspace=\"0\" vspace=\"0\" \/><\/div>\n<div class=\"STYLE_20\" align=\"LEFT\"><strong>Information g\u00e9n\u00e9rale<\/strong><\/div>\n<div class=\"STYLE_12\" align=\"LEFT\"><strong>Avec une plage de mesure de 0,05 m \u00e0 50 m et<\/strong><br \/>\n<strong>une pr\u00e9cision de \u00b1 2,0 mm, le laser mEssfix<sup>50<\/sup>\u00a0est<\/strong><br \/>\n<strong>le laserm\u00e8tre pour les vrais professionnels :<\/strong><br \/>\n<strong>petit, maniable et extr\u00eamement robuste. Les<\/strong><br \/>\n<strong>mesures peuvent \u00eatre effectu\u00e9es depuis le bord<\/strong><br \/>\n<strong>avant ou le bord arri\u00e8re de l\u2019appareil.<\/strong><br \/>\n<strong>De nombreuses fonctions de mesure permettent<\/strong><br \/>\n<strong>de gagner du temps dans le m\u00e9trage. Les dix<\/strong><br \/>\n<strong>derni\u00e8res valeurs mesur\u00e9es sont enregistr\u00e9es et<\/strong><br \/>\n<strong>peuvent \u00eatre pr\u00e9lev\u00e9es par la suite.<\/strong><\/div>\n<div class=\"STYLE_9\" align=\"center\"><img decoding=\"async\" src=\"https:\/\/www.nedo.com\/img\/linie.jpg\" alt=\"\" align=\"TOP\" border=\"0\" hspace=\"0\" vspace=\"0\" \/><\/div>\n<div class=\"STYLE_9\" align=\"LEFT\"><a name=\"Marker705584-M1\"><\/a><img loading=\"lazy\" decoding=\"async\" src=\"https:\/\/www.nedo.com\/img\/trans.gif\" alt=\"\" width=\"1\" height=\"1\" border=\"0\" hspace=\"0\" vspace=\"0\" \/><\/div>\n<div class=\"STYLE_20\" align=\"LEFT\"><b><i>laser<\/i>\u00a0mEssfix<sup>50<\/sup><\/b><\/div>\n<p><img loading=\"lazy\" decoding=\"async\" class=\"alignright\" style=\"font-weight: bold;\" src=\"https:\/\/www.nedo.com\/img\/products\/mwzg\/705584_lieferumfang_big.gif\" width=\"228\" height=\"320\" \/><\/div>\n<p><b>\u00a0<\/b><\/p>\n<div class=\"STYLE_12\" align=\"LEFT\"><b>Laserm\u00e8tre pour professionnels<\/b><\/div>\n<div class=\"STYLE_9\" align=\"center\"><\/div>\n<div class=\"STYLE_12\" align=\"LEFT\"><b>Particularit\u00e9s:<\/b><\/div>\n<div class=\"STYLE_12\" align=\"LEFT\">\n<ul type=\"square\">\n<li style=\"list-style-type: none\">\n<ul type=\"square\">\n<li>Mesure depuis le bord avant ou le bord arri\u00e8re de<br \/>\nl\u2019appareil<\/li>\n<li>\u00c9cran clairement agenc\u00e9 \u00e0 deux lignes<\/li>\n<li>Calcul de surfaces et volumes<\/li>\n<li>Fonction Pythagore<\/li>\n<li>Mesures individuelles ou continues<\/li>\n<li>Fonction calculatrice (+,-)<\/li>\n<li>Petit, pratique et robuste<\/li>\n<li>\u00c9tanche aux projections d\u2019eau selon IP 54<\/li>\n<li>Les indications de port\u00e9e et de pr\u00e9cision sont<br \/>\nconformes \u00e0 la norme ISO 16331-1<\/li>\n<\/ul>\n<\/li>\n<\/ul>\n<p><img loading=\"lazy\" decoding=\"async\" class=\"alignright\" style=\"text-align: -webkit-center;\" src=\"https:\/\/www.nedo.com\/img\/products\/mwzg\/705584_icons.gif\" alt=\"\" width=\"234\" height=\"190\" align=\"TOP\" border=\"0\" hspace=\"0\" vspace=\"0\" \/>&nbsp;<\/p>\n<\/div>\n<div class=\"STYLE_12\" align=\"LEFT\"><b>Conditionnement:<\/b><\/div>\n<p>&nbsp;<\/p>\n<div class=\"STYLE_12\" align=\"LEFT\">\n<ul type=\"square\">\n<li>Nedo\u00a0<b><i>laser<\/i>\u00a0m<\/b><b>Essfix<sup>50<\/sup><\/b><\/li>\n<li>Etui de protection<\/li>\n<li>Piles<\/li>\n<\/ul>\n<\/div>\n<div class=\"STYLE_9\" align=\"LEFT\"><a name=\"Marker_705584t_td\"><\/a><img loading=\"lazy\" decoding=\"async\" src=\"https:\/\/www.nedo.com\/img\/trans.gif\" alt=\"\" width=\"1\" height=\"1\" border=\"0\" hspace=\"0\" vspace=\"0\" \/><\/div>\n<div class=\"STYLE_12\" align=\"Left\"><b>Caract\u00e9ristiques techniques:<\/b><\/div>\n<p><img loading=\"lazy\" decoding=\"async\" class=\"alignright\" src=\"https:\/\/www.nedo.com\/img\/products\/mwzg\/705584.gif\" width=\"223\" height=\"293\" \/><\/p>\n<div class=\"STYLE_12\" align=\"LEFT\">\n<table style=\"height: 220px;\" border=\"0\" width=\"498\" cellspacing=\"0\" cellpadding=\"2\">\n<tbody>\n<tr>\n<td class=\"TabelleZeile1\" align=\"LEFT\" valign=\"TOP\" width=\"300\">Pr\u00e9cision de mesure..<\/td>\n<td class=\"TabelleZeile1\" align=\"LEFT\" valign=\"TOP\" width=\"300\">\u00b1 2,0 mm<\/td>\n<\/tr>\n<tr>\n<td class=\"TabelleZeile2\" align=\"LEFT\" valign=\"TOP\" width=\"300\">Plage de mesure<\/td>\n<td class=\"TabelleZeile2\" align=\"LEFT\" valign=\"TOP\" width=\"300\">0,05 m &#8211; 50 m<\/td>\n<\/tr>\n<tr>\n<td class=\"TabelleZeile3\" align=\"LEFT\" valign=\"TOP\" width=\"300\">Laser<\/td>\n<td class=\"TabelleZeile3\" align=\"LEFT\" valign=\"TOP\" width=\"300\">classe 2, 635 nm<\/td>\n<\/tr>\n<tr>\n<td class=\"TabelleZeile2\" align=\"LEFT\" valign=\"TOP\" width=\"300\">Arr\u00eat automatique<\/td>\n<td class=\"TabelleZeile2\" align=\"LEFT\" valign=\"TOP\" width=\"300\">apr\u00e8s env. 3 min<\/td>\n<\/tr>\n<tr>\n<td class=\"TabelleZeile3\" align=\"LEFT\" valign=\"TOP\" width=\"300\">Alimentation<\/td>\n<td class=\"TabelleZeile3\" align=\"LEFT\" valign=\"TOP\" width=\"300\"><\/td>\n<\/tr>\n<tr>\n<td class=\"TabelleZeile2\" align=\"LEFT\" valign=\"TOP\" width=\"300\">Nombre de mesures par jeu de piles<\/td>\n<td class=\"TabelleZeile2\" align=\"LEFT\" valign=\"TOP\" width=\"300\">env. 5000<\/td>\n<\/tr>\n<tr>\n<td class=\"TabelleZeile3\" align=\"LEFT\" valign=\"TOP\" width=\"300\">Dimensions<\/td>\n<td class=\"TabelleZeile3\" align=\"LEFT\" valign=\"TOP\" width=\"300\">env. 116 mm x 45 mm x 29 mm<\/td>\n<\/tr>\n<tr>\n<td class=\"TabelleZeile2\" align=\"LEFT\" valign=\"TOP\" width=\"300\">Weight<\/td>\n<td class=\"TabelleZeile2\" align=\"LEFT\" valign=\"TOP\" width=\"300\">100 g<\/td>\n<\/tr>\n<\/tbody>\n<\/table>\n<\/div>\n<div class=\"STYLE_9\" align=\"LEFT\"><img loading=\"lazy\" decoding=\"async\" src=\"https:\/\/www.nedo.com\/img\/trans.gif\" alt=\"\" width=\"1\" height=\"1\" border=\"0\" hspace=\"0\" vspace=\"0\" \/><\/div>\n<div class=\"STYLE_12\" align=\"LEFT\"><\/div>\n","protected":false},"excerpt":{"rendered":"<p>laser\u00a0mEssfix50 r\u00e9f. 705 584\u00a0 Information g\u00e9n\u00e9rale Avec une plage de mesure de 0,05 m \u00e0 50 m et une pr\u00e9cision de \u00b1 2,0 mm, le laser mEssfix50\u00a0est le laserm\u00e8tre pour&hellip;<\/p>\n","protected":false},"featured_media":3198,"comment_status":"closed","ping_status":"closed","template":"","meta":[],"product_cat":[57],"product_tag":[],"class_list":{"0":"post-3175","1":"product","2":"type-product","3":"status-publish","4":"has-post-thumbnail","6":"product_cat-securite-et-mesures","7":"","9":"first","10":"instock","11":"taxable","12":"shipping-taxable","13":"product-type-simple"},"yoast_head":"<!-- This site is optimized with the Yoast SEO plugin v24.7 - https:\/\/yoast.com\/wordpress\/plugins\/seo\/ -->\n<title>Laserm\u00e8tre Nedo mEssfix50 705584 - LASER ELECTRONIQUE TP<\/title>\n<meta name=\"robots\" content=\"index, follow, max-snippet:-1, max-image-preview:large, max-video-preview:-1\" \/>\n<link rel=\"canonical\" href=\"https:\/\/laserelectronique.com\/?product=lasermetre-nedo-messfix50-705584\" \/>\n<meta property=\"og:locale\" content=\"fr_FR\" \/>\n<meta property=\"og:type\" content=\"article\" \/>\n<meta property=\"og:title\" content=\"Laserm\u00e8tre Nedo mEssfix50 705584 - LASER ELECTRONIQUE TP\" \/>\n<meta property=\"og:description\" content=\"laser\u00a0mEssfix50 r\u00e9f. 705 584\u00a0 Information g\u00e9n\u00e9rale Avec une plage de mesure de 0,05 m \u00e0 50 m et une pr\u00e9cision de \u00b1 2,0 mm, le laser mEssfix50\u00a0est le laserm\u00e8tre pour&hellip;\" \/>\n<meta property=\"og:url\" content=\"https:\/\/laserelectronique.com\/?product=lasermetre-nedo-messfix50-705584\" \/>\n<meta property=\"og:site_name\" content=\"LASER ELECTRONIQUE TP\" \/>\n<meta property=\"article:modified_time\" content=\"2022-07-27T09:56:46+00:00\" \/>\n<meta property=\"og:image\" content=\"https:\/\/laserelectronique.com\/wp-content\/uploads\/2020\/12\/705584-1024x1024.png\" \/>\n\t<meta property=\"og:image:width\" content=\"1024\" \/>\n\t<meta property=\"og:image:height\" content=\"1024\" \/>\n\t<meta property=\"og:image:type\" content=\"image\/png\" \/>\n<meta name=\"twitter:card\" content=\"summary_large_image\" \/>\n<meta name=\"twitter:label1\" content=\"Dur\u00e9e de lecture estim\u00e9e\" \/>\n\t<meta name=\"twitter:data1\" content=\"1 minute\" \/>\n<script type=\"application\/ld+json\" class=\"yoast-schema-graph\">{\"@context\":\"https:\/\/schema.org\",\"@graph\":[{\"@type\":\"WebPage\",\"@id\":\"https:\/\/laserelectronique.com\/?product=lasermetre-nedo-messfix50-705584\",\"url\":\"https:\/\/laserelectronique.com\/?product=lasermetre-nedo-messfix50-705584\",\"name\":\"Laserm\u00e8tre Nedo mEssfix50 705584 - LASER ELECTRONIQUE TP\",\"isPartOf\":{\"@id\":\"https:\/\/laserelectronique.com\/#website\"},\"primaryImageOfPage\":{\"@id\":\"https:\/\/laserelectronique.com\/?product=lasermetre-nedo-messfix50-705584#primaryimage\"},\"image\":{\"@id\":\"https:\/\/laserelectronique.com\/?product=lasermetre-nedo-messfix50-705584#primaryimage\"},\"thumbnailUrl\":\"https:\/\/laserelectronique.com\/wp-content\/uploads\/2020\/12\/705584.png\",\"datePublished\":\"2020-12-25T14:18:56+00:00\",\"dateModified\":\"2022-07-27T09:56:46+00:00\",\"breadcrumb\":{\"@id\":\"https:\/\/laserelectronique.com\/?product=lasermetre-nedo-messfix50-705584#breadcrumb\"},\"inLanguage\":\"fr-FR\",\"potentialAction\":[{\"@type\":\"ReadAction\",\"target\":[\"https:\/\/laserelectronique.com\/?product=lasermetre-nedo-messfix50-705584\"]}]},{\"@type\":\"ImageObject\",\"inLanguage\":\"fr-FR\",\"@id\":\"https:\/\/laserelectronique.com\/?product=lasermetre-nedo-messfix50-705584#primaryimage\",\"url\":\"https:\/\/laserelectronique.com\/wp-content\/uploads\/2020\/12\/705584.png\",\"contentUrl\":\"https:\/\/laserelectronique.com\/wp-content\/uploads\/2020\/12\/705584.png\",\"width\":3000,\"height\":3000},{\"@type\":\"BreadcrumbList\",\"@id\":\"https:\/\/laserelectronique.com\/?product=lasermetre-nedo-messfix50-705584#breadcrumb\",\"itemListElement\":[{\"@type\":\"ListItem\",\"position\":1,\"name\":\"Accueil\",\"item\":\"https:\/\/laserelectronique.com\/\"},{\"@type\":\"ListItem\",\"position\":2,\"name\":\"Boutique\",\"item\":\"https:\/\/laserelectronique.com\/?page_id=7\"},{\"@type\":\"ListItem\",\"position\":3,\"name\":\"Laserm\u00e8tre Nedo mEssfix50 705584\"}]},{\"@type\":\"WebSite\",\"@id\":\"https:\/\/laserelectronique.com\/#website\",\"url\":\"https:\/\/laserelectronique.com\/\",\"name\":\"LASER ELECTRONIQUE TP\",\"description\":\"VOTRE PARTENAIRE EN GUIDAGE D&#039;ENGINS, TOPOGRAPHIE ET SERVICES\",\"potentialAction\":[{\"@type\":\"SearchAction\",\"target\":{\"@type\":\"EntryPoint\",\"urlTemplate\":\"https:\/\/laserelectronique.com\/?s={search_term_string}\"},\"query-input\":{\"@type\":\"PropertyValueSpecification\",\"valueRequired\":true,\"valueName\":\"search_term_string\"}}],\"inLanguage\":\"fr-FR\"}]}<\/script>\n<!-- \/ Yoast SEO plugin. -->","yoast_head_json":{"title":"Laserm\u00e8tre Nedo mEssfix50 705584 - LASER ELECTRONIQUE TP","robots":{"index":"index","follow":"follow","max-snippet":"max-snippet:-1","max-image-preview":"max-image-preview:large","max-video-preview":"max-video-preview:-1"},"canonical":"https:\/\/laserelectronique.com\/?product=lasermetre-nedo-messfix50-705584","og_locale":"fr_FR","og_type":"article","og_title":"Laserm\u00e8tre Nedo mEssfix50 705584 - LASER ELECTRONIQUE TP","og_description":"laser\u00a0mEssfix50 r\u00e9f. 705 584\u00a0 Information g\u00e9n\u00e9rale Avec une plage de mesure de 0,05 m \u00e0 50 m et une pr\u00e9cision de \u00b1 2,0 mm, le laser mEssfix50\u00a0est le laserm\u00e8tre pour&hellip;","og_url":"https:\/\/laserelectronique.com\/?product=lasermetre-nedo-messfix50-705584","og_site_name":"LASER ELECTRONIQUE TP","article_modified_time":"2022-07-27T09:56:46+00:00","og_image":[{"width":1024,"height":1024,"url":"https:\/\/laserelectronique.com\/wp-content\/uploads\/2020\/12\/705584-1024x1024.png","type":"image\/png"}],"twitter_card":"summary_large_image","twitter_misc":{"Dur\u00e9e de lecture estim\u00e9e":"1 minute"},"schema":{"@context":"https:\/\/schema.org","@graph":[{"@type":"WebPage","@id":"https:\/\/laserelectronique.com\/?product=lasermetre-nedo-messfix50-705584","url":"https:\/\/laserelectronique.com\/?product=lasermetre-nedo-messfix50-705584","name":"Laserm\u00e8tre Nedo mEssfix50 705584 - LASER ELECTRONIQUE TP","isPartOf":{"@id":"https:\/\/laserelectronique.com\/#website"},"primaryImageOfPage":{"@id":"https:\/\/laserelectronique.com\/?product=lasermetre-nedo-messfix50-705584#primaryimage"},"image":{"@id":"https:\/\/laserelectronique.com\/?product=lasermetre-nedo-messfix50-705584#primaryimage"},"thumbnailUrl":"https:\/\/laserelectronique.com\/wp-content\/uploads\/2020\/12\/705584.png","datePublished":"2020-12-25T14:18:56+00:00","dateModified":"2022-07-27T09:56:46+00:00","breadcrumb":{"@id":"https:\/\/laserelectronique.com\/?product=lasermetre-nedo-messfix50-705584#breadcrumb"},"inLanguage":"fr-FR","potentialAction":[{"@type":"ReadAction","target":["https:\/\/laserelectronique.com\/?product=lasermetre-nedo-messfix50-705584"]}]},{"@type":"ImageObject","inLanguage":"fr-FR","@id":"https:\/\/laserelectronique.com\/?product=lasermetre-nedo-messfix50-705584#primaryimage","url":"https:\/\/laserelectronique.com\/wp-content\/uploads\/2020\/12\/705584.png","contentUrl":"https:\/\/laserelectronique.com\/wp-content\/uploads\/2020\/12\/705584.png","width":3000,"height":3000},{"@type":"BreadcrumbList","@id":"https:\/\/laserelectronique.com\/?product=lasermetre-nedo-messfix50-705584#breadcrumb","itemListElement":[{"@type":"ListItem","position":1,"name":"Accueil","item":"https:\/\/laserelectronique.com\/"},{"@type":"ListItem","position":2,"name":"Boutique","item":"https:\/\/laserelectronique.com\/?page_id=7"},{"@type":"ListItem","position":3,"name":"Laserm\u00e8tre Nedo mEssfix50 705584"}]},{"@type":"WebSite","@id":"https:\/\/laserelectronique.com\/#website","url":"https:\/\/laserelectronique.com\/","name":"LASER ELECTRONIQUE TP","description":"VOTRE PARTENAIRE EN GUIDAGE D&#039;ENGINS, TOPOGRAPHIE ET SERVICES","potentialAction":[{"@type":"SearchAction","target":{"@type":"EntryPoint","urlTemplate":"https:\/\/laserelectronique.com\/?s={search_term_string}"},"query-input":{"@type":"PropertyValueSpecification","valueRequired":true,"valueName":"search_term_string"}}],"inLanguage":"fr-FR"}]}},"_links":{"self":[{"href":"https:\/\/laserelectronique.com\/index.php?rest_route=\/wp\/v2\/product\/3175","targetHints":{"allow":["GET"]}}],"collection":[{"href":"https:\/\/laserelectronique.com\/index.php?rest_route=\/wp\/v2\/product"}],"about":[{"href":"https:\/\/laserelectronique.com\/index.php?rest_route=\/wp\/v2\/types\/product"}],"replies":[{"embeddable":true,"href":"https:\/\/laserelectronique.com\/index.php?rest_route=%2Fwp%2Fv2%2Fcomments&post=3175"}],"wp:featuredmedia":[{"embeddable":true,"href":"https:\/\/laserelectronique.com\/index.php?rest_route=\/wp\/v2\/media\/3198"}],"wp:attachment":[{"href":"https:\/\/laserelectronique.com\/index.php?rest_route=%2Fwp%2Fv2%2Fmedia&parent=3175"}],"wp:term":[{"taxonomy":"product_cat","embeddable":true,"href":"https:\/\/laserelectronique.com\/index.php?rest_route=%2Fwp%2Fv2%2Fproduct_cat&post=3175"},{"taxonomy":"product_tag","embeddable":true,"href":"https:\/\/laserelectronique.com\/index.php?rest_route=%2Fwp%2Fv2%2Fproduct_tag&post=3175"}],"curies":[{"name":"wp","href":"https:\/\/api.w.org\/{rel}","templated":true}]}}