{"id":3169,"date":"2020-12-25T15:18:19","date_gmt":"2020-12-25T14:18:19","guid":{"rendered":"http:\/\/laserelectronique.com\/?product=import-placeholder-for-3679"},"modified":"2022-07-27T11:48:47","modified_gmt":"2022-07-27T09:48:47","slug":"metre-telescopique-nedo-messfix-f380112","status":"publish","type":"product","link":"https:\/\/laserelectronique.com\/?product=metre-telescopique-nedo-messfix-f380112","title":{"rendered":"Metre t\u00e9lescopique Nedo mEssfix F380112"},"content":{"rendered":"<div class=\"STYLE_9\" align=\"LEFT\"><\/div>\n<div class=\"STYLE_9\" style=\"text-align: left;\" align=\"center\">\n<p><img loading=\"lazy\" decoding=\"async\" class=\"alignright\" src=\"https:\/\/nedo.com\/img\/products\/mwzg\/messfix_anwendung.gif\" alt=\"\" width=\"335\" height=\"422\" align=\"TOP\" border=\"0\" hspace=\"0\" vspace=\"0\" \/><b>mEssfix Nedo<\/b><\/p>\n<p><strong>Le\u00a0mEssfixNedo est un m\u00e8tre t\u00e9lescopique<\/strong><br \/>\n<strong>\u00e9prouv\u00e9 des milliers de fois pour les mesures<\/strong><br \/>\n<strong>int\u00e9rieures.<\/strong><br \/>\n<strong>Poser le\u00a0mEssfix, l&rsquo;extraire et la longueur peut<\/strong><br \/>\n<strong>\u00eatre lue ais\u00e9ment sur l&rsquo;afficheur analogique. Un<\/strong><br \/>\n<strong>bo\u00eetier avec une nivelle tubulaire et une nivelle<\/strong><br \/>\n<strong>sph\u00e9rique facilite la mise \u00e0 l&rsquo;horizontale ou \u00e0 la<\/strong><br \/>\n<strong>verticale du\u00a0mEssfix. Le ruban m\u00e9tallique et<\/strong><br \/>\n<strong>son enrouleur r\u00e9sistent aux nombreuses solli-<\/strong><br \/>\n<strong>citations et assurent des mesures pr\u00e9cises.<\/strong><br \/>\n<strong>Gr\u00e2ce \u00e0 son maniement simple, sa fiabilit\u00e9 et<\/strong><br \/>\n<strong>sa solidit\u00e9, le\u00a0mEssfix\u00a0Nedo est devenu in-<\/strong><br \/>\n<strong>dispensable dans les diff\u00e9rents m\u00e9tiers, par<\/strong><br \/>\n<strong>exemple dans la construction des fen\u00eatres ou<\/strong><br \/>\n<strong>dans l&rsquo;am\u00e9nagement des int\u00e9rieurs.<\/strong><\/p>\n<p><strong>Tous les appareils\u00a0mEssfix\u00a0sont conformes \u00e0 la<\/strong><br \/>\n<strong>classe de pr\u00e9cision II \u0394I=0,3+0,2\u2219L(m)<\/strong><\/p>\n<\/div>\n<div class=\"STYLE_9\" style=\"text-align: left;\" align=\"center\"><strong>Volet roulant\u00a0\u00a0\u00a03 m\u00a0\u00a0\u00a0\u00a0\u00a0\u00a04 m\u00a0\u00a0\u00a0\u00a0\u00a05 m<\/strong><strong><a name=\"MarkerMessfix_2\"><\/a><\/strong><\/div>\n<table class=\"TabelleBalken\" cellspacing=\"0\" cellpadding=\"2\">\n<tbody>\n<tr>\n<td class=\"TabelleBalken\" style=\"text-align: left;\" align=\"CENTER\" valign=\"TOP\" width=\"370\"><strong>Particularit\u00e9s :<\/strong><\/td>\n<\/tr>\n<\/tbody>\n<\/table>\n<p class=\"STYLE_12\" align=\"LEFT\"><img loading=\"lazy\" decoding=\"async\" class=\"alignright\" src=\"https:\/\/nedo.com\/img\/products\/mwzg\/messfix_3-5m.gif\" width=\"232\" height=\"513\" \/><\/p>\n<ul type=\"square\">\n<li><strong>M\u00e8tre t\u00e9lescopique robuste<\/strong><\/li>\n<li><strong>Coffret en plastique antichoc<\/strong><\/li>\n<li><strong>Nivelle pour l\u2019alignement horizontal et vertical<\/strong><\/li>\n<li><strong>Robustes profil\u00e9s rectangulaires en aluminium<\/strong><\/li>\n<li><strong>Fabriqu\u00e9 en Suisse<\/strong><\/li>\n<\/ul>\n<p class=\"STYLE_12\" align=\"Left\"><strong>mEssfix Nedo<\/strong><\/p>\n<table border=\"0\" cellspacing=\"0\" cellpadding=\"2\">\n<tbody>\n<tr>\n<td class=\"TabelleZeile1\" align=\"LEFT\" valign=\"TOP\" width=\"140\"><strong>R\u00e9f.<\/strong><\/td>\n<td class=\"TabelleZeile1\" align=\"LEFT\" valign=\"TOP\" width=\"160\"><strong>R\u00e9f. \u00e9talonn\u00e9<\/strong><\/td>\n<td class=\"TabelleZeile1\" align=\"LEFT\" valign=\"TOP\" width=\"130\"><strong>Plage de mesure<\/strong><\/td>\n<td class=\"TabelleZeile1\" align=\"LEFT\" valign=\"TOP\" width=\"100\"><strong>Longueur<br \/>\nrentr\u00e9e<\/strong><\/td>\n<td class=\"TabelleZeile1\" align=\"LEFT\" valign=\"TOP\" width=\"70\"><strong>Graduation<\/strong><\/td>\n<\/tr>\n<tr>\n<td class=\"TabelleZeile2\" align=\"LEFT\" valign=\"TOP\" width=\"140\"><strong>F 180 111<\/strong><\/td>\n<td class=\"TabelleZeile2\" align=\"LEFT\" valign=\"TOP\" width=\"160\"><strong>F 180 111-600<\/strong><\/td>\n<td class=\"TabelleZeile2\" align=\"LEFT\" valign=\"TOP\" width=\"130\"><strong>0,37 \u00e0 1,00 m<\/strong><\/td>\n<td class=\"TabelleZeile2\" align=\"LEFT\" valign=\"TOP\" width=\"100\"><strong>0,37 m<\/strong><\/td>\n<td class=\"TabelleZeile2\" align=\"LEFT\" valign=\"TOP\" width=\"70\"><strong>mm<\/strong><\/td>\n<\/tr>\n<tr>\n<td class=\"TabelleZeile3\" align=\"LEFT\" valign=\"TOP\" width=\"140\"><strong>F 180 113<\/strong><\/td>\n<td class=\"TabelleZeile3\" align=\"LEFT\" valign=\"TOP\" width=\"160\"><\/td>\n<td class=\"TabelleZeile3\" align=\"LEFT\" valign=\"TOP\" width=\"130\"><strong>0,37 \u00e0 1,00 m<\/strong><\/td>\n<td class=\"TabelleZeile3\" align=\"LEFT\" valign=\"TOP\" width=\"100\"><strong>0,37 m<\/strong><\/td>\n<td class=\"TabelleZeile3\" align=\"LEFT\" valign=\"TOP\" width=\"70\"><strong>mm\/pouce<\/strong><\/td>\n<\/tr>\n<tr>\n<td class=\"TabelleZeile2\" align=\"LEFT\" valign=\"TOP\" width=\"140\"><strong>F 280 111<\/strong><\/td>\n<td class=\"TabelleZeile2\" align=\"LEFT\" valign=\"TOP\" width=\"160\"><strong>F 280 111-600<\/strong><\/td>\n<td class=\"TabelleZeile2\" align=\"LEFT\" valign=\"TOP\" width=\"130\"><strong>0,53 \u00e0 2,00 m<\/strong><\/td>\n<td class=\"TabelleZeile2\" align=\"LEFT\" valign=\"TOP\" width=\"100\"><strong>0,53 m<\/strong><\/td>\n<td class=\"TabelleZeile2\" align=\"LEFT\" valign=\"TOP\" width=\"70\"><strong>mm<\/strong><\/td>\n<\/tr>\n<tr>\n<td class=\"TabelleZeile3\" align=\"LEFT\" valign=\"TOP\" width=\"140\"><strong>F 280 113<\/strong><\/td>\n<td class=\"TabelleZeile3\" align=\"LEFT\" valign=\"TOP\" width=\"160\"><\/td>\n<td class=\"TabelleZeile3\" align=\"LEFT\" valign=\"TOP\" width=\"130\"><strong>0,53 \u00e0 2,00 m<\/strong><\/td>\n<td class=\"TabelleZeile3\" align=\"LEFT\" valign=\"TOP\" width=\"100\"><strong>0,53 m<\/strong><\/td>\n<td class=\"TabelleZeile3\" align=\"LEFT\" valign=\"TOP\" width=\"70\"><strong>mm\/pouce<\/strong><\/td>\n<\/tr>\n<tr>\n<td class=\"TabelleZeile2\" align=\"LEFT\" valign=\"TOP\" width=\"140\"><strong>F 380 112*<\/strong><\/td>\n<td class=\"TabelleZeile2\" align=\"LEFT\" valign=\"TOP\" width=\"160\"><strong>F 380 112-600*<\/strong><\/td>\n<td class=\"TabelleZeile2\" align=\"LEFT\" valign=\"TOP\" width=\"130\"><strong>0,70 \u00e0 3,00 m<\/strong><\/td>\n<td class=\"TabelleZeile2\" align=\"LEFT\" valign=\"TOP\" width=\"100\"><strong>0,70 m<\/strong><\/td>\n<td class=\"TabelleZeile2\" align=\"LEFT\" valign=\"TOP\" width=\"70\"><strong>mm<\/strong><\/td>\n<\/tr>\n<tr>\n<td class=\"TabelleZeile3\" align=\"LEFT\" valign=\"TOP\" width=\"140\"><strong>F 380 113*<\/strong><\/td>\n<td class=\"TabelleZeile3\" align=\"LEFT\" valign=\"TOP\" width=\"160\"><\/td>\n<td class=\"TabelleZeile3\" align=\"LEFT\" valign=\"TOP\" width=\"130\"><strong>0,70 \u00e0 3,00 m<\/strong><\/td>\n<td class=\"TabelleZeile3\" align=\"LEFT\" valign=\"TOP\" width=\"100\"><strong>0,70 m<\/strong><\/td>\n<td class=\"TabelleZeile3\" align=\"LEFT\" valign=\"TOP\" width=\"70\"><strong>mm\/pouce<\/strong><\/td>\n<\/tr>\n<tr>\n<td class=\"TabelleZeile2\" align=\"LEFT\" valign=\"TOP\" width=\"140\"><strong>F 480 111*<\/strong><\/td>\n<td class=\"TabelleZeile2\" align=\"LEFT\" valign=\"TOP\" width=\"160\"><strong>F 480 111-600*<\/strong><\/td>\n<td class=\"TabelleZeile2\" align=\"LEFT\" valign=\"TOP\" width=\"130\"><strong>0,86 \u00e0 4,00 m<\/strong><\/td>\n<td class=\"TabelleZeile2\" align=\"LEFT\" valign=\"TOP\" width=\"100\"><strong>0,86 m<\/strong><\/td>\n<td class=\"TabelleZeile2\" align=\"LEFT\" valign=\"TOP\" width=\"70\"><strong>mm<\/strong><\/td>\n<\/tr>\n<tr>\n<td class=\"TabelleZeile3\" align=\"LEFT\" valign=\"TOP\" width=\"140\"><strong>F 480 113*<\/strong><\/td>\n<td class=\"TabelleZeile3\" align=\"LEFT\" valign=\"TOP\" width=\"160\"><\/td>\n<td class=\"TabelleZeile3\" align=\"LEFT\" valign=\"TOP\" width=\"130\"><strong>0,86 \u00e0 4,00 m<\/strong><\/td>\n<td class=\"TabelleZeile3\" align=\"LEFT\" valign=\"TOP\" width=\"100\"><strong>0,86 m<\/strong><\/td>\n<td class=\"TabelleZeile3\" align=\"LEFT\" valign=\"TOP\" width=\"70\"><strong>mm\/pouce<\/strong><\/td>\n<\/tr>\n<tr>\n<td class=\"TabelleZeile2\" align=\"LEFT\" valign=\"TOP\" width=\"140\"><strong>F 580 111*<\/strong><\/td>\n<td class=\"TabelleZeile2\" align=\"LEFT\" valign=\"TOP\" width=\"160\"><strong>F 580 11-600*<\/strong><\/td>\n<td class=\"TabelleZeile2\" align=\"LEFT\" valign=\"TOP\" width=\"130\"><strong>1,07 \u00e0 5,00 m<\/strong><\/td>\n<td class=\"TabelleZeile2\" align=\"LEFT\" valign=\"TOP\" width=\"100\"><strong>1,07 m<\/strong><\/td>\n<td class=\"TabelleZeile2\" align=\"LEFT\" valign=\"TOP\" width=\"70\"><strong>mm<\/strong><\/td>\n<\/tr>\n<tr>\n<td class=\"TabelleZeile3\" align=\"LEFT\" valign=\"TOP\" width=\"140\"><strong>F 580 115*<\/strong><\/td>\n<td class=\"TabelleZeile3\" align=\"LEFT\" valign=\"TOP\" width=\"160\"><\/td>\n<td class=\"TabelleZeile3\" align=\"LEFT\" valign=\"TOP\" width=\"130\"><strong>1,07 \u00e0 5,00 m<\/strong><\/td>\n<td class=\"TabelleZeile3\" align=\"LEFT\" valign=\"TOP\" width=\"100\"><strong>1,07 m<\/strong><\/td>\n<td class=\"TabelleZeile3\" align=\"LEFT\" valign=\"TOP\" width=\"70\"><strong>mm\/pouce<\/strong><\/td>\n<\/tr>\n<\/tbody>\n<\/table>\n<p class=\"STYLE_12\" align=\"Left\"><strong>Certificat de c\u00f4ntrole pour Nedo mEssfix<\/strong><\/p>\n<table border=\"0\" cellspacing=\"0\" cellpadding=\"2\">\n<tbody>\n<tr>\n<td class=\"TabelleZeile1\" align=\"LEFT\" valign=\"TOP\" width=\"140\"><strong>R\u00e9f.<\/strong><\/td>\n<td class=\"TabelleZeile1\" align=\"LEFT\" valign=\"TOP\" width=\"460\"><strong>399 551\u00a0Certificat de c\u00f4ntrole pour mEssfix 1 m \u00e0 5 m<\/strong><\/td>\n<\/tr>\n<\/tbody>\n<\/table>\n<p class=\"STYLE_12\" align=\"Left\"><strong>mEssfix Nedo avec pointe de mesure pour installateurs de volets roulants<\/strong><\/p>\n<table border=\"0\" cellspacing=\"0\" cellpadding=\"2\">\n<tbody>\n<tr>\n<td class=\"TabelleZeile1\" align=\"LEFT\" valign=\"TOP\" width=\"140\"><strong>R\u00e9f.<\/strong><\/td>\n<td class=\"TabelleZeile1\" align=\"LEFT\" valign=\"TOP\" width=\"160\"><strong>Plage de mesure<\/strong><\/td>\n<td class=\"TabelleZeile1\" align=\"LEFT\" valign=\"TOP\" width=\"130\"><strong>Longueur rentr\u00e9e<\/strong><\/td>\n<td class=\"TabelleZeile1\" align=\"LEFT\" valign=\"TOP\" width=\"100\"><strong>Graduation<\/strong><\/td>\n<td class=\"TabelleZeile1\" align=\"LEFT\" valign=\"TOP\" width=\"70\"><strong>Poids<\/strong><\/td>\n<\/tr>\n<tr>\n<td class=\"TabelleZeile2\" align=\"LEFT\" valign=\"TOP\" width=\"140\"><strong>F 281 111<\/strong><\/td>\n<td class=\"TabelleZeile2\" align=\"LEFT\" valign=\"TOP\" width=\"160\"><strong>0,63 m \u00e0 2,10 m<\/strong><\/td>\n<td class=\"TabelleZeile2\" align=\"LEFT\" valign=\"TOP\" width=\"130\"><strong>0,63 m<\/strong><\/td>\n<td class=\"TabelleZeile2\" align=\"LEFT\" valign=\"TOP\" width=\"100\"><strong>mm<\/strong><\/td>\n<td class=\"TabelleZeile2\" align=\"LEFT\" valign=\"TOP\" width=\"70\"><strong>1,0 kg<\/strong><\/td>\n<\/tr>\n<tr>\n<td class=\"TabelleZeile3\" align=\"LEFT\" valign=\"TOP\" width=\"140\"><strong>F 381 111<\/strong><\/td>\n<td class=\"TabelleZeile3\" align=\"LEFT\" valign=\"TOP\" width=\"160\"><strong>0,80 m \u00e0 3,10 m<\/strong><\/td>\n<td class=\"TabelleZeile3\" align=\"LEFT\" valign=\"TOP\" width=\"130\"><strong>0,80 m<\/strong><\/td>\n<td class=\"TabelleZeile3\" align=\"LEFT\" valign=\"TOP\" width=\"100\"><strong>mm<\/strong><\/td>\n<td class=\"TabelleZeile3\" align=\"LEFT\" valign=\"TOP\" width=\"70\"><strong>1,2 kg<\/strong><\/td>\n<\/tr>\n<tr>\n<td class=\"TabelleZeile2\" align=\"LEFT\" valign=\"TOP\" width=\"140\"><strong>F 481 111<\/strong><\/td>\n<td class=\"TabelleZeile2\" align=\"LEFT\" valign=\"TOP\" width=\"160\"><strong>0,96 m \u00e0 4,10 m<\/strong><\/td>\n<td class=\"TabelleZeile2\" align=\"LEFT\" valign=\"TOP\" width=\"130\"><strong>0,96 m<\/strong><\/td>\n<td class=\"TabelleZeile2\" align=\"LEFT\" valign=\"TOP\" width=\"100\"><strong>mm<\/strong><\/td>\n<td class=\"TabelleZeile2\" align=\"LEFT\" valign=\"TOP\" width=\"70\"><strong>1,4 kg<\/strong><\/td>\n<\/tr>\n<tr>\n<td class=\"TabelleZeile3\" align=\"LEFT\" valign=\"TOP\" width=\"140\"><strong>F 581 111*<\/strong><\/td>\n<td class=\"TabelleZeile3\" align=\"LEFT\" valign=\"TOP\" width=\"160\"><strong>1,17 m \u00e0 5,10 m<\/strong><\/td>\n<td class=\"TabelleZeile3\" align=\"LEFT\" valign=\"TOP\" width=\"130\"><strong>1,17 m<\/strong><\/td>\n<td class=\"TabelleZeile3\" align=\"LEFT\" valign=\"TOP\" width=\"100\"><strong>mm<\/strong><\/td>\n<td class=\"TabelleZeile3\" align=\"LEFT\" valign=\"TOP\" width=\"70\"><strong>1,8 kg<\/strong><\/td>\n<\/tr>\n<\/tbody>\n<\/table>\n<p class=\"STYLE_12\" align=\"Left\"><strong>* Livr\u00e9 avec \u00e9tui.<\/strong><\/p>\n<p class=\"STYLE_9\" align=\"center\"><strong><img decoding=\"async\" src=\"https:\/\/nedo.com\/img\/linie.jpg\" alt=\"\" align=\"TOP\" border=\"0\" hspace=\"0\" vspace=\"0\" \/><\/strong><\/p>\n<p class=\"STYLE_9\" style=\"text-align: left;\" align=\"center\"><strong>Etui pour mEssfix Nedo<img loading=\"lazy\" decoding=\"async\" class=\"alignright\" src=\"https:\/\/nedo.com\/img\/products\/mwzg\/messfix_huelle.gif\" width=\"253\" height=\"165\" \/><\/strong><\/p>\n<table border=\"0\" cellspacing=\"0\" cellpadding=\"2\">\n<tbody>\n<tr>\n<td class=\"TabelleZeile1\" align=\"LEFT\" valign=\"TOP\" width=\"130\"><strong>R\u00e9f.<\/strong><\/td>\n<td class=\"TabelleZeile1\" align=\"LEFT\" valign=\"TOP\" width=\"140\"><strong>Type<\/strong><\/td>\n<td class=\"TabelleZeile1\" align=\"LEFT\" valign=\"TOP\" width=\"120\"><strong>Pour mod\u00e8le R\u00e9f.<\/strong><\/td>\n<\/tr>\n<tr>\n<td class=\"TabelleZeile2\" align=\"LEFT\" valign=\"TOP\" width=\"130\"><strong>190 111<\/strong><\/td>\n<td class=\"TabelleZeile2\" align=\"LEFT\" valign=\"TOP\" width=\"140\"><strong>Etui<\/strong><\/td>\n<td class=\"TabelleZeile2\" align=\"LEFT\" valign=\"TOP\" width=\"120\"><strong>F 180 111<\/strong><\/td>\n<\/tr>\n<tr>\n<td class=\"TabelleZeile3\" align=\"LEFT\" valign=\"TOP\" width=\"130\"><strong>290 111<\/strong><\/td>\n<td class=\"TabelleZeile3\" align=\"LEFT\" valign=\"TOP\" width=\"140\"><strong>Etui<\/strong><\/td>\n<td class=\"TabelleZeile3\" align=\"LEFT\" valign=\"TOP\" width=\"120\"><strong>F 280 111<\/strong><\/td>\n<\/tr>\n<tr>\n<td class=\"TabelleZeile2\" align=\"LEFT\" valign=\"TOP\" width=\"130\"><strong>390 121-613<\/strong><\/td>\n<td class=\"TabelleZeile2\" align=\"LEFT\" valign=\"TOP\" width=\"140\"><strong>Etui<\/strong><\/td>\n<td class=\"TabelleZeile2\" align=\"LEFT\" valign=\"TOP\" width=\"120\"><strong>F 380 112\/<\/strong><br \/>\n<strong>F 380 113<\/strong><\/td>\n<\/tr>\n<tr>\n<td class=\"TabelleZeile3\" align=\"LEFT\" valign=\"TOP\" width=\"130\"><strong>490 121-613<\/strong><\/td>\n<td class=\"TabelleZeile3\" align=\"LEFT\" valign=\"TOP\" width=\"140\"><strong>Etui<\/strong><\/td>\n<td class=\"TabelleZeile3\" align=\"LEFT\" valign=\"TOP\" width=\"120\"><strong>F 480 111\/<\/strong><br \/>\n<strong>F 480 113<\/strong><\/td>\n<\/tr>\n<tr>\n<td class=\"TabelleZeile2\" align=\"LEFT\" valign=\"TOP\" width=\"130\"><strong>291 111<\/strong><\/td>\n<td class=\"TabelleZeile2\" align=\"LEFT\" valign=\"TOP\" width=\"140\"><strong>Etui<\/strong><\/td>\n<td class=\"TabelleZeile2\" align=\"LEFT\" valign=\"TOP\" width=\"120\"><strong>F 281 111<\/strong><\/td>\n<\/tr>\n<tr>\n<td class=\"TabelleZeile3\" align=\"LEFT\" valign=\"TOP\" width=\"130\"><strong>391 111<\/strong><\/td>\n<td class=\"TabelleZeile3\" align=\"LEFT\" valign=\"TOP\" width=\"140\"><strong>Etui<\/strong><\/td>\n<td class=\"TabelleZeile3\" align=\"LEFT\" valign=\"TOP\" width=\"120\"><strong>F 381 111<\/strong><\/td>\n<\/tr>\n<tr>\n<td class=\"TabelleZeile2\" align=\"LEFT\" valign=\"TOP\" width=\"130\"><strong>491 111<\/strong><\/td>\n<td class=\"TabelleZeile2\" align=\"LEFT\" valign=\"TOP\" width=\"140\"><strong>Etui<\/strong><\/td>\n<td class=\"TabelleZeile2\" align=\"LEFT\" valign=\"TOP\" width=\"120\"><strong>F 481 111<\/strong><\/td>\n<\/tr>\n<\/tbody>\n<\/table>\n","protected":false},"excerpt":{"rendered":"<p>mEssfix Nedo Le\u00a0mEssfixNedo est un m\u00e8tre t\u00e9lescopique \u00e9prouv\u00e9 des milliers de fois pour les mesures int\u00e9rieures. Poser le\u00a0mEssfix, l&rsquo;extraire et la longueur peut \u00eatre lue ais\u00e9ment sur l&rsquo;afficheur analogique. Un&hellip;<\/p>\n","protected":false},"featured_media":3197,"comment_status":"closed","ping_status":"closed","template":"","meta":[],"product_cat":[57],"product_tag":[],"class_list":{"0":"post-3169","1":"product","2":"type-product","3":"status-publish","4":"has-post-thumbnail","6":"product_cat-securite-et-mesures","7":"","9":"first","10":"instock","11":"taxable","12":"shipping-taxable","13":"product-type-simple"},"yoast_head":"<!-- This site is optimized with the Yoast SEO plugin v24.7 - https:\/\/yoast.com\/wordpress\/plugins\/seo\/ -->\n<title>Metre t\u00e9lescopique Nedo mEssfix F380112 - LASER ELECTRONIQUE TP<\/title>\n<meta name=\"robots\" content=\"index, follow, max-snippet:-1, max-image-preview:large, max-video-preview:-1\" \/>\n<link rel=\"canonical\" href=\"https:\/\/laserelectronique.com\/?product=metre-telescopique-nedo-messfix-f380112\" \/>\n<meta property=\"og:locale\" content=\"fr_FR\" \/>\n<meta property=\"og:type\" content=\"article\" \/>\n<meta property=\"og:title\" content=\"Metre t\u00e9lescopique Nedo mEssfix F380112 - LASER ELECTRONIQUE TP\" \/>\n<meta property=\"og:description\" content=\"mEssfix Nedo Le\u00a0mEssfixNedo est un m\u00e8tre t\u00e9lescopique \u00e9prouv\u00e9 des milliers de fois pour les mesures int\u00e9rieures. Poser le\u00a0mEssfix, l&rsquo;extraire et la longueur peut \u00eatre lue ais\u00e9ment sur l&rsquo;afficheur analogique. Un&hellip;\" \/>\n<meta property=\"og:url\" content=\"https:\/\/laserelectronique.com\/?product=metre-telescopique-nedo-messfix-f380112\" \/>\n<meta property=\"og:site_name\" content=\"LASER ELECTRONIQUE TP\" \/>\n<meta property=\"article:modified_time\" content=\"2022-07-27T09:48:47+00:00\" \/>\n<meta property=\"og:image\" content=\"https:\/\/laserelectronique.com\/wp-content\/uploads\/2020\/12\/f380112.png\" \/>\n\t<meta property=\"og:image:width\" content=\"1591\" \/>\n\t<meta property=\"og:image:height\" content=\"1591\" \/>\n\t<meta property=\"og:image:type\" content=\"image\/png\" \/>\n<meta name=\"twitter:card\" content=\"summary_large_image\" \/>\n<meta name=\"twitter:label1\" content=\"Dur\u00e9e de lecture estim\u00e9e\" \/>\n\t<meta name=\"twitter:data1\" content=\"2 minutes\" \/>\n<script type=\"application\/ld+json\" class=\"yoast-schema-graph\">{\"@context\":\"https:\/\/schema.org\",\"@graph\":[{\"@type\":\"WebPage\",\"@id\":\"https:\/\/laserelectronique.com\/?product=metre-telescopique-nedo-messfix-f380112\",\"url\":\"https:\/\/laserelectronique.com\/?product=metre-telescopique-nedo-messfix-f380112\",\"name\":\"Metre t\u00e9lescopique Nedo mEssfix F380112 - LASER ELECTRONIQUE TP\",\"isPartOf\":{\"@id\":\"https:\/\/laserelectronique.com\/#website\"},\"primaryImageOfPage\":{\"@id\":\"https:\/\/laserelectronique.com\/?product=metre-telescopique-nedo-messfix-f380112#primaryimage\"},\"image\":{\"@id\":\"https:\/\/laserelectronique.com\/?product=metre-telescopique-nedo-messfix-f380112#primaryimage\"},\"thumbnailUrl\":\"https:\/\/laserelectronique.com\/wp-content\/uploads\/2020\/12\/f380112.png\",\"datePublished\":\"2020-12-25T14:18:19+00:00\",\"dateModified\":\"2022-07-27T09:48:47+00:00\",\"breadcrumb\":{\"@id\":\"https:\/\/laserelectronique.com\/?product=metre-telescopique-nedo-messfix-f380112#breadcrumb\"},\"inLanguage\":\"fr-FR\",\"potentialAction\":[{\"@type\":\"ReadAction\",\"target\":[\"https:\/\/laserelectronique.com\/?product=metre-telescopique-nedo-messfix-f380112\"]}]},{\"@type\":\"ImageObject\",\"inLanguage\":\"fr-FR\",\"@id\":\"https:\/\/laserelectronique.com\/?product=metre-telescopique-nedo-messfix-f380112#primaryimage\",\"url\":\"https:\/\/laserelectronique.com\/wp-content\/uploads\/2020\/12\/f380112.png\",\"contentUrl\":\"https:\/\/laserelectronique.com\/wp-content\/uploads\/2020\/12\/f380112.png\",\"width\":1591,\"height\":1591},{\"@type\":\"BreadcrumbList\",\"@id\":\"https:\/\/laserelectronique.com\/?product=metre-telescopique-nedo-messfix-f380112#breadcrumb\",\"itemListElement\":[{\"@type\":\"ListItem\",\"position\":1,\"name\":\"Accueil\",\"item\":\"https:\/\/laserelectronique.com\/\"},{\"@type\":\"ListItem\",\"position\":2,\"name\":\"Boutique\",\"item\":\"https:\/\/laserelectronique.com\/?page_id=7\"},{\"@type\":\"ListItem\",\"position\":3,\"name\":\"Metre t\u00e9lescopique Nedo mEssfix F380112\"}]},{\"@type\":\"WebSite\",\"@id\":\"https:\/\/laserelectronique.com\/#website\",\"url\":\"https:\/\/laserelectronique.com\/\",\"name\":\"LASER ELECTRONIQUE TP\",\"description\":\"VOTRE PARTENAIRE EN GUIDAGE D&#039;ENGINS, TOPOGRAPHIE ET SERVICES\",\"potentialAction\":[{\"@type\":\"SearchAction\",\"target\":{\"@type\":\"EntryPoint\",\"urlTemplate\":\"https:\/\/laserelectronique.com\/?s={search_term_string}\"},\"query-input\":{\"@type\":\"PropertyValueSpecification\",\"valueRequired\":true,\"valueName\":\"search_term_string\"}}],\"inLanguage\":\"fr-FR\"}]}<\/script>\n<!-- \/ Yoast SEO plugin. -->","yoast_head_json":{"title":"Metre t\u00e9lescopique Nedo mEssfix F380112 - LASER ELECTRONIQUE TP","robots":{"index":"index","follow":"follow","max-snippet":"max-snippet:-1","max-image-preview":"max-image-preview:large","max-video-preview":"max-video-preview:-1"},"canonical":"https:\/\/laserelectronique.com\/?product=metre-telescopique-nedo-messfix-f380112","og_locale":"fr_FR","og_type":"article","og_title":"Metre t\u00e9lescopique Nedo mEssfix F380112 - LASER ELECTRONIQUE TP","og_description":"mEssfix Nedo Le\u00a0mEssfixNedo est un m\u00e8tre t\u00e9lescopique \u00e9prouv\u00e9 des milliers de fois pour les mesures int\u00e9rieures. Poser le\u00a0mEssfix, l&rsquo;extraire et la longueur peut \u00eatre lue ais\u00e9ment sur l&rsquo;afficheur analogique. Un&hellip;","og_url":"https:\/\/laserelectronique.com\/?product=metre-telescopique-nedo-messfix-f380112","og_site_name":"LASER ELECTRONIQUE TP","article_modified_time":"2022-07-27T09:48:47+00:00","og_image":[{"width":1591,"height":1591,"url":"https:\/\/laserelectronique.com\/wp-content\/uploads\/2020\/12\/f380112.png","type":"image\/png"}],"twitter_card":"summary_large_image","twitter_misc":{"Dur\u00e9e de lecture estim\u00e9e":"2 minutes"},"schema":{"@context":"https:\/\/schema.org","@graph":[{"@type":"WebPage","@id":"https:\/\/laserelectronique.com\/?product=metre-telescopique-nedo-messfix-f380112","url":"https:\/\/laserelectronique.com\/?product=metre-telescopique-nedo-messfix-f380112","name":"Metre t\u00e9lescopique Nedo mEssfix F380112 - LASER ELECTRONIQUE TP","isPartOf":{"@id":"https:\/\/laserelectronique.com\/#website"},"primaryImageOfPage":{"@id":"https:\/\/laserelectronique.com\/?product=metre-telescopique-nedo-messfix-f380112#primaryimage"},"image":{"@id":"https:\/\/laserelectronique.com\/?product=metre-telescopique-nedo-messfix-f380112#primaryimage"},"thumbnailUrl":"https:\/\/laserelectronique.com\/wp-content\/uploads\/2020\/12\/f380112.png","datePublished":"2020-12-25T14:18:19+00:00","dateModified":"2022-07-27T09:48:47+00:00","breadcrumb":{"@id":"https:\/\/laserelectronique.com\/?product=metre-telescopique-nedo-messfix-f380112#breadcrumb"},"inLanguage":"fr-FR","potentialAction":[{"@type":"ReadAction","target":["https:\/\/laserelectronique.com\/?product=metre-telescopique-nedo-messfix-f380112"]}]},{"@type":"ImageObject","inLanguage":"fr-FR","@id":"https:\/\/laserelectronique.com\/?product=metre-telescopique-nedo-messfix-f380112#primaryimage","url":"https:\/\/laserelectronique.com\/wp-content\/uploads\/2020\/12\/f380112.png","contentUrl":"https:\/\/laserelectronique.com\/wp-content\/uploads\/2020\/12\/f380112.png","width":1591,"height":1591},{"@type":"BreadcrumbList","@id":"https:\/\/laserelectronique.com\/?product=metre-telescopique-nedo-messfix-f380112#breadcrumb","itemListElement":[{"@type":"ListItem","position":1,"name":"Accueil","item":"https:\/\/laserelectronique.com\/"},{"@type":"ListItem","position":2,"name":"Boutique","item":"https:\/\/laserelectronique.com\/?page_id=7"},{"@type":"ListItem","position":3,"name":"Metre t\u00e9lescopique Nedo mEssfix F380112"}]},{"@type":"WebSite","@id":"https:\/\/laserelectronique.com\/#website","url":"https:\/\/laserelectronique.com\/","name":"LASER ELECTRONIQUE TP","description":"VOTRE PARTENAIRE EN GUIDAGE D&#039;ENGINS, TOPOGRAPHIE ET SERVICES","potentialAction":[{"@type":"SearchAction","target":{"@type":"EntryPoint","urlTemplate":"https:\/\/laserelectronique.com\/?s={search_term_string}"},"query-input":{"@type":"PropertyValueSpecification","valueRequired":true,"valueName":"search_term_string"}}],"inLanguage":"fr-FR"}]}},"_links":{"self":[{"href":"https:\/\/laserelectronique.com\/index.php?rest_route=\/wp\/v2\/product\/3169","targetHints":{"allow":["GET"]}}],"collection":[{"href":"https:\/\/laserelectronique.com\/index.php?rest_route=\/wp\/v2\/product"}],"about":[{"href":"https:\/\/laserelectronique.com\/index.php?rest_route=\/wp\/v2\/types\/product"}],"replies":[{"embeddable":true,"href":"https:\/\/laserelectronique.com\/index.php?rest_route=%2Fwp%2Fv2%2Fcomments&post=3169"}],"wp:featuredmedia":[{"embeddable":true,"href":"https:\/\/laserelectronique.com\/index.php?rest_route=\/wp\/v2\/media\/3197"}],"wp:attachment":[{"href":"https:\/\/laserelectronique.com\/index.php?rest_route=%2Fwp%2Fv2%2Fmedia&parent=3169"}],"wp:term":[{"taxonomy":"product_cat","embeddable":true,"href":"https:\/\/laserelectronique.com\/index.php?rest_route=%2Fwp%2Fv2%2Fproduct_cat&post=3169"},{"taxonomy":"product_tag","embeddable":true,"href":"https:\/\/laserelectronique.com\/index.php?rest_route=%2Fwp%2Fv2%2Fproduct_tag&post=3169"}],"curies":[{"name":"wp","href":"https:\/\/api.w.org\/{rel}","templated":true}]}}