{"id":316,"date":"2017-03-30T10:17:39","date_gmt":"2017-03-30T08:17:39","guid":{"rendered":"http:\/\/laserins.fr\/?product=piquet"},"modified":"2022-08-04T09:51:25","modified_gmt":"2022-08-04T07:51:25","slug":"piquet","status":"publish","type":"product","link":"https:\/\/laserelectronique.com\/?product=piquet","title":{"rendered":"Piquet"},"content":{"rendered":"<p><strong>Piquet en acier avec haute teneur en carbone.<\/strong><\/p>\n<p><strong>Pointe ogive pour une p\u00e9n\u00e9tration facilit\u00e9e.<\/strong><\/p>\n<p><strong>Diam\u00e8tre 3\/4&Prime; &#8211; Longueur 1,25 m.<\/strong><\/p>\n<p><strong>R\u00e9f\u00e9rence : SL100<\/strong><\/p>\n<p><strong>Fabrication Etats-Unis<\/strong><\/p>\n<p>&nbsp;<\/p>\n<h3>Document produit:<\/h3>\n<ul>\n<li><a href=\"https:\/\/laserelectronique.com\/wp-content\/uploads\/2018\/01\/DOC-SL-FINISSEUR-LETP-1.pdf\">DOC SL FINISSEUR<\/a><\/li>\n<\/ul>\n","protected":false},"excerpt":{"rendered":"<p>Piquet en acier avec haute teneur en carbone. Pointe ogive pour une p\u00e9n\u00e9tration facilit\u00e9e. Diam\u00e8tre 3\/4&Prime; &#8211; Longueur 1,25 m. R\u00e9f\u00e9rence : SL100 Fabrication Etats-Unis &nbsp; Document produit: DOC SL&hellip;<\/p>\n","protected":false},"featured_media":1182,"comment_status":"closed","ping_status":"closed","template":"","meta":[],"product_cat":[11],"product_tag":[],"class_list":{"0":"post-316","1":"product","2":"type-product","3":"status-publish","4":"has-post-thumbnail","6":"product_cat-accessoires-de-nivellement","7":"","9":"first","10":"instock","11":"taxable","12":"shipping-taxable","13":"product-type-simple"},"yoast_head":"<!-- This site is optimized with the Yoast SEO plugin v24.7 - https:\/\/yoast.com\/wordpress\/plugins\/seo\/ -->\n<title>Piquet - LASER ELECTRONIQUE TP<\/title>\n<meta name=\"robots\" content=\"index, follow, max-snippet:-1, max-image-preview:large, max-video-preview:-1\" \/>\n<link rel=\"canonical\" href=\"https:\/\/laserelectronique.com\/?product=piquet\" \/>\n<meta property=\"og:locale\" content=\"fr_FR\" \/>\n<meta property=\"og:type\" content=\"article\" \/>\n<meta property=\"og:title\" content=\"Piquet - LASER ELECTRONIQUE TP\" \/>\n<meta property=\"og:description\" content=\"Piquet en acier avec haute teneur en carbone. Pointe ogive pour une p\u00e9n\u00e9tration facilit\u00e9e. Diam\u00e8tre 3\/4&Prime; &#8211; Longueur 1,25 m. R\u00e9f\u00e9rence : SL100 Fabrication Etats-Unis &nbsp; Document produit: DOC SL&hellip;\" \/>\n<meta property=\"og:url\" content=\"https:\/\/laserelectronique.com\/?product=piquet\" \/>\n<meta property=\"og:site_name\" content=\"LASER ELECTRONIQUE TP\" \/>\n<meta property=\"article:modified_time\" content=\"2022-08-04T07:51:25+00:00\" \/>\n<meta property=\"og:image\" content=\"https:\/\/laserelectronique.com\/wp-content\/uploads\/2017\/12\/SL100.jpg\" \/>\n\t<meta property=\"og:image:width\" content=\"300\" \/>\n\t<meta property=\"og:image:height\" content=\"300\" \/>\n\t<meta property=\"og:image:type\" content=\"image\/jpeg\" \/>\n<meta name=\"twitter:card\" content=\"summary_large_image\" \/>\n<script type=\"application\/ld+json\" class=\"yoast-schema-graph\">{\"@context\":\"https:\/\/schema.org\",\"@graph\":[{\"@type\":\"WebPage\",\"@id\":\"https:\/\/laserelectronique.com\/?product=piquet\",\"url\":\"https:\/\/laserelectronique.com\/?product=piquet\",\"name\":\"Piquet - LASER ELECTRONIQUE TP\",\"isPartOf\":{\"@id\":\"https:\/\/laserelectronique.com\/#website\"},\"primaryImageOfPage\":{\"@id\":\"https:\/\/laserelectronique.com\/?product=piquet#primaryimage\"},\"image\":{\"@id\":\"https:\/\/laserelectronique.com\/?product=piquet#primaryimage\"},\"thumbnailUrl\":\"https:\/\/laserelectronique.com\/wp-content\/uploads\/2017\/12\/SL100.jpg\",\"datePublished\":\"2017-03-30T08:17:39+00:00\",\"dateModified\":\"2022-08-04T07:51:25+00:00\",\"breadcrumb\":{\"@id\":\"https:\/\/laserelectronique.com\/?product=piquet#breadcrumb\"},\"inLanguage\":\"fr-FR\",\"potentialAction\":[{\"@type\":\"ReadAction\",\"target\":[\"https:\/\/laserelectronique.com\/?product=piquet\"]}]},{\"@type\":\"ImageObject\",\"inLanguage\":\"fr-FR\",\"@id\":\"https:\/\/laserelectronique.com\/?product=piquet#primaryimage\",\"url\":\"https:\/\/laserelectronique.com\/wp-content\/uploads\/2017\/12\/SL100.jpg\",\"contentUrl\":\"https:\/\/laserelectronique.com\/wp-content\/uploads\/2017\/12\/SL100.jpg\",\"width\":300,\"height\":300},{\"@type\":\"BreadcrumbList\",\"@id\":\"https:\/\/laserelectronique.com\/?product=piquet#breadcrumb\",\"itemListElement\":[{\"@type\":\"ListItem\",\"position\":1,\"name\":\"Accueil\",\"item\":\"https:\/\/laserelectronique.com\/\"},{\"@type\":\"ListItem\",\"position\":2,\"name\":\"Boutique\",\"item\":\"https:\/\/laserelectronique.com\/?page_id=7\"},{\"@type\":\"ListItem\",\"position\":3,\"name\":\"Piquet\"}]},{\"@type\":\"WebSite\",\"@id\":\"https:\/\/laserelectronique.com\/#website\",\"url\":\"https:\/\/laserelectronique.com\/\",\"name\":\"LASER ELECTRONIQUE TP\",\"description\":\"VOTRE PARTENAIRE EN GUIDAGE D&#039;ENGINS, TOPOGRAPHIE ET SERVICES\",\"potentialAction\":[{\"@type\":\"SearchAction\",\"target\":{\"@type\":\"EntryPoint\",\"urlTemplate\":\"https:\/\/laserelectronique.com\/?s={search_term_string}\"},\"query-input\":{\"@type\":\"PropertyValueSpecification\",\"valueRequired\":true,\"valueName\":\"search_term_string\"}}],\"inLanguage\":\"fr-FR\"}]}<\/script>\n<!-- \/ Yoast SEO plugin. -->","yoast_head_json":{"title":"Piquet - LASER ELECTRONIQUE TP","robots":{"index":"index","follow":"follow","max-snippet":"max-snippet:-1","max-image-preview":"max-image-preview:large","max-video-preview":"max-video-preview:-1"},"canonical":"https:\/\/laserelectronique.com\/?product=piquet","og_locale":"fr_FR","og_type":"article","og_title":"Piquet - LASER ELECTRONIQUE TP","og_description":"Piquet en acier avec haute teneur en carbone. Pointe ogive pour une p\u00e9n\u00e9tration facilit\u00e9e. Diam\u00e8tre 3\/4&Prime; &#8211; Longueur 1,25 m. R\u00e9f\u00e9rence : SL100 Fabrication Etats-Unis &nbsp; Document produit: DOC SL&hellip;","og_url":"https:\/\/laserelectronique.com\/?product=piquet","og_site_name":"LASER ELECTRONIQUE TP","article_modified_time":"2022-08-04T07:51:25+00:00","og_image":[{"width":300,"height":300,"url":"https:\/\/laserelectronique.com\/wp-content\/uploads\/2017\/12\/SL100.jpg","type":"image\/jpeg"}],"twitter_card":"summary_large_image","schema":{"@context":"https:\/\/schema.org","@graph":[{"@type":"WebPage","@id":"https:\/\/laserelectronique.com\/?product=piquet","url":"https:\/\/laserelectronique.com\/?product=piquet","name":"Piquet - LASER ELECTRONIQUE TP","isPartOf":{"@id":"https:\/\/laserelectronique.com\/#website"},"primaryImageOfPage":{"@id":"https:\/\/laserelectronique.com\/?product=piquet#primaryimage"},"image":{"@id":"https:\/\/laserelectronique.com\/?product=piquet#primaryimage"},"thumbnailUrl":"https:\/\/laserelectronique.com\/wp-content\/uploads\/2017\/12\/SL100.jpg","datePublished":"2017-03-30T08:17:39+00:00","dateModified":"2022-08-04T07:51:25+00:00","breadcrumb":{"@id":"https:\/\/laserelectronique.com\/?product=piquet#breadcrumb"},"inLanguage":"fr-FR","potentialAction":[{"@type":"ReadAction","target":["https:\/\/laserelectronique.com\/?product=piquet"]}]},{"@type":"ImageObject","inLanguage":"fr-FR","@id":"https:\/\/laserelectronique.com\/?product=piquet#primaryimage","url":"https:\/\/laserelectronique.com\/wp-content\/uploads\/2017\/12\/SL100.jpg","contentUrl":"https:\/\/laserelectronique.com\/wp-content\/uploads\/2017\/12\/SL100.jpg","width":300,"height":300},{"@type":"BreadcrumbList","@id":"https:\/\/laserelectronique.com\/?product=piquet#breadcrumb","itemListElement":[{"@type":"ListItem","position":1,"name":"Accueil","item":"https:\/\/laserelectronique.com\/"},{"@type":"ListItem","position":2,"name":"Boutique","item":"https:\/\/laserelectronique.com\/?page_id=7"},{"@type":"ListItem","position":3,"name":"Piquet"}]},{"@type":"WebSite","@id":"https:\/\/laserelectronique.com\/#website","url":"https:\/\/laserelectronique.com\/","name":"LASER ELECTRONIQUE TP","description":"VOTRE PARTENAIRE EN GUIDAGE D&#039;ENGINS, TOPOGRAPHIE ET SERVICES","potentialAction":[{"@type":"SearchAction","target":{"@type":"EntryPoint","urlTemplate":"https:\/\/laserelectronique.com\/?s={search_term_string}"},"query-input":{"@type":"PropertyValueSpecification","valueRequired":true,"valueName":"search_term_string"}}],"inLanguage":"fr-FR"}]}},"_links":{"self":[{"href":"https:\/\/laserelectronique.com\/index.php?rest_route=\/wp\/v2\/product\/316","targetHints":{"allow":["GET"]}}],"collection":[{"href":"https:\/\/laserelectronique.com\/index.php?rest_route=\/wp\/v2\/product"}],"about":[{"href":"https:\/\/laserelectronique.com\/index.php?rest_route=\/wp\/v2\/types\/product"}],"replies":[{"embeddable":true,"href":"https:\/\/laserelectronique.com\/index.php?rest_route=%2Fwp%2Fv2%2Fcomments&post=316"}],"wp:featuredmedia":[{"embeddable":true,"href":"https:\/\/laserelectronique.com\/index.php?rest_route=\/wp\/v2\/media\/1182"}],"wp:attachment":[{"href":"https:\/\/laserelectronique.com\/index.php?rest_route=%2Fwp%2Fv2%2Fmedia&parent=316"}],"wp:term":[{"taxonomy":"product_cat","embeddable":true,"href":"https:\/\/laserelectronique.com\/index.php?rest_route=%2Fwp%2Fv2%2Fproduct_cat&post=316"},{"taxonomy":"product_tag","embeddable":true,"href":"https:\/\/laserelectronique.com\/index.php?rest_route=%2Fwp%2Fv2%2Fproduct_tag&post=316"}],"curies":[{"name":"wp","href":"https:\/\/api.w.org\/{rel}","templated":true}]}}