{"id":3150,"date":"2020-12-25T15:17:05","date_gmt":"2020-12-25T14:17:05","guid":{"rendered":"http:\/\/laserelectronique.com\/?product=import-placeholder-for-3546"},"modified":"2022-07-27T11:44:56","modified_gmt":"2022-07-27T09:44:56","slug":"pige-de-profondeur-pour-enrobes-adg","status":"publish","type":"product","link":"https:\/\/laserelectronique.com\/?product=pige-de-profondeur-pour-enrobes-adg","title":{"rendered":"Pige de profondeur pour enrob\u00e9s ADG"},"content":{"rendered":"<p><strong>La jauge de profondeur pour enrob\u00e9s mesure avec pr\u00e9cision l&rsquo;\u00e9paisseur jusqu&rsquo;\u00e0 300 mm par incr\u00e9ments de 5\u00a0 mm \u00e0 partir de l&rsquo;arri\u00e8re du finisseur ou du bord du trottoir sans avoir besoin de marcher directement sur l&rsquo;asphalte chaud.<\/strong><\/p>\n<p><strong>\u00a0La\u00a0<b>jauge de profondeur <\/b>\u00a0autolubrifiante\u00a0ne laisse pas de trou dans la chauss\u00e9e. Cet\u00a0<b>outil sp\u00e9cialis\u00e9<\/b>\u00a0se\u00a0nettoie \u00e0 chaque fois que la sonde se r\u00e9tracte. L&rsquo;huile de lubrification contenue dans la\u00a0<b>jauge de profondeur<\/b> ne contamine pas l&rsquo;asphalte. La tige de p\u00e9n\u00e9tration ne tire pas sur l&rsquo;asphalte lorsqu&rsquo;elle est r\u00e9tract\u00e9e et laisse un petit trou facilement ferm\u00e9 par un rouleau. Fournie avec un support de rangement qui peut \u00eatre mont\u00e9 directement sur le finisseur ou le plateau de la camionnette et qui maintient fermement la jauge en place avec une pince \u00e0 ressort et une coupelle en PVC.<\/strong><\/p>\n<p><strong>Ce produit est de fabrication am\u00e9ricaine.<\/strong><\/p>\n<h3>Caract\u00e9ristiques:<\/h3>\n<table class=\"data-table\" style=\"height: 308px;\" width=\"504\">\n<tbody>\n<tr class=\"odd\">\n<td class=\"spec-name\"><strong>Mesure de la profondeur<\/strong><\/td>\n<td class=\"spec-value\"><strong>11,75 pouces (298 mm)<\/strong><\/td>\n<\/tr>\n<tr class=\"even\">\n<td class=\"spec-name\"><strong>Division<\/strong><\/td>\n<td class=\"spec-value\"><strong>5 mm<\/strong><\/td>\n<\/tr>\n<tr class=\"odd\">\n<td class=\"spec-name\"><strong>Mat\u00e9riel<\/strong><\/td>\n<td class=\"spec-value\"><strong>Corps en aluminium anodis\u00e9, sonde en acier<\/strong><\/td>\n<\/tr>\n<tr class=\"even\">\n<td class=\"spec-name\"><strong>Dimensions de la sonde<\/strong><\/td>\n<td class=\"spec-value\"><strong>11,75 x 0,25 pouces (298 x 6 mm), L x Dia.<\/strong><\/td>\n<\/tr>\n<tr class=\"odd\">\n<td class=\"spec-name\"><strong>dimensions du produit<\/strong><\/td>\n<td class=\"spec-value\"><strong>38 x 1,25 pouces (965 x 32 mm), L x Dia.<\/strong><\/td>\n<\/tr>\n<tr class=\"even\">\n<td class=\"spec-name\"><strong>Poids d&rsquo;exp\u00e9dition estim\u00e9<\/strong><\/td>\n<td class=\"spec-value\"><strong>2,72 kg<\/strong><\/td>\n<\/tr>\n<\/tbody>\n<\/table>\n<p>&nbsp;<\/p>\n<p>&nbsp;<\/p>\n<h3><\/h3>\n","protected":false},"excerpt":{"rendered":"<p>La jauge de profondeur pour enrob\u00e9s mesure avec pr\u00e9cision l&rsquo;\u00e9paisseur jusqu&rsquo;\u00e0 300 mm par incr\u00e9ments de 5\u00a0 mm \u00e0 partir de l&rsquo;arri\u00e8re du finisseur ou du bord du trottoir sans&hellip;<\/p>\n","protected":false},"featured_media":3187,"comment_status":"closed","ping_status":"closed","template":"","meta":[],"product_cat":[57],"product_tag":[],"class_list":{"0":"post-3150","1":"product","2":"type-product","3":"status-publish","4":"has-post-thumbnail","6":"product_cat-securite-et-mesures","7":"","9":"first","10":"instock","11":"taxable","12":"shipping-taxable","13":"product-type-simple"},"yoast_head":"<!-- This site is optimized with the Yoast SEO plugin v24.7 - https:\/\/yoast.com\/wordpress\/plugins\/seo\/ -->\n<title>Pige de profondeur pour enrob\u00e9s ADG - LASER ELECTRONIQUE TP<\/title>\n<meta name=\"robots\" content=\"index, follow, max-snippet:-1, max-image-preview:large, max-video-preview:-1\" \/>\n<link rel=\"canonical\" href=\"https:\/\/laserelectronique.com\/?product=pige-de-profondeur-pour-enrobes-adg\" \/>\n<meta property=\"og:locale\" content=\"fr_FR\" \/>\n<meta property=\"og:type\" content=\"article\" \/>\n<meta property=\"og:title\" content=\"Pige de profondeur pour enrob\u00e9s ADG - LASER ELECTRONIQUE TP\" \/>\n<meta property=\"og:description\" content=\"La jauge de profondeur pour enrob\u00e9s mesure avec pr\u00e9cision l&rsquo;\u00e9paisseur jusqu&rsquo;\u00e0 300 mm par incr\u00e9ments de 5\u00a0 mm \u00e0 partir de l&rsquo;arri\u00e8re du finisseur ou du bord du trottoir sans&hellip;\" \/>\n<meta property=\"og:url\" content=\"https:\/\/laserelectronique.com\/?product=pige-de-profondeur-pour-enrobes-adg\" \/>\n<meta property=\"og:site_name\" content=\"LASER ELECTRONIQUE TP\" \/>\n<meta property=\"article:modified_time\" content=\"2022-07-27T09:44:56+00:00\" \/>\n<meta property=\"og:image\" content=\"https:\/\/laserelectronique.com\/wp-content\/uploads\/2020\/12\/adg.png\" \/>\n\t<meta property=\"og:image:width\" content=\"800\" \/>\n\t<meta property=\"og:image:height\" content=\"800\" \/>\n\t<meta property=\"og:image:type\" content=\"image\/png\" \/>\n<meta name=\"twitter:card\" content=\"summary_large_image\" \/>\n<meta name=\"twitter:label1\" content=\"Dur\u00e9e de lecture estim\u00e9e\" \/>\n\t<meta name=\"twitter:data1\" content=\"1 minute\" \/>\n<script type=\"application\/ld+json\" class=\"yoast-schema-graph\">{\"@context\":\"https:\/\/schema.org\",\"@graph\":[{\"@type\":\"WebPage\",\"@id\":\"https:\/\/laserelectronique.com\/?product=pige-de-profondeur-pour-enrobes-adg\",\"url\":\"https:\/\/laserelectronique.com\/?product=pige-de-profondeur-pour-enrobes-adg\",\"name\":\"Pige de profondeur pour enrob\u00e9s ADG - LASER ELECTRONIQUE TP\",\"isPartOf\":{\"@id\":\"https:\/\/laserelectronique.com\/#website\"},\"primaryImageOfPage\":{\"@id\":\"https:\/\/laserelectronique.com\/?product=pige-de-profondeur-pour-enrobes-adg#primaryimage\"},\"image\":{\"@id\":\"https:\/\/laserelectronique.com\/?product=pige-de-profondeur-pour-enrobes-adg#primaryimage\"},\"thumbnailUrl\":\"https:\/\/laserelectronique.com\/wp-content\/uploads\/2020\/12\/adg.png\",\"datePublished\":\"2020-12-25T14:17:05+00:00\",\"dateModified\":\"2022-07-27T09:44:56+00:00\",\"breadcrumb\":{\"@id\":\"https:\/\/laserelectronique.com\/?product=pige-de-profondeur-pour-enrobes-adg#breadcrumb\"},\"inLanguage\":\"fr-FR\",\"potentialAction\":[{\"@type\":\"ReadAction\",\"target\":[\"https:\/\/laserelectronique.com\/?product=pige-de-profondeur-pour-enrobes-adg\"]}]},{\"@type\":\"ImageObject\",\"inLanguage\":\"fr-FR\",\"@id\":\"https:\/\/laserelectronique.com\/?product=pige-de-profondeur-pour-enrobes-adg#primaryimage\",\"url\":\"https:\/\/laserelectronique.com\/wp-content\/uploads\/2020\/12\/adg.png\",\"contentUrl\":\"https:\/\/laserelectronique.com\/wp-content\/uploads\/2020\/12\/adg.png\",\"width\":800,\"height\":800},{\"@type\":\"BreadcrumbList\",\"@id\":\"https:\/\/laserelectronique.com\/?product=pige-de-profondeur-pour-enrobes-adg#breadcrumb\",\"itemListElement\":[{\"@type\":\"ListItem\",\"position\":1,\"name\":\"Accueil\",\"item\":\"https:\/\/laserelectronique.com\/\"},{\"@type\":\"ListItem\",\"position\":2,\"name\":\"Boutique\",\"item\":\"https:\/\/laserelectronique.com\/?page_id=7\"},{\"@type\":\"ListItem\",\"position\":3,\"name\":\"Pige de profondeur pour enrob\u00e9s ADG\"}]},{\"@type\":\"WebSite\",\"@id\":\"https:\/\/laserelectronique.com\/#website\",\"url\":\"https:\/\/laserelectronique.com\/\",\"name\":\"LASER ELECTRONIQUE TP\",\"description\":\"VOTRE PARTENAIRE EN GUIDAGE D&#039;ENGINS, TOPOGRAPHIE ET SERVICES\",\"potentialAction\":[{\"@type\":\"SearchAction\",\"target\":{\"@type\":\"EntryPoint\",\"urlTemplate\":\"https:\/\/laserelectronique.com\/?s={search_term_string}\"},\"query-input\":{\"@type\":\"PropertyValueSpecification\",\"valueRequired\":true,\"valueName\":\"search_term_string\"}}],\"inLanguage\":\"fr-FR\"}]}<\/script>\n<!-- \/ Yoast SEO plugin. -->","yoast_head_json":{"title":"Pige de profondeur pour enrob\u00e9s ADG - LASER ELECTRONIQUE TP","robots":{"index":"index","follow":"follow","max-snippet":"max-snippet:-1","max-image-preview":"max-image-preview:large","max-video-preview":"max-video-preview:-1"},"canonical":"https:\/\/laserelectronique.com\/?product=pige-de-profondeur-pour-enrobes-adg","og_locale":"fr_FR","og_type":"article","og_title":"Pige de profondeur pour enrob\u00e9s ADG - LASER ELECTRONIQUE TP","og_description":"La jauge de profondeur pour enrob\u00e9s mesure avec pr\u00e9cision l&rsquo;\u00e9paisseur jusqu&rsquo;\u00e0 300 mm par incr\u00e9ments de 5\u00a0 mm \u00e0 partir de l&rsquo;arri\u00e8re du finisseur ou du bord du trottoir sans&hellip;","og_url":"https:\/\/laserelectronique.com\/?product=pige-de-profondeur-pour-enrobes-adg","og_site_name":"LASER ELECTRONIQUE TP","article_modified_time":"2022-07-27T09:44:56+00:00","og_image":[{"width":800,"height":800,"url":"https:\/\/laserelectronique.com\/wp-content\/uploads\/2020\/12\/adg.png","type":"image\/png"}],"twitter_card":"summary_large_image","twitter_misc":{"Dur\u00e9e de lecture estim\u00e9e":"1 minute"},"schema":{"@context":"https:\/\/schema.org","@graph":[{"@type":"WebPage","@id":"https:\/\/laserelectronique.com\/?product=pige-de-profondeur-pour-enrobes-adg","url":"https:\/\/laserelectronique.com\/?product=pige-de-profondeur-pour-enrobes-adg","name":"Pige de profondeur pour enrob\u00e9s ADG - LASER ELECTRONIQUE TP","isPartOf":{"@id":"https:\/\/laserelectronique.com\/#website"},"primaryImageOfPage":{"@id":"https:\/\/laserelectronique.com\/?product=pige-de-profondeur-pour-enrobes-adg#primaryimage"},"image":{"@id":"https:\/\/laserelectronique.com\/?product=pige-de-profondeur-pour-enrobes-adg#primaryimage"},"thumbnailUrl":"https:\/\/laserelectronique.com\/wp-content\/uploads\/2020\/12\/adg.png","datePublished":"2020-12-25T14:17:05+00:00","dateModified":"2022-07-27T09:44:56+00:00","breadcrumb":{"@id":"https:\/\/laserelectronique.com\/?product=pige-de-profondeur-pour-enrobes-adg#breadcrumb"},"inLanguage":"fr-FR","potentialAction":[{"@type":"ReadAction","target":["https:\/\/laserelectronique.com\/?product=pige-de-profondeur-pour-enrobes-adg"]}]},{"@type":"ImageObject","inLanguage":"fr-FR","@id":"https:\/\/laserelectronique.com\/?product=pige-de-profondeur-pour-enrobes-adg#primaryimage","url":"https:\/\/laserelectronique.com\/wp-content\/uploads\/2020\/12\/adg.png","contentUrl":"https:\/\/laserelectronique.com\/wp-content\/uploads\/2020\/12\/adg.png","width":800,"height":800},{"@type":"BreadcrumbList","@id":"https:\/\/laserelectronique.com\/?product=pige-de-profondeur-pour-enrobes-adg#breadcrumb","itemListElement":[{"@type":"ListItem","position":1,"name":"Accueil","item":"https:\/\/laserelectronique.com\/"},{"@type":"ListItem","position":2,"name":"Boutique","item":"https:\/\/laserelectronique.com\/?page_id=7"},{"@type":"ListItem","position":3,"name":"Pige de profondeur pour enrob\u00e9s ADG"}]},{"@type":"WebSite","@id":"https:\/\/laserelectronique.com\/#website","url":"https:\/\/laserelectronique.com\/","name":"LASER ELECTRONIQUE TP","description":"VOTRE PARTENAIRE EN GUIDAGE D&#039;ENGINS, TOPOGRAPHIE ET SERVICES","potentialAction":[{"@type":"SearchAction","target":{"@type":"EntryPoint","urlTemplate":"https:\/\/laserelectronique.com\/?s={search_term_string}"},"query-input":{"@type":"PropertyValueSpecification","valueRequired":true,"valueName":"search_term_string"}}],"inLanguage":"fr-FR"}]}},"_links":{"self":[{"href":"https:\/\/laserelectronique.com\/index.php?rest_route=\/wp\/v2\/product\/3150","targetHints":{"allow":["GET"]}}],"collection":[{"href":"https:\/\/laserelectronique.com\/index.php?rest_route=\/wp\/v2\/product"}],"about":[{"href":"https:\/\/laserelectronique.com\/index.php?rest_route=\/wp\/v2\/types\/product"}],"replies":[{"embeddable":true,"href":"https:\/\/laserelectronique.com\/index.php?rest_route=%2Fwp%2Fv2%2Fcomments&post=3150"}],"wp:featuredmedia":[{"embeddable":true,"href":"https:\/\/laserelectronique.com\/index.php?rest_route=\/wp\/v2\/media\/3187"}],"wp:attachment":[{"href":"https:\/\/laserelectronique.com\/index.php?rest_route=%2Fwp%2Fv2%2Fmedia&parent=3150"}],"wp:term":[{"taxonomy":"product_cat","embeddable":true,"href":"https:\/\/laserelectronique.com\/index.php?rest_route=%2Fwp%2Fv2%2Fproduct_cat&post=3150"},{"taxonomy":"product_tag","embeddable":true,"href":"https:\/\/laserelectronique.com\/index.php?rest_route=%2Fwp%2Fv2%2Fproduct_tag&post=3150"}],"curies":[{"name":"wp","href":"https:\/\/api.w.org\/{rel}","templated":true}]}}