{"id":3144,"date":"2020-12-25T15:16:40","date_gmt":"2020-12-25T14:16:40","guid":{"rendered":"http:\/\/laserelectronique.com\/?product=import-placeholder-for-3503"},"modified":"2020-12-25T15:19:31","modified_gmt":"2020-12-25T14:19:31","slug":"boitier-dallumage-tf-fcb24","status":"publish","type":"product","link":"https:\/\/laserelectronique.com\/?product=boitier-dallumage-tf-fcb24","title":{"rendered":"Boitier d&rsquo;allumage TF FCB24"},"content":{"rendered":"<div class=\"product--description\">\n<p style=\"text-align: left;\"><strong>G\u00e9n\u00e8re un courant haute tension qui alimente les bougies d&rsquo;allumage d&rsquo;un chauffage au gaz.<\/strong><\/p>\n<p><strong>Fixation verticale FCB24.<\/strong><\/p>\n<\/div>\n<div class=\"product--properties panel has--border\">\n<p><strong>Les bo\u00eetiers d&rsquo;allumage FCB24 ou FCE24 contr\u00f4lent l&rsquo;allumage du br\u00fbleur et<\/strong><br \/>\n<strong>surveillent la flamme tout au long du fonctionnement.<\/strong><\/p>\n<p><strong>Le bo\u00eetier d&rsquo;allumage est la pierre angulaire des syst\u00e8mes de contr\u00f4le de temp\u00e9rature SC5-96 et STC1600. Avec un bo\u00eetier d&rsquo;allumage, vous avez \u00e0 la fois l&rsquo;allumage et le contr\u00f4le de la flamme, le tout dans un seul bo\u00eetier utilisant une seule \u00e9lectrode.<\/strong><\/p>\n<p><strong>En cas d&rsquo;extinction accidentelle de la flamme, la bo\u00eete d&rsquo;allumage tentera de rallumer pendant sept secondes. En cas d&rsquo;\u00e9chec de rallumage, le boitier ferme la vanne de gaz par mesure de s\u00e9curit\u00e9 pour \u00e9viter les accidents caus\u00e9s par une infiltration de gaz.<\/strong><\/p>\n<p><strong>L&rsquo;\u00e9tat du br\u00fbleur est facilement visualis\u00e9 gr\u00e2ce aux voyants rouges et jaunes, et l&rsquo;impression sur le devant facilite l&rsquo;installation correcte du bo\u00eetier d&rsquo;allumage FCB24 \/ FCE24.<\/strong><\/p>\n<p><strong>Les bo\u00eetes d&rsquo;allumage FCB24 et FCE24 sont identiques en ce qui concerne les sp\u00e9cifications \u00e9lectriques, la fonction et la connectivit\u00e9, mais diff\u00e8rent par leurs dimensions physiques pour s&rsquo;adapter aux diff\u00e9rentes pr\u00e9f\u00e9rences d&rsquo;installation.<\/strong><\/p>\n<p><strong>Les FCB24 et FCE24 sont enti\u00e8rement r\u00e9trocompatibles avec les anciennes s\u00e9ries de mod\u00e8les FCA12V, FCA24V et FCA30V.<\/strong><\/p>\n<p><strong>Ignition Box Specifications<\/strong><\/p>\n<p><strong>Power Supply 12\/24 Volt System (10-30VDC)<\/strong><br \/>\n<strong>Power Consumption Typical at 24 VDC 100 mA Max. 200 mA<\/strong><br \/>\n<strong>Dimensions (LxWxH) 105x35x70mm \/ 4.1&#215;1.4&#215;2.8in (FCB24)<\/strong><br \/>\n<strong>\u00a0 \u00a0 \u00a0 \u00a0 \u00a0 \u00a0 \u00a0 \u00a0 \u00a0 \u00a0 \u00a0 \u00a0 \u00a0 \u00a0 \u00a0 \u00a0 \u00a0 \u00a0 \u00a0 \u00a0 \u00a0 \u00a0 \u00a0105x70x40mm \/ 4.1&#215;2.8&#215;1.6in (FCE24)<\/strong><br \/>\n<strong>Weight\u00a0 \u00a0 \u00a0 \u00a0 \u00a0 \u00a0 \u00a0 \u00a0 \u00a0 \u00a0230g\/0.5lbs (FCB24) \/ <\/strong><strong>250g\/0.55lbs (FCE24)<\/strong><\/p>\n<p><strong>Storage Temperature -40\u00b0C to 85\u00b0C \/ -40\u00b0F to 185\u00b0F <\/strong><\/p>\n<p><strong>Operating Temperature 10\u00b0C to 85\u00b0C \/ 14\u00b0F to 185\u00b0F Valve Output ax. 2.5 A<\/strong><br \/>\n<strong>Min. Spark Frequency 10Hz<\/strong><br \/>\n<strong>Flame Error Timeout &lt;9 sec. (Typically 7 sec.)<\/strong><\/p>\n<p><img loading=\"lazy\" decoding=\"async\" class=\"alignnone size-full wp-image-3507\" src=\"http:\/\/laserins.fr\/wp-content\/uploads\/2020\/09\/FCB24-1.png\" alt=\"\" width=\"600\" height=\"400\" \/><\/p>\n<\/div>\n","protected":false},"excerpt":{"rendered":"<p>G\u00e9n\u00e8re un courant haute tension qui alimente les bougies d&rsquo;allumage d&rsquo;un chauffage au gaz. Fixation verticale FCB24. Les bo\u00eetiers d&rsquo;allumage FCB24 ou FCE24 contr\u00f4lent l&rsquo;allumage du br\u00fbleur et surveillent la&hellip;<\/p>\n","protected":false},"featured_media":3182,"comment_status":"closed","ping_status":"closed","template":"","meta":[],"product_cat":[14,8],"product_tag":[],"class_list":{"0":"post-3144","1":"product","2":"type-product","3":"status-publish","4":"has-post-thumbnail","6":"product_cat-finisseurs","7":"product_cat-pieces-tp","8":"","10":"first","11":"instock","12":"taxable","13":"shipping-taxable","14":"product-type-simple"},"yoast_head":"<!-- This site is optimized with the Yoast SEO plugin v24.7 - https:\/\/yoast.com\/wordpress\/plugins\/seo\/ -->\n<title>Boitier d&#039;allumage TF FCB24 - LASER ELECTRONIQUE TP<\/title>\n<meta name=\"robots\" content=\"index, follow, max-snippet:-1, max-image-preview:large, max-video-preview:-1\" \/>\n<link rel=\"canonical\" href=\"https:\/\/laserelectronique.com\/?product=boitier-dallumage-tf-fcb24\" \/>\n<meta property=\"og:locale\" content=\"fr_FR\" \/>\n<meta property=\"og:type\" content=\"article\" \/>\n<meta property=\"og:title\" content=\"Boitier d&#039;allumage TF FCB24 - LASER ELECTRONIQUE TP\" \/>\n<meta property=\"og:description\" content=\"G\u00e9n\u00e8re un courant haute tension qui alimente les bougies d&rsquo;allumage d&rsquo;un chauffage au gaz. Fixation verticale FCB24. Les bo\u00eetiers d&rsquo;allumage FCB24 ou FCE24 contr\u00f4lent l&rsquo;allumage du br\u00fbleur et surveillent la&hellip;\" \/>\n<meta property=\"og:url\" content=\"https:\/\/laserelectronique.com\/?product=boitier-dallumage-tf-fcb24\" \/>\n<meta property=\"og:site_name\" content=\"LASER ELECTRONIQUE TP\" \/>\n<meta property=\"article:modified_time\" content=\"2020-12-25T14:19:31+00:00\" \/>\n<meta property=\"og:image\" content=\"https:\/\/laserelectronique.com\/wp-content\/uploads\/2020\/12\/fcb24.png\" \/>\n\t<meta property=\"og:image:width\" content=\"900\" \/>\n\t<meta property=\"og:image:height\" content=\"900\" \/>\n\t<meta property=\"og:image:type\" content=\"image\/png\" \/>\n<meta name=\"twitter:card\" content=\"summary_large_image\" \/>\n<meta name=\"twitter:label1\" content=\"Dur\u00e9e de lecture estim\u00e9e\" \/>\n\t<meta name=\"twitter:data1\" content=\"2 minutes\" \/>\n<script type=\"application\/ld+json\" class=\"yoast-schema-graph\">{\"@context\":\"https:\/\/schema.org\",\"@graph\":[{\"@type\":\"WebPage\",\"@id\":\"https:\/\/laserelectronique.com\/?product=boitier-dallumage-tf-fcb24\",\"url\":\"https:\/\/laserelectronique.com\/?product=boitier-dallumage-tf-fcb24\",\"name\":\"Boitier d'allumage TF FCB24 - LASER ELECTRONIQUE TP\",\"isPartOf\":{\"@id\":\"https:\/\/laserelectronique.com\/#website\"},\"primaryImageOfPage\":{\"@id\":\"https:\/\/laserelectronique.com\/?product=boitier-dallumage-tf-fcb24#primaryimage\"},\"image\":{\"@id\":\"https:\/\/laserelectronique.com\/?product=boitier-dallumage-tf-fcb24#primaryimage\"},\"thumbnailUrl\":\"https:\/\/laserelectronique.com\/wp-content\/uploads\/2020\/12\/fcb24.png\",\"datePublished\":\"2020-12-25T14:16:40+00:00\",\"dateModified\":\"2020-12-25T14:19:31+00:00\",\"breadcrumb\":{\"@id\":\"https:\/\/laserelectronique.com\/?product=boitier-dallumage-tf-fcb24#breadcrumb\"},\"inLanguage\":\"fr-FR\",\"potentialAction\":[{\"@type\":\"ReadAction\",\"target\":[\"https:\/\/laserelectronique.com\/?product=boitier-dallumage-tf-fcb24\"]}]},{\"@type\":\"ImageObject\",\"inLanguage\":\"fr-FR\",\"@id\":\"https:\/\/laserelectronique.com\/?product=boitier-dallumage-tf-fcb24#primaryimage\",\"url\":\"https:\/\/laserelectronique.com\/wp-content\/uploads\/2020\/12\/fcb24.png\",\"contentUrl\":\"https:\/\/laserelectronique.com\/wp-content\/uploads\/2020\/12\/fcb24.png\",\"width\":900,\"height\":900},{\"@type\":\"BreadcrumbList\",\"@id\":\"https:\/\/laserelectronique.com\/?product=boitier-dallumage-tf-fcb24#breadcrumb\",\"itemListElement\":[{\"@type\":\"ListItem\",\"position\":1,\"name\":\"Accueil\",\"item\":\"https:\/\/laserelectronique.com\/\"},{\"@type\":\"ListItem\",\"position\":2,\"name\":\"Boutique\",\"item\":\"https:\/\/laserelectronique.com\/?page_id=7\"},{\"@type\":\"ListItem\",\"position\":3,\"name\":\"Boitier d&rsquo;allumage TF FCB24\"}]},{\"@type\":\"WebSite\",\"@id\":\"https:\/\/laserelectronique.com\/#website\",\"url\":\"https:\/\/laserelectronique.com\/\",\"name\":\"LASER ELECTRONIQUE TP\",\"description\":\"VOTRE PARTENAIRE EN GUIDAGE D&#039;ENGINS, TOPOGRAPHIE ET SERVICES\",\"potentialAction\":[{\"@type\":\"SearchAction\",\"target\":{\"@type\":\"EntryPoint\",\"urlTemplate\":\"https:\/\/laserelectronique.com\/?s={search_term_string}\"},\"query-input\":{\"@type\":\"PropertyValueSpecification\",\"valueRequired\":true,\"valueName\":\"search_term_string\"}}],\"inLanguage\":\"fr-FR\"}]}<\/script>\n<!-- \/ Yoast SEO plugin. -->","yoast_head_json":{"title":"Boitier d'allumage TF FCB24 - LASER ELECTRONIQUE TP","robots":{"index":"index","follow":"follow","max-snippet":"max-snippet:-1","max-image-preview":"max-image-preview:large","max-video-preview":"max-video-preview:-1"},"canonical":"https:\/\/laserelectronique.com\/?product=boitier-dallumage-tf-fcb24","og_locale":"fr_FR","og_type":"article","og_title":"Boitier d'allumage TF FCB24 - LASER ELECTRONIQUE TP","og_description":"G\u00e9n\u00e8re un courant haute tension qui alimente les bougies d&rsquo;allumage d&rsquo;un chauffage au gaz. Fixation verticale FCB24. Les bo\u00eetiers d&rsquo;allumage FCB24 ou FCE24 contr\u00f4lent l&rsquo;allumage du br\u00fbleur et surveillent la&hellip;","og_url":"https:\/\/laserelectronique.com\/?product=boitier-dallumage-tf-fcb24","og_site_name":"LASER ELECTRONIQUE TP","article_modified_time":"2020-12-25T14:19:31+00:00","og_image":[{"width":900,"height":900,"url":"https:\/\/laserelectronique.com\/wp-content\/uploads\/2020\/12\/fcb24.png","type":"image\/png"}],"twitter_card":"summary_large_image","twitter_misc":{"Dur\u00e9e de lecture estim\u00e9e":"2 minutes"},"schema":{"@context":"https:\/\/schema.org","@graph":[{"@type":"WebPage","@id":"https:\/\/laserelectronique.com\/?product=boitier-dallumage-tf-fcb24","url":"https:\/\/laserelectronique.com\/?product=boitier-dallumage-tf-fcb24","name":"Boitier d'allumage TF FCB24 - LASER ELECTRONIQUE TP","isPartOf":{"@id":"https:\/\/laserelectronique.com\/#website"},"primaryImageOfPage":{"@id":"https:\/\/laserelectronique.com\/?product=boitier-dallumage-tf-fcb24#primaryimage"},"image":{"@id":"https:\/\/laserelectronique.com\/?product=boitier-dallumage-tf-fcb24#primaryimage"},"thumbnailUrl":"https:\/\/laserelectronique.com\/wp-content\/uploads\/2020\/12\/fcb24.png","datePublished":"2020-12-25T14:16:40+00:00","dateModified":"2020-12-25T14:19:31+00:00","breadcrumb":{"@id":"https:\/\/laserelectronique.com\/?product=boitier-dallumage-tf-fcb24#breadcrumb"},"inLanguage":"fr-FR","potentialAction":[{"@type":"ReadAction","target":["https:\/\/laserelectronique.com\/?product=boitier-dallumage-tf-fcb24"]}]},{"@type":"ImageObject","inLanguage":"fr-FR","@id":"https:\/\/laserelectronique.com\/?product=boitier-dallumage-tf-fcb24#primaryimage","url":"https:\/\/laserelectronique.com\/wp-content\/uploads\/2020\/12\/fcb24.png","contentUrl":"https:\/\/laserelectronique.com\/wp-content\/uploads\/2020\/12\/fcb24.png","width":900,"height":900},{"@type":"BreadcrumbList","@id":"https:\/\/laserelectronique.com\/?product=boitier-dallumage-tf-fcb24#breadcrumb","itemListElement":[{"@type":"ListItem","position":1,"name":"Accueil","item":"https:\/\/laserelectronique.com\/"},{"@type":"ListItem","position":2,"name":"Boutique","item":"https:\/\/laserelectronique.com\/?page_id=7"},{"@type":"ListItem","position":3,"name":"Boitier d&rsquo;allumage TF FCB24"}]},{"@type":"WebSite","@id":"https:\/\/laserelectronique.com\/#website","url":"https:\/\/laserelectronique.com\/","name":"LASER ELECTRONIQUE TP","description":"VOTRE PARTENAIRE EN GUIDAGE D&#039;ENGINS, TOPOGRAPHIE ET SERVICES","potentialAction":[{"@type":"SearchAction","target":{"@type":"EntryPoint","urlTemplate":"https:\/\/laserelectronique.com\/?s={search_term_string}"},"query-input":{"@type":"PropertyValueSpecification","valueRequired":true,"valueName":"search_term_string"}}],"inLanguage":"fr-FR"}]}},"_links":{"self":[{"href":"https:\/\/laserelectronique.com\/index.php?rest_route=\/wp\/v2\/product\/3144","targetHints":{"allow":["GET"]}}],"collection":[{"href":"https:\/\/laserelectronique.com\/index.php?rest_route=\/wp\/v2\/product"}],"about":[{"href":"https:\/\/laserelectronique.com\/index.php?rest_route=\/wp\/v2\/types\/product"}],"replies":[{"embeddable":true,"href":"https:\/\/laserelectronique.com\/index.php?rest_route=%2Fwp%2Fv2%2Fcomments&post=3144"}],"wp:featuredmedia":[{"embeddable":true,"href":"https:\/\/laserelectronique.com\/index.php?rest_route=\/wp\/v2\/media\/3182"}],"wp:attachment":[{"href":"https:\/\/laserelectronique.com\/index.php?rest_route=%2Fwp%2Fv2%2Fmedia&parent=3144"}],"wp:term":[{"taxonomy":"product_cat","embeddable":true,"href":"https:\/\/laserelectronique.com\/index.php?rest_route=%2Fwp%2Fv2%2Fproduct_cat&post=3144"},{"taxonomy":"product_tag","embeddable":true,"href":"https:\/\/laserelectronique.com\/index.php?rest_route=%2Fwp%2Fv2%2Fproduct_tag&post=3144"}],"curies":[{"name":"wp","href":"https:\/\/api.w.org\/{rel}","templated":true}]}}