{"id":3134,"date":"2020-12-25T15:15:54","date_gmt":"2020-12-25T14:15:54","guid":{"rendered":"http:\/\/laserelectronique.com\/?product=import-placeholder-for-3417"},"modified":"2024-09-19T10:21:33","modified_gmt":"2024-09-19T08:21:33","slug":"patin-caoutchouc-4812044257-dynapac","status":"publish","type":"product","link":"https:\/\/laserelectronique.com\/?product=patin-caoutchouc-4812044257-dynapac","title":{"rendered":"Patin caoutchouc 4812044257 Dynapac"},"content":{"rendered":"<p><strong>Patin caoutchouc qui remplace la r\u00e9f\u00e9rence 4812044257 Dynapac<\/strong><\/p>\n<p><strong> pour finisseurs Dynapac F2500CS, SD2550CS&#8230;<\/strong><\/p>\n<p><strong>Fabrication europ\u00e9enne.<\/strong><\/p>\n<p><strong>Marque de premi\u00e8re monte.<\/strong><\/p>\n<p>&nbsp;<\/p>\n<h3>Document produit:<\/h3>\n<ul>\n<li><a href=\"http:\/\/laserins.fr\/wp-content\/uploads\/2017\/03\/DOC-GENERALE-PATINS.pdf\">Document G\u00e9n\u00e9rale Patins<\/a><\/li>\n<\/ul>\n","protected":false},"excerpt":{"rendered":"<p>Patin caoutchouc qui remplace la r\u00e9f\u00e9rence 4812044257 Dynapac pour finisseurs Dynapac F2500CS, SD2550CS&#8230; Fabrication europ\u00e9enne. Marque de premi\u00e8re monte. &nbsp; Document produit: Document G\u00e9n\u00e9rale Patins<\/p>\n","protected":false},"featured_media":2761,"comment_status":"closed","ping_status":"closed","template":"","meta":[],"product_cat":[9,14,8],"product_tag":[63,61,62],"class_list":{"0":"post-3134","1":"product","2":"type-product","3":"status-publish","4":"has-post-thumbnail","6":"product_cat-patins-caoutchouc-polyurethane","7":"product_cat-finisseurs","8":"product_cat-pieces-tp","9":"product_tag-chenille-finisseur","10":"product_tag-patin-pour-finisseur","11":"product_tag-patin-finisseur","12":"","14":"first","15":"instock","16":"taxable","17":"shipping-taxable","18":"product-type-simple"},"yoast_head":"<!-- This site is optimized with the Yoast SEO plugin v24.7 - https:\/\/yoast.com\/wordpress\/plugins\/seo\/ -->\n<title>Patin caoutchouc 4812044257 Dynapac - LASER ELECTRONIQUE TP<\/title>\n<meta name=\"robots\" content=\"index, follow, max-snippet:-1, max-image-preview:large, max-video-preview:-1\" \/>\n<link rel=\"canonical\" href=\"https:\/\/laserelectronique.com\/?product=patin-caoutchouc-4812044257-dynapac\" \/>\n<meta property=\"og:locale\" content=\"fr_FR\" \/>\n<meta property=\"og:type\" content=\"article\" \/>\n<meta property=\"og:title\" content=\"Patin caoutchouc 4812044257 Dynapac - LASER ELECTRONIQUE TP\" \/>\n<meta property=\"og:description\" content=\"Patin caoutchouc qui remplace la r\u00e9f\u00e9rence 4812044257 Dynapac pour finisseurs Dynapac F2500CS, SD2550CS&#8230; Fabrication europ\u00e9enne. Marque de premi\u00e8re monte. &nbsp; Document produit: Document G\u00e9n\u00e9rale Patins\" \/>\n<meta property=\"og:url\" content=\"https:\/\/laserelectronique.com\/?product=patin-caoutchouc-4812044257-dynapac\" \/>\n<meta property=\"og:site_name\" content=\"LASER ELECTRONIQUE TP\" \/>\n<meta property=\"article:modified_time\" content=\"2024-09-19T08:21:33+00:00\" \/>\n<meta property=\"og:image\" content=\"https:\/\/laserelectronique.com\/wp-content\/uploads\/2020\/12\/70108P-S-scaled.jpg\" \/>\n\t<meta property=\"og:image:width\" content=\"2560\" \/>\n\t<meta property=\"og:image:height\" content=\"1920\" \/>\n\t<meta property=\"og:image:type\" content=\"image\/jpeg\" \/>\n<meta name=\"twitter:card\" content=\"summary_large_image\" \/>\n<script type=\"application\/ld+json\" class=\"yoast-schema-graph\">{\"@context\":\"https:\/\/schema.org\",\"@graph\":[{\"@type\":\"WebPage\",\"@id\":\"https:\/\/laserelectronique.com\/?product=patin-caoutchouc-4812044257-dynapac\",\"url\":\"https:\/\/laserelectronique.com\/?product=patin-caoutchouc-4812044257-dynapac\",\"name\":\"Patin caoutchouc 4812044257 Dynapac - LASER ELECTRONIQUE TP\",\"isPartOf\":{\"@id\":\"https:\/\/laserelectronique.com\/#website\"},\"primaryImageOfPage\":{\"@id\":\"https:\/\/laserelectronique.com\/?product=patin-caoutchouc-4812044257-dynapac#primaryimage\"},\"image\":{\"@id\":\"https:\/\/laserelectronique.com\/?product=patin-caoutchouc-4812044257-dynapac#primaryimage\"},\"thumbnailUrl\":\"https:\/\/laserelectronique.com\/wp-content\/uploads\/2020\/12\/70108P-S-scaled.jpg\",\"datePublished\":\"2020-12-25T14:15:54+00:00\",\"dateModified\":\"2024-09-19T08:21:33+00:00\",\"breadcrumb\":{\"@id\":\"https:\/\/laserelectronique.com\/?product=patin-caoutchouc-4812044257-dynapac#breadcrumb\"},\"inLanguage\":\"fr-FR\",\"potentialAction\":[{\"@type\":\"ReadAction\",\"target\":[\"https:\/\/laserelectronique.com\/?product=patin-caoutchouc-4812044257-dynapac\"]}]},{\"@type\":\"ImageObject\",\"inLanguage\":\"fr-FR\",\"@id\":\"https:\/\/laserelectronique.com\/?product=patin-caoutchouc-4812044257-dynapac#primaryimage\",\"url\":\"https:\/\/laserelectronique.com\/wp-content\/uploads\/2020\/12\/70108P-S-scaled.jpg\",\"contentUrl\":\"https:\/\/laserelectronique.com\/wp-content\/uploads\/2020\/12\/70108P-S-scaled.jpg\",\"width\":2560,\"height\":1920},{\"@type\":\"BreadcrumbList\",\"@id\":\"https:\/\/laserelectronique.com\/?product=patin-caoutchouc-4812044257-dynapac#breadcrumb\",\"itemListElement\":[{\"@type\":\"ListItem\",\"position\":1,\"name\":\"Accueil\",\"item\":\"https:\/\/laserelectronique.com\/\"},{\"@type\":\"ListItem\",\"position\":2,\"name\":\"Boutique\",\"item\":\"https:\/\/laserelectronique.com\/?page_id=7\"},{\"@type\":\"ListItem\",\"position\":3,\"name\":\"Patin caoutchouc 4812044257 Dynapac\"}]},{\"@type\":\"WebSite\",\"@id\":\"https:\/\/laserelectronique.com\/#website\",\"url\":\"https:\/\/laserelectronique.com\/\",\"name\":\"LASER ELECTRONIQUE TP\",\"description\":\"VOTRE PARTENAIRE EN GUIDAGE D&#039;ENGINS, TOPOGRAPHIE ET SERVICES\",\"potentialAction\":[{\"@type\":\"SearchAction\",\"target\":{\"@type\":\"EntryPoint\",\"urlTemplate\":\"https:\/\/laserelectronique.com\/?s={search_term_string}\"},\"query-input\":{\"@type\":\"PropertyValueSpecification\",\"valueRequired\":true,\"valueName\":\"search_term_string\"}}],\"inLanguage\":\"fr-FR\"}]}<\/script>\n<!-- \/ Yoast SEO plugin. -->","yoast_head_json":{"title":"Patin caoutchouc 4812044257 Dynapac - LASER ELECTRONIQUE TP","robots":{"index":"index","follow":"follow","max-snippet":"max-snippet:-1","max-image-preview":"max-image-preview:large","max-video-preview":"max-video-preview:-1"},"canonical":"https:\/\/laserelectronique.com\/?product=patin-caoutchouc-4812044257-dynapac","og_locale":"fr_FR","og_type":"article","og_title":"Patin caoutchouc 4812044257 Dynapac - LASER ELECTRONIQUE TP","og_description":"Patin caoutchouc qui remplace la r\u00e9f\u00e9rence 4812044257 Dynapac pour finisseurs Dynapac F2500CS, SD2550CS&#8230; Fabrication europ\u00e9enne. Marque de premi\u00e8re monte. &nbsp; Document produit: Document G\u00e9n\u00e9rale Patins","og_url":"https:\/\/laserelectronique.com\/?product=patin-caoutchouc-4812044257-dynapac","og_site_name":"LASER ELECTRONIQUE TP","article_modified_time":"2024-09-19T08:21:33+00:00","og_image":[{"width":2560,"height":1920,"url":"https:\/\/laserelectronique.com\/wp-content\/uploads\/2020\/12\/70108P-S-scaled.jpg","type":"image\/jpeg"}],"twitter_card":"summary_large_image","schema":{"@context":"https:\/\/schema.org","@graph":[{"@type":"WebPage","@id":"https:\/\/laserelectronique.com\/?product=patin-caoutchouc-4812044257-dynapac","url":"https:\/\/laserelectronique.com\/?product=patin-caoutchouc-4812044257-dynapac","name":"Patin caoutchouc 4812044257 Dynapac - LASER ELECTRONIQUE TP","isPartOf":{"@id":"https:\/\/laserelectronique.com\/#website"},"primaryImageOfPage":{"@id":"https:\/\/laserelectronique.com\/?product=patin-caoutchouc-4812044257-dynapac#primaryimage"},"image":{"@id":"https:\/\/laserelectronique.com\/?product=patin-caoutchouc-4812044257-dynapac#primaryimage"},"thumbnailUrl":"https:\/\/laserelectronique.com\/wp-content\/uploads\/2020\/12\/70108P-S-scaled.jpg","datePublished":"2020-12-25T14:15:54+00:00","dateModified":"2024-09-19T08:21:33+00:00","breadcrumb":{"@id":"https:\/\/laserelectronique.com\/?product=patin-caoutchouc-4812044257-dynapac#breadcrumb"},"inLanguage":"fr-FR","potentialAction":[{"@type":"ReadAction","target":["https:\/\/laserelectronique.com\/?product=patin-caoutchouc-4812044257-dynapac"]}]},{"@type":"ImageObject","inLanguage":"fr-FR","@id":"https:\/\/laserelectronique.com\/?product=patin-caoutchouc-4812044257-dynapac#primaryimage","url":"https:\/\/laserelectronique.com\/wp-content\/uploads\/2020\/12\/70108P-S-scaled.jpg","contentUrl":"https:\/\/laserelectronique.com\/wp-content\/uploads\/2020\/12\/70108P-S-scaled.jpg","width":2560,"height":1920},{"@type":"BreadcrumbList","@id":"https:\/\/laserelectronique.com\/?product=patin-caoutchouc-4812044257-dynapac#breadcrumb","itemListElement":[{"@type":"ListItem","position":1,"name":"Accueil","item":"https:\/\/laserelectronique.com\/"},{"@type":"ListItem","position":2,"name":"Boutique","item":"https:\/\/laserelectronique.com\/?page_id=7"},{"@type":"ListItem","position":3,"name":"Patin caoutchouc 4812044257 Dynapac"}]},{"@type":"WebSite","@id":"https:\/\/laserelectronique.com\/#website","url":"https:\/\/laserelectronique.com\/","name":"LASER ELECTRONIQUE TP","description":"VOTRE PARTENAIRE EN GUIDAGE D&#039;ENGINS, TOPOGRAPHIE ET SERVICES","potentialAction":[{"@type":"SearchAction","target":{"@type":"EntryPoint","urlTemplate":"https:\/\/laserelectronique.com\/?s={search_term_string}"},"query-input":{"@type":"PropertyValueSpecification","valueRequired":true,"valueName":"search_term_string"}}],"inLanguage":"fr-FR"}]}},"_links":{"self":[{"href":"https:\/\/laserelectronique.com\/index.php?rest_route=\/wp\/v2\/product\/3134","targetHints":{"allow":["GET"]}}],"collection":[{"href":"https:\/\/laserelectronique.com\/index.php?rest_route=\/wp\/v2\/product"}],"about":[{"href":"https:\/\/laserelectronique.com\/index.php?rest_route=\/wp\/v2\/types\/product"}],"replies":[{"embeddable":true,"href":"https:\/\/laserelectronique.com\/index.php?rest_route=%2Fwp%2Fv2%2Fcomments&post=3134"}],"wp:featuredmedia":[{"embeddable":true,"href":"https:\/\/laserelectronique.com\/index.php?rest_route=\/wp\/v2\/media\/2761"}],"wp:attachment":[{"href":"https:\/\/laserelectronique.com\/index.php?rest_route=%2Fwp%2Fv2%2Fmedia&parent=3134"}],"wp:term":[{"taxonomy":"product_cat","embeddable":true,"href":"https:\/\/laserelectronique.com\/index.php?rest_route=%2Fwp%2Fv2%2Fproduct_cat&post=3134"},{"taxonomy":"product_tag","embeddable":true,"href":"https:\/\/laserelectronique.com\/index.php?rest_route=%2Fwp%2Fv2%2Fproduct_tag&post=3134"}],"curies":[{"name":"wp","href":"https:\/\/api.w.org\/{rel}","templated":true}]}}