{"id":313,"date":"2017-03-30T10:12:39","date_gmt":"2017-03-30T08:12:39","guid":{"rendered":"http:\/\/laserins.fr\/?product=bobine-de-fil"},"modified":"2022-08-04T09:52:01","modified_gmt":"2022-08-04T07:52:01","slug":"bobine-de-fil","status":"publish","type":"product","link":"https:\/\/laserelectronique.com\/?product=bobine-de-fil","title":{"rendered":"Bobine de fil SL143"},"content":{"rendered":"<p><strong>Bobine de fil.<\/strong><\/p>\n<p><strong>Diam\u00e8tre 3 mm &#8211; Longueur 305 m.<\/strong><\/p>\n<p><strong>Fil tress\u00e9 en polyester jaune avec \u00e2me en Kevlar\u00a0blanc.<\/strong><\/p>\n<p><strong>Forte r\u00e9sistance et faible \u00e9longation.<\/strong><\/p>\n<p><strong>Fil imperm\u00e9able, r\u00e9sistant aux acides, hydrocarbures, UV.<\/strong><\/p>\n<p><strong>R\u00e9f\u00e9rence : SL143<\/strong><\/p>\n<p><strong>Fabrication Etats-Unis<\/strong><\/p>\n<p>&nbsp;<\/p>\n<h3>Document produit :<\/h3>\n<ul>\n<li><a href=\"https:\/\/laserelectronique.com\/wp-content\/uploads\/2018\/01\/DOC-SL-FINISSEUR-LETP-1.pdf\">DOC SL FINISSEUR<\/a><\/li>\n<\/ul>\n","protected":false},"excerpt":{"rendered":"<p>Bobine de fil. Diam\u00e8tre 3 mm &#8211; Longueur 305 m. Fil tress\u00e9 en polyester jaune avec \u00e2me en Kevlar\u00a0blanc. Forte r\u00e9sistance et faible \u00e9longation. Fil imperm\u00e9able, r\u00e9sistant aux acides, hydrocarbures,&hellip;<\/p>\n","protected":false},"featured_media":1966,"comment_status":"closed","ping_status":"closed","template":"","meta":[],"product_cat":[11],"product_tag":[],"class_list":{"0":"post-313","1":"product","2":"type-product","3":"status-publish","4":"has-post-thumbnail","6":"product_cat-accessoires-de-nivellement","7":"","9":"first","10":"instock","11":"taxable","12":"shipping-taxable","13":"product-type-simple"},"yoast_head":"<!-- This site is optimized with the Yoast SEO plugin v24.7 - https:\/\/yoast.com\/wordpress\/plugins\/seo\/ -->\n<title>Bobine de fil SL143 - LASER ELECTRONIQUE TP<\/title>\n<meta name=\"robots\" content=\"index, follow, max-snippet:-1, max-image-preview:large, max-video-preview:-1\" \/>\n<link rel=\"canonical\" href=\"https:\/\/laserelectronique.com\/?product=bobine-de-fil\" \/>\n<meta property=\"og:locale\" content=\"fr_FR\" \/>\n<meta property=\"og:type\" content=\"article\" \/>\n<meta property=\"og:title\" content=\"Bobine de fil SL143 - LASER ELECTRONIQUE TP\" \/>\n<meta property=\"og:description\" content=\"Bobine de fil. Diam\u00e8tre 3 mm &#8211; Longueur 305 m. Fil tress\u00e9 en polyester jaune avec \u00e2me en Kevlar\u00a0blanc. Forte r\u00e9sistance et faible \u00e9longation. Fil imperm\u00e9able, r\u00e9sistant aux acides, hydrocarbures,&hellip;\" \/>\n<meta property=\"og:url\" content=\"https:\/\/laserelectronique.com\/?product=bobine-de-fil\" \/>\n<meta property=\"og:site_name\" content=\"LASER ELECTRONIQUE TP\" \/>\n<meta property=\"article:modified_time\" content=\"2022-08-04T07:52:01+00:00\" \/>\n<meta property=\"og:image\" content=\"https:\/\/laserelectronique.com\/wp-content\/uploads\/2018\/03\/sl143.jpg\" \/>\n\t<meta property=\"og:image:width\" content=\"300\" \/>\n\t<meta property=\"og:image:height\" content=\"300\" \/>\n\t<meta property=\"og:image:type\" content=\"image\/jpeg\" \/>\n<meta name=\"twitter:card\" content=\"summary_large_image\" \/>\n<script type=\"application\/ld+json\" class=\"yoast-schema-graph\">{\"@context\":\"https:\/\/schema.org\",\"@graph\":[{\"@type\":\"WebPage\",\"@id\":\"https:\/\/laserelectronique.com\/?product=bobine-de-fil\",\"url\":\"https:\/\/laserelectronique.com\/?product=bobine-de-fil\",\"name\":\"Bobine de fil SL143 - LASER ELECTRONIQUE TP\",\"isPartOf\":{\"@id\":\"https:\/\/laserelectronique.com\/#website\"},\"primaryImageOfPage\":{\"@id\":\"https:\/\/laserelectronique.com\/?product=bobine-de-fil#primaryimage\"},\"image\":{\"@id\":\"https:\/\/laserelectronique.com\/?product=bobine-de-fil#primaryimage\"},\"thumbnailUrl\":\"https:\/\/laserelectronique.com\/wp-content\/uploads\/2018\/03\/sl143.jpg\",\"datePublished\":\"2017-03-30T08:12:39+00:00\",\"dateModified\":\"2022-08-04T07:52:01+00:00\",\"breadcrumb\":{\"@id\":\"https:\/\/laserelectronique.com\/?product=bobine-de-fil#breadcrumb\"},\"inLanguage\":\"fr-FR\",\"potentialAction\":[{\"@type\":\"ReadAction\",\"target\":[\"https:\/\/laserelectronique.com\/?product=bobine-de-fil\"]}]},{\"@type\":\"ImageObject\",\"inLanguage\":\"fr-FR\",\"@id\":\"https:\/\/laserelectronique.com\/?product=bobine-de-fil#primaryimage\",\"url\":\"https:\/\/laserelectronique.com\/wp-content\/uploads\/2018\/03\/sl143.jpg\",\"contentUrl\":\"https:\/\/laserelectronique.com\/wp-content\/uploads\/2018\/03\/sl143.jpg\",\"width\":300,\"height\":300},{\"@type\":\"BreadcrumbList\",\"@id\":\"https:\/\/laserelectronique.com\/?product=bobine-de-fil#breadcrumb\",\"itemListElement\":[{\"@type\":\"ListItem\",\"position\":1,\"name\":\"Accueil\",\"item\":\"https:\/\/laserelectronique.com\/\"},{\"@type\":\"ListItem\",\"position\":2,\"name\":\"Boutique\",\"item\":\"https:\/\/laserelectronique.com\/?page_id=7\"},{\"@type\":\"ListItem\",\"position\":3,\"name\":\"Bobine de fil SL143\"}]},{\"@type\":\"WebSite\",\"@id\":\"https:\/\/laserelectronique.com\/#website\",\"url\":\"https:\/\/laserelectronique.com\/\",\"name\":\"LASER ELECTRONIQUE TP\",\"description\":\"VOTRE PARTENAIRE EN GUIDAGE D&#039;ENGINS, TOPOGRAPHIE ET SERVICES\",\"potentialAction\":[{\"@type\":\"SearchAction\",\"target\":{\"@type\":\"EntryPoint\",\"urlTemplate\":\"https:\/\/laserelectronique.com\/?s={search_term_string}\"},\"query-input\":{\"@type\":\"PropertyValueSpecification\",\"valueRequired\":true,\"valueName\":\"search_term_string\"}}],\"inLanguage\":\"fr-FR\"}]}<\/script>\n<!-- \/ Yoast SEO plugin. -->","yoast_head_json":{"title":"Bobine de fil SL143 - LASER ELECTRONIQUE TP","robots":{"index":"index","follow":"follow","max-snippet":"max-snippet:-1","max-image-preview":"max-image-preview:large","max-video-preview":"max-video-preview:-1"},"canonical":"https:\/\/laserelectronique.com\/?product=bobine-de-fil","og_locale":"fr_FR","og_type":"article","og_title":"Bobine de fil SL143 - LASER ELECTRONIQUE TP","og_description":"Bobine de fil. Diam\u00e8tre 3 mm &#8211; Longueur 305 m. Fil tress\u00e9 en polyester jaune avec \u00e2me en Kevlar\u00a0blanc. Forte r\u00e9sistance et faible \u00e9longation. Fil imperm\u00e9able, r\u00e9sistant aux acides, hydrocarbures,&hellip;","og_url":"https:\/\/laserelectronique.com\/?product=bobine-de-fil","og_site_name":"LASER ELECTRONIQUE TP","article_modified_time":"2022-08-04T07:52:01+00:00","og_image":[{"width":300,"height":300,"url":"https:\/\/laserelectronique.com\/wp-content\/uploads\/2018\/03\/sl143.jpg","type":"image\/jpeg"}],"twitter_card":"summary_large_image","schema":{"@context":"https:\/\/schema.org","@graph":[{"@type":"WebPage","@id":"https:\/\/laserelectronique.com\/?product=bobine-de-fil","url":"https:\/\/laserelectronique.com\/?product=bobine-de-fil","name":"Bobine de fil SL143 - LASER ELECTRONIQUE TP","isPartOf":{"@id":"https:\/\/laserelectronique.com\/#website"},"primaryImageOfPage":{"@id":"https:\/\/laserelectronique.com\/?product=bobine-de-fil#primaryimage"},"image":{"@id":"https:\/\/laserelectronique.com\/?product=bobine-de-fil#primaryimage"},"thumbnailUrl":"https:\/\/laserelectronique.com\/wp-content\/uploads\/2018\/03\/sl143.jpg","datePublished":"2017-03-30T08:12:39+00:00","dateModified":"2022-08-04T07:52:01+00:00","breadcrumb":{"@id":"https:\/\/laserelectronique.com\/?product=bobine-de-fil#breadcrumb"},"inLanguage":"fr-FR","potentialAction":[{"@type":"ReadAction","target":["https:\/\/laserelectronique.com\/?product=bobine-de-fil"]}]},{"@type":"ImageObject","inLanguage":"fr-FR","@id":"https:\/\/laserelectronique.com\/?product=bobine-de-fil#primaryimage","url":"https:\/\/laserelectronique.com\/wp-content\/uploads\/2018\/03\/sl143.jpg","contentUrl":"https:\/\/laserelectronique.com\/wp-content\/uploads\/2018\/03\/sl143.jpg","width":300,"height":300},{"@type":"BreadcrumbList","@id":"https:\/\/laserelectronique.com\/?product=bobine-de-fil#breadcrumb","itemListElement":[{"@type":"ListItem","position":1,"name":"Accueil","item":"https:\/\/laserelectronique.com\/"},{"@type":"ListItem","position":2,"name":"Boutique","item":"https:\/\/laserelectronique.com\/?page_id=7"},{"@type":"ListItem","position":3,"name":"Bobine de fil SL143"}]},{"@type":"WebSite","@id":"https:\/\/laserelectronique.com\/#website","url":"https:\/\/laserelectronique.com\/","name":"LASER ELECTRONIQUE TP","description":"VOTRE PARTENAIRE EN GUIDAGE D&#039;ENGINS, TOPOGRAPHIE ET SERVICES","potentialAction":[{"@type":"SearchAction","target":{"@type":"EntryPoint","urlTemplate":"https:\/\/laserelectronique.com\/?s={search_term_string}"},"query-input":{"@type":"PropertyValueSpecification","valueRequired":true,"valueName":"search_term_string"}}],"inLanguage":"fr-FR"}]}},"_links":{"self":[{"href":"https:\/\/laserelectronique.com\/index.php?rest_route=\/wp\/v2\/product\/313","targetHints":{"allow":["GET"]}}],"collection":[{"href":"https:\/\/laserelectronique.com\/index.php?rest_route=\/wp\/v2\/product"}],"about":[{"href":"https:\/\/laserelectronique.com\/index.php?rest_route=\/wp\/v2\/types\/product"}],"replies":[{"embeddable":true,"href":"https:\/\/laserelectronique.com\/index.php?rest_route=%2Fwp%2Fv2%2Fcomments&post=313"}],"wp:featuredmedia":[{"embeddable":true,"href":"https:\/\/laserelectronique.com\/index.php?rest_route=\/wp\/v2\/media\/1966"}],"wp:attachment":[{"href":"https:\/\/laserelectronique.com\/index.php?rest_route=%2Fwp%2Fv2%2Fmedia&parent=313"}],"wp:term":[{"taxonomy":"product_cat","embeddable":true,"href":"https:\/\/laserelectronique.com\/index.php?rest_route=%2Fwp%2Fv2%2Fproduct_cat&post=313"},{"taxonomy":"product_tag","embeddable":true,"href":"https:\/\/laserelectronique.com\/index.php?rest_route=%2Fwp%2Fv2%2Fproduct_tag&post=313"}],"curies":[{"name":"wp","href":"https:\/\/api.w.org\/{rel}","templated":true}]}}