{"id":311,"date":"2017-03-30T10:09:02","date_gmt":"2017-03-30T08:09:02","guid":{"rendered":"http:\/\/laserins.fr\/?product=treuil-de-tension"},"modified":"2022-08-04T09:52:46","modified_gmt":"2022-08-04T07:52:46","slug":"treuil-de-tension","status":"publish","type":"product","link":"https:\/\/laserelectronique.com\/?product=treuil-de-tension","title":{"rendered":"Treuil de tension SL310"},"content":{"rendered":"<p><strong>Treuil de tension.<\/strong><\/p>\n<p><strong>Montage horizontale ou vertical.<\/strong><\/p>\n<p><strong>Acier zingu\u00e9, r\u00e9sistant \u00e0 la corrosion.<\/strong><\/p>\n<p><strong>Tension de 270 kg.<\/strong><\/p>\n<p><strong>Montage sur piquet de diam\u00e8tre 3\/4&Prime;<\/strong><\/p>\n<p><strong>R\u00e9f\u00e9rence : SL310<\/strong><\/p>\n<p><strong>Fabrication Etats-Unis<\/strong><\/p>\n<p>&nbsp;<\/p>\n<h3>Document produit:<\/h3>\n<ul>\n<li><a href=\"https:\/\/laserelectronique.com\/wp-content\/uploads\/2018\/01\/DOC-SL-FINISSEUR-LETP-1.pdf\">DOC SL FINISSEUR<\/a><\/li>\n<\/ul>\n","protected":false},"excerpt":{"rendered":"<p>Treuil de tension. Montage horizontale ou vertical. Acier zingu\u00e9, r\u00e9sistant \u00e0 la corrosion. Tension de 270 kg. Montage sur piquet de diam\u00e8tre 3\/4&Prime; R\u00e9f\u00e9rence : SL310 Fabrication Etats-Unis &nbsp; Document&hellip;<\/p>\n","protected":false},"featured_media":1127,"comment_status":"closed","ping_status":"closed","template":"","meta":[],"product_cat":[11],"product_tag":[],"class_list":{"0":"post-311","1":"product","2":"type-product","3":"status-publish","4":"has-post-thumbnail","6":"product_cat-accessoires-de-nivellement","7":"","9":"first","10":"instock","11":"taxable","12":"shipping-taxable","13":"product-type-simple"},"yoast_head":"<!-- This site is optimized with the Yoast SEO plugin v24.7 - https:\/\/yoast.com\/wordpress\/plugins\/seo\/ -->\n<title>Treuil de tension SL310 - LASER ELECTRONIQUE TP<\/title>\n<meta name=\"robots\" content=\"index, follow, max-snippet:-1, max-image-preview:large, max-video-preview:-1\" \/>\n<link rel=\"canonical\" href=\"https:\/\/laserelectronique.com\/?product=treuil-de-tension\" \/>\n<meta property=\"og:locale\" content=\"fr_FR\" \/>\n<meta property=\"og:type\" content=\"article\" \/>\n<meta property=\"og:title\" content=\"Treuil de tension SL310 - LASER ELECTRONIQUE TP\" \/>\n<meta property=\"og:description\" content=\"Treuil de tension. Montage horizontale ou vertical. Acier zingu\u00e9, r\u00e9sistant \u00e0 la corrosion. Tension de 270 kg. Montage sur piquet de diam\u00e8tre 3\/4&Prime; R\u00e9f\u00e9rence : SL310 Fabrication Etats-Unis &nbsp; Document&hellip;\" \/>\n<meta property=\"og:url\" content=\"https:\/\/laserelectronique.com\/?product=treuil-de-tension\" \/>\n<meta property=\"og:site_name\" content=\"LASER ELECTRONIQUE TP\" \/>\n<meta property=\"article:modified_time\" content=\"2022-08-04T07:52:46+00:00\" \/>\n<meta property=\"og:image\" content=\"https:\/\/laserelectronique.com\/wp-content\/uploads\/2017\/11\/SL310.jpg\" \/>\n\t<meta property=\"og:image:width\" content=\"220\" \/>\n\t<meta property=\"og:image:height\" content=\"220\" \/>\n\t<meta property=\"og:image:type\" content=\"image\/jpeg\" \/>\n<meta name=\"twitter:card\" content=\"summary_large_image\" \/>\n<script type=\"application\/ld+json\" class=\"yoast-schema-graph\">{\"@context\":\"https:\/\/schema.org\",\"@graph\":[{\"@type\":\"WebPage\",\"@id\":\"https:\/\/laserelectronique.com\/?product=treuil-de-tension\",\"url\":\"https:\/\/laserelectronique.com\/?product=treuil-de-tension\",\"name\":\"Treuil de tension SL310 - LASER ELECTRONIQUE TP\",\"isPartOf\":{\"@id\":\"https:\/\/laserelectronique.com\/#website\"},\"primaryImageOfPage\":{\"@id\":\"https:\/\/laserelectronique.com\/?product=treuil-de-tension#primaryimage\"},\"image\":{\"@id\":\"https:\/\/laserelectronique.com\/?product=treuil-de-tension#primaryimage\"},\"thumbnailUrl\":\"https:\/\/laserelectronique.com\/wp-content\/uploads\/2017\/11\/SL310.jpg\",\"datePublished\":\"2017-03-30T08:09:02+00:00\",\"dateModified\":\"2022-08-04T07:52:46+00:00\",\"breadcrumb\":{\"@id\":\"https:\/\/laserelectronique.com\/?product=treuil-de-tension#breadcrumb\"},\"inLanguage\":\"fr-FR\",\"potentialAction\":[{\"@type\":\"ReadAction\",\"target\":[\"https:\/\/laserelectronique.com\/?product=treuil-de-tension\"]}]},{\"@type\":\"ImageObject\",\"inLanguage\":\"fr-FR\",\"@id\":\"https:\/\/laserelectronique.com\/?product=treuil-de-tension#primaryimage\",\"url\":\"https:\/\/laserelectronique.com\/wp-content\/uploads\/2017\/11\/SL310.jpg\",\"contentUrl\":\"https:\/\/laserelectronique.com\/wp-content\/uploads\/2017\/11\/SL310.jpg\",\"width\":220,\"height\":220},{\"@type\":\"BreadcrumbList\",\"@id\":\"https:\/\/laserelectronique.com\/?product=treuil-de-tension#breadcrumb\",\"itemListElement\":[{\"@type\":\"ListItem\",\"position\":1,\"name\":\"Accueil\",\"item\":\"https:\/\/laserelectronique.com\/\"},{\"@type\":\"ListItem\",\"position\":2,\"name\":\"Boutique\",\"item\":\"https:\/\/laserelectronique.com\/?page_id=7\"},{\"@type\":\"ListItem\",\"position\":3,\"name\":\"Treuil de tension SL310\"}]},{\"@type\":\"WebSite\",\"@id\":\"https:\/\/laserelectronique.com\/#website\",\"url\":\"https:\/\/laserelectronique.com\/\",\"name\":\"LASER ELECTRONIQUE TP\",\"description\":\"VOTRE PARTENAIRE EN GUIDAGE D&#039;ENGINS, TOPOGRAPHIE ET SERVICES\",\"potentialAction\":[{\"@type\":\"SearchAction\",\"target\":{\"@type\":\"EntryPoint\",\"urlTemplate\":\"https:\/\/laserelectronique.com\/?s={search_term_string}\"},\"query-input\":{\"@type\":\"PropertyValueSpecification\",\"valueRequired\":true,\"valueName\":\"search_term_string\"}}],\"inLanguage\":\"fr-FR\"}]}<\/script>\n<!-- \/ Yoast SEO plugin. -->","yoast_head_json":{"title":"Treuil de tension SL310 - LASER ELECTRONIQUE TP","robots":{"index":"index","follow":"follow","max-snippet":"max-snippet:-1","max-image-preview":"max-image-preview:large","max-video-preview":"max-video-preview:-1"},"canonical":"https:\/\/laserelectronique.com\/?product=treuil-de-tension","og_locale":"fr_FR","og_type":"article","og_title":"Treuil de tension SL310 - LASER ELECTRONIQUE TP","og_description":"Treuil de tension. Montage horizontale ou vertical. Acier zingu\u00e9, r\u00e9sistant \u00e0 la corrosion. Tension de 270 kg. Montage sur piquet de diam\u00e8tre 3\/4&Prime; R\u00e9f\u00e9rence : SL310 Fabrication Etats-Unis &nbsp; Document&hellip;","og_url":"https:\/\/laserelectronique.com\/?product=treuil-de-tension","og_site_name":"LASER ELECTRONIQUE TP","article_modified_time":"2022-08-04T07:52:46+00:00","og_image":[{"width":220,"height":220,"url":"https:\/\/laserelectronique.com\/wp-content\/uploads\/2017\/11\/SL310.jpg","type":"image\/jpeg"}],"twitter_card":"summary_large_image","schema":{"@context":"https:\/\/schema.org","@graph":[{"@type":"WebPage","@id":"https:\/\/laserelectronique.com\/?product=treuil-de-tension","url":"https:\/\/laserelectronique.com\/?product=treuil-de-tension","name":"Treuil de tension SL310 - LASER ELECTRONIQUE TP","isPartOf":{"@id":"https:\/\/laserelectronique.com\/#website"},"primaryImageOfPage":{"@id":"https:\/\/laserelectronique.com\/?product=treuil-de-tension#primaryimage"},"image":{"@id":"https:\/\/laserelectronique.com\/?product=treuil-de-tension#primaryimage"},"thumbnailUrl":"https:\/\/laserelectronique.com\/wp-content\/uploads\/2017\/11\/SL310.jpg","datePublished":"2017-03-30T08:09:02+00:00","dateModified":"2022-08-04T07:52:46+00:00","breadcrumb":{"@id":"https:\/\/laserelectronique.com\/?product=treuil-de-tension#breadcrumb"},"inLanguage":"fr-FR","potentialAction":[{"@type":"ReadAction","target":["https:\/\/laserelectronique.com\/?product=treuil-de-tension"]}]},{"@type":"ImageObject","inLanguage":"fr-FR","@id":"https:\/\/laserelectronique.com\/?product=treuil-de-tension#primaryimage","url":"https:\/\/laserelectronique.com\/wp-content\/uploads\/2017\/11\/SL310.jpg","contentUrl":"https:\/\/laserelectronique.com\/wp-content\/uploads\/2017\/11\/SL310.jpg","width":220,"height":220},{"@type":"BreadcrumbList","@id":"https:\/\/laserelectronique.com\/?product=treuil-de-tension#breadcrumb","itemListElement":[{"@type":"ListItem","position":1,"name":"Accueil","item":"https:\/\/laserelectronique.com\/"},{"@type":"ListItem","position":2,"name":"Boutique","item":"https:\/\/laserelectronique.com\/?page_id=7"},{"@type":"ListItem","position":3,"name":"Treuil de tension SL310"}]},{"@type":"WebSite","@id":"https:\/\/laserelectronique.com\/#website","url":"https:\/\/laserelectronique.com\/","name":"LASER ELECTRONIQUE TP","description":"VOTRE PARTENAIRE EN GUIDAGE D&#039;ENGINS, TOPOGRAPHIE ET SERVICES","potentialAction":[{"@type":"SearchAction","target":{"@type":"EntryPoint","urlTemplate":"https:\/\/laserelectronique.com\/?s={search_term_string}"},"query-input":{"@type":"PropertyValueSpecification","valueRequired":true,"valueName":"search_term_string"}}],"inLanguage":"fr-FR"}]}},"_links":{"self":[{"href":"https:\/\/laserelectronique.com\/index.php?rest_route=\/wp\/v2\/product\/311","targetHints":{"allow":["GET"]}}],"collection":[{"href":"https:\/\/laserelectronique.com\/index.php?rest_route=\/wp\/v2\/product"}],"about":[{"href":"https:\/\/laserelectronique.com\/index.php?rest_route=\/wp\/v2\/types\/product"}],"replies":[{"embeddable":true,"href":"https:\/\/laserelectronique.com\/index.php?rest_route=%2Fwp%2Fv2%2Fcomments&post=311"}],"wp:featuredmedia":[{"embeddable":true,"href":"https:\/\/laserelectronique.com\/index.php?rest_route=\/wp\/v2\/media\/1127"}],"wp:attachment":[{"href":"https:\/\/laserelectronique.com\/index.php?rest_route=%2Fwp%2Fv2%2Fmedia&parent=311"}],"wp:term":[{"taxonomy":"product_cat","embeddable":true,"href":"https:\/\/laserelectronique.com\/index.php?rest_route=%2Fwp%2Fv2%2Fproduct_cat&post=311"},{"taxonomy":"product_tag","embeddable":true,"href":"https:\/\/laserelectronique.com\/index.php?rest_route=%2Fwp%2Fv2%2Fproduct_tag&post=311"}],"curies":[{"name":"wp","href":"https:\/\/api.w.org\/{rel}","templated":true}]}}