{"id":3095,"date":"2020-12-25T15:13:41","date_gmt":"2020-12-25T14:13:41","guid":{"rendered":"http:\/\/laserelectronique.com\/?product=import-placeholder-for-3334"},"modified":"2022-12-06T14:45:07","modified_gmt":"2022-12-06T13:45:07","slug":"pompe-eau-ou-gasoil-24v-equima-100l-mn","status":"publish","type":"product","link":"https:\/\/laserelectronique.com\/?product=pompe-eau-ou-gasoil-24v-equima-100l-mn","title":{"rendered":"Pompe eau ou gasoil 24V EQUIMA 100l\/mn"},"content":{"rendered":"<p><strong>Pompe centrifuge auto-amor\u00e7ante Eau, Gasoil, Huile ou Eau de mer<\/strong><\/p>\n<p><strong>10<\/strong><strong>0 l\/min 24V existe en 12 et 24v 50 l\/mn<\/strong><\/p>\n<p><strong>Tr\u00e8s robuste,\u00a0<\/strong><strong>Fabrication Japonaise<\/strong><\/p>\n<p><strong>Corps en alliage d&rsquo;aluminium, joint m\u00e9canique, <\/strong><\/p>\n<p><strong>Moteur ventil\u00e9 Matsushita pour fonctionnement permanent<\/strong><\/p>\n<p><strong>Joint d&rsquo;arbre: Joint m\u00e9canique en c\u00e9ramique sur carbone<\/strong><\/p>\n<p><strong>Mat\u00e9riaux:<\/strong><br \/>\n<strong>Turbine et corp: Aluminium r\u00e9sistant \u00e0 l&rsquo;eau de mer<\/strong><br \/>\n<strong>Arbre de <\/strong><strong>pompe: acier inoxydable<\/strong><\/p>\n<p><strong>d\u00e9bit \u00e0 0 m\u00e8tres: 6 000 litres par heure<\/strong><br \/>\n<strong>\u00a0 \u00a0 \u00a0 \u00a0 \u00a0 \u00a0 \u00a0 5 m\u00e8tres: 4 800 litres par heure<\/strong><br \/>\n<strong>\u00a0 \u00a0 \u00a0 \u00a0 \u00a0 \u00a0 10 m\u00e8tres: 3 900 litres par heure<\/strong><br \/>\n<strong>\u00a0 \u00a0 \u00a0 \u00a0 \u00a0 \u00a0 15 m\u00e8tres: 1 500 litres par heure<\/strong><br \/>\n<strong>Refoulement: 18,5 m\u00e8tres maximum<\/strong><br \/>\n<strong>Aspiration: 5,0 m\u00e8tres<\/strong><br \/>\n<strong>Connexions: femelle 1&Prime;1\/4\u00a0<\/strong><br \/>\n<strong>Dimensions: 283 x 122 x 154 mm<\/strong><br \/>\n<strong>Poids: 8,0 kg<\/strong><br \/>\n<strong>Amp\u00e9rage: 16 A<\/strong><br \/>\n<strong>Puissance de l&rsquo;arbre: 0,2 kW, 0,26 ch<\/strong><\/p>\n<p><strong>Garantie 10 ans<\/strong><\/p>\n<p><strong>R\u00e9f\u00e9rence : PE3224<\/strong><\/p>\n<p>&nbsp;<\/p>\n<h3>Document produit:<\/h3>\n<ul>\n<li><a href=\"http:\/\/laserins.fr\/wp-content\/uploads\/2017\/03\/DOC-TRANSFERT-12-24-V.pdf\">Produits de Transfert 12V\/24V<\/a><\/li>\n<li><a href=\"http:\/\/laserins.fr\/wp-content\/uploads\/2017\/12\/Doc-EQUIMA.pdf\">Doc EQUIMA<\/a><\/li>\n<\/ul>\n","protected":false},"excerpt":{"rendered":"<p>Pompe centrifuge auto-amor\u00e7ante Eau, Gasoil, Huile ou Eau de mer 100 l\/min 24V existe en 12 et 24v 50 l\/mn Tr\u00e8s robuste,\u00a0Fabrication Japonaise Corps en alliage d&rsquo;aluminium, joint m\u00e9canique, Moteur&hellip;<\/p>\n","protected":false},"featured_media":3146,"comment_status":"open","ping_status":"closed","template":"","meta":[],"product_cat":[21,16],"product_tag":[],"class_list":{"0":"post-3095","1":"product","2":"type-product","3":"status-publish","4":"has-post-thumbnail","6":"product_cat-transfert-12v24v","7":"product_cat-transferts-gasoil","8":"","10":"first","11":"instock","12":"sale","13":"taxable","14":"shipping-taxable","15":"purchasable","16":"product-type-simple"},"yoast_head":"<!-- This site is optimized with the Yoast SEO plugin v24.7 - https:\/\/yoast.com\/wordpress\/plugins\/seo\/ -->\n<title>Pompe eau ou gasoil 24V EQUIMA 100l\/mn - LASER ELECTRONIQUE TP<\/title>\n<meta name=\"robots\" content=\"index, follow, max-snippet:-1, max-image-preview:large, max-video-preview:-1\" \/>\n<link rel=\"canonical\" href=\"https:\/\/laserelectronique.com\/?product=pompe-eau-ou-gasoil-24v-equima-100l-mn\" \/>\n<meta property=\"og:locale\" content=\"fr_FR\" \/>\n<meta property=\"og:type\" content=\"article\" \/>\n<meta property=\"og:title\" content=\"Pompe eau ou gasoil 24V EQUIMA 100l\/mn - LASER ELECTRONIQUE TP\" \/>\n<meta property=\"og:description\" content=\"Pompe centrifuge auto-amor\u00e7ante Eau, Gasoil, Huile ou Eau de mer 100 l\/min 24V existe en 12 et 24v 50 l\/mn Tr\u00e8s robuste,\u00a0Fabrication Japonaise Corps en alliage d&rsquo;aluminium, joint m\u00e9canique, Moteur&hellip;\" \/>\n<meta property=\"og:url\" content=\"https:\/\/laserelectronique.com\/?product=pompe-eau-ou-gasoil-24v-equima-100l-mn\" \/>\n<meta property=\"og:site_name\" content=\"LASER ELECTRONIQUE TP\" \/>\n<meta property=\"article:modified_time\" content=\"2022-12-06T13:45:07+00:00\" \/>\n<meta property=\"og:image\" content=\"https:\/\/laserelectronique.com\/wp-content\/uploads\/2020\/12\/pe3224.png\" \/>\n\t<meta property=\"og:image:width\" content=\"800\" \/>\n\t<meta property=\"og:image:height\" content=\"800\" \/>\n\t<meta property=\"og:image:type\" content=\"image\/png\" \/>\n<meta name=\"twitter:card\" content=\"summary_large_image\" \/>\n<meta name=\"twitter:label1\" content=\"Dur\u00e9e de lecture estim\u00e9e\" \/>\n\t<meta name=\"twitter:data1\" content=\"1 minute\" \/>\n<script type=\"application\/ld+json\" class=\"yoast-schema-graph\">{\"@context\":\"https:\/\/schema.org\",\"@graph\":[{\"@type\":\"WebPage\",\"@id\":\"https:\/\/laserelectronique.com\/?product=pompe-eau-ou-gasoil-24v-equima-100l-mn\",\"url\":\"https:\/\/laserelectronique.com\/?product=pompe-eau-ou-gasoil-24v-equima-100l-mn\",\"name\":\"Pompe eau ou gasoil 24V EQUIMA 100l\/mn - LASER ELECTRONIQUE TP\",\"isPartOf\":{\"@id\":\"https:\/\/laserelectronique.com\/#website\"},\"primaryImageOfPage\":{\"@id\":\"https:\/\/laserelectronique.com\/?product=pompe-eau-ou-gasoil-24v-equima-100l-mn#primaryimage\"},\"image\":{\"@id\":\"https:\/\/laserelectronique.com\/?product=pompe-eau-ou-gasoil-24v-equima-100l-mn#primaryimage\"},\"thumbnailUrl\":\"https:\/\/laserelectronique.com\/wp-content\/uploads\/2020\/12\/pe3224.png\",\"datePublished\":\"2020-12-25T14:13:41+00:00\",\"dateModified\":\"2022-12-06T13:45:07+00:00\",\"breadcrumb\":{\"@id\":\"https:\/\/laserelectronique.com\/?product=pompe-eau-ou-gasoil-24v-equima-100l-mn#breadcrumb\"},\"inLanguage\":\"fr-FR\",\"potentialAction\":[{\"@type\":\"ReadAction\",\"target\":[\"https:\/\/laserelectronique.com\/?product=pompe-eau-ou-gasoil-24v-equima-100l-mn\"]}]},{\"@type\":\"ImageObject\",\"inLanguage\":\"fr-FR\",\"@id\":\"https:\/\/laserelectronique.com\/?product=pompe-eau-ou-gasoil-24v-equima-100l-mn#primaryimage\",\"url\":\"https:\/\/laserelectronique.com\/wp-content\/uploads\/2020\/12\/pe3224.png\",\"contentUrl\":\"https:\/\/laserelectronique.com\/wp-content\/uploads\/2020\/12\/pe3224.png\",\"width\":800,\"height\":800},{\"@type\":\"BreadcrumbList\",\"@id\":\"https:\/\/laserelectronique.com\/?product=pompe-eau-ou-gasoil-24v-equima-100l-mn#breadcrumb\",\"itemListElement\":[{\"@type\":\"ListItem\",\"position\":1,\"name\":\"Accueil\",\"item\":\"https:\/\/laserelectronique.com\/\"},{\"@type\":\"ListItem\",\"position\":2,\"name\":\"Boutique\",\"item\":\"https:\/\/laserelectronique.com\/?page_id=7\"},{\"@type\":\"ListItem\",\"position\":3,\"name\":\"Pompe eau ou gasoil 24V EQUIMA 100l\/mn\"}]},{\"@type\":\"WebSite\",\"@id\":\"https:\/\/laserelectronique.com\/#website\",\"url\":\"https:\/\/laserelectronique.com\/\",\"name\":\"LASER ELECTRONIQUE TP\",\"description\":\"VOTRE PARTENAIRE EN GUIDAGE D&#039;ENGINS, TOPOGRAPHIE ET SERVICES\",\"potentialAction\":[{\"@type\":\"SearchAction\",\"target\":{\"@type\":\"EntryPoint\",\"urlTemplate\":\"https:\/\/laserelectronique.com\/?s={search_term_string}\"},\"query-input\":{\"@type\":\"PropertyValueSpecification\",\"valueRequired\":true,\"valueName\":\"search_term_string\"}}],\"inLanguage\":\"fr-FR\"}]}<\/script>\n<!-- \/ Yoast SEO plugin. -->","yoast_head_json":{"title":"Pompe eau ou gasoil 24V EQUIMA 100l\/mn - LASER ELECTRONIQUE TP","robots":{"index":"index","follow":"follow","max-snippet":"max-snippet:-1","max-image-preview":"max-image-preview:large","max-video-preview":"max-video-preview:-1"},"canonical":"https:\/\/laserelectronique.com\/?product=pompe-eau-ou-gasoil-24v-equima-100l-mn","og_locale":"fr_FR","og_type":"article","og_title":"Pompe eau ou gasoil 24V EQUIMA 100l\/mn - LASER ELECTRONIQUE TP","og_description":"Pompe centrifuge auto-amor\u00e7ante Eau, Gasoil, Huile ou Eau de mer 100 l\/min 24V existe en 12 et 24v 50 l\/mn Tr\u00e8s robuste,\u00a0Fabrication Japonaise Corps en alliage d&rsquo;aluminium, joint m\u00e9canique, Moteur&hellip;","og_url":"https:\/\/laserelectronique.com\/?product=pompe-eau-ou-gasoil-24v-equima-100l-mn","og_site_name":"LASER ELECTRONIQUE TP","article_modified_time":"2022-12-06T13:45:07+00:00","og_image":[{"width":800,"height":800,"url":"https:\/\/laserelectronique.com\/wp-content\/uploads\/2020\/12\/pe3224.png","type":"image\/png"}],"twitter_card":"summary_large_image","twitter_misc":{"Dur\u00e9e de lecture estim\u00e9e":"1 minute"},"schema":{"@context":"https:\/\/schema.org","@graph":[{"@type":"WebPage","@id":"https:\/\/laserelectronique.com\/?product=pompe-eau-ou-gasoil-24v-equima-100l-mn","url":"https:\/\/laserelectronique.com\/?product=pompe-eau-ou-gasoil-24v-equima-100l-mn","name":"Pompe eau ou gasoil 24V EQUIMA 100l\/mn - LASER ELECTRONIQUE TP","isPartOf":{"@id":"https:\/\/laserelectronique.com\/#website"},"primaryImageOfPage":{"@id":"https:\/\/laserelectronique.com\/?product=pompe-eau-ou-gasoil-24v-equima-100l-mn#primaryimage"},"image":{"@id":"https:\/\/laserelectronique.com\/?product=pompe-eau-ou-gasoil-24v-equima-100l-mn#primaryimage"},"thumbnailUrl":"https:\/\/laserelectronique.com\/wp-content\/uploads\/2020\/12\/pe3224.png","datePublished":"2020-12-25T14:13:41+00:00","dateModified":"2022-12-06T13:45:07+00:00","breadcrumb":{"@id":"https:\/\/laserelectronique.com\/?product=pompe-eau-ou-gasoil-24v-equima-100l-mn#breadcrumb"},"inLanguage":"fr-FR","potentialAction":[{"@type":"ReadAction","target":["https:\/\/laserelectronique.com\/?product=pompe-eau-ou-gasoil-24v-equima-100l-mn"]}]},{"@type":"ImageObject","inLanguage":"fr-FR","@id":"https:\/\/laserelectronique.com\/?product=pompe-eau-ou-gasoil-24v-equima-100l-mn#primaryimage","url":"https:\/\/laserelectronique.com\/wp-content\/uploads\/2020\/12\/pe3224.png","contentUrl":"https:\/\/laserelectronique.com\/wp-content\/uploads\/2020\/12\/pe3224.png","width":800,"height":800},{"@type":"BreadcrumbList","@id":"https:\/\/laserelectronique.com\/?product=pompe-eau-ou-gasoil-24v-equima-100l-mn#breadcrumb","itemListElement":[{"@type":"ListItem","position":1,"name":"Accueil","item":"https:\/\/laserelectronique.com\/"},{"@type":"ListItem","position":2,"name":"Boutique","item":"https:\/\/laserelectronique.com\/?page_id=7"},{"@type":"ListItem","position":3,"name":"Pompe eau ou gasoil 24V EQUIMA 100l\/mn"}]},{"@type":"WebSite","@id":"https:\/\/laserelectronique.com\/#website","url":"https:\/\/laserelectronique.com\/","name":"LASER ELECTRONIQUE TP","description":"VOTRE PARTENAIRE EN GUIDAGE D&#039;ENGINS, TOPOGRAPHIE ET SERVICES","potentialAction":[{"@type":"SearchAction","target":{"@type":"EntryPoint","urlTemplate":"https:\/\/laserelectronique.com\/?s={search_term_string}"},"query-input":{"@type":"PropertyValueSpecification","valueRequired":true,"valueName":"search_term_string"}}],"inLanguage":"fr-FR"}]}},"_links":{"self":[{"href":"https:\/\/laserelectronique.com\/index.php?rest_route=\/wp\/v2\/product\/3095","targetHints":{"allow":["GET"]}}],"collection":[{"href":"https:\/\/laserelectronique.com\/index.php?rest_route=\/wp\/v2\/product"}],"about":[{"href":"https:\/\/laserelectronique.com\/index.php?rest_route=\/wp\/v2\/types\/product"}],"replies":[{"embeddable":true,"href":"https:\/\/laserelectronique.com\/index.php?rest_route=%2Fwp%2Fv2%2Fcomments&post=3095"}],"wp:featuredmedia":[{"embeddable":true,"href":"https:\/\/laserelectronique.com\/index.php?rest_route=\/wp\/v2\/media\/3146"}],"wp:attachment":[{"href":"https:\/\/laserelectronique.com\/index.php?rest_route=%2Fwp%2Fv2%2Fmedia&parent=3095"}],"wp:term":[{"taxonomy":"product_cat","embeddable":true,"href":"https:\/\/laserelectronique.com\/index.php?rest_route=%2Fwp%2Fv2%2Fproduct_cat&post=3095"},{"taxonomy":"product_tag","embeddable":true,"href":"https:\/\/laserelectronique.com\/index.php?rest_route=%2Fwp%2Fv2%2Fproduct_tag&post=3095"}],"curies":[{"name":"wp","href":"https:\/\/api.w.org\/{rel}","templated":true}]}}