{"id":306,"date":"2017-03-30T09:59:41","date_gmt":"2017-03-30T07:59:41","guid":{"rendered":"http:\/\/laserins.fr\/?product=tige-droite-a-embout-filete"},"modified":"2022-08-04T09:55:02","modified_gmt":"2022-08-04T07:55:02","slug":"tige-droite-a-embout-filete","status":"publish","type":"product","link":"https:\/\/laserelectronique.com\/?product=tige-droite-a-embout-filete","title":{"rendered":"Tige droite \u00e0 embout filet\u00e9 SL112"},"content":{"rendered":"<p><strong>Tige en acier zingu\u00e9, r\u00e9sistant \u00e0 la corrosion.<\/strong><\/p>\n<p>&nbsp;<\/p>\n<p><strong>Tige droite \u00e0 embout filet\u00e9.<\/strong><\/p>\n<p><strong>R\u00e9f\u00e9rence : SL112<\/strong><\/p>\n<p><strong>N\u00e9cessite un embout en PVC filet\u00e9 (SL116)<\/strong><\/p>\n<p><strong>Fabrication Etats-Unis<\/strong><\/p>\n<p>&nbsp;<\/p>\n<h3>Document produit:<\/h3>\n<ul>\n<li><a href=\"https:\/\/laserelectronique.com\/wp-content\/uploads\/2018\/01\/DOC-SL-FINISSEUR-LETP-1.pdf\">DOC SL FINISSEUR<\/a><\/li>\n<\/ul>\n","protected":false},"excerpt":{"rendered":"<p>Tige en acier zingu\u00e9, r\u00e9sistant \u00e0 la corrosion. &nbsp; Tige droite \u00e0 embout filet\u00e9. R\u00e9f\u00e9rence : SL112 N\u00e9cessite un embout en PVC filet\u00e9 (SL116) Fabrication Etats-Unis &nbsp; Document produit: DOC&hellip;<\/p>\n","protected":false},"featured_media":307,"comment_status":"closed","ping_status":"closed","template":"","meta":[],"product_cat":[11],"product_tag":[],"class_list":{"0":"post-306","1":"product","2":"type-product","3":"status-publish","4":"has-post-thumbnail","6":"product_cat-accessoires-de-nivellement","7":"","9":"first","10":"instock","11":"taxable","12":"shipping-taxable","13":"product-type-simple"},"yoast_head":"<!-- This site is optimized with the Yoast SEO plugin v24.7 - https:\/\/yoast.com\/wordpress\/plugins\/seo\/ -->\n<title>Tige droite \u00e0 embout filet\u00e9 SL112 - LASER ELECTRONIQUE TP<\/title>\n<meta name=\"robots\" content=\"index, follow, max-snippet:-1, max-image-preview:large, max-video-preview:-1\" \/>\n<link rel=\"canonical\" href=\"https:\/\/laserelectronique.com\/?product=tige-droite-a-embout-filete\" \/>\n<meta property=\"og:locale\" content=\"fr_FR\" \/>\n<meta property=\"og:type\" content=\"article\" \/>\n<meta property=\"og:title\" content=\"Tige droite \u00e0 embout filet\u00e9 SL112 - LASER ELECTRONIQUE TP\" \/>\n<meta property=\"og:description\" content=\"Tige en acier zingu\u00e9, r\u00e9sistant \u00e0 la corrosion. &nbsp; Tige droite \u00e0 embout filet\u00e9. R\u00e9f\u00e9rence : SL112 N\u00e9cessite un embout en PVC filet\u00e9 (SL116) Fabrication Etats-Unis &nbsp; Document produit: DOC&hellip;\" \/>\n<meta property=\"og:url\" content=\"https:\/\/laserelectronique.com\/?product=tige-droite-a-embout-filete\" \/>\n<meta property=\"og:site_name\" content=\"LASER ELECTRONIQUE TP\" \/>\n<meta property=\"article:modified_time\" content=\"2022-08-04T07:55:02+00:00\" \/>\n<meta property=\"og:image\" content=\"https:\/\/laserelectronique.com\/wp-content\/uploads\/2017\/03\/SL112.jpg\" \/>\n\t<meta property=\"og:image:width\" content=\"700\" \/>\n\t<meta property=\"og:image:height\" content=\"123\" \/>\n\t<meta property=\"og:image:type\" content=\"image\/jpeg\" \/>\n<meta name=\"twitter:card\" content=\"summary_large_image\" \/>\n<script type=\"application\/ld+json\" class=\"yoast-schema-graph\">{\"@context\":\"https:\/\/schema.org\",\"@graph\":[{\"@type\":\"WebPage\",\"@id\":\"https:\/\/laserelectronique.com\/?product=tige-droite-a-embout-filete\",\"url\":\"https:\/\/laserelectronique.com\/?product=tige-droite-a-embout-filete\",\"name\":\"Tige droite \u00e0 embout filet\u00e9 SL112 - LASER ELECTRONIQUE TP\",\"isPartOf\":{\"@id\":\"https:\/\/laserelectronique.com\/#website\"},\"primaryImageOfPage\":{\"@id\":\"https:\/\/laserelectronique.com\/?product=tige-droite-a-embout-filete#primaryimage\"},\"image\":{\"@id\":\"https:\/\/laserelectronique.com\/?product=tige-droite-a-embout-filete#primaryimage\"},\"thumbnailUrl\":\"https:\/\/laserelectronique.com\/wp-content\/uploads\/2017\/03\/SL112.jpg\",\"datePublished\":\"2017-03-30T07:59:41+00:00\",\"dateModified\":\"2022-08-04T07:55:02+00:00\",\"breadcrumb\":{\"@id\":\"https:\/\/laserelectronique.com\/?product=tige-droite-a-embout-filete#breadcrumb\"},\"inLanguage\":\"fr-FR\",\"potentialAction\":[{\"@type\":\"ReadAction\",\"target\":[\"https:\/\/laserelectronique.com\/?product=tige-droite-a-embout-filete\"]}]},{\"@type\":\"ImageObject\",\"inLanguage\":\"fr-FR\",\"@id\":\"https:\/\/laserelectronique.com\/?product=tige-droite-a-embout-filete#primaryimage\",\"url\":\"https:\/\/laserelectronique.com\/wp-content\/uploads\/2017\/03\/SL112.jpg\",\"contentUrl\":\"https:\/\/laserelectronique.com\/wp-content\/uploads\/2017\/03\/SL112.jpg\",\"width\":700,\"height\":123},{\"@type\":\"BreadcrumbList\",\"@id\":\"https:\/\/laserelectronique.com\/?product=tige-droite-a-embout-filete#breadcrumb\",\"itemListElement\":[{\"@type\":\"ListItem\",\"position\":1,\"name\":\"Accueil\",\"item\":\"https:\/\/laserelectronique.com\/\"},{\"@type\":\"ListItem\",\"position\":2,\"name\":\"Boutique\",\"item\":\"https:\/\/laserelectronique.com\/?page_id=7\"},{\"@type\":\"ListItem\",\"position\":3,\"name\":\"Tige droite \u00e0 embout filet\u00e9 SL112\"}]},{\"@type\":\"WebSite\",\"@id\":\"https:\/\/laserelectronique.com\/#website\",\"url\":\"https:\/\/laserelectronique.com\/\",\"name\":\"LASER ELECTRONIQUE TP\",\"description\":\"VOTRE PARTENAIRE EN GUIDAGE D&#039;ENGINS, TOPOGRAPHIE ET SERVICES\",\"potentialAction\":[{\"@type\":\"SearchAction\",\"target\":{\"@type\":\"EntryPoint\",\"urlTemplate\":\"https:\/\/laserelectronique.com\/?s={search_term_string}\"},\"query-input\":{\"@type\":\"PropertyValueSpecification\",\"valueRequired\":true,\"valueName\":\"search_term_string\"}}],\"inLanguage\":\"fr-FR\"}]}<\/script>\n<!-- \/ Yoast SEO plugin. -->","yoast_head_json":{"title":"Tige droite \u00e0 embout filet\u00e9 SL112 - LASER ELECTRONIQUE TP","robots":{"index":"index","follow":"follow","max-snippet":"max-snippet:-1","max-image-preview":"max-image-preview:large","max-video-preview":"max-video-preview:-1"},"canonical":"https:\/\/laserelectronique.com\/?product=tige-droite-a-embout-filete","og_locale":"fr_FR","og_type":"article","og_title":"Tige droite \u00e0 embout filet\u00e9 SL112 - LASER ELECTRONIQUE TP","og_description":"Tige en acier zingu\u00e9, r\u00e9sistant \u00e0 la corrosion. &nbsp; Tige droite \u00e0 embout filet\u00e9. R\u00e9f\u00e9rence : SL112 N\u00e9cessite un embout en PVC filet\u00e9 (SL116) Fabrication Etats-Unis &nbsp; Document produit: DOC&hellip;","og_url":"https:\/\/laserelectronique.com\/?product=tige-droite-a-embout-filete","og_site_name":"LASER ELECTRONIQUE TP","article_modified_time":"2022-08-04T07:55:02+00:00","og_image":[{"width":700,"height":123,"url":"https:\/\/laserelectronique.com\/wp-content\/uploads\/2017\/03\/SL112.jpg","type":"image\/jpeg"}],"twitter_card":"summary_large_image","schema":{"@context":"https:\/\/schema.org","@graph":[{"@type":"WebPage","@id":"https:\/\/laserelectronique.com\/?product=tige-droite-a-embout-filete","url":"https:\/\/laserelectronique.com\/?product=tige-droite-a-embout-filete","name":"Tige droite \u00e0 embout filet\u00e9 SL112 - LASER ELECTRONIQUE TP","isPartOf":{"@id":"https:\/\/laserelectronique.com\/#website"},"primaryImageOfPage":{"@id":"https:\/\/laserelectronique.com\/?product=tige-droite-a-embout-filete#primaryimage"},"image":{"@id":"https:\/\/laserelectronique.com\/?product=tige-droite-a-embout-filete#primaryimage"},"thumbnailUrl":"https:\/\/laserelectronique.com\/wp-content\/uploads\/2017\/03\/SL112.jpg","datePublished":"2017-03-30T07:59:41+00:00","dateModified":"2022-08-04T07:55:02+00:00","breadcrumb":{"@id":"https:\/\/laserelectronique.com\/?product=tige-droite-a-embout-filete#breadcrumb"},"inLanguage":"fr-FR","potentialAction":[{"@type":"ReadAction","target":["https:\/\/laserelectronique.com\/?product=tige-droite-a-embout-filete"]}]},{"@type":"ImageObject","inLanguage":"fr-FR","@id":"https:\/\/laserelectronique.com\/?product=tige-droite-a-embout-filete#primaryimage","url":"https:\/\/laserelectronique.com\/wp-content\/uploads\/2017\/03\/SL112.jpg","contentUrl":"https:\/\/laserelectronique.com\/wp-content\/uploads\/2017\/03\/SL112.jpg","width":700,"height":123},{"@type":"BreadcrumbList","@id":"https:\/\/laserelectronique.com\/?product=tige-droite-a-embout-filete#breadcrumb","itemListElement":[{"@type":"ListItem","position":1,"name":"Accueil","item":"https:\/\/laserelectronique.com\/"},{"@type":"ListItem","position":2,"name":"Boutique","item":"https:\/\/laserelectronique.com\/?page_id=7"},{"@type":"ListItem","position":3,"name":"Tige droite \u00e0 embout filet\u00e9 SL112"}]},{"@type":"WebSite","@id":"https:\/\/laserelectronique.com\/#website","url":"https:\/\/laserelectronique.com\/","name":"LASER ELECTRONIQUE TP","description":"VOTRE PARTENAIRE EN GUIDAGE D&#039;ENGINS, TOPOGRAPHIE ET SERVICES","potentialAction":[{"@type":"SearchAction","target":{"@type":"EntryPoint","urlTemplate":"https:\/\/laserelectronique.com\/?s={search_term_string}"},"query-input":{"@type":"PropertyValueSpecification","valueRequired":true,"valueName":"search_term_string"}}],"inLanguage":"fr-FR"}]}},"_links":{"self":[{"href":"https:\/\/laserelectronique.com\/index.php?rest_route=\/wp\/v2\/product\/306","targetHints":{"allow":["GET"]}}],"collection":[{"href":"https:\/\/laserelectronique.com\/index.php?rest_route=\/wp\/v2\/product"}],"about":[{"href":"https:\/\/laserelectronique.com\/index.php?rest_route=\/wp\/v2\/types\/product"}],"replies":[{"embeddable":true,"href":"https:\/\/laserelectronique.com\/index.php?rest_route=%2Fwp%2Fv2%2Fcomments&post=306"}],"wp:featuredmedia":[{"embeddable":true,"href":"https:\/\/laserelectronique.com\/index.php?rest_route=\/wp\/v2\/media\/307"}],"wp:attachment":[{"href":"https:\/\/laserelectronique.com\/index.php?rest_route=%2Fwp%2Fv2%2Fmedia&parent=306"}],"wp:term":[{"taxonomy":"product_cat","embeddable":true,"href":"https:\/\/laserelectronique.com\/index.php?rest_route=%2Fwp%2Fv2%2Fproduct_cat&post=306"},{"taxonomy":"product_tag","embeddable":true,"href":"https:\/\/laserelectronique.com\/index.php?rest_route=%2Fwp%2Fv2%2Fproduct_tag&post=306"}],"curies":[{"name":"wp","href":"https:\/\/api.w.org\/{rel}","templated":true}]}}