{"id":3035,"date":"2020-12-25T15:10:08","date_gmt":"2020-12-25T14:10:08","guid":{"rendered":"http:\/\/laserelectronique.com\/?product=import-placeholder-for-3127"},"modified":"2024-11-09T13:30:08","modified_gmt":"2024-11-09T12:30:08","slug":"valise-2519635-vogele","status":"publish","type":"product","link":"https:\/\/laserelectronique.com\/?product=valise-2519635-vogele","title":{"rendered":"Valise 2519635 V\u00f6gele"},"content":{"rendered":"<p><strong>Valise de transport d&rsquo;origine pour nivellement Vogele.<\/strong><\/p>\n<p><strong>Pr\u00e9f\u00e9rer la valise V624625 LASER INS, mieux que l&rsquo;original<\/strong><\/p>\n<p><strong>\u00a0 \u00a0 \u00a0 \u00a0 \u00a0 \u00a0 \u00a0 \u00a0original\u00a0 \u00a0 \u00a0 \u00a0 \u00a0 \u00a0 \u00a0 \u00a0 \u00a0 \u00a0 \u00a0 \u00a0 \u00a0 \u00a0 \u00a0 \u00a0 \u00a0 \u00a0 \u00a0 \u00a0 \u00a0 \u00a0 \u00a0 \u00a0 \u00a0 \u00a0 \u00a0 \u00a0 \u00a0 \u00a0 \u00a0 \u00a0 \u00a0 \u00a0 \u00a0 \u00a0 \u00a0 \u00a0 \u00a0 \u00a0 \u00a0 \u00a0 \u00a0 \u00a0 \u00a0 \u00a0 \u00a0 \u00a0 \u00a0 \u00a0 \u00a0 \u00a0 \u00a0 \u00a0 \u00a0Laser ins\u00a0 \u00a0 \u00a0 \u00a0 \u00a0 \u00a0 \u00a0 \u00a0 \u00a0 \u00a0 \u00a0<\/strong><\/p>\n<h3><\/h3>\n<h3><img loading=\"lazy\" decoding=\"async\" class=\"alignnone wp-image-3119\" src=\"http:\/\/laserins.fr\/wp-content\/uploads\/2019\/08\/2519635-valise-1024x1024.png\" alt=\"\" width=\"260\" height=\"260\" \/><img loading=\"lazy\" decoding=\"async\" class=\"wp-image-3125 alignright\" src=\"http:\/\/laserins.fr\/wp-content\/uploads\/2019\/08\/V624625-1024x896.png\" alt=\"\" width=\"326\" height=\"285\" \/><\/h3>\n<h3><\/h3>\n<h3>Document produit:<\/h3>\n<ul>\n<li><a href=\"https:\/\/laserelectronique.com\/wp-content\/uploads\/2023\/02\/5-DOCLASERINS-VALISES.pdf\">DOCLASERINS VALISES<\/a><\/li>\n<\/ul>\n","protected":false},"excerpt":{"rendered":"<p>Valise de transport d&rsquo;origine pour nivellement Vogele. Pr\u00e9f\u00e9rer la valise V624625 LASER INS, mieux que l&rsquo;original \u00a0 \u00a0 \u00a0 \u00a0 \u00a0 \u00a0 \u00a0 \u00a0original\u00a0 \u00a0 \u00a0 \u00a0 \u00a0 \u00a0 \u00a0&hellip;<\/p>\n","protected":false},"featured_media":3086,"comment_status":"open","ping_status":"closed","template":"","meta":[],"product_cat":[14,22],"product_tag":[],"class_list":{"0":"post-3035","1":"product","2":"type-product","3":"status-publish","4":"has-post-thumbnail","6":"product_cat-finisseurs","7":"product_cat-valises-de-transport","8":"","10":"first","11":"instock","12":"taxable","13":"shipping-taxable","14":"product-type-simple"},"yoast_head":"<!-- This site is optimized with the Yoast SEO plugin v24.7 - https:\/\/yoast.com\/wordpress\/plugins\/seo\/ -->\n<title>Valise 2519635 V\u00f6gele - LASER ELECTRONIQUE TP<\/title>\n<meta name=\"robots\" content=\"index, follow, max-snippet:-1, max-image-preview:large, max-video-preview:-1\" \/>\n<link rel=\"canonical\" href=\"https:\/\/laserelectronique.com\/?product=valise-2519635-vogele\" \/>\n<meta property=\"og:locale\" content=\"fr_FR\" \/>\n<meta property=\"og:type\" content=\"article\" \/>\n<meta property=\"og:title\" content=\"Valise 2519635 V\u00f6gele - LASER ELECTRONIQUE TP\" \/>\n<meta property=\"og:description\" content=\"Valise de transport d&rsquo;origine pour nivellement Vogele. Pr\u00e9f\u00e9rer la valise V624625 LASER INS, mieux que l&rsquo;original \u00a0 \u00a0 \u00a0 \u00a0 \u00a0 \u00a0 \u00a0 \u00a0original\u00a0 \u00a0 \u00a0 \u00a0 \u00a0 \u00a0 \u00a0&hellip;\" \/>\n<meta property=\"og:url\" content=\"https:\/\/laserelectronique.com\/?product=valise-2519635-vogele\" \/>\n<meta property=\"og:site_name\" content=\"LASER ELECTRONIQUE TP\" \/>\n<meta property=\"article:modified_time\" content=\"2024-11-09T12:30:08+00:00\" \/>\n<meta property=\"og:image\" content=\"https:\/\/laserelectronique.com\/wp-content\/uploads\/2020\/12\/2519635-valise-vogele.png\" \/>\n\t<meta property=\"og:image:width\" content=\"1700\" \/>\n\t<meta property=\"og:image:height\" content=\"1700\" \/>\n\t<meta property=\"og:image:type\" content=\"image\/png\" \/>\n<meta name=\"twitter:card\" content=\"summary_large_image\" \/>\n<script type=\"application\/ld+json\" class=\"yoast-schema-graph\">{\"@context\":\"https:\/\/schema.org\",\"@graph\":[{\"@type\":\"WebPage\",\"@id\":\"https:\/\/laserelectronique.com\/?product=valise-2519635-vogele\",\"url\":\"https:\/\/laserelectronique.com\/?product=valise-2519635-vogele\",\"name\":\"Valise 2519635 V\u00f6gele - LASER ELECTRONIQUE TP\",\"isPartOf\":{\"@id\":\"https:\/\/laserelectronique.com\/#website\"},\"primaryImageOfPage\":{\"@id\":\"https:\/\/laserelectronique.com\/?product=valise-2519635-vogele#primaryimage\"},\"image\":{\"@id\":\"https:\/\/laserelectronique.com\/?product=valise-2519635-vogele#primaryimage\"},\"thumbnailUrl\":\"https:\/\/laserelectronique.com\/wp-content\/uploads\/2020\/12\/2519635-valise-vogele.png\",\"datePublished\":\"2020-12-25T14:10:08+00:00\",\"dateModified\":\"2024-11-09T12:30:08+00:00\",\"breadcrumb\":{\"@id\":\"https:\/\/laserelectronique.com\/?product=valise-2519635-vogele#breadcrumb\"},\"inLanguage\":\"fr-FR\",\"potentialAction\":[{\"@type\":\"ReadAction\",\"target\":[\"https:\/\/laserelectronique.com\/?product=valise-2519635-vogele\"]}]},{\"@type\":\"ImageObject\",\"inLanguage\":\"fr-FR\",\"@id\":\"https:\/\/laserelectronique.com\/?product=valise-2519635-vogele#primaryimage\",\"url\":\"https:\/\/laserelectronique.com\/wp-content\/uploads\/2020\/12\/2519635-valise-vogele.png\",\"contentUrl\":\"https:\/\/laserelectronique.com\/wp-content\/uploads\/2020\/12\/2519635-valise-vogele.png\",\"width\":1700,\"height\":1700},{\"@type\":\"BreadcrumbList\",\"@id\":\"https:\/\/laserelectronique.com\/?product=valise-2519635-vogele#breadcrumb\",\"itemListElement\":[{\"@type\":\"ListItem\",\"position\":1,\"name\":\"Accueil\",\"item\":\"https:\/\/laserelectronique.com\/\"},{\"@type\":\"ListItem\",\"position\":2,\"name\":\"Boutique\",\"item\":\"https:\/\/laserelectronique.com\/?page_id=7\"},{\"@type\":\"ListItem\",\"position\":3,\"name\":\"Valise 2519635 V\u00f6gele\"}]},{\"@type\":\"WebSite\",\"@id\":\"https:\/\/laserelectronique.com\/#website\",\"url\":\"https:\/\/laserelectronique.com\/\",\"name\":\"LASER ELECTRONIQUE TP\",\"description\":\"VOTRE PARTENAIRE EN GUIDAGE D&#039;ENGINS, TOPOGRAPHIE ET SERVICES\",\"potentialAction\":[{\"@type\":\"SearchAction\",\"target\":{\"@type\":\"EntryPoint\",\"urlTemplate\":\"https:\/\/laserelectronique.com\/?s={search_term_string}\"},\"query-input\":{\"@type\":\"PropertyValueSpecification\",\"valueRequired\":true,\"valueName\":\"search_term_string\"}}],\"inLanguage\":\"fr-FR\"}]}<\/script>\n<!-- \/ Yoast SEO plugin. -->","yoast_head_json":{"title":"Valise 2519635 V\u00f6gele - LASER ELECTRONIQUE TP","robots":{"index":"index","follow":"follow","max-snippet":"max-snippet:-1","max-image-preview":"max-image-preview:large","max-video-preview":"max-video-preview:-1"},"canonical":"https:\/\/laserelectronique.com\/?product=valise-2519635-vogele","og_locale":"fr_FR","og_type":"article","og_title":"Valise 2519635 V\u00f6gele - LASER ELECTRONIQUE TP","og_description":"Valise de transport d&rsquo;origine pour nivellement Vogele. Pr\u00e9f\u00e9rer la valise V624625 LASER INS, mieux que l&rsquo;original \u00a0 \u00a0 \u00a0 \u00a0 \u00a0 \u00a0 \u00a0 \u00a0original\u00a0 \u00a0 \u00a0 \u00a0 \u00a0 \u00a0 \u00a0&hellip;","og_url":"https:\/\/laserelectronique.com\/?product=valise-2519635-vogele","og_site_name":"LASER ELECTRONIQUE TP","article_modified_time":"2024-11-09T12:30:08+00:00","og_image":[{"width":1700,"height":1700,"url":"https:\/\/laserelectronique.com\/wp-content\/uploads\/2020\/12\/2519635-valise-vogele.png","type":"image\/png"}],"twitter_card":"summary_large_image","schema":{"@context":"https:\/\/schema.org","@graph":[{"@type":"WebPage","@id":"https:\/\/laserelectronique.com\/?product=valise-2519635-vogele","url":"https:\/\/laserelectronique.com\/?product=valise-2519635-vogele","name":"Valise 2519635 V\u00f6gele - LASER ELECTRONIQUE TP","isPartOf":{"@id":"https:\/\/laserelectronique.com\/#website"},"primaryImageOfPage":{"@id":"https:\/\/laserelectronique.com\/?product=valise-2519635-vogele#primaryimage"},"image":{"@id":"https:\/\/laserelectronique.com\/?product=valise-2519635-vogele#primaryimage"},"thumbnailUrl":"https:\/\/laserelectronique.com\/wp-content\/uploads\/2020\/12\/2519635-valise-vogele.png","datePublished":"2020-12-25T14:10:08+00:00","dateModified":"2024-11-09T12:30:08+00:00","breadcrumb":{"@id":"https:\/\/laserelectronique.com\/?product=valise-2519635-vogele#breadcrumb"},"inLanguage":"fr-FR","potentialAction":[{"@type":"ReadAction","target":["https:\/\/laserelectronique.com\/?product=valise-2519635-vogele"]}]},{"@type":"ImageObject","inLanguage":"fr-FR","@id":"https:\/\/laserelectronique.com\/?product=valise-2519635-vogele#primaryimage","url":"https:\/\/laserelectronique.com\/wp-content\/uploads\/2020\/12\/2519635-valise-vogele.png","contentUrl":"https:\/\/laserelectronique.com\/wp-content\/uploads\/2020\/12\/2519635-valise-vogele.png","width":1700,"height":1700},{"@type":"BreadcrumbList","@id":"https:\/\/laserelectronique.com\/?product=valise-2519635-vogele#breadcrumb","itemListElement":[{"@type":"ListItem","position":1,"name":"Accueil","item":"https:\/\/laserelectronique.com\/"},{"@type":"ListItem","position":2,"name":"Boutique","item":"https:\/\/laserelectronique.com\/?page_id=7"},{"@type":"ListItem","position":3,"name":"Valise 2519635 V\u00f6gele"}]},{"@type":"WebSite","@id":"https:\/\/laserelectronique.com\/#website","url":"https:\/\/laserelectronique.com\/","name":"LASER ELECTRONIQUE TP","description":"VOTRE PARTENAIRE EN GUIDAGE D&#039;ENGINS, TOPOGRAPHIE ET SERVICES","potentialAction":[{"@type":"SearchAction","target":{"@type":"EntryPoint","urlTemplate":"https:\/\/laserelectronique.com\/?s={search_term_string}"},"query-input":{"@type":"PropertyValueSpecification","valueRequired":true,"valueName":"search_term_string"}}],"inLanguage":"fr-FR"}]}},"_links":{"self":[{"href":"https:\/\/laserelectronique.com\/index.php?rest_route=\/wp\/v2\/product\/3035","targetHints":{"allow":["GET"]}}],"collection":[{"href":"https:\/\/laserelectronique.com\/index.php?rest_route=\/wp\/v2\/product"}],"about":[{"href":"https:\/\/laserelectronique.com\/index.php?rest_route=\/wp\/v2\/types\/product"}],"replies":[{"embeddable":true,"href":"https:\/\/laserelectronique.com\/index.php?rest_route=%2Fwp%2Fv2%2Fcomments&post=3035"}],"wp:featuredmedia":[{"embeddable":true,"href":"https:\/\/laserelectronique.com\/index.php?rest_route=\/wp\/v2\/media\/3086"}],"wp:attachment":[{"href":"https:\/\/laserelectronique.com\/index.php?rest_route=%2Fwp%2Fv2%2Fmedia&parent=3035"}],"wp:term":[{"taxonomy":"product_cat","embeddable":true,"href":"https:\/\/laserelectronique.com\/index.php?rest_route=%2Fwp%2Fv2%2Fproduct_cat&post=3035"},{"taxonomy":"product_tag","embeddable":true,"href":"https:\/\/laserelectronique.com\/index.php?rest_route=%2Fwp%2Fv2%2Fproduct_tag&post=3035"}],"curies":[{"name":"wp","href":"https:\/\/api.w.org\/{rel}","templated":true}]}}