{"id":3031,"date":"2020-12-25T15:10:07","date_gmt":"2020-12-25T14:10:07","guid":{"rendered":"http:\/\/laserelectronique.com\/?product=import-placeholder-for-3107"},"modified":"2024-11-09T12:10:26","modified_gmt":"2024-11-09T11:10:26","slug":"cable-2028722-vogele","status":"publish","type":"product","link":"https:\/\/laserelectronique.com\/?product=cable-2028722-vogele","title":{"rendered":"C\u00e2ble 2028722 Vogele"},"content":{"rendered":"<div class=\"content--title\">\n<div class=\"product--description\">\n<div class=\"product--description\">\n<div class=\"product--description\">\n<div class=\"product--description\">\n<div class=\"product--description\">\n<div class=\"product--description\">\n<div class=\"content--title\"><strong>C\u00e2ble pour capteurs <\/strong><strong>\u00e0 ultrasons de contr\u00f4le d&rsquo;alimentation des mat\u00e9riaux de finisseur.<\/strong><\/div>\n<\/div>\n<\/div>\n<\/div>\n<\/div>\n<\/div>\n<\/div>\n<div class=\"product--description\">\n<p>&nbsp;<\/p>\n<\/div>\n<\/div>\n<div class=\"product--description\"><\/div>\n<p>&nbsp;<\/p>\n","protected":false},"excerpt":{"rendered":"<p>C\u00e2ble pour capteurs \u00e0 ultrasons de contr\u00f4le d&rsquo;alimentation des mat\u00e9riaux de finisseur. &nbsp; &nbsp;<\/p>\n","protected":false},"featured_media":3079,"comment_status":"open","ping_status":"closed","template":"","meta":[],"product_cat":[11,14],"product_tag":[],"class_list":{"0":"post-3031","1":"product","2":"type-product","3":"status-publish","4":"has-post-thumbnail","6":"product_cat-accessoires-de-nivellement","7":"product_cat-finisseurs","8":"","10":"first","11":"instock","12":"taxable","13":"shipping-taxable","14":"product-type-simple"},"yoast_head":"<!-- This site is optimized with the Yoast SEO plugin v24.7 - https:\/\/yoast.com\/wordpress\/plugins\/seo\/ -->\n<title>C\u00e2ble 2028722 Vogele - LASER ELECTRONIQUE TP<\/title>\n<meta name=\"robots\" content=\"index, follow, max-snippet:-1, max-image-preview:large, max-video-preview:-1\" \/>\n<link rel=\"canonical\" href=\"https:\/\/laserelectronique.com\/?product=cable-2028722-vogele\" \/>\n<meta property=\"og:locale\" content=\"fr_FR\" \/>\n<meta property=\"og:type\" content=\"article\" \/>\n<meta property=\"og:title\" content=\"C\u00e2ble 2028722 Vogele - LASER ELECTRONIQUE TP\" \/>\n<meta property=\"og:description\" content=\"C\u00e2ble pour capteurs \u00e0 ultrasons de contr\u00f4le d&rsquo;alimentation des mat\u00e9riaux de finisseur. &nbsp; &nbsp;\" \/>\n<meta property=\"og:url\" content=\"https:\/\/laserelectronique.com\/?product=cable-2028722-vogele\" \/>\n<meta property=\"og:site_name\" content=\"LASER ELECTRONIQUE TP\" \/>\n<meta property=\"article:modified_time\" content=\"2024-11-09T11:10:26+00:00\" \/>\n<meta property=\"og:image\" content=\"https:\/\/laserelectronique.com\/wp-content\/uploads\/2020\/12\/2028722.png\" \/>\n\t<meta property=\"og:image:width\" content=\"1850\" \/>\n\t<meta property=\"og:image:height\" content=\"1850\" \/>\n\t<meta property=\"og:image:type\" content=\"image\/png\" \/>\n<meta name=\"twitter:card\" content=\"summary_large_image\" \/>\n<script type=\"application\/ld+json\" class=\"yoast-schema-graph\">{\"@context\":\"https:\/\/schema.org\",\"@graph\":[{\"@type\":\"WebPage\",\"@id\":\"https:\/\/laserelectronique.com\/?product=cable-2028722-vogele\",\"url\":\"https:\/\/laserelectronique.com\/?product=cable-2028722-vogele\",\"name\":\"C\u00e2ble 2028722 Vogele - LASER ELECTRONIQUE TP\",\"isPartOf\":{\"@id\":\"https:\/\/laserelectronique.com\/#website\"},\"primaryImageOfPage\":{\"@id\":\"https:\/\/laserelectronique.com\/?product=cable-2028722-vogele#primaryimage\"},\"image\":{\"@id\":\"https:\/\/laserelectronique.com\/?product=cable-2028722-vogele#primaryimage\"},\"thumbnailUrl\":\"https:\/\/laserelectronique.com\/wp-content\/uploads\/2020\/12\/2028722.png\",\"datePublished\":\"2020-12-25T14:10:07+00:00\",\"dateModified\":\"2024-11-09T11:10:26+00:00\",\"breadcrumb\":{\"@id\":\"https:\/\/laserelectronique.com\/?product=cable-2028722-vogele#breadcrumb\"},\"inLanguage\":\"fr-FR\",\"potentialAction\":[{\"@type\":\"ReadAction\",\"target\":[\"https:\/\/laserelectronique.com\/?product=cable-2028722-vogele\"]}]},{\"@type\":\"ImageObject\",\"inLanguage\":\"fr-FR\",\"@id\":\"https:\/\/laserelectronique.com\/?product=cable-2028722-vogele#primaryimage\",\"url\":\"https:\/\/laserelectronique.com\/wp-content\/uploads\/2020\/12\/2028722.png\",\"contentUrl\":\"https:\/\/laserelectronique.com\/wp-content\/uploads\/2020\/12\/2028722.png\",\"width\":1850,\"height\":1850},{\"@type\":\"BreadcrumbList\",\"@id\":\"https:\/\/laserelectronique.com\/?product=cable-2028722-vogele#breadcrumb\",\"itemListElement\":[{\"@type\":\"ListItem\",\"position\":1,\"name\":\"Accueil\",\"item\":\"https:\/\/laserelectronique.com\/\"},{\"@type\":\"ListItem\",\"position\":2,\"name\":\"Boutique\",\"item\":\"https:\/\/laserelectronique.com\/?page_id=7\"},{\"@type\":\"ListItem\",\"position\":3,\"name\":\"C\u00e2ble 2028722 Vogele\"}]},{\"@type\":\"WebSite\",\"@id\":\"https:\/\/laserelectronique.com\/#website\",\"url\":\"https:\/\/laserelectronique.com\/\",\"name\":\"LASER ELECTRONIQUE TP\",\"description\":\"VOTRE PARTENAIRE EN GUIDAGE D&#039;ENGINS, TOPOGRAPHIE ET SERVICES\",\"potentialAction\":[{\"@type\":\"SearchAction\",\"target\":{\"@type\":\"EntryPoint\",\"urlTemplate\":\"https:\/\/laserelectronique.com\/?s={search_term_string}\"},\"query-input\":{\"@type\":\"PropertyValueSpecification\",\"valueRequired\":true,\"valueName\":\"search_term_string\"}}],\"inLanguage\":\"fr-FR\"}]}<\/script>\n<!-- \/ Yoast SEO plugin. -->","yoast_head_json":{"title":"C\u00e2ble 2028722 Vogele - LASER ELECTRONIQUE TP","robots":{"index":"index","follow":"follow","max-snippet":"max-snippet:-1","max-image-preview":"max-image-preview:large","max-video-preview":"max-video-preview:-1"},"canonical":"https:\/\/laserelectronique.com\/?product=cable-2028722-vogele","og_locale":"fr_FR","og_type":"article","og_title":"C\u00e2ble 2028722 Vogele - LASER ELECTRONIQUE TP","og_description":"C\u00e2ble pour capteurs \u00e0 ultrasons de contr\u00f4le d&rsquo;alimentation des mat\u00e9riaux de finisseur. &nbsp; &nbsp;","og_url":"https:\/\/laserelectronique.com\/?product=cable-2028722-vogele","og_site_name":"LASER ELECTRONIQUE TP","article_modified_time":"2024-11-09T11:10:26+00:00","og_image":[{"width":1850,"height":1850,"url":"https:\/\/laserelectronique.com\/wp-content\/uploads\/2020\/12\/2028722.png","type":"image\/png"}],"twitter_card":"summary_large_image","schema":{"@context":"https:\/\/schema.org","@graph":[{"@type":"WebPage","@id":"https:\/\/laserelectronique.com\/?product=cable-2028722-vogele","url":"https:\/\/laserelectronique.com\/?product=cable-2028722-vogele","name":"C\u00e2ble 2028722 Vogele - LASER ELECTRONIQUE TP","isPartOf":{"@id":"https:\/\/laserelectronique.com\/#website"},"primaryImageOfPage":{"@id":"https:\/\/laserelectronique.com\/?product=cable-2028722-vogele#primaryimage"},"image":{"@id":"https:\/\/laserelectronique.com\/?product=cable-2028722-vogele#primaryimage"},"thumbnailUrl":"https:\/\/laserelectronique.com\/wp-content\/uploads\/2020\/12\/2028722.png","datePublished":"2020-12-25T14:10:07+00:00","dateModified":"2024-11-09T11:10:26+00:00","breadcrumb":{"@id":"https:\/\/laserelectronique.com\/?product=cable-2028722-vogele#breadcrumb"},"inLanguage":"fr-FR","potentialAction":[{"@type":"ReadAction","target":["https:\/\/laserelectronique.com\/?product=cable-2028722-vogele"]}]},{"@type":"ImageObject","inLanguage":"fr-FR","@id":"https:\/\/laserelectronique.com\/?product=cable-2028722-vogele#primaryimage","url":"https:\/\/laserelectronique.com\/wp-content\/uploads\/2020\/12\/2028722.png","contentUrl":"https:\/\/laserelectronique.com\/wp-content\/uploads\/2020\/12\/2028722.png","width":1850,"height":1850},{"@type":"BreadcrumbList","@id":"https:\/\/laserelectronique.com\/?product=cable-2028722-vogele#breadcrumb","itemListElement":[{"@type":"ListItem","position":1,"name":"Accueil","item":"https:\/\/laserelectronique.com\/"},{"@type":"ListItem","position":2,"name":"Boutique","item":"https:\/\/laserelectronique.com\/?page_id=7"},{"@type":"ListItem","position":3,"name":"C\u00e2ble 2028722 Vogele"}]},{"@type":"WebSite","@id":"https:\/\/laserelectronique.com\/#website","url":"https:\/\/laserelectronique.com\/","name":"LASER ELECTRONIQUE TP","description":"VOTRE PARTENAIRE EN GUIDAGE D&#039;ENGINS, TOPOGRAPHIE ET SERVICES","potentialAction":[{"@type":"SearchAction","target":{"@type":"EntryPoint","urlTemplate":"https:\/\/laserelectronique.com\/?s={search_term_string}"},"query-input":{"@type":"PropertyValueSpecification","valueRequired":true,"valueName":"search_term_string"}}],"inLanguage":"fr-FR"}]}},"_links":{"self":[{"href":"https:\/\/laserelectronique.com\/index.php?rest_route=\/wp\/v2\/product\/3031","targetHints":{"allow":["GET"]}}],"collection":[{"href":"https:\/\/laserelectronique.com\/index.php?rest_route=\/wp\/v2\/product"}],"about":[{"href":"https:\/\/laserelectronique.com\/index.php?rest_route=\/wp\/v2\/types\/product"}],"replies":[{"embeddable":true,"href":"https:\/\/laserelectronique.com\/index.php?rest_route=%2Fwp%2Fv2%2Fcomments&post=3031"}],"wp:featuredmedia":[{"embeddable":true,"href":"https:\/\/laserelectronique.com\/index.php?rest_route=\/wp\/v2\/media\/3079"}],"wp:attachment":[{"href":"https:\/\/laserelectronique.com\/index.php?rest_route=%2Fwp%2Fv2%2Fmedia&parent=3031"}],"wp:term":[{"taxonomy":"product_cat","embeddable":true,"href":"https:\/\/laserelectronique.com\/index.php?rest_route=%2Fwp%2Fv2%2Fproduct_cat&post=3031"},{"taxonomy":"product_tag","embeddable":true,"href":"https:\/\/laserelectronique.com\/index.php?rest_route=%2Fwp%2Fv2%2Fproduct_tag&post=3031"}],"curies":[{"name":"wp","href":"https:\/\/api.w.org\/{rel}","templated":true}]}}