{"id":3023,"date":"2020-12-25T15:09:45","date_gmt":"2020-12-25T14:09:45","guid":{"rendered":"http:\/\/laserelectronique.com\/?product=import-placeholder-for-3099"},"modified":"2024-11-09T13:21:58","modified_gmt":"2024-11-09T12:21:58","slug":"adapteur-04-03-00081-moba-pour-vogele","status":"publish","type":"product","link":"https:\/\/laserelectronique.com\/?product=adapteur-04-03-00081-moba-pour-vogele","title":{"rendered":"Adapteur 04-03-00081 Moba pour V\u00f6gele"},"content":{"rendered":"<div class=\"content--title\">\n<div class=\"product--description\">\n<div class=\"product--description\">\n<div class=\"product--description\">\n<div class=\"product--description\">\n<div class=\"product--description\">\n<div class=\"product--description\">\n<p><strong>Adapterbox adaptable pour finisseurs V\u00f6gele, dirige 2 contr\u00f4leurs vers un connecteur de machine central.<\/strong><\/p>\n<ul>\n<li><strong>Longueur de c\u00e2ble: 3 m\u00e8tres<\/strong><\/li>\n<li><strong>Convertit NPN en PNP (pour finisseur V\u00f6gele)<\/strong><\/li>\n<li><strong>Connecteurs: 2 x CA 10 p\u00f4les m\u00e2le (gauche \/ droite), 1 x Harting 10 p\u00f4les m\u00e2le (machine)<\/strong><\/li>\n<\/ul>\n<\/div>\n<\/div>\n<\/div>\n<\/div>\n<\/div>\n<\/div>\n<div class=\"product--description\">\n<p>&nbsp;<\/p>\n<\/div>\n<\/div>\n<div class=\"product--description\"><\/div>\n<p>&nbsp;<\/p>\n","protected":false},"excerpt":{"rendered":"<div class=\"content--title\"><strong>Adaptateur adapt\u00e9 aux finisseurs V\u00f6gele\u00a0\u00bb<\/strong><\/div>\n<div class=\"product--description\">\n<p><strong>pour 2 contr\u00f4leurs vers un connecteur de machine central.<\/strong><\/p>\n<ul>\n<li><strong>Longueur de c\u00e2ble: 3 m\u00e8tres<\/strong><\/li>\n<li><strong>Convertit NPN en PNP (pour le finisseur V\u00f6gele)<\/strong><\/li>\n<li><strong>Connecteurs: 2 x CA 10 p\u00f4les m\u00e2le (gauche \/ droite), 1 x Harting 10 p\u00f4les m\u00e2le (machine)<\/strong><\/li>\n<\/ul>\n<\/div>\n","protected":false},"featured_media":3074,"comment_status":"open","ping_status":"closed","template":"","meta":[],"product_cat":[11],"product_tag":[],"class_list":{"0":"post-3023","1":"product","2":"type-product","3":"status-publish","4":"has-post-thumbnail","6":"product_cat-accessoires-de-nivellement","7":"","9":"first","10":"instock","11":"taxable","12":"shipping-taxable","13":"product-type-simple"},"yoast_head":"<!-- This site is optimized with the Yoast SEO plugin v24.7 - https:\/\/yoast.com\/wordpress\/plugins\/seo\/ -->\n<title>Adapteur 04-03-00081 Moba pour V\u00f6gele - LASER ELECTRONIQUE TP<\/title>\n<meta name=\"robots\" content=\"index, follow, max-snippet:-1, max-image-preview:large, max-video-preview:-1\" \/>\n<link rel=\"canonical\" href=\"https:\/\/laserelectronique.com\/?product=adapteur-04-03-00081-moba-pour-vogele\" \/>\n<meta property=\"og:locale\" content=\"fr_FR\" \/>\n<meta property=\"og:type\" content=\"article\" \/>\n<meta property=\"og:title\" content=\"Adapteur 04-03-00081 Moba pour V\u00f6gele - LASER ELECTRONIQUE TP\" \/>\n<meta property=\"og:description\" content=\"Adaptateur adapt\u00e9 aux finisseurs V\u00f6gele&quot;   pour 2 contr\u00f4leurs vers un connecteur de machine central.   Longueur de c\u00e2ble: 3 m\u00e8tres  Convertit NPN en PNP (pour le finisseur V\u00f6gele)  Connecteurs: 2 x CA 10 p\u00f4les m\u00e2le (gauche \/ droite), 1 x Harting 10 p\u00f4les m\u00e2le (machine)\" \/>\n<meta property=\"og:url\" content=\"https:\/\/laserelectronique.com\/?product=adapteur-04-03-00081-moba-pour-vogele\" \/>\n<meta property=\"og:site_name\" content=\"LASER ELECTRONIQUE TP\" \/>\n<meta property=\"article:modified_time\" content=\"2024-11-09T12:21:58+00:00\" \/>\n<meta property=\"og:image\" content=\"https:\/\/laserelectronique.com\/wp-content\/uploads\/2020\/12\/04-03-00081_Adapterbox_Voegele.png\" \/>\n\t<meta property=\"og:image:width\" content=\"1600\" \/>\n\t<meta property=\"og:image:height\" content=\"1600\" \/>\n\t<meta property=\"og:image:type\" content=\"image\/png\" \/>\n<meta name=\"twitter:card\" content=\"summary_large_image\" \/>\n<script type=\"application\/ld+json\" class=\"yoast-schema-graph\">{\"@context\":\"https:\/\/schema.org\",\"@graph\":[{\"@type\":\"WebPage\",\"@id\":\"https:\/\/laserelectronique.com\/?product=adapteur-04-03-00081-moba-pour-vogele\",\"url\":\"https:\/\/laserelectronique.com\/?product=adapteur-04-03-00081-moba-pour-vogele\",\"name\":\"Adapteur 04-03-00081 Moba pour V\u00f6gele - LASER ELECTRONIQUE TP\",\"isPartOf\":{\"@id\":\"https:\/\/laserelectronique.com\/#website\"},\"primaryImageOfPage\":{\"@id\":\"https:\/\/laserelectronique.com\/?product=adapteur-04-03-00081-moba-pour-vogele#primaryimage\"},\"image\":{\"@id\":\"https:\/\/laserelectronique.com\/?product=adapteur-04-03-00081-moba-pour-vogele#primaryimage\"},\"thumbnailUrl\":\"https:\/\/laserelectronique.com\/wp-content\/uploads\/2020\/12\/04-03-00081_Adapterbox_Voegele.png\",\"datePublished\":\"2020-12-25T14:09:45+00:00\",\"dateModified\":\"2024-11-09T12:21:58+00:00\",\"breadcrumb\":{\"@id\":\"https:\/\/laserelectronique.com\/?product=adapteur-04-03-00081-moba-pour-vogele#breadcrumb\"},\"inLanguage\":\"fr-FR\",\"potentialAction\":[{\"@type\":\"ReadAction\",\"target\":[\"https:\/\/laserelectronique.com\/?product=adapteur-04-03-00081-moba-pour-vogele\"]}]},{\"@type\":\"ImageObject\",\"inLanguage\":\"fr-FR\",\"@id\":\"https:\/\/laserelectronique.com\/?product=adapteur-04-03-00081-moba-pour-vogele#primaryimage\",\"url\":\"https:\/\/laserelectronique.com\/wp-content\/uploads\/2020\/12\/04-03-00081_Adapterbox_Voegele.png\",\"contentUrl\":\"https:\/\/laserelectronique.com\/wp-content\/uploads\/2020\/12\/04-03-00081_Adapterbox_Voegele.png\",\"width\":1600,\"height\":1600},{\"@type\":\"BreadcrumbList\",\"@id\":\"https:\/\/laserelectronique.com\/?product=adapteur-04-03-00081-moba-pour-vogele#breadcrumb\",\"itemListElement\":[{\"@type\":\"ListItem\",\"position\":1,\"name\":\"Accueil\",\"item\":\"https:\/\/laserelectronique.com\/\"},{\"@type\":\"ListItem\",\"position\":2,\"name\":\"Boutique\",\"item\":\"https:\/\/laserelectronique.com\/?page_id=7\"},{\"@type\":\"ListItem\",\"position\":3,\"name\":\"Adapteur 04-03-00081 Moba pour V\u00f6gele\"}]},{\"@type\":\"WebSite\",\"@id\":\"https:\/\/laserelectronique.com\/#website\",\"url\":\"https:\/\/laserelectronique.com\/\",\"name\":\"LASER ELECTRONIQUE TP\",\"description\":\"VOTRE PARTENAIRE EN GUIDAGE D&#039;ENGINS, TOPOGRAPHIE ET SERVICES\",\"potentialAction\":[{\"@type\":\"SearchAction\",\"target\":{\"@type\":\"EntryPoint\",\"urlTemplate\":\"https:\/\/laserelectronique.com\/?s={search_term_string}\"},\"query-input\":{\"@type\":\"PropertyValueSpecification\",\"valueRequired\":true,\"valueName\":\"search_term_string\"}}],\"inLanguage\":\"fr-FR\"}]}<\/script>\n<!-- \/ Yoast SEO plugin. -->","yoast_head_json":{"title":"Adapteur 04-03-00081 Moba pour V\u00f6gele - LASER ELECTRONIQUE TP","robots":{"index":"index","follow":"follow","max-snippet":"max-snippet:-1","max-image-preview":"max-image-preview:large","max-video-preview":"max-video-preview:-1"},"canonical":"https:\/\/laserelectronique.com\/?product=adapteur-04-03-00081-moba-pour-vogele","og_locale":"fr_FR","og_type":"article","og_title":"Adapteur 04-03-00081 Moba pour V\u00f6gele - LASER ELECTRONIQUE TP","og_description":"Adaptateur adapt\u00e9 aux finisseurs V\u00f6gele\"   pour 2 contr\u00f4leurs vers un connecteur de machine central.   Longueur de c\u00e2ble: 3 m\u00e8tres  Convertit NPN en PNP (pour le finisseur V\u00f6gele)  Connecteurs: 2 x CA 10 p\u00f4les m\u00e2le (gauche \/ droite), 1 x Harting 10 p\u00f4les m\u00e2le (machine)","og_url":"https:\/\/laserelectronique.com\/?product=adapteur-04-03-00081-moba-pour-vogele","og_site_name":"LASER ELECTRONIQUE TP","article_modified_time":"2024-11-09T12:21:58+00:00","og_image":[{"width":1600,"height":1600,"url":"https:\/\/laserelectronique.com\/wp-content\/uploads\/2020\/12\/04-03-00081_Adapterbox_Voegele.png","type":"image\/png"}],"twitter_card":"summary_large_image","schema":{"@context":"https:\/\/schema.org","@graph":[{"@type":"WebPage","@id":"https:\/\/laserelectronique.com\/?product=adapteur-04-03-00081-moba-pour-vogele","url":"https:\/\/laserelectronique.com\/?product=adapteur-04-03-00081-moba-pour-vogele","name":"Adapteur 04-03-00081 Moba pour V\u00f6gele - LASER ELECTRONIQUE TP","isPartOf":{"@id":"https:\/\/laserelectronique.com\/#website"},"primaryImageOfPage":{"@id":"https:\/\/laserelectronique.com\/?product=adapteur-04-03-00081-moba-pour-vogele#primaryimage"},"image":{"@id":"https:\/\/laserelectronique.com\/?product=adapteur-04-03-00081-moba-pour-vogele#primaryimage"},"thumbnailUrl":"https:\/\/laserelectronique.com\/wp-content\/uploads\/2020\/12\/04-03-00081_Adapterbox_Voegele.png","datePublished":"2020-12-25T14:09:45+00:00","dateModified":"2024-11-09T12:21:58+00:00","breadcrumb":{"@id":"https:\/\/laserelectronique.com\/?product=adapteur-04-03-00081-moba-pour-vogele#breadcrumb"},"inLanguage":"fr-FR","potentialAction":[{"@type":"ReadAction","target":["https:\/\/laserelectronique.com\/?product=adapteur-04-03-00081-moba-pour-vogele"]}]},{"@type":"ImageObject","inLanguage":"fr-FR","@id":"https:\/\/laserelectronique.com\/?product=adapteur-04-03-00081-moba-pour-vogele#primaryimage","url":"https:\/\/laserelectronique.com\/wp-content\/uploads\/2020\/12\/04-03-00081_Adapterbox_Voegele.png","contentUrl":"https:\/\/laserelectronique.com\/wp-content\/uploads\/2020\/12\/04-03-00081_Adapterbox_Voegele.png","width":1600,"height":1600},{"@type":"BreadcrumbList","@id":"https:\/\/laserelectronique.com\/?product=adapteur-04-03-00081-moba-pour-vogele#breadcrumb","itemListElement":[{"@type":"ListItem","position":1,"name":"Accueil","item":"https:\/\/laserelectronique.com\/"},{"@type":"ListItem","position":2,"name":"Boutique","item":"https:\/\/laserelectronique.com\/?page_id=7"},{"@type":"ListItem","position":3,"name":"Adapteur 04-03-00081 Moba pour V\u00f6gele"}]},{"@type":"WebSite","@id":"https:\/\/laserelectronique.com\/#website","url":"https:\/\/laserelectronique.com\/","name":"LASER ELECTRONIQUE TP","description":"VOTRE PARTENAIRE EN GUIDAGE D&#039;ENGINS, TOPOGRAPHIE ET SERVICES","potentialAction":[{"@type":"SearchAction","target":{"@type":"EntryPoint","urlTemplate":"https:\/\/laserelectronique.com\/?s={search_term_string}"},"query-input":{"@type":"PropertyValueSpecification","valueRequired":true,"valueName":"search_term_string"}}],"inLanguage":"fr-FR"}]}},"_links":{"self":[{"href":"https:\/\/laserelectronique.com\/index.php?rest_route=\/wp\/v2\/product\/3023","targetHints":{"allow":["GET"]}}],"collection":[{"href":"https:\/\/laserelectronique.com\/index.php?rest_route=\/wp\/v2\/product"}],"about":[{"href":"https:\/\/laserelectronique.com\/index.php?rest_route=\/wp\/v2\/types\/product"}],"replies":[{"embeddable":true,"href":"https:\/\/laserelectronique.com\/index.php?rest_route=%2Fwp%2Fv2%2Fcomments&post=3023"}],"wp:featuredmedia":[{"embeddable":true,"href":"https:\/\/laserelectronique.com\/index.php?rest_route=\/wp\/v2\/media\/3074"}],"wp:attachment":[{"href":"https:\/\/laserelectronique.com\/index.php?rest_route=%2Fwp%2Fv2%2Fmedia&parent=3023"}],"wp:term":[{"taxonomy":"product_cat","embeddable":true,"href":"https:\/\/laserelectronique.com\/index.php?rest_route=%2Fwp%2Fv2%2Fproduct_cat&post=3023"},{"taxonomy":"product_tag","embeddable":true,"href":"https:\/\/laserelectronique.com\/index.php?rest_route=%2Fwp%2Fv2%2Fproduct_tag&post=3023"}],"curies":[{"name":"wp","href":"https:\/\/api.w.org\/{rel}","templated":true}]}}