{"id":3021,"date":"2020-12-25T15:09:44","date_gmt":"2020-12-25T14:09:44","guid":{"rendered":"http:\/\/laserelectronique.com\/?product=import-placeholder-for-3092"},"modified":"2024-11-09T10:31:38","modified_gmt":"2024-11-09T09:31:38","slug":"boite-de-jonction-bigski-2037420-vogele","status":"publish","type":"product","link":"https:\/\/laserelectronique.com\/?product=boite-de-jonction-bigski-2037420-vogele","title":{"rendered":"Boite de jonction BigSki 2037420 V\u00f6gele"},"content":{"rendered":"<div class=\"content--title\">\n<div class=\"content--title\"><strong>Bo\u00eete de jonction Big-Ski remplace V\u00f6gele 2037420<\/strong><\/div>\n<div class=\"product--description\">\n<p><strong>La bo\u00eete de jonction compatible avec V\u00f6gele connecte 3 palpeurs de nivellemnt avec une interface CAN pour la visualisation.<\/strong><\/p>\n<ul>\n<li><strong>Connecteur: Baj 8 broches.\u00a0m\u00e2le (analogique), 3 x 7 broches Baj.\u00a0femelle (CAN)<\/strong><\/li>\n<li><strong>Interface CAN: CAN ISO 11898 &#8211; 24 V 125 kBit \/ s<\/strong><\/li>\n<li><strong>Sortie: analogique 0 \u00e0 8 V<\/strong><\/li>\n<li><strong>Protection d&rsquo;entr\u00e9e: IP67<\/strong><\/li>\n<li><strong>Poids: 2 kg<\/strong><\/li>\n<\/ul>\n<\/div>\n<\/div>\n<p>&nbsp;<\/p>\n","protected":false},"excerpt":{"rendered":"<p>Bo\u00eete de jonction Big-Ski remplace V\u00f6gele 2037420 La bo\u00eete de jonction compatible avec V\u00f6gele connecte 3 palpeurs de nivellemnt avec une interface CAN pour la visualisation. Connecteur: Baj 8 broches.\u00a0m\u00e2le&hellip;<\/p>\n","protected":false},"featured_media":3069,"comment_status":"open","ping_status":"closed","template":"","meta":[],"product_cat":[11,14],"product_tag":[],"class_list":{"0":"post-3021","1":"product","2":"type-product","3":"status-publish","4":"has-post-thumbnail","6":"product_cat-accessoires-de-nivellement","7":"product_cat-finisseurs","8":"","10":"first","11":"instock","12":"taxable","13":"shipping-taxable","14":"product-type-simple"},"yoast_head":"<!-- This site is optimized with the Yoast SEO plugin v24.7 - https:\/\/yoast.com\/wordpress\/plugins\/seo\/ -->\n<title>Boite de jonction BigSki 2037420 V\u00f6gele - LASER ELECTRONIQUE TP<\/title>\n<meta name=\"robots\" content=\"index, follow, max-snippet:-1, max-image-preview:large, max-video-preview:-1\" \/>\n<link rel=\"canonical\" href=\"https:\/\/laserelectronique.com\/?product=boite-de-jonction-bigski-2037420-vogele\" \/>\n<meta property=\"og:locale\" content=\"fr_FR\" \/>\n<meta property=\"og:type\" content=\"article\" \/>\n<meta property=\"og:title\" content=\"Boite de jonction BigSki 2037420 V\u00f6gele - LASER ELECTRONIQUE TP\" \/>\n<meta property=\"og:description\" content=\"Bo\u00eete de jonction Big-Ski remplace V\u00f6gele 2037420 La bo\u00eete de jonction compatible avec V\u00f6gele connecte 3 palpeurs de nivellemnt avec une interface CAN pour la visualisation. Connecteur: Baj 8 broches.\u00a0m\u00e2le&hellip;\" \/>\n<meta property=\"og:url\" content=\"https:\/\/laserelectronique.com\/?product=boite-de-jonction-bigski-2037420-vogele\" \/>\n<meta property=\"og:site_name\" content=\"LASER ELECTRONIQUE TP\" \/>\n<meta property=\"article:modified_time\" content=\"2024-11-09T09:31:38+00:00\" \/>\n<meta property=\"og:image\" content=\"https:\/\/laserelectronique.com\/wp-content\/uploads\/2020\/12\/2037420-VOGELE.png\" \/>\n\t<meta property=\"og:image:width\" content=\"1300\" \/>\n\t<meta property=\"og:image:height\" content=\"1300\" \/>\n\t<meta property=\"og:image:type\" content=\"image\/png\" \/>\n<meta name=\"twitter:card\" content=\"summary_large_image\" \/>\n<script type=\"application\/ld+json\" class=\"yoast-schema-graph\">{\"@context\":\"https:\/\/schema.org\",\"@graph\":[{\"@type\":\"WebPage\",\"@id\":\"https:\/\/laserelectronique.com\/?product=boite-de-jonction-bigski-2037420-vogele\",\"url\":\"https:\/\/laserelectronique.com\/?product=boite-de-jonction-bigski-2037420-vogele\",\"name\":\"Boite de jonction BigSki 2037420 V\u00f6gele - LASER ELECTRONIQUE TP\",\"isPartOf\":{\"@id\":\"https:\/\/laserelectronique.com\/#website\"},\"primaryImageOfPage\":{\"@id\":\"https:\/\/laserelectronique.com\/?product=boite-de-jonction-bigski-2037420-vogele#primaryimage\"},\"image\":{\"@id\":\"https:\/\/laserelectronique.com\/?product=boite-de-jonction-bigski-2037420-vogele#primaryimage\"},\"thumbnailUrl\":\"https:\/\/laserelectronique.com\/wp-content\/uploads\/2020\/12\/2037420-VOGELE.png\",\"datePublished\":\"2020-12-25T14:09:44+00:00\",\"dateModified\":\"2024-11-09T09:31:38+00:00\",\"breadcrumb\":{\"@id\":\"https:\/\/laserelectronique.com\/?product=boite-de-jonction-bigski-2037420-vogele#breadcrumb\"},\"inLanguage\":\"fr-FR\",\"potentialAction\":[{\"@type\":\"ReadAction\",\"target\":[\"https:\/\/laserelectronique.com\/?product=boite-de-jonction-bigski-2037420-vogele\"]}]},{\"@type\":\"ImageObject\",\"inLanguage\":\"fr-FR\",\"@id\":\"https:\/\/laserelectronique.com\/?product=boite-de-jonction-bigski-2037420-vogele#primaryimage\",\"url\":\"https:\/\/laserelectronique.com\/wp-content\/uploads\/2020\/12\/2037420-VOGELE.png\",\"contentUrl\":\"https:\/\/laserelectronique.com\/wp-content\/uploads\/2020\/12\/2037420-VOGELE.png\",\"width\":1300,\"height\":1300},{\"@type\":\"BreadcrumbList\",\"@id\":\"https:\/\/laserelectronique.com\/?product=boite-de-jonction-bigski-2037420-vogele#breadcrumb\",\"itemListElement\":[{\"@type\":\"ListItem\",\"position\":1,\"name\":\"Accueil\",\"item\":\"https:\/\/laserelectronique.com\/\"},{\"@type\":\"ListItem\",\"position\":2,\"name\":\"Boutique\",\"item\":\"https:\/\/laserelectronique.com\/?page_id=7\"},{\"@type\":\"ListItem\",\"position\":3,\"name\":\"Boite de jonction BigSki 2037420 V\u00f6gele\"}]},{\"@type\":\"WebSite\",\"@id\":\"https:\/\/laserelectronique.com\/#website\",\"url\":\"https:\/\/laserelectronique.com\/\",\"name\":\"LASER ELECTRONIQUE TP\",\"description\":\"VOTRE PARTENAIRE EN GUIDAGE D&#039;ENGINS, TOPOGRAPHIE ET SERVICES\",\"potentialAction\":[{\"@type\":\"SearchAction\",\"target\":{\"@type\":\"EntryPoint\",\"urlTemplate\":\"https:\/\/laserelectronique.com\/?s={search_term_string}\"},\"query-input\":{\"@type\":\"PropertyValueSpecification\",\"valueRequired\":true,\"valueName\":\"search_term_string\"}}],\"inLanguage\":\"fr-FR\"}]}<\/script>\n<!-- \/ Yoast SEO plugin. -->","yoast_head_json":{"title":"Boite de jonction BigSki 2037420 V\u00f6gele - LASER ELECTRONIQUE TP","robots":{"index":"index","follow":"follow","max-snippet":"max-snippet:-1","max-image-preview":"max-image-preview:large","max-video-preview":"max-video-preview:-1"},"canonical":"https:\/\/laserelectronique.com\/?product=boite-de-jonction-bigski-2037420-vogele","og_locale":"fr_FR","og_type":"article","og_title":"Boite de jonction BigSki 2037420 V\u00f6gele - LASER ELECTRONIQUE TP","og_description":"Bo\u00eete de jonction Big-Ski remplace V\u00f6gele 2037420 La bo\u00eete de jonction compatible avec V\u00f6gele connecte 3 palpeurs de nivellemnt avec une interface CAN pour la visualisation. Connecteur: Baj 8 broches.\u00a0m\u00e2le&hellip;","og_url":"https:\/\/laserelectronique.com\/?product=boite-de-jonction-bigski-2037420-vogele","og_site_name":"LASER ELECTRONIQUE TP","article_modified_time":"2024-11-09T09:31:38+00:00","og_image":[{"width":1300,"height":1300,"url":"https:\/\/laserelectronique.com\/wp-content\/uploads\/2020\/12\/2037420-VOGELE.png","type":"image\/png"}],"twitter_card":"summary_large_image","schema":{"@context":"https:\/\/schema.org","@graph":[{"@type":"WebPage","@id":"https:\/\/laserelectronique.com\/?product=boite-de-jonction-bigski-2037420-vogele","url":"https:\/\/laserelectronique.com\/?product=boite-de-jonction-bigski-2037420-vogele","name":"Boite de jonction BigSki 2037420 V\u00f6gele - LASER ELECTRONIQUE TP","isPartOf":{"@id":"https:\/\/laserelectronique.com\/#website"},"primaryImageOfPage":{"@id":"https:\/\/laserelectronique.com\/?product=boite-de-jonction-bigski-2037420-vogele#primaryimage"},"image":{"@id":"https:\/\/laserelectronique.com\/?product=boite-de-jonction-bigski-2037420-vogele#primaryimage"},"thumbnailUrl":"https:\/\/laserelectronique.com\/wp-content\/uploads\/2020\/12\/2037420-VOGELE.png","datePublished":"2020-12-25T14:09:44+00:00","dateModified":"2024-11-09T09:31:38+00:00","breadcrumb":{"@id":"https:\/\/laserelectronique.com\/?product=boite-de-jonction-bigski-2037420-vogele#breadcrumb"},"inLanguage":"fr-FR","potentialAction":[{"@type":"ReadAction","target":["https:\/\/laserelectronique.com\/?product=boite-de-jonction-bigski-2037420-vogele"]}]},{"@type":"ImageObject","inLanguage":"fr-FR","@id":"https:\/\/laserelectronique.com\/?product=boite-de-jonction-bigski-2037420-vogele#primaryimage","url":"https:\/\/laserelectronique.com\/wp-content\/uploads\/2020\/12\/2037420-VOGELE.png","contentUrl":"https:\/\/laserelectronique.com\/wp-content\/uploads\/2020\/12\/2037420-VOGELE.png","width":1300,"height":1300},{"@type":"BreadcrumbList","@id":"https:\/\/laserelectronique.com\/?product=boite-de-jonction-bigski-2037420-vogele#breadcrumb","itemListElement":[{"@type":"ListItem","position":1,"name":"Accueil","item":"https:\/\/laserelectronique.com\/"},{"@type":"ListItem","position":2,"name":"Boutique","item":"https:\/\/laserelectronique.com\/?page_id=7"},{"@type":"ListItem","position":3,"name":"Boite de jonction BigSki 2037420 V\u00f6gele"}]},{"@type":"WebSite","@id":"https:\/\/laserelectronique.com\/#website","url":"https:\/\/laserelectronique.com\/","name":"LASER ELECTRONIQUE TP","description":"VOTRE PARTENAIRE EN GUIDAGE D&#039;ENGINS, TOPOGRAPHIE ET SERVICES","potentialAction":[{"@type":"SearchAction","target":{"@type":"EntryPoint","urlTemplate":"https:\/\/laserelectronique.com\/?s={search_term_string}"},"query-input":{"@type":"PropertyValueSpecification","valueRequired":true,"valueName":"search_term_string"}}],"inLanguage":"fr-FR"}]}},"_links":{"self":[{"href":"https:\/\/laserelectronique.com\/index.php?rest_route=\/wp\/v2\/product\/3021","targetHints":{"allow":["GET"]}}],"collection":[{"href":"https:\/\/laserelectronique.com\/index.php?rest_route=\/wp\/v2\/product"}],"about":[{"href":"https:\/\/laserelectronique.com\/index.php?rest_route=\/wp\/v2\/types\/product"}],"replies":[{"embeddable":true,"href":"https:\/\/laserelectronique.com\/index.php?rest_route=%2Fwp%2Fv2%2Fcomments&post=3021"}],"wp:featuredmedia":[{"embeddable":true,"href":"https:\/\/laserelectronique.com\/index.php?rest_route=\/wp\/v2\/media\/3069"}],"wp:attachment":[{"href":"https:\/\/laserelectronique.com\/index.php?rest_route=%2Fwp%2Fv2%2Fmedia&parent=3021"}],"wp:term":[{"taxonomy":"product_cat","embeddable":true,"href":"https:\/\/laserelectronique.com\/index.php?rest_route=%2Fwp%2Fv2%2Fproduct_cat&post=3021"},{"taxonomy":"product_tag","embeddable":true,"href":"https:\/\/laserelectronique.com\/index.php?rest_route=%2Fwp%2Fv2%2Fproduct_tag&post=3021"}],"curies":[{"name":"wp","href":"https:\/\/api.w.org\/{rel}","templated":true}]}}