{"id":3001,"date":"2020-12-25T15:08:55","date_gmt":"2020-12-25T14:08:55","guid":{"rendered":"http:\/\/laserelectronique.com\/?product=import-placeholder-for-2991"},"modified":"2020-12-26T16:41:16","modified_gmt":"2020-12-26T15:41:16","slug":"raclettes-caoutchouc-serie-b","status":"publish","type":"product","link":"https:\/\/laserelectronique.com\/?product=raclettes-caoutchouc-serie-b","title":{"rendered":"Raclettes caoutchouc s\u00e9rie B"},"content":{"rendered":"<h3>R\u00e2teaux renforc\u00e9s<\/h3>\n<p><strong>Outils en aluminium pour les travaux routiers et nettoyage.<\/strong><\/p>\n<p><strong>Bande caoutchouc synth\u00e9tique, r\u00e9sistante aux bitumes, acides, huiles, graisse et eau chaude.<\/strong><\/p>\n<p><strong>2 fonctions : r\u00e9partition cot\u00e9 \u00e9querre alu et finition cot\u00e9 caoutchouc, manche STG<\/strong><\/p>\n<p><strong>tiges de renfort sur le tube d&#8217;emmanchement<\/strong><\/p>\n<p><strong><img loading=\"lazy\" decoding=\"async\" class=\"size-full wp-image-2984 alignright\" src=\"http:\/\/laserins.fr\/wp-content\/uploads\/2019\/07\/B190.png\" alt=\"\" width=\"408\" height=\"206\" \/><\/strong><\/p>\n<p><strong>B60 <\/strong><strong>\u00a0\u00a0\u00a0<\/strong><strong>largeur\u00a0 60 cm\u00a0 1,0 kg\u00a0 \u00a0\u00a0<\/strong><\/p>\n<p><strong>B80<\/strong><strong>\u00a0\u00a0\u00a0 <\/strong><strong>largeur\u00a0 80 cm\u00a0 1,3 kg\u00a0 \u00a0<\/strong><\/p>\n<p><strong>B100 <\/strong><strong>\u00a0<\/strong><strong>largeur 100 cm\u00a0 1,5 kg\u00a0 \u00a0\u00a0<\/strong><\/p>\n<p><strong>B120 <\/strong><strong>\u00a0<\/strong><strong>largeur 120 cm\u00a0 1,6 kg\u00a0 \u00a0\u00a0<\/strong><\/p>\n<p><strong>B190 <\/strong><strong>\u00a0<\/strong><strong>largeur 190 cm\u00a0 2,2 kg\u00a0 \u00a0<\/strong><\/p>\n<p>&nbsp;<\/p>\n<p><strong>Caoutchoucs de rechange<\/strong><\/p>\n<p><strong>EAB60<\/strong><strong>\u00a0 \u00a0<\/strong><strong>largeur\u00a0 60 cm\u00a0 0,4 kg\u00a0\u00a0<\/strong><\/p>\n<p><strong>EAB80 <\/strong><strong>\u00a0\u00a0<\/strong><strong>largeur \u00a080 cm\u00a0 0,6 kg\u00a0\u00a0<\/strong><\/p>\n<p><strong>EAB100 <\/strong><strong>largeur 100 cm\u00a0 0,7 kg\u00a0\u00a0<\/strong><\/p>\n<p><strong>EAB120 <\/strong><strong>largeur 120 cm\u00a0 0,8 kg\u00a0\u00a0<\/strong><\/p>\n<p><strong>EAB190<\/strong> <strong>largeur 190 cm\u00a0 1,3 kg\u00a0\u00a0<\/strong><\/p>\n<p><strong>Fabrication Allemande<\/strong><\/p>\n<p><img loading=\"lazy\" decoding=\"async\" class=\"alignnone wp-image-2058\" src=\"http:\/\/laserins.fr\/wp-content\/uploads\/2018\/05\/ALUREXGIF.gif\" alt=\"\" width=\"270\" height=\"202\" \/><\/p>\n<h3>Document produit:<\/h3>\n<ul>\n<li><a href=\"http:\/\/laserins.fr\/wp-content\/uploads\/2018\/01\/Doc-OutilsEnrob\u00e9s-LASER-INS-2020.pdf\">Doc Outils a enrobe 2017<\/a><\/li>\n<li><a href=\"http:\/\/laserins.fr\/wp-content\/uploads\/2018\/01\/Doc-OUTILS-complete-2017.pdf\">Doc OUTILS complete 2017<\/a><\/li>\n<\/ul>\n","protected":false},"excerpt":{"rendered":"<p>R\u00e2teaux renforc\u00e9s Outils en aluminium pour les travaux routiers et nettoyage. Bande caoutchouc synth\u00e9tique, r\u00e9sistante aux bitumes, acides, huiles, graisse et eau chaude. 2 fonctions : r\u00e9partition cot\u00e9 \u00e9querre alu&hellip;<\/p>\n","protected":false},"featured_media":3055,"comment_status":"open","ping_status":"closed","template":"","meta":[],"product_cat":[88],"product_tag":[],"class_list":{"0":"post-3001","1":"product","2":"type-product","3":"status-publish","4":"has-post-thumbnail","6":"product_cat-outils","7":"","9":"first","10":"instock","11":"taxable","12":"shipping-taxable","13":"product-type-simple"},"yoast_head":"<!-- This site is optimized with the Yoast SEO plugin v24.7 - https:\/\/yoast.com\/wordpress\/plugins\/seo\/ -->\n<title>Raclettes caoutchouc s\u00e9rie B - LASER ELECTRONIQUE TP<\/title>\n<meta name=\"robots\" content=\"index, follow, max-snippet:-1, max-image-preview:large, max-video-preview:-1\" \/>\n<link rel=\"canonical\" href=\"https:\/\/laserelectronique.com\/?product=raclettes-caoutchouc-serie-b\" \/>\n<meta property=\"og:locale\" content=\"fr_FR\" \/>\n<meta property=\"og:type\" content=\"article\" \/>\n<meta property=\"og:title\" content=\"Raclettes caoutchouc s\u00e9rie B - LASER ELECTRONIQUE TP\" \/>\n<meta property=\"og:description\" content=\"R\u00e2teaux renforc\u00e9s Outils en aluminium pour les travaux routiers et nettoyage. Bande caoutchouc synth\u00e9tique, r\u00e9sistante aux bitumes, acides, huiles, graisse et eau chaude. 2 fonctions : r\u00e9partition cot\u00e9 \u00e9querre alu&hellip;\" \/>\n<meta property=\"og:url\" content=\"https:\/\/laserelectronique.com\/?product=raclettes-caoutchouc-serie-b\" \/>\n<meta property=\"og:site_name\" content=\"LASER ELECTRONIQUE TP\" \/>\n<meta property=\"article:modified_time\" content=\"2020-12-26T15:41:16+00:00\" \/>\n<meta property=\"og:image\" content=\"https:\/\/laserelectronique.com\/wp-content\/uploads\/2020\/12\/B60.png\" \/>\n\t<meta property=\"og:image:width\" content=\"260\" \/>\n\t<meta property=\"og:image:height\" content=\"260\" \/>\n\t<meta property=\"og:image:type\" content=\"image\/png\" \/>\n<meta name=\"twitter:card\" content=\"summary_large_image\" \/>\n<meta name=\"twitter:label1\" content=\"Dur\u00e9e de lecture estim\u00e9e\" \/>\n\t<meta name=\"twitter:data1\" content=\"1 minute\" \/>\n<script type=\"application\/ld+json\" class=\"yoast-schema-graph\">{\"@context\":\"https:\/\/schema.org\",\"@graph\":[{\"@type\":\"WebPage\",\"@id\":\"https:\/\/laserelectronique.com\/?product=raclettes-caoutchouc-serie-b\",\"url\":\"https:\/\/laserelectronique.com\/?product=raclettes-caoutchouc-serie-b\",\"name\":\"Raclettes caoutchouc s\u00e9rie B - LASER ELECTRONIQUE TP\",\"isPartOf\":{\"@id\":\"https:\/\/laserelectronique.com\/#website\"},\"primaryImageOfPage\":{\"@id\":\"https:\/\/laserelectronique.com\/?product=raclettes-caoutchouc-serie-b#primaryimage\"},\"image\":{\"@id\":\"https:\/\/laserelectronique.com\/?product=raclettes-caoutchouc-serie-b#primaryimage\"},\"thumbnailUrl\":\"https:\/\/laserelectronique.com\/wp-content\/uploads\/2020\/12\/B60.png\",\"datePublished\":\"2020-12-25T14:08:55+00:00\",\"dateModified\":\"2020-12-26T15:41:16+00:00\",\"breadcrumb\":{\"@id\":\"https:\/\/laserelectronique.com\/?product=raclettes-caoutchouc-serie-b#breadcrumb\"},\"inLanguage\":\"fr-FR\",\"potentialAction\":[{\"@type\":\"ReadAction\",\"target\":[\"https:\/\/laserelectronique.com\/?product=raclettes-caoutchouc-serie-b\"]}]},{\"@type\":\"ImageObject\",\"inLanguage\":\"fr-FR\",\"@id\":\"https:\/\/laserelectronique.com\/?product=raclettes-caoutchouc-serie-b#primaryimage\",\"url\":\"https:\/\/laserelectronique.com\/wp-content\/uploads\/2020\/12\/B60.png\",\"contentUrl\":\"https:\/\/laserelectronique.com\/wp-content\/uploads\/2020\/12\/B60.png\",\"width\":260,\"height\":260},{\"@type\":\"BreadcrumbList\",\"@id\":\"https:\/\/laserelectronique.com\/?product=raclettes-caoutchouc-serie-b#breadcrumb\",\"itemListElement\":[{\"@type\":\"ListItem\",\"position\":1,\"name\":\"Accueil\",\"item\":\"https:\/\/laserelectronique.com\/\"},{\"@type\":\"ListItem\",\"position\":2,\"name\":\"Boutique\",\"item\":\"https:\/\/laserelectronique.com\/?page_id=7\"},{\"@type\":\"ListItem\",\"position\":3,\"name\":\"Raclettes caoutchouc s\u00e9rie B\"}]},{\"@type\":\"WebSite\",\"@id\":\"https:\/\/laserelectronique.com\/#website\",\"url\":\"https:\/\/laserelectronique.com\/\",\"name\":\"LASER ELECTRONIQUE TP\",\"description\":\"VOTRE PARTENAIRE EN GUIDAGE D&#039;ENGINS, TOPOGRAPHIE ET SERVICES\",\"potentialAction\":[{\"@type\":\"SearchAction\",\"target\":{\"@type\":\"EntryPoint\",\"urlTemplate\":\"https:\/\/laserelectronique.com\/?s={search_term_string}\"},\"query-input\":{\"@type\":\"PropertyValueSpecification\",\"valueRequired\":true,\"valueName\":\"search_term_string\"}}],\"inLanguage\":\"fr-FR\"}]}<\/script>\n<!-- \/ Yoast SEO plugin. -->","yoast_head_json":{"title":"Raclettes caoutchouc s\u00e9rie B - LASER ELECTRONIQUE TP","robots":{"index":"index","follow":"follow","max-snippet":"max-snippet:-1","max-image-preview":"max-image-preview:large","max-video-preview":"max-video-preview:-1"},"canonical":"https:\/\/laserelectronique.com\/?product=raclettes-caoutchouc-serie-b","og_locale":"fr_FR","og_type":"article","og_title":"Raclettes caoutchouc s\u00e9rie B - LASER ELECTRONIQUE TP","og_description":"R\u00e2teaux renforc\u00e9s Outils en aluminium pour les travaux routiers et nettoyage. Bande caoutchouc synth\u00e9tique, r\u00e9sistante aux bitumes, acides, huiles, graisse et eau chaude. 2 fonctions : r\u00e9partition cot\u00e9 \u00e9querre alu&hellip;","og_url":"https:\/\/laserelectronique.com\/?product=raclettes-caoutchouc-serie-b","og_site_name":"LASER ELECTRONIQUE TP","article_modified_time":"2020-12-26T15:41:16+00:00","og_image":[{"width":260,"height":260,"url":"https:\/\/laserelectronique.com\/wp-content\/uploads\/2020\/12\/B60.png","type":"image\/png"}],"twitter_card":"summary_large_image","twitter_misc":{"Dur\u00e9e de lecture estim\u00e9e":"1 minute"},"schema":{"@context":"https:\/\/schema.org","@graph":[{"@type":"WebPage","@id":"https:\/\/laserelectronique.com\/?product=raclettes-caoutchouc-serie-b","url":"https:\/\/laserelectronique.com\/?product=raclettes-caoutchouc-serie-b","name":"Raclettes caoutchouc s\u00e9rie B - LASER ELECTRONIQUE TP","isPartOf":{"@id":"https:\/\/laserelectronique.com\/#website"},"primaryImageOfPage":{"@id":"https:\/\/laserelectronique.com\/?product=raclettes-caoutchouc-serie-b#primaryimage"},"image":{"@id":"https:\/\/laserelectronique.com\/?product=raclettes-caoutchouc-serie-b#primaryimage"},"thumbnailUrl":"https:\/\/laserelectronique.com\/wp-content\/uploads\/2020\/12\/B60.png","datePublished":"2020-12-25T14:08:55+00:00","dateModified":"2020-12-26T15:41:16+00:00","breadcrumb":{"@id":"https:\/\/laserelectronique.com\/?product=raclettes-caoutchouc-serie-b#breadcrumb"},"inLanguage":"fr-FR","potentialAction":[{"@type":"ReadAction","target":["https:\/\/laserelectronique.com\/?product=raclettes-caoutchouc-serie-b"]}]},{"@type":"ImageObject","inLanguage":"fr-FR","@id":"https:\/\/laserelectronique.com\/?product=raclettes-caoutchouc-serie-b#primaryimage","url":"https:\/\/laserelectronique.com\/wp-content\/uploads\/2020\/12\/B60.png","contentUrl":"https:\/\/laserelectronique.com\/wp-content\/uploads\/2020\/12\/B60.png","width":260,"height":260},{"@type":"BreadcrumbList","@id":"https:\/\/laserelectronique.com\/?product=raclettes-caoutchouc-serie-b#breadcrumb","itemListElement":[{"@type":"ListItem","position":1,"name":"Accueil","item":"https:\/\/laserelectronique.com\/"},{"@type":"ListItem","position":2,"name":"Boutique","item":"https:\/\/laserelectronique.com\/?page_id=7"},{"@type":"ListItem","position":3,"name":"Raclettes caoutchouc s\u00e9rie B"}]},{"@type":"WebSite","@id":"https:\/\/laserelectronique.com\/#website","url":"https:\/\/laserelectronique.com\/","name":"LASER ELECTRONIQUE TP","description":"VOTRE PARTENAIRE EN GUIDAGE D&#039;ENGINS, TOPOGRAPHIE ET SERVICES","potentialAction":[{"@type":"SearchAction","target":{"@type":"EntryPoint","urlTemplate":"https:\/\/laserelectronique.com\/?s={search_term_string}"},"query-input":{"@type":"PropertyValueSpecification","valueRequired":true,"valueName":"search_term_string"}}],"inLanguage":"fr-FR"}]}},"_links":{"self":[{"href":"https:\/\/laserelectronique.com\/index.php?rest_route=\/wp\/v2\/product\/3001","targetHints":{"allow":["GET"]}}],"collection":[{"href":"https:\/\/laserelectronique.com\/index.php?rest_route=\/wp\/v2\/product"}],"about":[{"href":"https:\/\/laserelectronique.com\/index.php?rest_route=\/wp\/v2\/types\/product"}],"replies":[{"embeddable":true,"href":"https:\/\/laserelectronique.com\/index.php?rest_route=%2Fwp%2Fv2%2Fcomments&post=3001"}],"wp:featuredmedia":[{"embeddable":true,"href":"https:\/\/laserelectronique.com\/index.php?rest_route=\/wp\/v2\/media\/3055"}],"wp:attachment":[{"href":"https:\/\/laserelectronique.com\/index.php?rest_route=%2Fwp%2Fv2%2Fmedia&parent=3001"}],"wp:term":[{"taxonomy":"product_cat","embeddable":true,"href":"https:\/\/laserelectronique.com\/index.php?rest_route=%2Fwp%2Fv2%2Fproduct_cat&post=3001"},{"taxonomy":"product_tag","embeddable":true,"href":"https:\/\/laserelectronique.com\/index.php?rest_route=%2Fwp%2Fv2%2Fproduct_tag&post=3001"}],"curies":[{"name":"wp","href":"https:\/\/api.w.org\/{rel}","templated":true}]}}