{"id":2991,"date":"2020-12-25T15:08:32","date_gmt":"2020-12-25T14:08:32","guid":{"rendered":"http:\/\/laserelectronique.com\/?product=import-placeholder-for-2973"},"modified":"2020-12-26T16:41:19","modified_gmt":"2020-12-26T15:41:19","slug":"racloirs-serie-l","status":"publish","type":"product","link":"https:\/\/laserelectronique.com\/?product=racloirs-serie-l","title":{"rendered":"Racloirs s\u00e9rie L"},"content":{"rendered":"<h3>POUSSOIR POUR TERRE ET NEIGE<\/h3>\n<p><strong>Outils en aluminium pour nettoyage des chauss\u00e9es avec racleur en acier trait\u00e9.<\/strong><\/p>\n<p><strong>Id\u00e9al pour racler la neige jusqu&rsquo;\u00e0 20 cm et la terre en sortie de chantier<\/strong><\/p>\n<p><strong>solide fixation du manche <\/strong><strong>3.4 x 150 cm en h\u00eatre<\/strong> <strong>r\u00e9f. <\/strong><strong>STL<\/strong><\/p>\n<p><strong>L50+<\/strong> <strong>avec manche 50 x 37 cm 2,1 kg\u00a0<\/strong><\/p>\n<p><strong>L50<\/strong><strong> \u00a0<\/strong><strong>sans manche 50 x 37 cm 1,3 kg\u00a0\u00a0<\/strong><\/p>\n<p><strong>\u00a0<\/strong><strong>L50BG+\u00a0 L50BG<\/strong><strong>\u00a0 <\/strong><strong>en jaune\u00a0 \u00a0<\/strong><\/p>\n<p><strong>L50BR+\u00a0 L50BR<\/strong><strong>\u00a0 <\/strong><strong>en rouge\u00a0<\/strong><\/p>\n<p><strong>\u00a0<\/strong><strong>ECL50<\/strong><strong> \u00a0\u00a0<\/strong><strong>50 x 3,5 cm 0,25 kg\u00a0 \u00a0lame\u00a0 acier de remplacement avec rivets<\/strong><\/p>\n<p><strong>FCL50 \u00a0\u00a0largeur 50 cm\u00a0 1,2kg\u00a0 cache synth\u00e9tique blanc pouvant \u00eatre fix\u00e9 sur lame<\/strong><\/p>\n<p>&nbsp;<\/p>\n<p>&nbsp;<\/p>\n<p><strong>Fabrication Allemande<\/strong><\/p>\n<p><img loading=\"lazy\" decoding=\"async\" class=\"alignnone wp-image-2058\" src=\"http:\/\/laserins.fr\/wp-content\/uploads\/2018\/05\/ALUREXGIF.gif\" alt=\"\" width=\"335\" height=\"251\" \/><\/p>\n<h3>Document produit:<\/h3>\n<ul>\n<li><a href=\"http:\/\/laserins.fr\/wp-content\/uploads\/2018\/01\/Doc-OutilsEnrob\u00e9s-LASER-INS-2020.pdf\">Doc Outils a enrobe 2017<\/a><\/li>\n<li><a href=\"http:\/\/laserins.fr\/wp-content\/uploads\/2018\/01\/Doc-OUTILS-complete-2017.pdf\">Doc OUTILS complete 2017<\/a><\/li>\n<\/ul>\n","protected":false},"excerpt":{"rendered":"<p>POUSSOIR POUR TERRE ET NEIGE Outils en aluminium pour nettoyage des chauss\u00e9es avec racleur en acier trait\u00e9. Id\u00e9al pour racler la neige jusqu&rsquo;\u00e0 20 cm et la terre en sortie&hellip;<\/p>\n","protected":false},"featured_media":3045,"comment_status":"open","ping_status":"closed","template":"","meta":[],"product_cat":[88],"product_tag":[],"class_list":{"0":"post-2991","1":"product","2":"type-product","3":"status-publish","4":"has-post-thumbnail","6":"product_cat-outils","7":"","9":"first","10":"instock","11":"taxable","12":"shipping-taxable","13":"product-type-simple"},"yoast_head":"<!-- This site is optimized with the Yoast SEO plugin v24.7 - https:\/\/yoast.com\/wordpress\/plugins\/seo\/ -->\n<title>Racloirs s\u00e9rie L - LASER ELECTRONIQUE TP<\/title>\n<meta name=\"robots\" content=\"index, follow, max-snippet:-1, max-image-preview:large, max-video-preview:-1\" \/>\n<link rel=\"canonical\" href=\"https:\/\/laserelectronique.com\/?product=racloirs-serie-l\" \/>\n<meta property=\"og:locale\" content=\"fr_FR\" \/>\n<meta property=\"og:type\" content=\"article\" \/>\n<meta property=\"og:title\" content=\"Racloirs s\u00e9rie L - LASER ELECTRONIQUE TP\" \/>\n<meta property=\"og:description\" content=\"POUSSOIR POUR TERRE ET NEIGE Outils en aluminium pour nettoyage des chauss\u00e9es avec racleur en acier trait\u00e9. Id\u00e9al pour racler la neige jusqu&rsquo;\u00e0 20 cm et la terre en sortie&hellip;\" \/>\n<meta property=\"og:url\" content=\"https:\/\/laserelectronique.com\/?product=racloirs-serie-l\" \/>\n<meta property=\"og:site_name\" content=\"LASER ELECTRONIQUE TP\" \/>\n<meta property=\"article:modified_time\" content=\"2020-12-26T15:41:19+00:00\" \/>\n<meta property=\"og:image\" content=\"https:\/\/laserelectronique.com\/wp-content\/uploads\/2020\/12\/L50B_rot_big.png\" \/>\n\t<meta property=\"og:image:width\" content=\"850\" \/>\n\t<meta property=\"og:image:height\" content=\"850\" \/>\n\t<meta property=\"og:image:type\" content=\"image\/png\" \/>\n<meta name=\"twitter:card\" content=\"summary_large_image\" \/>\n<meta name=\"twitter:label1\" content=\"Dur\u00e9e de lecture estim\u00e9e\" \/>\n\t<meta name=\"twitter:data1\" content=\"1 minute\" \/>\n<script type=\"application\/ld+json\" class=\"yoast-schema-graph\">{\"@context\":\"https:\/\/schema.org\",\"@graph\":[{\"@type\":\"WebPage\",\"@id\":\"https:\/\/laserelectronique.com\/?product=racloirs-serie-l\",\"url\":\"https:\/\/laserelectronique.com\/?product=racloirs-serie-l\",\"name\":\"Racloirs s\u00e9rie L - LASER ELECTRONIQUE TP\",\"isPartOf\":{\"@id\":\"https:\/\/laserelectronique.com\/#website\"},\"primaryImageOfPage\":{\"@id\":\"https:\/\/laserelectronique.com\/?product=racloirs-serie-l#primaryimage\"},\"image\":{\"@id\":\"https:\/\/laserelectronique.com\/?product=racloirs-serie-l#primaryimage\"},\"thumbnailUrl\":\"https:\/\/laserelectronique.com\/wp-content\/uploads\/2020\/12\/L50B_rot_big.png\",\"datePublished\":\"2020-12-25T14:08:32+00:00\",\"dateModified\":\"2020-12-26T15:41:19+00:00\",\"breadcrumb\":{\"@id\":\"https:\/\/laserelectronique.com\/?product=racloirs-serie-l#breadcrumb\"},\"inLanguage\":\"fr-FR\",\"potentialAction\":[{\"@type\":\"ReadAction\",\"target\":[\"https:\/\/laserelectronique.com\/?product=racloirs-serie-l\"]}]},{\"@type\":\"ImageObject\",\"inLanguage\":\"fr-FR\",\"@id\":\"https:\/\/laserelectronique.com\/?product=racloirs-serie-l#primaryimage\",\"url\":\"https:\/\/laserelectronique.com\/wp-content\/uploads\/2020\/12\/L50B_rot_big.png\",\"contentUrl\":\"https:\/\/laserelectronique.com\/wp-content\/uploads\/2020\/12\/L50B_rot_big.png\",\"width\":850,\"height\":850},{\"@type\":\"BreadcrumbList\",\"@id\":\"https:\/\/laserelectronique.com\/?product=racloirs-serie-l#breadcrumb\",\"itemListElement\":[{\"@type\":\"ListItem\",\"position\":1,\"name\":\"Accueil\",\"item\":\"https:\/\/laserelectronique.com\/\"},{\"@type\":\"ListItem\",\"position\":2,\"name\":\"Boutique\",\"item\":\"https:\/\/laserelectronique.com\/?page_id=7\"},{\"@type\":\"ListItem\",\"position\":3,\"name\":\"Racloirs s\u00e9rie L\"}]},{\"@type\":\"WebSite\",\"@id\":\"https:\/\/laserelectronique.com\/#website\",\"url\":\"https:\/\/laserelectronique.com\/\",\"name\":\"LASER ELECTRONIQUE TP\",\"description\":\"VOTRE PARTENAIRE EN GUIDAGE D&#039;ENGINS, TOPOGRAPHIE ET SERVICES\",\"potentialAction\":[{\"@type\":\"SearchAction\",\"target\":{\"@type\":\"EntryPoint\",\"urlTemplate\":\"https:\/\/laserelectronique.com\/?s={search_term_string}\"},\"query-input\":{\"@type\":\"PropertyValueSpecification\",\"valueRequired\":true,\"valueName\":\"search_term_string\"}}],\"inLanguage\":\"fr-FR\"}]}<\/script>\n<!-- \/ Yoast SEO plugin. -->","yoast_head_json":{"title":"Racloirs s\u00e9rie L - LASER ELECTRONIQUE TP","robots":{"index":"index","follow":"follow","max-snippet":"max-snippet:-1","max-image-preview":"max-image-preview:large","max-video-preview":"max-video-preview:-1"},"canonical":"https:\/\/laserelectronique.com\/?product=racloirs-serie-l","og_locale":"fr_FR","og_type":"article","og_title":"Racloirs s\u00e9rie L - LASER ELECTRONIQUE TP","og_description":"POUSSOIR POUR TERRE ET NEIGE Outils en aluminium pour nettoyage des chauss\u00e9es avec racleur en acier trait\u00e9. Id\u00e9al pour racler la neige jusqu&rsquo;\u00e0 20 cm et la terre en sortie&hellip;","og_url":"https:\/\/laserelectronique.com\/?product=racloirs-serie-l","og_site_name":"LASER ELECTRONIQUE TP","article_modified_time":"2020-12-26T15:41:19+00:00","og_image":[{"width":850,"height":850,"url":"https:\/\/laserelectronique.com\/wp-content\/uploads\/2020\/12\/L50B_rot_big.png","type":"image\/png"}],"twitter_card":"summary_large_image","twitter_misc":{"Dur\u00e9e de lecture estim\u00e9e":"1 minute"},"schema":{"@context":"https:\/\/schema.org","@graph":[{"@type":"WebPage","@id":"https:\/\/laserelectronique.com\/?product=racloirs-serie-l","url":"https:\/\/laserelectronique.com\/?product=racloirs-serie-l","name":"Racloirs s\u00e9rie L - LASER ELECTRONIQUE TP","isPartOf":{"@id":"https:\/\/laserelectronique.com\/#website"},"primaryImageOfPage":{"@id":"https:\/\/laserelectronique.com\/?product=racloirs-serie-l#primaryimage"},"image":{"@id":"https:\/\/laserelectronique.com\/?product=racloirs-serie-l#primaryimage"},"thumbnailUrl":"https:\/\/laserelectronique.com\/wp-content\/uploads\/2020\/12\/L50B_rot_big.png","datePublished":"2020-12-25T14:08:32+00:00","dateModified":"2020-12-26T15:41:19+00:00","breadcrumb":{"@id":"https:\/\/laserelectronique.com\/?product=racloirs-serie-l#breadcrumb"},"inLanguage":"fr-FR","potentialAction":[{"@type":"ReadAction","target":["https:\/\/laserelectronique.com\/?product=racloirs-serie-l"]}]},{"@type":"ImageObject","inLanguage":"fr-FR","@id":"https:\/\/laserelectronique.com\/?product=racloirs-serie-l#primaryimage","url":"https:\/\/laserelectronique.com\/wp-content\/uploads\/2020\/12\/L50B_rot_big.png","contentUrl":"https:\/\/laserelectronique.com\/wp-content\/uploads\/2020\/12\/L50B_rot_big.png","width":850,"height":850},{"@type":"BreadcrumbList","@id":"https:\/\/laserelectronique.com\/?product=racloirs-serie-l#breadcrumb","itemListElement":[{"@type":"ListItem","position":1,"name":"Accueil","item":"https:\/\/laserelectronique.com\/"},{"@type":"ListItem","position":2,"name":"Boutique","item":"https:\/\/laserelectronique.com\/?page_id=7"},{"@type":"ListItem","position":3,"name":"Racloirs s\u00e9rie L"}]},{"@type":"WebSite","@id":"https:\/\/laserelectronique.com\/#website","url":"https:\/\/laserelectronique.com\/","name":"LASER ELECTRONIQUE TP","description":"VOTRE PARTENAIRE EN GUIDAGE D&#039;ENGINS, TOPOGRAPHIE ET SERVICES","potentialAction":[{"@type":"SearchAction","target":{"@type":"EntryPoint","urlTemplate":"https:\/\/laserelectronique.com\/?s={search_term_string}"},"query-input":{"@type":"PropertyValueSpecification","valueRequired":true,"valueName":"search_term_string"}}],"inLanguage":"fr-FR"}]}},"_links":{"self":[{"href":"https:\/\/laserelectronique.com\/index.php?rest_route=\/wp\/v2\/product\/2991","targetHints":{"allow":["GET"]}}],"collection":[{"href":"https:\/\/laserelectronique.com\/index.php?rest_route=\/wp\/v2\/product"}],"about":[{"href":"https:\/\/laserelectronique.com\/index.php?rest_route=\/wp\/v2\/types\/product"}],"replies":[{"embeddable":true,"href":"https:\/\/laserelectronique.com\/index.php?rest_route=%2Fwp%2Fv2%2Fcomments&post=2991"}],"wp:featuredmedia":[{"embeddable":true,"href":"https:\/\/laserelectronique.com\/index.php?rest_route=\/wp\/v2\/media\/3045"}],"wp:attachment":[{"href":"https:\/\/laserelectronique.com\/index.php?rest_route=%2Fwp%2Fv2%2Fmedia&parent=2991"}],"wp:term":[{"taxonomy":"product_cat","embeddable":true,"href":"https:\/\/laserelectronique.com\/index.php?rest_route=%2Fwp%2Fv2%2Fproduct_cat&post=2991"},{"taxonomy":"product_tag","embeddable":true,"href":"https:\/\/laserelectronique.com\/index.php?rest_route=%2Fwp%2Fv2%2Fproduct_tag&post=2991"}],"curies":[{"name":"wp","href":"https:\/\/api.w.org\/{rel}","templated":true}]}}