{"id":2990,"date":"2020-12-25T15:08:32","date_gmt":"2020-12-25T14:08:32","guid":{"rendered":"http:\/\/laserelectronique.com\/?product=import-placeholder-for-2968"},"modified":"2020-12-26T16:41:18","modified_gmt":"2020-12-26T15:41:18","slug":"pelles-a-neige-serie-fg","status":"publish","type":"product","link":"https:\/\/laserelectronique.com\/?product=pelles-a-neige-serie-fg","title":{"rendered":"Pelles \u00e0 neige s\u00e9rie FG"},"content":{"rendered":"<h3><strong>Pelles aluminium l\u00e9g\u00e8res et solides 27 \u00e0 44cm\u00a0 a partir de 0.8kg<\/strong><\/h3>\n<p><strong>Lame rempla\u00e7able en acier trait\u00e9 galvanis\u00e9.<\/strong><\/p>\n<p><strong>s\u2019utilisent avec manches STS<\/strong><\/p>\n<p><strong>Pelles pour neige fondue, sable, sel,<\/strong><\/p>\n<p>&nbsp;<\/p>\n<p><strong>FG \u00a0\u00a0\u00a029 x 34 cm 0,8 kg avec nervure et lame rempla\u00e7able<\/strong><\/p>\n<p><strong>FGO \u00a029 x 31 cm 0,6 kg\u00a0 sans nervure avec lame acier<\/strong><\/p>\n<p><strong>FGOF 29 x 31 cm 0,6 kg \u00a0\u00a042.00 sans nervure sans lame tout alu \u00a0<\/strong><\/p>\n<p><strong>EFG \u00a029 x 3,5 cm 0,2 kg\u00a0 \u00a0<\/strong><strong>lame acier<\/strong><\/p>\n<p><strong><img loading=\"lazy\" decoding=\"async\" class=\"wp-image-2969 alignleft\" src=\"http:\/\/laserins.fr\/wp-content\/uploads\/2019\/07\/FG_sk_big.png\" alt=\"\" width=\"235\" height=\"176\" \/><img loading=\"lazy\" decoding=\"async\" class=\"wp-image-2972 aligncenter\" src=\"http:\/\/laserins.fr\/wp-content\/uploads\/2019\/07\/FGOAF_big.png\" alt=\"\" width=\"274\" height=\"274\" \/><\/strong><\/p>\n<p><strong>FGOAF<\/strong> <strong>\u00a029 x 31 cm 1.5 kg\u00a0 <\/strong><strong>tout aluminium avec manche 1 m et poign\u00e9e plastique<\/strong><\/p>\n<p>&nbsp;<\/p>\n<p>&nbsp;<\/p>\n<p><strong>Fabrication Allemande<\/strong><\/p>\n<p><img loading=\"lazy\" decoding=\"async\" class=\"alignnone wp-image-2058\" src=\"http:\/\/laserins.fr\/wp-content\/uploads\/2018\/05\/ALUREXGIF.gif\" alt=\"\" width=\"335\" height=\"251\" \/><\/p>\n<h3>Document produit:<\/h3>\n<ul>\n<li><a href=\"http:\/\/laserins.fr\/wp-content\/uploads\/2018\/01\/Doc-OutilsEnrob\u00e9s-LASER-INS-2020.pdf\">Doc Outils a enrobe 2017<\/a><\/li>\n<li><a href=\"http:\/\/laserins.fr\/wp-content\/uploads\/2018\/01\/Doc-OUTILS-complete-2017.pdf\">Doc OUTILS complete 2017<\/a><\/li>\n<\/ul>\n","protected":false},"excerpt":{"rendered":"<p>Pelles aluminium l\u00e9g\u00e8res et solides 27 \u00e0 44cm\u00a0 a partir de 0.8kg Lame rempla\u00e7able en acier trait\u00e9 galvanis\u00e9. s\u2019utilisent avec manches STS Pelles pour neige fondue, sable, sel, &nbsp; FG&hellip;<\/p>\n","protected":false},"featured_media":3040,"comment_status":"open","ping_status":"closed","template":"","meta":[],"product_cat":[88],"product_tag":[],"class_list":{"0":"post-2990","1":"product","2":"type-product","3":"status-publish","4":"has-post-thumbnail","6":"product_cat-outils","7":"","9":"first","10":"instock","11":"taxable","12":"shipping-taxable","13":"product-type-simple"},"yoast_head":"<!-- This site is optimized with the Yoast SEO plugin v24.7 - https:\/\/yoast.com\/wordpress\/plugins\/seo\/ -->\n<title>Pelles \u00e0 neige s\u00e9rie FG - LASER ELECTRONIQUE TP<\/title>\n<meta name=\"robots\" content=\"index, follow, max-snippet:-1, max-image-preview:large, max-video-preview:-1\" \/>\n<link rel=\"canonical\" href=\"https:\/\/laserelectronique.com\/?product=pelles-a-neige-serie-fg\" \/>\n<meta property=\"og:locale\" content=\"fr_FR\" \/>\n<meta property=\"og:type\" content=\"article\" \/>\n<meta property=\"og:title\" content=\"Pelles \u00e0 neige s\u00e9rie FG - LASER ELECTRONIQUE TP\" \/>\n<meta property=\"og:description\" content=\"Pelles aluminium l\u00e9g\u00e8res et solides 27 \u00e0 44cm\u00a0 a partir de 0.8kg Lame rempla\u00e7able en acier trait\u00e9 galvanis\u00e9. s\u2019utilisent avec manches STS Pelles pour neige fondue, sable, sel, &nbsp; FG&hellip;\" \/>\n<meta property=\"og:url\" content=\"https:\/\/laserelectronique.com\/?product=pelles-a-neige-serie-fg\" \/>\n<meta property=\"og:site_name\" content=\"LASER ELECTRONIQUE TP\" \/>\n<meta property=\"article:modified_time\" content=\"2020-12-26T15:41:18+00:00\" \/>\n<meta property=\"og:image\" content=\"https:\/\/laserelectronique.com\/wp-content\/uploads\/2020\/12\/FG_big.png\" \/>\n\t<meta property=\"og:image:width\" content=\"900\" \/>\n\t<meta property=\"og:image:height\" content=\"900\" \/>\n\t<meta property=\"og:image:type\" content=\"image\/png\" \/>\n<meta name=\"twitter:card\" content=\"summary_large_image\" \/>\n<script type=\"application\/ld+json\" class=\"yoast-schema-graph\">{\"@context\":\"https:\/\/schema.org\",\"@graph\":[{\"@type\":\"WebPage\",\"@id\":\"https:\/\/laserelectronique.com\/?product=pelles-a-neige-serie-fg\",\"url\":\"https:\/\/laserelectronique.com\/?product=pelles-a-neige-serie-fg\",\"name\":\"Pelles \u00e0 neige s\u00e9rie FG - LASER ELECTRONIQUE TP\",\"isPartOf\":{\"@id\":\"https:\/\/laserelectronique.com\/#website\"},\"primaryImageOfPage\":{\"@id\":\"https:\/\/laserelectronique.com\/?product=pelles-a-neige-serie-fg#primaryimage\"},\"image\":{\"@id\":\"https:\/\/laserelectronique.com\/?product=pelles-a-neige-serie-fg#primaryimage\"},\"thumbnailUrl\":\"https:\/\/laserelectronique.com\/wp-content\/uploads\/2020\/12\/FG_big.png\",\"datePublished\":\"2020-12-25T14:08:32+00:00\",\"dateModified\":\"2020-12-26T15:41:18+00:00\",\"breadcrumb\":{\"@id\":\"https:\/\/laserelectronique.com\/?product=pelles-a-neige-serie-fg#breadcrumb\"},\"inLanguage\":\"fr-FR\",\"potentialAction\":[{\"@type\":\"ReadAction\",\"target\":[\"https:\/\/laserelectronique.com\/?product=pelles-a-neige-serie-fg\"]}]},{\"@type\":\"ImageObject\",\"inLanguage\":\"fr-FR\",\"@id\":\"https:\/\/laserelectronique.com\/?product=pelles-a-neige-serie-fg#primaryimage\",\"url\":\"https:\/\/laserelectronique.com\/wp-content\/uploads\/2020\/12\/FG_big.png\",\"contentUrl\":\"https:\/\/laserelectronique.com\/wp-content\/uploads\/2020\/12\/FG_big.png\",\"width\":900,\"height\":900},{\"@type\":\"BreadcrumbList\",\"@id\":\"https:\/\/laserelectronique.com\/?product=pelles-a-neige-serie-fg#breadcrumb\",\"itemListElement\":[{\"@type\":\"ListItem\",\"position\":1,\"name\":\"Accueil\",\"item\":\"https:\/\/laserelectronique.com\/\"},{\"@type\":\"ListItem\",\"position\":2,\"name\":\"Boutique\",\"item\":\"https:\/\/laserelectronique.com\/?page_id=7\"},{\"@type\":\"ListItem\",\"position\":3,\"name\":\"Pelles \u00e0 neige s\u00e9rie FG\"}]},{\"@type\":\"WebSite\",\"@id\":\"https:\/\/laserelectronique.com\/#website\",\"url\":\"https:\/\/laserelectronique.com\/\",\"name\":\"LASER ELECTRONIQUE TP\",\"description\":\"VOTRE PARTENAIRE EN GUIDAGE D&#039;ENGINS, TOPOGRAPHIE ET SERVICES\",\"potentialAction\":[{\"@type\":\"SearchAction\",\"target\":{\"@type\":\"EntryPoint\",\"urlTemplate\":\"https:\/\/laserelectronique.com\/?s={search_term_string}\"},\"query-input\":{\"@type\":\"PropertyValueSpecification\",\"valueRequired\":true,\"valueName\":\"search_term_string\"}}],\"inLanguage\":\"fr-FR\"}]}<\/script>\n<!-- \/ Yoast SEO plugin. -->","yoast_head_json":{"title":"Pelles \u00e0 neige s\u00e9rie FG - LASER ELECTRONIQUE TP","robots":{"index":"index","follow":"follow","max-snippet":"max-snippet:-1","max-image-preview":"max-image-preview:large","max-video-preview":"max-video-preview:-1"},"canonical":"https:\/\/laserelectronique.com\/?product=pelles-a-neige-serie-fg","og_locale":"fr_FR","og_type":"article","og_title":"Pelles \u00e0 neige s\u00e9rie FG - LASER ELECTRONIQUE TP","og_description":"Pelles aluminium l\u00e9g\u00e8res et solides 27 \u00e0 44cm\u00a0 a partir de 0.8kg Lame rempla\u00e7able en acier trait\u00e9 galvanis\u00e9. s\u2019utilisent avec manches STS Pelles pour neige fondue, sable, sel, &nbsp; FG&hellip;","og_url":"https:\/\/laserelectronique.com\/?product=pelles-a-neige-serie-fg","og_site_name":"LASER ELECTRONIQUE TP","article_modified_time":"2020-12-26T15:41:18+00:00","og_image":[{"width":900,"height":900,"url":"https:\/\/laserelectronique.com\/wp-content\/uploads\/2020\/12\/FG_big.png","type":"image\/png"}],"twitter_card":"summary_large_image","schema":{"@context":"https:\/\/schema.org","@graph":[{"@type":"WebPage","@id":"https:\/\/laserelectronique.com\/?product=pelles-a-neige-serie-fg","url":"https:\/\/laserelectronique.com\/?product=pelles-a-neige-serie-fg","name":"Pelles \u00e0 neige s\u00e9rie FG - LASER ELECTRONIQUE TP","isPartOf":{"@id":"https:\/\/laserelectronique.com\/#website"},"primaryImageOfPage":{"@id":"https:\/\/laserelectronique.com\/?product=pelles-a-neige-serie-fg#primaryimage"},"image":{"@id":"https:\/\/laserelectronique.com\/?product=pelles-a-neige-serie-fg#primaryimage"},"thumbnailUrl":"https:\/\/laserelectronique.com\/wp-content\/uploads\/2020\/12\/FG_big.png","datePublished":"2020-12-25T14:08:32+00:00","dateModified":"2020-12-26T15:41:18+00:00","breadcrumb":{"@id":"https:\/\/laserelectronique.com\/?product=pelles-a-neige-serie-fg#breadcrumb"},"inLanguage":"fr-FR","potentialAction":[{"@type":"ReadAction","target":["https:\/\/laserelectronique.com\/?product=pelles-a-neige-serie-fg"]}]},{"@type":"ImageObject","inLanguage":"fr-FR","@id":"https:\/\/laserelectronique.com\/?product=pelles-a-neige-serie-fg#primaryimage","url":"https:\/\/laserelectronique.com\/wp-content\/uploads\/2020\/12\/FG_big.png","contentUrl":"https:\/\/laserelectronique.com\/wp-content\/uploads\/2020\/12\/FG_big.png","width":900,"height":900},{"@type":"BreadcrumbList","@id":"https:\/\/laserelectronique.com\/?product=pelles-a-neige-serie-fg#breadcrumb","itemListElement":[{"@type":"ListItem","position":1,"name":"Accueil","item":"https:\/\/laserelectronique.com\/"},{"@type":"ListItem","position":2,"name":"Boutique","item":"https:\/\/laserelectronique.com\/?page_id=7"},{"@type":"ListItem","position":3,"name":"Pelles \u00e0 neige s\u00e9rie FG"}]},{"@type":"WebSite","@id":"https:\/\/laserelectronique.com\/#website","url":"https:\/\/laserelectronique.com\/","name":"LASER ELECTRONIQUE TP","description":"VOTRE PARTENAIRE EN GUIDAGE D&#039;ENGINS, TOPOGRAPHIE ET SERVICES","potentialAction":[{"@type":"SearchAction","target":{"@type":"EntryPoint","urlTemplate":"https:\/\/laserelectronique.com\/?s={search_term_string}"},"query-input":{"@type":"PropertyValueSpecification","valueRequired":true,"valueName":"search_term_string"}}],"inLanguage":"fr-FR"}]}},"_links":{"self":[{"href":"https:\/\/laserelectronique.com\/index.php?rest_route=\/wp\/v2\/product\/2990","targetHints":{"allow":["GET"]}}],"collection":[{"href":"https:\/\/laserelectronique.com\/index.php?rest_route=\/wp\/v2\/product"}],"about":[{"href":"https:\/\/laserelectronique.com\/index.php?rest_route=\/wp\/v2\/types\/product"}],"replies":[{"embeddable":true,"href":"https:\/\/laserelectronique.com\/index.php?rest_route=%2Fwp%2Fv2%2Fcomments&post=2990"}],"wp:featuredmedia":[{"embeddable":true,"href":"https:\/\/laserelectronique.com\/index.php?rest_route=\/wp\/v2\/media\/3040"}],"wp:attachment":[{"href":"https:\/\/laserelectronique.com\/index.php?rest_route=%2Fwp%2Fv2%2Fmedia&parent=2990"}],"wp:term":[{"taxonomy":"product_cat","embeddable":true,"href":"https:\/\/laserelectronique.com\/index.php?rest_route=%2Fwp%2Fv2%2Fproduct_cat&post=2990"},{"taxonomy":"product_tag","embeddable":true,"href":"https:\/\/laserelectronique.com\/index.php?rest_route=%2Fwp%2Fv2%2Fproduct_tag&post=2990"}],"curies":[{"name":"wp","href":"https:\/\/api.w.org\/{rel}","templated":true}]}}